{"id":60783,"date":"2017-12-20T14:18:40","date_gmt":"2023-06-06T08:07:25","guid":{"rendered":"https:\/\/cardinal.pixel-tal.de\/klebebaender\/sin%20categor\u00eda\/3m-cinta-de-doble-cara-9088-200\/"},"modified":"2025-07-03T16:16:46","modified_gmt":"2025-07-03T14:16:46","slug":"3m-9088-200-doppelseitiges-klebeband","status":"publish","type":"product","link":"https:\/\/cardinal-tapes.com\/es\/cintas-adhesivas\/cintas-adhesivas-de-doble-cara\/3m-9088-200-doppelseitiges-klebeband\/","title":{"rendered":"3M\u2122 Cinta de doble cara 9088-200"},"content":{"rendered":"<p>La cinta 3M\u2122 Double Sided Heavy Duty Tape 9088-200 es una cinta de uso general para una gran variedad de aplicaciones. Desde la se\u00f1alizaci\u00f3n hasta la automoci\u00f3n, pasando por la electr\u00f3nica y la fabricaci\u00f3n de electrodom\u00e9sticos, puede confiar en 3M para reforzar y proteger su marca.<\/p>\n<p><strong>Propiedades<\/strong><br \/>\nLas ventajas particulares de la cinta adhesiva 9088-200 son su alta resistencia a los rayos UV y a la temperatura y su gran transparencia. Adem\u00e1s, el procesamiento de la 3M 9088-200 es muy sencillo y sin complicaciones. Gracias a su gran fuerza adhesiva a largo plazo, es una opci\u00f3n excelente para expositores POP\/POS, cajas de luz, se\u00f1alizaci\u00f3n, aplicaciones metal\u00fargicas, decoraci\u00f3n de espacios, as\u00ed como para pegar papel, envases y mucho m\u00e1s.<\/p>\n<p><strong>Aplicaciones<\/strong><br \/>\n&#8211; Fijaci\u00f3n y fijaci\u00f3n de expositores de venta y paneles publicitarios<br \/>\n&#8211; Fijaci\u00f3n y fijaci\u00f3n de bandas decorativas y emblemas<br \/>\n&#8211; Sellado de perfiles y conductos de cables<br \/>\n&#8211; Para empalmes<\/p>\n","protected":false},"excerpt":{"rendered":"<p>La cinta 3M\u2122 Double Sided Heavy Duty Tape 9088-200 es una cinta de uso general para una gran variedad de aplicaciones. Desde la se\u00f1alizaci\u00f3n hasta la automoci\u00f3n, pasando por la electr\u00f3nica y la fabricaci\u00f3n de electrodom\u00e9sticos, puede confiar en 3M para reforzar y proteger su marca. Propiedades Las ventajas particulares de la cinta adhesiva 9088-200 [&hellip;]<\/p>\n","protected":false},"featured_media":26767,"template":"","meta":{"_acf_changed":false},"pwb-brand":[2169],"product_brand":[],"product_cat":[1804],"product_tag":[],"class_list":{"0":"post-60783","1":"product","2":"type-product","3":"status-publish","4":"has-post-thumbnail","6":"pwb-brand-3m-es","7":"product_cat-cintas-adhesivas-de-doble-cara","9":"first","10":"outofstock","11":"taxable","12":"shipping-taxable","13":"purchasable","14":"product-type-variable"},"acf":[],"yoast_head":"<!-- This site is optimized with the Yoast SEO plugin v27.4 - https:\/\/yoast.com\/product\/yoast-seo-wordpress\/ -->\n<title>3M 9088-200 Cinta adhesiva doble cara | Cardinal TAPES<\/title>\n<meta name=\"description\" content=\"La cinta de doble cara 3M 9088-200 se utiliza para fijar embellecedores, carteles publicitarios y elementos decorativos. M\u00e1s informaci\u00f3n sobre 3M 9088-200.\" \/>\n<meta name=\"robots\" content=\"index, follow, max-snippet:-1, max-image-preview:large, max-video-preview:-1\" \/>\n<link rel=\"canonical\" href=\"https:\/\/cardinal-tapes.com\/es\/cintas-adhesivas\/cintas-adhesivas-de-doble-cara\/3m-9088-200-doppelseitiges-klebeband\/\" \/>\n<meta property=\"og:locale\" content=\"es_ES\" \/>\n<meta property=\"og:type\" content=\"article\" \/>\n<meta property=\"og:title\" content=\"3M 9088-200 Cinta adhesiva doble cara | Cardinal TAPES\" \/>\n<meta property=\"og:description\" content=\"La cinta de doble cara 3M 9088-200 se utiliza para fijar embellecedores, carteles publicitarios y elementos decorativos. M\u00e1s informaci\u00f3n sobre 3M 9088-200.\" \/>\n<meta property=\"og:url\" content=\"https:\/\/cardinal-tapes.com\/es\/cintas-adhesivas\/cintas-adhesivas-de-doble-cara\/3m-9088-200-doppelseitiges-klebeband\/\" \/>\n<meta property=\"og:site_name\" content=\"cardinal TAPES\" \/>\n<meta property=\"article:modified_time\" content=\"2025-07-03T14:16:46+00:00\" \/>\n<meta property=\"og:image\" content=\"https:\/\/cardinal-tapes.com\/wp-content\/uploads\/3mtm-double-coated-tapes-9088fl.jpg\" \/>\n\t<meta property=\"og:image:width\" content=\"374\" \/>\n\t<meta property=\"og:image:height\" content=\"400\" \/>\n\t<meta property=\"og:image:type\" content=\"image\/jpeg\" \/>\n<meta name=\"twitter:card\" content=\"summary_large_image\" \/>\n<meta name=\"twitter:label1\" content=\"Tiempo de lectura\" \/>\n\t<meta name=\"twitter:data1\" content=\"1 minuto\" \/>\n<script type=\"application\/ld+json\" class=\"yoast-schema-graph\">{\"@context\":\"https:\\\/\\\/schema.org\",\"@graph\":[{\"@type\":\"WebPage\",\"@id\":\"https:\\\/\\\/cardinal-tapes.com\\\/es\\\/cintas-adhesivas\\\/cintas-adhesivas-de-doble-cara\\\/3m-9088-200-doppelseitiges-klebeband\\\/\",\"url\":\"https:\\\/\\\/cardinal-tapes.com\\\/es\\\/cintas-adhesivas\\\/cintas-adhesivas-de-doble-cara\\\/3m-9088-200-doppelseitiges-klebeband\\\/\",\"name\":\"3M 9088-200 Cinta adhesiva doble cara | Cardinal TAPES\",\"isPartOf\":{\"@id\":\"https:\\\/\\\/cardinal-tapes.com\\\/#website\"},\"primaryImageOfPage\":{\"@id\":\"https:\\\/\\\/cardinal-tapes.com\\\/es\\\/cintas-adhesivas\\\/cintas-adhesivas-de-doble-cara\\\/3m-9088-200-doppelseitiges-klebeband\\\/#primaryimage\"},\"image\":{\"@id\":\"https:\\\/\\\/cardinal-tapes.com\\\/es\\\/cintas-adhesivas\\\/cintas-adhesivas-de-doble-cara\\\/3m-9088-200-doppelseitiges-klebeband\\\/#primaryimage\"},\"thumbnailUrl\":\"https:\\\/\\\/cardinal-tapes.com\\\/wp-content\\\/uploads\\\/3mtm-double-coated-tapes-9088fl.jpg\",\"datePublished\":\"2023-06-06T08:07:25+00:00\",\"dateModified\":\"2025-07-03T14:16:46+00:00\",\"description\":\"La cinta de doble cara 3M 9088-200 se utiliza para fijar embellecedores, carteles publicitarios y elementos decorativos. M\u00e1s informaci\u00f3n sobre 3M 9088-200.\",\"breadcrumb\":{\"@id\":\"https:\\\/\\\/cardinal-tapes.com\\\/es\\\/cintas-adhesivas\\\/cintas-adhesivas-de-doble-cara\\\/3m-9088-200-doppelseitiges-klebeband\\\/#breadcrumb\"},\"inLanguage\":\"es\",\"potentialAction\":[{\"@type\":\"ReadAction\",\"target\":[\"https:\\\/\\\/cardinal-tapes.com\\\/es\\\/cintas-adhesivas\\\/cintas-adhesivas-de-doble-cara\\\/3m-9088-200-doppelseitiges-klebeband\\\/\"]}]},{\"@type\":\"ImageObject\",\"inLanguage\":\"es\",\"@id\":\"https:\\\/\\\/cardinal-tapes.com\\\/es\\\/cintas-adhesivas\\\/cintas-adhesivas-de-doble-cara\\\/3m-9088-200-doppelseitiges-klebeband\\\/#primaryimage\",\"url\":\"https:\\\/\\\/cardinal-tapes.com\\\/wp-content\\\/uploads\\\/3mtm-double-coated-tapes-9088fl.jpg\",\"contentUrl\":\"https:\\\/\\\/cardinal-tapes.com\\\/wp-content\\\/uploads\\\/3mtm-double-coated-tapes-9088fl.jpg\",\"width\":374,\"height\":400,\"caption\":\"3mtmn cintas de doble revestimiento 9088fl\"},{\"@type\":\"BreadcrumbList\",\"@id\":\"https:\\\/\\\/cardinal-tapes.com\\\/es\\\/cintas-adhesivas\\\/cintas-adhesivas-de-doble-cara\\\/3m-9088-200-doppelseitiges-klebeband\\\/#breadcrumb\",\"itemListElement\":[{\"@type\":\"ListItem\",\"position\":1,\"name\":\"Startseite\",\"item\":\"https:\\\/\\\/cardinal-tapes.com\\\/es\\\/\"},{\"@type\":\"ListItem\",\"position\":2,\"name\":\"Cintas adhesivas\",\"item\":\"https:\\\/\\\/cardinal-tapes.com\\\/es\\\/cintas-adhesivas-es\\\/\"},{\"@type\":\"ListItem\",\"position\":3,\"name\":\"Cintas adhesivas de doble cara\",\"item\":\"https:\\\/\\\/cardinal-tapes.com\\\/es\\\/categora\\\/cintas-adhesivas-de-doble-cara\\\/\"},{\"@type\":\"ListItem\",\"position\":4,\"name\":\"3M\u2122 Cinta de doble cara 9088-200\"}]},{\"@type\":\"WebSite\",\"@id\":\"https:\\\/\\\/cardinal-tapes.com\\\/#website\",\"url\":\"https:\\\/\\\/cardinal-tapes.com\\\/\",\"name\":\"cardinal TAPES\",\"description\":\"Klebetechnik aus Wuppertal\",\"potentialAction\":[{\"@type\":\"SearchAction\",\"target\":{\"@type\":\"EntryPoint\",\"urlTemplate\":\"https:\\\/\\\/cardinal-tapes.com\\\/?s={search_term_string}\"},\"query-input\":{\"@type\":\"PropertyValueSpecification\",\"valueRequired\":true,\"valueName\":\"search_term_string\"}}],\"inLanguage\":\"es\"}]}<\/script>\n<!-- \/ Yoast SEO plugin. -->","yoast_head_json":{"title":"3M 9088-200 Cinta adhesiva doble cara | Cardinal TAPES","description":"La cinta de doble cara 3M 9088-200 se utiliza para fijar embellecedores, carteles publicitarios y elementos decorativos. M\u00e1s informaci\u00f3n sobre 3M 9088-200.","robots":{"index":"index","follow":"follow","max-snippet":"max-snippet:-1","max-image-preview":"max-image-preview:large","max-video-preview":"max-video-preview:-1"},"canonical":"https:\/\/cardinal-tapes.com\/es\/cintas-adhesivas\/cintas-adhesivas-de-doble-cara\/3m-9088-200-doppelseitiges-klebeband\/","og_locale":"es_ES","og_type":"article","og_title":"3M 9088-200 Cinta adhesiva doble cara | Cardinal TAPES","og_description":"La cinta de doble cara 3M 9088-200 se utiliza para fijar embellecedores, carteles publicitarios y elementos decorativos. M\u00e1s informaci\u00f3n sobre 3M 9088-200.","og_url":"https:\/\/cardinal-tapes.com\/es\/cintas-adhesivas\/cintas-adhesivas-de-doble-cara\/3m-9088-200-doppelseitiges-klebeband\/","og_site_name":"cardinal TAPES","article_modified_time":"2025-07-03T14:16:46+00:00","og_image":[{"width":374,"height":400,"url":"https:\/\/cardinal-tapes.com\/wp-content\/uploads\/3mtm-double-coated-tapes-9088fl.jpg","type":"image\/jpeg"}],"twitter_card":"summary_large_image","twitter_misc":{"Tiempo de lectura":"1 minuto"},"schema":{"@context":"https:\/\/schema.org","@graph":[{"@type":"WebPage","@id":"https:\/\/cardinal-tapes.com\/es\/cintas-adhesivas\/cintas-adhesivas-de-doble-cara\/3m-9088-200-doppelseitiges-klebeband\/","url":"https:\/\/cardinal-tapes.com\/es\/cintas-adhesivas\/cintas-adhesivas-de-doble-cara\/3m-9088-200-doppelseitiges-klebeband\/","name":"3M 9088-200 Cinta adhesiva doble cara | Cardinal TAPES","isPartOf":{"@id":"https:\/\/cardinal-tapes.com\/#website"},"primaryImageOfPage":{"@id":"https:\/\/cardinal-tapes.com\/es\/cintas-adhesivas\/cintas-adhesivas-de-doble-cara\/3m-9088-200-doppelseitiges-klebeband\/#primaryimage"},"image":{"@id":"https:\/\/cardinal-tapes.com\/es\/cintas-adhesivas\/cintas-adhesivas-de-doble-cara\/3m-9088-200-doppelseitiges-klebeband\/#primaryimage"},"thumbnailUrl":"https:\/\/cardinal-tapes.com\/wp-content\/uploads\/3mtm-double-coated-tapes-9088fl.jpg","datePublished":"2023-06-06T08:07:25+00:00","dateModified":"2025-07-03T14:16:46+00:00","description":"La cinta de doble cara 3M 9088-200 se utiliza para fijar embellecedores, carteles publicitarios y elementos decorativos. M\u00e1s informaci\u00f3n sobre 3M 9088-200.","breadcrumb":{"@id":"https:\/\/cardinal-tapes.com\/es\/cintas-adhesivas\/cintas-adhesivas-de-doble-cara\/3m-9088-200-doppelseitiges-klebeband\/#breadcrumb"},"inLanguage":"es","potentialAction":[{"@type":"ReadAction","target":["https:\/\/cardinal-tapes.com\/es\/cintas-adhesivas\/cintas-adhesivas-de-doble-cara\/3m-9088-200-doppelseitiges-klebeband\/"]}]},{"@type":"ImageObject","inLanguage":"es","@id":"https:\/\/cardinal-tapes.com\/es\/cintas-adhesivas\/cintas-adhesivas-de-doble-cara\/3m-9088-200-doppelseitiges-klebeband\/#primaryimage","url":"https:\/\/cardinal-tapes.com\/wp-content\/uploads\/3mtm-double-coated-tapes-9088fl.jpg","contentUrl":"https:\/\/cardinal-tapes.com\/wp-content\/uploads\/3mtm-double-coated-tapes-9088fl.jpg","width":374,"height":400,"caption":"3mtmn cintas de doble revestimiento 9088fl"},{"@type":"BreadcrumbList","@id":"https:\/\/cardinal-tapes.com\/es\/cintas-adhesivas\/cintas-adhesivas-de-doble-cara\/3m-9088-200-doppelseitiges-klebeband\/#breadcrumb","itemListElement":[{"@type":"ListItem","position":1,"name":"Startseite","item":"https:\/\/cardinal-tapes.com\/es\/"},{"@type":"ListItem","position":2,"name":"Cintas adhesivas","item":"https:\/\/cardinal-tapes.com\/es\/cintas-adhesivas-es\/"},{"@type":"ListItem","position":3,"name":"Cintas adhesivas de doble cara","item":"https:\/\/cardinal-tapes.com\/es\/categora\/cintas-adhesivas-de-doble-cara\/"},{"@type":"ListItem","position":4,"name":"3M\u2122 Cinta de doble cara 9088-200"}]},{"@type":"WebSite","@id":"https:\/\/cardinal-tapes.com\/#website","url":"https:\/\/cardinal-tapes.com\/","name":"cardinal TAPES","description":"Klebetechnik aus Wuppertal","potentialAction":[{"@type":"SearchAction","target":{"@type":"EntryPoint","urlTemplate":"https:\/\/cardinal-tapes.com\/?s={search_term_string}"},"query-input":{"@type":"PropertyValueSpecification","valueRequired":true,"valueName":"search_term_string"}}],"inLanguage":"es"}]}},"brands":[{"id":2169,"name":"3M","slug":"3m-es"}],"_links":{"self":[{"href":"https:\/\/cardinal-tapes.com\/es\/wp-json\/wp\/v2\/product\/60783","targetHints":{"allow":["GET"]}}],"collection":[{"href":"https:\/\/cardinal-tapes.com\/es\/wp-json\/wp\/v2\/product"}],"about":[{"href":"https:\/\/cardinal-tapes.com\/es\/wp-json\/wp\/v2\/types\/product"}],"wp:featuredmedia":[{"embeddable":true,"href":"https:\/\/cardinal-tapes.com\/es\/wp-json\/wp\/v2\/media\/26767"}],"wp:attachment":[{"href":"https:\/\/cardinal-tapes.com\/es\/wp-json\/wp\/v2\/media?parent=60783"}],"wp:term":[{"taxonomy":"pwb-brand","embeddable":true,"href":"https:\/\/cardinal-tapes.com\/es\/wp-json\/wp\/v2\/pwb-brand?post=60783"},{"taxonomy":"product_brand","embeddable":true,"href":"https:\/\/cardinal-tapes.com\/es\/wp-json\/wp\/v2\/product_brand?post=60783"},{"taxonomy":"product_cat","embeddable":true,"href":"https:\/\/cardinal-tapes.com\/es\/wp-json\/wp\/v2\/product_cat?post=60783"},{"taxonomy":"product_tag","embeddable":true,"href":"https:\/\/cardinal-tapes.com\/es\/wp-json\/wp\/v2\/product_tag?post=60783"}],"curies":[{"name":"wp","href":"https:\/\/api.w.org\/{rel}","templated":true}]}}