{"id":60624,"date":"2017-12-22T09:11:33","date_gmt":"2023-06-06T08:06:36","guid":{"rendered":"https:\/\/cardinal.pixel-tal.de\/klebebaender\/sin%20categor\u00eda\/3m-cinta-de-doble-cara-415\/"},"modified":"2025-07-04T15:37:13","modified_gmt":"2025-07-04T13:37:13","slug":"3m-415-cinta-adhesiva-doble-cara-con-soporte","status":"publish","type":"product","link":"https:\/\/cardinal-tapes.com\/es\/cintas-adhesivas\/cintas-adhesivas-de-una-cara\/cinta-pet\/3m-415-cinta-adhesiva-doble-cara-con-soporte\/","title":{"rendered":"3M\u2122 Cinta de doble cara 415"},"content":{"rendered":"<p>La cinta adhesiva de doble cara 3M\u2122 con soporte de poli\u00e9ster 415 de la serie adhesiva 400 impresiona por sus excelentes propiedades adhesivas. La ventaja especial de esta cinta adhesiva es que la fuerza adhesiva en la mayor\u00eda de los materiales aumenta con el incremento del tiempo de permanencia.<\/p>\n<p><strong>Propiedades<\/strong><br \/>\nEl adhesivo acr\u00edlico puro se adhiere a superficies tan diversas como el metal, la pintura y la mayor\u00eda de los pl\u00e1sticos, pero tambi\u00e9n al papel, el vidrio y la madera. La cinta es extremadamente resistente a los rayos UV y tambi\u00e9n presenta una buena resistencia a la temperatura y la humedad. Incluso despu\u00e9s de un largo periodo de uso, apenas muestra decoloraci\u00f3n ni signos de envejecimiento. Adem\u00e1s, la cinta adhesiva de doble cara tiene una gran adherencia instant\u00e1nea y una buena resistencia al cizallamiento.<\/p>\n<p><strong>Aplicaciones<\/strong><br \/>\n&#8211; Fijaci\u00f3n de materiales con alta o baja energ\u00eda superficial y metales<br \/>\n&#8211; Fijaci\u00f3n de materiales finos y ligeros como papel o cart\u00f3n<\/p>\n","protected":false},"excerpt":{"rendered":"<p>La cinta adhesiva de doble cara 3M\u2122 con soporte de poli\u00e9ster 415 de la serie adhesiva 400 impresiona por sus excelentes propiedades adhesivas. La ventaja especial de esta cinta adhesiva es que la fuerza adhesiva en la mayor\u00eda de los materiales aumenta con el incremento del tiempo de permanencia. Propiedades El adhesivo acr\u00edlico puro se [&hellip;]<\/p>\n","protected":false},"featured_media":25459,"template":"","meta":{"_acf_changed":false},"pwb-brand":[2169],"product_brand":[],"product_cat":[1809,1804],"product_tag":[],"class_list":{"0":"post-60624","1":"product","2":"type-product","3":"status-publish","4":"has-post-thumbnail","6":"pwb-brand-3m-es","7":"product_cat-cinta-pet","8":"product_cat-cintas-adhesivas-de-doble-cara","10":"first","11":"instock","12":"taxable","13":"shipping-taxable","14":"purchasable","15":"product-type-variable"},"acf":[],"yoast_head":"<!-- This site is optimized with the Yoast SEO plugin v27.3 - https:\/\/yoast.com\/product\/yoast-seo-wordpress\/ -->\n<title>3M 415 Cinta adhesiva de doble cara con soporte | CINTAS Cardinal<\/title>\n<meta name=\"description\" content=\"La cinta de doble cara 3M 415 est\u00e1 recubierta por ambas caras con un adhesivo acr\u00edlico. Obtenga m\u00e1s informaci\u00f3n aqu\u00ed.\" \/>\n<meta name=\"robots\" content=\"index, follow, max-snippet:-1, max-image-preview:large, max-video-preview:-1\" \/>\n<link rel=\"canonical\" href=\"https:\/\/cardinal-tapes.com\/es\/cintas-adhesivas\/cintas-adhesivas-de-una-cara\/cinta-pet\/3m-415-cinta-adhesiva-doble-cara-con-soporte\/\" \/>\n<meta property=\"og:locale\" content=\"es_ES\" \/>\n<meta property=\"og:type\" content=\"article\" \/>\n<meta property=\"og:title\" content=\"3M 415 Cinta adhesiva de doble cara con soporte | CINTAS Cardinal\" \/>\n<meta property=\"og:description\" content=\"La cinta de doble cara 3M 415 est\u00e1 recubierta por ambas caras con un adhesivo acr\u00edlico. Obtenga m\u00e1s informaci\u00f3n aqu\u00ed.\" \/>\n<meta property=\"og:url\" content=\"https:\/\/cardinal-tapes.com\/es\/cintas-adhesivas\/cintas-adhesivas-de-una-cara\/cinta-pet\/3m-415-cinta-adhesiva-doble-cara-con-soporte\/\" \/>\n<meta property=\"og:site_name\" content=\"cardinal TAPES\" \/>\n<meta property=\"article:modified_time\" content=\"2025-07-04T13:37:13+00:00\" \/>\n<meta property=\"og:image\" content=\"https:\/\/cardinal-tapes.com\/wp-content\/uploads\/3m_doppelseitig_klebeband_traeger_415.jpg\" \/>\n\t<meta property=\"og:image:width\" content=\"600\" \/>\n\t<meta property=\"og:image:height\" content=\"600\" \/>\n\t<meta property=\"og:image:type\" content=\"image\/jpeg\" \/>\n<meta name=\"twitter:card\" content=\"summary_large_image\" \/>\n<meta name=\"twitter:label1\" content=\"Tiempo de lectura\" \/>\n\t<meta name=\"twitter:data1\" content=\"1 minuto\" \/>\n<script type=\"application\/ld+json\" class=\"yoast-schema-graph\">{\"@context\":\"https:\\\/\\\/schema.org\",\"@graph\":[{\"@type\":\"WebPage\",\"@id\":\"https:\\\/\\\/cardinal-tapes.com\\\/es\\\/cintas-adhesivas\\\/cintas-adhesivas-de-una-cara\\\/cinta-pet\\\/3m-415-cinta-adhesiva-doble-cara-con-soporte\\\/\",\"url\":\"https:\\\/\\\/cardinal-tapes.com\\\/es\\\/cintas-adhesivas\\\/cintas-adhesivas-de-una-cara\\\/cinta-pet\\\/3m-415-cinta-adhesiva-doble-cara-con-soporte\\\/\",\"name\":\"3M 415 Cinta adhesiva de doble cara con soporte | CINTAS Cardinal\",\"isPartOf\":{\"@id\":\"https:\\\/\\\/cardinal-tapes.com\\\/#website\"},\"primaryImageOfPage\":{\"@id\":\"https:\\\/\\\/cardinal-tapes.com\\\/es\\\/cintas-adhesivas\\\/cintas-adhesivas-de-una-cara\\\/cinta-pet\\\/3m-415-cinta-adhesiva-doble-cara-con-soporte\\\/#primaryimage\"},\"image\":{\"@id\":\"https:\\\/\\\/cardinal-tapes.com\\\/es\\\/cintas-adhesivas\\\/cintas-adhesivas-de-una-cara\\\/cinta-pet\\\/3m-415-cinta-adhesiva-doble-cara-con-soporte\\\/#primaryimage\"},\"thumbnailUrl\":\"https:\\\/\\\/cardinal-tapes.com\\\/wp-content\\\/uploads\\\/3m_doppelseitig_klebeband_traeger_415.jpg\",\"datePublished\":\"2023-06-06T08:06:36+00:00\",\"dateModified\":\"2025-07-04T13:37:13+00:00\",\"description\":\"La cinta de doble cara 3M 415 est\u00e1 recubierta por ambas caras con un adhesivo acr\u00edlico. Obtenga m\u00e1s informaci\u00f3n aqu\u00ed.\",\"breadcrumb\":{\"@id\":\"https:\\\/\\\/cardinal-tapes.com\\\/es\\\/cintas-adhesivas\\\/cintas-adhesivas-de-una-cara\\\/cinta-pet\\\/3m-415-cinta-adhesiva-doble-cara-con-soporte\\\/#breadcrumb\"},\"inLanguage\":\"es\",\"potentialAction\":[{\"@type\":\"ReadAction\",\"target\":[\"https:\\\/\\\/cardinal-tapes.com\\\/es\\\/cintas-adhesivas\\\/cintas-adhesivas-de-una-cara\\\/cinta-pet\\\/3m-415-cinta-adhesiva-doble-cara-con-soporte\\\/\"]}]},{\"@type\":\"ImageObject\",\"inLanguage\":\"es\",\"@id\":\"https:\\\/\\\/cardinal-tapes.com\\\/es\\\/cintas-adhesivas\\\/cintas-adhesivas-de-una-cara\\\/cinta-pet\\\/3m-415-cinta-adhesiva-doble-cara-con-soporte\\\/#primaryimage\",\"url\":\"https:\\\/\\\/cardinal-tapes.com\\\/wp-content\\\/uploads\\\/3m_doppelseitig_klebeband_traeger_415.jpg\",\"contentUrl\":\"https:\\\/\\\/cardinal-tapes.com\\\/wp-content\\\/uploads\\\/3m_doppelseitig_klebeband_traeger_415.jpg\",\"width\":600,\"height\":600,\"caption\":\"3M Cinta adhesiva de doble cara con soporte 415\"},{\"@type\":\"BreadcrumbList\",\"@id\":\"https:\\\/\\\/cardinal-tapes.com\\\/es\\\/cintas-adhesivas\\\/cintas-adhesivas-de-una-cara\\\/cinta-pet\\\/3m-415-cinta-adhesiva-doble-cara-con-soporte\\\/#breadcrumb\",\"itemListElement\":[{\"@type\":\"ListItem\",\"position\":1,\"name\":\"Startseite\",\"item\":\"https:\\\/\\\/cardinal-tapes.com\\\/es\\\/\"},{\"@type\":\"ListItem\",\"position\":2,\"name\":\"Cintas adhesivas\",\"item\":\"https:\\\/\\\/cardinal-tapes.com\\\/es\\\/cintas-adhesivas-es\\\/\"},{\"@type\":\"ListItem\",\"position\":3,\"name\":\"Cintas adhesivas de una cara\",\"item\":\"https:\\\/\\\/cardinal-tapes.com\\\/es\\\/categora\\\/cintas-adhesivas-de-una-cara\\\/\"},{\"@type\":\"ListItem\",\"position\":4,\"name\":\"Cinta PET\",\"item\":\"https:\\\/\\\/cardinal-tapes.com\\\/es\\\/categora\\\/cinta-pet\\\/\"},{\"@type\":\"ListItem\",\"position\":5,\"name\":\"3M\u2122 Cinta de doble cara 415\"}]},{\"@type\":\"WebSite\",\"@id\":\"https:\\\/\\\/cardinal-tapes.com\\\/#website\",\"url\":\"https:\\\/\\\/cardinal-tapes.com\\\/\",\"name\":\"cardinal TAPES\",\"description\":\"Klebetechnik aus Wuppertal\",\"potentialAction\":[{\"@type\":\"SearchAction\",\"target\":{\"@type\":\"EntryPoint\",\"urlTemplate\":\"https:\\\/\\\/cardinal-tapes.com\\\/?s={search_term_string}\"},\"query-input\":{\"@type\":\"PropertyValueSpecification\",\"valueRequired\":true,\"valueName\":\"search_term_string\"}}],\"inLanguage\":\"es\"}]}<\/script>\n<!-- \/ Yoast SEO plugin. -->","yoast_head_json":{"title":"3M 415 Cinta adhesiva de doble cara con soporte | CINTAS Cardinal","description":"La cinta de doble cara 3M 415 est\u00e1 recubierta por ambas caras con un adhesivo acr\u00edlico. Obtenga m\u00e1s informaci\u00f3n aqu\u00ed.","robots":{"index":"index","follow":"follow","max-snippet":"max-snippet:-1","max-image-preview":"max-image-preview:large","max-video-preview":"max-video-preview:-1"},"canonical":"https:\/\/cardinal-tapes.com\/es\/cintas-adhesivas\/cintas-adhesivas-de-una-cara\/cinta-pet\/3m-415-cinta-adhesiva-doble-cara-con-soporte\/","og_locale":"es_ES","og_type":"article","og_title":"3M 415 Cinta adhesiva de doble cara con soporte | CINTAS Cardinal","og_description":"La cinta de doble cara 3M 415 est\u00e1 recubierta por ambas caras con un adhesivo acr\u00edlico. Obtenga m\u00e1s informaci\u00f3n aqu\u00ed.","og_url":"https:\/\/cardinal-tapes.com\/es\/cintas-adhesivas\/cintas-adhesivas-de-una-cara\/cinta-pet\/3m-415-cinta-adhesiva-doble-cara-con-soporte\/","og_site_name":"cardinal TAPES","article_modified_time":"2025-07-04T13:37:13+00:00","og_image":[{"width":600,"height":600,"url":"https:\/\/cardinal-tapes.com\/wp-content\/uploads\/3m_doppelseitig_klebeband_traeger_415.jpg","type":"image\/jpeg"}],"twitter_card":"summary_large_image","twitter_misc":{"Tiempo de lectura":"1 minuto"},"schema":{"@context":"https:\/\/schema.org","@graph":[{"@type":"WebPage","@id":"https:\/\/cardinal-tapes.com\/es\/cintas-adhesivas\/cintas-adhesivas-de-una-cara\/cinta-pet\/3m-415-cinta-adhesiva-doble-cara-con-soporte\/","url":"https:\/\/cardinal-tapes.com\/es\/cintas-adhesivas\/cintas-adhesivas-de-una-cara\/cinta-pet\/3m-415-cinta-adhesiva-doble-cara-con-soporte\/","name":"3M 415 Cinta adhesiva de doble cara con soporte | CINTAS Cardinal","isPartOf":{"@id":"https:\/\/cardinal-tapes.com\/#website"},"primaryImageOfPage":{"@id":"https:\/\/cardinal-tapes.com\/es\/cintas-adhesivas\/cintas-adhesivas-de-una-cara\/cinta-pet\/3m-415-cinta-adhesiva-doble-cara-con-soporte\/#primaryimage"},"image":{"@id":"https:\/\/cardinal-tapes.com\/es\/cintas-adhesivas\/cintas-adhesivas-de-una-cara\/cinta-pet\/3m-415-cinta-adhesiva-doble-cara-con-soporte\/#primaryimage"},"thumbnailUrl":"https:\/\/cardinal-tapes.com\/wp-content\/uploads\/3m_doppelseitig_klebeband_traeger_415.jpg","datePublished":"2023-06-06T08:06:36+00:00","dateModified":"2025-07-04T13:37:13+00:00","description":"La cinta de doble cara 3M 415 est\u00e1 recubierta por ambas caras con un adhesivo acr\u00edlico. Obtenga m\u00e1s informaci\u00f3n aqu\u00ed.","breadcrumb":{"@id":"https:\/\/cardinal-tapes.com\/es\/cintas-adhesivas\/cintas-adhesivas-de-una-cara\/cinta-pet\/3m-415-cinta-adhesiva-doble-cara-con-soporte\/#breadcrumb"},"inLanguage":"es","potentialAction":[{"@type":"ReadAction","target":["https:\/\/cardinal-tapes.com\/es\/cintas-adhesivas\/cintas-adhesivas-de-una-cara\/cinta-pet\/3m-415-cinta-adhesiva-doble-cara-con-soporte\/"]}]},{"@type":"ImageObject","inLanguage":"es","@id":"https:\/\/cardinal-tapes.com\/es\/cintas-adhesivas\/cintas-adhesivas-de-una-cara\/cinta-pet\/3m-415-cinta-adhesiva-doble-cara-con-soporte\/#primaryimage","url":"https:\/\/cardinal-tapes.com\/wp-content\/uploads\/3m_doppelseitig_klebeband_traeger_415.jpg","contentUrl":"https:\/\/cardinal-tapes.com\/wp-content\/uploads\/3m_doppelseitig_klebeband_traeger_415.jpg","width":600,"height":600,"caption":"3M Cinta adhesiva de doble cara con soporte 415"},{"@type":"BreadcrumbList","@id":"https:\/\/cardinal-tapes.com\/es\/cintas-adhesivas\/cintas-adhesivas-de-una-cara\/cinta-pet\/3m-415-cinta-adhesiva-doble-cara-con-soporte\/#breadcrumb","itemListElement":[{"@type":"ListItem","position":1,"name":"Startseite","item":"https:\/\/cardinal-tapes.com\/es\/"},{"@type":"ListItem","position":2,"name":"Cintas adhesivas","item":"https:\/\/cardinal-tapes.com\/es\/cintas-adhesivas-es\/"},{"@type":"ListItem","position":3,"name":"Cintas adhesivas de una cara","item":"https:\/\/cardinal-tapes.com\/es\/categora\/cintas-adhesivas-de-una-cara\/"},{"@type":"ListItem","position":4,"name":"Cinta PET","item":"https:\/\/cardinal-tapes.com\/es\/categora\/cinta-pet\/"},{"@type":"ListItem","position":5,"name":"3M\u2122 Cinta de doble cara 415"}]},{"@type":"WebSite","@id":"https:\/\/cardinal-tapes.com\/#website","url":"https:\/\/cardinal-tapes.com\/","name":"cardinal TAPES","description":"Klebetechnik aus Wuppertal","potentialAction":[{"@type":"SearchAction","target":{"@type":"EntryPoint","urlTemplate":"https:\/\/cardinal-tapes.com\/?s={search_term_string}"},"query-input":{"@type":"PropertyValueSpecification","valueRequired":true,"valueName":"search_term_string"}}],"inLanguage":"es"}]}},"brands":[{"id":2169,"name":"3M","slug":"3m-es"}],"_links":{"self":[{"href":"https:\/\/cardinal-tapes.com\/es\/wp-json\/wp\/v2\/product\/60624","targetHints":{"allow":["GET"]}}],"collection":[{"href":"https:\/\/cardinal-tapes.com\/es\/wp-json\/wp\/v2\/product"}],"about":[{"href":"https:\/\/cardinal-tapes.com\/es\/wp-json\/wp\/v2\/types\/product"}],"wp:featuredmedia":[{"embeddable":true,"href":"https:\/\/cardinal-tapes.com\/es\/wp-json\/wp\/v2\/media\/25459"}],"wp:attachment":[{"href":"https:\/\/cardinal-tapes.com\/es\/wp-json\/wp\/v2\/media?parent=60624"}],"wp:term":[{"taxonomy":"pwb-brand","embeddable":true,"href":"https:\/\/cardinal-tapes.com\/es\/wp-json\/wp\/v2\/pwb-brand?post=60624"},{"taxonomy":"product_brand","embeddable":true,"href":"https:\/\/cardinal-tapes.com\/es\/wp-json\/wp\/v2\/product_brand?post=60624"},{"taxonomy":"product_cat","embeddable":true,"href":"https:\/\/cardinal-tapes.com\/es\/wp-json\/wp\/v2\/product_cat?post=60624"},{"taxonomy":"product_tag","embeddable":true,"href":"https:\/\/cardinal-tapes.com\/es\/wp-json\/wp\/v2\/product_tag?post=60624"}],"curies":[{"name":"wp","href":"https:\/\/api.w.org\/{rel}","templated":true}]}}