{"id":60605,"date":"2017-12-22T09:14:57","date_gmt":"2023-06-06T08:06:35","guid":{"rendered":"https:\/\/cardinal.pixel-tal.de\/klebebaender\/sin%20categor\u00eda\/3m-cinta-adhesiva-de-doble-cara-9731\/"},"modified":"2025-07-04T15:37:13","modified_gmt":"2025-07-04T13:37:13","slug":"3m-9731-cinta-adhesiva-de-doble-cara-con-adhesivo-de-acrilato-de-silicona","status":"publish","type":"product","link":"https:\/\/cardinal-tapes.com\/es\/cintas-adhesivas\/cintas-adhesivas-de-una-cara\/cinta-pet\/3m-9731-cinta-adhesiva-de-doble-cara-con-adhesivo-de-acrilato-de-silicona\/","title":{"rendered":"3M\u2122 Cinta adhesiva de doble cara 9731"},"content":{"rendered":"<p>Estas cintas est\u00e1n recubiertas por una cara con adhesivo de silicona 3M\u2122 y por la otra con adhesivo acr\u00edlico de alto rendimiento 3M\u2122 Serie 350. Est\u00e1 cubierta por ambos lados con una funda protectora (pel\u00edcula de poli\u00e9ster de 100 \u00b5m, papel protector recubierto de PE de 127 \u00b5m).<\/p>\n<p><strong>Propiedades<\/strong><br \/>\nEl adhesivo 300LSE\/silicona tiene una excelente resistencia a los disolventes y fuerza adhesiva en materiales de baja energ\u00eda. El adhesivo de silicona se adhiere a sustratos de silicona y de baja energ\u00eda sin necesidad de tratar previamente la superficie con una imprimaci\u00f3n. La cinta adhesiva tambi\u00e9n presenta buena resistencia a la temperatura, buena adhesi\u00f3n inmediata y pegajosidad final, buena resistencia al cizallamiento.<\/p>\n<p><strong>Aplicaciones<\/strong><br \/>\n&#8211; Cara de silicona con buena adherencia, por ejemplo, a caucho de silicona y papel siliconado<br \/>\n&#8211; Cara acr\u00edlica con gran fuerza adhesiva en la mayor\u00eda de los materiales, incluidos los sustratos de baja energ\u00eda<\/p>\n<p>&nbsp;<\/p>\n","protected":false},"excerpt":{"rendered":"<p>Estas cintas est\u00e1n recubiertas por una cara con adhesivo de silicona 3M\u2122 y por la otra con adhesivo acr\u00edlico de alto rendimiento 3M\u2122 Serie 350. Est\u00e1 cubierta por ambos lados con una funda protectora (pel\u00edcula de poli\u00e9ster de 100 \u00b5m, papel protector recubierto de PE de 127 \u00b5m). Propiedades El adhesivo 300LSE\/silicona tiene una excelente [&hellip;]<\/p>\n","protected":false},"featured_media":25451,"template":"","meta":{"_acf_changed":false},"pwb-brand":[2169],"product_brand":[],"product_cat":[1804,1809],"product_tag":[],"class_list":{"0":"post-60605","1":"product","2":"type-product","3":"status-publish","4":"has-post-thumbnail","6":"pwb-brand-3m-es","7":"product_cat-cintas-adhesivas-de-doble-cara","8":"product_cat-cinta-pet","10":"first","11":"instock","12":"taxable","13":"shipping-taxable","14":"purchasable","15":"product-type-variable"},"acf":[],"yoast_head":"<!-- This site is optimized with the Yoast SEO plugin v27.3 - https:\/\/yoast.com\/product\/yoast-seo-wordpress\/ -->\n<title>3M 9731 Cinta adhesiva de doble cara con adhesivo de silicona\/acrilato<\/title>\n<meta name=\"description\" content=\"La cinta de doble cara 3M 9731 tiene un adhesivo acr\u00edlico modificado en una cara y un adhesivo de silicona en la otra.\" \/>\n<meta name=\"robots\" content=\"index, follow, max-snippet:-1, max-image-preview:large, max-video-preview:-1\" \/>\n<link rel=\"canonical\" href=\"https:\/\/cardinal-tapes.com\/es\/cintas-adhesivas\/cintas-adhesivas-de-una-cara\/cinta-pet\/3m-9731-cinta-adhesiva-de-doble-cara-con-adhesivo-de-acrilato-de-silicona\/\" \/>\n<meta property=\"og:locale\" content=\"es_ES\" \/>\n<meta property=\"og:type\" content=\"article\" \/>\n<meta property=\"og:title\" content=\"3M 9731 Cinta adhesiva de doble cara con adhesivo de silicona\/acrilato\" \/>\n<meta property=\"og:description\" content=\"La cinta de doble cara 3M 9731 tiene un adhesivo acr\u00edlico modificado en una cara y un adhesivo de silicona en la otra.\" \/>\n<meta property=\"og:url\" content=\"https:\/\/cardinal-tapes.com\/es\/cintas-adhesivas\/cintas-adhesivas-de-una-cara\/cinta-pet\/3m-9731-cinta-adhesiva-de-doble-cara-con-adhesivo-de-acrilato-de-silicona\/\" \/>\n<meta property=\"og:site_name\" content=\"cardinal TAPES\" \/>\n<meta property=\"article:modified_time\" content=\"2025-07-04T13:37:13+00:00\" \/>\n<meta property=\"og:image\" content=\"https:\/\/cardinal-tapes.com\/wp-content\/uploads\/3m_doppelseitig_klebeband_silikon_9731.jpg\" \/>\n\t<meta property=\"og:image:width\" content=\"600\" \/>\n\t<meta property=\"og:image:height\" content=\"600\" \/>\n\t<meta property=\"og:image:type\" content=\"image\/jpeg\" \/>\n<meta name=\"twitter:card\" content=\"summary_large_image\" \/>\n<meta name=\"twitter:label1\" content=\"Tiempo de lectura\" \/>\n\t<meta name=\"twitter:data1\" content=\"1 minuto\" \/>\n<script type=\"application\/ld+json\" class=\"yoast-schema-graph\">{\"@context\":\"https:\\\/\\\/schema.org\",\"@graph\":[{\"@type\":\"WebPage\",\"@id\":\"https:\\\/\\\/cardinal-tapes.com\\\/es\\\/cintas-adhesivas\\\/cintas-adhesivas-de-una-cara\\\/cinta-pet\\\/3m-9731-cinta-adhesiva-de-doble-cara-con-adhesivo-de-acrilato-de-silicona\\\/\",\"url\":\"https:\\\/\\\/cardinal-tapes.com\\\/es\\\/cintas-adhesivas\\\/cintas-adhesivas-de-una-cara\\\/cinta-pet\\\/3m-9731-cinta-adhesiva-de-doble-cara-con-adhesivo-de-acrilato-de-silicona\\\/\",\"name\":\"3M 9731 Cinta adhesiva de doble cara con adhesivo de silicona\\\/acrilato\",\"isPartOf\":{\"@id\":\"https:\\\/\\\/cardinal-tapes.com\\\/#website\"},\"primaryImageOfPage\":{\"@id\":\"https:\\\/\\\/cardinal-tapes.com\\\/es\\\/cintas-adhesivas\\\/cintas-adhesivas-de-una-cara\\\/cinta-pet\\\/3m-9731-cinta-adhesiva-de-doble-cara-con-adhesivo-de-acrilato-de-silicona\\\/#primaryimage\"},\"image\":{\"@id\":\"https:\\\/\\\/cardinal-tapes.com\\\/es\\\/cintas-adhesivas\\\/cintas-adhesivas-de-una-cara\\\/cinta-pet\\\/3m-9731-cinta-adhesiva-de-doble-cara-con-adhesivo-de-acrilato-de-silicona\\\/#primaryimage\"},\"thumbnailUrl\":\"https:\\\/\\\/cardinal-tapes.com\\\/wp-content\\\/uploads\\\/3m_doppelseitig_klebeband_silikon_9731.jpg\",\"datePublished\":\"2023-06-06T08:06:35+00:00\",\"dateModified\":\"2025-07-04T13:37:13+00:00\",\"description\":\"La cinta de doble cara 3M 9731 tiene un adhesivo acr\u00edlico modificado en una cara y un adhesivo de silicona en la otra.\",\"breadcrumb\":{\"@id\":\"https:\\\/\\\/cardinal-tapes.com\\\/es\\\/cintas-adhesivas\\\/cintas-adhesivas-de-una-cara\\\/cinta-pet\\\/3m-9731-cinta-adhesiva-de-doble-cara-con-adhesivo-de-acrilato-de-silicona\\\/#breadcrumb\"},\"inLanguage\":\"es\",\"potentialAction\":[{\"@type\":\"ReadAction\",\"target\":[\"https:\\\/\\\/cardinal-tapes.com\\\/es\\\/cintas-adhesivas\\\/cintas-adhesivas-de-una-cara\\\/cinta-pet\\\/3m-9731-cinta-adhesiva-de-doble-cara-con-adhesivo-de-acrilato-de-silicona\\\/\"]}]},{\"@type\":\"ImageObject\",\"inLanguage\":\"es\",\"@id\":\"https:\\\/\\\/cardinal-tapes.com\\\/es\\\/cintas-adhesivas\\\/cintas-adhesivas-de-una-cara\\\/cinta-pet\\\/3m-9731-cinta-adhesiva-de-doble-cara-con-adhesivo-de-acrilato-de-silicona\\\/#primaryimage\",\"url\":\"https:\\\/\\\/cardinal-tapes.com\\\/wp-content\\\/uploads\\\/3m_doppelseitig_klebeband_silikon_9731.jpg\",\"contentUrl\":\"https:\\\/\\\/cardinal-tapes.com\\\/wp-content\\\/uploads\\\/3m_doppelseitig_klebeband_silikon_9731.jpg\",\"width\":600,\"height\":600,\"caption\":\"3M Cinta de silicona de doble cara 9731\"},{\"@type\":\"BreadcrumbList\",\"@id\":\"https:\\\/\\\/cardinal-tapes.com\\\/es\\\/cintas-adhesivas\\\/cintas-adhesivas-de-una-cara\\\/cinta-pet\\\/3m-9731-cinta-adhesiva-de-doble-cara-con-adhesivo-de-acrilato-de-silicona\\\/#breadcrumb\",\"itemListElement\":[{\"@type\":\"ListItem\",\"position\":1,\"name\":\"Startseite\",\"item\":\"https:\\\/\\\/cardinal-tapes.com\\\/es\\\/\"},{\"@type\":\"ListItem\",\"position\":2,\"name\":\"Cintas adhesivas\",\"item\":\"https:\\\/\\\/cardinal-tapes.com\\\/es\\\/cintas-adhesivas-es\\\/\"},{\"@type\":\"ListItem\",\"position\":3,\"name\":\"Cintas adhesivas de una cara\",\"item\":\"https:\\\/\\\/cardinal-tapes.com\\\/es\\\/categora\\\/cintas-adhesivas-de-una-cara\\\/\"},{\"@type\":\"ListItem\",\"position\":4,\"name\":\"Cinta PET\",\"item\":\"https:\\\/\\\/cardinal-tapes.com\\\/es\\\/categora\\\/cinta-pet\\\/\"},{\"@type\":\"ListItem\",\"position\":5,\"name\":\"3M\u2122 Cinta adhesiva de doble cara 9731\"}]},{\"@type\":\"WebSite\",\"@id\":\"https:\\\/\\\/cardinal-tapes.com\\\/#website\",\"url\":\"https:\\\/\\\/cardinal-tapes.com\\\/\",\"name\":\"cardinal TAPES\",\"description\":\"Klebetechnik aus Wuppertal\",\"potentialAction\":[{\"@type\":\"SearchAction\",\"target\":{\"@type\":\"EntryPoint\",\"urlTemplate\":\"https:\\\/\\\/cardinal-tapes.com\\\/?s={search_term_string}\"},\"query-input\":{\"@type\":\"PropertyValueSpecification\",\"valueRequired\":true,\"valueName\":\"search_term_string\"}}],\"inLanguage\":\"es\"}]}<\/script>\n<!-- \/ Yoast SEO plugin. -->","yoast_head_json":{"title":"3M 9731 Cinta adhesiva de doble cara con adhesivo de silicona\/acrilato","description":"La cinta de doble cara 3M 9731 tiene un adhesivo acr\u00edlico modificado en una cara y un adhesivo de silicona en la otra.","robots":{"index":"index","follow":"follow","max-snippet":"max-snippet:-1","max-image-preview":"max-image-preview:large","max-video-preview":"max-video-preview:-1"},"canonical":"https:\/\/cardinal-tapes.com\/es\/cintas-adhesivas\/cintas-adhesivas-de-una-cara\/cinta-pet\/3m-9731-cinta-adhesiva-de-doble-cara-con-adhesivo-de-acrilato-de-silicona\/","og_locale":"es_ES","og_type":"article","og_title":"3M 9731 Cinta adhesiva de doble cara con adhesivo de silicona\/acrilato","og_description":"La cinta de doble cara 3M 9731 tiene un adhesivo acr\u00edlico modificado en una cara y un adhesivo de silicona en la otra.","og_url":"https:\/\/cardinal-tapes.com\/es\/cintas-adhesivas\/cintas-adhesivas-de-una-cara\/cinta-pet\/3m-9731-cinta-adhesiva-de-doble-cara-con-adhesivo-de-acrilato-de-silicona\/","og_site_name":"cardinal TAPES","article_modified_time":"2025-07-04T13:37:13+00:00","og_image":[{"width":600,"height":600,"url":"https:\/\/cardinal-tapes.com\/wp-content\/uploads\/3m_doppelseitig_klebeband_silikon_9731.jpg","type":"image\/jpeg"}],"twitter_card":"summary_large_image","twitter_misc":{"Tiempo de lectura":"1 minuto"},"schema":{"@context":"https:\/\/schema.org","@graph":[{"@type":"WebPage","@id":"https:\/\/cardinal-tapes.com\/es\/cintas-adhesivas\/cintas-adhesivas-de-una-cara\/cinta-pet\/3m-9731-cinta-adhesiva-de-doble-cara-con-adhesivo-de-acrilato-de-silicona\/","url":"https:\/\/cardinal-tapes.com\/es\/cintas-adhesivas\/cintas-adhesivas-de-una-cara\/cinta-pet\/3m-9731-cinta-adhesiva-de-doble-cara-con-adhesivo-de-acrilato-de-silicona\/","name":"3M 9731 Cinta adhesiva de doble cara con adhesivo de silicona\/acrilato","isPartOf":{"@id":"https:\/\/cardinal-tapes.com\/#website"},"primaryImageOfPage":{"@id":"https:\/\/cardinal-tapes.com\/es\/cintas-adhesivas\/cintas-adhesivas-de-una-cara\/cinta-pet\/3m-9731-cinta-adhesiva-de-doble-cara-con-adhesivo-de-acrilato-de-silicona\/#primaryimage"},"image":{"@id":"https:\/\/cardinal-tapes.com\/es\/cintas-adhesivas\/cintas-adhesivas-de-una-cara\/cinta-pet\/3m-9731-cinta-adhesiva-de-doble-cara-con-adhesivo-de-acrilato-de-silicona\/#primaryimage"},"thumbnailUrl":"https:\/\/cardinal-tapes.com\/wp-content\/uploads\/3m_doppelseitig_klebeband_silikon_9731.jpg","datePublished":"2023-06-06T08:06:35+00:00","dateModified":"2025-07-04T13:37:13+00:00","description":"La cinta de doble cara 3M 9731 tiene un adhesivo acr\u00edlico modificado en una cara y un adhesivo de silicona en la otra.","breadcrumb":{"@id":"https:\/\/cardinal-tapes.com\/es\/cintas-adhesivas\/cintas-adhesivas-de-una-cara\/cinta-pet\/3m-9731-cinta-adhesiva-de-doble-cara-con-adhesivo-de-acrilato-de-silicona\/#breadcrumb"},"inLanguage":"es","potentialAction":[{"@type":"ReadAction","target":["https:\/\/cardinal-tapes.com\/es\/cintas-adhesivas\/cintas-adhesivas-de-una-cara\/cinta-pet\/3m-9731-cinta-adhesiva-de-doble-cara-con-adhesivo-de-acrilato-de-silicona\/"]}]},{"@type":"ImageObject","inLanguage":"es","@id":"https:\/\/cardinal-tapes.com\/es\/cintas-adhesivas\/cintas-adhesivas-de-una-cara\/cinta-pet\/3m-9731-cinta-adhesiva-de-doble-cara-con-adhesivo-de-acrilato-de-silicona\/#primaryimage","url":"https:\/\/cardinal-tapes.com\/wp-content\/uploads\/3m_doppelseitig_klebeband_silikon_9731.jpg","contentUrl":"https:\/\/cardinal-tapes.com\/wp-content\/uploads\/3m_doppelseitig_klebeband_silikon_9731.jpg","width":600,"height":600,"caption":"3M Cinta de silicona de doble cara 9731"},{"@type":"BreadcrumbList","@id":"https:\/\/cardinal-tapes.com\/es\/cintas-adhesivas\/cintas-adhesivas-de-una-cara\/cinta-pet\/3m-9731-cinta-adhesiva-de-doble-cara-con-adhesivo-de-acrilato-de-silicona\/#breadcrumb","itemListElement":[{"@type":"ListItem","position":1,"name":"Startseite","item":"https:\/\/cardinal-tapes.com\/es\/"},{"@type":"ListItem","position":2,"name":"Cintas adhesivas","item":"https:\/\/cardinal-tapes.com\/es\/cintas-adhesivas-es\/"},{"@type":"ListItem","position":3,"name":"Cintas adhesivas de una cara","item":"https:\/\/cardinal-tapes.com\/es\/categora\/cintas-adhesivas-de-una-cara\/"},{"@type":"ListItem","position":4,"name":"Cinta PET","item":"https:\/\/cardinal-tapes.com\/es\/categora\/cinta-pet\/"},{"@type":"ListItem","position":5,"name":"3M\u2122 Cinta adhesiva de doble cara 9731"}]},{"@type":"WebSite","@id":"https:\/\/cardinal-tapes.com\/#website","url":"https:\/\/cardinal-tapes.com\/","name":"cardinal TAPES","description":"Klebetechnik aus Wuppertal","potentialAction":[{"@type":"SearchAction","target":{"@type":"EntryPoint","urlTemplate":"https:\/\/cardinal-tapes.com\/?s={search_term_string}"},"query-input":{"@type":"PropertyValueSpecification","valueRequired":true,"valueName":"search_term_string"}}],"inLanguage":"es"}]}},"brands":[{"id":2169,"name":"3M","slug":"3m-es"}],"_links":{"self":[{"href":"https:\/\/cardinal-tapes.com\/es\/wp-json\/wp\/v2\/product\/60605","targetHints":{"allow":["GET"]}}],"collection":[{"href":"https:\/\/cardinal-tapes.com\/es\/wp-json\/wp\/v2\/product"}],"about":[{"href":"https:\/\/cardinal-tapes.com\/es\/wp-json\/wp\/v2\/types\/product"}],"wp:featuredmedia":[{"embeddable":true,"href":"https:\/\/cardinal-tapes.com\/es\/wp-json\/wp\/v2\/media\/25451"}],"wp:attachment":[{"href":"https:\/\/cardinal-tapes.com\/es\/wp-json\/wp\/v2\/media?parent=60605"}],"wp:term":[{"taxonomy":"pwb-brand","embeddable":true,"href":"https:\/\/cardinal-tapes.com\/es\/wp-json\/wp\/v2\/pwb-brand?post=60605"},{"taxonomy":"product_brand","embeddable":true,"href":"https:\/\/cardinal-tapes.com\/es\/wp-json\/wp\/v2\/product_brand?post=60605"},{"taxonomy":"product_cat","embeddable":true,"href":"https:\/\/cardinal-tapes.com\/es\/wp-json\/wp\/v2\/product_cat?post=60605"},{"taxonomy":"product_tag","embeddable":true,"href":"https:\/\/cardinal-tapes.com\/es\/wp-json\/wp\/v2\/product_tag?post=60605"}],"curies":[{"name":"wp","href":"https:\/\/api.w.org\/{rel}","templated":true}]}}