{"id":60554,"date":"2017-12-22T09:23:48","date_gmt":"2023-06-06T08:06:31","guid":{"rendered":"https:\/\/cardinal.pixel-tal.de\/klebebaender\/sin categor\u00eda\/3m-gm-74-adhesivo-anaerobico-para-sellado-de-superficies\/"},"modified":"2023-06-06T10:06:31","modified_gmt":"2023-06-06T08:06:31","slug":"3m-gm-74-adhesivo-anaerobico-para-el-sellado-de-superficies-2","status":"publish","type":"product","link":"https:\/\/cardinal-tapes.com\/es\/cintas-adhesivas\/adhesivos-liquidos\/adhesivos\/3m-gm-74-adhesivo-anaerobico-para-el-sellado-de-superficies-2\/","title":{"rendered":"3M\u2122 GM 74 Adhesivo anaer\u00f3bico para sellado de superficies"},"content":{"rendered":"<p>El adhesivo anaer\u00f3bico 3M\u2122 GM 74 para sellado de superficies es muy adecuado para aplicaciones a temperaturas m\u00e1s elevadas. El adhesivo GM 74 se endurece cuando se coloca entre superficies met\u00e1licas estrechamente ajustadas. Tras 20 minutos, el adhesivo anaer\u00f3bico desarrolla un sellado a baja presi\u00f3n que permite realizar una prueba de presi\u00f3n directa. El adhesivo fuera de la junta no se endurece y puede volver a retirarse f\u00e1cilmente.<\/p>\n","protected":false},"excerpt":{"rendered":"<p>El adhesivo anaer\u00f3bico 3M\u2122 GM 74 para sellado de superficies es muy adecuado para aplicaciones a temperaturas m\u00e1s elevadas. El adhesivo GM 74 se endurece cuando se coloca entre superficies met\u00e1licas estrechamente ajustadas. Tras 20 minutos, el adhesivo anaer\u00f3bico desarrolla un sellado a baja presi\u00f3n que permite realizar una prueba de presi\u00f3n directa. El adhesivo [&hellip;]<\/p>\n","protected":false},"featured_media":25391,"template":"","meta":{"_acf_changed":false},"pwb-brand":[2169],"product_brand":[],"product_cat":[1869],"product_tag":[],"class_list":{"0":"post-60554","1":"product","2":"type-product","3":"status-publish","4":"has-post-thumbnail","6":"pwb-brand-3m-es","7":"product_cat-adhesivos","9":"first","10":"instock","11":"taxable","12":"shipping-taxable","13":"purchasable","14":"product-type-simple"},"acf":[],"yoast_head":"<!-- This site is optimized with the Yoast SEO plugin v27.3 - https:\/\/yoast.com\/product\/yoast-seo-wordpress\/ -->\n<title>3M GM 74 Adhesivo anaer\u00f3bico para sellado de superficies | Cardinal TAPES<\/title>\n<meta name=\"description\" content=\"El adhesivo anaer\u00f3bico 3M GM 74 para el sellado de superficies es muy adecuado para aplicaciones a altas temperaturas. Obtenga m\u00e1s informaci\u00f3n aqu\u00ed.\" \/>\n<meta name=\"robots\" content=\"index, follow, max-snippet:-1, max-image-preview:large, max-video-preview:-1\" \/>\n<link rel=\"canonical\" href=\"https:\/\/cardinal-tapes.com\/es\/cintas-adhesivas\/adhesivos\/3m-gm-74-adhesivo-anaerobico-para-el-sellado-de-superficies-2\/\" \/>\n<meta property=\"og:locale\" content=\"es_ES\" \/>\n<meta property=\"og:type\" content=\"article\" \/>\n<meta property=\"og:title\" content=\"3M GM 74 Adhesivo anaer\u00f3bico para sellado de superficies | Cardinal TAPES\" \/>\n<meta property=\"og:description\" content=\"El adhesivo anaer\u00f3bico 3M GM 74 para el sellado de superficies es muy adecuado para aplicaciones a altas temperaturas. Obtenga m\u00e1s informaci\u00f3n aqu\u00ed.\" \/>\n<meta property=\"og:url\" content=\"https:\/\/cardinal-tapes.com\/es\/cintas-adhesivas\/adhesivos\/3m-gm-74-adhesivo-anaerobico-para-el-sellado-de-superficies-2\/\" \/>\n<meta property=\"og:site_name\" content=\"cardinal TAPES\" \/>\n<meta property=\"og:image\" content=\"https:\/\/cardinal-tapes.com\/wp-content\/uploads\/3m_anaerober_klebstoff_flaechendichtung_gm74.jpg\" \/>\n\t<meta property=\"og:image:width\" content=\"600\" \/>\n\t<meta property=\"og:image:height\" content=\"600\" \/>\n\t<meta property=\"og:image:type\" content=\"image\/jpeg\" \/>\n<meta name=\"twitter:card\" content=\"summary_large_image\" \/>\n<script type=\"application\/ld+json\" class=\"yoast-schema-graph\">{\"@context\":\"https:\\\/\\\/schema.org\",\"@graph\":[{\"@type\":\"WebPage\",\"@id\":\"https:\\\/\\\/cardinal-tapes.com\\\/es\\\/cintas-adhesivas\\\/adhesivos\\\/3m-gm-74-adhesivo-anaerobico-para-el-sellado-de-superficies-2\\\/\",\"url\":\"https:\\\/\\\/cardinal-tapes.com\\\/es\\\/cintas-adhesivas\\\/adhesivos\\\/3m-gm-74-adhesivo-anaerobico-para-el-sellado-de-superficies-2\\\/\",\"name\":\"3M GM 74 Adhesivo anaer\u00f3bico para sellado de superficies | Cardinal TAPES\",\"isPartOf\":{\"@id\":\"https:\\\/\\\/cardinal-tapes.com\\\/#website\"},\"primaryImageOfPage\":{\"@id\":\"https:\\\/\\\/cardinal-tapes.com\\\/es\\\/cintas-adhesivas\\\/adhesivos\\\/3m-gm-74-adhesivo-anaerobico-para-el-sellado-de-superficies-2\\\/#primaryimage\"},\"image\":{\"@id\":\"https:\\\/\\\/cardinal-tapes.com\\\/es\\\/cintas-adhesivas\\\/adhesivos\\\/3m-gm-74-adhesivo-anaerobico-para-el-sellado-de-superficies-2\\\/#primaryimage\"},\"thumbnailUrl\":\"https:\\\/\\\/cardinal-tapes.com\\\/wp-content\\\/uploads\\\/3m_anaerober_klebstoff_flaechendichtung_gm74.jpg\",\"datePublished\":\"2023-06-06T08:06:31+00:00\",\"description\":\"El adhesivo anaer\u00f3bico 3M GM 74 para el sellado de superficies es muy adecuado para aplicaciones a altas temperaturas. Obtenga m\u00e1s informaci\u00f3n aqu\u00ed.\",\"breadcrumb\":{\"@id\":\"https:\\\/\\\/cardinal-tapes.com\\\/es\\\/cintas-adhesivas\\\/adhesivos\\\/3m-gm-74-adhesivo-anaerobico-para-el-sellado-de-superficies-2\\\/#breadcrumb\"},\"inLanguage\":\"es\",\"potentialAction\":[{\"@type\":\"ReadAction\",\"target\":[\"https:\\\/\\\/cardinal-tapes.com\\\/es\\\/cintas-adhesivas\\\/adhesivos\\\/3m-gm-74-adhesivo-anaerobico-para-el-sellado-de-superficies-2\\\/\"]}]},{\"@type\":\"ImageObject\",\"inLanguage\":\"es\",\"@id\":\"https:\\\/\\\/cardinal-tapes.com\\\/es\\\/cintas-adhesivas\\\/adhesivos\\\/3m-gm-74-adhesivo-anaerobico-para-el-sellado-de-superficies-2\\\/#primaryimage\",\"url\":\"https:\\\/\\\/cardinal-tapes.com\\\/wp-content\\\/uploads\\\/3m_anaerober_klebstoff_flaechendichtung_gm74.jpg\",\"contentUrl\":\"https:\\\/\\\/cardinal-tapes.com\\\/wp-content\\\/uploads\\\/3m_anaerober_klebstoff_flaechendichtung_gm74.jpg\",\"width\":600,\"height\":600,\"caption\":\"3M Adhesivo anaer\u00f3bico para sellado de superficies GM74\"},{\"@type\":\"BreadcrumbList\",\"@id\":\"https:\\\/\\\/cardinal-tapes.com\\\/es\\\/cintas-adhesivas\\\/adhesivos\\\/3m-gm-74-adhesivo-anaerobico-para-el-sellado-de-superficies-2\\\/#breadcrumb\",\"itemListElement\":[{\"@type\":\"ListItem\",\"position\":1,\"name\":\"Startseite\",\"item\":\"https:\\\/\\\/cardinal-tapes.com\\\/es\\\/\"},{\"@type\":\"ListItem\",\"position\":2,\"name\":\"Cintas adhesivas\",\"item\":\"https:\\\/\\\/cardinal-tapes.com\\\/es\\\/cintas-adhesivas-es\\\/\"},{\"@type\":\"ListItem\",\"position\":3,\"name\":\"Adhesivos\",\"item\":\"https:\\\/\\\/cardinal-tapes.com\\\/es\\\/categora\\\/adhesivos\\\/\"},{\"@type\":\"ListItem\",\"position\":4,\"name\":\"3M\u2122 GM 74 Adhesivo anaer\u00f3bico para sellado de superficies\"}]},{\"@type\":\"WebSite\",\"@id\":\"https:\\\/\\\/cardinal-tapes.com\\\/#website\",\"url\":\"https:\\\/\\\/cardinal-tapes.com\\\/\",\"name\":\"cardinal TAPES\",\"description\":\"Klebetechnik aus Wuppertal\",\"potentialAction\":[{\"@type\":\"SearchAction\",\"target\":{\"@type\":\"EntryPoint\",\"urlTemplate\":\"https:\\\/\\\/cardinal-tapes.com\\\/?s={search_term_string}\"},\"query-input\":{\"@type\":\"PropertyValueSpecification\",\"valueRequired\":true,\"valueName\":\"search_term_string\"}}],\"inLanguage\":\"es\"}]}<\/script>\n<!-- \/ Yoast SEO plugin. -->","yoast_head_json":{"title":"3M GM 74 Adhesivo anaer\u00f3bico para sellado de superficies | Cardinal TAPES","description":"El adhesivo anaer\u00f3bico 3M GM 74 para el sellado de superficies es muy adecuado para aplicaciones a altas temperaturas. Obtenga m\u00e1s informaci\u00f3n aqu\u00ed.","robots":{"index":"index","follow":"follow","max-snippet":"max-snippet:-1","max-image-preview":"max-image-preview:large","max-video-preview":"max-video-preview:-1"},"canonical":"https:\/\/cardinal-tapes.com\/es\/cintas-adhesivas\/adhesivos\/3m-gm-74-adhesivo-anaerobico-para-el-sellado-de-superficies-2\/","og_locale":"es_ES","og_type":"article","og_title":"3M GM 74 Adhesivo anaer\u00f3bico para sellado de superficies | Cardinal TAPES","og_description":"El adhesivo anaer\u00f3bico 3M GM 74 para el sellado de superficies es muy adecuado para aplicaciones a altas temperaturas. Obtenga m\u00e1s informaci\u00f3n aqu\u00ed.","og_url":"https:\/\/cardinal-tapes.com\/es\/cintas-adhesivas\/adhesivos\/3m-gm-74-adhesivo-anaerobico-para-el-sellado-de-superficies-2\/","og_site_name":"cardinal TAPES","og_image":[{"width":600,"height":600,"url":"https:\/\/cardinal-tapes.com\/wp-content\/uploads\/3m_anaerober_klebstoff_flaechendichtung_gm74.jpg","type":"image\/jpeg"}],"twitter_card":"summary_large_image","schema":{"@context":"https:\/\/schema.org","@graph":[{"@type":"WebPage","@id":"https:\/\/cardinal-tapes.com\/es\/cintas-adhesivas\/adhesivos\/3m-gm-74-adhesivo-anaerobico-para-el-sellado-de-superficies-2\/","url":"https:\/\/cardinal-tapes.com\/es\/cintas-adhesivas\/adhesivos\/3m-gm-74-adhesivo-anaerobico-para-el-sellado-de-superficies-2\/","name":"3M GM 74 Adhesivo anaer\u00f3bico para sellado de superficies | Cardinal TAPES","isPartOf":{"@id":"https:\/\/cardinal-tapes.com\/#website"},"primaryImageOfPage":{"@id":"https:\/\/cardinal-tapes.com\/es\/cintas-adhesivas\/adhesivos\/3m-gm-74-adhesivo-anaerobico-para-el-sellado-de-superficies-2\/#primaryimage"},"image":{"@id":"https:\/\/cardinal-tapes.com\/es\/cintas-adhesivas\/adhesivos\/3m-gm-74-adhesivo-anaerobico-para-el-sellado-de-superficies-2\/#primaryimage"},"thumbnailUrl":"https:\/\/cardinal-tapes.com\/wp-content\/uploads\/3m_anaerober_klebstoff_flaechendichtung_gm74.jpg","datePublished":"2023-06-06T08:06:31+00:00","description":"El adhesivo anaer\u00f3bico 3M GM 74 para el sellado de superficies es muy adecuado para aplicaciones a altas temperaturas. Obtenga m\u00e1s informaci\u00f3n aqu\u00ed.","breadcrumb":{"@id":"https:\/\/cardinal-tapes.com\/es\/cintas-adhesivas\/adhesivos\/3m-gm-74-adhesivo-anaerobico-para-el-sellado-de-superficies-2\/#breadcrumb"},"inLanguage":"es","potentialAction":[{"@type":"ReadAction","target":["https:\/\/cardinal-tapes.com\/es\/cintas-adhesivas\/adhesivos\/3m-gm-74-adhesivo-anaerobico-para-el-sellado-de-superficies-2\/"]}]},{"@type":"ImageObject","inLanguage":"es","@id":"https:\/\/cardinal-tapes.com\/es\/cintas-adhesivas\/adhesivos\/3m-gm-74-adhesivo-anaerobico-para-el-sellado-de-superficies-2\/#primaryimage","url":"https:\/\/cardinal-tapes.com\/wp-content\/uploads\/3m_anaerober_klebstoff_flaechendichtung_gm74.jpg","contentUrl":"https:\/\/cardinal-tapes.com\/wp-content\/uploads\/3m_anaerober_klebstoff_flaechendichtung_gm74.jpg","width":600,"height":600,"caption":"3M Adhesivo anaer\u00f3bico para sellado de superficies GM74"},{"@type":"BreadcrumbList","@id":"https:\/\/cardinal-tapes.com\/es\/cintas-adhesivas\/adhesivos\/3m-gm-74-adhesivo-anaerobico-para-el-sellado-de-superficies-2\/#breadcrumb","itemListElement":[{"@type":"ListItem","position":1,"name":"Startseite","item":"https:\/\/cardinal-tapes.com\/es\/"},{"@type":"ListItem","position":2,"name":"Cintas adhesivas","item":"https:\/\/cardinal-tapes.com\/es\/cintas-adhesivas-es\/"},{"@type":"ListItem","position":3,"name":"Adhesivos","item":"https:\/\/cardinal-tapes.com\/es\/categora\/adhesivos\/"},{"@type":"ListItem","position":4,"name":"3M\u2122 GM 74 Adhesivo anaer\u00f3bico para sellado de superficies"}]},{"@type":"WebSite","@id":"https:\/\/cardinal-tapes.com\/#website","url":"https:\/\/cardinal-tapes.com\/","name":"cardinal TAPES","description":"Klebetechnik aus Wuppertal","potentialAction":[{"@type":"SearchAction","target":{"@type":"EntryPoint","urlTemplate":"https:\/\/cardinal-tapes.com\/?s={search_term_string}"},"query-input":{"@type":"PropertyValueSpecification","valueRequired":true,"valueName":"search_term_string"}}],"inLanguage":"es"}]}},"brands":[{"id":2169,"name":"3M","slug":"3m-es"}],"_links":{"self":[{"href":"https:\/\/cardinal-tapes.com\/es\/wp-json\/wp\/v2\/product\/60554","targetHints":{"allow":["GET"]}}],"collection":[{"href":"https:\/\/cardinal-tapes.com\/es\/wp-json\/wp\/v2\/product"}],"about":[{"href":"https:\/\/cardinal-tapes.com\/es\/wp-json\/wp\/v2\/types\/product"}],"wp:featuredmedia":[{"embeddable":true,"href":"https:\/\/cardinal-tapes.com\/es\/wp-json\/wp\/v2\/media\/25391"}],"wp:attachment":[{"href":"https:\/\/cardinal-tapes.com\/es\/wp-json\/wp\/v2\/media?parent=60554"}],"wp:term":[{"taxonomy":"pwb-brand","embeddable":true,"href":"https:\/\/cardinal-tapes.com\/es\/wp-json\/wp\/v2\/pwb-brand?post=60554"},{"taxonomy":"product_brand","embeddable":true,"href":"https:\/\/cardinal-tapes.com\/es\/wp-json\/wp\/v2\/product_brand?post=60554"},{"taxonomy":"product_cat","embeddable":true,"href":"https:\/\/cardinal-tapes.com\/es\/wp-json\/wp\/v2\/product_cat?post=60554"},{"taxonomy":"product_tag","embeddable":true,"href":"https:\/\/cardinal-tapes.com\/es\/wp-json\/wp\/v2\/product_tag?post=60554"}],"curies":[{"name":"wp","href":"https:\/\/api.w.org\/{rel}","templated":true}]}}