{"id":60459,"date":"2017-12-22T09:32:47","date_gmt":"2017-12-22T08:32:47","guid":{"rendered":"https:\/\/cardinal.pixel-tal.de\/klebebaender\/sin%20categor\u00eda\/3m-dp-8005-adhesivo-bicomponente-de-base-acrilica-para-la-construccion\/"},"modified":"2025-07-03T12:32:24","modified_gmt":"2025-07-03T10:32:24","slug":"3m-dp-8005-adhesivo-de-construccion-de-dos-componentes-a-base-de-acrilato","status":"publish","type":"product","link":"https:\/\/cardinal-tapes.com\/es\/cintas-adhesivas\/adhesivos-liquidos\/adhesivos\/3m-dp-8005-adhesivo-de-construccion-de-dos-componentes-a-base-de-acrilato\/","title":{"rendered":"3M\u2122 DP 8005 Adhesivo bicomponente de base acr\u00edlica para la construcci\u00f3n."},"content":{"rendered":"<p>El adhesivo de construcci\u00f3n de base acr\u00edlica de dos componentes 3M\u2122 DP 8005 cura a temperatura ambiente y no contiene disolventes. Las caracter\u00edsticas particulares del adhesivo son el r\u00e1pido desarrollo de la fuerza, el corto tiempo de procesamiento, la alta resistencia final y la resistencia al agua. Por eso 3M\u2122 DP 8005 se utiliza principalmente para pegar pl\u00e1sticos, metales, vidrio y madera. Tiene preguntas sobre el adhesivo bicomponente para la construcci\u00f3n 3M\u2122 DP 8005.<\/p>\n<p><strong>Propiedades<\/strong><\/p>\n<ul>\n<li>Alta resistencia al cizallamiento<\/li>\n<li>Buena resistencia al pelado<\/li>\n<li>Buena resistencia al impacto<\/li>\n<\/ul>\n<p><strong>Aplicaciones<\/strong><\/p>\n<ul>\n<li>Sustituye a tornillos, remaches, soldaduras de pl\u00e1stico y procesos en dos etapas<\/li>\n<\/ul>\n","protected":false},"excerpt":{"rendered":"<p>El adhesivo de construcci\u00f3n de base acr\u00edlica de dos componentes 3M\u2122 DP 8005 cura a temperatura ambiente y no contiene disolventes. Las caracter\u00edsticas particulares del adhesivo son el r\u00e1pido desarrollo de la fuerza, el corto tiempo de procesamiento, la alta resistencia final y la resistencia al agua. Por eso 3M\u2122 DP 8005 se utiliza principalmente [&hellip;]<\/p>\n","protected":false},"featured_media":25595,"template":"","meta":{"_acf_changed":false},"pwb-brand":[2169],"product_brand":[],"product_cat":[1869],"product_tag":[],"class_list":{"0":"post-60459","1":"product","2":"type-product","3":"status-publish","4":"has-post-thumbnail","6":"pwb-brand-3m-es","7":"product_cat-adhesivos","9":"first","10":"instock","11":"taxable","12":"shipping-taxable","13":"purchasable","14":"product-type-simple"},"acf":[],"yoast_head":"<!-- This site is optimized with the Yoast SEO plugin v27.3 - https:\/\/yoast.com\/product\/yoast-seo-wordpress\/ -->\n<title>3M DP 8005 Adhesivo acr\u00edlico bicomponente para la construcci\u00f3n<\/title>\n<meta name=\"description\" content=\"El adhesivo de construcci\u00f3n 3M DP 8005 NS de dos componentes a base de acrilato cura a temperatura ambiente y no contiene disolventes. M\u00e1s informaci\u00f3n sobre 3M DP 8005.\" \/>\n<meta name=\"robots\" content=\"index, follow, max-snippet:-1, max-image-preview:large, max-video-preview:-1\" \/>\n<link rel=\"canonical\" href=\"https:\/\/cardinal-tapes.com\/es\/cintas-adhesivas\/adhesivos-liquidos\/adhesivos\/3m-dp-8005-adhesivo-de-construccion-de-dos-componentes-a-base-de-acrilato\/\" \/>\n<meta property=\"og:locale\" content=\"es_ES\" \/>\n<meta property=\"og:type\" content=\"article\" \/>\n<meta property=\"og:title\" content=\"3M DP 8005 Adhesivo acr\u00edlico bicomponente para la construcci\u00f3n\" \/>\n<meta property=\"og:description\" content=\"El adhesivo de construcci\u00f3n 3M DP 8005 NS de dos componentes a base de acrilato cura a temperatura ambiente y no contiene disolventes. M\u00e1s informaci\u00f3n sobre 3M DP 8005.\" \/>\n<meta property=\"og:url\" content=\"https:\/\/cardinal-tapes.com\/es\/cintas-adhesivas\/adhesivos-liquidos\/adhesivos\/3m-dp-8005-adhesivo-de-construccion-de-dos-componentes-a-base-de-acrilato\/\" \/>\n<meta property=\"og:site_name\" content=\"cardinal TAPES\" \/>\n<meta property=\"article:modified_time\" content=\"2025-07-03T10:32:24+00:00\" \/>\n<meta property=\"og:image\" content=\"https:\/\/cardinal-tapes.com\/wp-content\/uploads\/3m_zk-konstruktionsklebestoff_dp8005.jpg\" \/>\n\t<meta property=\"og:image:width\" content=\"600\" \/>\n\t<meta property=\"og:image:height\" content=\"600\" \/>\n\t<meta property=\"og:image:type\" content=\"image\/jpeg\" \/>\n<meta name=\"twitter:card\" content=\"summary_large_image\" \/>\n<meta name=\"twitter:label1\" content=\"Tiempo de lectura\" \/>\n\t<meta name=\"twitter:data1\" content=\"1 minuto\" \/>\n<script type=\"application\/ld+json\" class=\"yoast-schema-graph\">{\"@context\":\"https:\\\/\\\/schema.org\",\"@graph\":[{\"@type\":\"WebPage\",\"@id\":\"https:\\\/\\\/cardinal-tapes.com\\\/es\\\/cintas-adhesivas\\\/adhesivos-liquidos\\\/adhesivos\\\/3m-dp-8005-adhesivo-de-construccion-de-dos-componentes-a-base-de-acrilato\\\/\",\"url\":\"https:\\\/\\\/cardinal-tapes.com\\\/es\\\/cintas-adhesivas\\\/adhesivos-liquidos\\\/adhesivos\\\/3m-dp-8005-adhesivo-de-construccion-de-dos-componentes-a-base-de-acrilato\\\/\",\"name\":\"3M DP 8005 Adhesivo acr\u00edlico bicomponente para la construcci\u00f3n\",\"isPartOf\":{\"@id\":\"https:\\\/\\\/cardinal-tapes.com\\\/#website\"},\"primaryImageOfPage\":{\"@id\":\"https:\\\/\\\/cardinal-tapes.com\\\/es\\\/cintas-adhesivas\\\/adhesivos-liquidos\\\/adhesivos\\\/3m-dp-8005-adhesivo-de-construccion-de-dos-componentes-a-base-de-acrilato\\\/#primaryimage\"},\"image\":{\"@id\":\"https:\\\/\\\/cardinal-tapes.com\\\/es\\\/cintas-adhesivas\\\/adhesivos-liquidos\\\/adhesivos\\\/3m-dp-8005-adhesivo-de-construccion-de-dos-componentes-a-base-de-acrilato\\\/#primaryimage\"},\"thumbnailUrl\":\"https:\\\/\\\/cardinal-tapes.com\\\/wp-content\\\/uploads\\\/3m_zk-konstruktionsklebestoff_dp8005.jpg\",\"datePublished\":\"2017-12-22T08:32:47+00:00\",\"dateModified\":\"2025-07-03T10:32:24+00:00\",\"description\":\"El adhesivo de construcci\u00f3n 3M DP 8005 NS de dos componentes a base de acrilato cura a temperatura ambiente y no contiene disolventes. M\u00e1s informaci\u00f3n sobre 3M DP 8005.\",\"breadcrumb\":{\"@id\":\"https:\\\/\\\/cardinal-tapes.com\\\/es\\\/cintas-adhesivas\\\/adhesivos-liquidos\\\/adhesivos\\\/3m-dp-8005-adhesivo-de-construccion-de-dos-componentes-a-base-de-acrilato\\\/#breadcrumb\"},\"inLanguage\":\"es\",\"potentialAction\":[{\"@type\":\"ReadAction\",\"target\":[\"https:\\\/\\\/cardinal-tapes.com\\\/es\\\/cintas-adhesivas\\\/adhesivos-liquidos\\\/adhesivos\\\/3m-dp-8005-adhesivo-de-construccion-de-dos-componentes-a-base-de-acrilato\\\/\"]}]},{\"@type\":\"ImageObject\",\"inLanguage\":\"es\",\"@id\":\"https:\\\/\\\/cardinal-tapes.com\\\/es\\\/cintas-adhesivas\\\/adhesivos-liquidos\\\/adhesivos\\\/3m-dp-8005-adhesivo-de-construccion-de-dos-componentes-a-base-de-acrilato\\\/#primaryimage\",\"url\":\"https:\\\/\\\/cardinal-tapes.com\\\/wp-content\\\/uploads\\\/3m_zk-konstruktionsklebestoff_dp8005.jpg\",\"contentUrl\":\"https:\\\/\\\/cardinal-tapes.com\\\/wp-content\\\/uploads\\\/3m_zk-konstruktionsklebestoff_dp8005.jpg\",\"width\":600,\"height\":600,\"caption\":\"3M Adhesivo de construcci\u00f3n DP8005\"},{\"@type\":\"BreadcrumbList\",\"@id\":\"https:\\\/\\\/cardinal-tapes.com\\\/es\\\/cintas-adhesivas\\\/adhesivos-liquidos\\\/adhesivos\\\/3m-dp-8005-adhesivo-de-construccion-de-dos-componentes-a-base-de-acrilato\\\/#breadcrumb\",\"itemListElement\":[{\"@type\":\"ListItem\",\"position\":1,\"name\":\"Startseite\",\"item\":\"https:\\\/\\\/cardinal-tapes.com\\\/es\\\/\"},{\"@type\":\"ListItem\",\"position\":2,\"name\":\"Cintas adhesivas\",\"item\":\"https:\\\/\\\/cardinal-tapes.com\\\/es\\\/cintas-adhesivas-es\\\/\"},{\"@type\":\"ListItem\",\"position\":3,\"name\":\"Adhesivos l\u00edquidos\",\"item\":\"https:\\\/\\\/cardinal-tapes.com\\\/es\\\/categora\\\/adhesivos-liquidos\\\/\"},{\"@type\":\"ListItem\",\"position\":4,\"name\":\"Adhesivos\",\"item\":\"https:\\\/\\\/cardinal-tapes.com\\\/es\\\/categora\\\/adhesivos\\\/\"},{\"@type\":\"ListItem\",\"position\":5,\"name\":\"3M\u2122 DP 8005 Adhesivo bicomponente de base acr\u00edlica para la construcci\u00f3n.\"}]},{\"@type\":\"WebSite\",\"@id\":\"https:\\\/\\\/cardinal-tapes.com\\\/#website\",\"url\":\"https:\\\/\\\/cardinal-tapes.com\\\/\",\"name\":\"cardinal TAPES\",\"description\":\"Klebetechnik aus Wuppertal\",\"potentialAction\":[{\"@type\":\"SearchAction\",\"target\":{\"@type\":\"EntryPoint\",\"urlTemplate\":\"https:\\\/\\\/cardinal-tapes.com\\\/?s={search_term_string}\"},\"query-input\":{\"@type\":\"PropertyValueSpecification\",\"valueRequired\":true,\"valueName\":\"search_term_string\"}}],\"inLanguage\":\"es\"}]}<\/script>\n<!-- \/ Yoast SEO plugin. -->","yoast_head_json":{"title":"3M DP 8005 Adhesivo acr\u00edlico bicomponente para la construcci\u00f3n","description":"El adhesivo de construcci\u00f3n 3M DP 8005 NS de dos componentes a base de acrilato cura a temperatura ambiente y no contiene disolventes. M\u00e1s informaci\u00f3n sobre 3M DP 8005.","robots":{"index":"index","follow":"follow","max-snippet":"max-snippet:-1","max-image-preview":"max-image-preview:large","max-video-preview":"max-video-preview:-1"},"canonical":"https:\/\/cardinal-tapes.com\/es\/cintas-adhesivas\/adhesivos-liquidos\/adhesivos\/3m-dp-8005-adhesivo-de-construccion-de-dos-componentes-a-base-de-acrilato\/","og_locale":"es_ES","og_type":"article","og_title":"3M DP 8005 Adhesivo acr\u00edlico bicomponente para la construcci\u00f3n","og_description":"El adhesivo de construcci\u00f3n 3M DP 8005 NS de dos componentes a base de acrilato cura a temperatura ambiente y no contiene disolventes. M\u00e1s informaci\u00f3n sobre 3M DP 8005.","og_url":"https:\/\/cardinal-tapes.com\/es\/cintas-adhesivas\/adhesivos-liquidos\/adhesivos\/3m-dp-8005-adhesivo-de-construccion-de-dos-componentes-a-base-de-acrilato\/","og_site_name":"cardinal TAPES","article_modified_time":"2025-07-03T10:32:24+00:00","og_image":[{"width":600,"height":600,"url":"https:\/\/cardinal-tapes.com\/wp-content\/uploads\/3m_zk-konstruktionsklebestoff_dp8005.jpg","type":"image\/jpeg"}],"twitter_card":"summary_large_image","twitter_misc":{"Tiempo de lectura":"1 minuto"},"schema":{"@context":"https:\/\/schema.org","@graph":[{"@type":"WebPage","@id":"https:\/\/cardinal-tapes.com\/es\/cintas-adhesivas\/adhesivos-liquidos\/adhesivos\/3m-dp-8005-adhesivo-de-construccion-de-dos-componentes-a-base-de-acrilato\/","url":"https:\/\/cardinal-tapes.com\/es\/cintas-adhesivas\/adhesivos-liquidos\/adhesivos\/3m-dp-8005-adhesivo-de-construccion-de-dos-componentes-a-base-de-acrilato\/","name":"3M DP 8005 Adhesivo acr\u00edlico bicomponente para la construcci\u00f3n","isPartOf":{"@id":"https:\/\/cardinal-tapes.com\/#website"},"primaryImageOfPage":{"@id":"https:\/\/cardinal-tapes.com\/es\/cintas-adhesivas\/adhesivos-liquidos\/adhesivos\/3m-dp-8005-adhesivo-de-construccion-de-dos-componentes-a-base-de-acrilato\/#primaryimage"},"image":{"@id":"https:\/\/cardinal-tapes.com\/es\/cintas-adhesivas\/adhesivos-liquidos\/adhesivos\/3m-dp-8005-adhesivo-de-construccion-de-dos-componentes-a-base-de-acrilato\/#primaryimage"},"thumbnailUrl":"https:\/\/cardinal-tapes.com\/wp-content\/uploads\/3m_zk-konstruktionsklebestoff_dp8005.jpg","datePublished":"2017-12-22T08:32:47+00:00","dateModified":"2025-07-03T10:32:24+00:00","description":"El adhesivo de construcci\u00f3n 3M DP 8005 NS de dos componentes a base de acrilato cura a temperatura ambiente y no contiene disolventes. M\u00e1s informaci\u00f3n sobre 3M DP 8005.","breadcrumb":{"@id":"https:\/\/cardinal-tapes.com\/es\/cintas-adhesivas\/adhesivos-liquidos\/adhesivos\/3m-dp-8005-adhesivo-de-construccion-de-dos-componentes-a-base-de-acrilato\/#breadcrumb"},"inLanguage":"es","potentialAction":[{"@type":"ReadAction","target":["https:\/\/cardinal-tapes.com\/es\/cintas-adhesivas\/adhesivos-liquidos\/adhesivos\/3m-dp-8005-adhesivo-de-construccion-de-dos-componentes-a-base-de-acrilato\/"]}]},{"@type":"ImageObject","inLanguage":"es","@id":"https:\/\/cardinal-tapes.com\/es\/cintas-adhesivas\/adhesivos-liquidos\/adhesivos\/3m-dp-8005-adhesivo-de-construccion-de-dos-componentes-a-base-de-acrilato\/#primaryimage","url":"https:\/\/cardinal-tapes.com\/wp-content\/uploads\/3m_zk-konstruktionsklebestoff_dp8005.jpg","contentUrl":"https:\/\/cardinal-tapes.com\/wp-content\/uploads\/3m_zk-konstruktionsklebestoff_dp8005.jpg","width":600,"height":600,"caption":"3M Adhesivo de construcci\u00f3n DP8005"},{"@type":"BreadcrumbList","@id":"https:\/\/cardinal-tapes.com\/es\/cintas-adhesivas\/adhesivos-liquidos\/adhesivos\/3m-dp-8005-adhesivo-de-construccion-de-dos-componentes-a-base-de-acrilato\/#breadcrumb","itemListElement":[{"@type":"ListItem","position":1,"name":"Startseite","item":"https:\/\/cardinal-tapes.com\/es\/"},{"@type":"ListItem","position":2,"name":"Cintas adhesivas","item":"https:\/\/cardinal-tapes.com\/es\/cintas-adhesivas-es\/"},{"@type":"ListItem","position":3,"name":"Adhesivos l\u00edquidos","item":"https:\/\/cardinal-tapes.com\/es\/categora\/adhesivos-liquidos\/"},{"@type":"ListItem","position":4,"name":"Adhesivos","item":"https:\/\/cardinal-tapes.com\/es\/categora\/adhesivos\/"},{"@type":"ListItem","position":5,"name":"3M\u2122 DP 8005 Adhesivo bicomponente de base acr\u00edlica para la construcci\u00f3n."}]},{"@type":"WebSite","@id":"https:\/\/cardinal-tapes.com\/#website","url":"https:\/\/cardinal-tapes.com\/","name":"cardinal TAPES","description":"Klebetechnik aus Wuppertal","potentialAction":[{"@type":"SearchAction","target":{"@type":"EntryPoint","urlTemplate":"https:\/\/cardinal-tapes.com\/?s={search_term_string}"},"query-input":{"@type":"PropertyValueSpecification","valueRequired":true,"valueName":"search_term_string"}}],"inLanguage":"es"}]}},"brands":[{"id":2169,"name":"3M","slug":"3m-es"}],"_links":{"self":[{"href":"https:\/\/cardinal-tapes.com\/es\/wp-json\/wp\/v2\/product\/60459","targetHints":{"allow":["GET"]}}],"collection":[{"href":"https:\/\/cardinal-tapes.com\/es\/wp-json\/wp\/v2\/product"}],"about":[{"href":"https:\/\/cardinal-tapes.com\/es\/wp-json\/wp\/v2\/types\/product"}],"wp:featuredmedia":[{"embeddable":true,"href":"https:\/\/cardinal-tapes.com\/es\/wp-json\/wp\/v2\/media\/25595"}],"wp:attachment":[{"href":"https:\/\/cardinal-tapes.com\/es\/wp-json\/wp\/v2\/media?parent=60459"}],"wp:term":[{"taxonomy":"pwb-brand","embeddable":true,"href":"https:\/\/cardinal-tapes.com\/es\/wp-json\/wp\/v2\/pwb-brand?post=60459"},{"taxonomy":"product_brand","embeddable":true,"href":"https:\/\/cardinal-tapes.com\/es\/wp-json\/wp\/v2\/product_brand?post=60459"},{"taxonomy":"product_cat","embeddable":true,"href":"https:\/\/cardinal-tapes.com\/es\/wp-json\/wp\/v2\/product_cat?post=60459"},{"taxonomy":"product_tag","embeddable":true,"href":"https:\/\/cardinal-tapes.com\/es\/wp-json\/wp\/v2\/product_tag?post=60459"}],"curies":[{"name":"wp","href":"https:\/\/api.w.org\/{rel}","templated":true}]}}