{"id":60456,"date":"2017-12-22T09:37:50","date_gmt":"2017-12-22T08:37:50","guid":{"rendered":"https:\/\/cardinal.pixel-tal.de\/klebebaender\/sin%20categor\u00eda\/3m-dp-620-adhesivo-de-dos-componentes-a-base-de-poliuretano-para-la-construccion\/"},"modified":"2025-07-03T12:39:50","modified_gmt":"2025-07-03T10:39:50","slug":"3m-dp-620-adhesivo-de-dos-componentes-para-la-construccion-a-base-de-poliuretano","status":"publish","type":"product","link":"https:\/\/cardinal-tapes.com\/es\/cintas-adhesivas\/adhesivos-liquidos\/adhesivos\/3m-dp-620-adhesivo-de-dos-componentes-para-la-construccion-a-base-de-poliuretano\/","title":{"rendered":"3M\u2122 DP 620 NS Adhesivo de dos componentes a base de poliuretano para la construcci\u00f3n."},"content":{"rendered":"<p>3M\u2122 Scotch-Weld\u2122 DP 620 NS es un adhesivo flexible de 2 componentes para la construcci\u00f3n a base de poliuretano DP 620 NS pega muchos pl\u00e1sticos, caucho, metales pintados e imprimados, compuestos de fibra, madera, cer\u00e1mica, vidrio, etc.<\/p>\n<p><strong>Propiedades<\/strong><\/p>\n<ul>\n<li class=\"sps2-pdp_details--highlights_item mds-font_paragraph\">soporta cargas din\u00e1micas elevadas<\/li>\n<li class=\"sps2-pdp_details--highlights_item mds-font_paragraph\">Robusto y dotado de un breve tiempo de procesamiento<\/li>\n<li>No se ejecuta el adhesivo de construcci\u00f3n<\/li>\n<\/ul>\n<p><strong>Utilizaci\u00f3n<\/strong><\/p>\n<ul>\n<li>Uni\u00f3n de distintos materiales en la producci\u00f3n industrial<\/li>\n<li>Uni\u00f3n de metales<\/li>\n<\/ul>\n","protected":false},"excerpt":{"rendered":"<p>3M\u2122 Scotch-Weld\u2122 DP 620 NS es un adhesivo flexible de 2 componentes para la construcci\u00f3n a base de poliuretano DP 620 NS pega muchos pl\u00e1sticos, caucho, metales pintados e imprimados, compuestos de fibra, madera, cer\u00e1mica, vidrio, etc. Propiedades soporta cargas din\u00e1micas elevadas Robusto y dotado de un breve tiempo de procesamiento No se ejecuta el [&hellip;]<\/p>\n","protected":false},"featured_media":25579,"template":"","meta":{"_acf_changed":false},"pwb-brand":[2169],"product_brand":[],"product_cat":[1869],"product_tag":[],"class_list":{"0":"post-60456","1":"product","2":"type-product","3":"status-publish","4":"has-post-thumbnail","6":"pwb-brand-3m-es","7":"product_cat-adhesivos","9":"first","10":"instock","11":"taxable","12":"shipping-taxable","13":"purchasable","14":"product-type-simple"},"acf":[],"yoast_head":"<!-- This site is optimized with the Yoast SEO plugin v27.3 - https:\/\/yoast.com\/product\/yoast-seo-wordpress\/ -->\n<title>3M DP 620 Adhesivo bicomponente de poliuretano para la construcci\u00f3n<\/title>\n<meta name=\"description\" content=\"El adhesivo de construcci\u00f3n de dos componentes a base de poliuretano 3M DP 620 no fluye y es especialmente flexible al mismo tiempo. M\u00e1s informaci\u00f3n.\" \/>\n<meta name=\"robots\" content=\"index, follow, max-snippet:-1, max-image-preview:large, max-video-preview:-1\" \/>\n<link rel=\"canonical\" href=\"https:\/\/cardinal-tapes.com\/es\/cintas-adhesivas\/adhesivos-liquidos\/adhesivos\/3m-dp-620-adhesivo-de-dos-componentes-para-la-construccion-a-base-de-poliuretano\/\" \/>\n<meta property=\"og:locale\" content=\"es_ES\" \/>\n<meta property=\"og:type\" content=\"article\" \/>\n<meta property=\"og:title\" content=\"3M DP 620 Adhesivo bicomponente de poliuretano para la construcci\u00f3n\" \/>\n<meta property=\"og:description\" content=\"El adhesivo de construcci\u00f3n de dos componentes a base de poliuretano 3M DP 620 no fluye y es especialmente flexible al mismo tiempo. M\u00e1s informaci\u00f3n.\" \/>\n<meta property=\"og:url\" content=\"https:\/\/cardinal-tapes.com\/es\/cintas-adhesivas\/adhesivos-liquidos\/adhesivos\/3m-dp-620-adhesivo-de-dos-componentes-para-la-construccion-a-base-de-poliuretano\/\" \/>\n<meta property=\"og:site_name\" content=\"cardinal TAPES\" \/>\n<meta property=\"article:modified_time\" content=\"2025-07-03T10:39:50+00:00\" \/>\n<meta property=\"og:image\" content=\"https:\/\/cardinal-tapes.com\/wp-content\/uploads\/3m_zk-konstruktionsklebestoff_dp620.jpg\" \/>\n\t<meta property=\"og:image:width\" content=\"600\" \/>\n\t<meta property=\"og:image:height\" content=\"600\" \/>\n\t<meta property=\"og:image:type\" content=\"image\/jpeg\" \/>\n<meta name=\"twitter:card\" content=\"summary_large_image\" \/>\n<script type=\"application\/ld+json\" class=\"yoast-schema-graph\">{\"@context\":\"https:\\\/\\\/schema.org\",\"@graph\":[{\"@type\":\"WebPage\",\"@id\":\"https:\\\/\\\/cardinal-tapes.com\\\/es\\\/cintas-adhesivas\\\/adhesivos-liquidos\\\/adhesivos\\\/3m-dp-620-adhesivo-de-dos-componentes-para-la-construccion-a-base-de-poliuretano\\\/\",\"url\":\"https:\\\/\\\/cardinal-tapes.com\\\/es\\\/cintas-adhesivas\\\/adhesivos-liquidos\\\/adhesivos\\\/3m-dp-620-adhesivo-de-dos-componentes-para-la-construccion-a-base-de-poliuretano\\\/\",\"name\":\"3M DP 620 Adhesivo bicomponente de poliuretano para la construcci\u00f3n\",\"isPartOf\":{\"@id\":\"https:\\\/\\\/cardinal-tapes.com\\\/#website\"},\"primaryImageOfPage\":{\"@id\":\"https:\\\/\\\/cardinal-tapes.com\\\/es\\\/cintas-adhesivas\\\/adhesivos-liquidos\\\/adhesivos\\\/3m-dp-620-adhesivo-de-dos-componentes-para-la-construccion-a-base-de-poliuretano\\\/#primaryimage\"},\"image\":{\"@id\":\"https:\\\/\\\/cardinal-tapes.com\\\/es\\\/cintas-adhesivas\\\/adhesivos-liquidos\\\/adhesivos\\\/3m-dp-620-adhesivo-de-dos-componentes-para-la-construccion-a-base-de-poliuretano\\\/#primaryimage\"},\"thumbnailUrl\":\"https:\\\/\\\/cardinal-tapes.com\\\/wp-content\\\/uploads\\\/3m_zk-konstruktionsklebestoff_dp620.jpg\",\"datePublished\":\"2017-12-22T08:37:50+00:00\",\"dateModified\":\"2025-07-03T10:39:50+00:00\",\"description\":\"El adhesivo de construcci\u00f3n de dos componentes a base de poliuretano 3M DP 620 no fluye y es especialmente flexible al mismo tiempo. M\u00e1s informaci\u00f3n.\",\"breadcrumb\":{\"@id\":\"https:\\\/\\\/cardinal-tapes.com\\\/es\\\/cintas-adhesivas\\\/adhesivos-liquidos\\\/adhesivos\\\/3m-dp-620-adhesivo-de-dos-componentes-para-la-construccion-a-base-de-poliuretano\\\/#breadcrumb\"},\"inLanguage\":\"es\",\"potentialAction\":[{\"@type\":\"ReadAction\",\"target\":[\"https:\\\/\\\/cardinal-tapes.com\\\/es\\\/cintas-adhesivas\\\/adhesivos-liquidos\\\/adhesivos\\\/3m-dp-620-adhesivo-de-dos-componentes-para-la-construccion-a-base-de-poliuretano\\\/\"]}]},{\"@type\":\"ImageObject\",\"inLanguage\":\"es\",\"@id\":\"https:\\\/\\\/cardinal-tapes.com\\\/es\\\/cintas-adhesivas\\\/adhesivos-liquidos\\\/adhesivos\\\/3m-dp-620-adhesivo-de-dos-componentes-para-la-construccion-a-base-de-poliuretano\\\/#primaryimage\",\"url\":\"https:\\\/\\\/cardinal-tapes.com\\\/wp-content\\\/uploads\\\/3m_zk-konstruktionsklebestoff_dp620.jpg\",\"contentUrl\":\"https:\\\/\\\/cardinal-tapes.com\\\/wp-content\\\/uploads\\\/3m_zk-konstruktionsklebestoff_dp620.jpg\",\"width\":600,\"height\":600,\"caption\":\"3M Adhesivo de construcci\u00f3n DP620\"},{\"@type\":\"BreadcrumbList\",\"@id\":\"https:\\\/\\\/cardinal-tapes.com\\\/es\\\/cintas-adhesivas\\\/adhesivos-liquidos\\\/adhesivos\\\/3m-dp-620-adhesivo-de-dos-componentes-para-la-construccion-a-base-de-poliuretano\\\/#breadcrumb\",\"itemListElement\":[{\"@type\":\"ListItem\",\"position\":1,\"name\":\"Startseite\",\"item\":\"https:\\\/\\\/cardinal-tapes.com\\\/es\\\/\"},{\"@type\":\"ListItem\",\"position\":2,\"name\":\"Cintas adhesivas\",\"item\":\"https:\\\/\\\/cardinal-tapes.com\\\/es\\\/cintas-adhesivas-es\\\/\"},{\"@type\":\"ListItem\",\"position\":3,\"name\":\"Adhesivos l\u00edquidos\",\"item\":\"https:\\\/\\\/cardinal-tapes.com\\\/es\\\/categora\\\/adhesivos-liquidos\\\/\"},{\"@type\":\"ListItem\",\"position\":4,\"name\":\"Adhesivos\",\"item\":\"https:\\\/\\\/cardinal-tapes.com\\\/es\\\/categora\\\/adhesivos\\\/\"},{\"@type\":\"ListItem\",\"position\":5,\"name\":\"3M\u2122 DP 620 NS Adhesivo de dos componentes a base de poliuretano para la construcci\u00f3n.\"}]},{\"@type\":\"WebSite\",\"@id\":\"https:\\\/\\\/cardinal-tapes.com\\\/#website\",\"url\":\"https:\\\/\\\/cardinal-tapes.com\\\/\",\"name\":\"cardinal TAPES\",\"description\":\"Klebetechnik aus Wuppertal\",\"potentialAction\":[{\"@type\":\"SearchAction\",\"target\":{\"@type\":\"EntryPoint\",\"urlTemplate\":\"https:\\\/\\\/cardinal-tapes.com\\\/?s={search_term_string}\"},\"query-input\":{\"@type\":\"PropertyValueSpecification\",\"valueRequired\":true,\"valueName\":\"search_term_string\"}}],\"inLanguage\":\"es\"}]}<\/script>\n<!-- \/ Yoast SEO plugin. -->","yoast_head_json":{"title":"3M DP 620 Adhesivo bicomponente de poliuretano para la construcci\u00f3n","description":"El adhesivo de construcci\u00f3n de dos componentes a base de poliuretano 3M DP 620 no fluye y es especialmente flexible al mismo tiempo. M\u00e1s informaci\u00f3n.","robots":{"index":"index","follow":"follow","max-snippet":"max-snippet:-1","max-image-preview":"max-image-preview:large","max-video-preview":"max-video-preview:-1"},"canonical":"https:\/\/cardinal-tapes.com\/es\/cintas-adhesivas\/adhesivos-liquidos\/adhesivos\/3m-dp-620-adhesivo-de-dos-componentes-para-la-construccion-a-base-de-poliuretano\/","og_locale":"es_ES","og_type":"article","og_title":"3M DP 620 Adhesivo bicomponente de poliuretano para la construcci\u00f3n","og_description":"El adhesivo de construcci\u00f3n de dos componentes a base de poliuretano 3M DP 620 no fluye y es especialmente flexible al mismo tiempo. M\u00e1s informaci\u00f3n.","og_url":"https:\/\/cardinal-tapes.com\/es\/cintas-adhesivas\/adhesivos-liquidos\/adhesivos\/3m-dp-620-adhesivo-de-dos-componentes-para-la-construccion-a-base-de-poliuretano\/","og_site_name":"cardinal TAPES","article_modified_time":"2025-07-03T10:39:50+00:00","og_image":[{"width":600,"height":600,"url":"https:\/\/cardinal-tapes.com\/wp-content\/uploads\/3m_zk-konstruktionsklebestoff_dp620.jpg","type":"image\/jpeg"}],"twitter_card":"summary_large_image","schema":{"@context":"https:\/\/schema.org","@graph":[{"@type":"WebPage","@id":"https:\/\/cardinal-tapes.com\/es\/cintas-adhesivas\/adhesivos-liquidos\/adhesivos\/3m-dp-620-adhesivo-de-dos-componentes-para-la-construccion-a-base-de-poliuretano\/","url":"https:\/\/cardinal-tapes.com\/es\/cintas-adhesivas\/adhesivos-liquidos\/adhesivos\/3m-dp-620-adhesivo-de-dos-componentes-para-la-construccion-a-base-de-poliuretano\/","name":"3M DP 620 Adhesivo bicomponente de poliuretano para la construcci\u00f3n","isPartOf":{"@id":"https:\/\/cardinal-tapes.com\/#website"},"primaryImageOfPage":{"@id":"https:\/\/cardinal-tapes.com\/es\/cintas-adhesivas\/adhesivos-liquidos\/adhesivos\/3m-dp-620-adhesivo-de-dos-componentes-para-la-construccion-a-base-de-poliuretano\/#primaryimage"},"image":{"@id":"https:\/\/cardinal-tapes.com\/es\/cintas-adhesivas\/adhesivos-liquidos\/adhesivos\/3m-dp-620-adhesivo-de-dos-componentes-para-la-construccion-a-base-de-poliuretano\/#primaryimage"},"thumbnailUrl":"https:\/\/cardinal-tapes.com\/wp-content\/uploads\/3m_zk-konstruktionsklebestoff_dp620.jpg","datePublished":"2017-12-22T08:37:50+00:00","dateModified":"2025-07-03T10:39:50+00:00","description":"El adhesivo de construcci\u00f3n de dos componentes a base de poliuretano 3M DP 620 no fluye y es especialmente flexible al mismo tiempo. M\u00e1s informaci\u00f3n.","breadcrumb":{"@id":"https:\/\/cardinal-tapes.com\/es\/cintas-adhesivas\/adhesivos-liquidos\/adhesivos\/3m-dp-620-adhesivo-de-dos-componentes-para-la-construccion-a-base-de-poliuretano\/#breadcrumb"},"inLanguage":"es","potentialAction":[{"@type":"ReadAction","target":["https:\/\/cardinal-tapes.com\/es\/cintas-adhesivas\/adhesivos-liquidos\/adhesivos\/3m-dp-620-adhesivo-de-dos-componentes-para-la-construccion-a-base-de-poliuretano\/"]}]},{"@type":"ImageObject","inLanguage":"es","@id":"https:\/\/cardinal-tapes.com\/es\/cintas-adhesivas\/adhesivos-liquidos\/adhesivos\/3m-dp-620-adhesivo-de-dos-componentes-para-la-construccion-a-base-de-poliuretano\/#primaryimage","url":"https:\/\/cardinal-tapes.com\/wp-content\/uploads\/3m_zk-konstruktionsklebestoff_dp620.jpg","contentUrl":"https:\/\/cardinal-tapes.com\/wp-content\/uploads\/3m_zk-konstruktionsklebestoff_dp620.jpg","width":600,"height":600,"caption":"3M Adhesivo de construcci\u00f3n DP620"},{"@type":"BreadcrumbList","@id":"https:\/\/cardinal-tapes.com\/es\/cintas-adhesivas\/adhesivos-liquidos\/adhesivos\/3m-dp-620-adhesivo-de-dos-componentes-para-la-construccion-a-base-de-poliuretano\/#breadcrumb","itemListElement":[{"@type":"ListItem","position":1,"name":"Startseite","item":"https:\/\/cardinal-tapes.com\/es\/"},{"@type":"ListItem","position":2,"name":"Cintas adhesivas","item":"https:\/\/cardinal-tapes.com\/es\/cintas-adhesivas-es\/"},{"@type":"ListItem","position":3,"name":"Adhesivos l\u00edquidos","item":"https:\/\/cardinal-tapes.com\/es\/categora\/adhesivos-liquidos\/"},{"@type":"ListItem","position":4,"name":"Adhesivos","item":"https:\/\/cardinal-tapes.com\/es\/categora\/adhesivos\/"},{"@type":"ListItem","position":5,"name":"3M\u2122 DP 620 NS Adhesivo de dos componentes a base de poliuretano para la construcci\u00f3n."}]},{"@type":"WebSite","@id":"https:\/\/cardinal-tapes.com\/#website","url":"https:\/\/cardinal-tapes.com\/","name":"cardinal TAPES","description":"Klebetechnik aus Wuppertal","potentialAction":[{"@type":"SearchAction","target":{"@type":"EntryPoint","urlTemplate":"https:\/\/cardinal-tapes.com\/?s={search_term_string}"},"query-input":{"@type":"PropertyValueSpecification","valueRequired":true,"valueName":"search_term_string"}}],"inLanguage":"es"}]}},"brands":[{"id":2169,"name":"3M","slug":"3m-es"}],"_links":{"self":[{"href":"https:\/\/cardinal-tapes.com\/es\/wp-json\/wp\/v2\/product\/60456","targetHints":{"allow":["GET"]}}],"collection":[{"href":"https:\/\/cardinal-tapes.com\/es\/wp-json\/wp\/v2\/product"}],"about":[{"href":"https:\/\/cardinal-tapes.com\/es\/wp-json\/wp\/v2\/types\/product"}],"wp:featuredmedia":[{"embeddable":true,"href":"https:\/\/cardinal-tapes.com\/es\/wp-json\/wp\/v2\/media\/25579"}],"wp:attachment":[{"href":"https:\/\/cardinal-tapes.com\/es\/wp-json\/wp\/v2\/media?parent=60456"}],"wp:term":[{"taxonomy":"pwb-brand","embeddable":true,"href":"https:\/\/cardinal-tapes.com\/es\/wp-json\/wp\/v2\/pwb-brand?post=60456"},{"taxonomy":"product_brand","embeddable":true,"href":"https:\/\/cardinal-tapes.com\/es\/wp-json\/wp\/v2\/product_brand?post=60456"},{"taxonomy":"product_cat","embeddable":true,"href":"https:\/\/cardinal-tapes.com\/es\/wp-json\/wp\/v2\/product_cat?post=60456"},{"taxonomy":"product_tag","embeddable":true,"href":"https:\/\/cardinal-tapes.com\/es\/wp-json\/wp\/v2\/product_tag?post=60456"}],"curies":[{"name":"wp","href":"https:\/\/api.w.org\/{rel}","templated":true}]}}