{"id":60356,"date":"2017-12-22T16:01:50","date_gmt":"2023-06-06T07:50:48","guid":{"rendered":"https:\/\/cardinal.pixel-tal.de\/klebebaender\/sin categor\u00eda\/3m-80-aaerosol-adhesivo-a-base-de-policloropreno\/"},"modified":"2023-06-06T09:50:48","modified_gmt":"2023-06-06T07:50:48","slug":"3m-80-aerosol-adhesivo-a-base-de-policloropreno","status":"publish","type":"product","link":"https:\/\/cardinal-tapes.com\/es\/cintas-adhesivas\/adhesivos-liquidos\/adhesivos\/3m-80-aerosol-adhesivo-a-base-de-policloropreno\/","title":{"rendered":"3M\u2122 80 Aaerosol adhesivo a base de policloropreno"},"content":{"rendered":"<p>El 3M\u2122 Spray 80 es un adhesivo en aerosol a base de policloropreno y se utiliza principalmente para pegar PVC, pl\u00e1sticos y mucho m\u00e1s. Al mismo tiempo, una aplicaci\u00f3n fina y uniforme del adhesivo permite un trabajo limpio y preciso. Esto convierte al spray 3M\u2122 en una herramienta \u00fatil para una amplia gama de aplicaciones.<\/p>\n","protected":false},"excerpt":{"rendered":"<p>El 3M\u2122 Spray 80 es un adhesivo en aerosol a base de policloropreno y se utiliza principalmente para pegar PVC, pl\u00e1sticos y mucho m\u00e1s. Al mismo tiempo, una aplicaci\u00f3n fina y uniforme del adhesivo permite un trabajo limpio y preciso. Esto convierte al spray 3M\u2122 en una herramienta \u00fatil para una amplia gama de aplicaciones.<\/p>\n","protected":false},"featured_media":25483,"template":"","meta":{"_acf_changed":false},"pwb-brand":[2169],"product_brand":[],"product_cat":[1869],"product_tag":[],"class_list":{"0":"post-60356","1":"product","2":"type-product","3":"status-publish","4":"has-post-thumbnail","6":"pwb-brand-3m-es","7":"product_cat-adhesivos","9":"first","10":"instock","11":"taxable","12":"shipping-taxable","13":"purchasable","14":"product-type-simple"},"acf":[],"yoast_head":"<!-- This site is optimized with the Yoast SEO plugin v27.3 - https:\/\/yoast.com\/product\/yoast-seo-wordpress\/ -->\n<title>3M 80 Aaerosol adhesivo a base de policloropreno | Cardinal TAPES<\/title>\n<meta name=\"description\" content=\"El 3M Spray 80 es un adhesivo en aerosol. 3M 80 adhiere de forma fiable PVC, pl\u00e1sticos y mucho m\u00e1s. M\u00e1s informaci\u00f3n sobre 3M 80 aqu\u00ed.\" \/>\n<meta name=\"robots\" content=\"index, follow, max-snippet:-1, max-image-preview:large, max-video-preview:-1\" \/>\n<link rel=\"canonical\" href=\"https:\/\/cardinal-tapes.com\/es\/cintas-adhesivas\/adhesivos\/3m-80-aerosol-adhesivo-a-base-de-policloropreno\/\" \/>\n<meta property=\"og:locale\" content=\"es_ES\" \/>\n<meta property=\"og:type\" content=\"article\" \/>\n<meta property=\"og:title\" content=\"3M 80 Aaerosol adhesivo a base de policloropreno | Cardinal TAPES\" \/>\n<meta property=\"og:description\" content=\"El 3M Spray 80 es un adhesivo en aerosol. 3M 80 adhiere de forma fiable PVC, pl\u00e1sticos y mucho m\u00e1s. M\u00e1s informaci\u00f3n sobre 3M 80 aqu\u00ed.\" \/>\n<meta property=\"og:url\" content=\"https:\/\/cardinal-tapes.com\/es\/cintas-adhesivas\/adhesivos\/3m-80-aerosol-adhesivo-a-base-de-policloropreno\/\" \/>\n<meta property=\"og:site_name\" content=\"cardinal TAPES\" \/>\n<meta property=\"og:image\" content=\"https:\/\/cardinal-tapes.com\/wp-content\/uploads\/3m_aerosol-klebstoff_80.jpg\" \/>\n\t<meta property=\"og:image:width\" content=\"600\" \/>\n\t<meta property=\"og:image:height\" content=\"600\" \/>\n\t<meta property=\"og:image:type\" content=\"image\/jpeg\" \/>\n<meta name=\"twitter:card\" content=\"summary_large_image\" \/>\n<script type=\"application\/ld+json\" class=\"yoast-schema-graph\">{\"@context\":\"https:\\\/\\\/schema.org\",\"@graph\":[{\"@type\":\"WebPage\",\"@id\":\"https:\\\/\\\/cardinal-tapes.com\\\/es\\\/cintas-adhesivas\\\/adhesivos\\\/3m-80-aerosol-adhesivo-a-base-de-policloropreno\\\/\",\"url\":\"https:\\\/\\\/cardinal-tapes.com\\\/es\\\/cintas-adhesivas\\\/adhesivos\\\/3m-80-aerosol-adhesivo-a-base-de-policloropreno\\\/\",\"name\":\"3M 80 Aaerosol adhesivo a base de policloropreno | Cardinal TAPES\",\"isPartOf\":{\"@id\":\"https:\\\/\\\/cardinal-tapes.com\\\/#website\"},\"primaryImageOfPage\":{\"@id\":\"https:\\\/\\\/cardinal-tapes.com\\\/es\\\/cintas-adhesivas\\\/adhesivos\\\/3m-80-aerosol-adhesivo-a-base-de-policloropreno\\\/#primaryimage\"},\"image\":{\"@id\":\"https:\\\/\\\/cardinal-tapes.com\\\/es\\\/cintas-adhesivas\\\/adhesivos\\\/3m-80-aerosol-adhesivo-a-base-de-policloropreno\\\/#primaryimage\"},\"thumbnailUrl\":\"https:\\\/\\\/cardinal-tapes.com\\\/wp-content\\\/uploads\\\/3m_aerosol-klebstoff_80.jpg\",\"datePublished\":\"2023-06-06T07:50:48+00:00\",\"description\":\"El 3M Spray 80 es un adhesivo en aerosol. 3M 80 adhiere de forma fiable PVC, pl\u00e1sticos y mucho m\u00e1s. M\u00e1s informaci\u00f3n sobre 3M 80 aqu\u00ed.\",\"breadcrumb\":{\"@id\":\"https:\\\/\\\/cardinal-tapes.com\\\/es\\\/cintas-adhesivas\\\/adhesivos\\\/3m-80-aerosol-adhesivo-a-base-de-policloropreno\\\/#breadcrumb\"},\"inLanguage\":\"es\",\"potentialAction\":[{\"@type\":\"ReadAction\",\"target\":[\"https:\\\/\\\/cardinal-tapes.com\\\/es\\\/cintas-adhesivas\\\/adhesivos\\\/3m-80-aerosol-adhesivo-a-base-de-policloropreno\\\/\"]}]},{\"@type\":\"ImageObject\",\"inLanguage\":\"es\",\"@id\":\"https:\\\/\\\/cardinal-tapes.com\\\/es\\\/cintas-adhesivas\\\/adhesivos\\\/3m-80-aerosol-adhesivo-a-base-de-policloropreno\\\/#primaryimage\",\"url\":\"https:\\\/\\\/cardinal-tapes.com\\\/wp-content\\\/uploads\\\/3m_aerosol-klebstoff_80.jpg\",\"contentUrl\":\"https:\\\/\\\/cardinal-tapes.com\\\/wp-content\\\/uploads\\\/3m_aerosol-klebstoff_80.jpg\",\"width\":600,\"height\":600,\"caption\":\"3M Adhesivo en aerosol 80\"},{\"@type\":\"BreadcrumbList\",\"@id\":\"https:\\\/\\\/cardinal-tapes.com\\\/es\\\/cintas-adhesivas\\\/adhesivos\\\/3m-80-aerosol-adhesivo-a-base-de-policloropreno\\\/#breadcrumb\",\"itemListElement\":[{\"@type\":\"ListItem\",\"position\":1,\"name\":\"Startseite\",\"item\":\"https:\\\/\\\/cardinal-tapes.com\\\/es\\\/\"},{\"@type\":\"ListItem\",\"position\":2,\"name\":\"Cintas adhesivas\",\"item\":\"https:\\\/\\\/cardinal-tapes.com\\\/es\\\/cintas-adhesivas-es\\\/\"},{\"@type\":\"ListItem\",\"position\":3,\"name\":\"Adhesivos\",\"item\":\"https:\\\/\\\/cardinal-tapes.com\\\/es\\\/categora\\\/adhesivos\\\/\"},{\"@type\":\"ListItem\",\"position\":4,\"name\":\"3M\u2122 80 Aaerosol adhesivo a base de policloropreno\"}]},{\"@type\":\"WebSite\",\"@id\":\"https:\\\/\\\/cardinal-tapes.com\\\/#website\",\"url\":\"https:\\\/\\\/cardinal-tapes.com\\\/\",\"name\":\"cardinal TAPES\",\"description\":\"Klebetechnik aus Wuppertal\",\"potentialAction\":[{\"@type\":\"SearchAction\",\"target\":{\"@type\":\"EntryPoint\",\"urlTemplate\":\"https:\\\/\\\/cardinal-tapes.com\\\/?s={search_term_string}\"},\"query-input\":{\"@type\":\"PropertyValueSpecification\",\"valueRequired\":true,\"valueName\":\"search_term_string\"}}],\"inLanguage\":\"es\"}]}<\/script>\n<!-- \/ Yoast SEO plugin. -->","yoast_head_json":{"title":"3M 80 Aaerosol adhesivo a base de policloropreno | Cardinal TAPES","description":"El 3M Spray 80 es un adhesivo en aerosol. 3M 80 adhiere de forma fiable PVC, pl\u00e1sticos y mucho m\u00e1s. M\u00e1s informaci\u00f3n sobre 3M 80 aqu\u00ed.","robots":{"index":"index","follow":"follow","max-snippet":"max-snippet:-1","max-image-preview":"max-image-preview:large","max-video-preview":"max-video-preview:-1"},"canonical":"https:\/\/cardinal-tapes.com\/es\/cintas-adhesivas\/adhesivos\/3m-80-aerosol-adhesivo-a-base-de-policloropreno\/","og_locale":"es_ES","og_type":"article","og_title":"3M 80 Aaerosol adhesivo a base de policloropreno | Cardinal TAPES","og_description":"El 3M Spray 80 es un adhesivo en aerosol. 3M 80 adhiere de forma fiable PVC, pl\u00e1sticos y mucho m\u00e1s. M\u00e1s informaci\u00f3n sobre 3M 80 aqu\u00ed.","og_url":"https:\/\/cardinal-tapes.com\/es\/cintas-adhesivas\/adhesivos\/3m-80-aerosol-adhesivo-a-base-de-policloropreno\/","og_site_name":"cardinal TAPES","og_image":[{"width":600,"height":600,"url":"https:\/\/cardinal-tapes.com\/wp-content\/uploads\/3m_aerosol-klebstoff_80.jpg","type":"image\/jpeg"}],"twitter_card":"summary_large_image","schema":{"@context":"https:\/\/schema.org","@graph":[{"@type":"WebPage","@id":"https:\/\/cardinal-tapes.com\/es\/cintas-adhesivas\/adhesivos\/3m-80-aerosol-adhesivo-a-base-de-policloropreno\/","url":"https:\/\/cardinal-tapes.com\/es\/cintas-adhesivas\/adhesivos\/3m-80-aerosol-adhesivo-a-base-de-policloropreno\/","name":"3M 80 Aaerosol adhesivo a base de policloropreno | Cardinal TAPES","isPartOf":{"@id":"https:\/\/cardinal-tapes.com\/#website"},"primaryImageOfPage":{"@id":"https:\/\/cardinal-tapes.com\/es\/cintas-adhesivas\/adhesivos\/3m-80-aerosol-adhesivo-a-base-de-policloropreno\/#primaryimage"},"image":{"@id":"https:\/\/cardinal-tapes.com\/es\/cintas-adhesivas\/adhesivos\/3m-80-aerosol-adhesivo-a-base-de-policloropreno\/#primaryimage"},"thumbnailUrl":"https:\/\/cardinal-tapes.com\/wp-content\/uploads\/3m_aerosol-klebstoff_80.jpg","datePublished":"2023-06-06T07:50:48+00:00","description":"El 3M Spray 80 es un adhesivo en aerosol. 3M 80 adhiere de forma fiable PVC, pl\u00e1sticos y mucho m\u00e1s. M\u00e1s informaci\u00f3n sobre 3M 80 aqu\u00ed.","breadcrumb":{"@id":"https:\/\/cardinal-tapes.com\/es\/cintas-adhesivas\/adhesivos\/3m-80-aerosol-adhesivo-a-base-de-policloropreno\/#breadcrumb"},"inLanguage":"es","potentialAction":[{"@type":"ReadAction","target":["https:\/\/cardinal-tapes.com\/es\/cintas-adhesivas\/adhesivos\/3m-80-aerosol-adhesivo-a-base-de-policloropreno\/"]}]},{"@type":"ImageObject","inLanguage":"es","@id":"https:\/\/cardinal-tapes.com\/es\/cintas-adhesivas\/adhesivos\/3m-80-aerosol-adhesivo-a-base-de-policloropreno\/#primaryimage","url":"https:\/\/cardinal-tapes.com\/wp-content\/uploads\/3m_aerosol-klebstoff_80.jpg","contentUrl":"https:\/\/cardinal-tapes.com\/wp-content\/uploads\/3m_aerosol-klebstoff_80.jpg","width":600,"height":600,"caption":"3M Adhesivo en aerosol 80"},{"@type":"BreadcrumbList","@id":"https:\/\/cardinal-tapes.com\/es\/cintas-adhesivas\/adhesivos\/3m-80-aerosol-adhesivo-a-base-de-policloropreno\/#breadcrumb","itemListElement":[{"@type":"ListItem","position":1,"name":"Startseite","item":"https:\/\/cardinal-tapes.com\/es\/"},{"@type":"ListItem","position":2,"name":"Cintas adhesivas","item":"https:\/\/cardinal-tapes.com\/es\/cintas-adhesivas-es\/"},{"@type":"ListItem","position":3,"name":"Adhesivos","item":"https:\/\/cardinal-tapes.com\/es\/categora\/adhesivos\/"},{"@type":"ListItem","position":4,"name":"3M\u2122 80 Aaerosol adhesivo a base de policloropreno"}]},{"@type":"WebSite","@id":"https:\/\/cardinal-tapes.com\/#website","url":"https:\/\/cardinal-tapes.com\/","name":"cardinal TAPES","description":"Klebetechnik aus Wuppertal","potentialAction":[{"@type":"SearchAction","target":{"@type":"EntryPoint","urlTemplate":"https:\/\/cardinal-tapes.com\/?s={search_term_string}"},"query-input":{"@type":"PropertyValueSpecification","valueRequired":true,"valueName":"search_term_string"}}],"inLanguage":"es"}]}},"brands":[{"id":2169,"name":"3M","slug":"3m-es"}],"_links":{"self":[{"href":"https:\/\/cardinal-tapes.com\/es\/wp-json\/wp\/v2\/product\/60356","targetHints":{"allow":["GET"]}}],"collection":[{"href":"https:\/\/cardinal-tapes.com\/es\/wp-json\/wp\/v2\/product"}],"about":[{"href":"https:\/\/cardinal-tapes.com\/es\/wp-json\/wp\/v2\/types\/product"}],"wp:featuredmedia":[{"embeddable":true,"href":"https:\/\/cardinal-tapes.com\/es\/wp-json\/wp\/v2\/media\/25483"}],"wp:attachment":[{"href":"https:\/\/cardinal-tapes.com\/es\/wp-json\/wp\/v2\/media?parent=60356"}],"wp:term":[{"taxonomy":"pwb-brand","embeddable":true,"href":"https:\/\/cardinal-tapes.com\/es\/wp-json\/wp\/v2\/pwb-brand?post=60356"},{"taxonomy":"product_brand","embeddable":true,"href":"https:\/\/cardinal-tapes.com\/es\/wp-json\/wp\/v2\/product_brand?post=60356"},{"taxonomy":"product_cat","embeddable":true,"href":"https:\/\/cardinal-tapes.com\/es\/wp-json\/wp\/v2\/product_cat?post=60356"},{"taxonomy":"product_tag","embeddable":true,"href":"https:\/\/cardinal-tapes.com\/es\/wp-json\/wp\/v2\/product_tag?post=60356"}],"curies":[{"name":"wp","href":"https:\/\/api.w.org\/{rel}","templated":true}]}}