{"id":60286,"date":"2017-12-08T09:36:05","date_gmt":"2023-06-05T15:34:49","guid":{"rendered":"https:\/\/cardinal.pixel-tal.de\/klebebaender\/sin%20categor\u00eda\/3m-cinta-elastica-de-poliuretano-9343\/"},"modified":"2025-07-07T12:38:37","modified_gmt":"2025-07-07T10:38:37","slug":"3m-9343-polyurethan-klebeband-2","status":"publish","type":"product","link":"https:\/\/cardinal-tapes.com\/es\/cintas-adhesivas\/cintas-adhesivas-de-una-cara\/3m-9343-polyurethan-klebeband-2\/","title":{"rendered":"3M\u2122 Cinta el\u00e1stica de poliuretano 9343"},"content":{"rendered":"<p>La cinta el\u00e1stica de poliuretano 3M\u2122 9343 est\u00e1 espec\u00edficamente dise\u00f1ada para reducir el ruido, las vibraciones, los chirridos y los traqueteos en el interior de los veh\u00edculos. Los materiales disponibles actualmente para estas aplicaciones, como el tejido flocado y\/o los fieltros, no son el\u00e1sticos, lo que limita su uso en superficies planas. El exclusivo forro polar de microfibra ofrece una combinaci\u00f3n de adaptabilidad, elasticidad, compresibilidad y durabilidad.<\/p>\n<p><strong>Propiedades<\/strong><br \/>\nLa cinta adhesiva 9343 puede utilizarse f\u00e1cilmente en superficies irregulares y para aislar piezas contiguas. Adem\u00e1s, la cinta es extremadamente potente y tiene una larga vida \u00fatil gracias al adhesivo de acrilato.<\/p>\n<p><strong>Aplicaciones<\/strong><br \/>\n&#8211; Aislamiento ac\u00fastico en el interior del veh\u00edculo, por ejemplo, aislamiento de los componentes adyacentes en las zonas del salpicadero y las molduras<br \/>\n&#8211; Prevenci\u00f3n del desgaste de las piezas adyacentes <\/p>\n","protected":false},"excerpt":{"rendered":"<p>La cinta el\u00e1stica de poliuretano 3M\u2122 9343 est\u00e1 espec\u00edficamente dise\u00f1ada para reducir el ruido, las vibraciones, los chirridos y los traqueteos en el interior de los veh\u00edculos. Los materiales disponibles actualmente para estas aplicaciones, como el tejido flocado y\/o los fieltros, no son el\u00e1sticos, lo que limita su uso en superficies planas. El exclusivo forro [&hellip;]<\/p>\n","protected":false},"featured_media":24427,"template":"","meta":{"_acf_changed":false},"pwb-brand":[2169],"product_brand":[],"product_cat":[1806],"product_tag":[],"class_list":{"0":"post-60286","1":"product","2":"type-product","3":"status-publish","4":"has-post-thumbnail","6":"pwb-brand-3m-es","7":"product_cat-cintas-adhesivas-de-una-cara","9":"first","10":"instock","11":"taxable","12":"shipping-taxable","13":"purchasable","14":"product-type-variable"},"acf":[],"yoast_head":"<!-- This site is optimized with the Yoast SEO plugin v27.3 - https:\/\/yoast.com\/product\/yoast-seo-wordpress\/ -->\n<title>3M\u2122 9343 Cinta el\u00e1stica de poliuretano | Cardinal TAPES<\/title>\n<meta name=\"description\" content=\"La cinta el\u00e1stica de poliuretano 3M\u2122 9343 est\u00e1 espec\u00edficamente dise\u00f1ada para reducir el ruido, las vibraciones, los chirridos y los traqueteos en el interior de los veh\u00edculos.\" \/>\n<meta name=\"robots\" content=\"index, follow, max-snippet:-1, max-image-preview:large, max-video-preview:-1\" \/>\n<link rel=\"canonical\" href=\"https:\/\/cardinal-tapes.com\/es\/cintas-adhesivas\/cintas-adhesivas-de-una-cara\/3m-9343-polyurethan-klebeband-2\/\" \/>\n<meta property=\"og:locale\" content=\"es_ES\" \/>\n<meta property=\"og:type\" content=\"article\" \/>\n<meta property=\"og:title\" content=\"3M\u2122 9343 Cinta el\u00e1stica de poliuretano | Cardinal TAPES\" \/>\n<meta property=\"og:description\" content=\"La cinta el\u00e1stica de poliuretano 3M\u2122 9343 est\u00e1 espec\u00edficamente dise\u00f1ada para reducir el ruido, las vibraciones, los chirridos y los traqueteos en el interior de los veh\u00edculos.\" \/>\n<meta property=\"og:url\" content=\"https:\/\/cardinal-tapes.com\/es\/cintas-adhesivas\/cintas-adhesivas-de-una-cara\/3m-9343-polyurethan-klebeband-2\/\" \/>\n<meta property=\"og:site_name\" content=\"cardinal TAPES\" \/>\n<meta property=\"article:modified_time\" content=\"2025-07-07T10:38:37+00:00\" \/>\n<meta property=\"og:image\" content=\"https:\/\/cardinal-tapes.com\/wp-content\/uploads\/3m_eleastisches_polyurethanklebeband_9343.jpg\" \/>\n\t<meta property=\"og:image:width\" content=\"600\" \/>\n\t<meta property=\"og:image:height\" content=\"600\" \/>\n\t<meta property=\"og:image:type\" content=\"image\/jpeg\" \/>\n<meta name=\"twitter:card\" content=\"summary_large_image\" \/>\n<meta name=\"twitter:label1\" content=\"Tiempo de lectura\" \/>\n\t<meta name=\"twitter:data1\" content=\"1 minuto\" \/>\n<script type=\"application\/ld+json\" class=\"yoast-schema-graph\">{\"@context\":\"https:\\\/\\\/schema.org\",\"@graph\":[{\"@type\":\"WebPage\",\"@id\":\"https:\\\/\\\/cardinal-tapes.com\\\/es\\\/cintas-adhesivas\\\/cintas-adhesivas-de-una-cara\\\/3m-9343-polyurethan-klebeband-2\\\/\",\"url\":\"https:\\\/\\\/cardinal-tapes.com\\\/es\\\/cintas-adhesivas\\\/cintas-adhesivas-de-una-cara\\\/3m-9343-polyurethan-klebeband-2\\\/\",\"name\":\"3M\u2122 9343 Cinta el\u00e1stica de poliuretano | Cardinal TAPES\",\"isPartOf\":{\"@id\":\"https:\\\/\\\/cardinal-tapes.com\\\/#website\"},\"primaryImageOfPage\":{\"@id\":\"https:\\\/\\\/cardinal-tapes.com\\\/es\\\/cintas-adhesivas\\\/cintas-adhesivas-de-una-cara\\\/3m-9343-polyurethan-klebeband-2\\\/#primaryimage\"},\"image\":{\"@id\":\"https:\\\/\\\/cardinal-tapes.com\\\/es\\\/cintas-adhesivas\\\/cintas-adhesivas-de-una-cara\\\/3m-9343-polyurethan-klebeband-2\\\/#primaryimage\"},\"thumbnailUrl\":\"https:\\\/\\\/cardinal-tapes.com\\\/wp-content\\\/uploads\\\/3m_eleastisches_polyurethanklebeband_9343.jpg\",\"datePublished\":\"2023-06-05T15:34:49+00:00\",\"dateModified\":\"2025-07-07T10:38:37+00:00\",\"description\":\"La cinta el\u00e1stica de poliuretano 3M\u2122 9343 est\u00e1 espec\u00edficamente dise\u00f1ada para reducir el ruido, las vibraciones, los chirridos y los traqueteos en el interior de los veh\u00edculos.\",\"breadcrumb\":{\"@id\":\"https:\\\/\\\/cardinal-tapes.com\\\/es\\\/cintas-adhesivas\\\/cintas-adhesivas-de-una-cara\\\/3m-9343-polyurethan-klebeband-2\\\/#breadcrumb\"},\"inLanguage\":\"es\",\"potentialAction\":[{\"@type\":\"ReadAction\",\"target\":[\"https:\\\/\\\/cardinal-tapes.com\\\/es\\\/cintas-adhesivas\\\/cintas-adhesivas-de-una-cara\\\/3m-9343-polyurethan-klebeband-2\\\/\"]}]},{\"@type\":\"ImageObject\",\"inLanguage\":\"es\",\"@id\":\"https:\\\/\\\/cardinal-tapes.com\\\/es\\\/cintas-adhesivas\\\/cintas-adhesivas-de-una-cara\\\/3m-9343-polyurethan-klebeband-2\\\/#primaryimage\",\"url\":\"https:\\\/\\\/cardinal-tapes.com\\\/wp-content\\\/uploads\\\/3m_eleastisches_polyurethanklebeband_9343.jpg\",\"contentUrl\":\"https:\\\/\\\/cardinal-tapes.com\\\/wp-content\\\/uploads\\\/3m_eleastisches_polyurethanklebeband_9343.jpg\",\"width\":600,\"height\":600,\"caption\":\"Cinta de poliuretano 3M 9343\"},{\"@type\":\"BreadcrumbList\",\"@id\":\"https:\\\/\\\/cardinal-tapes.com\\\/es\\\/cintas-adhesivas\\\/cintas-adhesivas-de-una-cara\\\/3m-9343-polyurethan-klebeband-2\\\/#breadcrumb\",\"itemListElement\":[{\"@type\":\"ListItem\",\"position\":1,\"name\":\"Startseite\",\"item\":\"https:\\\/\\\/cardinal-tapes.com\\\/es\\\/\"},{\"@type\":\"ListItem\",\"position\":2,\"name\":\"Cintas adhesivas\",\"item\":\"https:\\\/\\\/cardinal-tapes.com\\\/es\\\/cintas-adhesivas-es\\\/\"},{\"@type\":\"ListItem\",\"position\":3,\"name\":\"Cintas adhesivas de una cara\",\"item\":\"https:\\\/\\\/cardinal-tapes.com\\\/es\\\/categora\\\/cintas-adhesivas-de-una-cara\\\/\"},{\"@type\":\"ListItem\",\"position\":4,\"name\":\"3M\u2122 Cinta el\u00e1stica de poliuretano 9343\"}]},{\"@type\":\"WebSite\",\"@id\":\"https:\\\/\\\/cardinal-tapes.com\\\/#website\",\"url\":\"https:\\\/\\\/cardinal-tapes.com\\\/\",\"name\":\"cardinal TAPES\",\"description\":\"Klebetechnik aus Wuppertal\",\"potentialAction\":[{\"@type\":\"SearchAction\",\"target\":{\"@type\":\"EntryPoint\",\"urlTemplate\":\"https:\\\/\\\/cardinal-tapes.com\\\/?s={search_term_string}\"},\"query-input\":{\"@type\":\"PropertyValueSpecification\",\"valueRequired\":true,\"valueName\":\"search_term_string\"}}],\"inLanguage\":\"es\"}]}<\/script>\n<!-- \/ Yoast SEO plugin. -->","yoast_head_json":{"title":"3M\u2122 9343 Cinta el\u00e1stica de poliuretano | Cardinal TAPES","description":"La cinta el\u00e1stica de poliuretano 3M\u2122 9343 est\u00e1 espec\u00edficamente dise\u00f1ada para reducir el ruido, las vibraciones, los chirridos y los traqueteos en el interior de los veh\u00edculos.","robots":{"index":"index","follow":"follow","max-snippet":"max-snippet:-1","max-image-preview":"max-image-preview:large","max-video-preview":"max-video-preview:-1"},"canonical":"https:\/\/cardinal-tapes.com\/es\/cintas-adhesivas\/cintas-adhesivas-de-una-cara\/3m-9343-polyurethan-klebeband-2\/","og_locale":"es_ES","og_type":"article","og_title":"3M\u2122 9343 Cinta el\u00e1stica de poliuretano | Cardinal TAPES","og_description":"La cinta el\u00e1stica de poliuretano 3M\u2122 9343 est\u00e1 espec\u00edficamente dise\u00f1ada para reducir el ruido, las vibraciones, los chirridos y los traqueteos en el interior de los veh\u00edculos.","og_url":"https:\/\/cardinal-tapes.com\/es\/cintas-adhesivas\/cintas-adhesivas-de-una-cara\/3m-9343-polyurethan-klebeband-2\/","og_site_name":"cardinal TAPES","article_modified_time":"2025-07-07T10:38:37+00:00","og_image":[{"width":600,"height":600,"url":"https:\/\/cardinal-tapes.com\/wp-content\/uploads\/3m_eleastisches_polyurethanklebeband_9343.jpg","type":"image\/jpeg"}],"twitter_card":"summary_large_image","twitter_misc":{"Tiempo de lectura":"1 minuto"},"schema":{"@context":"https:\/\/schema.org","@graph":[{"@type":"WebPage","@id":"https:\/\/cardinal-tapes.com\/es\/cintas-adhesivas\/cintas-adhesivas-de-una-cara\/3m-9343-polyurethan-klebeband-2\/","url":"https:\/\/cardinal-tapes.com\/es\/cintas-adhesivas\/cintas-adhesivas-de-una-cara\/3m-9343-polyurethan-klebeband-2\/","name":"3M\u2122 9343 Cinta el\u00e1stica de poliuretano | Cardinal TAPES","isPartOf":{"@id":"https:\/\/cardinal-tapes.com\/#website"},"primaryImageOfPage":{"@id":"https:\/\/cardinal-tapes.com\/es\/cintas-adhesivas\/cintas-adhesivas-de-una-cara\/3m-9343-polyurethan-klebeband-2\/#primaryimage"},"image":{"@id":"https:\/\/cardinal-tapes.com\/es\/cintas-adhesivas\/cintas-adhesivas-de-una-cara\/3m-9343-polyurethan-klebeband-2\/#primaryimage"},"thumbnailUrl":"https:\/\/cardinal-tapes.com\/wp-content\/uploads\/3m_eleastisches_polyurethanklebeband_9343.jpg","datePublished":"2023-06-05T15:34:49+00:00","dateModified":"2025-07-07T10:38:37+00:00","description":"La cinta el\u00e1stica de poliuretano 3M\u2122 9343 est\u00e1 espec\u00edficamente dise\u00f1ada para reducir el ruido, las vibraciones, los chirridos y los traqueteos en el interior de los veh\u00edculos.","breadcrumb":{"@id":"https:\/\/cardinal-tapes.com\/es\/cintas-adhesivas\/cintas-adhesivas-de-una-cara\/3m-9343-polyurethan-klebeband-2\/#breadcrumb"},"inLanguage":"es","potentialAction":[{"@type":"ReadAction","target":["https:\/\/cardinal-tapes.com\/es\/cintas-adhesivas\/cintas-adhesivas-de-una-cara\/3m-9343-polyurethan-klebeband-2\/"]}]},{"@type":"ImageObject","inLanguage":"es","@id":"https:\/\/cardinal-tapes.com\/es\/cintas-adhesivas\/cintas-adhesivas-de-una-cara\/3m-9343-polyurethan-klebeband-2\/#primaryimage","url":"https:\/\/cardinal-tapes.com\/wp-content\/uploads\/3m_eleastisches_polyurethanklebeband_9343.jpg","contentUrl":"https:\/\/cardinal-tapes.com\/wp-content\/uploads\/3m_eleastisches_polyurethanklebeband_9343.jpg","width":600,"height":600,"caption":"Cinta de poliuretano 3M 9343"},{"@type":"BreadcrumbList","@id":"https:\/\/cardinal-tapes.com\/es\/cintas-adhesivas\/cintas-adhesivas-de-una-cara\/3m-9343-polyurethan-klebeband-2\/#breadcrumb","itemListElement":[{"@type":"ListItem","position":1,"name":"Startseite","item":"https:\/\/cardinal-tapes.com\/es\/"},{"@type":"ListItem","position":2,"name":"Cintas adhesivas","item":"https:\/\/cardinal-tapes.com\/es\/cintas-adhesivas-es\/"},{"@type":"ListItem","position":3,"name":"Cintas adhesivas de una cara","item":"https:\/\/cardinal-tapes.com\/es\/categora\/cintas-adhesivas-de-una-cara\/"},{"@type":"ListItem","position":4,"name":"3M\u2122 Cinta el\u00e1stica de poliuretano 9343"}]},{"@type":"WebSite","@id":"https:\/\/cardinal-tapes.com\/#website","url":"https:\/\/cardinal-tapes.com\/","name":"cardinal TAPES","description":"Klebetechnik aus Wuppertal","potentialAction":[{"@type":"SearchAction","target":{"@type":"EntryPoint","urlTemplate":"https:\/\/cardinal-tapes.com\/?s={search_term_string}"},"query-input":{"@type":"PropertyValueSpecification","valueRequired":true,"valueName":"search_term_string"}}],"inLanguage":"es"}]}},"brands":[{"id":2169,"name":"3M","slug":"3m-es"}],"_links":{"self":[{"href":"https:\/\/cardinal-tapes.com\/es\/wp-json\/wp\/v2\/product\/60286","targetHints":{"allow":["GET"]}}],"collection":[{"href":"https:\/\/cardinal-tapes.com\/es\/wp-json\/wp\/v2\/product"}],"about":[{"href":"https:\/\/cardinal-tapes.com\/es\/wp-json\/wp\/v2\/types\/product"}],"wp:featuredmedia":[{"embeddable":true,"href":"https:\/\/cardinal-tapes.com\/es\/wp-json\/wp\/v2\/media\/24427"}],"wp:attachment":[{"href":"https:\/\/cardinal-tapes.com\/es\/wp-json\/wp\/v2\/media?parent=60286"}],"wp:term":[{"taxonomy":"pwb-brand","embeddable":true,"href":"https:\/\/cardinal-tapes.com\/es\/wp-json\/wp\/v2\/pwb-brand?post=60286"},{"taxonomy":"product_brand","embeddable":true,"href":"https:\/\/cardinal-tapes.com\/es\/wp-json\/wp\/v2\/product_brand?post=60286"},{"taxonomy":"product_cat","embeddable":true,"href":"https:\/\/cardinal-tapes.com\/es\/wp-json\/wp\/v2\/product_cat?post=60286"},{"taxonomy":"product_tag","embeddable":true,"href":"https:\/\/cardinal-tapes.com\/es\/wp-json\/wp\/v2\/product_tag?post=60286"}],"curies":[{"name":"wp","href":"https:\/\/api.w.org\/{rel}","templated":true}]}}