{"id":60010,"date":"2018-02-07T11:12:41","date_gmt":"2023-06-05T15:29:47","guid":{"rendered":"https:\/\/cardinal.pixel-tal.de\/klebebaender\/sin%20categor\u00eda\/tesakrepp-4322-cinta-universal-de-papel-para-enmascarar\/"},"modified":"2023-06-05T17:33:45","modified_gmt":"2023-06-05T15:33:45","slug":"tesa-4322-universal-cinta-adhesiva-de-papel","status":"publish","type":"product","link":"https:\/\/cardinal-tapes.com\/es\/cintas-adhesivas\/ambitos-de-aplicacion\/industria-del-automovil\/tesa-4322-universal-cinta-adhesiva-de-papel\/","title":{"rendered":"tesakrepp\u00ae 4322 cinta universal de papel para enmascarar"},"content":{"rendered":"<p><sup>tesakrepp\u00ae<\/sup> 4322 es una cinta de enmascarar de papel universal fuertemente crepada con una fuerza adhesiva muy alta. La reserva de alargamiento extraordinariamente alta del soporte flexible permite una adhesi\u00f3n perfecta y firme incluso en curvas con radios peque\u00f1os, sobre sustratos rugosos o con formas dif\u00edciles.<\/p>\n<p><strong>Propiedades<\/strong><br \/>\n&#8211; Resistente a la temperatura<br \/>\n&#8211; Buena adherencia a los colores<br \/>\n&#8211; Rompible a mano<\/p>\n<p><strong>Aplicaciones-<br \/>\n<\/strong>&#8211; Enmascaramiento durante trabajos de pintura con lacas de secado al aire.<br \/>\n&#8211; Colocaci\u00f3n de m\u00e1scaras de papel.<br \/>\n&#8211; Embalaje y empaquetado.<br \/>\n&#8211; Cubrir antes de pulverizar la protecci\u00f3n de los bajos del coche.<br \/>\n&#8211; Pegado de costuras (cinta de refuerzo) en la industria del calzado.<\/p>\n<p>&nbsp;<\/p>\n<p>&nbsp;<\/p>\n","protected":false},"excerpt":{"rendered":"<p>tesakrepp\u00ae 4322 es una cinta de enmascarar de papel universal fuertemente crepada con una fuerza adhesiva muy alta. La reserva de alargamiento extraordinariamente alta del soporte flexible permite una adhesi\u00f3n perfecta y firme incluso en curvas con radios peque\u00f1os, sobre sustratos rugosos o con formas dif\u00edciles. Propiedades &#8211; Resistente a la temperatura &#8211; Buena adherencia [&hellip;]<\/p>\n","protected":false},"featured_media":26219,"template":"","meta":{"_acf_changed":false},"pwb-brand":[2163],"product_brand":[],"product_cat":[1697,1796,1806],"product_tag":[],"class_list":{"0":"post-60010","1":"product","2":"type-product","3":"status-publish","4":"has-post-thumbnail","6":"pwb-brand-tesa-es","7":"product_cat-industria-del-automovil","8":"product_cat-cinta-de-papel","9":"product_cat-cintas-adhesivas-de-una-cara","11":"first","12":"instock","13":"taxable","14":"shipping-taxable","15":"purchasable","16":"product-type-variable"},"acf":[],"yoast_head":"<!-- This site is optimized with the Yoast SEO plugin v27.3 - https:\/\/yoast.com\/product\/yoast-seo-wordpress\/ -->\n<title>tesa 4322 Universal Paper Masking Tape | Cardinal TAPES<\/title>\n<meta name=\"description\" content=\"La tesa 4322 es una cinta de enmascarar de papel universal fuertemente crepada. Ofrece una resistencia adhesiva muy elevada, as\u00ed como una reserva de alargamiento extraordinariamente alta.\" \/>\n<meta name=\"robots\" content=\"index, follow, max-snippet:-1, max-image-preview:large, max-video-preview:-1\" \/>\n<link rel=\"canonical\" href=\"https:\/\/cardinal-tapes.com\/es\/cintas-adhesivas\/industria-del-automovil\/tesa-4322-universal-cinta-adhesiva-de-papel\/\" \/>\n<meta property=\"og:locale\" content=\"es_ES\" \/>\n<meta property=\"og:type\" content=\"article\" \/>\n<meta property=\"og:title\" content=\"tesa 4322 Universal Paper Masking Tape | Cardinal TAPES\" \/>\n<meta property=\"og:description\" content=\"La tesa 4322 es una cinta de enmascarar de papel universal fuertemente crepada. Ofrece una resistencia adhesiva muy elevada, as\u00ed como una reserva de alargamiento extraordinariamente alta.\" \/>\n<meta property=\"og:url\" content=\"https:\/\/cardinal-tapes.com\/es\/cintas-adhesivas\/industria-del-automovil\/tesa-4322-universal-cinta-adhesiva-de-papel\/\" \/>\n<meta property=\"og:site_name\" content=\"cardinal TAPES\" \/>\n<meta property=\"article:modified_time\" content=\"2023-06-05T15:33:45+00:00\" \/>\n<meta property=\"og:image\" content=\"https:\/\/cardinal-tapes.com\/wp-content\/uploads\/tesa-04322.jpg\" \/>\n\t<meta property=\"og:image:width\" content=\"600\" \/>\n\t<meta property=\"og:image:height\" content=\"600\" \/>\n\t<meta property=\"og:image:type\" content=\"image\/jpeg\" \/>\n<meta name=\"twitter:card\" content=\"summary_large_image\" \/>\n<meta name=\"twitter:label1\" content=\"Tiempo de lectura\" \/>\n\t<meta name=\"twitter:data1\" content=\"1 minuto\" \/>\n<script type=\"application\/ld+json\" class=\"yoast-schema-graph\">{\"@context\":\"https:\\\/\\\/schema.org\",\"@graph\":[{\"@type\":\"WebPage\",\"@id\":\"https:\\\/\\\/cardinal-tapes.com\\\/es\\\/cintas-adhesivas\\\/industria-del-automovil\\\/tesa-4322-universal-cinta-adhesiva-de-papel\\\/\",\"url\":\"https:\\\/\\\/cardinal-tapes.com\\\/es\\\/cintas-adhesivas\\\/industria-del-automovil\\\/tesa-4322-universal-cinta-adhesiva-de-papel\\\/\",\"name\":\"tesa 4322 Universal Paper Masking Tape | Cardinal TAPES\",\"isPartOf\":{\"@id\":\"https:\\\/\\\/cardinal-tapes.com\\\/#website\"},\"primaryImageOfPage\":{\"@id\":\"https:\\\/\\\/cardinal-tapes.com\\\/es\\\/cintas-adhesivas\\\/industria-del-automovil\\\/tesa-4322-universal-cinta-adhesiva-de-papel\\\/#primaryimage\"},\"image\":{\"@id\":\"https:\\\/\\\/cardinal-tapes.com\\\/es\\\/cintas-adhesivas\\\/industria-del-automovil\\\/tesa-4322-universal-cinta-adhesiva-de-papel\\\/#primaryimage\"},\"thumbnailUrl\":\"https:\\\/\\\/cardinal-tapes.com\\\/wp-content\\\/uploads\\\/tesa-04322.jpg\",\"datePublished\":\"2023-06-05T15:29:47+00:00\",\"dateModified\":\"2023-06-05T15:33:45+00:00\",\"description\":\"La tesa 4322 es una cinta de enmascarar de papel universal fuertemente crepada. Ofrece una resistencia adhesiva muy elevada, as\u00ed como una reserva de alargamiento extraordinariamente alta.\",\"breadcrumb\":{\"@id\":\"https:\\\/\\\/cardinal-tapes.com\\\/es\\\/cintas-adhesivas\\\/industria-del-automovil\\\/tesa-4322-universal-cinta-adhesiva-de-papel\\\/#breadcrumb\"},\"inLanguage\":\"es\",\"potentialAction\":[{\"@type\":\"ReadAction\",\"target\":[\"https:\\\/\\\/cardinal-tapes.com\\\/es\\\/cintas-adhesivas\\\/industria-del-automovil\\\/tesa-4322-universal-cinta-adhesiva-de-papel\\\/\"]}]},{\"@type\":\"ImageObject\",\"inLanguage\":\"es\",\"@id\":\"https:\\\/\\\/cardinal-tapes.com\\\/es\\\/cintas-adhesivas\\\/industria-del-automovil\\\/tesa-4322-universal-cinta-adhesiva-de-papel\\\/#primaryimage\",\"url\":\"https:\\\/\\\/cardinal-tapes.com\\\/wp-content\\\/uploads\\\/tesa-04322.jpg\",\"contentUrl\":\"https:\\\/\\\/cardinal-tapes.com\\\/wp-content\\\/uploads\\\/tesa-04322.jpg\",\"width\":600,\"height\":600,\"caption\":\"tesa 4322\"},{\"@type\":\"BreadcrumbList\",\"@id\":\"https:\\\/\\\/cardinal-tapes.com\\\/es\\\/cintas-adhesivas\\\/industria-del-automovil\\\/tesa-4322-universal-cinta-adhesiva-de-papel\\\/#breadcrumb\",\"itemListElement\":[{\"@type\":\"ListItem\",\"position\":1,\"name\":\"Startseite\",\"item\":\"https:\\\/\\\/cardinal-tapes.com\\\/es\\\/\"},{\"@type\":\"ListItem\",\"position\":2,\"name\":\"Cintas adhesivas\",\"item\":\"https:\\\/\\\/cardinal-tapes.com\\\/es\\\/cintas-adhesivas-es\\\/\"},{\"@type\":\"ListItem\",\"position\":3,\"name\":\"Cintas adhesivas de una cara\",\"item\":\"https:\\\/\\\/cardinal-tapes.com\\\/es\\\/categora\\\/cintas-adhesivas-de-una-cara\\\/\"},{\"@type\":\"ListItem\",\"position\":4,\"name\":\"tesakrepp\u00ae 4322 cinta universal de papel para enmascarar\"}]},{\"@type\":\"WebSite\",\"@id\":\"https:\\\/\\\/cardinal-tapes.com\\\/#website\",\"url\":\"https:\\\/\\\/cardinal-tapes.com\\\/\",\"name\":\"cardinal TAPES\",\"description\":\"Klebetechnik aus Wuppertal\",\"potentialAction\":[{\"@type\":\"SearchAction\",\"target\":{\"@type\":\"EntryPoint\",\"urlTemplate\":\"https:\\\/\\\/cardinal-tapes.com\\\/?s={search_term_string}\"},\"query-input\":{\"@type\":\"PropertyValueSpecification\",\"valueRequired\":true,\"valueName\":\"search_term_string\"}}],\"inLanguage\":\"es\"}]}<\/script>\n<!-- \/ Yoast SEO plugin. -->","yoast_head_json":{"title":"tesa 4322 Universal Paper Masking Tape | Cardinal TAPES","description":"La tesa 4322 es una cinta de enmascarar de papel universal fuertemente crepada. Ofrece una resistencia adhesiva muy elevada, as\u00ed como una reserva de alargamiento extraordinariamente alta.","robots":{"index":"index","follow":"follow","max-snippet":"max-snippet:-1","max-image-preview":"max-image-preview:large","max-video-preview":"max-video-preview:-1"},"canonical":"https:\/\/cardinal-tapes.com\/es\/cintas-adhesivas\/industria-del-automovil\/tesa-4322-universal-cinta-adhesiva-de-papel\/","og_locale":"es_ES","og_type":"article","og_title":"tesa 4322 Universal Paper Masking Tape | Cardinal TAPES","og_description":"La tesa 4322 es una cinta de enmascarar de papel universal fuertemente crepada. Ofrece una resistencia adhesiva muy elevada, as\u00ed como una reserva de alargamiento extraordinariamente alta.","og_url":"https:\/\/cardinal-tapes.com\/es\/cintas-adhesivas\/industria-del-automovil\/tesa-4322-universal-cinta-adhesiva-de-papel\/","og_site_name":"cardinal TAPES","article_modified_time":"2023-06-05T15:33:45+00:00","og_image":[{"width":600,"height":600,"url":"https:\/\/cardinal-tapes.com\/wp-content\/uploads\/tesa-04322.jpg","type":"image\/jpeg"}],"twitter_card":"summary_large_image","twitter_misc":{"Tiempo de lectura":"1 minuto"},"schema":{"@context":"https:\/\/schema.org","@graph":[{"@type":"WebPage","@id":"https:\/\/cardinal-tapes.com\/es\/cintas-adhesivas\/industria-del-automovil\/tesa-4322-universal-cinta-adhesiva-de-papel\/","url":"https:\/\/cardinal-tapes.com\/es\/cintas-adhesivas\/industria-del-automovil\/tesa-4322-universal-cinta-adhesiva-de-papel\/","name":"tesa 4322 Universal Paper Masking Tape | Cardinal TAPES","isPartOf":{"@id":"https:\/\/cardinal-tapes.com\/#website"},"primaryImageOfPage":{"@id":"https:\/\/cardinal-tapes.com\/es\/cintas-adhesivas\/industria-del-automovil\/tesa-4322-universal-cinta-adhesiva-de-papel\/#primaryimage"},"image":{"@id":"https:\/\/cardinal-tapes.com\/es\/cintas-adhesivas\/industria-del-automovil\/tesa-4322-universal-cinta-adhesiva-de-papel\/#primaryimage"},"thumbnailUrl":"https:\/\/cardinal-tapes.com\/wp-content\/uploads\/tesa-04322.jpg","datePublished":"2023-06-05T15:29:47+00:00","dateModified":"2023-06-05T15:33:45+00:00","description":"La tesa 4322 es una cinta de enmascarar de papel universal fuertemente crepada. Ofrece una resistencia adhesiva muy elevada, as\u00ed como una reserva de alargamiento extraordinariamente alta.","breadcrumb":{"@id":"https:\/\/cardinal-tapes.com\/es\/cintas-adhesivas\/industria-del-automovil\/tesa-4322-universal-cinta-adhesiva-de-papel\/#breadcrumb"},"inLanguage":"es","potentialAction":[{"@type":"ReadAction","target":["https:\/\/cardinal-tapes.com\/es\/cintas-adhesivas\/industria-del-automovil\/tesa-4322-universal-cinta-adhesiva-de-papel\/"]}]},{"@type":"ImageObject","inLanguage":"es","@id":"https:\/\/cardinal-tapes.com\/es\/cintas-adhesivas\/industria-del-automovil\/tesa-4322-universal-cinta-adhesiva-de-papel\/#primaryimage","url":"https:\/\/cardinal-tapes.com\/wp-content\/uploads\/tesa-04322.jpg","contentUrl":"https:\/\/cardinal-tapes.com\/wp-content\/uploads\/tesa-04322.jpg","width":600,"height":600,"caption":"tesa 4322"},{"@type":"BreadcrumbList","@id":"https:\/\/cardinal-tapes.com\/es\/cintas-adhesivas\/industria-del-automovil\/tesa-4322-universal-cinta-adhesiva-de-papel\/#breadcrumb","itemListElement":[{"@type":"ListItem","position":1,"name":"Startseite","item":"https:\/\/cardinal-tapes.com\/es\/"},{"@type":"ListItem","position":2,"name":"Cintas adhesivas","item":"https:\/\/cardinal-tapes.com\/es\/cintas-adhesivas-es\/"},{"@type":"ListItem","position":3,"name":"Cintas adhesivas de una cara","item":"https:\/\/cardinal-tapes.com\/es\/categora\/cintas-adhesivas-de-una-cara\/"},{"@type":"ListItem","position":4,"name":"tesakrepp\u00ae 4322 cinta universal de papel para enmascarar"}]},{"@type":"WebSite","@id":"https:\/\/cardinal-tapes.com\/#website","url":"https:\/\/cardinal-tapes.com\/","name":"cardinal TAPES","description":"Klebetechnik aus Wuppertal","potentialAction":[{"@type":"SearchAction","target":{"@type":"EntryPoint","urlTemplate":"https:\/\/cardinal-tapes.com\/?s={search_term_string}"},"query-input":{"@type":"PropertyValueSpecification","valueRequired":true,"valueName":"search_term_string"}}],"inLanguage":"es"}]}},"brands":[{"id":2163,"name":"tesa","slug":"tesa-es"}],"_links":{"self":[{"href":"https:\/\/cardinal-tapes.com\/es\/wp-json\/wp\/v2\/product\/60010","targetHints":{"allow":["GET"]}}],"collection":[{"href":"https:\/\/cardinal-tapes.com\/es\/wp-json\/wp\/v2\/product"}],"about":[{"href":"https:\/\/cardinal-tapes.com\/es\/wp-json\/wp\/v2\/types\/product"}],"wp:featuredmedia":[{"embeddable":true,"href":"https:\/\/cardinal-tapes.com\/es\/wp-json\/wp\/v2\/media\/26219"}],"wp:attachment":[{"href":"https:\/\/cardinal-tapes.com\/es\/wp-json\/wp\/v2\/media?parent=60010"}],"wp:term":[{"taxonomy":"pwb-brand","embeddable":true,"href":"https:\/\/cardinal-tapes.com\/es\/wp-json\/wp\/v2\/pwb-brand?post=60010"},{"taxonomy":"product_brand","embeddable":true,"href":"https:\/\/cardinal-tapes.com\/es\/wp-json\/wp\/v2\/product_brand?post=60010"},{"taxonomy":"product_cat","embeddable":true,"href":"https:\/\/cardinal-tapes.com\/es\/wp-json\/wp\/v2\/product_cat?post=60010"},{"taxonomy":"product_tag","embeddable":true,"href":"https:\/\/cardinal-tapes.com\/es\/wp-json\/wp\/v2\/product_tag?post=60010"}],"curies":[{"name":"wp","href":"https:\/\/api.w.org\/{rel}","templated":true}]}}