{"id":59998,"date":"2018-02-07T12:09:30","date_gmt":"2023-06-05T15:29:46","guid":{"rendered":"https:\/\/cardinal.pixel-tal.de\/klebebaender\/sin%20categor\u00eda\/tesaband-4651-cinta-de-tejido-premium\/"},"modified":"2025-07-03T14:46:01","modified_gmt":"2025-07-03T12:46:01","slug":"tesa-4651-premium-fabric-tape","status":"publish","type":"product","link":"https:\/\/cardinal-tapes.com\/es\/cintas-adhesivas\/cintas-adhesivas-de-una-cara\/cinta-gaffer\/tesa-4651-premium-fabric-tape\/","title":{"rendered":"tesaband\u00ae 4651 Cinta de tejido premium"},"content":{"rendered":"<p><sup>tesaband\u00ae<\/sup> 4651 es una cinta de tejido premium de alto rendimiento con revestimiento de pl\u00e1stico compuesta por un soporte de tejido de ray\u00f3n de malla 148 de especial calidad y un adhesivo de caucho natural.<\/p>\n<p><strong>Propiedades<\/strong><br \/>\n&#8211; Gran fuerza adhesiva, incluso en superficies rugosas<br \/>\n&#8211; Excelente resistencia al desgarro<br \/>\n&#8211; Flexible y resistente a la abrasi\u00f3n<br \/>\n&#8211; Resistente a la intemperie, al agua y al envejecimiento<br \/>\n&#8211; F\u00e1cil de etiquetar y de rasgar con la mano<\/p>\n<p><strong>Aplicaciones<\/strong><br \/>\n&#8211; Codificaci\u00f3n por colores, marcas<br \/>\n&#8211; Agrupaci\u00f3n, sujeci\u00f3n, encintado, refuerzo, atado y fijaci\u00f3n<br \/>\n&#8211; Sellado, por ejemplo, de embalajes, latas, fundas<br \/>\n&#8211; Sellado de taladros, rendijas, aberturas, conductos de ventilaci\u00f3n y escape<br \/>\n&#8211; Cinta de protecci\u00f3n contra el ruido y la abrasi\u00f3n en z\u00f3calos de frigor\u00edficos y armarios de cocina<br \/>\n&#8211; Protecci\u00f3n contra objetos afilados (seguridad en el trabajo)<\/p>\n<p>&nbsp;<\/p>\n","protected":false},"excerpt":{"rendered":"<p>tesaband\u00ae 4651 es una cinta de tejido premium de alto rendimiento con revestimiento de pl\u00e1stico compuesta por un soporte de tejido de ray\u00f3n de malla 148 de especial calidad y un adhesivo de caucho natural. Propiedades &#8211; Gran fuerza adhesiva, incluso en superficies rugosas &#8211; Excelente resistencia al desgarro &#8211; Flexible y resistente a la [&hellip;]<\/p>\n","protected":false},"featured_media":26083,"template":"","meta":{"_acf_changed":false},"pwb-brand":[2163],"product_brand":[],"product_cat":[1705,1707,1708,1711,1798,1800,1806,1698,1807,1699,1700,1703],"product_tag":[],"class_list":{"0":"post-59998","1":"product","2":"type-product","3":"status-publish","4":"has-post-thumbnail","6":"pwb-brand-tesa-es","7":"product_cat-cinta-de-tela","8":"product_cat-cinta-plastificada","9":"product_cat-industria-del-plastico","10":"product_cat-ingenieria-mecanica","11":"product_cat-acero-y-vidrio","12":"product_cat-industria-textil","13":"product_cat-cintas-adhesivas-de-una-cara","14":"product_cat-construccion","15":"product_cat-cinta-gaffer","16":"product_cat-industria-de-la-construccion","17":"product_cat-industria-del-hormigon","18":"product_cat-industria-electrica","20":"first","21":"instock","22":"featured","23":"taxable","24":"shipping-taxable","25":"purchasable","26":"product-type-variable"},"acf":[],"yoast_head":"<!-- This site is optimized with the Yoast SEO plugin v27.3 - https:\/\/yoast.com\/product\/yoast-seo-wordpress\/ -->\n<title>Tesa 4651 Cinta de Tejido Premium | Cardinal TAPES<\/title>\n<meta name=\"description\" content=\"Tesa 4651 es una cinta de tejido de alto rendimiento con revestimiento de pl\u00e1stico. Tiene una gran fuerza adhesiva en superficies rugosas. M\u00e1s informaci\u00f3n sobre tesa 4651.\" \/>\n<meta name=\"robots\" content=\"index, follow, max-snippet:-1, max-image-preview:large, max-video-preview:-1\" \/>\n<link rel=\"canonical\" href=\"https:\/\/cardinal-tapes.com\/es\/cintas-adhesivas\/cintas-adhesivas-de-una-cara\/cinta-gaffer\/tesa-4651-premium-fabric-tape\/\" \/>\n<meta property=\"og:locale\" content=\"es_ES\" \/>\n<meta property=\"og:type\" content=\"article\" \/>\n<meta property=\"og:title\" content=\"Tesa 4651 Cinta de Tejido Premium | Cardinal TAPES\" \/>\n<meta property=\"og:description\" content=\"Tesa 4651 es una cinta de tejido de alto rendimiento con revestimiento de pl\u00e1stico. Tiene una gran fuerza adhesiva en superficies rugosas. M\u00e1s informaci\u00f3n sobre tesa 4651.\" \/>\n<meta property=\"og:url\" content=\"https:\/\/cardinal-tapes.com\/es\/cintas-adhesivas\/cintas-adhesivas-de-una-cara\/cinta-gaffer\/tesa-4651-premium-fabric-tape\/\" \/>\n<meta property=\"og:site_name\" content=\"cardinal TAPES\" \/>\n<meta property=\"article:modified_time\" content=\"2025-07-03T12:46:01+00:00\" \/>\n<meta property=\"og:image\" content=\"https:\/\/cardinal-tapes.com\/wp-content\/uploads\/tesa-04651.jpg\" \/>\n\t<meta property=\"og:image:width\" content=\"600\" \/>\n\t<meta property=\"og:image:height\" content=\"600\" \/>\n\t<meta property=\"og:image:type\" content=\"image\/jpeg\" \/>\n<meta name=\"twitter:card\" content=\"summary_large_image\" \/>\n<meta name=\"twitter:label1\" content=\"Tiempo de lectura\" \/>\n\t<meta name=\"twitter:data1\" content=\"1 minuto\" \/>\n<script type=\"application\/ld+json\" class=\"yoast-schema-graph\">{\"@context\":\"https:\\\/\\\/schema.org\",\"@graph\":[{\"@type\":\"WebPage\",\"@id\":\"https:\\\/\\\/cardinal-tapes.com\\\/es\\\/cintas-adhesivas\\\/cintas-adhesivas-de-una-cara\\\/cinta-gaffer\\\/tesa-4651-premium-fabric-tape\\\/\",\"url\":\"https:\\\/\\\/cardinal-tapes.com\\\/es\\\/cintas-adhesivas\\\/cintas-adhesivas-de-una-cara\\\/cinta-gaffer\\\/tesa-4651-premium-fabric-tape\\\/\",\"name\":\"Tesa 4651 Cinta de Tejido Premium | Cardinal TAPES\",\"isPartOf\":{\"@id\":\"https:\\\/\\\/cardinal-tapes.com\\\/#website\"},\"primaryImageOfPage\":{\"@id\":\"https:\\\/\\\/cardinal-tapes.com\\\/es\\\/cintas-adhesivas\\\/cintas-adhesivas-de-una-cara\\\/cinta-gaffer\\\/tesa-4651-premium-fabric-tape\\\/#primaryimage\"},\"image\":{\"@id\":\"https:\\\/\\\/cardinal-tapes.com\\\/es\\\/cintas-adhesivas\\\/cintas-adhesivas-de-una-cara\\\/cinta-gaffer\\\/tesa-4651-premium-fabric-tape\\\/#primaryimage\"},\"thumbnailUrl\":\"https:\\\/\\\/cardinal-tapes.com\\\/wp-content\\\/uploads\\\/tesa-04651.jpg\",\"datePublished\":\"2023-06-05T15:29:46+00:00\",\"dateModified\":\"2025-07-03T12:46:01+00:00\",\"description\":\"Tesa 4651 es una cinta de tejido de alto rendimiento con revestimiento de pl\u00e1stico. Tiene una gran fuerza adhesiva en superficies rugosas. M\u00e1s informaci\u00f3n sobre tesa 4651.\",\"breadcrumb\":{\"@id\":\"https:\\\/\\\/cardinal-tapes.com\\\/es\\\/cintas-adhesivas\\\/cintas-adhesivas-de-una-cara\\\/cinta-gaffer\\\/tesa-4651-premium-fabric-tape\\\/#breadcrumb\"},\"inLanguage\":\"es\",\"potentialAction\":[{\"@type\":\"ReadAction\",\"target\":[\"https:\\\/\\\/cardinal-tapes.com\\\/es\\\/cintas-adhesivas\\\/cintas-adhesivas-de-una-cara\\\/cinta-gaffer\\\/tesa-4651-premium-fabric-tape\\\/\"]}]},{\"@type\":\"ImageObject\",\"inLanguage\":\"es\",\"@id\":\"https:\\\/\\\/cardinal-tapes.com\\\/es\\\/cintas-adhesivas\\\/cintas-adhesivas-de-una-cara\\\/cinta-gaffer\\\/tesa-4651-premium-fabric-tape\\\/#primaryimage\",\"url\":\"https:\\\/\\\/cardinal-tapes.com\\\/wp-content\\\/uploads\\\/tesa-04651.jpg\",\"contentUrl\":\"https:\\\/\\\/cardinal-tapes.com\\\/wp-content\\\/uploads\\\/tesa-04651.jpg\",\"width\":600,\"height\":600,\"caption\":\"tesa 4651\"},{\"@type\":\"BreadcrumbList\",\"@id\":\"https:\\\/\\\/cardinal-tapes.com\\\/es\\\/cintas-adhesivas\\\/cintas-adhesivas-de-una-cara\\\/cinta-gaffer\\\/tesa-4651-premium-fabric-tape\\\/#breadcrumb\",\"itemListElement\":[{\"@type\":\"ListItem\",\"position\":1,\"name\":\"Startseite\",\"item\":\"https:\\\/\\\/cardinal-tapes.com\\\/es\\\/\"},{\"@type\":\"ListItem\",\"position\":2,\"name\":\"Cintas adhesivas\",\"item\":\"https:\\\/\\\/cardinal-tapes.com\\\/es\\\/cintas-adhesivas-es\\\/\"},{\"@type\":\"ListItem\",\"position\":3,\"name\":\"\u00c1mbitos de aplicaci\u00f3n\",\"item\":\"https:\\\/\\\/cardinal-tapes.com\\\/es\\\/categora\\\/ambitos-de-aplicacion\\\/\"},{\"@type\":\"ListItem\",\"position\":4,\"name\":\"Industria del pl\u00e1stico\",\"item\":\"https:\\\/\\\/cardinal-tapes.com\\\/es\\\/categora\\\/industria-del-plastico\\\/\"},{\"@type\":\"ListItem\",\"position\":5,\"name\":\"tesaband\u00ae 4651 Cinta de tejido premium\"}]},{\"@type\":\"WebSite\",\"@id\":\"https:\\\/\\\/cardinal-tapes.com\\\/#website\",\"url\":\"https:\\\/\\\/cardinal-tapes.com\\\/\",\"name\":\"cardinal TAPES\",\"description\":\"Klebetechnik aus Wuppertal\",\"potentialAction\":[{\"@type\":\"SearchAction\",\"target\":{\"@type\":\"EntryPoint\",\"urlTemplate\":\"https:\\\/\\\/cardinal-tapes.com\\\/?s={search_term_string}\"},\"query-input\":{\"@type\":\"PropertyValueSpecification\",\"valueRequired\":true,\"valueName\":\"search_term_string\"}}],\"inLanguage\":\"es\"}]}<\/script>\n<!-- \/ Yoast SEO plugin. -->","yoast_head_json":{"title":"Tesa 4651 Cinta de Tejido Premium | Cardinal TAPES","description":"Tesa 4651 es una cinta de tejido de alto rendimiento con revestimiento de pl\u00e1stico. Tiene una gran fuerza adhesiva en superficies rugosas. M\u00e1s informaci\u00f3n sobre tesa 4651.","robots":{"index":"index","follow":"follow","max-snippet":"max-snippet:-1","max-image-preview":"max-image-preview:large","max-video-preview":"max-video-preview:-1"},"canonical":"https:\/\/cardinal-tapes.com\/es\/cintas-adhesivas\/cintas-adhesivas-de-una-cara\/cinta-gaffer\/tesa-4651-premium-fabric-tape\/","og_locale":"es_ES","og_type":"article","og_title":"Tesa 4651 Cinta de Tejido Premium | Cardinal TAPES","og_description":"Tesa 4651 es una cinta de tejido de alto rendimiento con revestimiento de pl\u00e1stico. Tiene una gran fuerza adhesiva en superficies rugosas. M\u00e1s informaci\u00f3n sobre tesa 4651.","og_url":"https:\/\/cardinal-tapes.com\/es\/cintas-adhesivas\/cintas-adhesivas-de-una-cara\/cinta-gaffer\/tesa-4651-premium-fabric-tape\/","og_site_name":"cardinal TAPES","article_modified_time":"2025-07-03T12:46:01+00:00","og_image":[{"width":600,"height":600,"url":"https:\/\/cardinal-tapes.com\/wp-content\/uploads\/tesa-04651.jpg","type":"image\/jpeg"}],"twitter_card":"summary_large_image","twitter_misc":{"Tiempo de lectura":"1 minuto"},"schema":{"@context":"https:\/\/schema.org","@graph":[{"@type":"WebPage","@id":"https:\/\/cardinal-tapes.com\/es\/cintas-adhesivas\/cintas-adhesivas-de-una-cara\/cinta-gaffer\/tesa-4651-premium-fabric-tape\/","url":"https:\/\/cardinal-tapes.com\/es\/cintas-adhesivas\/cintas-adhesivas-de-una-cara\/cinta-gaffer\/tesa-4651-premium-fabric-tape\/","name":"Tesa 4651 Cinta de Tejido Premium | Cardinal TAPES","isPartOf":{"@id":"https:\/\/cardinal-tapes.com\/#website"},"primaryImageOfPage":{"@id":"https:\/\/cardinal-tapes.com\/es\/cintas-adhesivas\/cintas-adhesivas-de-una-cara\/cinta-gaffer\/tesa-4651-premium-fabric-tape\/#primaryimage"},"image":{"@id":"https:\/\/cardinal-tapes.com\/es\/cintas-adhesivas\/cintas-adhesivas-de-una-cara\/cinta-gaffer\/tesa-4651-premium-fabric-tape\/#primaryimage"},"thumbnailUrl":"https:\/\/cardinal-tapes.com\/wp-content\/uploads\/tesa-04651.jpg","datePublished":"2023-06-05T15:29:46+00:00","dateModified":"2025-07-03T12:46:01+00:00","description":"Tesa 4651 es una cinta de tejido de alto rendimiento con revestimiento de pl\u00e1stico. Tiene una gran fuerza adhesiva en superficies rugosas. M\u00e1s informaci\u00f3n sobre tesa 4651.","breadcrumb":{"@id":"https:\/\/cardinal-tapes.com\/es\/cintas-adhesivas\/cintas-adhesivas-de-una-cara\/cinta-gaffer\/tesa-4651-premium-fabric-tape\/#breadcrumb"},"inLanguage":"es","potentialAction":[{"@type":"ReadAction","target":["https:\/\/cardinal-tapes.com\/es\/cintas-adhesivas\/cintas-adhesivas-de-una-cara\/cinta-gaffer\/tesa-4651-premium-fabric-tape\/"]}]},{"@type":"ImageObject","inLanguage":"es","@id":"https:\/\/cardinal-tapes.com\/es\/cintas-adhesivas\/cintas-adhesivas-de-una-cara\/cinta-gaffer\/tesa-4651-premium-fabric-tape\/#primaryimage","url":"https:\/\/cardinal-tapes.com\/wp-content\/uploads\/tesa-04651.jpg","contentUrl":"https:\/\/cardinal-tapes.com\/wp-content\/uploads\/tesa-04651.jpg","width":600,"height":600,"caption":"tesa 4651"},{"@type":"BreadcrumbList","@id":"https:\/\/cardinal-tapes.com\/es\/cintas-adhesivas\/cintas-adhesivas-de-una-cara\/cinta-gaffer\/tesa-4651-premium-fabric-tape\/#breadcrumb","itemListElement":[{"@type":"ListItem","position":1,"name":"Startseite","item":"https:\/\/cardinal-tapes.com\/es\/"},{"@type":"ListItem","position":2,"name":"Cintas adhesivas","item":"https:\/\/cardinal-tapes.com\/es\/cintas-adhesivas-es\/"},{"@type":"ListItem","position":3,"name":"\u00c1mbitos de aplicaci\u00f3n","item":"https:\/\/cardinal-tapes.com\/es\/categora\/ambitos-de-aplicacion\/"},{"@type":"ListItem","position":4,"name":"Industria del pl\u00e1stico","item":"https:\/\/cardinal-tapes.com\/es\/categora\/industria-del-plastico\/"},{"@type":"ListItem","position":5,"name":"tesaband\u00ae 4651 Cinta de tejido premium"}]},{"@type":"WebSite","@id":"https:\/\/cardinal-tapes.com\/#website","url":"https:\/\/cardinal-tapes.com\/","name":"cardinal TAPES","description":"Klebetechnik aus Wuppertal","potentialAction":[{"@type":"SearchAction","target":{"@type":"EntryPoint","urlTemplate":"https:\/\/cardinal-tapes.com\/?s={search_term_string}"},"query-input":{"@type":"PropertyValueSpecification","valueRequired":true,"valueName":"search_term_string"}}],"inLanguage":"es"}]}},"brands":[{"id":2163,"name":"tesa","slug":"tesa-es"}],"_links":{"self":[{"href":"https:\/\/cardinal-tapes.com\/es\/wp-json\/wp\/v2\/product\/59998","targetHints":{"allow":["GET"]}}],"collection":[{"href":"https:\/\/cardinal-tapes.com\/es\/wp-json\/wp\/v2\/product"}],"about":[{"href":"https:\/\/cardinal-tapes.com\/es\/wp-json\/wp\/v2\/types\/product"}],"wp:featuredmedia":[{"embeddable":true,"href":"https:\/\/cardinal-tapes.com\/es\/wp-json\/wp\/v2\/media\/26083"}],"wp:attachment":[{"href":"https:\/\/cardinal-tapes.com\/es\/wp-json\/wp\/v2\/media?parent=59998"}],"wp:term":[{"taxonomy":"pwb-brand","embeddable":true,"href":"https:\/\/cardinal-tapes.com\/es\/wp-json\/wp\/v2\/pwb-brand?post=59998"},{"taxonomy":"product_brand","embeddable":true,"href":"https:\/\/cardinal-tapes.com\/es\/wp-json\/wp\/v2\/product_brand?post=59998"},{"taxonomy":"product_cat","embeddable":true,"href":"https:\/\/cardinal-tapes.com\/es\/wp-json\/wp\/v2\/product_cat?post=59998"},{"taxonomy":"product_tag","embeddable":true,"href":"https:\/\/cardinal-tapes.com\/es\/wp-json\/wp\/v2\/product_tag?post=59998"}],"curies":[{"name":"wp","href":"https:\/\/api.w.org\/{rel}","templated":true}]}}