{"id":59986,"date":"2018-02-06T15:26:49","date_gmt":"2023-06-05T15:29:46","guid":{"rendered":"https:\/\/cardinal.pixel-tal.de\/klebebaender\/sin%20categor\u00eda\/tesakrepp-4319-cinta-de-papel-de-alto-crepado\/"},"modified":"2023-06-05T17:33:12","modified_gmt":"2023-06-05T15:33:12","slug":"tesa-4657-cinta-de-tejido-especial-resistente-a-altas-temperaturas","status":"publish","type":"product","link":"https:\/\/cardinal-tapes.com\/es\/cintas-adhesivas\/ambitos-de-aplicacion\/cinta-de-papel\/tesa-4657-cinta-de-tejido-especial-resistente-a-altas-temperaturas\/","title":{"rendered":"tesakrepp\u00ae 4319 Cinta de papel de alto crepado"},"content":{"rendered":"<p><sup>tesakrepp\u00ae<\/sup> 4319 es una cinta adhesiva de papel muy crepada, flexible y resistente al desgarro, con una elevada reserva de alargamiento. Esto facilita la uni\u00f3n en curvas o tridimensionalmente. El producto tiene una gran pegajosidad inicial. Debe pegarse siempre estirado para evitar que se corra menos tinta de la debida.<\/p>\n<p><strong>Propiedades<\/strong><br \/>\n&#8211; Resistente a la temperatura<br \/>\n&#8211; Buena adherencia a los colores<br \/>\n&#8211; Rompible a mano<br \/>\n&#8211; Gran fuerza adhesiva incluso en superficies rugosas<\/p>\n<p><strong>Aplicaciones<\/strong><br \/>\n&#8211; Cubrir formas redondas durante los trabajos de pintura<\/p>\n","protected":false},"excerpt":{"rendered":"<p>tesakrepp\u00ae 4319 es una cinta adhesiva de papel muy crepada, flexible y resistente al desgarro, con una elevada reserva de alargamiento. Esto facilita la uni\u00f3n en curvas o tridimensionalmente. El producto tiene una gran pegajosidad inicial. Debe pegarse siempre estirado para evitar que se corra menos tinta de la debida. Propiedades &#8211; Resistente a la [&hellip;]<\/p>\n","protected":false},"featured_media":26215,"template":"","meta":{"_acf_changed":false},"pwb-brand":[2163],"product_brand":[],"product_cat":[1796,1806],"product_tag":[],"class_list":{"0":"post-59986","1":"product","2":"type-product","3":"status-publish","4":"has-post-thumbnail","6":"pwb-brand-tesa-es","7":"product_cat-cinta-de-papel","8":"product_cat-cintas-adhesivas-de-una-cara","10":"first","11":"instock","12":"featured","13":"taxable","14":"shipping-taxable","15":"purchasable","16":"product-type-variable"},"acf":[],"yoast_head":"<!-- This site is optimized with the Yoast SEO plugin v27.3 - https:\/\/yoast.com\/product\/yoast-seo-wordpress\/ -->\n<title>Tesa 4319 High Crepe Paper Tape | CINTAS Cardinal<\/title>\n<meta name=\"description\" content=\"Tesa 4319 es una cinta de papel muy crepada, maleable y resistente al desgarro, con una elevada reserva de elongaci\u00f3n. M\u00e1s informaci\u00f3n sobre la tesa 4319 aqu\u00ed.\" \/>\n<meta name=\"robots\" content=\"index, follow, max-snippet:-1, max-image-preview:large, max-video-preview:-1\" \/>\n<link rel=\"canonical\" href=\"https:\/\/cardinal-tapes.com\/es\/cintas-adhesivas\/cinta-de-papel\/tesa-4657-cinta-de-tejido-especial-resistente-a-altas-temperaturas\/\" \/>\n<meta property=\"og:locale\" content=\"es_ES\" \/>\n<meta property=\"og:type\" content=\"article\" \/>\n<meta property=\"og:title\" content=\"Tesa 4319 High Crepe Paper Tape | CINTAS Cardinal\" \/>\n<meta property=\"og:description\" content=\"Tesa 4319 es una cinta de papel muy crepada, maleable y resistente al desgarro, con una elevada reserva de elongaci\u00f3n. M\u00e1s informaci\u00f3n sobre la tesa 4319 aqu\u00ed.\" \/>\n<meta property=\"og:url\" content=\"https:\/\/cardinal-tapes.com\/es\/cintas-adhesivas\/cinta-de-papel\/tesa-4657-cinta-de-tejido-especial-resistente-a-altas-temperaturas\/\" \/>\n<meta property=\"og:site_name\" content=\"cardinal TAPES\" \/>\n<meta property=\"article:modified_time\" content=\"2023-06-05T15:33:12+00:00\" \/>\n<meta property=\"og:image\" content=\"https:\/\/cardinal-tapes.com\/wp-content\/uploads\/tesa-4319.jpg\" \/>\n\t<meta property=\"og:image:width\" content=\"600\" \/>\n\t<meta property=\"og:image:height\" content=\"600\" \/>\n\t<meta property=\"og:image:type\" content=\"image\/jpeg\" \/>\n<meta name=\"twitter:card\" content=\"summary_large_image\" \/>\n<script type=\"application\/ld+json\" class=\"yoast-schema-graph\">{\"@context\":\"https:\\\/\\\/schema.org\",\"@graph\":[{\"@type\":\"WebPage\",\"@id\":\"https:\\\/\\\/cardinal-tapes.com\\\/es\\\/cintas-adhesivas\\\/cinta-de-papel\\\/tesa-4657-cinta-de-tejido-especial-resistente-a-altas-temperaturas\\\/\",\"url\":\"https:\\\/\\\/cardinal-tapes.com\\\/es\\\/cintas-adhesivas\\\/cinta-de-papel\\\/tesa-4657-cinta-de-tejido-especial-resistente-a-altas-temperaturas\\\/\",\"name\":\"Tesa 4319 High Crepe Paper Tape | CINTAS Cardinal\",\"isPartOf\":{\"@id\":\"https:\\\/\\\/cardinal-tapes.com\\\/#website\"},\"primaryImageOfPage\":{\"@id\":\"https:\\\/\\\/cardinal-tapes.com\\\/es\\\/cintas-adhesivas\\\/cinta-de-papel\\\/tesa-4657-cinta-de-tejido-especial-resistente-a-altas-temperaturas\\\/#primaryimage\"},\"image\":{\"@id\":\"https:\\\/\\\/cardinal-tapes.com\\\/es\\\/cintas-adhesivas\\\/cinta-de-papel\\\/tesa-4657-cinta-de-tejido-especial-resistente-a-altas-temperaturas\\\/#primaryimage\"},\"thumbnailUrl\":\"https:\\\/\\\/cardinal-tapes.com\\\/wp-content\\\/uploads\\\/tesa-4319.jpg\",\"datePublished\":\"2023-06-05T15:29:46+00:00\",\"dateModified\":\"2023-06-05T15:33:12+00:00\",\"description\":\"Tesa 4319 es una cinta de papel muy crepada, maleable y resistente al desgarro, con una elevada reserva de elongaci\u00f3n. M\u00e1s informaci\u00f3n sobre la tesa 4319 aqu\u00ed.\",\"breadcrumb\":{\"@id\":\"https:\\\/\\\/cardinal-tapes.com\\\/es\\\/cintas-adhesivas\\\/cinta-de-papel\\\/tesa-4657-cinta-de-tejido-especial-resistente-a-altas-temperaturas\\\/#breadcrumb\"},\"inLanguage\":\"es\",\"potentialAction\":[{\"@type\":\"ReadAction\",\"target\":[\"https:\\\/\\\/cardinal-tapes.com\\\/es\\\/cintas-adhesivas\\\/cinta-de-papel\\\/tesa-4657-cinta-de-tejido-especial-resistente-a-altas-temperaturas\\\/\"]}]},{\"@type\":\"ImageObject\",\"inLanguage\":\"es\",\"@id\":\"https:\\\/\\\/cardinal-tapes.com\\\/es\\\/cintas-adhesivas\\\/cinta-de-papel\\\/tesa-4657-cinta-de-tejido-especial-resistente-a-altas-temperaturas\\\/#primaryimage\",\"url\":\"https:\\\/\\\/cardinal-tapes.com\\\/wp-content\\\/uploads\\\/tesa-4319.jpg\",\"contentUrl\":\"https:\\\/\\\/cardinal-tapes.com\\\/wp-content\\\/uploads\\\/tesa-4319.jpg\",\"width\":600,\"height\":600,\"caption\":\"tesa 4319\"},{\"@type\":\"BreadcrumbList\",\"@id\":\"https:\\\/\\\/cardinal-tapes.com\\\/es\\\/cintas-adhesivas\\\/cinta-de-papel\\\/tesa-4657-cinta-de-tejido-especial-resistente-a-altas-temperaturas\\\/#breadcrumb\",\"itemListElement\":[{\"@type\":\"ListItem\",\"position\":1,\"name\":\"Startseite\",\"item\":\"https:\\\/\\\/cardinal-tapes.com\\\/es\\\/\"},{\"@type\":\"ListItem\",\"position\":2,\"name\":\"Cintas adhesivas\",\"item\":\"https:\\\/\\\/cardinal-tapes.com\\\/es\\\/cintas-adhesivas-es\\\/\"},{\"@type\":\"ListItem\",\"position\":3,\"name\":\"Cinta de papel\",\"item\":\"https:\\\/\\\/cardinal-tapes.com\\\/es\\\/categora\\\/cinta-de-papel\\\/\"},{\"@type\":\"ListItem\",\"position\":4,\"name\":\"tesakrepp\u00ae 4319 Cinta de papel de alto crepado\"}]},{\"@type\":\"WebSite\",\"@id\":\"https:\\\/\\\/cardinal-tapes.com\\\/#website\",\"url\":\"https:\\\/\\\/cardinal-tapes.com\\\/\",\"name\":\"cardinal TAPES\",\"description\":\"Klebetechnik aus Wuppertal\",\"potentialAction\":[{\"@type\":\"SearchAction\",\"target\":{\"@type\":\"EntryPoint\",\"urlTemplate\":\"https:\\\/\\\/cardinal-tapes.com\\\/?s={search_term_string}\"},\"query-input\":{\"@type\":\"PropertyValueSpecification\",\"valueRequired\":true,\"valueName\":\"search_term_string\"}}],\"inLanguage\":\"es\"}]}<\/script>\n<!-- \/ Yoast SEO plugin. -->","yoast_head_json":{"title":"Tesa 4319 High Crepe Paper Tape | CINTAS Cardinal","description":"Tesa 4319 es una cinta de papel muy crepada, maleable y resistente al desgarro, con una elevada reserva de elongaci\u00f3n. M\u00e1s informaci\u00f3n sobre la tesa 4319 aqu\u00ed.","robots":{"index":"index","follow":"follow","max-snippet":"max-snippet:-1","max-image-preview":"max-image-preview:large","max-video-preview":"max-video-preview:-1"},"canonical":"https:\/\/cardinal-tapes.com\/es\/cintas-adhesivas\/cinta-de-papel\/tesa-4657-cinta-de-tejido-especial-resistente-a-altas-temperaturas\/","og_locale":"es_ES","og_type":"article","og_title":"Tesa 4319 High Crepe Paper Tape | CINTAS Cardinal","og_description":"Tesa 4319 es una cinta de papel muy crepada, maleable y resistente al desgarro, con una elevada reserva de elongaci\u00f3n. M\u00e1s informaci\u00f3n sobre la tesa 4319 aqu\u00ed.","og_url":"https:\/\/cardinal-tapes.com\/es\/cintas-adhesivas\/cinta-de-papel\/tesa-4657-cinta-de-tejido-especial-resistente-a-altas-temperaturas\/","og_site_name":"cardinal TAPES","article_modified_time":"2023-06-05T15:33:12+00:00","og_image":[{"width":600,"height":600,"url":"https:\/\/cardinal-tapes.com\/wp-content\/uploads\/tesa-4319.jpg","type":"image\/jpeg"}],"twitter_card":"summary_large_image","schema":{"@context":"https:\/\/schema.org","@graph":[{"@type":"WebPage","@id":"https:\/\/cardinal-tapes.com\/es\/cintas-adhesivas\/cinta-de-papel\/tesa-4657-cinta-de-tejido-especial-resistente-a-altas-temperaturas\/","url":"https:\/\/cardinal-tapes.com\/es\/cintas-adhesivas\/cinta-de-papel\/tesa-4657-cinta-de-tejido-especial-resistente-a-altas-temperaturas\/","name":"Tesa 4319 High Crepe Paper Tape | CINTAS Cardinal","isPartOf":{"@id":"https:\/\/cardinal-tapes.com\/#website"},"primaryImageOfPage":{"@id":"https:\/\/cardinal-tapes.com\/es\/cintas-adhesivas\/cinta-de-papel\/tesa-4657-cinta-de-tejido-especial-resistente-a-altas-temperaturas\/#primaryimage"},"image":{"@id":"https:\/\/cardinal-tapes.com\/es\/cintas-adhesivas\/cinta-de-papel\/tesa-4657-cinta-de-tejido-especial-resistente-a-altas-temperaturas\/#primaryimage"},"thumbnailUrl":"https:\/\/cardinal-tapes.com\/wp-content\/uploads\/tesa-4319.jpg","datePublished":"2023-06-05T15:29:46+00:00","dateModified":"2023-06-05T15:33:12+00:00","description":"Tesa 4319 es una cinta de papel muy crepada, maleable y resistente al desgarro, con una elevada reserva de elongaci\u00f3n. M\u00e1s informaci\u00f3n sobre la tesa 4319 aqu\u00ed.","breadcrumb":{"@id":"https:\/\/cardinal-tapes.com\/es\/cintas-adhesivas\/cinta-de-papel\/tesa-4657-cinta-de-tejido-especial-resistente-a-altas-temperaturas\/#breadcrumb"},"inLanguage":"es","potentialAction":[{"@type":"ReadAction","target":["https:\/\/cardinal-tapes.com\/es\/cintas-adhesivas\/cinta-de-papel\/tesa-4657-cinta-de-tejido-especial-resistente-a-altas-temperaturas\/"]}]},{"@type":"ImageObject","inLanguage":"es","@id":"https:\/\/cardinal-tapes.com\/es\/cintas-adhesivas\/cinta-de-papel\/tesa-4657-cinta-de-tejido-especial-resistente-a-altas-temperaturas\/#primaryimage","url":"https:\/\/cardinal-tapes.com\/wp-content\/uploads\/tesa-4319.jpg","contentUrl":"https:\/\/cardinal-tapes.com\/wp-content\/uploads\/tesa-4319.jpg","width":600,"height":600,"caption":"tesa 4319"},{"@type":"BreadcrumbList","@id":"https:\/\/cardinal-tapes.com\/es\/cintas-adhesivas\/cinta-de-papel\/tesa-4657-cinta-de-tejido-especial-resistente-a-altas-temperaturas\/#breadcrumb","itemListElement":[{"@type":"ListItem","position":1,"name":"Startseite","item":"https:\/\/cardinal-tapes.com\/es\/"},{"@type":"ListItem","position":2,"name":"Cintas adhesivas","item":"https:\/\/cardinal-tapes.com\/es\/cintas-adhesivas-es\/"},{"@type":"ListItem","position":3,"name":"Cinta de papel","item":"https:\/\/cardinal-tapes.com\/es\/categora\/cinta-de-papel\/"},{"@type":"ListItem","position":4,"name":"tesakrepp\u00ae 4319 Cinta de papel de alto crepado"}]},{"@type":"WebSite","@id":"https:\/\/cardinal-tapes.com\/#website","url":"https:\/\/cardinal-tapes.com\/","name":"cardinal TAPES","description":"Klebetechnik aus Wuppertal","potentialAction":[{"@type":"SearchAction","target":{"@type":"EntryPoint","urlTemplate":"https:\/\/cardinal-tapes.com\/?s={search_term_string}"},"query-input":{"@type":"PropertyValueSpecification","valueRequired":true,"valueName":"search_term_string"}}],"inLanguage":"es"}]}},"brands":[{"id":2163,"name":"tesa","slug":"tesa-es"}],"_links":{"self":[{"href":"https:\/\/cardinal-tapes.com\/es\/wp-json\/wp\/v2\/product\/59986","targetHints":{"allow":["GET"]}}],"collection":[{"href":"https:\/\/cardinal-tapes.com\/es\/wp-json\/wp\/v2\/product"}],"about":[{"href":"https:\/\/cardinal-tapes.com\/es\/wp-json\/wp\/v2\/types\/product"}],"wp:featuredmedia":[{"embeddable":true,"href":"https:\/\/cardinal-tapes.com\/es\/wp-json\/wp\/v2\/media\/26215"}],"wp:attachment":[{"href":"https:\/\/cardinal-tapes.com\/es\/wp-json\/wp\/v2\/media?parent=59986"}],"wp:term":[{"taxonomy":"pwb-brand","embeddable":true,"href":"https:\/\/cardinal-tapes.com\/es\/wp-json\/wp\/v2\/pwb-brand?post=59986"},{"taxonomy":"product_brand","embeddable":true,"href":"https:\/\/cardinal-tapes.com\/es\/wp-json\/wp\/v2\/product_brand?post=59986"},{"taxonomy":"product_cat","embeddable":true,"href":"https:\/\/cardinal-tapes.com\/es\/wp-json\/wp\/v2\/product_cat?post=59986"},{"taxonomy":"product_tag","embeddable":true,"href":"https:\/\/cardinal-tapes.com\/es\/wp-json\/wp\/v2\/product_tag?post=59986"}],"curies":[{"name":"wp","href":"https:\/\/api.w.org\/{rel}","templated":true}]}}