{"id":59972,"date":"2018-02-07T09:50:49","date_gmt":"2023-06-05T15:29:45","guid":{"rendered":"https:\/\/cardinal.pixel-tal.de\/klebebaender\/sin%20categor\u00eda\/tesakrepp-4317-cinta-de-enmascarar-de-papel-crepado-plano\/"},"modified":"2023-06-05T17:33:13","modified_gmt":"2023-06-05T15:33:13","slug":"tesa-4317-cinta-de-enmascarar-de-papel-crepado-plano","status":"publish","type":"product","link":"https:\/\/cardinal-tapes.com\/es\/cintas-adhesivas\/ambitos-de-aplicacion\/industria-del-automovil\/tesa-4317-cinta-de-enmascarar-de-papel-crepado-plano\/","title":{"rendered":"tesakrepp\u00ae 4317 Cinta de enmascarar de papel crepado plano"},"content":{"rendered":"<p><sup>tesakrepp\u00ae<\/sup> 4317 es una cinta de enmascarar de papel ligeramente crepado con un soporte fino y flexible.<br \/>\nEl producto es resistente al lijado en h\u00famedo y presenta una buena adherencia de la masilla en la cara superior de la cinta.<br \/>\nDespu\u00e9s del secado, <sup>tesakrepp\u00ae<\/sup> 4317 es f\u00e1cil de retirar.<\/p>\n<p><strong>Propiedades<\/strong><br \/>\n&#8211; Resistente a la temperatura<br \/>\n&#8211; Buena adherencia a los colores<br \/>\n&#8211; Rompible a mano<\/p>\n<p><strong>Aplicaciones<\/strong><br \/>\n&#8211; Enmascaramiento durante los trabajos habituales de pintura con secado posterior hasta una temperatura de 80 \u00b0C<\/p>\n","protected":false},"excerpt":{"rendered":"<p>tesakrepp\u00ae 4317 es una cinta de enmascarar de papel ligeramente crepado con un soporte fino y flexible. El producto es resistente al lijado en h\u00famedo y presenta una buena adherencia de la masilla en la cara superior de la cinta. Despu\u00e9s del secado, tesakrepp\u00ae 4317 es f\u00e1cil de retirar. Propiedades &#8211; Resistente a la temperatura [&hellip;]<\/p>\n","protected":false},"featured_media":26211,"template":"","meta":{"_acf_changed":false},"pwb-brand":[2163],"product_brand":[],"product_cat":[1796,1806,1697],"product_tag":[],"class_list":{"0":"post-59972","1":"product","2":"type-product","3":"status-publish","4":"has-post-thumbnail","6":"pwb-brand-tesa-es","7":"product_cat-cinta-de-papel","8":"product_cat-cintas-adhesivas-de-una-cara","9":"product_cat-industria-del-automovil","11":"first","12":"instock","13":"taxable","14":"shipping-taxable","15":"purchasable","16":"product-type-variable"},"acf":[],"yoast_head":"<!-- This site is optimized with the Yoast SEO plugin v27.3 - https:\/\/yoast.com\/product\/yoast-seo-wordpress\/ -->\n<title>Tesa 4317 Cinta de enmascarar de papel crepado plano | Cardinal TAPES<\/title>\n<meta name=\"description\" content=\"Tesa 4317 es una cinta de enmascarar de papel universal ligeramente crepada con una gran fuerza adhesiva. M\u00e1s informaci\u00f3n sobre la cinta aqu\u00ed.\" \/>\n<meta name=\"robots\" content=\"index, follow, max-snippet:-1, max-image-preview:large, max-video-preview:-1\" \/>\n<link rel=\"canonical\" href=\"https:\/\/cardinal-tapes.com\/es\/cintas-adhesivas\/industria-del-automovil\/tesa-4317-cinta-de-enmascarar-de-papel-crepado-plano\/\" \/>\n<meta property=\"og:locale\" content=\"es_ES\" \/>\n<meta property=\"og:type\" content=\"article\" \/>\n<meta property=\"og:title\" content=\"Tesa 4317 Cinta de enmascarar de papel crepado plano | Cardinal TAPES\" \/>\n<meta property=\"og:description\" content=\"Tesa 4317 es una cinta de enmascarar de papel universal ligeramente crepada con una gran fuerza adhesiva. M\u00e1s informaci\u00f3n sobre la cinta aqu\u00ed.\" \/>\n<meta property=\"og:url\" content=\"https:\/\/cardinal-tapes.com\/es\/cintas-adhesivas\/industria-del-automovil\/tesa-4317-cinta-de-enmascarar-de-papel-crepado-plano\/\" \/>\n<meta property=\"og:site_name\" content=\"cardinal TAPES\" \/>\n<meta property=\"article:modified_time\" content=\"2023-06-05T15:33:13+00:00\" \/>\n<meta property=\"og:image\" content=\"https:\/\/cardinal-tapes.com\/wp-content\/uploads\/tesa-04317.jpg\" \/>\n\t<meta property=\"og:image:width\" content=\"600\" \/>\n\t<meta property=\"og:image:height\" content=\"600\" \/>\n\t<meta property=\"og:image:type\" content=\"image\/jpeg\" \/>\n<meta name=\"twitter:card\" content=\"summary_large_image\" \/>\n<script type=\"application\/ld+json\" class=\"yoast-schema-graph\">{\"@context\":\"https:\\\/\\\/schema.org\",\"@graph\":[{\"@type\":\"WebPage\",\"@id\":\"https:\\\/\\\/cardinal-tapes.com\\\/es\\\/cintas-adhesivas\\\/industria-del-automovil\\\/tesa-4317-cinta-de-enmascarar-de-papel-crepado-plano\\\/\",\"url\":\"https:\\\/\\\/cardinal-tapes.com\\\/es\\\/cintas-adhesivas\\\/industria-del-automovil\\\/tesa-4317-cinta-de-enmascarar-de-papel-crepado-plano\\\/\",\"name\":\"Tesa 4317 Cinta de enmascarar de papel crepado plano | Cardinal TAPES\",\"isPartOf\":{\"@id\":\"https:\\\/\\\/cardinal-tapes.com\\\/#website\"},\"primaryImageOfPage\":{\"@id\":\"https:\\\/\\\/cardinal-tapes.com\\\/es\\\/cintas-adhesivas\\\/industria-del-automovil\\\/tesa-4317-cinta-de-enmascarar-de-papel-crepado-plano\\\/#primaryimage\"},\"image\":{\"@id\":\"https:\\\/\\\/cardinal-tapes.com\\\/es\\\/cintas-adhesivas\\\/industria-del-automovil\\\/tesa-4317-cinta-de-enmascarar-de-papel-crepado-plano\\\/#primaryimage\"},\"thumbnailUrl\":\"https:\\\/\\\/cardinal-tapes.com\\\/wp-content\\\/uploads\\\/tesa-04317.jpg\",\"datePublished\":\"2023-06-05T15:29:45+00:00\",\"dateModified\":\"2023-06-05T15:33:13+00:00\",\"description\":\"Tesa 4317 es una cinta de enmascarar de papel universal ligeramente crepada con una gran fuerza adhesiva. M\u00e1s informaci\u00f3n sobre la cinta aqu\u00ed.\",\"breadcrumb\":{\"@id\":\"https:\\\/\\\/cardinal-tapes.com\\\/es\\\/cintas-adhesivas\\\/industria-del-automovil\\\/tesa-4317-cinta-de-enmascarar-de-papel-crepado-plano\\\/#breadcrumb\"},\"inLanguage\":\"es\",\"potentialAction\":[{\"@type\":\"ReadAction\",\"target\":[\"https:\\\/\\\/cardinal-tapes.com\\\/es\\\/cintas-adhesivas\\\/industria-del-automovil\\\/tesa-4317-cinta-de-enmascarar-de-papel-crepado-plano\\\/\"]}]},{\"@type\":\"ImageObject\",\"inLanguage\":\"es\",\"@id\":\"https:\\\/\\\/cardinal-tapes.com\\\/es\\\/cintas-adhesivas\\\/industria-del-automovil\\\/tesa-4317-cinta-de-enmascarar-de-papel-crepado-plano\\\/#primaryimage\",\"url\":\"https:\\\/\\\/cardinal-tapes.com\\\/wp-content\\\/uploads\\\/tesa-04317.jpg\",\"contentUrl\":\"https:\\\/\\\/cardinal-tapes.com\\\/wp-content\\\/uploads\\\/tesa-04317.jpg\",\"width\":600,\"height\":600,\"caption\":\"tesa 4317\"},{\"@type\":\"BreadcrumbList\",\"@id\":\"https:\\\/\\\/cardinal-tapes.com\\\/es\\\/cintas-adhesivas\\\/industria-del-automovil\\\/tesa-4317-cinta-de-enmascarar-de-papel-crepado-plano\\\/#breadcrumb\",\"itemListElement\":[{\"@type\":\"ListItem\",\"position\":1,\"name\":\"Startseite\",\"item\":\"https:\\\/\\\/cardinal-tapes.com\\\/es\\\/\"},{\"@type\":\"ListItem\",\"position\":2,\"name\":\"Cintas adhesivas\",\"item\":\"https:\\\/\\\/cardinal-tapes.com\\\/es\\\/cintas-adhesivas-es\\\/\"},{\"@type\":\"ListItem\",\"position\":3,\"name\":\"Industria del autom\u00f3vil\",\"item\":\"https:\\\/\\\/cardinal-tapes.com\\\/es\\\/categora\\\/industria-del-automovil\\\/\"},{\"@type\":\"ListItem\",\"position\":4,\"name\":\"tesakrepp\u00ae 4317 Cinta de enmascarar de papel crepado plano\"}]},{\"@type\":\"WebSite\",\"@id\":\"https:\\\/\\\/cardinal-tapes.com\\\/#website\",\"url\":\"https:\\\/\\\/cardinal-tapes.com\\\/\",\"name\":\"cardinal TAPES\",\"description\":\"Klebetechnik aus Wuppertal\",\"potentialAction\":[{\"@type\":\"SearchAction\",\"target\":{\"@type\":\"EntryPoint\",\"urlTemplate\":\"https:\\\/\\\/cardinal-tapes.com\\\/?s={search_term_string}\"},\"query-input\":{\"@type\":\"PropertyValueSpecification\",\"valueRequired\":true,\"valueName\":\"search_term_string\"}}],\"inLanguage\":\"es\"}]}<\/script>\n<!-- \/ Yoast SEO plugin. -->","yoast_head_json":{"title":"Tesa 4317 Cinta de enmascarar de papel crepado plano | Cardinal TAPES","description":"Tesa 4317 es una cinta de enmascarar de papel universal ligeramente crepada con una gran fuerza adhesiva. M\u00e1s informaci\u00f3n sobre la cinta aqu\u00ed.","robots":{"index":"index","follow":"follow","max-snippet":"max-snippet:-1","max-image-preview":"max-image-preview:large","max-video-preview":"max-video-preview:-1"},"canonical":"https:\/\/cardinal-tapes.com\/es\/cintas-adhesivas\/industria-del-automovil\/tesa-4317-cinta-de-enmascarar-de-papel-crepado-plano\/","og_locale":"es_ES","og_type":"article","og_title":"Tesa 4317 Cinta de enmascarar de papel crepado plano | Cardinal TAPES","og_description":"Tesa 4317 es una cinta de enmascarar de papel universal ligeramente crepada con una gran fuerza adhesiva. M\u00e1s informaci\u00f3n sobre la cinta aqu\u00ed.","og_url":"https:\/\/cardinal-tapes.com\/es\/cintas-adhesivas\/industria-del-automovil\/tesa-4317-cinta-de-enmascarar-de-papel-crepado-plano\/","og_site_name":"cardinal TAPES","article_modified_time":"2023-06-05T15:33:13+00:00","og_image":[{"width":600,"height":600,"url":"https:\/\/cardinal-tapes.com\/wp-content\/uploads\/tesa-04317.jpg","type":"image\/jpeg"}],"twitter_card":"summary_large_image","schema":{"@context":"https:\/\/schema.org","@graph":[{"@type":"WebPage","@id":"https:\/\/cardinal-tapes.com\/es\/cintas-adhesivas\/industria-del-automovil\/tesa-4317-cinta-de-enmascarar-de-papel-crepado-plano\/","url":"https:\/\/cardinal-tapes.com\/es\/cintas-adhesivas\/industria-del-automovil\/tesa-4317-cinta-de-enmascarar-de-papel-crepado-plano\/","name":"Tesa 4317 Cinta de enmascarar de papel crepado plano | Cardinal TAPES","isPartOf":{"@id":"https:\/\/cardinal-tapes.com\/#website"},"primaryImageOfPage":{"@id":"https:\/\/cardinal-tapes.com\/es\/cintas-adhesivas\/industria-del-automovil\/tesa-4317-cinta-de-enmascarar-de-papel-crepado-plano\/#primaryimage"},"image":{"@id":"https:\/\/cardinal-tapes.com\/es\/cintas-adhesivas\/industria-del-automovil\/tesa-4317-cinta-de-enmascarar-de-papel-crepado-plano\/#primaryimage"},"thumbnailUrl":"https:\/\/cardinal-tapes.com\/wp-content\/uploads\/tesa-04317.jpg","datePublished":"2023-06-05T15:29:45+00:00","dateModified":"2023-06-05T15:33:13+00:00","description":"Tesa 4317 es una cinta de enmascarar de papel universal ligeramente crepada con una gran fuerza adhesiva. M\u00e1s informaci\u00f3n sobre la cinta aqu\u00ed.","breadcrumb":{"@id":"https:\/\/cardinal-tapes.com\/es\/cintas-adhesivas\/industria-del-automovil\/tesa-4317-cinta-de-enmascarar-de-papel-crepado-plano\/#breadcrumb"},"inLanguage":"es","potentialAction":[{"@type":"ReadAction","target":["https:\/\/cardinal-tapes.com\/es\/cintas-adhesivas\/industria-del-automovil\/tesa-4317-cinta-de-enmascarar-de-papel-crepado-plano\/"]}]},{"@type":"ImageObject","inLanguage":"es","@id":"https:\/\/cardinal-tapes.com\/es\/cintas-adhesivas\/industria-del-automovil\/tesa-4317-cinta-de-enmascarar-de-papel-crepado-plano\/#primaryimage","url":"https:\/\/cardinal-tapes.com\/wp-content\/uploads\/tesa-04317.jpg","contentUrl":"https:\/\/cardinal-tapes.com\/wp-content\/uploads\/tesa-04317.jpg","width":600,"height":600,"caption":"tesa 4317"},{"@type":"BreadcrumbList","@id":"https:\/\/cardinal-tapes.com\/es\/cintas-adhesivas\/industria-del-automovil\/tesa-4317-cinta-de-enmascarar-de-papel-crepado-plano\/#breadcrumb","itemListElement":[{"@type":"ListItem","position":1,"name":"Startseite","item":"https:\/\/cardinal-tapes.com\/es\/"},{"@type":"ListItem","position":2,"name":"Cintas adhesivas","item":"https:\/\/cardinal-tapes.com\/es\/cintas-adhesivas-es\/"},{"@type":"ListItem","position":3,"name":"Industria del autom\u00f3vil","item":"https:\/\/cardinal-tapes.com\/es\/categora\/industria-del-automovil\/"},{"@type":"ListItem","position":4,"name":"tesakrepp\u00ae 4317 Cinta de enmascarar de papel crepado plano"}]},{"@type":"WebSite","@id":"https:\/\/cardinal-tapes.com\/#website","url":"https:\/\/cardinal-tapes.com\/","name":"cardinal TAPES","description":"Klebetechnik aus Wuppertal","potentialAction":[{"@type":"SearchAction","target":{"@type":"EntryPoint","urlTemplate":"https:\/\/cardinal-tapes.com\/?s={search_term_string}"},"query-input":{"@type":"PropertyValueSpecification","valueRequired":true,"valueName":"search_term_string"}}],"inLanguage":"es"}]}},"brands":[{"id":2163,"name":"tesa","slug":"tesa-es"}],"_links":{"self":[{"href":"https:\/\/cardinal-tapes.com\/es\/wp-json\/wp\/v2\/product\/59972","targetHints":{"allow":["GET"]}}],"collection":[{"href":"https:\/\/cardinal-tapes.com\/es\/wp-json\/wp\/v2\/product"}],"about":[{"href":"https:\/\/cardinal-tapes.com\/es\/wp-json\/wp\/v2\/types\/product"}],"wp:featuredmedia":[{"embeddable":true,"href":"https:\/\/cardinal-tapes.com\/es\/wp-json\/wp\/v2\/media\/26211"}],"wp:attachment":[{"href":"https:\/\/cardinal-tapes.com\/es\/wp-json\/wp\/v2\/media?parent=59972"}],"wp:term":[{"taxonomy":"pwb-brand","embeddable":true,"href":"https:\/\/cardinal-tapes.com\/es\/wp-json\/wp\/v2\/pwb-brand?post=59972"},{"taxonomy":"product_brand","embeddable":true,"href":"https:\/\/cardinal-tapes.com\/es\/wp-json\/wp\/v2\/product_brand?post=59972"},{"taxonomy":"product_cat","embeddable":true,"href":"https:\/\/cardinal-tapes.com\/es\/wp-json\/wp\/v2\/product_cat?post=59972"},{"taxonomy":"product_tag","embeddable":true,"href":"https:\/\/cardinal-tapes.com\/es\/wp-json\/wp\/v2\/product_tag?post=59972"}],"curies":[{"name":"wp","href":"https:\/\/api.w.org\/{rel}","templated":true}]}}