{"id":59702,"date":"2018-02-08T14:54:40","date_gmt":"2023-06-05T15:28:27","guid":{"rendered":"https:\/\/cardinal.pixel-tal.de\/klebebaender\/sin%20categor\u00eda\/tesapack-4122-cinta-de-embalaje-para-mercancias-peligrosas\/"},"modified":"2025-07-03T15:06:06","modified_gmt":"2025-07-03T13:06:06","slug":"tesa-4122-cinta-de-embalaje-para-productos-peligrosos","status":"publish","type":"product","link":"https:\/\/cardinal-tapes.com\/es\/cintas-adhesivas\/cintas-adhesivas-de-una-cara\/film-de-pvc\/tesa-4122-cinta-de-embalaje-para-productos-peligrosos\/","title":{"rendered":"tesapack\u00ae 4122 Cinta de embalaje para mercanc\u00edas peligrosas"},"content":{"rendered":"<p><sup>tesapack\u00ae<\/sup> 4122 es una cinta de embalaje de primera calidad basada en una pel\u00edcula de PVC muy robusta y gruesa con un fuerte adhesivo de caucho natural.<\/p>\n<p><strong>Propiedades<\/strong><br \/>\n&#8211; Se enrolla de forma uniforme y silenciosa<br \/>\n&#8211; Muy alta resistencia al desgarro<\/p>\n<p><strong>Aplicaciones<\/strong><br \/>\n&#8211; Muy adecuada para el procesamiento manual y a m\u00e1quina<br \/>\n&#8211; Adecuada para el sellado de embalajes de mercanc\u00edas peligrosas seg\u00fan el tipo 4G<\/p>\n","protected":false},"excerpt":{"rendered":"<p>tesapack\u00ae 4122 es una cinta de embalaje de primera calidad basada en una pel\u00edcula de PVC muy robusta y gruesa con un fuerte adhesivo de caucho natural. Propiedades &#8211; Se enrolla de forma uniforme y silenciosa &#8211; Muy alta resistencia al desgarro Aplicaciones &#8211; Muy adecuada para el procesamiento manual y a m\u00e1quina &#8211; Adecuada [&hellip;]<\/p>\n","protected":false},"featured_media":26191,"template":"","meta":{"_acf_changed":false},"pwb-brand":[2163],"product_brand":[],"product_cat":[1802,1806,1811,1871],"product_tag":[],"class_list":{"0":"post-59702","1":"product","2":"type-product","3":"status-publish","4":"has-post-thumbnail","6":"pwb-brand-tesa-es","7":"product_cat-sector-del-transporte","8":"product_cat-cintas-adhesivas-de-una-cara","9":"product_cat-film-de-pvc","10":"product_cat-sistemas-de-envasado","12":"first","13":"instock","14":"taxable","15":"shipping-taxable","16":"purchasable","17":"product-type-variable"},"acf":[],"yoast_head":"<!-- This site is optimized with the Yoast SEO plugin v27.3 - https:\/\/yoast.com\/product\/yoast-seo-wordpress\/ -->\n<title>Tesa 4122 Cinta de embalaje para mercanc\u00edas peligrosas | Cardinal TAPES<\/title>\n<meta name=\"description\" content=\"Tesa 4122 es una cinta de embalaje de alta calidad basada en una pel\u00edcula de PVC. La cinta adhesiva es adecuada para mercanc\u00edas peligrosas &lt;45 kg y tambi\u00e9n es resistente al congelador.\" \/>\n<meta name=\"robots\" content=\"index, follow, max-snippet:-1, max-image-preview:large, max-video-preview:-1\" \/>\n<link rel=\"canonical\" href=\"https:\/\/cardinal-tapes.com\/es\/cintas-adhesivas\/cintas-adhesivas-de-una-cara\/film-de-pvc\/tesa-4122-cinta-de-embalaje-para-productos-peligrosos\/\" \/>\n<meta property=\"og:locale\" content=\"es_ES\" \/>\n<meta property=\"og:type\" content=\"article\" \/>\n<meta property=\"og:title\" content=\"Tesa 4122 Cinta de embalaje para mercanc\u00edas peligrosas | Cardinal TAPES\" \/>\n<meta property=\"og:description\" content=\"Tesa 4122 es una cinta de embalaje de alta calidad basada en una pel\u00edcula de PVC. La cinta adhesiva es adecuada para mercanc\u00edas peligrosas &lt;45 kg y tambi\u00e9n es resistente al congelador.\" \/>\n<meta property=\"og:url\" content=\"https:\/\/cardinal-tapes.com\/es\/cintas-adhesivas\/cintas-adhesivas-de-una-cara\/film-de-pvc\/tesa-4122-cinta-de-embalaje-para-productos-peligrosos\/\" \/>\n<meta property=\"og:site_name\" content=\"cardinal TAPES\" \/>\n<meta property=\"article:modified_time\" content=\"2025-07-03T13:06:06+00:00\" \/>\n<meta property=\"og:image\" content=\"https:\/\/cardinal-tapes.com\/wp-content\/uploads\/tesa-04122.jpg\" \/>\n\t<meta property=\"og:image:width\" content=\"600\" \/>\n\t<meta property=\"og:image:height\" content=\"600\" \/>\n\t<meta property=\"og:image:type\" content=\"image\/jpeg\" \/>\n<meta name=\"twitter:card\" content=\"summary_large_image\" \/>\n<script type=\"application\/ld+json\" class=\"yoast-schema-graph\">{\"@context\":\"https:\\\/\\\/schema.org\",\"@graph\":[{\"@type\":\"WebPage\",\"@id\":\"https:\\\/\\\/cardinal-tapes.com\\\/es\\\/cintas-adhesivas\\\/cintas-adhesivas-de-una-cara\\\/film-de-pvc\\\/tesa-4122-cinta-de-embalaje-para-productos-peligrosos\\\/\",\"url\":\"https:\\\/\\\/cardinal-tapes.com\\\/es\\\/cintas-adhesivas\\\/cintas-adhesivas-de-una-cara\\\/film-de-pvc\\\/tesa-4122-cinta-de-embalaje-para-productos-peligrosos\\\/\",\"name\":\"Tesa 4122 Cinta de embalaje para mercanc\u00edas peligrosas | Cardinal TAPES\",\"isPartOf\":{\"@id\":\"https:\\\/\\\/cardinal-tapes.com\\\/#website\"},\"primaryImageOfPage\":{\"@id\":\"https:\\\/\\\/cardinal-tapes.com\\\/es\\\/cintas-adhesivas\\\/cintas-adhesivas-de-una-cara\\\/film-de-pvc\\\/tesa-4122-cinta-de-embalaje-para-productos-peligrosos\\\/#primaryimage\"},\"image\":{\"@id\":\"https:\\\/\\\/cardinal-tapes.com\\\/es\\\/cintas-adhesivas\\\/cintas-adhesivas-de-una-cara\\\/film-de-pvc\\\/tesa-4122-cinta-de-embalaje-para-productos-peligrosos\\\/#primaryimage\"},\"thumbnailUrl\":\"https:\\\/\\\/cardinal-tapes.com\\\/wp-content\\\/uploads\\\/tesa-04122.jpg\",\"datePublished\":\"2023-06-05T15:28:27+00:00\",\"dateModified\":\"2025-07-03T13:06:06+00:00\",\"description\":\"Tesa 4122 es una cinta de embalaje de alta calidad basada en una pel\u00edcula de PVC. La cinta adhesiva es adecuada para mercanc\u00edas peligrosas &lt;45 kg y tambi\u00e9n es resistente al congelador.\",\"breadcrumb\":{\"@id\":\"https:\\\/\\\/cardinal-tapes.com\\\/es\\\/cintas-adhesivas\\\/cintas-adhesivas-de-una-cara\\\/film-de-pvc\\\/tesa-4122-cinta-de-embalaje-para-productos-peligrosos\\\/#breadcrumb\"},\"inLanguage\":\"es\",\"potentialAction\":[{\"@type\":\"ReadAction\",\"target\":[\"https:\\\/\\\/cardinal-tapes.com\\\/es\\\/cintas-adhesivas\\\/cintas-adhesivas-de-una-cara\\\/film-de-pvc\\\/tesa-4122-cinta-de-embalaje-para-productos-peligrosos\\\/\"]}]},{\"@type\":\"ImageObject\",\"inLanguage\":\"es\",\"@id\":\"https:\\\/\\\/cardinal-tapes.com\\\/es\\\/cintas-adhesivas\\\/cintas-adhesivas-de-una-cara\\\/film-de-pvc\\\/tesa-4122-cinta-de-embalaje-para-productos-peligrosos\\\/#primaryimage\",\"url\":\"https:\\\/\\\/cardinal-tapes.com\\\/wp-content\\\/uploads\\\/tesa-04122.jpg\",\"contentUrl\":\"https:\\\/\\\/cardinal-tapes.com\\\/wp-content\\\/uploads\\\/tesa-04122.jpg\",\"width\":600,\"height\":600,\"caption\":\"tesa 4122\"},{\"@type\":\"BreadcrumbList\",\"@id\":\"https:\\\/\\\/cardinal-tapes.com\\\/es\\\/cintas-adhesivas\\\/cintas-adhesivas-de-una-cara\\\/film-de-pvc\\\/tesa-4122-cinta-de-embalaje-para-productos-peligrosos\\\/#breadcrumb\",\"itemListElement\":[{\"@type\":\"ListItem\",\"position\":1,\"name\":\"Startseite\",\"item\":\"https:\\\/\\\/cardinal-tapes.com\\\/es\\\/\"},{\"@type\":\"ListItem\",\"position\":2,\"name\":\"Cintas adhesivas\",\"item\":\"https:\\\/\\\/cardinal-tapes.com\\\/es\\\/cintas-adhesivas-es\\\/\"},{\"@type\":\"ListItem\",\"position\":3,\"name\":\"\u00c1mbitos de aplicaci\u00f3n\",\"item\":\"https:\\\/\\\/cardinal-tapes.com\\\/es\\\/categora\\\/ambitos-de-aplicacion\\\/\"},{\"@type\":\"ListItem\",\"position\":4,\"name\":\"Sector del transporte\",\"item\":\"https:\\\/\\\/cardinal-tapes.com\\\/es\\\/categora\\\/sector-del-transporte\\\/\"},{\"@type\":\"ListItem\",\"position\":5,\"name\":\"tesapack\u00ae 4122 Cinta de embalaje para mercanc\u00edas peligrosas\"}]},{\"@type\":\"WebSite\",\"@id\":\"https:\\\/\\\/cardinal-tapes.com\\\/#website\",\"url\":\"https:\\\/\\\/cardinal-tapes.com\\\/\",\"name\":\"cardinal TAPES\",\"description\":\"Klebetechnik aus Wuppertal\",\"potentialAction\":[{\"@type\":\"SearchAction\",\"target\":{\"@type\":\"EntryPoint\",\"urlTemplate\":\"https:\\\/\\\/cardinal-tapes.com\\\/?s={search_term_string}\"},\"query-input\":{\"@type\":\"PropertyValueSpecification\",\"valueRequired\":true,\"valueName\":\"search_term_string\"}}],\"inLanguage\":\"es\"}]}<\/script>\n<!-- \/ Yoast SEO plugin. -->","yoast_head_json":{"title":"Tesa 4122 Cinta de embalaje para mercanc\u00edas peligrosas | Cardinal TAPES","description":"Tesa 4122 es una cinta de embalaje de alta calidad basada en una pel\u00edcula de PVC. La cinta adhesiva es adecuada para mercanc\u00edas peligrosas &lt;45 kg y tambi\u00e9n es resistente al congelador.","robots":{"index":"index","follow":"follow","max-snippet":"max-snippet:-1","max-image-preview":"max-image-preview:large","max-video-preview":"max-video-preview:-1"},"canonical":"https:\/\/cardinal-tapes.com\/es\/cintas-adhesivas\/cintas-adhesivas-de-una-cara\/film-de-pvc\/tesa-4122-cinta-de-embalaje-para-productos-peligrosos\/","og_locale":"es_ES","og_type":"article","og_title":"Tesa 4122 Cinta de embalaje para mercanc\u00edas peligrosas | Cardinal TAPES","og_description":"Tesa 4122 es una cinta de embalaje de alta calidad basada en una pel\u00edcula de PVC. La cinta adhesiva es adecuada para mercanc\u00edas peligrosas &lt;45 kg y tambi\u00e9n es resistente al congelador.","og_url":"https:\/\/cardinal-tapes.com\/es\/cintas-adhesivas\/cintas-adhesivas-de-una-cara\/film-de-pvc\/tesa-4122-cinta-de-embalaje-para-productos-peligrosos\/","og_site_name":"cardinal TAPES","article_modified_time":"2025-07-03T13:06:06+00:00","og_image":[{"width":600,"height":600,"url":"https:\/\/cardinal-tapes.com\/wp-content\/uploads\/tesa-04122.jpg","type":"image\/jpeg"}],"twitter_card":"summary_large_image","schema":{"@context":"https:\/\/schema.org","@graph":[{"@type":"WebPage","@id":"https:\/\/cardinal-tapes.com\/es\/cintas-adhesivas\/cintas-adhesivas-de-una-cara\/film-de-pvc\/tesa-4122-cinta-de-embalaje-para-productos-peligrosos\/","url":"https:\/\/cardinal-tapes.com\/es\/cintas-adhesivas\/cintas-adhesivas-de-una-cara\/film-de-pvc\/tesa-4122-cinta-de-embalaje-para-productos-peligrosos\/","name":"Tesa 4122 Cinta de embalaje para mercanc\u00edas peligrosas | Cardinal TAPES","isPartOf":{"@id":"https:\/\/cardinal-tapes.com\/#website"},"primaryImageOfPage":{"@id":"https:\/\/cardinal-tapes.com\/es\/cintas-adhesivas\/cintas-adhesivas-de-una-cara\/film-de-pvc\/tesa-4122-cinta-de-embalaje-para-productos-peligrosos\/#primaryimage"},"image":{"@id":"https:\/\/cardinal-tapes.com\/es\/cintas-adhesivas\/cintas-adhesivas-de-una-cara\/film-de-pvc\/tesa-4122-cinta-de-embalaje-para-productos-peligrosos\/#primaryimage"},"thumbnailUrl":"https:\/\/cardinal-tapes.com\/wp-content\/uploads\/tesa-04122.jpg","datePublished":"2023-06-05T15:28:27+00:00","dateModified":"2025-07-03T13:06:06+00:00","description":"Tesa 4122 es una cinta de embalaje de alta calidad basada en una pel\u00edcula de PVC. La cinta adhesiva es adecuada para mercanc\u00edas peligrosas &lt;45 kg y tambi\u00e9n es resistente al congelador.","breadcrumb":{"@id":"https:\/\/cardinal-tapes.com\/es\/cintas-adhesivas\/cintas-adhesivas-de-una-cara\/film-de-pvc\/tesa-4122-cinta-de-embalaje-para-productos-peligrosos\/#breadcrumb"},"inLanguage":"es","potentialAction":[{"@type":"ReadAction","target":["https:\/\/cardinal-tapes.com\/es\/cintas-adhesivas\/cintas-adhesivas-de-una-cara\/film-de-pvc\/tesa-4122-cinta-de-embalaje-para-productos-peligrosos\/"]}]},{"@type":"ImageObject","inLanguage":"es","@id":"https:\/\/cardinal-tapes.com\/es\/cintas-adhesivas\/cintas-adhesivas-de-una-cara\/film-de-pvc\/tesa-4122-cinta-de-embalaje-para-productos-peligrosos\/#primaryimage","url":"https:\/\/cardinal-tapes.com\/wp-content\/uploads\/tesa-04122.jpg","contentUrl":"https:\/\/cardinal-tapes.com\/wp-content\/uploads\/tesa-04122.jpg","width":600,"height":600,"caption":"tesa 4122"},{"@type":"BreadcrumbList","@id":"https:\/\/cardinal-tapes.com\/es\/cintas-adhesivas\/cintas-adhesivas-de-una-cara\/film-de-pvc\/tesa-4122-cinta-de-embalaje-para-productos-peligrosos\/#breadcrumb","itemListElement":[{"@type":"ListItem","position":1,"name":"Startseite","item":"https:\/\/cardinal-tapes.com\/es\/"},{"@type":"ListItem","position":2,"name":"Cintas adhesivas","item":"https:\/\/cardinal-tapes.com\/es\/cintas-adhesivas-es\/"},{"@type":"ListItem","position":3,"name":"\u00c1mbitos de aplicaci\u00f3n","item":"https:\/\/cardinal-tapes.com\/es\/categora\/ambitos-de-aplicacion\/"},{"@type":"ListItem","position":4,"name":"Sector del transporte","item":"https:\/\/cardinal-tapes.com\/es\/categora\/sector-del-transporte\/"},{"@type":"ListItem","position":5,"name":"tesapack\u00ae 4122 Cinta de embalaje para mercanc\u00edas peligrosas"}]},{"@type":"WebSite","@id":"https:\/\/cardinal-tapes.com\/#website","url":"https:\/\/cardinal-tapes.com\/","name":"cardinal TAPES","description":"Klebetechnik aus Wuppertal","potentialAction":[{"@type":"SearchAction","target":{"@type":"EntryPoint","urlTemplate":"https:\/\/cardinal-tapes.com\/?s={search_term_string}"},"query-input":{"@type":"PropertyValueSpecification","valueRequired":true,"valueName":"search_term_string"}}],"inLanguage":"es"}]}},"brands":[{"id":2163,"name":"tesa","slug":"tesa-es"}],"_links":{"self":[{"href":"https:\/\/cardinal-tapes.com\/es\/wp-json\/wp\/v2\/product\/59702","targetHints":{"allow":["GET"]}}],"collection":[{"href":"https:\/\/cardinal-tapes.com\/es\/wp-json\/wp\/v2\/product"}],"about":[{"href":"https:\/\/cardinal-tapes.com\/es\/wp-json\/wp\/v2\/types\/product"}],"wp:featuredmedia":[{"embeddable":true,"href":"https:\/\/cardinal-tapes.com\/es\/wp-json\/wp\/v2\/media\/26191"}],"wp:attachment":[{"href":"https:\/\/cardinal-tapes.com\/es\/wp-json\/wp\/v2\/media?parent=59702"}],"wp:term":[{"taxonomy":"pwb-brand","embeddable":true,"href":"https:\/\/cardinal-tapes.com\/es\/wp-json\/wp\/v2\/pwb-brand?post=59702"},{"taxonomy":"product_brand","embeddable":true,"href":"https:\/\/cardinal-tapes.com\/es\/wp-json\/wp\/v2\/product_brand?post=59702"},{"taxonomy":"product_cat","embeddable":true,"href":"https:\/\/cardinal-tapes.com\/es\/wp-json\/wp\/v2\/product_cat?post=59702"},{"taxonomy":"product_tag","embeddable":true,"href":"https:\/\/cardinal-tapes.com\/es\/wp-json\/wp\/v2\/product_tag?post=59702"}],"curies":[{"name":"wp","href":"https:\/\/api.w.org\/{rel}","templated":true}]}}