{"id":59588,"date":"2018-02-07T15:26:06","date_gmt":"2023-06-05T15:28:20","guid":{"rendered":"https:\/\/cardinal.pixel-tal.de\/klebebaender\/sin categor\u00eda\/cierrabolsas-tesa-6094\/"},"modified":"2023-06-05T17:28:20","modified_gmt":"2023-06-05T15:28:20","slug":"tesa-6094-cierre-bolsa","status":"publish","type":"product","link":"https:\/\/cardinal-tapes.com\/es\/cintas-adhesivas\/sistemas-de-envasado\/tesa-6094-cierre-bolsa\/","title":{"rendered":"Cierrabolsas tesa\u00ae 6094"},"content":{"rendered":"<section class=\"component js-toc-target\" data-style=\"components\/article-text\" data-toc-name=\"toc-pages-product-product-description\">\n<div class=\"row\">\n<div class=\"col-default-12 col-sm-9\">La <sup>tesa\u00ae<\/sup> 6094 es una cerradora de bolsas profesional para cerrar bolsas medianas y grandes.<br \/>\nLa cerradora de bolsas <sup>tesa\u00ae<\/sup> 6094 se caracteriza por las siguientes caracter\u00edsticas:<\/p>\n<ul>\n<li>Robusta carcasa met\u00e1lica<\/li>\n<li>Adecuado para bolsas con un di\u00e1metro de cuello de hasta 11 mm aproximadamente y un peso de hasta 5 kg aproximadamente.<\/li>\n<li>Fijaci\u00f3n flexible mediante atornillado a la encimera<\/li>\n<li>Adecuado para procesar <sup>tesafilm\u00ae<\/sup> 4104 y 4204, as\u00ed como <sup>tesakrepp\u00ae<\/sup> 4328<\/li>\n<\/ul>\n<\/div>\n<\/div>\n<\/section>\n<section class=\"component js-toc-target\" data-style=\"components\/article-text\" data-toc-name=\"toc-pages-product-main-applications\">\n<div class=\"col-default-12 col-sm-3 col-sm-push-9\"><\/div>\n<div class=\"row\">\n<div class=\"col-default-12 col-sm-9\"><\/div>\n<\/div>\n<\/section>\n<section class=\"component js-controller js-toc-target\" data-style=\"components\/article-slider\" data-controller=\"components\/ArticleSliderController\" data-tracking-disabled=\"\" data-toc-name=\"toc-media-gallery\">\n<div class=\"row\">\n<div class=\"col-default-12 col-sm-9 slider-column-wrapper\">\n<div class=\"main-slider-wrapper\">\n<div class=\"js-main-slider slick-initialized slick-slider\">\n<div class=\"slick-list draggable\" aria-live=\"polite\">\n<div class=\"slick-track\">\n<div class=\"media-slide slick-slide\" data-slick-index=\"1\" aria-hidden=\"true\">\n<div class=\"element canvas aspect-ratio-16-9 below-aspect-ratio\" data-style=\"elements\/image\"><\/div>\n<\/div>\n<div class=\"media-slide slick-slide slick-cloned\" data-slick-index=\"2\" aria-hidden=\"true\">\n<div class=\"element canvas aspect-ratio-16-9 below-aspect-ratio\" data-style=\"elements\/image\"><img decoding=\"async\" class=\"lazyload\" title=\"tesa_06094_ap_001_fullsize\" src=\"data:image\/gif;base64,R0lGODlhAQABAIAAAAAAAP\/\/\/yH5BAEAAAAALAAAAAABAAEAAAIBRAA7\" alt=\"tesa_06094_ap_001_fullsize\" data-src=\"\/de-de\/files\/images\/202008\/0\/tesa-06094-ap-001-fullsize,2032071_canvas16x9_10.jpg\" data-srcset=\"\/de-de\/files\/images\/202008\/0\/tesa-06094-ap-001-fullsize,2032071_canvas16x9_1.jpg 58w, \/de-de\/files\/images\/202008\/0\/tesa-06094-ap-001-fullsize,2032071_canvas16x9_2.jpg 142w, \/de-de\/files\/images\/202008\/0\/tesa-06094-ap-001-fullsize,2032071_canvas16x9_5.jpg 393w, \/de-de\/files\/images\/202008\/0\/tesa-06094-ap-001-fullsize,2032071_canvas16x9_6.jpg 476w, \/de-de\/files\/images\/202008\/0\/tesa-06094-ap-001-fullsize,2032071_canvas16x9_10.jpg 811w, \/de-de\/files\/images\/202008\/0\/tesa-06094-ap-001-fullsize,2032071_canvas16x9_12.jpg 978w, \/de-de\/files\/images\/202008\/0\/tesa-06094-ap-001-fullsize,2032071_canvas16x9_18.jpg 1480w\" data-sizes=\"auto\" data-webp-srcset=\"\/de-de\/files\/images\/202008\/0\/tesa-06094-ap-001-fullsize,2032071_canvas16x9_1.webp 58w, \/de-de\/files\/images\/202008\/0\/tesa-06094-ap-001-fullsize,2032071_canvas16x9_2.webp 142w, \/de-de\/files\/images\/202008\/0\/tesa-06094-ap-001-fullsize,2032071_canvas16x9_5.webp 393w, \/de-de\/files\/images\/202008\/0\/tesa-06094-ap-001-fullsize,2032071_canvas16x9_6.webp 476w, \/de-de\/files\/images\/202008\/0\/tesa-06094-ap-001-fullsize,2032071_canvas16x9_10.webp 811w, \/de-de\/files\/images\/202008\/0\/tesa-06094-ap-001-fullsize,2032071_canvas16x9_12.webp 978w, \/de-de\/files\/images\/202008\/0\/tesa-06094-ap-001-fullsize,2032071_canvas16x9_18.webp 1480w\"><\/div>\n<\/div>\n<\/div>\n<\/div>\n<\/div>\n<div class=\"js-pagination element\" data-style=\"elements\/slider-pagination\">\n<div class=\"pagination-item js-pagination-item active\" data-slide-index=\"0\"><\/div>\n<\/div>\n<\/div>\n<\/div>\n<\/div>\n<\/section>\n<p>&nbsp;<\/p>\n","protected":false},"excerpt":{"rendered":"<p>La tesa\u00ae 6094 es una cerradora de bolsas profesional para cerrar bolsas medianas y grandes. La cerradora de bolsas tesa\u00ae 6094 se caracteriza por las siguientes caracter\u00edsticas: Robusta carcasa met\u00e1lica Adecuado para bolsas con un di\u00e1metro de cuello de hasta 11 mm aproximadamente y un peso de hasta 5 kg aproximadamente. Fijaci\u00f3n flexible mediante atornillado [&hellip;]<\/p>\n","protected":false},"featured_media":26119,"template":"","meta":{"_acf_changed":false},"pwb-brand":[2163],"product_brand":[],"product_cat":[1871],"product_tag":[],"class_list":{"0":"post-59588","1":"product","2":"type-product","3":"status-publish","4":"has-post-thumbnail","6":"pwb-brand-tesa-es","7":"product_cat-sistemas-de-envasado","9":"first","10":"instock","11":"taxable","12":"shipping-taxable","13":"purchasable","14":"product-type-simple"},"acf":[],"yoast_head":"<!-- This site is optimized with the Yoast SEO plugin v27.3 - https:\/\/yoast.com\/product\/yoast-seo-wordpress\/ -->\n<title>tesa\u00ae 6094 Cierra Bolsas | CINTAS Cardinales<\/title>\n<meta name=\"description\" content=\"tesa\u00ae 6094 es una cerradora de bolsas para cerrar bolsas medianas y grandes. Presenta una robusta carcasa met\u00e1lica. M\u00e1s informaci\u00f3n.\" \/>\n<meta name=\"robots\" content=\"index, follow, max-snippet:-1, max-image-preview:large, max-video-preview:-1\" \/>\n<link rel=\"canonical\" href=\"https:\/\/cardinal-tapes.com\/es\/cintas-adhesivas\/sistemas-de-envasado\/tesa-6094-cierre-bolsa\/\" \/>\n<meta property=\"og:locale\" content=\"es_ES\" \/>\n<meta property=\"og:type\" content=\"article\" \/>\n<meta property=\"og:title\" content=\"tesa\u00ae 6094 Cierra Bolsas | CINTAS Cardinales\" \/>\n<meta property=\"og:description\" content=\"tesa\u00ae 6094 es una cerradora de bolsas para cerrar bolsas medianas y grandes. Presenta una robusta carcasa met\u00e1lica. M\u00e1s informaci\u00f3n.\" \/>\n<meta property=\"og:url\" content=\"https:\/\/cardinal-tapes.com\/es\/cintas-adhesivas\/sistemas-de-envasado\/tesa-6094-cierre-bolsa\/\" \/>\n<meta property=\"og:site_name\" content=\"cardinal TAPES\" \/>\n<meta property=\"og:image\" content=\"https:\/\/cardinal-tapes.com\/wp-content\/uploads\/tesa-06094.jpg\" \/>\n\t<meta property=\"og:image:width\" content=\"600\" \/>\n\t<meta property=\"og:image:height\" content=\"600\" \/>\n\t<meta property=\"og:image:type\" content=\"image\/jpeg\" \/>\n<meta name=\"twitter:card\" content=\"summary_large_image\" \/>\n<script type=\"application\/ld+json\" class=\"yoast-schema-graph\">{\"@context\":\"https:\\\/\\\/schema.org\",\"@graph\":[{\"@type\":\"WebPage\",\"@id\":\"https:\\\/\\\/cardinal-tapes.com\\\/es\\\/cintas-adhesivas\\\/sistemas-de-envasado\\\/tesa-6094-cierre-bolsa\\\/\",\"url\":\"https:\\\/\\\/cardinal-tapes.com\\\/es\\\/cintas-adhesivas\\\/sistemas-de-envasado\\\/tesa-6094-cierre-bolsa\\\/\",\"name\":\"tesa\u00ae 6094 Cierra Bolsas | CINTAS Cardinales\",\"isPartOf\":{\"@id\":\"https:\\\/\\\/cardinal-tapes.com\\\/#website\"},\"primaryImageOfPage\":{\"@id\":\"https:\\\/\\\/cardinal-tapes.com\\\/es\\\/cintas-adhesivas\\\/sistemas-de-envasado\\\/tesa-6094-cierre-bolsa\\\/#primaryimage\"},\"image\":{\"@id\":\"https:\\\/\\\/cardinal-tapes.com\\\/es\\\/cintas-adhesivas\\\/sistemas-de-envasado\\\/tesa-6094-cierre-bolsa\\\/#primaryimage\"},\"thumbnailUrl\":\"https:\\\/\\\/cardinal-tapes.com\\\/wp-content\\\/uploads\\\/tesa-06094.jpg\",\"datePublished\":\"2023-06-05T15:28:20+00:00\",\"description\":\"tesa\u00ae 6094 es una cerradora de bolsas para cerrar bolsas medianas y grandes. Presenta una robusta carcasa met\u00e1lica. M\u00e1s informaci\u00f3n.\",\"breadcrumb\":{\"@id\":\"https:\\\/\\\/cardinal-tapes.com\\\/es\\\/cintas-adhesivas\\\/sistemas-de-envasado\\\/tesa-6094-cierre-bolsa\\\/#breadcrumb\"},\"inLanguage\":\"es\",\"potentialAction\":[{\"@type\":\"ReadAction\",\"target\":[\"https:\\\/\\\/cardinal-tapes.com\\\/es\\\/cintas-adhesivas\\\/sistemas-de-envasado\\\/tesa-6094-cierre-bolsa\\\/\"]}]},{\"@type\":\"ImageObject\",\"inLanguage\":\"es\",\"@id\":\"https:\\\/\\\/cardinal-tapes.com\\\/es\\\/cintas-adhesivas\\\/sistemas-de-envasado\\\/tesa-6094-cierre-bolsa\\\/#primaryimage\",\"url\":\"https:\\\/\\\/cardinal-tapes.com\\\/wp-content\\\/uploads\\\/tesa-06094.jpg\",\"contentUrl\":\"https:\\\/\\\/cardinal-tapes.com\\\/wp-content\\\/uploads\\\/tesa-06094.jpg\",\"width\":600,\"height\":600,\"caption\":\"tesa 6094\"},{\"@type\":\"BreadcrumbList\",\"@id\":\"https:\\\/\\\/cardinal-tapes.com\\\/es\\\/cintas-adhesivas\\\/sistemas-de-envasado\\\/tesa-6094-cierre-bolsa\\\/#breadcrumb\",\"itemListElement\":[{\"@type\":\"ListItem\",\"position\":1,\"name\":\"Startseite\",\"item\":\"https:\\\/\\\/cardinal-tapes.com\\\/es\\\/\"},{\"@type\":\"ListItem\",\"position\":2,\"name\":\"Cintas adhesivas\",\"item\":\"https:\\\/\\\/cardinal-tapes.com\\\/es\\\/cintas-adhesivas-es\\\/\"},{\"@type\":\"ListItem\",\"position\":3,\"name\":\"Sistemas de envasado\",\"item\":\"https:\\\/\\\/cardinal-tapes.com\\\/es\\\/categora\\\/sistemas-de-envasado\\\/\"},{\"@type\":\"ListItem\",\"position\":4,\"name\":\"Cierrabolsas tesa\u00ae 6094\"}]},{\"@type\":\"WebSite\",\"@id\":\"https:\\\/\\\/cardinal-tapes.com\\\/#website\",\"url\":\"https:\\\/\\\/cardinal-tapes.com\\\/\",\"name\":\"cardinal TAPES\",\"description\":\"Klebetechnik aus Wuppertal\",\"potentialAction\":[{\"@type\":\"SearchAction\",\"target\":{\"@type\":\"EntryPoint\",\"urlTemplate\":\"https:\\\/\\\/cardinal-tapes.com\\\/?s={search_term_string}\"},\"query-input\":{\"@type\":\"PropertyValueSpecification\",\"valueRequired\":true,\"valueName\":\"search_term_string\"}}],\"inLanguage\":\"es\"}]}<\/script>\n<!-- \/ Yoast SEO plugin. -->","yoast_head_json":{"title":"tesa\u00ae 6094 Cierra Bolsas | CINTAS Cardinales","description":"tesa\u00ae 6094 es una cerradora de bolsas para cerrar bolsas medianas y grandes. Presenta una robusta carcasa met\u00e1lica. M\u00e1s informaci\u00f3n.","robots":{"index":"index","follow":"follow","max-snippet":"max-snippet:-1","max-image-preview":"max-image-preview:large","max-video-preview":"max-video-preview:-1"},"canonical":"https:\/\/cardinal-tapes.com\/es\/cintas-adhesivas\/sistemas-de-envasado\/tesa-6094-cierre-bolsa\/","og_locale":"es_ES","og_type":"article","og_title":"tesa\u00ae 6094 Cierra Bolsas | CINTAS Cardinales","og_description":"tesa\u00ae 6094 es una cerradora de bolsas para cerrar bolsas medianas y grandes. Presenta una robusta carcasa met\u00e1lica. M\u00e1s informaci\u00f3n.","og_url":"https:\/\/cardinal-tapes.com\/es\/cintas-adhesivas\/sistemas-de-envasado\/tesa-6094-cierre-bolsa\/","og_site_name":"cardinal TAPES","og_image":[{"width":600,"height":600,"url":"https:\/\/cardinal-tapes.com\/wp-content\/uploads\/tesa-06094.jpg","type":"image\/jpeg"}],"twitter_card":"summary_large_image","schema":{"@context":"https:\/\/schema.org","@graph":[{"@type":"WebPage","@id":"https:\/\/cardinal-tapes.com\/es\/cintas-adhesivas\/sistemas-de-envasado\/tesa-6094-cierre-bolsa\/","url":"https:\/\/cardinal-tapes.com\/es\/cintas-adhesivas\/sistemas-de-envasado\/tesa-6094-cierre-bolsa\/","name":"tesa\u00ae 6094 Cierra Bolsas | CINTAS Cardinales","isPartOf":{"@id":"https:\/\/cardinal-tapes.com\/#website"},"primaryImageOfPage":{"@id":"https:\/\/cardinal-tapes.com\/es\/cintas-adhesivas\/sistemas-de-envasado\/tesa-6094-cierre-bolsa\/#primaryimage"},"image":{"@id":"https:\/\/cardinal-tapes.com\/es\/cintas-adhesivas\/sistemas-de-envasado\/tesa-6094-cierre-bolsa\/#primaryimage"},"thumbnailUrl":"https:\/\/cardinal-tapes.com\/wp-content\/uploads\/tesa-06094.jpg","datePublished":"2023-06-05T15:28:20+00:00","description":"tesa\u00ae 6094 es una cerradora de bolsas para cerrar bolsas medianas y grandes. Presenta una robusta carcasa met\u00e1lica. M\u00e1s informaci\u00f3n.","breadcrumb":{"@id":"https:\/\/cardinal-tapes.com\/es\/cintas-adhesivas\/sistemas-de-envasado\/tesa-6094-cierre-bolsa\/#breadcrumb"},"inLanguage":"es","potentialAction":[{"@type":"ReadAction","target":["https:\/\/cardinal-tapes.com\/es\/cintas-adhesivas\/sistemas-de-envasado\/tesa-6094-cierre-bolsa\/"]}]},{"@type":"ImageObject","inLanguage":"es","@id":"https:\/\/cardinal-tapes.com\/es\/cintas-adhesivas\/sistemas-de-envasado\/tesa-6094-cierre-bolsa\/#primaryimage","url":"https:\/\/cardinal-tapes.com\/wp-content\/uploads\/tesa-06094.jpg","contentUrl":"https:\/\/cardinal-tapes.com\/wp-content\/uploads\/tesa-06094.jpg","width":600,"height":600,"caption":"tesa 6094"},{"@type":"BreadcrumbList","@id":"https:\/\/cardinal-tapes.com\/es\/cintas-adhesivas\/sistemas-de-envasado\/tesa-6094-cierre-bolsa\/#breadcrumb","itemListElement":[{"@type":"ListItem","position":1,"name":"Startseite","item":"https:\/\/cardinal-tapes.com\/es\/"},{"@type":"ListItem","position":2,"name":"Cintas adhesivas","item":"https:\/\/cardinal-tapes.com\/es\/cintas-adhesivas-es\/"},{"@type":"ListItem","position":3,"name":"Sistemas de envasado","item":"https:\/\/cardinal-tapes.com\/es\/categora\/sistemas-de-envasado\/"},{"@type":"ListItem","position":4,"name":"Cierrabolsas tesa\u00ae 6094"}]},{"@type":"WebSite","@id":"https:\/\/cardinal-tapes.com\/#website","url":"https:\/\/cardinal-tapes.com\/","name":"cardinal TAPES","description":"Klebetechnik aus Wuppertal","potentialAction":[{"@type":"SearchAction","target":{"@type":"EntryPoint","urlTemplate":"https:\/\/cardinal-tapes.com\/?s={search_term_string}"},"query-input":{"@type":"PropertyValueSpecification","valueRequired":true,"valueName":"search_term_string"}}],"inLanguage":"es"}]}},"brands":[{"id":2163,"name":"tesa","slug":"tesa-es"}],"_links":{"self":[{"href":"https:\/\/cardinal-tapes.com\/es\/wp-json\/wp\/v2\/product\/59588","targetHints":{"allow":["GET"]}}],"collection":[{"href":"https:\/\/cardinal-tapes.com\/es\/wp-json\/wp\/v2\/product"}],"about":[{"href":"https:\/\/cardinal-tapes.com\/es\/wp-json\/wp\/v2\/types\/product"}],"wp:featuredmedia":[{"embeddable":true,"href":"https:\/\/cardinal-tapes.com\/es\/wp-json\/wp\/v2\/media\/26119"}],"wp:attachment":[{"href":"https:\/\/cardinal-tapes.com\/es\/wp-json\/wp\/v2\/media?parent=59588"}],"wp:term":[{"taxonomy":"pwb-brand","embeddable":true,"href":"https:\/\/cardinal-tapes.com\/es\/wp-json\/wp\/v2\/pwb-brand?post=59588"},{"taxonomy":"product_brand","embeddable":true,"href":"https:\/\/cardinal-tapes.com\/es\/wp-json\/wp\/v2\/product_brand?post=59588"},{"taxonomy":"product_cat","embeddable":true,"href":"https:\/\/cardinal-tapes.com\/es\/wp-json\/wp\/v2\/product_cat?post=59588"},{"taxonomy":"product_tag","embeddable":true,"href":"https:\/\/cardinal-tapes.com\/es\/wp-json\/wp\/v2\/product_tag?post=59588"}],"curies":[{"name":"wp","href":"https:\/\/api.w.org\/{rel}","templated":true}]}}