{"id":59587,"date":"2018-02-07T16:12:23","date_gmt":"2023-06-05T15:28:20","guid":{"rendered":"https:\/\/cardinal.pixel-tal.de\/klebebaender\/sin categor\u00eda\/dispensador-de-manos-tesa-6400-premium\/"},"modified":"2023-06-05T17:28:20","modified_gmt":"2023-06-05T15:28:20","slug":"dispensador-manual-tesa-6400-premium","status":"publish","type":"product","link":"https:\/\/cardinal-tapes.com\/es\/cintas-adhesivas\/ambitos-de-aplicacion\/sector-del-transporte\/dispensador-manual-tesa-6400-premium\/","title":{"rendered":"Dispensador de manos tesa\u00ae 6400 Premium"},"content":{"rendered":"<p>El dispensador de cinta de embalaje <sup>tesapack\u00ae<\/sup> Comfort de alta calidad marca la pauta a la hora de precintar de forma segura y ordenada todo tipo de paquetes. Es muy robusto gracias a su s\u00f3lida estructura met\u00e1lica y est\u00e1 pensado para un uso permanente. La afilada hoja es retr\u00e1ctil, lo que reduce el riesgo de lesiones. El mango de goma permite utilizar c\u00f3modamente el dispensador de cinta de embalaje<\/p>\n<p><strong>Propiedades<\/strong><br \/>\n&#8211; Dispensador manual muy robusto y profesional con un robusto armaz\u00f3n met\u00e1lico<br \/>\n&#8211; Con hoja retr\u00e1ctil para un uso seguro (protecci\u00f3n contra lesiones)<br \/>\n&#8211; Freno antivuelco ajustable a mano<br \/>\n&#8211; Mango engomado para un agarre seguro y c\u00f3modo<br \/>\n&#8211; Rodillo de goma para facilitar la aplicaci\u00f3n<br \/>\n&#8211; Servicio de piezas de recambio<\/p>\n<p><strong>Aplicaciones<\/strong><br \/>\n&#8211; Adecuada para desenrollar cinta de paqueter\u00eda de hasta 50 mm de ancho<\/p>\n","protected":false},"excerpt":{"rendered":"<p>El dispensador de cinta de embalaje tesapack\u00ae Comfort de alta calidad marca la pauta a la hora de precintar de forma segura y ordenada todo tipo de paquetes. Es muy robusto gracias a su s\u00f3lida estructura met\u00e1lica y est\u00e1 pensado para un uso permanente. La afilada hoja es retr\u00e1ctil, lo que reduce el riesgo de [&hellip;]<\/p>\n","protected":false},"featured_media":25891,"template":"","meta":{"_acf_changed":false},"pwb-brand":[2163],"product_brand":[],"product_cat":[1802,1806,1871],"product_tag":[],"class_list":{"0":"post-59587","1":"product","2":"type-product","3":"status-publish","4":"has-post-thumbnail","6":"pwb-brand-tesa-es","7":"product_cat-sector-del-transporte","8":"product_cat-cintas-adhesivas-de-una-cara","9":"product_cat-sistemas-de-envasado","11":"first","12":"instock","13":"taxable","14":"shipping-taxable","15":"purchasable","16":"product-type-variable"},"acf":[],"yoast_head":"<!-- This site is optimized with the Yoast SEO plugin v27.4 - https:\/\/yoast.com\/product\/yoast-seo-wordpress\/ -->\n<title>Dispensador manual tesa\u00ae 6400 Premium | Cardinal TAPES<\/title>\n<meta name=\"description\" content=\"tesa\u00ae 6400 es un dispensador manual robusto para procesar cintas de embalaje de hasta 50 mm de ancho. M\u00e1s informaci\u00f3n sobre la tesa 6400 aqu\u00ed.\" \/>\n<meta name=\"robots\" content=\"index, follow, max-snippet:-1, max-image-preview:large, max-video-preview:-1\" \/>\n<link rel=\"canonical\" href=\"https:\/\/cardinal-tapes.com\/es\/cintas-adhesivas\/sector-del-transporte\/dispensador-manual-tesa-6400-premium\/\" \/>\n<meta property=\"og:locale\" content=\"es_ES\" \/>\n<meta property=\"og:type\" content=\"article\" \/>\n<meta property=\"og:title\" content=\"Dispensador manual tesa\u00ae 6400 Premium | Cardinal TAPES\" \/>\n<meta property=\"og:description\" content=\"tesa\u00ae 6400 es un dispensador manual robusto para procesar cintas de embalaje de hasta 50 mm de ancho. M\u00e1s informaci\u00f3n sobre la tesa 6400 aqu\u00ed.\" \/>\n<meta property=\"og:url\" content=\"https:\/\/cardinal-tapes.com\/es\/cintas-adhesivas\/sector-del-transporte\/dispensador-manual-tesa-6400-premium\/\" \/>\n<meta property=\"og:site_name\" content=\"cardinal TAPES\" \/>\n<meta property=\"og:image\" content=\"https:\/\/cardinal-tapes.com\/wp-content\/uploads\/xxtesa-06400int-pr-2-fullsize170336_canvas1x1_6.jpg\" \/>\n\t<meta property=\"og:image:width\" content=\"567\" \/>\n\t<meta property=\"og:image:height\" content=\"640\" \/>\n\t<meta property=\"og:image:type\" content=\"image\/jpeg\" \/>\n<meta name=\"twitter:card\" content=\"summary_large_image\" \/>\n<meta name=\"twitter:label1\" content=\"Tiempo de lectura\" \/>\n\t<meta name=\"twitter:data1\" content=\"1 minuto\" \/>\n<script type=\"application\/ld+json\" class=\"yoast-schema-graph\">{\"@context\":\"https:\\\/\\\/schema.org\",\"@graph\":[{\"@type\":\"WebPage\",\"@id\":\"https:\\\/\\\/cardinal-tapes.com\\\/es\\\/cintas-adhesivas\\\/sector-del-transporte\\\/dispensador-manual-tesa-6400-premium\\\/\",\"url\":\"https:\\\/\\\/cardinal-tapes.com\\\/es\\\/cintas-adhesivas\\\/sector-del-transporte\\\/dispensador-manual-tesa-6400-premium\\\/\",\"name\":\"Dispensador manual tesa\u00ae 6400 Premium | Cardinal TAPES\",\"isPartOf\":{\"@id\":\"https:\\\/\\\/cardinal-tapes.com\\\/#website\"},\"primaryImageOfPage\":{\"@id\":\"https:\\\/\\\/cardinal-tapes.com\\\/es\\\/cintas-adhesivas\\\/sector-del-transporte\\\/dispensador-manual-tesa-6400-premium\\\/#primaryimage\"},\"image\":{\"@id\":\"https:\\\/\\\/cardinal-tapes.com\\\/es\\\/cintas-adhesivas\\\/sector-del-transporte\\\/dispensador-manual-tesa-6400-premium\\\/#primaryimage\"},\"thumbnailUrl\":\"https:\\\/\\\/cardinal-tapes.com\\\/wp-content\\\/uploads\\\/xxtesa-06400int-pr-2-fullsize170336_canvas1x1_6.jpg\",\"datePublished\":\"2023-06-05T15:28:20+00:00\",\"description\":\"tesa\u00ae 6400 es un dispensador manual robusto para procesar cintas de embalaje de hasta 50 mm de ancho. M\u00e1s informaci\u00f3n sobre la tesa 6400 aqu\u00ed.\",\"breadcrumb\":{\"@id\":\"https:\\\/\\\/cardinal-tapes.com\\\/es\\\/cintas-adhesivas\\\/sector-del-transporte\\\/dispensador-manual-tesa-6400-premium\\\/#breadcrumb\"},\"inLanguage\":\"es\",\"potentialAction\":[{\"@type\":\"ReadAction\",\"target\":[\"https:\\\/\\\/cardinal-tapes.com\\\/es\\\/cintas-adhesivas\\\/sector-del-transporte\\\/dispensador-manual-tesa-6400-premium\\\/\"]}]},{\"@type\":\"ImageObject\",\"inLanguage\":\"es\",\"@id\":\"https:\\\/\\\/cardinal-tapes.com\\\/es\\\/cintas-adhesivas\\\/sector-del-transporte\\\/dispensador-manual-tesa-6400-premium\\\/#primaryimage\",\"url\":\"https:\\\/\\\/cardinal-tapes.com\\\/wp-content\\\/uploads\\\/xxtesa-06400int-pr-2-fullsize170336_canvas1x1_6.jpg\",\"contentUrl\":\"https:\\\/\\\/cardinal-tapes.com\\\/wp-content\\\/uploads\\\/xxtesa-06400int-pr-2-fullsize170336_canvas1x1_6.jpg\",\"width\":567,\"height\":640,\"caption\":\"xxtesa 6400\"},{\"@type\":\"BreadcrumbList\",\"@id\":\"https:\\\/\\\/cardinal-tapes.com\\\/es\\\/cintas-adhesivas\\\/sector-del-transporte\\\/dispensador-manual-tesa-6400-premium\\\/#breadcrumb\",\"itemListElement\":[{\"@type\":\"ListItem\",\"position\":1,\"name\":\"Startseite\",\"item\":\"https:\\\/\\\/cardinal-tapes.com\\\/es\\\/\"},{\"@type\":\"ListItem\",\"position\":2,\"name\":\"Cintas adhesivas\",\"item\":\"https:\\\/\\\/cardinal-tapes.com\\\/es\\\/cintas-adhesivas-es\\\/\"},{\"@type\":\"ListItem\",\"position\":3,\"name\":\"Cintas adhesivas de una cara\",\"item\":\"https:\\\/\\\/cardinal-tapes.com\\\/es\\\/categora\\\/cintas-adhesivas-de-una-cara\\\/\"},{\"@type\":\"ListItem\",\"position\":4,\"name\":\"Dispensador de manos tesa\u00ae 6400 Premium\"}]},{\"@type\":\"WebSite\",\"@id\":\"https:\\\/\\\/cardinal-tapes.com\\\/#website\",\"url\":\"https:\\\/\\\/cardinal-tapes.com\\\/\",\"name\":\"cardinal TAPES\",\"description\":\"Klebetechnik aus Wuppertal\",\"potentialAction\":[{\"@type\":\"SearchAction\",\"target\":{\"@type\":\"EntryPoint\",\"urlTemplate\":\"https:\\\/\\\/cardinal-tapes.com\\\/?s={search_term_string}\"},\"query-input\":{\"@type\":\"PropertyValueSpecification\",\"valueRequired\":true,\"valueName\":\"search_term_string\"}}],\"inLanguage\":\"es\"}]}<\/script>\n<!-- \/ Yoast SEO plugin. -->","yoast_head_json":{"title":"Dispensador manual tesa\u00ae 6400 Premium | Cardinal TAPES","description":"tesa\u00ae 6400 es un dispensador manual robusto para procesar cintas de embalaje de hasta 50 mm de ancho. M\u00e1s informaci\u00f3n sobre la tesa 6400 aqu\u00ed.","robots":{"index":"index","follow":"follow","max-snippet":"max-snippet:-1","max-image-preview":"max-image-preview:large","max-video-preview":"max-video-preview:-1"},"canonical":"https:\/\/cardinal-tapes.com\/es\/cintas-adhesivas\/sector-del-transporte\/dispensador-manual-tesa-6400-premium\/","og_locale":"es_ES","og_type":"article","og_title":"Dispensador manual tesa\u00ae 6400 Premium | Cardinal TAPES","og_description":"tesa\u00ae 6400 es un dispensador manual robusto para procesar cintas de embalaje de hasta 50 mm de ancho. M\u00e1s informaci\u00f3n sobre la tesa 6400 aqu\u00ed.","og_url":"https:\/\/cardinal-tapes.com\/es\/cintas-adhesivas\/sector-del-transporte\/dispensador-manual-tesa-6400-premium\/","og_site_name":"cardinal TAPES","og_image":[{"width":567,"height":640,"url":"https:\/\/cardinal-tapes.com\/wp-content\/uploads\/xxtesa-06400int-pr-2-fullsize170336_canvas1x1_6.jpg","type":"image\/jpeg"}],"twitter_card":"summary_large_image","twitter_misc":{"Tiempo de lectura":"1 minuto"},"schema":{"@context":"https:\/\/schema.org","@graph":[{"@type":"WebPage","@id":"https:\/\/cardinal-tapes.com\/es\/cintas-adhesivas\/sector-del-transporte\/dispensador-manual-tesa-6400-premium\/","url":"https:\/\/cardinal-tapes.com\/es\/cintas-adhesivas\/sector-del-transporte\/dispensador-manual-tesa-6400-premium\/","name":"Dispensador manual tesa\u00ae 6400 Premium | Cardinal TAPES","isPartOf":{"@id":"https:\/\/cardinal-tapes.com\/#website"},"primaryImageOfPage":{"@id":"https:\/\/cardinal-tapes.com\/es\/cintas-adhesivas\/sector-del-transporte\/dispensador-manual-tesa-6400-premium\/#primaryimage"},"image":{"@id":"https:\/\/cardinal-tapes.com\/es\/cintas-adhesivas\/sector-del-transporte\/dispensador-manual-tesa-6400-premium\/#primaryimage"},"thumbnailUrl":"https:\/\/cardinal-tapes.com\/wp-content\/uploads\/xxtesa-06400int-pr-2-fullsize170336_canvas1x1_6.jpg","datePublished":"2023-06-05T15:28:20+00:00","description":"tesa\u00ae 6400 es un dispensador manual robusto para procesar cintas de embalaje de hasta 50 mm de ancho. M\u00e1s informaci\u00f3n sobre la tesa 6400 aqu\u00ed.","breadcrumb":{"@id":"https:\/\/cardinal-tapes.com\/es\/cintas-adhesivas\/sector-del-transporte\/dispensador-manual-tesa-6400-premium\/#breadcrumb"},"inLanguage":"es","potentialAction":[{"@type":"ReadAction","target":["https:\/\/cardinal-tapes.com\/es\/cintas-adhesivas\/sector-del-transporte\/dispensador-manual-tesa-6400-premium\/"]}]},{"@type":"ImageObject","inLanguage":"es","@id":"https:\/\/cardinal-tapes.com\/es\/cintas-adhesivas\/sector-del-transporte\/dispensador-manual-tesa-6400-premium\/#primaryimage","url":"https:\/\/cardinal-tapes.com\/wp-content\/uploads\/xxtesa-06400int-pr-2-fullsize170336_canvas1x1_6.jpg","contentUrl":"https:\/\/cardinal-tapes.com\/wp-content\/uploads\/xxtesa-06400int-pr-2-fullsize170336_canvas1x1_6.jpg","width":567,"height":640,"caption":"xxtesa 6400"},{"@type":"BreadcrumbList","@id":"https:\/\/cardinal-tapes.com\/es\/cintas-adhesivas\/sector-del-transporte\/dispensador-manual-tesa-6400-premium\/#breadcrumb","itemListElement":[{"@type":"ListItem","position":1,"name":"Startseite","item":"https:\/\/cardinal-tapes.com\/es\/"},{"@type":"ListItem","position":2,"name":"Cintas adhesivas","item":"https:\/\/cardinal-tapes.com\/es\/cintas-adhesivas-es\/"},{"@type":"ListItem","position":3,"name":"Cintas adhesivas de una cara","item":"https:\/\/cardinal-tapes.com\/es\/categora\/cintas-adhesivas-de-una-cara\/"},{"@type":"ListItem","position":4,"name":"Dispensador de manos tesa\u00ae 6400 Premium"}]},{"@type":"WebSite","@id":"https:\/\/cardinal-tapes.com\/#website","url":"https:\/\/cardinal-tapes.com\/","name":"cardinal TAPES","description":"Klebetechnik aus Wuppertal","potentialAction":[{"@type":"SearchAction","target":{"@type":"EntryPoint","urlTemplate":"https:\/\/cardinal-tapes.com\/?s={search_term_string}"},"query-input":{"@type":"PropertyValueSpecification","valueRequired":true,"valueName":"search_term_string"}}],"inLanguage":"es"}]}},"brands":[{"id":2163,"name":"tesa","slug":"tesa-es"}],"_links":{"self":[{"href":"https:\/\/cardinal-tapes.com\/es\/wp-json\/wp\/v2\/product\/59587","targetHints":{"allow":["GET"]}}],"collection":[{"href":"https:\/\/cardinal-tapes.com\/es\/wp-json\/wp\/v2\/product"}],"about":[{"href":"https:\/\/cardinal-tapes.com\/es\/wp-json\/wp\/v2\/types\/product"}],"wp:featuredmedia":[{"embeddable":true,"href":"https:\/\/cardinal-tapes.com\/es\/wp-json\/wp\/v2\/media\/25891"}],"wp:attachment":[{"href":"https:\/\/cardinal-tapes.com\/es\/wp-json\/wp\/v2\/media?parent=59587"}],"wp:term":[{"taxonomy":"pwb-brand","embeddable":true,"href":"https:\/\/cardinal-tapes.com\/es\/wp-json\/wp\/v2\/pwb-brand?post=59587"},{"taxonomy":"product_brand","embeddable":true,"href":"https:\/\/cardinal-tapes.com\/es\/wp-json\/wp\/v2\/product_brand?post=59587"},{"taxonomy":"product_cat","embeddable":true,"href":"https:\/\/cardinal-tapes.com\/es\/wp-json\/wp\/v2\/product_cat?post=59587"},{"taxonomy":"product_tag","embeddable":true,"href":"https:\/\/cardinal-tapes.com\/es\/wp-json\/wp\/v2\/product_tag?post=59587"}],"curies":[{"name":"wp","href":"https:\/\/api.w.org\/{rel}","templated":true}]}}