{"id":59581,"date":"2018-02-07T15:44:13","date_gmt":"2023-06-05T15:28:20","guid":{"rendered":"https:\/\/cardinal.pixel-tal.de\/klebebaender\/sin categor\u00eda\/tesa-57422-corte-facil\/"},"modified":"2023-06-05T17:28:20","modified_gmt":"2023-06-05T15:28:20","slug":"tesa-57422-corte-facil","status":"publish","type":"product","link":"https:\/\/cardinal-tapes.com\/es\/cintas-adhesivas\/ambitos-de-aplicacion\/sector-del-transporte\/tesa-57422-corte-facil\/","title":{"rendered":"tesa\u00ae 57422 Corte f\u00e1cil"},"content":{"rendered":"<p>El tesa 57422 Easy Cut es un dispensador para cintas adhesivas con m\u00e1x. Di\u00e1metro de rollo de hasta 110 mm y anchura de rollo de hasta 25 mm. Gracias a su dise\u00f1o estable, el dispensador de mesa es ideal para el uso profesional en la oficina y el hogar. La tesa 57422 Easy Cut tiene una hoja ondulada para un corte extremadamente preciso.<\/p>\n","protected":false},"excerpt":{"rendered":"<p>El tesa 57422 Easy Cut es un dispensador para cintas adhesivas con m\u00e1x. Di\u00e1metro de rollo de hasta 110 mm y anchura de rollo de hasta 25 mm. Gracias a su dise\u00f1o estable, el dispensador de mesa es ideal para el uso profesional en la oficina y el hogar. La tesa 57422 Easy Cut tiene [&hellip;]<\/p>\n","protected":false},"featured_media":26175,"template":"","meta":{"_acf_changed":false},"pwb-brand":[2163],"product_brand":[],"product_cat":[1802,1871],"product_tag":[],"class_list":{"0":"post-59581","1":"product","2":"type-product","3":"status-publish","4":"has-post-thumbnail","6":"pwb-brand-tesa-es","7":"product_cat-sector-del-transporte","8":"product_cat-sistemas-de-envasado","10":"first","11":"instock","12":"taxable","13":"shipping-taxable","14":"purchasable","15":"product-type-variable"},"acf":[],"yoast_head":"<!-- This site is optimized with the Yoast SEO plugin v27.3 - https:\/\/yoast.com\/product\/yoast-seo-wordpress\/ -->\n<title>tesa\u00ae 57422 Easy Cut | CINTAS Cardinales<\/title>\n<meta name=\"description\" content=\"tesa\u00ae 57422 es un dispensador para cintas adhesivas con max. Di\u00e1metro de rollo de hasta 110 mm y anchura de rollo de hasta 25 mm. Obtenga m\u00e1s informaci\u00f3n aqu\u00ed.\" \/>\n<meta name=\"robots\" content=\"index, follow, max-snippet:-1, max-image-preview:large, max-video-preview:-1\" \/>\n<link rel=\"canonical\" href=\"https:\/\/cardinal-tapes.com\/es\/cintas-adhesivas\/sector-del-transporte\/tesa-57422-corte-facil\/\" \/>\n<meta property=\"og:locale\" content=\"es_ES\" \/>\n<meta property=\"og:type\" content=\"article\" \/>\n<meta property=\"og:title\" content=\"tesa\u00ae 57422 Easy Cut | CINTAS Cardinales\" \/>\n<meta property=\"og:description\" content=\"tesa\u00ae 57422 es un dispensador para cintas adhesivas con max. Di\u00e1metro de rollo de hasta 110 mm y anchura de rollo de hasta 25 mm. Obtenga m\u00e1s informaci\u00f3n aqu\u00ed.\" \/>\n<meta property=\"og:url\" content=\"https:\/\/cardinal-tapes.com\/es\/cintas-adhesivas\/sector-del-transporte\/tesa-57422-corte-facil\/\" \/>\n<meta property=\"og:site_name\" content=\"cardinal TAPES\" \/>\n<meta property=\"og:image\" content=\"https:\/\/cardinal-tapes.com\/wp-content\/uploads\/tesa_57422.jpg\" \/>\n\t<meta property=\"og:image:width\" content=\"600\" \/>\n\t<meta property=\"og:image:height\" content=\"600\" \/>\n\t<meta property=\"og:image:type\" content=\"image\/jpeg\" \/>\n<meta name=\"twitter:card\" content=\"summary_large_image\" \/>\n<script type=\"application\/ld+json\" class=\"yoast-schema-graph\">{\"@context\":\"https:\\\/\\\/schema.org\",\"@graph\":[{\"@type\":\"WebPage\",\"@id\":\"https:\\\/\\\/cardinal-tapes.com\\\/es\\\/cintas-adhesivas\\\/sector-del-transporte\\\/tesa-57422-corte-facil\\\/\",\"url\":\"https:\\\/\\\/cardinal-tapes.com\\\/es\\\/cintas-adhesivas\\\/sector-del-transporte\\\/tesa-57422-corte-facil\\\/\",\"name\":\"tesa\u00ae 57422 Easy Cut | CINTAS Cardinales\",\"isPartOf\":{\"@id\":\"https:\\\/\\\/cardinal-tapes.com\\\/#website\"},\"primaryImageOfPage\":{\"@id\":\"https:\\\/\\\/cardinal-tapes.com\\\/es\\\/cintas-adhesivas\\\/sector-del-transporte\\\/tesa-57422-corte-facil\\\/#primaryimage\"},\"image\":{\"@id\":\"https:\\\/\\\/cardinal-tapes.com\\\/es\\\/cintas-adhesivas\\\/sector-del-transporte\\\/tesa-57422-corte-facil\\\/#primaryimage\"},\"thumbnailUrl\":\"https:\\\/\\\/cardinal-tapes.com\\\/wp-content\\\/uploads\\\/tesa_57422.jpg\",\"datePublished\":\"2023-06-05T15:28:20+00:00\",\"description\":\"tesa\u00ae 57422 es un dispensador para cintas adhesivas con max. Di\u00e1metro de rollo de hasta 110 mm y anchura de rollo de hasta 25 mm. Obtenga m\u00e1s informaci\u00f3n aqu\u00ed.\",\"breadcrumb\":{\"@id\":\"https:\\\/\\\/cardinal-tapes.com\\\/es\\\/cintas-adhesivas\\\/sector-del-transporte\\\/tesa-57422-corte-facil\\\/#breadcrumb\"},\"inLanguage\":\"es\",\"potentialAction\":[{\"@type\":\"ReadAction\",\"target\":[\"https:\\\/\\\/cardinal-tapes.com\\\/es\\\/cintas-adhesivas\\\/sector-del-transporte\\\/tesa-57422-corte-facil\\\/\"]}]},{\"@type\":\"ImageObject\",\"inLanguage\":\"es\",\"@id\":\"https:\\\/\\\/cardinal-tapes.com\\\/es\\\/cintas-adhesivas\\\/sector-del-transporte\\\/tesa-57422-corte-facil\\\/#primaryimage\",\"url\":\"https:\\\/\\\/cardinal-tapes.com\\\/wp-content\\\/uploads\\\/tesa_57422.jpg\",\"contentUrl\":\"https:\\\/\\\/cardinal-tapes.com\\\/wp-content\\\/uploads\\\/tesa_57422.jpg\",\"width\":600,\"height\":600,\"caption\":\"tesa 57422\"},{\"@type\":\"BreadcrumbList\",\"@id\":\"https:\\\/\\\/cardinal-tapes.com\\\/es\\\/cintas-adhesivas\\\/sector-del-transporte\\\/tesa-57422-corte-facil\\\/#breadcrumb\",\"itemListElement\":[{\"@type\":\"ListItem\",\"position\":1,\"name\":\"Startseite\",\"item\":\"https:\\\/\\\/cardinal-tapes.com\\\/es\\\/\"},{\"@type\":\"ListItem\",\"position\":2,\"name\":\"Cintas adhesivas\",\"item\":\"https:\\\/\\\/cardinal-tapes.com\\\/es\\\/cintas-adhesivas-es\\\/\"},{\"@type\":\"ListItem\",\"position\":3,\"name\":\"Sector del transporte\",\"item\":\"https:\\\/\\\/cardinal-tapes.com\\\/es\\\/categora\\\/sector-del-transporte\\\/\"},{\"@type\":\"ListItem\",\"position\":4,\"name\":\"tesa\u00ae 57422 Corte f\u00e1cil\"}]},{\"@type\":\"WebSite\",\"@id\":\"https:\\\/\\\/cardinal-tapes.com\\\/#website\",\"url\":\"https:\\\/\\\/cardinal-tapes.com\\\/\",\"name\":\"cardinal TAPES\",\"description\":\"Klebetechnik aus Wuppertal\",\"potentialAction\":[{\"@type\":\"SearchAction\",\"target\":{\"@type\":\"EntryPoint\",\"urlTemplate\":\"https:\\\/\\\/cardinal-tapes.com\\\/?s={search_term_string}\"},\"query-input\":{\"@type\":\"PropertyValueSpecification\",\"valueRequired\":true,\"valueName\":\"search_term_string\"}}],\"inLanguage\":\"es\"}]}<\/script>\n<!-- \/ Yoast SEO plugin. -->","yoast_head_json":{"title":"tesa\u00ae 57422 Easy Cut | CINTAS Cardinales","description":"tesa\u00ae 57422 es un dispensador para cintas adhesivas con max. Di\u00e1metro de rollo de hasta 110 mm y anchura de rollo de hasta 25 mm. Obtenga m\u00e1s informaci\u00f3n aqu\u00ed.","robots":{"index":"index","follow":"follow","max-snippet":"max-snippet:-1","max-image-preview":"max-image-preview:large","max-video-preview":"max-video-preview:-1"},"canonical":"https:\/\/cardinal-tapes.com\/es\/cintas-adhesivas\/sector-del-transporte\/tesa-57422-corte-facil\/","og_locale":"es_ES","og_type":"article","og_title":"tesa\u00ae 57422 Easy Cut | CINTAS Cardinales","og_description":"tesa\u00ae 57422 es un dispensador para cintas adhesivas con max. Di\u00e1metro de rollo de hasta 110 mm y anchura de rollo de hasta 25 mm. Obtenga m\u00e1s informaci\u00f3n aqu\u00ed.","og_url":"https:\/\/cardinal-tapes.com\/es\/cintas-adhesivas\/sector-del-transporte\/tesa-57422-corte-facil\/","og_site_name":"cardinal TAPES","og_image":[{"width":600,"height":600,"url":"https:\/\/cardinal-tapes.com\/wp-content\/uploads\/tesa_57422.jpg","type":"image\/jpeg"}],"twitter_card":"summary_large_image","schema":{"@context":"https:\/\/schema.org","@graph":[{"@type":"WebPage","@id":"https:\/\/cardinal-tapes.com\/es\/cintas-adhesivas\/sector-del-transporte\/tesa-57422-corte-facil\/","url":"https:\/\/cardinal-tapes.com\/es\/cintas-adhesivas\/sector-del-transporte\/tesa-57422-corte-facil\/","name":"tesa\u00ae 57422 Easy Cut | CINTAS Cardinales","isPartOf":{"@id":"https:\/\/cardinal-tapes.com\/#website"},"primaryImageOfPage":{"@id":"https:\/\/cardinal-tapes.com\/es\/cintas-adhesivas\/sector-del-transporte\/tesa-57422-corte-facil\/#primaryimage"},"image":{"@id":"https:\/\/cardinal-tapes.com\/es\/cintas-adhesivas\/sector-del-transporte\/tesa-57422-corte-facil\/#primaryimage"},"thumbnailUrl":"https:\/\/cardinal-tapes.com\/wp-content\/uploads\/tesa_57422.jpg","datePublished":"2023-06-05T15:28:20+00:00","description":"tesa\u00ae 57422 es un dispensador para cintas adhesivas con max. Di\u00e1metro de rollo de hasta 110 mm y anchura de rollo de hasta 25 mm. Obtenga m\u00e1s informaci\u00f3n aqu\u00ed.","breadcrumb":{"@id":"https:\/\/cardinal-tapes.com\/es\/cintas-adhesivas\/sector-del-transporte\/tesa-57422-corte-facil\/#breadcrumb"},"inLanguage":"es","potentialAction":[{"@type":"ReadAction","target":["https:\/\/cardinal-tapes.com\/es\/cintas-adhesivas\/sector-del-transporte\/tesa-57422-corte-facil\/"]}]},{"@type":"ImageObject","inLanguage":"es","@id":"https:\/\/cardinal-tapes.com\/es\/cintas-adhesivas\/sector-del-transporte\/tesa-57422-corte-facil\/#primaryimage","url":"https:\/\/cardinal-tapes.com\/wp-content\/uploads\/tesa_57422.jpg","contentUrl":"https:\/\/cardinal-tapes.com\/wp-content\/uploads\/tesa_57422.jpg","width":600,"height":600,"caption":"tesa 57422"},{"@type":"BreadcrumbList","@id":"https:\/\/cardinal-tapes.com\/es\/cintas-adhesivas\/sector-del-transporte\/tesa-57422-corte-facil\/#breadcrumb","itemListElement":[{"@type":"ListItem","position":1,"name":"Startseite","item":"https:\/\/cardinal-tapes.com\/es\/"},{"@type":"ListItem","position":2,"name":"Cintas adhesivas","item":"https:\/\/cardinal-tapes.com\/es\/cintas-adhesivas-es\/"},{"@type":"ListItem","position":3,"name":"Sector del transporte","item":"https:\/\/cardinal-tapes.com\/es\/categora\/sector-del-transporte\/"},{"@type":"ListItem","position":4,"name":"tesa\u00ae 57422 Corte f\u00e1cil"}]},{"@type":"WebSite","@id":"https:\/\/cardinal-tapes.com\/#website","url":"https:\/\/cardinal-tapes.com\/","name":"cardinal TAPES","description":"Klebetechnik aus Wuppertal","potentialAction":[{"@type":"SearchAction","target":{"@type":"EntryPoint","urlTemplate":"https:\/\/cardinal-tapes.com\/?s={search_term_string}"},"query-input":{"@type":"PropertyValueSpecification","valueRequired":true,"valueName":"search_term_string"}}],"inLanguage":"es"}]}},"brands":[{"id":2163,"name":"tesa","slug":"tesa-es"}],"_links":{"self":[{"href":"https:\/\/cardinal-tapes.com\/es\/wp-json\/wp\/v2\/product\/59581","targetHints":{"allow":["GET"]}}],"collection":[{"href":"https:\/\/cardinal-tapes.com\/es\/wp-json\/wp\/v2\/product"}],"about":[{"href":"https:\/\/cardinal-tapes.com\/es\/wp-json\/wp\/v2\/types\/product"}],"wp:featuredmedia":[{"embeddable":true,"href":"https:\/\/cardinal-tapes.com\/es\/wp-json\/wp\/v2\/media\/26175"}],"wp:attachment":[{"href":"https:\/\/cardinal-tapes.com\/es\/wp-json\/wp\/v2\/media?parent=59581"}],"wp:term":[{"taxonomy":"pwb-brand","embeddable":true,"href":"https:\/\/cardinal-tapes.com\/es\/wp-json\/wp\/v2\/pwb-brand?post=59581"},{"taxonomy":"product_brand","embeddable":true,"href":"https:\/\/cardinal-tapes.com\/es\/wp-json\/wp\/v2\/product_brand?post=59581"},{"taxonomy":"product_cat","embeddable":true,"href":"https:\/\/cardinal-tapes.com\/es\/wp-json\/wp\/v2\/product_cat?post=59581"},{"taxonomy":"product_tag","embeddable":true,"href":"https:\/\/cardinal-tapes.com\/es\/wp-json\/wp\/v2\/product_tag?post=59581"}],"curies":[{"name":"wp","href":"https:\/\/api.w.org\/{rel}","templated":true}]}}