{"id":59172,"date":"2018-02-20T10:29:23","date_gmt":"2023-06-05T15:27:47","guid":{"rendered":"https:\/\/cardinal.pixel-tal.de\/klebebaender\/sin%20categor\u00eda\/tesa-50575-cinta-adhesiva-de-aluminio\/"},"modified":"2025-07-03T15:42:55","modified_gmt":"2025-07-03T13:42:55","slug":"tesa-50575-cinta-adhesiva-de-aluminio","status":"publish","type":"product","link":"https:\/\/cardinal-tapes.com\/es\/cintas-adhesivas\/ambitos-de-aplicacion\/cinta-adhesiva-de-aluminio\/tesa-50575-cinta-adhesiva-de-aluminio\/","title":{"rendered":"tesa\u00ae 50575 cinta adhesiva de aluminio"},"content":{"rendered":"<p><sup>tesa\u00ae<\/sup> 50575 es una cinta adhesiva de aluminio muy resistente compuesta por una l\u00e1mina de aluminio de 80\u00b5m y un adhesivo acr\u00edlico. Disponible sin liner (PV0) y con liner (PV1). <sup>tesa\u00ae<\/sup> 50575 est\u00e1 certificada por AREVA seg\u00fan los requisitos de Siemens AG, norma TLV 9027\/01\/06 para centrales nucleares: contenido total de hal\u00f3geno. <\/p>\n<p><strong>Propiedades<\/strong><br \/>\n&#8211; Alta resistencia al desgarro.<br \/>\n&#8211; Buena fuerza adhesiva.<br \/>\n&#8211; Resistencia mec\u00e1nica y a la humedad.<br \/>\n&#8211; Resistente a aceites, bases y \u00e1cidos.<br \/>\n&#8211; Alta conductividad t\u00e9rmica.<br \/>\n&#8211; Resistente al envejecimiento.<br \/>\n&#8211; Reflectante al calor y a la luz.<\/p>\n<p><strong>Aplicaciones<\/strong><br \/>\n&#8211; Montaje de bater\u00edas de refrigeraci\u00f3n<br \/>\n&#8211; Aislamiento de tuber\u00edas<br \/>\n&#8211; Aislamiento t\u00e9rmico universal<br \/>\n&#8211; Recubrimiento, protecci\u00f3n, reparaci\u00f3n, sellado, etc.<\/p>\n","protected":false},"excerpt":{"rendered":"<p>tesa\u00ae 50575 es una cinta adhesiva de aluminio muy resistente compuesta por una l\u00e1mina de aluminio de 80\u00b5m y un adhesivo acr\u00edlico. Disponible sin liner (PV0) y con liner (PV1). tesa\u00ae 50575 est\u00e1 certificada por AREVA seg\u00fan los requisitos de Siemens AG, norma TLV 9027\/01\/06 para centrales nucleares: contenido total de hal\u00f3geno. Propiedades &#8211; Alta [&hellip;]<\/p>\n","protected":false},"featured_media":26027,"template":"","meta":{"_acf_changed":false},"pwb-brand":[2163],"product_brand":[],"product_cat":[1696,1706,1806],"product_tag":[],"class_list":{"0":"post-59172","1":"product","2":"type-product","3":"status-publish","4":"has-post-thumbnail","6":"pwb-brand-tesa-es","7":"product_cat-cinta-adhesiva-de-aluminio","8":"product_cat-calefaccion-y-aire-acondicionado","9":"product_cat-cintas-adhesivas-de-una-cara","11":"first","12":"instock","13":"taxable","14":"shipping-taxable","15":"purchasable","16":"product-type-variable"},"acf":[],"yoast_head":"<!-- This site is optimized with the Yoast SEO plugin v27.3 - https:\/\/yoast.com\/product\/yoast-seo-wordpress\/ -->\n<title>Tesa 50575 Cinta Adhesiva de Aluminio | CINTAS Cardinal<\/title>\n<meta name=\"description\" content=\"Tesa 50575 es una cinta adhesiva de aluminio muy resistente formada por una l\u00e1mina de aluminio de 80 \u00b5m y un compuesto adhesivo acr\u00edlico. M\u00e1s informaci\u00f3n.\" \/>\n<meta name=\"robots\" content=\"index, follow, max-snippet:-1, max-image-preview:large, max-video-preview:-1\" \/>\n<link rel=\"canonical\" href=\"https:\/\/cardinal-tapes.com\/es\/cintas-adhesivas\/ambitos-de-aplicacion\/cinta-adhesiva-de-aluminio\/tesa-50575-cinta-adhesiva-de-aluminio\/\" \/>\n<meta property=\"og:locale\" content=\"es_ES\" \/>\n<meta property=\"og:type\" content=\"article\" \/>\n<meta property=\"og:title\" content=\"Tesa 50575 Cinta Adhesiva de Aluminio | CINTAS Cardinal\" \/>\n<meta property=\"og:description\" content=\"Tesa 50575 es una cinta adhesiva de aluminio muy resistente formada por una l\u00e1mina de aluminio de 80 \u00b5m y un compuesto adhesivo acr\u00edlico. M\u00e1s informaci\u00f3n.\" \/>\n<meta property=\"og:url\" content=\"https:\/\/cardinal-tapes.com\/es\/cintas-adhesivas\/ambitos-de-aplicacion\/cinta-adhesiva-de-aluminio\/tesa-50575-cinta-adhesiva-de-aluminio\/\" \/>\n<meta property=\"og:site_name\" content=\"cardinal TAPES\" \/>\n<meta property=\"article:modified_time\" content=\"2025-07-03T13:42:55+00:00\" \/>\n<meta property=\"og:image\" content=\"https:\/\/cardinal-tapes.com\/wp-content\/uploads\/tesa-50575-pr-002172950_canvas1x1_6.jpg\" \/>\n\t<meta property=\"og:image:width\" content=\"640\" \/>\n\t<meta property=\"og:image:height\" content=\"640\" \/>\n\t<meta property=\"og:image:type\" content=\"image\/jpeg\" \/>\n<meta name=\"twitter:card\" content=\"summary_large_image\" \/>\n<meta name=\"twitter:label1\" content=\"Tiempo de lectura\" \/>\n\t<meta name=\"twitter:data1\" content=\"1 minuto\" \/>\n<script type=\"application\/ld+json\" class=\"yoast-schema-graph\">{\"@context\":\"https:\\\/\\\/schema.org\",\"@graph\":[{\"@type\":\"WebPage\",\"@id\":\"https:\\\/\\\/cardinal-tapes.com\\\/es\\\/cintas-adhesivas\\\/ambitos-de-aplicacion\\\/cinta-adhesiva-de-aluminio\\\/tesa-50575-cinta-adhesiva-de-aluminio\\\/\",\"url\":\"https:\\\/\\\/cardinal-tapes.com\\\/es\\\/cintas-adhesivas\\\/ambitos-de-aplicacion\\\/cinta-adhesiva-de-aluminio\\\/tesa-50575-cinta-adhesiva-de-aluminio\\\/\",\"name\":\"Tesa 50575 Cinta Adhesiva de Aluminio | CINTAS Cardinal\",\"isPartOf\":{\"@id\":\"https:\\\/\\\/cardinal-tapes.com\\\/#website\"},\"primaryImageOfPage\":{\"@id\":\"https:\\\/\\\/cardinal-tapes.com\\\/es\\\/cintas-adhesivas\\\/ambitos-de-aplicacion\\\/cinta-adhesiva-de-aluminio\\\/tesa-50575-cinta-adhesiva-de-aluminio\\\/#primaryimage\"},\"image\":{\"@id\":\"https:\\\/\\\/cardinal-tapes.com\\\/es\\\/cintas-adhesivas\\\/ambitos-de-aplicacion\\\/cinta-adhesiva-de-aluminio\\\/tesa-50575-cinta-adhesiva-de-aluminio\\\/#primaryimage\"},\"thumbnailUrl\":\"https:\\\/\\\/cardinal-tapes.com\\\/wp-content\\\/uploads\\\/tesa-50575-pr-002172950_canvas1x1_6.jpg\",\"datePublished\":\"2023-06-05T15:27:47+00:00\",\"dateModified\":\"2025-07-03T13:42:55+00:00\",\"description\":\"Tesa 50575 es una cinta adhesiva de aluminio muy resistente formada por una l\u00e1mina de aluminio de 80 \u00b5m y un compuesto adhesivo acr\u00edlico. M\u00e1s informaci\u00f3n.\",\"breadcrumb\":{\"@id\":\"https:\\\/\\\/cardinal-tapes.com\\\/es\\\/cintas-adhesivas\\\/ambitos-de-aplicacion\\\/cinta-adhesiva-de-aluminio\\\/tesa-50575-cinta-adhesiva-de-aluminio\\\/#breadcrumb\"},\"inLanguage\":\"es\",\"potentialAction\":[{\"@type\":\"ReadAction\",\"target\":[\"https:\\\/\\\/cardinal-tapes.com\\\/es\\\/cintas-adhesivas\\\/ambitos-de-aplicacion\\\/cinta-adhesiva-de-aluminio\\\/tesa-50575-cinta-adhesiva-de-aluminio\\\/\"]}]},{\"@type\":\"ImageObject\",\"inLanguage\":\"es\",\"@id\":\"https:\\\/\\\/cardinal-tapes.com\\\/es\\\/cintas-adhesivas\\\/ambitos-de-aplicacion\\\/cinta-adhesiva-de-aluminio\\\/tesa-50575-cinta-adhesiva-de-aluminio\\\/#primaryimage\",\"url\":\"https:\\\/\\\/cardinal-tapes.com\\\/wp-content\\\/uploads\\\/tesa-50575-pr-002172950_canvas1x1_6.jpg\",\"contentUrl\":\"https:\\\/\\\/cardinal-tapes.com\\\/wp-content\\\/uploads\\\/tesa-50575-pr-002172950_canvas1x1_6.jpg\",\"width\":640,\"height\":640,\"caption\":\"tesa 50575\"},{\"@type\":\"BreadcrumbList\",\"@id\":\"https:\\\/\\\/cardinal-tapes.com\\\/es\\\/cintas-adhesivas\\\/ambitos-de-aplicacion\\\/cinta-adhesiva-de-aluminio\\\/tesa-50575-cinta-adhesiva-de-aluminio\\\/#breadcrumb\",\"itemListElement\":[{\"@type\":\"ListItem\",\"position\":1,\"name\":\"Startseite\",\"item\":\"https:\\\/\\\/cardinal-tapes.com\\\/es\\\/\"},{\"@type\":\"ListItem\",\"position\":2,\"name\":\"Cintas adhesivas\",\"item\":\"https:\\\/\\\/cardinal-tapes.com\\\/es\\\/cintas-adhesivas-es\\\/\"},{\"@type\":\"ListItem\",\"position\":3,\"name\":\"\u00c1mbitos de aplicaci\u00f3n\",\"item\":\"https:\\\/\\\/cardinal-tapes.com\\\/es\\\/categora\\\/ambitos-de-aplicacion\\\/\"},{\"@type\":\"ListItem\",\"position\":4,\"name\":\"Cinta adhesiva de aluminio\",\"item\":\"https:\\\/\\\/cardinal-tapes.com\\\/es\\\/categora\\\/cinta-adhesiva-de-aluminio\\\/\"},{\"@type\":\"ListItem\",\"position\":5,\"name\":\"tesa\u00ae 50575 cinta adhesiva de aluminio\"}]},{\"@type\":\"WebSite\",\"@id\":\"https:\\\/\\\/cardinal-tapes.com\\\/#website\",\"url\":\"https:\\\/\\\/cardinal-tapes.com\\\/\",\"name\":\"cardinal TAPES\",\"description\":\"Klebetechnik aus Wuppertal\",\"potentialAction\":[{\"@type\":\"SearchAction\",\"target\":{\"@type\":\"EntryPoint\",\"urlTemplate\":\"https:\\\/\\\/cardinal-tapes.com\\\/?s={search_term_string}\"},\"query-input\":{\"@type\":\"PropertyValueSpecification\",\"valueRequired\":true,\"valueName\":\"search_term_string\"}}],\"inLanguage\":\"es\"}]}<\/script>\n<!-- \/ Yoast SEO plugin. -->","yoast_head_json":{"title":"Tesa 50575 Cinta Adhesiva de Aluminio | CINTAS Cardinal","description":"Tesa 50575 es una cinta adhesiva de aluminio muy resistente formada por una l\u00e1mina de aluminio de 80 \u00b5m y un compuesto adhesivo acr\u00edlico. M\u00e1s informaci\u00f3n.","robots":{"index":"index","follow":"follow","max-snippet":"max-snippet:-1","max-image-preview":"max-image-preview:large","max-video-preview":"max-video-preview:-1"},"canonical":"https:\/\/cardinal-tapes.com\/es\/cintas-adhesivas\/ambitos-de-aplicacion\/cinta-adhesiva-de-aluminio\/tesa-50575-cinta-adhesiva-de-aluminio\/","og_locale":"es_ES","og_type":"article","og_title":"Tesa 50575 Cinta Adhesiva de Aluminio | CINTAS Cardinal","og_description":"Tesa 50575 es una cinta adhesiva de aluminio muy resistente formada por una l\u00e1mina de aluminio de 80 \u00b5m y un compuesto adhesivo acr\u00edlico. M\u00e1s informaci\u00f3n.","og_url":"https:\/\/cardinal-tapes.com\/es\/cintas-adhesivas\/ambitos-de-aplicacion\/cinta-adhesiva-de-aluminio\/tesa-50575-cinta-adhesiva-de-aluminio\/","og_site_name":"cardinal TAPES","article_modified_time":"2025-07-03T13:42:55+00:00","og_image":[{"width":640,"height":640,"url":"https:\/\/cardinal-tapes.com\/wp-content\/uploads\/tesa-50575-pr-002172950_canvas1x1_6.jpg","type":"image\/jpeg"}],"twitter_card":"summary_large_image","twitter_misc":{"Tiempo de lectura":"1 minuto"},"schema":{"@context":"https:\/\/schema.org","@graph":[{"@type":"WebPage","@id":"https:\/\/cardinal-tapes.com\/es\/cintas-adhesivas\/ambitos-de-aplicacion\/cinta-adhesiva-de-aluminio\/tesa-50575-cinta-adhesiva-de-aluminio\/","url":"https:\/\/cardinal-tapes.com\/es\/cintas-adhesivas\/ambitos-de-aplicacion\/cinta-adhesiva-de-aluminio\/tesa-50575-cinta-adhesiva-de-aluminio\/","name":"Tesa 50575 Cinta Adhesiva de Aluminio | CINTAS Cardinal","isPartOf":{"@id":"https:\/\/cardinal-tapes.com\/#website"},"primaryImageOfPage":{"@id":"https:\/\/cardinal-tapes.com\/es\/cintas-adhesivas\/ambitos-de-aplicacion\/cinta-adhesiva-de-aluminio\/tesa-50575-cinta-adhesiva-de-aluminio\/#primaryimage"},"image":{"@id":"https:\/\/cardinal-tapes.com\/es\/cintas-adhesivas\/ambitos-de-aplicacion\/cinta-adhesiva-de-aluminio\/tesa-50575-cinta-adhesiva-de-aluminio\/#primaryimage"},"thumbnailUrl":"https:\/\/cardinal-tapes.com\/wp-content\/uploads\/tesa-50575-pr-002172950_canvas1x1_6.jpg","datePublished":"2023-06-05T15:27:47+00:00","dateModified":"2025-07-03T13:42:55+00:00","description":"Tesa 50575 es una cinta adhesiva de aluminio muy resistente formada por una l\u00e1mina de aluminio de 80 \u00b5m y un compuesto adhesivo acr\u00edlico. M\u00e1s informaci\u00f3n.","breadcrumb":{"@id":"https:\/\/cardinal-tapes.com\/es\/cintas-adhesivas\/ambitos-de-aplicacion\/cinta-adhesiva-de-aluminio\/tesa-50575-cinta-adhesiva-de-aluminio\/#breadcrumb"},"inLanguage":"es","potentialAction":[{"@type":"ReadAction","target":["https:\/\/cardinal-tapes.com\/es\/cintas-adhesivas\/ambitos-de-aplicacion\/cinta-adhesiva-de-aluminio\/tesa-50575-cinta-adhesiva-de-aluminio\/"]}]},{"@type":"ImageObject","inLanguage":"es","@id":"https:\/\/cardinal-tapes.com\/es\/cintas-adhesivas\/ambitos-de-aplicacion\/cinta-adhesiva-de-aluminio\/tesa-50575-cinta-adhesiva-de-aluminio\/#primaryimage","url":"https:\/\/cardinal-tapes.com\/wp-content\/uploads\/tesa-50575-pr-002172950_canvas1x1_6.jpg","contentUrl":"https:\/\/cardinal-tapes.com\/wp-content\/uploads\/tesa-50575-pr-002172950_canvas1x1_6.jpg","width":640,"height":640,"caption":"tesa 50575"},{"@type":"BreadcrumbList","@id":"https:\/\/cardinal-tapes.com\/es\/cintas-adhesivas\/ambitos-de-aplicacion\/cinta-adhesiva-de-aluminio\/tesa-50575-cinta-adhesiva-de-aluminio\/#breadcrumb","itemListElement":[{"@type":"ListItem","position":1,"name":"Startseite","item":"https:\/\/cardinal-tapes.com\/es\/"},{"@type":"ListItem","position":2,"name":"Cintas adhesivas","item":"https:\/\/cardinal-tapes.com\/es\/cintas-adhesivas-es\/"},{"@type":"ListItem","position":3,"name":"\u00c1mbitos de aplicaci\u00f3n","item":"https:\/\/cardinal-tapes.com\/es\/categora\/ambitos-de-aplicacion\/"},{"@type":"ListItem","position":4,"name":"Cinta adhesiva de aluminio","item":"https:\/\/cardinal-tapes.com\/es\/categora\/cinta-adhesiva-de-aluminio\/"},{"@type":"ListItem","position":5,"name":"tesa\u00ae 50575 cinta adhesiva de aluminio"}]},{"@type":"WebSite","@id":"https:\/\/cardinal-tapes.com\/#website","url":"https:\/\/cardinal-tapes.com\/","name":"cardinal TAPES","description":"Klebetechnik aus Wuppertal","potentialAction":[{"@type":"SearchAction","target":{"@type":"EntryPoint","urlTemplate":"https:\/\/cardinal-tapes.com\/?s={search_term_string}"},"query-input":{"@type":"PropertyValueSpecification","valueRequired":true,"valueName":"search_term_string"}}],"inLanguage":"es"}]}},"brands":[{"id":2163,"name":"tesa","slug":"tesa-es"}],"_links":{"self":[{"href":"https:\/\/cardinal-tapes.com\/es\/wp-json\/wp\/v2\/product\/59172","targetHints":{"allow":["GET"]}}],"collection":[{"href":"https:\/\/cardinal-tapes.com\/es\/wp-json\/wp\/v2\/product"}],"about":[{"href":"https:\/\/cardinal-tapes.com\/es\/wp-json\/wp\/v2\/types\/product"}],"wp:featuredmedia":[{"embeddable":true,"href":"https:\/\/cardinal-tapes.com\/es\/wp-json\/wp\/v2\/media\/26027"}],"wp:attachment":[{"href":"https:\/\/cardinal-tapes.com\/es\/wp-json\/wp\/v2\/media?parent=59172"}],"wp:term":[{"taxonomy":"pwb-brand","embeddable":true,"href":"https:\/\/cardinal-tapes.com\/es\/wp-json\/wp\/v2\/pwb-brand?post=59172"},{"taxonomy":"product_brand","embeddable":true,"href":"https:\/\/cardinal-tapes.com\/es\/wp-json\/wp\/v2\/product_brand?post=59172"},{"taxonomy":"product_cat","embeddable":true,"href":"https:\/\/cardinal-tapes.com\/es\/wp-json\/wp\/v2\/product_cat?post=59172"},{"taxonomy":"product_tag","embeddable":true,"href":"https:\/\/cardinal-tapes.com\/es\/wp-json\/wp\/v2\/product_tag?post=59172"}],"curies":[{"name":"wp","href":"https:\/\/api.w.org\/{rel}","templated":true}]}}