{"id":59162,"date":"2018-02-20T08:11:14","date_gmt":"2018-02-20T07:11:14","guid":{"rendered":"https:\/\/cardinal.pixel-tal.de\/klebebaender\/sin%20categor\u00eda\/tesa-fix-4965-cinta-adhesiva-de-doble-cara\/"},"modified":"2025-07-03T15:34:14","modified_gmt":"2025-07-03T13:34:14","slug":"tesa-4965-cinta-adhesiva-doble-cara","status":"publish","type":"product","link":"https:\/\/cardinal-tapes.com\/es\/cintas-adhesivas\/ambitos-de-aplicacion\/produccion-transformacion-del-aluminio\/tesa-4965-cinta-adhesiva-doble-cara\/","title":{"rendered":"tesafix\u00ae 4965 cinta adhesiva de doble cara Next Gen"},"content":{"rendered":"<p><span class=\"lowercase hyphens-manual\">tesa\u00ae4965 Original Next Gen es una cinta adhesiva industrial transparente de doble cara con un adhesivo a base de biomasa y un soporte de PET con un 90% de PCR que reduce las emisiones de CO\u2082 en un 40% en comparaci\u00f3n con tesa\u00ae<\/span>4965 Original. La tecnolog\u00eda adhesiva de la empresa se basa en una formulaci\u00f3n de producto patentada y propia. <span class=\"lowercase hyphens-manual\">tesa\u00ae<\/span>4965 Original Next Gen se utiliza en todos los sectores para mejorar los procesos y las aplicaciones. Basada en la tecnolog\u00eda patentada y propia de <span class=\"lowercase hyphens-manual\">tesa\u00ae<\/span>4965, ofrece un excelente rendimiento gracias a sus extraordinarias propiedades como versatilidad, durabilidad y seguridad. La cinta adhesiva industrial de doble cara resiste durante un tiempo limitado numerosas influencias ambientales como la humedad, la luz ultravioleta y temperaturas de hasta 200 \u00b0C. El adhesivo acr\u00edlico modificado, equilibrado con biomasa, ofrece una excelente adhesi\u00f3n a diversas superficies, una gran fuerza adhesiva y una buena resistencia al cizallamiento.    <\/p>\n<p><strong>Caracter\u00edsticas del producto<\/strong><br \/>\n&#8211; Adecuado para requisitos cr\u00edticos como uso intensivo y altas temperaturas<br \/>\n&#8211; Certificaci\u00f3n de contacto con la piel seg\u00fan ISO 10993-5 e ISO 10993-10<br \/>\n&#8211; Cumple la norma UL 969 Archivo UL: MH 18055<br \/>\n&#8211; Adherencia fiable, incluso en superficies con baja energ\u00eda superficial<br \/>\n&#8211; Puede utilizarse inmediatamente despu\u00e9s de la instalaci\u00f3n<br \/>\n&#8211; Probado seg\u00fan DIN EN 45545-2, cumple 2R1+HL3<br \/>\n&#8211; Bajo VOC &#8211; medido seg\u00fan el an\u00e1lisis VDA 278 <\/p>\n<p><strong>Aplicaci\u00f3n<\/strong><br \/>\n&#8211; tesa\u00ae 4965 Original Next Gen se utiliza en todas las industrias<br \/>\n&#8211; Fijaci\u00f3n de luces LED en el suelo o se\u00f1ales en puertas de aviones comerciales<br \/>\n&#8211; Fijaci\u00f3n de materiales decorativos para puntos de venta y expositores<\/p>\n","protected":false},"excerpt":{"rendered":"<p>tesa\u00ae4965 Original Next Gen es una cinta adhesiva industrial transparente de doble cara con un adhesivo a base de biomasa y un soporte de PET con un 90% de PCR que reduce las emisiones de CO\u2082 en un 40% en comparaci\u00f3n con tesa\u00ae4965 Original. La tecnolog\u00eda adhesiva de la empresa se basa en una formulaci\u00f3n [&hellip;]<\/p>\n","protected":false},"featured_media":76428,"template":"","meta":{"_acf_changed":false},"pwb-brand":[2163],"product_brand":[],"product_cat":[1695,1697,1703,1704,1708,1711,1713,7721,1800,1804],"product_tag":[],"class_list":{"0":"post-59162","1":"product","2":"type-product","3":"status-publish","4":"has-post-thumbnail","6":"pwb-brand-tesa-es","7":"product_cat-produccion-transformacion-del-aluminio","8":"product_cat-industria-del-automovil","9":"product_cat-industria-electrica","10":"product_cat-produccion-de-peliculas","11":"product_cat-industria-del-plastico","12":"product_cat-ingenieria-mecanica","13":"product_cat-industria-del-mueble","14":"product_cat-noticias_tesa","15":"product_cat-industria-textil","16":"product_cat-cintas-adhesivas-de-doble-cara","18":"first","19":"instock","20":"taxable","21":"shipping-taxable","22":"purchasable","23":"product-type-variable"},"acf":[],"yoast_head":"<!-- This site is optimized with the Yoast SEO plugin v27.3 - https:\/\/yoast.com\/product\/yoast-seo-wordpress\/ -->\n<title>tesafix\u00ae 4965 cinta adhesiva de doble cara | Cardinal TAPES<\/title>\n<meta name=\"description\" content=\"tesa fix\u00ae 4965 es una cinta adhesiva de poli\u00e9ster transparente de doble cara con adhesivo acr\u00edlico. Est\u00e1 cubierta con una l\u00e1mina roja. tesa fix\u00ae 4965 se caracteriza por una buena fuerza adhesiva en diversos pl\u00e1sticos como ABS e incluso EPDM.\" \/>\n<meta name=\"robots\" content=\"index, follow, max-snippet:-1, max-image-preview:large, max-video-preview:-1\" \/>\n<link rel=\"canonical\" href=\"https:\/\/cardinal-tapes.com\/es\/cintas-adhesivas\/ambitos-de-aplicacion\/produccion-transformacion-del-aluminio\/tesa-4965-cinta-adhesiva-doble-cara\/\" \/>\n<meta property=\"og:locale\" content=\"es_ES\" \/>\n<meta property=\"og:type\" content=\"article\" \/>\n<meta property=\"og:title\" content=\"tesafix\u00ae 4965 cinta adhesiva de doble cara | Cardinal TAPES\" \/>\n<meta property=\"og:description\" content=\"tesa fix\u00ae 4965 es una cinta adhesiva de poli\u00e9ster transparente de doble cara con adhesivo acr\u00edlico. Est\u00e1 cubierta con una l\u00e1mina roja. tesa fix\u00ae 4965 se caracteriza por una buena fuerza adhesiva en diversos pl\u00e1sticos como ABS e incluso EPDM.\" \/>\n<meta property=\"og:url\" content=\"https:\/\/cardinal-tapes.com\/es\/cintas-adhesivas\/ambitos-de-aplicacion\/produccion-transformacion-del-aluminio\/tesa-4965-cinta-adhesiva-doble-cara\/\" \/>\n<meta property=\"og:site_name\" content=\"cardinal TAPES\" \/>\n<meta property=\"article:modified_time\" content=\"2025-07-03T13:34:14+00:00\" \/>\n<meta property=\"og:image\" content=\"https:\/\/cardinal-tapes.com\/wp-content\/uploads\/medium-11168653.jpg\" \/>\n\t<meta property=\"og:image:width\" content=\"2560\" \/>\n\t<meta property=\"og:image:height\" content=\"2560\" \/>\n\t<meta property=\"og:image:type\" content=\"image\/jpeg\" \/>\n<meta name=\"twitter:card\" content=\"summary_large_image\" \/>\n<meta name=\"twitter:label1\" content=\"Tiempo de lectura\" \/>\n\t<meta name=\"twitter:data1\" content=\"1 minuto\" \/>\n<script type=\"application\/ld+json\" class=\"yoast-schema-graph\">{\"@context\":\"https:\\\/\\\/schema.org\",\"@graph\":[{\"@type\":\"WebPage\",\"@id\":\"https:\\\/\\\/cardinal-tapes.com\\\/es\\\/cintas-adhesivas\\\/ambitos-de-aplicacion\\\/produccion-transformacion-del-aluminio\\\/tesa-4965-cinta-adhesiva-doble-cara\\\/\",\"url\":\"https:\\\/\\\/cardinal-tapes.com\\\/es\\\/cintas-adhesivas\\\/ambitos-de-aplicacion\\\/produccion-transformacion-del-aluminio\\\/tesa-4965-cinta-adhesiva-doble-cara\\\/\",\"name\":\"tesafix\u00ae 4965 cinta adhesiva de doble cara | Cardinal TAPES\",\"isPartOf\":{\"@id\":\"https:\\\/\\\/cardinal-tapes.com\\\/#website\"},\"primaryImageOfPage\":{\"@id\":\"https:\\\/\\\/cardinal-tapes.com\\\/es\\\/cintas-adhesivas\\\/ambitos-de-aplicacion\\\/produccion-transformacion-del-aluminio\\\/tesa-4965-cinta-adhesiva-doble-cara\\\/#primaryimage\"},\"image\":{\"@id\":\"https:\\\/\\\/cardinal-tapes.com\\\/es\\\/cintas-adhesivas\\\/ambitos-de-aplicacion\\\/produccion-transformacion-del-aluminio\\\/tesa-4965-cinta-adhesiva-doble-cara\\\/#primaryimage\"},\"thumbnailUrl\":\"https:\\\/\\\/cardinal-tapes.com\\\/wp-content\\\/uploads\\\/medium-11168653.jpg\",\"datePublished\":\"2018-02-20T07:11:14+00:00\",\"dateModified\":\"2025-07-03T13:34:14+00:00\",\"description\":\"tesa fix\u00ae 4965 es una cinta adhesiva de poli\u00e9ster transparente de doble cara con adhesivo acr\u00edlico. Est\u00e1 cubierta con una l\u00e1mina roja. tesa fix\u00ae 4965 se caracteriza por una buena fuerza adhesiva en diversos pl\u00e1sticos como ABS e incluso EPDM.\",\"breadcrumb\":{\"@id\":\"https:\\\/\\\/cardinal-tapes.com\\\/es\\\/cintas-adhesivas\\\/ambitos-de-aplicacion\\\/produccion-transformacion-del-aluminio\\\/tesa-4965-cinta-adhesiva-doble-cara\\\/#breadcrumb\"},\"inLanguage\":\"es\",\"potentialAction\":[{\"@type\":\"ReadAction\",\"target\":[\"https:\\\/\\\/cardinal-tapes.com\\\/es\\\/cintas-adhesivas\\\/ambitos-de-aplicacion\\\/produccion-transformacion-del-aluminio\\\/tesa-4965-cinta-adhesiva-doble-cara\\\/\"]}]},{\"@type\":\"ImageObject\",\"inLanguage\":\"es\",\"@id\":\"https:\\\/\\\/cardinal-tapes.com\\\/es\\\/cintas-adhesivas\\\/ambitos-de-aplicacion\\\/produccion-transformacion-del-aluminio\\\/tesa-4965-cinta-adhesiva-doble-cara\\\/#primaryimage\",\"url\":\"https:\\\/\\\/cardinal-tapes.com\\\/wp-content\\\/uploads\\\/medium-11168653.jpg\",\"contentUrl\":\"https:\\\/\\\/cardinal-tapes.com\\\/wp-content\\\/uploads\\\/medium-11168653.jpg\",\"width\":2560,\"height\":2560},{\"@type\":\"BreadcrumbList\",\"@id\":\"https:\\\/\\\/cardinal-tapes.com\\\/es\\\/cintas-adhesivas\\\/ambitos-de-aplicacion\\\/produccion-transformacion-del-aluminio\\\/tesa-4965-cinta-adhesiva-doble-cara\\\/#breadcrumb\",\"itemListElement\":[{\"@type\":\"ListItem\",\"position\":1,\"name\":\"Startseite\",\"item\":\"https:\\\/\\\/cardinal-tapes.com\\\/es\\\/\"},{\"@type\":\"ListItem\",\"position\":2,\"name\":\"Cintas adhesivas\",\"item\":\"https:\\\/\\\/cardinal-tapes.com\\\/es\\\/cintas-adhesivas-es\\\/\"},{\"@type\":\"ListItem\",\"position\":3,\"name\":\"\u00c1mbitos de aplicaci\u00f3n\",\"item\":\"https:\\\/\\\/cardinal-tapes.com\\\/es\\\/categora\\\/ambitos-de-aplicacion\\\/\"},{\"@type\":\"ListItem\",\"position\":4,\"name\":\"Producci\u00f3n \\\/ transformaci\u00f3n del aluminio\",\"item\":\"https:\\\/\\\/cardinal-tapes.com\\\/es\\\/categora\\\/produccion-transformacion-del-aluminio\\\/\"},{\"@type\":\"ListItem\",\"position\":5,\"name\":\"tesafix\u00ae 4965 cinta adhesiva de doble cara Next Gen\"}]},{\"@type\":\"WebSite\",\"@id\":\"https:\\\/\\\/cardinal-tapes.com\\\/#website\",\"url\":\"https:\\\/\\\/cardinal-tapes.com\\\/\",\"name\":\"cardinal TAPES\",\"description\":\"Klebetechnik aus Wuppertal\",\"potentialAction\":[{\"@type\":\"SearchAction\",\"target\":{\"@type\":\"EntryPoint\",\"urlTemplate\":\"https:\\\/\\\/cardinal-tapes.com\\\/?s={search_term_string}\"},\"query-input\":{\"@type\":\"PropertyValueSpecification\",\"valueRequired\":true,\"valueName\":\"search_term_string\"}}],\"inLanguage\":\"es\"}]}<\/script>\n<!-- \/ Yoast SEO plugin. -->","yoast_head_json":{"title":"tesafix\u00ae 4965 cinta adhesiva de doble cara | Cardinal TAPES","description":"tesa fix\u00ae 4965 es una cinta adhesiva de poli\u00e9ster transparente de doble cara con adhesivo acr\u00edlico. Est\u00e1 cubierta con una l\u00e1mina roja. tesa fix\u00ae 4965 se caracteriza por una buena fuerza adhesiva en diversos pl\u00e1sticos como ABS e incluso EPDM.","robots":{"index":"index","follow":"follow","max-snippet":"max-snippet:-1","max-image-preview":"max-image-preview:large","max-video-preview":"max-video-preview:-1"},"canonical":"https:\/\/cardinal-tapes.com\/es\/cintas-adhesivas\/ambitos-de-aplicacion\/produccion-transformacion-del-aluminio\/tesa-4965-cinta-adhesiva-doble-cara\/","og_locale":"es_ES","og_type":"article","og_title":"tesafix\u00ae 4965 cinta adhesiva de doble cara | Cardinal TAPES","og_description":"tesa fix\u00ae 4965 es una cinta adhesiva de poli\u00e9ster transparente de doble cara con adhesivo acr\u00edlico. Est\u00e1 cubierta con una l\u00e1mina roja. tesa fix\u00ae 4965 se caracteriza por una buena fuerza adhesiva en diversos pl\u00e1sticos como ABS e incluso EPDM.","og_url":"https:\/\/cardinal-tapes.com\/es\/cintas-adhesivas\/ambitos-de-aplicacion\/produccion-transformacion-del-aluminio\/tesa-4965-cinta-adhesiva-doble-cara\/","og_site_name":"cardinal TAPES","article_modified_time":"2025-07-03T13:34:14+00:00","og_image":[{"width":2560,"height":2560,"url":"https:\/\/cardinal-tapes.com\/wp-content\/uploads\/medium-11168653.jpg","type":"image\/jpeg"}],"twitter_card":"summary_large_image","twitter_misc":{"Tiempo de lectura":"1 minuto"},"schema":{"@context":"https:\/\/schema.org","@graph":[{"@type":"WebPage","@id":"https:\/\/cardinal-tapes.com\/es\/cintas-adhesivas\/ambitos-de-aplicacion\/produccion-transformacion-del-aluminio\/tesa-4965-cinta-adhesiva-doble-cara\/","url":"https:\/\/cardinal-tapes.com\/es\/cintas-adhesivas\/ambitos-de-aplicacion\/produccion-transformacion-del-aluminio\/tesa-4965-cinta-adhesiva-doble-cara\/","name":"tesafix\u00ae 4965 cinta adhesiva de doble cara | Cardinal TAPES","isPartOf":{"@id":"https:\/\/cardinal-tapes.com\/#website"},"primaryImageOfPage":{"@id":"https:\/\/cardinal-tapes.com\/es\/cintas-adhesivas\/ambitos-de-aplicacion\/produccion-transformacion-del-aluminio\/tesa-4965-cinta-adhesiva-doble-cara\/#primaryimage"},"image":{"@id":"https:\/\/cardinal-tapes.com\/es\/cintas-adhesivas\/ambitos-de-aplicacion\/produccion-transformacion-del-aluminio\/tesa-4965-cinta-adhesiva-doble-cara\/#primaryimage"},"thumbnailUrl":"https:\/\/cardinal-tapes.com\/wp-content\/uploads\/medium-11168653.jpg","datePublished":"2018-02-20T07:11:14+00:00","dateModified":"2025-07-03T13:34:14+00:00","description":"tesa fix\u00ae 4965 es una cinta adhesiva de poli\u00e9ster transparente de doble cara con adhesivo acr\u00edlico. Est\u00e1 cubierta con una l\u00e1mina roja. tesa fix\u00ae 4965 se caracteriza por una buena fuerza adhesiva en diversos pl\u00e1sticos como ABS e incluso EPDM.","breadcrumb":{"@id":"https:\/\/cardinal-tapes.com\/es\/cintas-adhesivas\/ambitos-de-aplicacion\/produccion-transformacion-del-aluminio\/tesa-4965-cinta-adhesiva-doble-cara\/#breadcrumb"},"inLanguage":"es","potentialAction":[{"@type":"ReadAction","target":["https:\/\/cardinal-tapes.com\/es\/cintas-adhesivas\/ambitos-de-aplicacion\/produccion-transformacion-del-aluminio\/tesa-4965-cinta-adhesiva-doble-cara\/"]}]},{"@type":"ImageObject","inLanguage":"es","@id":"https:\/\/cardinal-tapes.com\/es\/cintas-adhesivas\/ambitos-de-aplicacion\/produccion-transformacion-del-aluminio\/tesa-4965-cinta-adhesiva-doble-cara\/#primaryimage","url":"https:\/\/cardinal-tapes.com\/wp-content\/uploads\/medium-11168653.jpg","contentUrl":"https:\/\/cardinal-tapes.com\/wp-content\/uploads\/medium-11168653.jpg","width":2560,"height":2560},{"@type":"BreadcrumbList","@id":"https:\/\/cardinal-tapes.com\/es\/cintas-adhesivas\/ambitos-de-aplicacion\/produccion-transformacion-del-aluminio\/tesa-4965-cinta-adhesiva-doble-cara\/#breadcrumb","itemListElement":[{"@type":"ListItem","position":1,"name":"Startseite","item":"https:\/\/cardinal-tapes.com\/es\/"},{"@type":"ListItem","position":2,"name":"Cintas adhesivas","item":"https:\/\/cardinal-tapes.com\/es\/cintas-adhesivas-es\/"},{"@type":"ListItem","position":3,"name":"\u00c1mbitos de aplicaci\u00f3n","item":"https:\/\/cardinal-tapes.com\/es\/categora\/ambitos-de-aplicacion\/"},{"@type":"ListItem","position":4,"name":"Producci\u00f3n \/ transformaci\u00f3n del aluminio","item":"https:\/\/cardinal-tapes.com\/es\/categora\/produccion-transformacion-del-aluminio\/"},{"@type":"ListItem","position":5,"name":"tesafix\u00ae 4965 cinta adhesiva de doble cara Next Gen"}]},{"@type":"WebSite","@id":"https:\/\/cardinal-tapes.com\/#website","url":"https:\/\/cardinal-tapes.com\/","name":"cardinal TAPES","description":"Klebetechnik aus Wuppertal","potentialAction":[{"@type":"SearchAction","target":{"@type":"EntryPoint","urlTemplate":"https:\/\/cardinal-tapes.com\/?s={search_term_string}"},"query-input":{"@type":"PropertyValueSpecification","valueRequired":true,"valueName":"search_term_string"}}],"inLanguage":"es"}]}},"brands":[{"id":2163,"name":"tesa","slug":"tesa-es"}],"_links":{"self":[{"href":"https:\/\/cardinal-tapes.com\/es\/wp-json\/wp\/v2\/product\/59162","targetHints":{"allow":["GET"]}}],"collection":[{"href":"https:\/\/cardinal-tapes.com\/es\/wp-json\/wp\/v2\/product"}],"about":[{"href":"https:\/\/cardinal-tapes.com\/es\/wp-json\/wp\/v2\/types\/product"}],"wp:featuredmedia":[{"embeddable":true,"href":"https:\/\/cardinal-tapes.com\/es\/wp-json\/wp\/v2\/media\/76428"}],"wp:attachment":[{"href":"https:\/\/cardinal-tapes.com\/es\/wp-json\/wp\/v2\/media?parent=59162"}],"wp:term":[{"taxonomy":"pwb-brand","embeddable":true,"href":"https:\/\/cardinal-tapes.com\/es\/wp-json\/wp\/v2\/pwb-brand?post=59162"},{"taxonomy":"product_brand","embeddable":true,"href":"https:\/\/cardinal-tapes.com\/es\/wp-json\/wp\/v2\/product_brand?post=59162"},{"taxonomy":"product_cat","embeddable":true,"href":"https:\/\/cardinal-tapes.com\/es\/wp-json\/wp\/v2\/product_cat?post=59162"},{"taxonomy":"product_tag","embeddable":true,"href":"https:\/\/cardinal-tapes.com\/es\/wp-json\/wp\/v2\/product_tag?post=59162"}],"curies":[{"name":"wp","href":"https:\/\/api.w.org\/{rel}","templated":true}]}}