{"id":58956,"date":"2018-02-09T12:24:27","date_gmt":"2023-06-05T15:27:43","guid":{"rendered":"https:\/\/cardinal.pixel-tal.de\/klebebaender\/sin%20categor\u00eda\/tesa-57007-adhesivo-multiuso\/"},"modified":"2025-07-03T15:24:52","modified_gmt":"2025-07-03T13:24:52","slug":"tesa-60151-promotor-de-adhesion","status":"publish","type":"product","link":"https:\/\/cardinal-tapes.com\/es\/cintas-adhesivas\/adhesivos-liquidos\/adhesivos\/tesa-60151-promotor-de-adhesion\/","title":{"rendered":"tesa\u00ae 57007 Adhesivo multiuso"},"content":{"rendered":"<p>El pr\u00e1ctico adhesivo multiusos transparente <sup>tesa\u00ae<\/sup> es un ayudante indispensable para todos los trabajos de manualidades y pegado en el hogar, la oficina y el taller.<\/p>\n<ul>\n<li><i class=\"icon-checkmark-circle\"><\/i>Pega casi todos los tipos de papel, cart\u00f3n, fotos, tela, fieltro, corcho, cuero y madera entre s\u00ed y \u00e9stos tambi\u00e9n a metal, vidrio, porcelana, cer\u00e1mica, muchos pl\u00e1sticos y espumas r\u00edgidas<\/li>\n<li><i class=\"icon-checkmark-circle\"><\/i>Gran resistencia a la luz, al fr\u00edo, al calor y al agua<\/li>\n<li><i class=\"icon-checkmark-circle\"><\/i>Alta resistencia al envejecimientoDescripci\u00f3n del producto<\/li>\n<\/ul>\n<h3 class=\"headline module-headline\">Descripci\u00f3n del producto<\/h3>\n<p>El adhesivo universal <sup>tesa\u00ae<\/sup> es un pr\u00e1ctico ayudante cotidiano que puede utilizarse para casi todos los trabajos manuales y de pegado en el hogar, la oficina o el taller. Ya sea papel, cart\u00f3n, fieltro o cuero, el adhesivo multiusos une innumerables materiales con precisi\u00f3n y se adhiere de forma fiable a diversas superficies, como metal, vidrio o cer\u00e1mica.<br \/>\nEl adhesivo l\u00edquido transparente se adhiere r\u00e1pida y fuertemente gracias a la <sup>tecnolog\u00eda<\/sup> superior <span class=\"lowercase\">del adhesivo tesa\u00ae<\/span>.  Su resistencia a la luz, el fr\u00edo, el calor y el agua hacen del adhesivo multiusos un aut\u00e9ntico todoterreno que dura mucho tiempo.<\/p>\n","protected":false},"excerpt":{"rendered":"<p>El pr\u00e1ctico adhesivo multiusos transparente tesa\u00ae es un ayudante indispensable para todos los trabajos de manualidades y pegado en el hogar, la oficina y el taller. Pega casi todos los tipos de papel, cart\u00f3n, fotos, tela, fieltro, corcho, cuero y madera entre s\u00ed y \u00e9stos tambi\u00e9n a metal, vidrio, porcelana, cer\u00e1mica, muchos pl\u00e1sticos y espumas [&hellip;]<\/p>\n","protected":false},"featured_media":26731,"template":"","meta":{"_acf_changed":false},"pwb-brand":[2163],"product_brand":[],"product_cat":[1868,1869],"product_tag":[],"class_list":{"0":"post-58956","1":"product","2":"type-product","3":"status-publish","4":"has-post-thumbnail","6":"pwb-brand-tesa-es","7":"product_cat-adhesivos-liquidos","8":"product_cat-adhesivos","10":"first","11":"instock","12":"taxable","13":"shipping-taxable","14":"purchasable","15":"product-type-variable"},"acf":[],"yoast_head":"<!-- This site is optimized with the Yoast SEO plugin v27.4 - https:\/\/yoast.com\/product\/yoast-seo-wordpress\/ -->\n<title>Tesa 57007 Adhesivo multiusos para infinidad de materiales | Cardinal TAPES<\/title>\n<meta name=\"description\" content=\"El adhesivo multiuso Tesa 57007 impresiona por su amplia gama de aplicaciones. Adem\u00e1s, el Tesa 57007 tiene una adherencia inicial media. M\u00e1s informaci\u00f3n.\" \/>\n<meta name=\"robots\" content=\"index, follow, max-snippet:-1, max-image-preview:large, max-video-preview:-1\" \/>\n<link rel=\"canonical\" href=\"https:\/\/cardinal-tapes.com\/es\/cintas-adhesivas\/adhesivos-liquidos\/adhesivos\/tesa-60151-promotor-de-adhesion\/\" \/>\n<meta property=\"og:locale\" content=\"es_ES\" \/>\n<meta property=\"og:type\" content=\"article\" \/>\n<meta property=\"og:title\" content=\"Tesa 57007 Adhesivo multiusos para infinidad de materiales | Cardinal TAPES\" \/>\n<meta property=\"og:description\" content=\"El adhesivo multiuso Tesa 57007 impresiona por su amplia gama de aplicaciones. Adem\u00e1s, el Tesa 57007 tiene una adherencia inicial media. M\u00e1s informaci\u00f3n.\" \/>\n<meta property=\"og:url\" content=\"https:\/\/cardinal-tapes.com\/es\/cintas-adhesivas\/adhesivos-liquidos\/adhesivos\/tesa-60151-promotor-de-adhesion\/\" \/>\n<meta property=\"og:site_name\" content=\"cardinal TAPES\" \/>\n<meta property=\"article:modified_time\" content=\"2025-07-03T13:24:52+00:00\" \/>\n<meta property=\"og:image\" content=\"https:\/\/cardinal-tapes.com\/wp-content\/uploads\/tesa-all-purpose-glue-nart.jpg\" \/>\n\t<meta property=\"og:image:width\" content=\"600\" \/>\n\t<meta property=\"og:image:height\" content=\"600\" \/>\n\t<meta property=\"og:image:type\" content=\"image\/jpeg\" \/>\n<meta name=\"twitter:card\" content=\"summary_large_image\" \/>\n<meta name=\"twitter:label1\" content=\"Tiempo de lectura\" \/>\n\t<meta name=\"twitter:data1\" content=\"1 minuto\" \/>\n<script type=\"application\/ld+json\" class=\"yoast-schema-graph\">{\"@context\":\"https:\\\/\\\/schema.org\",\"@graph\":[{\"@type\":\"WebPage\",\"@id\":\"https:\\\/\\\/cardinal-tapes.com\\\/es\\\/cintas-adhesivas\\\/adhesivos-liquidos\\\/adhesivos\\\/tesa-60151-promotor-de-adhesion\\\/\",\"url\":\"https:\\\/\\\/cardinal-tapes.com\\\/es\\\/cintas-adhesivas\\\/adhesivos-liquidos\\\/adhesivos\\\/tesa-60151-promotor-de-adhesion\\\/\",\"name\":\"Tesa 57007 Adhesivo multiusos para infinidad de materiales | Cardinal TAPES\",\"isPartOf\":{\"@id\":\"https:\\\/\\\/cardinal-tapes.com\\\/#website\"},\"primaryImageOfPage\":{\"@id\":\"https:\\\/\\\/cardinal-tapes.com\\\/es\\\/cintas-adhesivas\\\/adhesivos-liquidos\\\/adhesivos\\\/tesa-60151-promotor-de-adhesion\\\/#primaryimage\"},\"image\":{\"@id\":\"https:\\\/\\\/cardinal-tapes.com\\\/es\\\/cintas-adhesivas\\\/adhesivos-liquidos\\\/adhesivos\\\/tesa-60151-promotor-de-adhesion\\\/#primaryimage\"},\"thumbnailUrl\":\"https:\\\/\\\/cardinal-tapes.com\\\/wp-content\\\/uploads\\\/tesa-all-purpose-glue-nart.jpg\",\"datePublished\":\"2023-06-05T15:27:43+00:00\",\"dateModified\":\"2025-07-03T13:24:52+00:00\",\"description\":\"El adhesivo multiuso Tesa 57007 impresiona por su amplia gama de aplicaciones. Adem\u00e1s, el Tesa 57007 tiene una adherencia inicial media. M\u00e1s informaci\u00f3n.\",\"breadcrumb\":{\"@id\":\"https:\\\/\\\/cardinal-tapes.com\\\/es\\\/cintas-adhesivas\\\/adhesivos-liquidos\\\/adhesivos\\\/tesa-60151-promotor-de-adhesion\\\/#breadcrumb\"},\"inLanguage\":\"es\",\"potentialAction\":[{\"@type\":\"ReadAction\",\"target\":[\"https:\\\/\\\/cardinal-tapes.com\\\/es\\\/cintas-adhesivas\\\/adhesivos-liquidos\\\/adhesivos\\\/tesa-60151-promotor-de-adhesion\\\/\"]}]},{\"@type\":\"ImageObject\",\"inLanguage\":\"es\",\"@id\":\"https:\\\/\\\/cardinal-tapes.com\\\/es\\\/cintas-adhesivas\\\/adhesivos-liquidos\\\/adhesivos\\\/tesa-60151-promotor-de-adhesion\\\/#primaryimage\",\"url\":\"https:\\\/\\\/cardinal-tapes.com\\\/wp-content\\\/uploads\\\/tesa-all-purpose-glue-nart.jpg\",\"contentUrl\":\"https:\\\/\\\/cardinal-tapes.com\\\/wp-content\\\/uploads\\\/tesa-all-purpose-glue-nart.jpg\",\"width\":600,\"height\":600,\"caption\":\"Adhesivo multiusos tesa\"},{\"@type\":\"BreadcrumbList\",\"@id\":\"https:\\\/\\\/cardinal-tapes.com\\\/es\\\/cintas-adhesivas\\\/adhesivos-liquidos\\\/adhesivos\\\/tesa-60151-promotor-de-adhesion\\\/#breadcrumb\",\"itemListElement\":[{\"@type\":\"ListItem\",\"position\":1,\"name\":\"Startseite\",\"item\":\"https:\\\/\\\/cardinal-tapes.com\\\/es\\\/\"},{\"@type\":\"ListItem\",\"position\":2,\"name\":\"Cintas adhesivas\",\"item\":\"https:\\\/\\\/cardinal-tapes.com\\\/es\\\/cintas-adhesivas-es\\\/\"},{\"@type\":\"ListItem\",\"position\":3,\"name\":\"Fl\u00fcssigkleber\",\"item\":\"https:\\\/\\\/cardinal-tapes.com\\\/kategorie\\\/fluessigkleber\\\/\"},{\"@type\":\"ListItem\",\"position\":4,\"name\":\"Klebstoffe\",\"item\":\"https:\\\/\\\/cardinal-tapes.com\\\/kategorie\\\/fluessigkleber\\\/klebstoffe\\\/\"},{\"@type\":\"ListItem\",\"position\":5,\"name\":\"tesa\u00ae 57007 Adhesivo multiuso\"}]},{\"@type\":\"WebSite\",\"@id\":\"https:\\\/\\\/cardinal-tapes.com\\\/#website\",\"url\":\"https:\\\/\\\/cardinal-tapes.com\\\/\",\"name\":\"cardinal TAPES\",\"description\":\"Klebetechnik aus Wuppertal\",\"potentialAction\":[{\"@type\":\"SearchAction\",\"target\":{\"@type\":\"EntryPoint\",\"urlTemplate\":\"https:\\\/\\\/cardinal-tapes.com\\\/?s={search_term_string}\"},\"query-input\":{\"@type\":\"PropertyValueSpecification\",\"valueRequired\":true,\"valueName\":\"search_term_string\"}}],\"inLanguage\":\"es\"}]}<\/script>\n<!-- \/ Yoast SEO plugin. -->","yoast_head_json":{"title":"Tesa 57007 Adhesivo multiusos para infinidad de materiales | Cardinal TAPES","description":"El adhesivo multiuso Tesa 57007 impresiona por su amplia gama de aplicaciones. Adem\u00e1s, el Tesa 57007 tiene una adherencia inicial media. M\u00e1s informaci\u00f3n.","robots":{"index":"index","follow":"follow","max-snippet":"max-snippet:-1","max-image-preview":"max-image-preview:large","max-video-preview":"max-video-preview:-1"},"canonical":"https:\/\/cardinal-tapes.com\/es\/cintas-adhesivas\/adhesivos-liquidos\/adhesivos\/tesa-60151-promotor-de-adhesion\/","og_locale":"es_ES","og_type":"article","og_title":"Tesa 57007 Adhesivo multiusos para infinidad de materiales | Cardinal TAPES","og_description":"El adhesivo multiuso Tesa 57007 impresiona por su amplia gama de aplicaciones. Adem\u00e1s, el Tesa 57007 tiene una adherencia inicial media. M\u00e1s informaci\u00f3n.","og_url":"https:\/\/cardinal-tapes.com\/es\/cintas-adhesivas\/adhesivos-liquidos\/adhesivos\/tesa-60151-promotor-de-adhesion\/","og_site_name":"cardinal TAPES","article_modified_time":"2025-07-03T13:24:52+00:00","og_image":[{"width":600,"height":600,"url":"https:\/\/cardinal-tapes.com\/wp-content\/uploads\/tesa-all-purpose-glue-nart.jpg","type":"image\/jpeg"}],"twitter_card":"summary_large_image","twitter_misc":{"Tiempo de lectura":"1 minuto"},"schema":{"@context":"https:\/\/schema.org","@graph":[{"@type":"WebPage","@id":"https:\/\/cardinal-tapes.com\/es\/cintas-adhesivas\/adhesivos-liquidos\/adhesivos\/tesa-60151-promotor-de-adhesion\/","url":"https:\/\/cardinal-tapes.com\/es\/cintas-adhesivas\/adhesivos-liquidos\/adhesivos\/tesa-60151-promotor-de-adhesion\/","name":"Tesa 57007 Adhesivo multiusos para infinidad de materiales | Cardinal TAPES","isPartOf":{"@id":"https:\/\/cardinal-tapes.com\/#website"},"primaryImageOfPage":{"@id":"https:\/\/cardinal-tapes.com\/es\/cintas-adhesivas\/adhesivos-liquidos\/adhesivos\/tesa-60151-promotor-de-adhesion\/#primaryimage"},"image":{"@id":"https:\/\/cardinal-tapes.com\/es\/cintas-adhesivas\/adhesivos-liquidos\/adhesivos\/tesa-60151-promotor-de-adhesion\/#primaryimage"},"thumbnailUrl":"https:\/\/cardinal-tapes.com\/wp-content\/uploads\/tesa-all-purpose-glue-nart.jpg","datePublished":"2023-06-05T15:27:43+00:00","dateModified":"2025-07-03T13:24:52+00:00","description":"El adhesivo multiuso Tesa 57007 impresiona por su amplia gama de aplicaciones. Adem\u00e1s, el Tesa 57007 tiene una adherencia inicial media. M\u00e1s informaci\u00f3n.","breadcrumb":{"@id":"https:\/\/cardinal-tapes.com\/es\/cintas-adhesivas\/adhesivos-liquidos\/adhesivos\/tesa-60151-promotor-de-adhesion\/#breadcrumb"},"inLanguage":"es","potentialAction":[{"@type":"ReadAction","target":["https:\/\/cardinal-tapes.com\/es\/cintas-adhesivas\/adhesivos-liquidos\/adhesivos\/tesa-60151-promotor-de-adhesion\/"]}]},{"@type":"ImageObject","inLanguage":"es","@id":"https:\/\/cardinal-tapes.com\/es\/cintas-adhesivas\/adhesivos-liquidos\/adhesivos\/tesa-60151-promotor-de-adhesion\/#primaryimage","url":"https:\/\/cardinal-tapes.com\/wp-content\/uploads\/tesa-all-purpose-glue-nart.jpg","contentUrl":"https:\/\/cardinal-tapes.com\/wp-content\/uploads\/tesa-all-purpose-glue-nart.jpg","width":600,"height":600,"caption":"Adhesivo multiusos tesa"},{"@type":"BreadcrumbList","@id":"https:\/\/cardinal-tapes.com\/es\/cintas-adhesivas\/adhesivos-liquidos\/adhesivos\/tesa-60151-promotor-de-adhesion\/#breadcrumb","itemListElement":[{"@type":"ListItem","position":1,"name":"Startseite","item":"https:\/\/cardinal-tapes.com\/es\/"},{"@type":"ListItem","position":2,"name":"Cintas adhesivas","item":"https:\/\/cardinal-tapes.com\/es\/cintas-adhesivas-es\/"},{"@type":"ListItem","position":3,"name":"Fl\u00fcssigkleber","item":"https:\/\/cardinal-tapes.com\/kategorie\/fluessigkleber\/"},{"@type":"ListItem","position":4,"name":"Klebstoffe","item":"https:\/\/cardinal-tapes.com\/kategorie\/fluessigkleber\/klebstoffe\/"},{"@type":"ListItem","position":5,"name":"tesa\u00ae 57007 Adhesivo multiuso"}]},{"@type":"WebSite","@id":"https:\/\/cardinal-tapes.com\/#website","url":"https:\/\/cardinal-tapes.com\/","name":"cardinal TAPES","description":"Klebetechnik aus Wuppertal","potentialAction":[{"@type":"SearchAction","target":{"@type":"EntryPoint","urlTemplate":"https:\/\/cardinal-tapes.com\/?s={search_term_string}"},"query-input":{"@type":"PropertyValueSpecification","valueRequired":true,"valueName":"search_term_string"}}],"inLanguage":"es"}]}},"brands":[{"id":2163,"name":"tesa","slug":"tesa-es"}],"_links":{"self":[{"href":"https:\/\/cardinal-tapes.com\/es\/wp-json\/wp\/v2\/product\/58956","targetHints":{"allow":["GET"]}}],"collection":[{"href":"https:\/\/cardinal-tapes.com\/es\/wp-json\/wp\/v2\/product"}],"about":[{"href":"https:\/\/cardinal-tapes.com\/es\/wp-json\/wp\/v2\/types\/product"}],"wp:featuredmedia":[{"embeddable":true,"href":"https:\/\/cardinal-tapes.com\/es\/wp-json\/wp\/v2\/media\/26731"}],"wp:attachment":[{"href":"https:\/\/cardinal-tapes.com\/es\/wp-json\/wp\/v2\/media?parent=58956"}],"wp:term":[{"taxonomy":"pwb-brand","embeddable":true,"href":"https:\/\/cardinal-tapes.com\/es\/wp-json\/wp\/v2\/pwb-brand?post=58956"},{"taxonomy":"product_brand","embeddable":true,"href":"https:\/\/cardinal-tapes.com\/es\/wp-json\/wp\/v2\/product_brand?post=58956"},{"taxonomy":"product_cat","embeddable":true,"href":"https:\/\/cardinal-tapes.com\/es\/wp-json\/wp\/v2\/product_cat?post=58956"},{"taxonomy":"product_tag","embeddable":true,"href":"https:\/\/cardinal-tapes.com\/es\/wp-json\/wp\/v2\/product_tag?post=58956"}],"curies":[{"name":"wp","href":"https:\/\/api.w.org\/{rel}","templated":true}]}}