{"id":58954,"date":"2018-02-09T12:01:53","date_gmt":"2023-06-05T15:27:43","guid":{"rendered":"https:\/\/cardinal.pixel-tal.de\/klebebaender\/sin categor\u00eda\/tesa-60021-adhesivo-en-spray\/"},"modified":"2023-06-05T17:27:43","modified_gmt":"2023-06-05T15:27:43","slug":"tesa-60021-spruehkleber-300ml","status":"publish","type":"product","link":"https:\/\/cardinal-tapes.com\/es\/cintas-adhesivas\/adhesivos-liquidos\/adhesivos\/tesa-60021-spruehkleber-300ml\/","title":{"rendered":"tesa\u00ae 60021 Adhesivo en spray"},"content":{"rendered":"<p><sup>tesa\u00ae<\/sup> Spray Adhesivo PERMANENTE 60020 es un adhesivo muy vers\u00e1til para uniones permanentes de materiales como papel, cart\u00f3n, fieltro, tela, papel de aluminio, madera, cuero, <sup>Styrofoam\u00ae<\/sup> y muchos otros pl\u00e1sticos.<\/p>\n<ul>\n<li>Pegado limpio, econ\u00f3mico, seguro y r\u00e1pido de grandes superficies<\/li>\n<li>Secado r\u00e1pido y resistente a las tensiones mec\u00e1nicas y t\u00e9rmicas<\/li>\n<li>Especialmente adecuado para materiales de peso ligero a medio con superficies lisas a rugosas<\/li>\n<li>Pulverizaci\u00f3n fina y uniforme<\/li>\n<li>Adecuado para el encolado de <sup>Styropor<\/sup><\/li>\n<\/ul>\n","protected":false},"excerpt":{"rendered":"<p>tesa\u00ae Spray Adhesivo PERMANENTE 60020 es un adhesivo muy vers\u00e1til para uniones permanentes de materiales como papel, cart\u00f3n, fieltro, tela, papel de aluminio, madera, cuero, Styrofoam\u00ae y muchos otros pl\u00e1sticos. Pegado limpio, econ\u00f3mico, seguro y r\u00e1pido de grandes superficies Secado r\u00e1pido y resistente a las tensiones mec\u00e1nicas y t\u00e9rmicas Especialmente adecuado para materiales de peso [&hellip;]<\/p>\n","protected":false},"featured_media":26147,"template":"","meta":{"_acf_changed":false},"pwb-brand":[2163],"product_brand":[],"product_cat":[1869],"product_tag":[],"class_list":{"0":"post-58954","1":"product","2":"type-product","3":"status-publish","4":"has-post-thumbnail","6":"pwb-brand-tesa-es","7":"product_cat-adhesivos","9":"first","10":"instock","11":"taxable","12":"shipping-taxable","13":"purchasable","14":"product-type-variable"},"acf":[],"yoast_head":"<!-- This site is optimized with the Yoast SEO plugin v27.3 - https:\/\/yoast.com\/product\/yoast-seo-wordpress\/ -->\n<title>Tesa 60021 Spray Adhesivo 300ml | Cardinal TAPES<\/title>\n<meta name=\"description\" content=\"Tesa 60021 Spray Adhesivo PERMANENTE es un adhesivo muy para la uni\u00f3n permanente de materiales como papel, cart\u00f3n, fieltro, tela y muchos otros pl\u00e1sticos.\" \/>\n<meta name=\"robots\" content=\"index, follow, max-snippet:-1, max-image-preview:large, max-video-preview:-1\" \/>\n<link rel=\"canonical\" href=\"https:\/\/cardinal-tapes.com\/es\/cintas-adhesivas\/adhesivos\/tesa-60021-spruehkleber-300ml\/\" \/>\n<meta property=\"og:locale\" content=\"es_ES\" \/>\n<meta property=\"og:type\" content=\"article\" \/>\n<meta property=\"og:title\" content=\"Tesa 60021 Spray Adhesivo 300ml | Cardinal TAPES\" \/>\n<meta property=\"og:description\" content=\"Tesa 60021 Spray Adhesivo PERMANENTE es un adhesivo muy para la uni\u00f3n permanente de materiales como papel, cart\u00f3n, fieltro, tela y muchos otros pl\u00e1sticos.\" \/>\n<meta property=\"og:url\" content=\"https:\/\/cardinal-tapes.com\/es\/cintas-adhesivas\/adhesivos\/tesa-60021-spruehkleber-300ml\/\" \/>\n<meta property=\"og:site_name\" content=\"cardinal TAPES\" \/>\n<meta property=\"og:image\" content=\"https:\/\/cardinal-tapes.com\/wp-content\/uploads\/tesa-60021-1.jpg\" \/>\n\t<meta property=\"og:image:width\" content=\"600\" \/>\n\t<meta property=\"og:image:height\" content=\"600\" \/>\n\t<meta property=\"og:image:type\" content=\"image\/jpeg\" \/>\n<meta name=\"twitter:card\" content=\"summary_large_image\" \/>\n<script type=\"application\/ld+json\" class=\"yoast-schema-graph\">{\"@context\":\"https:\\\/\\\/schema.org\",\"@graph\":[{\"@type\":\"WebPage\",\"@id\":\"https:\\\/\\\/cardinal-tapes.com\\\/es\\\/cintas-adhesivas\\\/adhesivos\\\/tesa-60021-spruehkleber-300ml\\\/\",\"url\":\"https:\\\/\\\/cardinal-tapes.com\\\/es\\\/cintas-adhesivas\\\/adhesivos\\\/tesa-60021-spruehkleber-300ml\\\/\",\"name\":\"Tesa 60021 Spray Adhesivo 300ml | Cardinal TAPES\",\"isPartOf\":{\"@id\":\"https:\\\/\\\/cardinal-tapes.com\\\/#website\"},\"primaryImageOfPage\":{\"@id\":\"https:\\\/\\\/cardinal-tapes.com\\\/es\\\/cintas-adhesivas\\\/adhesivos\\\/tesa-60021-spruehkleber-300ml\\\/#primaryimage\"},\"image\":{\"@id\":\"https:\\\/\\\/cardinal-tapes.com\\\/es\\\/cintas-adhesivas\\\/adhesivos\\\/tesa-60021-spruehkleber-300ml\\\/#primaryimage\"},\"thumbnailUrl\":\"https:\\\/\\\/cardinal-tapes.com\\\/wp-content\\\/uploads\\\/tesa-60021-1.jpg\",\"datePublished\":\"2023-06-05T15:27:43+00:00\",\"description\":\"Tesa 60021 Spray Adhesivo PERMANENTE es un adhesivo muy para la uni\u00f3n permanente de materiales como papel, cart\u00f3n, fieltro, tela y muchos otros pl\u00e1sticos.\",\"breadcrumb\":{\"@id\":\"https:\\\/\\\/cardinal-tapes.com\\\/es\\\/cintas-adhesivas\\\/adhesivos\\\/tesa-60021-spruehkleber-300ml\\\/#breadcrumb\"},\"inLanguage\":\"es\",\"potentialAction\":[{\"@type\":\"ReadAction\",\"target\":[\"https:\\\/\\\/cardinal-tapes.com\\\/es\\\/cintas-adhesivas\\\/adhesivos\\\/tesa-60021-spruehkleber-300ml\\\/\"]}]},{\"@type\":\"ImageObject\",\"inLanguage\":\"es\",\"@id\":\"https:\\\/\\\/cardinal-tapes.com\\\/es\\\/cintas-adhesivas\\\/adhesivos\\\/tesa-60021-spruehkleber-300ml\\\/#primaryimage\",\"url\":\"https:\\\/\\\/cardinal-tapes.com\\\/wp-content\\\/uploads\\\/tesa-60021-1.jpg\",\"contentUrl\":\"https:\\\/\\\/cardinal-tapes.com\\\/wp-content\\\/uploads\\\/tesa-60021-1.jpg\",\"width\":600,\"height\":600,\"caption\":\"tesa 60021\"},{\"@type\":\"BreadcrumbList\",\"@id\":\"https:\\\/\\\/cardinal-tapes.com\\\/es\\\/cintas-adhesivas\\\/adhesivos\\\/tesa-60021-spruehkleber-300ml\\\/#breadcrumb\",\"itemListElement\":[{\"@type\":\"ListItem\",\"position\":1,\"name\":\"Startseite\",\"item\":\"https:\\\/\\\/cardinal-tapes.com\\\/es\\\/\"},{\"@type\":\"ListItem\",\"position\":2,\"name\":\"Cintas adhesivas\",\"item\":\"https:\\\/\\\/cardinal-tapes.com\\\/es\\\/cintas-adhesivas-es\\\/\"},{\"@type\":\"ListItem\",\"position\":3,\"name\":\"Adhesivos\",\"item\":\"https:\\\/\\\/cardinal-tapes.com\\\/es\\\/categora\\\/adhesivos\\\/\"},{\"@type\":\"ListItem\",\"position\":4,\"name\":\"tesa\u00ae 60021 Adhesivo en spray\"}]},{\"@type\":\"WebSite\",\"@id\":\"https:\\\/\\\/cardinal-tapes.com\\\/#website\",\"url\":\"https:\\\/\\\/cardinal-tapes.com\\\/\",\"name\":\"cardinal TAPES\",\"description\":\"Klebetechnik aus Wuppertal\",\"potentialAction\":[{\"@type\":\"SearchAction\",\"target\":{\"@type\":\"EntryPoint\",\"urlTemplate\":\"https:\\\/\\\/cardinal-tapes.com\\\/?s={search_term_string}\"},\"query-input\":{\"@type\":\"PropertyValueSpecification\",\"valueRequired\":true,\"valueName\":\"search_term_string\"}}],\"inLanguage\":\"es\"}]}<\/script>\n<!-- \/ Yoast SEO plugin. -->","yoast_head_json":{"title":"Tesa 60021 Spray Adhesivo 300ml | Cardinal TAPES","description":"Tesa 60021 Spray Adhesivo PERMANENTE es un adhesivo muy para la uni\u00f3n permanente de materiales como papel, cart\u00f3n, fieltro, tela y muchos otros pl\u00e1sticos.","robots":{"index":"index","follow":"follow","max-snippet":"max-snippet:-1","max-image-preview":"max-image-preview:large","max-video-preview":"max-video-preview:-1"},"canonical":"https:\/\/cardinal-tapes.com\/es\/cintas-adhesivas\/adhesivos\/tesa-60021-spruehkleber-300ml\/","og_locale":"es_ES","og_type":"article","og_title":"Tesa 60021 Spray Adhesivo 300ml | Cardinal TAPES","og_description":"Tesa 60021 Spray Adhesivo PERMANENTE es un adhesivo muy para la uni\u00f3n permanente de materiales como papel, cart\u00f3n, fieltro, tela y muchos otros pl\u00e1sticos.","og_url":"https:\/\/cardinal-tapes.com\/es\/cintas-adhesivas\/adhesivos\/tesa-60021-spruehkleber-300ml\/","og_site_name":"cardinal TAPES","og_image":[{"width":600,"height":600,"url":"https:\/\/cardinal-tapes.com\/wp-content\/uploads\/tesa-60021-1.jpg","type":"image\/jpeg"}],"twitter_card":"summary_large_image","schema":{"@context":"https:\/\/schema.org","@graph":[{"@type":"WebPage","@id":"https:\/\/cardinal-tapes.com\/es\/cintas-adhesivas\/adhesivos\/tesa-60021-spruehkleber-300ml\/","url":"https:\/\/cardinal-tapes.com\/es\/cintas-adhesivas\/adhesivos\/tesa-60021-spruehkleber-300ml\/","name":"Tesa 60021 Spray Adhesivo 300ml | Cardinal TAPES","isPartOf":{"@id":"https:\/\/cardinal-tapes.com\/#website"},"primaryImageOfPage":{"@id":"https:\/\/cardinal-tapes.com\/es\/cintas-adhesivas\/adhesivos\/tesa-60021-spruehkleber-300ml\/#primaryimage"},"image":{"@id":"https:\/\/cardinal-tapes.com\/es\/cintas-adhesivas\/adhesivos\/tesa-60021-spruehkleber-300ml\/#primaryimage"},"thumbnailUrl":"https:\/\/cardinal-tapes.com\/wp-content\/uploads\/tesa-60021-1.jpg","datePublished":"2023-06-05T15:27:43+00:00","description":"Tesa 60021 Spray Adhesivo PERMANENTE es un adhesivo muy para la uni\u00f3n permanente de materiales como papel, cart\u00f3n, fieltro, tela y muchos otros pl\u00e1sticos.","breadcrumb":{"@id":"https:\/\/cardinal-tapes.com\/es\/cintas-adhesivas\/adhesivos\/tesa-60021-spruehkleber-300ml\/#breadcrumb"},"inLanguage":"es","potentialAction":[{"@type":"ReadAction","target":["https:\/\/cardinal-tapes.com\/es\/cintas-adhesivas\/adhesivos\/tesa-60021-spruehkleber-300ml\/"]}]},{"@type":"ImageObject","inLanguage":"es","@id":"https:\/\/cardinal-tapes.com\/es\/cintas-adhesivas\/adhesivos\/tesa-60021-spruehkleber-300ml\/#primaryimage","url":"https:\/\/cardinal-tapes.com\/wp-content\/uploads\/tesa-60021-1.jpg","contentUrl":"https:\/\/cardinal-tapes.com\/wp-content\/uploads\/tesa-60021-1.jpg","width":600,"height":600,"caption":"tesa 60021"},{"@type":"BreadcrumbList","@id":"https:\/\/cardinal-tapes.com\/es\/cintas-adhesivas\/adhesivos\/tesa-60021-spruehkleber-300ml\/#breadcrumb","itemListElement":[{"@type":"ListItem","position":1,"name":"Startseite","item":"https:\/\/cardinal-tapes.com\/es\/"},{"@type":"ListItem","position":2,"name":"Cintas adhesivas","item":"https:\/\/cardinal-tapes.com\/es\/cintas-adhesivas-es\/"},{"@type":"ListItem","position":3,"name":"Adhesivos","item":"https:\/\/cardinal-tapes.com\/es\/categora\/adhesivos\/"},{"@type":"ListItem","position":4,"name":"tesa\u00ae 60021 Adhesivo en spray"}]},{"@type":"WebSite","@id":"https:\/\/cardinal-tapes.com\/#website","url":"https:\/\/cardinal-tapes.com\/","name":"cardinal TAPES","description":"Klebetechnik aus Wuppertal","potentialAction":[{"@type":"SearchAction","target":{"@type":"EntryPoint","urlTemplate":"https:\/\/cardinal-tapes.com\/?s={search_term_string}"},"query-input":{"@type":"PropertyValueSpecification","valueRequired":true,"valueName":"search_term_string"}}],"inLanguage":"es"}]}},"brands":[{"id":2163,"name":"tesa","slug":"tesa-es"}],"_links":{"self":[{"href":"https:\/\/cardinal-tapes.com\/es\/wp-json\/wp\/v2\/product\/58954","targetHints":{"allow":["GET"]}}],"collection":[{"href":"https:\/\/cardinal-tapes.com\/es\/wp-json\/wp\/v2\/product"}],"about":[{"href":"https:\/\/cardinal-tapes.com\/es\/wp-json\/wp\/v2\/types\/product"}],"wp:featuredmedia":[{"embeddable":true,"href":"https:\/\/cardinal-tapes.com\/es\/wp-json\/wp\/v2\/media\/26147"}],"wp:attachment":[{"href":"https:\/\/cardinal-tapes.com\/es\/wp-json\/wp\/v2\/media?parent=58954"}],"wp:term":[{"taxonomy":"pwb-brand","embeddable":true,"href":"https:\/\/cardinal-tapes.com\/es\/wp-json\/wp\/v2\/pwb-brand?post=58954"},{"taxonomy":"product_brand","embeddable":true,"href":"https:\/\/cardinal-tapes.com\/es\/wp-json\/wp\/v2\/product_brand?post=58954"},{"taxonomy":"product_cat","embeddable":true,"href":"https:\/\/cardinal-tapes.com\/es\/wp-json\/wp\/v2\/product_cat?post=58954"},{"taxonomy":"product_tag","embeddable":true,"href":"https:\/\/cardinal-tapes.com\/es\/wp-json\/wp\/v2\/product_tag?post=58954"}],"curies":[{"name":"wp","href":"https:\/\/api.w.org\/{rel}","templated":true}]}}