{"id":58566,"date":"2018-02-20T09:49:18","date_gmt":"2023-06-05T15:27:34","guid":{"rendered":"https:\/\/cardinal.pixel-tal.de\/klebebaender\/sin categor\u00eda\/tesa-60760-cinta-de-senalizacion-y-advertencia-para-suelos\/"},"modified":"2023-06-05T17:27:34","modified_gmt":"2023-06-05T15:27:34","slug":"tesa-60760-cinta-de-advertencia-para-senalizacion-de-suelos","status":"publish","type":"product","link":"https:\/\/cardinal-tapes.com\/es\/cintas-adhesivas\/ambitos-de-aplicacion\/cinta-de-marcaje-de-suelos\/tesa-60760-cinta-de-advertencia-para-senalizacion-de-suelos\/","title":{"rendered":"tesa\u00ae 60760 Cinta de se\u00f1alizaci\u00f3n y advertencia para suelos"},"content":{"rendered":"<section class=\"component js-toc-target\" data-style=\"components\/article-text\" data-toc-name=\"pages-product-product-description\">\n<div class=\"row\">\n<div class=\"col-default-12 col-sm-9\">\n<p><sup>tesa\u00ae<\/sup> 60760 es una robusta cinta adhesiva de PVC blando equipada con un compuesto adhesivo de caucho natural modificado que garantiza una buena adherencia a la mayor\u00eda de los sustratos. La cinta adhesiva es id\u00f3nea para la se\u00f1alizaci\u00f3n temporal de peligros, as\u00ed como para marcar cualquier tipo de objeto m\u00f3vil o fijo. Disponible en 7 colores: adecuada como cinta de se\u00f1alizaci\u00f3n o advertencia en funci\u00f3n del color elegido y de la aplicaci\u00f3n.<\/p>\n<p><strong>Propiedades<\/strong><br \/>\n&#8211; Buena resistencia al cizallamiento<br \/>\n&#8211; Adecuado para superficies rugosas<\/p>\n<p><strong>Aplicaciones<\/strong><br \/>\n&#8211; Etiquetas de peligro temporal y general<br \/>\n&#8211; Marcas en objetos m\u00f3viles y fijos<br \/>\n&#8211; Especialmente adecuado para uso en interiores<\/p>\n<\/div>\n<\/div>\n<\/section>\n","protected":false},"excerpt":{"rendered":"<p>tesa\u00ae 60760 es una robusta cinta adhesiva de PVC blando equipada con un compuesto adhesivo de caucho natural modificado que garantiza una buena adherencia a la mayor\u00eda de los sustratos. La cinta adhesiva es id\u00f3nea para la se\u00f1alizaci\u00f3n temporal de peligros, as\u00ed como para marcar cualquier tipo de objeto m\u00f3vil o fijo. Disponible en 7 [&hellip;]<\/p>\n","protected":false},"featured_media":26067,"template":"","meta":{"_acf_changed":false},"pwb-brand":[2163],"product_brand":[],"product_cat":[1806,1701],"product_tag":[],"class_list":{"0":"post-58566","1":"product","2":"type-product","3":"status-publish","4":"has-post-thumbnail","6":"pwb-brand-tesa-es","7":"product_cat-cintas-adhesivas-de-una-cara","8":"product_cat-cinta-de-marcaje-de-suelos","10":"first","11":"instock","12":"taxable","13":"shipping-taxable","14":"purchasable","15":"product-type-variable"},"acf":[],"yoast_head":"<!-- This site is optimized with the Yoast SEO plugin v27.3 - https:\/\/yoast.com\/product\/yoast-seo-wordpress\/ -->\n<title>Tesa 60760 Cinta de se\u00f1alizaci\u00f3n y advertencia para suelos | Cardinal TAPES<\/title>\n<meta name=\"description\" content=\"Tesa 60760 es una robusta cinta adhesiva blanda de PVC. Tiene buena adherencia a la mayor\u00eda de los sustratos. M\u00e1s informaci\u00f3n.\" \/>\n<meta name=\"robots\" content=\"index, follow, max-snippet:-1, max-image-preview:large, max-video-preview:-1\" \/>\n<link rel=\"canonical\" href=\"https:\/\/cardinal-tapes.com\/es\/cintas-adhesivas\/cinta-de-marcaje-de-suelos\/tesa-60760-cinta-de-advertencia-para-senalizacion-de-suelos\/\" \/>\n<meta property=\"og:locale\" content=\"es_ES\" \/>\n<meta property=\"og:type\" content=\"article\" \/>\n<meta property=\"og:title\" content=\"Tesa 60760 Cinta de se\u00f1alizaci\u00f3n y advertencia para suelos | Cardinal TAPES\" \/>\n<meta property=\"og:description\" content=\"Tesa 60760 es una robusta cinta adhesiva blanda de PVC. Tiene buena adherencia a la mayor\u00eda de los sustratos. M\u00e1s informaci\u00f3n.\" \/>\n<meta property=\"og:url\" content=\"https:\/\/cardinal-tapes.com\/es\/cintas-adhesivas\/cinta-de-marcaje-de-suelos\/tesa-60760-cinta-de-advertencia-para-senalizacion-de-suelos\/\" \/>\n<meta property=\"og:site_name\" content=\"cardinal TAPES\" \/>\n<meta property=\"og:image\" content=\"https:\/\/cardinal-tapes.com\/wp-content\/uploads\/tesa-60760-as-001-fullsize171958_canvas1x1_6.jpg\" \/>\n\t<meta property=\"og:image:width\" content=\"640\" \/>\n\t<meta property=\"og:image:height\" content=\"453\" \/>\n\t<meta property=\"og:image:type\" content=\"image\/jpeg\" \/>\n<meta name=\"twitter:card\" content=\"summary_large_image\" \/>\n<meta name=\"twitter:label1\" content=\"Tiempo de lectura\" \/>\n\t<meta name=\"twitter:data1\" content=\"1 minuto\" \/>\n<script type=\"application\/ld+json\" class=\"yoast-schema-graph\">{\"@context\":\"https:\\\/\\\/schema.org\",\"@graph\":[{\"@type\":\"WebPage\",\"@id\":\"https:\\\/\\\/cardinal-tapes.com\\\/es\\\/cintas-adhesivas\\\/cinta-de-marcaje-de-suelos\\\/tesa-60760-cinta-de-advertencia-para-senalizacion-de-suelos\\\/\",\"url\":\"https:\\\/\\\/cardinal-tapes.com\\\/es\\\/cintas-adhesivas\\\/cinta-de-marcaje-de-suelos\\\/tesa-60760-cinta-de-advertencia-para-senalizacion-de-suelos\\\/\",\"name\":\"Tesa 60760 Cinta de se\u00f1alizaci\u00f3n y advertencia para suelos | Cardinal TAPES\",\"isPartOf\":{\"@id\":\"https:\\\/\\\/cardinal-tapes.com\\\/#website\"},\"primaryImageOfPage\":{\"@id\":\"https:\\\/\\\/cardinal-tapes.com\\\/es\\\/cintas-adhesivas\\\/cinta-de-marcaje-de-suelos\\\/tesa-60760-cinta-de-advertencia-para-senalizacion-de-suelos\\\/#primaryimage\"},\"image\":{\"@id\":\"https:\\\/\\\/cardinal-tapes.com\\\/es\\\/cintas-adhesivas\\\/cinta-de-marcaje-de-suelos\\\/tesa-60760-cinta-de-advertencia-para-senalizacion-de-suelos\\\/#primaryimage\"},\"thumbnailUrl\":\"https:\\\/\\\/cardinal-tapes.com\\\/wp-content\\\/uploads\\\/tesa-60760-as-001-fullsize171958_canvas1x1_6.jpg\",\"datePublished\":\"2023-06-05T15:27:34+00:00\",\"description\":\"Tesa 60760 es una robusta cinta adhesiva blanda de PVC. Tiene buena adherencia a la mayor\u00eda de los sustratos. M\u00e1s informaci\u00f3n.\",\"breadcrumb\":{\"@id\":\"https:\\\/\\\/cardinal-tapes.com\\\/es\\\/cintas-adhesivas\\\/cinta-de-marcaje-de-suelos\\\/tesa-60760-cinta-de-advertencia-para-senalizacion-de-suelos\\\/#breadcrumb\"},\"inLanguage\":\"es\",\"potentialAction\":[{\"@type\":\"ReadAction\",\"target\":[\"https:\\\/\\\/cardinal-tapes.com\\\/es\\\/cintas-adhesivas\\\/cinta-de-marcaje-de-suelos\\\/tesa-60760-cinta-de-advertencia-para-senalizacion-de-suelos\\\/\"]}]},{\"@type\":\"ImageObject\",\"inLanguage\":\"es\",\"@id\":\"https:\\\/\\\/cardinal-tapes.com\\\/es\\\/cintas-adhesivas\\\/cinta-de-marcaje-de-suelos\\\/tesa-60760-cinta-de-advertencia-para-senalizacion-de-suelos\\\/#primaryimage\",\"url\":\"https:\\\/\\\/cardinal-tapes.com\\\/wp-content\\\/uploads\\\/tesa-60760-as-001-fullsize171958_canvas1x1_6.jpg\",\"contentUrl\":\"https:\\\/\\\/cardinal-tapes.com\\\/wp-content\\\/uploads\\\/tesa-60760-as-001-fullsize171958_canvas1x1_6.jpg\",\"width\":640,\"height\":453,\"caption\":\"tesa 60760\"},{\"@type\":\"BreadcrumbList\",\"@id\":\"https:\\\/\\\/cardinal-tapes.com\\\/es\\\/cintas-adhesivas\\\/cinta-de-marcaje-de-suelos\\\/tesa-60760-cinta-de-advertencia-para-senalizacion-de-suelos\\\/#breadcrumb\",\"itemListElement\":[{\"@type\":\"ListItem\",\"position\":1,\"name\":\"Startseite\",\"item\":\"https:\\\/\\\/cardinal-tapes.com\\\/es\\\/\"},{\"@type\":\"ListItem\",\"position\":2,\"name\":\"Cintas adhesivas\",\"item\":\"https:\\\/\\\/cardinal-tapes.com\\\/es\\\/cintas-adhesivas-es\\\/\"},{\"@type\":\"ListItem\",\"position\":3,\"name\":\"Cinta de marcaje de suelos\",\"item\":\"https:\\\/\\\/cardinal-tapes.com\\\/es\\\/categora\\\/cinta-de-marcaje-de-suelos\\\/\"},{\"@type\":\"ListItem\",\"position\":4,\"name\":\"tesa\u00ae 60760 Cinta de se\u00f1alizaci\u00f3n y advertencia para suelos\"}]},{\"@type\":\"WebSite\",\"@id\":\"https:\\\/\\\/cardinal-tapes.com\\\/#website\",\"url\":\"https:\\\/\\\/cardinal-tapes.com\\\/\",\"name\":\"cardinal TAPES\",\"description\":\"Klebetechnik aus Wuppertal\",\"potentialAction\":[{\"@type\":\"SearchAction\",\"target\":{\"@type\":\"EntryPoint\",\"urlTemplate\":\"https:\\\/\\\/cardinal-tapes.com\\\/?s={search_term_string}\"},\"query-input\":{\"@type\":\"PropertyValueSpecification\",\"valueRequired\":true,\"valueName\":\"search_term_string\"}}],\"inLanguage\":\"es\"}]}<\/script>\n<!-- \/ Yoast SEO plugin. -->","yoast_head_json":{"title":"Tesa 60760 Cinta de se\u00f1alizaci\u00f3n y advertencia para suelos | Cardinal TAPES","description":"Tesa 60760 es una robusta cinta adhesiva blanda de PVC. Tiene buena adherencia a la mayor\u00eda de los sustratos. M\u00e1s informaci\u00f3n.","robots":{"index":"index","follow":"follow","max-snippet":"max-snippet:-1","max-image-preview":"max-image-preview:large","max-video-preview":"max-video-preview:-1"},"canonical":"https:\/\/cardinal-tapes.com\/es\/cintas-adhesivas\/cinta-de-marcaje-de-suelos\/tesa-60760-cinta-de-advertencia-para-senalizacion-de-suelos\/","og_locale":"es_ES","og_type":"article","og_title":"Tesa 60760 Cinta de se\u00f1alizaci\u00f3n y advertencia para suelos | Cardinal TAPES","og_description":"Tesa 60760 es una robusta cinta adhesiva blanda de PVC. Tiene buena adherencia a la mayor\u00eda de los sustratos. M\u00e1s informaci\u00f3n.","og_url":"https:\/\/cardinal-tapes.com\/es\/cintas-adhesivas\/cinta-de-marcaje-de-suelos\/tesa-60760-cinta-de-advertencia-para-senalizacion-de-suelos\/","og_site_name":"cardinal TAPES","og_image":[{"width":640,"height":453,"url":"https:\/\/cardinal-tapes.com\/wp-content\/uploads\/tesa-60760-as-001-fullsize171958_canvas1x1_6.jpg","type":"image\/jpeg"}],"twitter_card":"summary_large_image","twitter_misc":{"Tiempo de lectura":"1 minuto"},"schema":{"@context":"https:\/\/schema.org","@graph":[{"@type":"WebPage","@id":"https:\/\/cardinal-tapes.com\/es\/cintas-adhesivas\/cinta-de-marcaje-de-suelos\/tesa-60760-cinta-de-advertencia-para-senalizacion-de-suelos\/","url":"https:\/\/cardinal-tapes.com\/es\/cintas-adhesivas\/cinta-de-marcaje-de-suelos\/tesa-60760-cinta-de-advertencia-para-senalizacion-de-suelos\/","name":"Tesa 60760 Cinta de se\u00f1alizaci\u00f3n y advertencia para suelos | Cardinal TAPES","isPartOf":{"@id":"https:\/\/cardinal-tapes.com\/#website"},"primaryImageOfPage":{"@id":"https:\/\/cardinal-tapes.com\/es\/cintas-adhesivas\/cinta-de-marcaje-de-suelos\/tesa-60760-cinta-de-advertencia-para-senalizacion-de-suelos\/#primaryimage"},"image":{"@id":"https:\/\/cardinal-tapes.com\/es\/cintas-adhesivas\/cinta-de-marcaje-de-suelos\/tesa-60760-cinta-de-advertencia-para-senalizacion-de-suelos\/#primaryimage"},"thumbnailUrl":"https:\/\/cardinal-tapes.com\/wp-content\/uploads\/tesa-60760-as-001-fullsize171958_canvas1x1_6.jpg","datePublished":"2023-06-05T15:27:34+00:00","description":"Tesa 60760 es una robusta cinta adhesiva blanda de PVC. Tiene buena adherencia a la mayor\u00eda de los sustratos. M\u00e1s informaci\u00f3n.","breadcrumb":{"@id":"https:\/\/cardinal-tapes.com\/es\/cintas-adhesivas\/cinta-de-marcaje-de-suelos\/tesa-60760-cinta-de-advertencia-para-senalizacion-de-suelos\/#breadcrumb"},"inLanguage":"es","potentialAction":[{"@type":"ReadAction","target":["https:\/\/cardinal-tapes.com\/es\/cintas-adhesivas\/cinta-de-marcaje-de-suelos\/tesa-60760-cinta-de-advertencia-para-senalizacion-de-suelos\/"]}]},{"@type":"ImageObject","inLanguage":"es","@id":"https:\/\/cardinal-tapes.com\/es\/cintas-adhesivas\/cinta-de-marcaje-de-suelos\/tesa-60760-cinta-de-advertencia-para-senalizacion-de-suelos\/#primaryimage","url":"https:\/\/cardinal-tapes.com\/wp-content\/uploads\/tesa-60760-as-001-fullsize171958_canvas1x1_6.jpg","contentUrl":"https:\/\/cardinal-tapes.com\/wp-content\/uploads\/tesa-60760-as-001-fullsize171958_canvas1x1_6.jpg","width":640,"height":453,"caption":"tesa 60760"},{"@type":"BreadcrumbList","@id":"https:\/\/cardinal-tapes.com\/es\/cintas-adhesivas\/cinta-de-marcaje-de-suelos\/tesa-60760-cinta-de-advertencia-para-senalizacion-de-suelos\/#breadcrumb","itemListElement":[{"@type":"ListItem","position":1,"name":"Startseite","item":"https:\/\/cardinal-tapes.com\/es\/"},{"@type":"ListItem","position":2,"name":"Cintas adhesivas","item":"https:\/\/cardinal-tapes.com\/es\/cintas-adhesivas-es\/"},{"@type":"ListItem","position":3,"name":"Cinta de marcaje de suelos","item":"https:\/\/cardinal-tapes.com\/es\/categora\/cinta-de-marcaje-de-suelos\/"},{"@type":"ListItem","position":4,"name":"tesa\u00ae 60760 Cinta de se\u00f1alizaci\u00f3n y advertencia para suelos"}]},{"@type":"WebSite","@id":"https:\/\/cardinal-tapes.com\/#website","url":"https:\/\/cardinal-tapes.com\/","name":"cardinal TAPES","description":"Klebetechnik aus Wuppertal","potentialAction":[{"@type":"SearchAction","target":{"@type":"EntryPoint","urlTemplate":"https:\/\/cardinal-tapes.com\/?s={search_term_string}"},"query-input":{"@type":"PropertyValueSpecification","valueRequired":true,"valueName":"search_term_string"}}],"inLanguage":"es"}]}},"brands":[{"id":2163,"name":"tesa","slug":"tesa-es"}],"_links":{"self":[{"href":"https:\/\/cardinal-tapes.com\/es\/wp-json\/wp\/v2\/product\/58566","targetHints":{"allow":["GET"]}}],"collection":[{"href":"https:\/\/cardinal-tapes.com\/es\/wp-json\/wp\/v2\/product"}],"about":[{"href":"https:\/\/cardinal-tapes.com\/es\/wp-json\/wp\/v2\/types\/product"}],"wp:featuredmedia":[{"embeddable":true,"href":"https:\/\/cardinal-tapes.com\/es\/wp-json\/wp\/v2\/media\/26067"}],"wp:attachment":[{"href":"https:\/\/cardinal-tapes.com\/es\/wp-json\/wp\/v2\/media?parent=58566"}],"wp:term":[{"taxonomy":"pwb-brand","embeddable":true,"href":"https:\/\/cardinal-tapes.com\/es\/wp-json\/wp\/v2\/pwb-brand?post=58566"},{"taxonomy":"product_brand","embeddable":true,"href":"https:\/\/cardinal-tapes.com\/es\/wp-json\/wp\/v2\/product_brand?post=58566"},{"taxonomy":"product_cat","embeddable":true,"href":"https:\/\/cardinal-tapes.com\/es\/wp-json\/wp\/v2\/product_cat?post=58566"},{"taxonomy":"product_tag","embeddable":true,"href":"https:\/\/cardinal-tapes.com\/es\/wp-json\/wp\/v2\/product_tag?post=58566"}],"curies":[{"name":"wp","href":"https:\/\/api.w.org\/{rel}","templated":true}]}}