{"id":58131,"date":"2018-02-20T13:29:17","date_gmt":"2023-06-05T15:27:27","guid":{"rendered":"https:\/\/cardinal.pixel-tal.de\/klebebaender\/sin%20categor\u00eda\/tesakrepp-4331-cinta-de-enmascarar-premium-resistente-a-altas-temperaturas\/"},"modified":"2025-07-03T16:02:46","modified_gmt":"2025-07-03T14:02:46","slug":"tesa-4331-cinta-de-enmascarar-premium-de-alta-resistencia-al-calor","status":"publish","type":"product","link":"https:\/\/cardinal-tapes.com\/es\/cintas-adhesivas\/cintas-adhesivas-de-una-cara\/tesa-4331-cinta-de-enmascarar-premium-de-alta-resistencia-al-calor\/","title":{"rendered":"tesakrepp\u00ae 4331 Cinta de enmascarar premium resistente a altas temperaturas"},"content":{"rendered":"<p><sup>tesa\u00ae<\/sup> 4331 es una cinta de enmascarar lisa, especialmente resistente al calor, fabricada con una pel\u00edcula de poli\u00e9ster laminada con vell\u00f3n y un compuesto de caucho de silicona.<br \/>\nEste producto se caracteriza por su gran fuerza adhesiva, bordes de enmascarado planos tras la aplicaci\u00f3n y f\u00e1cil retirada.<\/p>\n<p><strong>Propiedades<\/strong><br \/>\n&#8211; Resistente a altas temperaturas<\/p>\n<p><strong>Aplicaciones<\/strong><br \/>\n&#8211; Enmascaramiento durante el recubrimiento en polvo resistente a ara\u00f1azos e impactos con posterior horneado a alta temperatura, por ejemplo, de acero.<br \/>\n&#8211; Encolado continuo de papeles y pel\u00edculas siliconados.<br \/>\n&#8211; Enmascaramiento de placas de circuitos impresos en un ba\u00f1o de soldadura de sobretensi\u00f3n.<\/p>\n<p>&nbsp;<\/p>\n","protected":false},"excerpt":{"rendered":"<p>tesa\u00ae 4331 es una cinta de enmascarar lisa, especialmente resistente al calor, fabricada con una pel\u00edcula de poli\u00e9ster laminada con vell\u00f3n y un compuesto de caucho de silicona. Este producto se caracteriza por su gran fuerza adhesiva, bordes de enmascarado planos tras la aplicaci\u00f3n y f\u00e1cil retirada. Propiedades &#8211; Resistente a altas temperaturas Aplicaciones &#8211; [&hellip;]<\/p>\n","protected":false},"featured_media":26463,"template":"","meta":{"_acf_changed":false},"pwb-brand":[2163],"product_brand":[],"product_cat":[1806],"product_tag":[],"class_list":{"0":"post-58131","1":"product","2":"type-product","3":"status-publish","4":"has-post-thumbnail","6":"pwb-brand-tesa-es","7":"product_cat-cintas-adhesivas-de-una-cara","9":"first","10":"instock","11":"taxable","12":"shipping-taxable","13":"purchasable","14":"product-type-variable"},"acf":[],"yoast_head":"<!-- This site is optimized with the Yoast SEO plugin v27.3 - https:\/\/yoast.com\/product\/yoast-seo-wordpress\/ -->\n<title>Tesa 4331 Cinta de Enmascarar Premium Resistente al Calor | Cardinal TAPES<\/title>\n<meta name=\"description\" content=\"La cinta Tesa 4331 es una cinta de enmascarar lisa especialmente resistente al calor, fabricada con una pel\u00edcula de poli\u00e9ster laminada con vell\u00f3n y un compuesto de caucho de silicona.\" \/>\n<meta name=\"robots\" content=\"index, follow, max-snippet:-1, max-image-preview:large, max-video-preview:-1\" \/>\n<link rel=\"canonical\" href=\"https:\/\/cardinal-tapes.com\/es\/cintas-adhesivas\/cintas-adhesivas-de-una-cara\/tesa-4331-cinta-de-enmascarar-premium-de-alta-resistencia-al-calor\/\" \/>\n<meta property=\"og:locale\" content=\"es_ES\" \/>\n<meta property=\"og:type\" content=\"article\" \/>\n<meta property=\"og:title\" content=\"Tesa 4331 Cinta de Enmascarar Premium Resistente al Calor | Cardinal TAPES\" \/>\n<meta property=\"og:description\" content=\"La cinta Tesa 4331 es una cinta de enmascarar lisa especialmente resistente al calor, fabricada con una pel\u00edcula de poli\u00e9ster laminada con vell\u00f3n y un compuesto de caucho de silicona.\" \/>\n<meta property=\"og:url\" content=\"https:\/\/cardinal-tapes.com\/es\/cintas-adhesivas\/cintas-adhesivas-de-una-cara\/tesa-4331-cinta-de-enmascarar-premium-de-alta-resistencia-al-calor\/\" \/>\n<meta property=\"og:site_name\" content=\"cardinal TAPES\" \/>\n<meta property=\"article:modified_time\" content=\"2025-07-03T14:02:46+00:00\" \/>\n<meta property=\"og:image\" content=\"https:\/\/cardinal-tapes.com\/wp-content\/uploads\/tesa-04331.jpg\" \/>\n\t<meta property=\"og:image:width\" content=\"600\" \/>\n\t<meta property=\"og:image:height\" content=\"600\" \/>\n\t<meta property=\"og:image:type\" content=\"image\/jpeg\" \/>\n<meta name=\"twitter:card\" content=\"summary_large_image\" \/>\n<meta name=\"twitter:label1\" content=\"Tiempo de lectura\" \/>\n\t<meta name=\"twitter:data1\" content=\"1 minuto\" \/>\n<script type=\"application\/ld+json\" class=\"yoast-schema-graph\">{\"@context\":\"https:\\\/\\\/schema.org\",\"@graph\":[{\"@type\":\"WebPage\",\"@id\":\"https:\\\/\\\/cardinal-tapes.com\\\/es\\\/cintas-adhesivas\\\/cintas-adhesivas-de-una-cara\\\/tesa-4331-cinta-de-enmascarar-premium-de-alta-resistencia-al-calor\\\/\",\"url\":\"https:\\\/\\\/cardinal-tapes.com\\\/es\\\/cintas-adhesivas\\\/cintas-adhesivas-de-una-cara\\\/tesa-4331-cinta-de-enmascarar-premium-de-alta-resistencia-al-calor\\\/\",\"name\":\"Tesa 4331 Cinta de Enmascarar Premium Resistente al Calor | Cardinal TAPES\",\"isPartOf\":{\"@id\":\"https:\\\/\\\/cardinal-tapes.com\\\/#website\"},\"primaryImageOfPage\":{\"@id\":\"https:\\\/\\\/cardinal-tapes.com\\\/es\\\/cintas-adhesivas\\\/cintas-adhesivas-de-una-cara\\\/tesa-4331-cinta-de-enmascarar-premium-de-alta-resistencia-al-calor\\\/#primaryimage\"},\"image\":{\"@id\":\"https:\\\/\\\/cardinal-tapes.com\\\/es\\\/cintas-adhesivas\\\/cintas-adhesivas-de-una-cara\\\/tesa-4331-cinta-de-enmascarar-premium-de-alta-resistencia-al-calor\\\/#primaryimage\"},\"thumbnailUrl\":\"https:\\\/\\\/cardinal-tapes.com\\\/wp-content\\\/uploads\\\/tesa-04331.jpg\",\"datePublished\":\"2023-06-05T15:27:27+00:00\",\"dateModified\":\"2025-07-03T14:02:46+00:00\",\"description\":\"La cinta Tesa 4331 es una cinta de enmascarar lisa especialmente resistente al calor, fabricada con una pel\u00edcula de poli\u00e9ster laminada con vell\u00f3n y un compuesto de caucho de silicona.\",\"breadcrumb\":{\"@id\":\"https:\\\/\\\/cardinal-tapes.com\\\/es\\\/cintas-adhesivas\\\/cintas-adhesivas-de-una-cara\\\/tesa-4331-cinta-de-enmascarar-premium-de-alta-resistencia-al-calor\\\/#breadcrumb\"},\"inLanguage\":\"es\",\"potentialAction\":[{\"@type\":\"ReadAction\",\"target\":[\"https:\\\/\\\/cardinal-tapes.com\\\/es\\\/cintas-adhesivas\\\/cintas-adhesivas-de-una-cara\\\/tesa-4331-cinta-de-enmascarar-premium-de-alta-resistencia-al-calor\\\/\"]}]},{\"@type\":\"ImageObject\",\"inLanguage\":\"es\",\"@id\":\"https:\\\/\\\/cardinal-tapes.com\\\/es\\\/cintas-adhesivas\\\/cintas-adhesivas-de-una-cara\\\/tesa-4331-cinta-de-enmascarar-premium-de-alta-resistencia-al-calor\\\/#primaryimage\",\"url\":\"https:\\\/\\\/cardinal-tapes.com\\\/wp-content\\\/uploads\\\/tesa-04331.jpg\",\"contentUrl\":\"https:\\\/\\\/cardinal-tapes.com\\\/wp-content\\\/uploads\\\/tesa-04331.jpg\",\"width\":600,\"height\":600,\"caption\":\"tesa 4331\"},{\"@type\":\"BreadcrumbList\",\"@id\":\"https:\\\/\\\/cardinal-tapes.com\\\/es\\\/cintas-adhesivas\\\/cintas-adhesivas-de-una-cara\\\/tesa-4331-cinta-de-enmascarar-premium-de-alta-resistencia-al-calor\\\/#breadcrumb\",\"itemListElement\":[{\"@type\":\"ListItem\",\"position\":1,\"name\":\"Startseite\",\"item\":\"https:\\\/\\\/cardinal-tapes.com\\\/es\\\/\"},{\"@type\":\"ListItem\",\"position\":2,\"name\":\"Cintas adhesivas\",\"item\":\"https:\\\/\\\/cardinal-tapes.com\\\/es\\\/cintas-adhesivas-es\\\/\"},{\"@type\":\"ListItem\",\"position\":3,\"name\":\"Cintas adhesivas de una cara\",\"item\":\"https:\\\/\\\/cardinal-tapes.com\\\/es\\\/categora\\\/cintas-adhesivas-de-una-cara\\\/\"},{\"@type\":\"ListItem\",\"position\":4,\"name\":\"tesakrepp\u00ae 4331 Cinta de enmascarar premium resistente a altas temperaturas\"}]},{\"@type\":\"WebSite\",\"@id\":\"https:\\\/\\\/cardinal-tapes.com\\\/#website\",\"url\":\"https:\\\/\\\/cardinal-tapes.com\\\/\",\"name\":\"cardinal TAPES\",\"description\":\"Klebetechnik aus Wuppertal\",\"potentialAction\":[{\"@type\":\"SearchAction\",\"target\":{\"@type\":\"EntryPoint\",\"urlTemplate\":\"https:\\\/\\\/cardinal-tapes.com\\\/?s={search_term_string}\"},\"query-input\":{\"@type\":\"PropertyValueSpecification\",\"valueRequired\":true,\"valueName\":\"search_term_string\"}}],\"inLanguage\":\"es\"}]}<\/script>\n<!-- \/ Yoast SEO plugin. -->","yoast_head_json":{"title":"Tesa 4331 Cinta de Enmascarar Premium Resistente al Calor | Cardinal TAPES","description":"La cinta Tesa 4331 es una cinta de enmascarar lisa especialmente resistente al calor, fabricada con una pel\u00edcula de poli\u00e9ster laminada con vell\u00f3n y un compuesto de caucho de silicona.","robots":{"index":"index","follow":"follow","max-snippet":"max-snippet:-1","max-image-preview":"max-image-preview:large","max-video-preview":"max-video-preview:-1"},"canonical":"https:\/\/cardinal-tapes.com\/es\/cintas-adhesivas\/cintas-adhesivas-de-una-cara\/tesa-4331-cinta-de-enmascarar-premium-de-alta-resistencia-al-calor\/","og_locale":"es_ES","og_type":"article","og_title":"Tesa 4331 Cinta de Enmascarar Premium Resistente al Calor | Cardinal TAPES","og_description":"La cinta Tesa 4331 es una cinta de enmascarar lisa especialmente resistente al calor, fabricada con una pel\u00edcula de poli\u00e9ster laminada con vell\u00f3n y un compuesto de caucho de silicona.","og_url":"https:\/\/cardinal-tapes.com\/es\/cintas-adhesivas\/cintas-adhesivas-de-una-cara\/tesa-4331-cinta-de-enmascarar-premium-de-alta-resistencia-al-calor\/","og_site_name":"cardinal TAPES","article_modified_time":"2025-07-03T14:02:46+00:00","og_image":[{"width":600,"height":600,"url":"https:\/\/cardinal-tapes.com\/wp-content\/uploads\/tesa-04331.jpg","type":"image\/jpeg"}],"twitter_card":"summary_large_image","twitter_misc":{"Tiempo de lectura":"1 minuto"},"schema":{"@context":"https:\/\/schema.org","@graph":[{"@type":"WebPage","@id":"https:\/\/cardinal-tapes.com\/es\/cintas-adhesivas\/cintas-adhesivas-de-una-cara\/tesa-4331-cinta-de-enmascarar-premium-de-alta-resistencia-al-calor\/","url":"https:\/\/cardinal-tapes.com\/es\/cintas-adhesivas\/cintas-adhesivas-de-una-cara\/tesa-4331-cinta-de-enmascarar-premium-de-alta-resistencia-al-calor\/","name":"Tesa 4331 Cinta de Enmascarar Premium Resistente al Calor | Cardinal TAPES","isPartOf":{"@id":"https:\/\/cardinal-tapes.com\/#website"},"primaryImageOfPage":{"@id":"https:\/\/cardinal-tapes.com\/es\/cintas-adhesivas\/cintas-adhesivas-de-una-cara\/tesa-4331-cinta-de-enmascarar-premium-de-alta-resistencia-al-calor\/#primaryimage"},"image":{"@id":"https:\/\/cardinal-tapes.com\/es\/cintas-adhesivas\/cintas-adhesivas-de-una-cara\/tesa-4331-cinta-de-enmascarar-premium-de-alta-resistencia-al-calor\/#primaryimage"},"thumbnailUrl":"https:\/\/cardinal-tapes.com\/wp-content\/uploads\/tesa-04331.jpg","datePublished":"2023-06-05T15:27:27+00:00","dateModified":"2025-07-03T14:02:46+00:00","description":"La cinta Tesa 4331 es una cinta de enmascarar lisa especialmente resistente al calor, fabricada con una pel\u00edcula de poli\u00e9ster laminada con vell\u00f3n y un compuesto de caucho de silicona.","breadcrumb":{"@id":"https:\/\/cardinal-tapes.com\/es\/cintas-adhesivas\/cintas-adhesivas-de-una-cara\/tesa-4331-cinta-de-enmascarar-premium-de-alta-resistencia-al-calor\/#breadcrumb"},"inLanguage":"es","potentialAction":[{"@type":"ReadAction","target":["https:\/\/cardinal-tapes.com\/es\/cintas-adhesivas\/cintas-adhesivas-de-una-cara\/tesa-4331-cinta-de-enmascarar-premium-de-alta-resistencia-al-calor\/"]}]},{"@type":"ImageObject","inLanguage":"es","@id":"https:\/\/cardinal-tapes.com\/es\/cintas-adhesivas\/cintas-adhesivas-de-una-cara\/tesa-4331-cinta-de-enmascarar-premium-de-alta-resistencia-al-calor\/#primaryimage","url":"https:\/\/cardinal-tapes.com\/wp-content\/uploads\/tesa-04331.jpg","contentUrl":"https:\/\/cardinal-tapes.com\/wp-content\/uploads\/tesa-04331.jpg","width":600,"height":600,"caption":"tesa 4331"},{"@type":"BreadcrumbList","@id":"https:\/\/cardinal-tapes.com\/es\/cintas-adhesivas\/cintas-adhesivas-de-una-cara\/tesa-4331-cinta-de-enmascarar-premium-de-alta-resistencia-al-calor\/#breadcrumb","itemListElement":[{"@type":"ListItem","position":1,"name":"Startseite","item":"https:\/\/cardinal-tapes.com\/es\/"},{"@type":"ListItem","position":2,"name":"Cintas adhesivas","item":"https:\/\/cardinal-tapes.com\/es\/cintas-adhesivas-es\/"},{"@type":"ListItem","position":3,"name":"Cintas adhesivas de una cara","item":"https:\/\/cardinal-tapes.com\/es\/categora\/cintas-adhesivas-de-una-cara\/"},{"@type":"ListItem","position":4,"name":"tesakrepp\u00ae 4331 Cinta de enmascarar premium resistente a altas temperaturas"}]},{"@type":"WebSite","@id":"https:\/\/cardinal-tapes.com\/#website","url":"https:\/\/cardinal-tapes.com\/","name":"cardinal TAPES","description":"Klebetechnik aus Wuppertal","potentialAction":[{"@type":"SearchAction","target":{"@type":"EntryPoint","urlTemplate":"https:\/\/cardinal-tapes.com\/?s={search_term_string}"},"query-input":{"@type":"PropertyValueSpecification","valueRequired":true,"valueName":"search_term_string"}}],"inLanguage":"es"}]}},"brands":[{"id":2163,"name":"tesa","slug":"tesa-es"}],"_links":{"self":[{"href":"https:\/\/cardinal-tapes.com\/es\/wp-json\/wp\/v2\/product\/58131","targetHints":{"allow":["GET"]}}],"collection":[{"href":"https:\/\/cardinal-tapes.com\/es\/wp-json\/wp\/v2\/product"}],"about":[{"href":"https:\/\/cardinal-tapes.com\/es\/wp-json\/wp\/v2\/types\/product"}],"wp:featuredmedia":[{"embeddable":true,"href":"https:\/\/cardinal-tapes.com\/es\/wp-json\/wp\/v2\/media\/26463"}],"wp:attachment":[{"href":"https:\/\/cardinal-tapes.com\/es\/wp-json\/wp\/v2\/media?parent=58131"}],"wp:term":[{"taxonomy":"pwb-brand","embeddable":true,"href":"https:\/\/cardinal-tapes.com\/es\/wp-json\/wp\/v2\/pwb-brand?post=58131"},{"taxonomy":"product_brand","embeddable":true,"href":"https:\/\/cardinal-tapes.com\/es\/wp-json\/wp\/v2\/product_brand?post=58131"},{"taxonomy":"product_cat","embeddable":true,"href":"https:\/\/cardinal-tapes.com\/es\/wp-json\/wp\/v2\/product_cat?post=58131"},{"taxonomy":"product_tag","embeddable":true,"href":"https:\/\/cardinal-tapes.com\/es\/wp-json\/wp\/v2\/product_tag?post=58131"}],"curies":[{"name":"wp","href":"https:\/\/api.w.org\/{rel}","templated":true}]}}