{"id":58072,"date":"2018-02-20T10:38:17","date_gmt":"2023-06-05T15:27:26","guid":{"rendered":"https:\/\/cardinal.pixel-tal.de\/klebebaender\/sin categor\u00eda\/tesafix-51970-cinta-adhesiva-transparente-de-doble-cara-con-gran-fuerza-adhesiva\/"},"modified":"2023-06-05T17:27:26","modified_gmt":"2023-06-05T15:27:26","slug":"tesa-51970-cinta-adhesiva-transparente-doble-cara-con-alta-potencia-adhesiva","status":"publish","type":"product","link":"https:\/\/cardinal-tapes.com\/es\/cintas-adhesivas\/cintas-adhesivas-de-doble-cara\/tesa-51970-cinta-adhesiva-transparente-doble-cara-con-alta-potencia-adhesiva\/","title":{"rendered":"tesafix\u00ae 51970 Cinta adhesiva transparente de doble cara con gran fuerza adhesiva"},"content":{"rendered":"<p><sup>tesafix\u00ae<\/sup> 51970 es una variante de <sup>tesafix\u00ae<\/sup> 4970, pero con un soporte fabricado con una pel\u00edcula de polipropileno especialmente estirada. Tambi\u00e9n se mantienen las propiedades probadas del producto, como la alta fuerza adhesiva para una uni\u00f3n permanente, incluso en superficies adhesivas rugosas.<\/p>\n<p><strong>Propiedades<\/strong><br \/>\n&#8211; Gran fuerza adhesiva<br \/>\n&#8211; Buena resistencia a la humedad<\/p>\n<p><strong>Aplicaciones<\/strong><br \/>\n&#8211; Pegado de perfiles de madera y pl\u00e1stico.<br \/>\n&#8211; Para pegar piezas decorativas pesadas y expositores.<br \/>\n&#8211; Escala y pegado de se\u00f1ales.<br \/>\n&#8211; Pegado en continuo de l\u00e1minas y hojas finas<\/p>\n","protected":false},"excerpt":{"rendered":"<p>tesafix\u00ae 51970 es una variante de tesafix\u00ae 4970, pero con un soporte fabricado con una pel\u00edcula de polipropileno especialmente estirada. Tambi\u00e9n se mantienen las propiedades probadas del producto, como la alta fuerza adhesiva para una uni\u00f3n permanente, incluso en superficies adhesivas rugosas. Propiedades &#8211; Gran fuerza adhesiva &#8211; Buena resistencia a la humedad Aplicaciones &#8211; [&hellip;]<\/p>\n","protected":false},"featured_media":26107,"template":"","meta":{"_acf_changed":false},"pwb-brand":[2163],"product_brand":[],"product_cat":[1804],"product_tag":[],"class_list":{"0":"post-58072","1":"product","2":"type-product","3":"status-publish","4":"has-post-thumbnail","6":"pwb-brand-tesa-es","7":"product_cat-cintas-adhesivas-de-doble-cara","9":"first","10":"instock","11":"taxable","12":"shipping-taxable","13":"purchasable","14":"product-type-variable"},"acf":[],"yoast_head":"<!-- This site is optimized with the Yoast SEO plugin v27.3 - https:\/\/yoast.com\/product\/yoast-seo-wordpress\/ -->\n<title>Tesa 51970 Cinta Adhesiva Doble Cara Transparente | Cardinal TAPES<\/title>\n<meta name=\"description\" content=\"Tesa 51970 es una variante de Tesa 4970, pero con un soporte de pel\u00edcula de polipropileno especialmente estirada. Obtenga m\u00e1s informaci\u00f3n aqu\u00ed.\" \/>\n<meta name=\"robots\" content=\"index, follow, max-snippet:-1, max-image-preview:large, max-video-preview:-1\" \/>\n<link rel=\"canonical\" href=\"https:\/\/cardinal-tapes.com\/es\/cintas-adhesivas\/cintas-adhesivas-de-doble-cara\/tesa-51970-cinta-adhesiva-transparente-doble-cara-con-alta-potencia-adhesiva\/\" \/>\n<meta property=\"og:locale\" content=\"es_ES\" \/>\n<meta property=\"og:type\" content=\"article\" \/>\n<meta property=\"og:title\" content=\"Tesa 51970 Cinta Adhesiva Doble Cara Transparente | Cardinal TAPES\" \/>\n<meta property=\"og:description\" content=\"Tesa 51970 es una variante de Tesa 4970, pero con un soporte de pel\u00edcula de polipropileno especialmente estirada. Obtenga m\u00e1s informaci\u00f3n aqu\u00ed.\" \/>\n<meta property=\"og:url\" content=\"https:\/\/cardinal-tapes.com\/es\/cintas-adhesivas\/cintas-adhesivas-de-doble-cara\/tesa-51970-cinta-adhesiva-transparente-doble-cara-con-alta-potencia-adhesiva\/\" \/>\n<meta property=\"og:site_name\" content=\"cardinal TAPES\" \/>\n<meta property=\"og:image\" content=\"https:\/\/cardinal-tapes.com\/wp-content\/uploads\/tesa-04970.jpg\" \/>\n\t<meta property=\"og:image:width\" content=\"600\" \/>\n\t<meta property=\"og:image:height\" content=\"600\" \/>\n\t<meta property=\"og:image:type\" content=\"image\/jpeg\" \/>\n<meta name=\"twitter:card\" content=\"summary_large_image\" \/>\n<script type=\"application\/ld+json\" class=\"yoast-schema-graph\">{\"@context\":\"https:\\\/\\\/schema.org\",\"@graph\":[{\"@type\":\"WebPage\",\"@id\":\"https:\\\/\\\/cardinal-tapes.com\\\/es\\\/cintas-adhesivas\\\/cintas-adhesivas-de-doble-cara\\\/tesa-51970-cinta-adhesiva-transparente-doble-cara-con-alta-potencia-adhesiva\\\/\",\"url\":\"https:\\\/\\\/cardinal-tapes.com\\\/es\\\/cintas-adhesivas\\\/cintas-adhesivas-de-doble-cara\\\/tesa-51970-cinta-adhesiva-transparente-doble-cara-con-alta-potencia-adhesiva\\\/\",\"name\":\"Tesa 51970 Cinta Adhesiva Doble Cara Transparente | Cardinal TAPES\",\"isPartOf\":{\"@id\":\"https:\\\/\\\/cardinal-tapes.com\\\/#website\"},\"primaryImageOfPage\":{\"@id\":\"https:\\\/\\\/cardinal-tapes.com\\\/es\\\/cintas-adhesivas\\\/cintas-adhesivas-de-doble-cara\\\/tesa-51970-cinta-adhesiva-transparente-doble-cara-con-alta-potencia-adhesiva\\\/#primaryimage\"},\"image\":{\"@id\":\"https:\\\/\\\/cardinal-tapes.com\\\/es\\\/cintas-adhesivas\\\/cintas-adhesivas-de-doble-cara\\\/tesa-51970-cinta-adhesiva-transparente-doble-cara-con-alta-potencia-adhesiva\\\/#primaryimage\"},\"thumbnailUrl\":\"https:\\\/\\\/cardinal-tapes.com\\\/wp-content\\\/uploads\\\/tesa-04970.jpg\",\"datePublished\":\"2023-06-05T15:27:26+00:00\",\"description\":\"Tesa 51970 es una variante de Tesa 4970, pero con un soporte de pel\u00edcula de polipropileno especialmente estirada. Obtenga m\u00e1s informaci\u00f3n aqu\u00ed.\",\"breadcrumb\":{\"@id\":\"https:\\\/\\\/cardinal-tapes.com\\\/es\\\/cintas-adhesivas\\\/cintas-adhesivas-de-doble-cara\\\/tesa-51970-cinta-adhesiva-transparente-doble-cara-con-alta-potencia-adhesiva\\\/#breadcrumb\"},\"inLanguage\":\"es\",\"potentialAction\":[{\"@type\":\"ReadAction\",\"target\":[\"https:\\\/\\\/cardinal-tapes.com\\\/es\\\/cintas-adhesivas\\\/cintas-adhesivas-de-doble-cara\\\/tesa-51970-cinta-adhesiva-transparente-doble-cara-con-alta-potencia-adhesiva\\\/\"]}]},{\"@type\":\"ImageObject\",\"inLanguage\":\"es\",\"@id\":\"https:\\\/\\\/cardinal-tapes.com\\\/es\\\/cintas-adhesivas\\\/cintas-adhesivas-de-doble-cara\\\/tesa-51970-cinta-adhesiva-transparente-doble-cara-con-alta-potencia-adhesiva\\\/#primaryimage\",\"url\":\"https:\\\/\\\/cardinal-tapes.com\\\/wp-content\\\/uploads\\\/tesa-04970.jpg\",\"contentUrl\":\"https:\\\/\\\/cardinal-tapes.com\\\/wp-content\\\/uploads\\\/tesa-04970.jpg\",\"width\":600,\"height\":600,\"caption\":\"tesa 4970\"},{\"@type\":\"BreadcrumbList\",\"@id\":\"https:\\\/\\\/cardinal-tapes.com\\\/es\\\/cintas-adhesivas\\\/cintas-adhesivas-de-doble-cara\\\/tesa-51970-cinta-adhesiva-transparente-doble-cara-con-alta-potencia-adhesiva\\\/#breadcrumb\",\"itemListElement\":[{\"@type\":\"ListItem\",\"position\":1,\"name\":\"Startseite\",\"item\":\"https:\\\/\\\/cardinal-tapes.com\\\/es\\\/\"},{\"@type\":\"ListItem\",\"position\":2,\"name\":\"Cintas adhesivas\",\"item\":\"https:\\\/\\\/cardinal-tapes.com\\\/es\\\/cintas-adhesivas-es\\\/\"},{\"@type\":\"ListItem\",\"position\":3,\"name\":\"Cintas adhesivas de doble cara\",\"item\":\"https:\\\/\\\/cardinal-tapes.com\\\/es\\\/categora\\\/cintas-adhesivas-de-doble-cara\\\/\"},{\"@type\":\"ListItem\",\"position\":4,\"name\":\"tesafix\u00ae 51970 Cinta adhesiva transparente de doble cara con gran fuerza adhesiva\"}]},{\"@type\":\"WebSite\",\"@id\":\"https:\\\/\\\/cardinal-tapes.com\\\/#website\",\"url\":\"https:\\\/\\\/cardinal-tapes.com\\\/\",\"name\":\"cardinal TAPES\",\"description\":\"Klebetechnik aus Wuppertal\",\"potentialAction\":[{\"@type\":\"SearchAction\",\"target\":{\"@type\":\"EntryPoint\",\"urlTemplate\":\"https:\\\/\\\/cardinal-tapes.com\\\/?s={search_term_string}\"},\"query-input\":{\"@type\":\"PropertyValueSpecification\",\"valueRequired\":true,\"valueName\":\"search_term_string\"}}],\"inLanguage\":\"es\"}]}<\/script>\n<!-- \/ Yoast SEO plugin. -->","yoast_head_json":{"title":"Tesa 51970 Cinta Adhesiva Doble Cara Transparente | Cardinal TAPES","description":"Tesa 51970 es una variante de Tesa 4970, pero con un soporte de pel\u00edcula de polipropileno especialmente estirada. Obtenga m\u00e1s informaci\u00f3n aqu\u00ed.","robots":{"index":"index","follow":"follow","max-snippet":"max-snippet:-1","max-image-preview":"max-image-preview:large","max-video-preview":"max-video-preview:-1"},"canonical":"https:\/\/cardinal-tapes.com\/es\/cintas-adhesivas\/cintas-adhesivas-de-doble-cara\/tesa-51970-cinta-adhesiva-transparente-doble-cara-con-alta-potencia-adhesiva\/","og_locale":"es_ES","og_type":"article","og_title":"Tesa 51970 Cinta Adhesiva Doble Cara Transparente | Cardinal TAPES","og_description":"Tesa 51970 es una variante de Tesa 4970, pero con un soporte de pel\u00edcula de polipropileno especialmente estirada. Obtenga m\u00e1s informaci\u00f3n aqu\u00ed.","og_url":"https:\/\/cardinal-tapes.com\/es\/cintas-adhesivas\/cintas-adhesivas-de-doble-cara\/tesa-51970-cinta-adhesiva-transparente-doble-cara-con-alta-potencia-adhesiva\/","og_site_name":"cardinal TAPES","og_image":[{"width":600,"height":600,"url":"https:\/\/cardinal-tapes.com\/wp-content\/uploads\/tesa-04970.jpg","type":"image\/jpeg"}],"twitter_card":"summary_large_image","schema":{"@context":"https:\/\/schema.org","@graph":[{"@type":"WebPage","@id":"https:\/\/cardinal-tapes.com\/es\/cintas-adhesivas\/cintas-adhesivas-de-doble-cara\/tesa-51970-cinta-adhesiva-transparente-doble-cara-con-alta-potencia-adhesiva\/","url":"https:\/\/cardinal-tapes.com\/es\/cintas-adhesivas\/cintas-adhesivas-de-doble-cara\/tesa-51970-cinta-adhesiva-transparente-doble-cara-con-alta-potencia-adhesiva\/","name":"Tesa 51970 Cinta Adhesiva Doble Cara Transparente | Cardinal TAPES","isPartOf":{"@id":"https:\/\/cardinal-tapes.com\/#website"},"primaryImageOfPage":{"@id":"https:\/\/cardinal-tapes.com\/es\/cintas-adhesivas\/cintas-adhesivas-de-doble-cara\/tesa-51970-cinta-adhesiva-transparente-doble-cara-con-alta-potencia-adhesiva\/#primaryimage"},"image":{"@id":"https:\/\/cardinal-tapes.com\/es\/cintas-adhesivas\/cintas-adhesivas-de-doble-cara\/tesa-51970-cinta-adhesiva-transparente-doble-cara-con-alta-potencia-adhesiva\/#primaryimage"},"thumbnailUrl":"https:\/\/cardinal-tapes.com\/wp-content\/uploads\/tesa-04970.jpg","datePublished":"2023-06-05T15:27:26+00:00","description":"Tesa 51970 es una variante de Tesa 4970, pero con un soporte de pel\u00edcula de polipropileno especialmente estirada. Obtenga m\u00e1s informaci\u00f3n aqu\u00ed.","breadcrumb":{"@id":"https:\/\/cardinal-tapes.com\/es\/cintas-adhesivas\/cintas-adhesivas-de-doble-cara\/tesa-51970-cinta-adhesiva-transparente-doble-cara-con-alta-potencia-adhesiva\/#breadcrumb"},"inLanguage":"es","potentialAction":[{"@type":"ReadAction","target":["https:\/\/cardinal-tapes.com\/es\/cintas-adhesivas\/cintas-adhesivas-de-doble-cara\/tesa-51970-cinta-adhesiva-transparente-doble-cara-con-alta-potencia-adhesiva\/"]}]},{"@type":"ImageObject","inLanguage":"es","@id":"https:\/\/cardinal-tapes.com\/es\/cintas-adhesivas\/cintas-adhesivas-de-doble-cara\/tesa-51970-cinta-adhesiva-transparente-doble-cara-con-alta-potencia-adhesiva\/#primaryimage","url":"https:\/\/cardinal-tapes.com\/wp-content\/uploads\/tesa-04970.jpg","contentUrl":"https:\/\/cardinal-tapes.com\/wp-content\/uploads\/tesa-04970.jpg","width":600,"height":600,"caption":"tesa 4970"},{"@type":"BreadcrumbList","@id":"https:\/\/cardinal-tapes.com\/es\/cintas-adhesivas\/cintas-adhesivas-de-doble-cara\/tesa-51970-cinta-adhesiva-transparente-doble-cara-con-alta-potencia-adhesiva\/#breadcrumb","itemListElement":[{"@type":"ListItem","position":1,"name":"Startseite","item":"https:\/\/cardinal-tapes.com\/es\/"},{"@type":"ListItem","position":2,"name":"Cintas adhesivas","item":"https:\/\/cardinal-tapes.com\/es\/cintas-adhesivas-es\/"},{"@type":"ListItem","position":3,"name":"Cintas adhesivas de doble cara","item":"https:\/\/cardinal-tapes.com\/es\/categora\/cintas-adhesivas-de-doble-cara\/"},{"@type":"ListItem","position":4,"name":"tesafix\u00ae 51970 Cinta adhesiva transparente de doble cara con gran fuerza adhesiva"}]},{"@type":"WebSite","@id":"https:\/\/cardinal-tapes.com\/#website","url":"https:\/\/cardinal-tapes.com\/","name":"cardinal TAPES","description":"Klebetechnik aus Wuppertal","potentialAction":[{"@type":"SearchAction","target":{"@type":"EntryPoint","urlTemplate":"https:\/\/cardinal-tapes.com\/?s={search_term_string}"},"query-input":{"@type":"PropertyValueSpecification","valueRequired":true,"valueName":"search_term_string"}}],"inLanguage":"es"}]}},"brands":[{"id":2163,"name":"tesa","slug":"tesa-es"}],"_links":{"self":[{"href":"https:\/\/cardinal-tapes.com\/es\/wp-json\/wp\/v2\/product\/58072","targetHints":{"allow":["GET"]}}],"collection":[{"href":"https:\/\/cardinal-tapes.com\/es\/wp-json\/wp\/v2\/product"}],"about":[{"href":"https:\/\/cardinal-tapes.com\/es\/wp-json\/wp\/v2\/types\/product"}],"wp:featuredmedia":[{"embeddable":true,"href":"https:\/\/cardinal-tapes.com\/es\/wp-json\/wp\/v2\/media\/26107"}],"wp:attachment":[{"href":"https:\/\/cardinal-tapes.com\/es\/wp-json\/wp\/v2\/media?parent=58072"}],"wp:term":[{"taxonomy":"pwb-brand","embeddable":true,"href":"https:\/\/cardinal-tapes.com\/es\/wp-json\/wp\/v2\/pwb-brand?post=58072"},{"taxonomy":"product_brand","embeddable":true,"href":"https:\/\/cardinal-tapes.com\/es\/wp-json\/wp\/v2\/product_brand?post=58072"},{"taxonomy":"product_cat","embeddable":true,"href":"https:\/\/cardinal-tapes.com\/es\/wp-json\/wp\/v2\/product_cat?post=58072"},{"taxonomy":"product_tag","embeddable":true,"href":"https:\/\/cardinal-tapes.com\/es\/wp-json\/wp\/v2\/product_tag?post=58072"}],"curies":[{"name":"wp","href":"https:\/\/api.w.org\/{rel}","templated":true}]}}