{"id":58049,"date":"2018-02-20T13:18:41","date_gmt":"2018-02-20T12:18:41","guid":{"rendered":"https:\/\/cardinal.pixel-tal.de\/klebebaender\/sin%20categor\u00eda\/cinta-adhesiva-de-flejado-tesa-4289\/"},"modified":"2025-07-03T15:56:29","modified_gmt":"2025-07-03T13:56:29","slug":"tesa-4289-strapping-tape","status":"publish","type":"product","link":"https:\/\/cardinal-tapes.com\/es\/cintas-adhesivas\/cintas-adhesivas-de-una-cara\/cinta-de-flejado\/tesa-4289-strapping-tape\/","title":{"rendered":"cinta de flejado tesa\u00ae 4289"},"content":{"rendered":"<p><sup>tesa\u00ae<\/sup> 4289 es una cinta de flejado extremadamente resistente al desgarro basada en una pel\u00edcula de MOPP con un adhesivo de caucho natural.<\/p>\n<p><strong>Propiedades<\/strong><br \/>\n&#8211; Muy alta resistencia al desgarro combinada con un bajo alargamiento<br \/>\n&#8211; Film grueso y resistente a la abrasi\u00f3n<br \/>\n&#8211; Buena resistencia al calor y al fr\u00edo<br \/>\n&#8211; Alta fuerza adhesiva para pegar a una gran variedad de sustratos<br \/>\n&#8211; F\u00e1cil y limpia eliminaci\u00f3n de muchas superficies<\/p>\n<p><strong>Aplicaciones<\/strong><br \/>\n&#8211; Empaquetado de los tubos m\u00e1s pesados.<br \/>\n&#8211; Sellado de los productos envasados m\u00e1s pesados.<br \/>\n&#8211; Flejado de productos pesados durante el paletizado.<br \/>\n&#8211; Pegado de extremos de bobinas.<\/p>\n<p>&nbsp;<\/p>\n","protected":false},"excerpt":{"rendered":"<p>tesa\u00ae 4289 es una cinta de flejado extremadamente resistente al desgarro basada en una pel\u00edcula de MOPP con un adhesivo de caucho natural. Propiedades &#8211; Muy alta resistencia al desgarro combinada con un bajo alargamiento &#8211; Film grueso y resistente a la abrasi\u00f3n &#8211; Buena resistencia al calor y al fr\u00edo &#8211; Alta fuerza adhesiva [&hellip;]<\/p>\n","protected":false},"featured_media":26459,"template":"","meta":{"_acf_changed":false},"pwb-brand":[2163],"product_brand":[],"product_cat":[1812,1798,1806],"product_tag":[],"class_list":{"0":"post-58049","1":"product","2":"type-product","3":"status-publish","4":"has-post-thumbnail","6":"pwb-brand-tesa-es","7":"product_cat-cinta-de-flejado","8":"product_cat-acero-y-vidrio","9":"product_cat-cintas-adhesivas-de-una-cara","11":"first","12":"outofstock","13":"taxable","14":"shipping-taxable","15":"purchasable","16":"product-type-variable"},"acf":[],"yoast_head":"<!-- This site is optimized with the Yoast SEO plugin v27.3 - https:\/\/yoast.com\/product\/yoast-seo-wordpress\/ -->\n<title>Tesa 4289 Cinta de flejado | Cardinal TAPES<\/title>\n<meta name=\"description\" content=\"Tesa 4289 es una cinta de flejado extremadamente resistente al desgarro basada en una pel\u00edcula de MOPP con un adhesivo de caucho natural. M\u00e1s informaci\u00f3n sobre tesa 4289.\" \/>\n<meta name=\"robots\" content=\"index, follow, max-snippet:-1, max-image-preview:large, max-video-preview:-1\" \/>\n<link rel=\"canonical\" href=\"https:\/\/cardinal-tapes.com\/es\/cintas-adhesivas\/cintas-adhesivas-de-una-cara\/cinta-de-flejado\/tesa-4289-strapping-tape\/\" \/>\n<meta property=\"og:locale\" content=\"es_ES\" \/>\n<meta property=\"og:type\" content=\"article\" \/>\n<meta property=\"og:title\" content=\"Tesa 4289 Cinta de flejado | Cardinal TAPES\" \/>\n<meta property=\"og:description\" content=\"Tesa 4289 es una cinta de flejado extremadamente resistente al desgarro basada en una pel\u00edcula de MOPP con un adhesivo de caucho natural. M\u00e1s informaci\u00f3n sobre tesa 4289.\" \/>\n<meta property=\"og:url\" content=\"https:\/\/cardinal-tapes.com\/es\/cintas-adhesivas\/cintas-adhesivas-de-una-cara\/cinta-de-flejado\/tesa-4289-strapping-tape\/\" \/>\n<meta property=\"og:site_name\" content=\"cardinal TAPES\" \/>\n<meta property=\"article:modified_time\" content=\"2025-07-03T13:56:29+00:00\" \/>\n<meta property=\"og:image\" content=\"https:\/\/cardinal-tapes.com\/wp-content\/uploads\/tesa-04289.jpg\" \/>\n\t<meta property=\"og:image:width\" content=\"600\" \/>\n\t<meta property=\"og:image:height\" content=\"600\" \/>\n\t<meta property=\"og:image:type\" content=\"image\/jpeg\" \/>\n<meta name=\"twitter:card\" content=\"summary_large_image\" \/>\n<meta name=\"twitter:label1\" content=\"Tiempo de lectura\" \/>\n\t<meta name=\"twitter:data1\" content=\"1 minuto\" \/>\n<script type=\"application\/ld+json\" class=\"yoast-schema-graph\">{\"@context\":\"https:\\\/\\\/schema.org\",\"@graph\":[{\"@type\":\"WebPage\",\"@id\":\"https:\\\/\\\/cardinal-tapes.com\\\/es\\\/cintas-adhesivas\\\/cintas-adhesivas-de-una-cara\\\/cinta-de-flejado\\\/tesa-4289-strapping-tape\\\/\",\"url\":\"https:\\\/\\\/cardinal-tapes.com\\\/es\\\/cintas-adhesivas\\\/cintas-adhesivas-de-una-cara\\\/cinta-de-flejado\\\/tesa-4289-strapping-tape\\\/\",\"name\":\"Tesa 4289 Cinta de flejado | Cardinal TAPES\",\"isPartOf\":{\"@id\":\"https:\\\/\\\/cardinal-tapes.com\\\/#website\"},\"primaryImageOfPage\":{\"@id\":\"https:\\\/\\\/cardinal-tapes.com\\\/es\\\/cintas-adhesivas\\\/cintas-adhesivas-de-una-cara\\\/cinta-de-flejado\\\/tesa-4289-strapping-tape\\\/#primaryimage\"},\"image\":{\"@id\":\"https:\\\/\\\/cardinal-tapes.com\\\/es\\\/cintas-adhesivas\\\/cintas-adhesivas-de-una-cara\\\/cinta-de-flejado\\\/tesa-4289-strapping-tape\\\/#primaryimage\"},\"thumbnailUrl\":\"https:\\\/\\\/cardinal-tapes.com\\\/wp-content\\\/uploads\\\/tesa-04289.jpg\",\"datePublished\":\"2018-02-20T12:18:41+00:00\",\"dateModified\":\"2025-07-03T13:56:29+00:00\",\"description\":\"Tesa 4289 es una cinta de flejado extremadamente resistente al desgarro basada en una pel\u00edcula de MOPP con un adhesivo de caucho natural. M\u00e1s informaci\u00f3n sobre tesa 4289.\",\"breadcrumb\":{\"@id\":\"https:\\\/\\\/cardinal-tapes.com\\\/es\\\/cintas-adhesivas\\\/cintas-adhesivas-de-una-cara\\\/cinta-de-flejado\\\/tesa-4289-strapping-tape\\\/#breadcrumb\"},\"inLanguage\":\"es\",\"potentialAction\":[{\"@type\":\"ReadAction\",\"target\":[\"https:\\\/\\\/cardinal-tapes.com\\\/es\\\/cintas-adhesivas\\\/cintas-adhesivas-de-una-cara\\\/cinta-de-flejado\\\/tesa-4289-strapping-tape\\\/\"]}]},{\"@type\":\"ImageObject\",\"inLanguage\":\"es\",\"@id\":\"https:\\\/\\\/cardinal-tapes.com\\\/es\\\/cintas-adhesivas\\\/cintas-adhesivas-de-una-cara\\\/cinta-de-flejado\\\/tesa-4289-strapping-tape\\\/#primaryimage\",\"url\":\"https:\\\/\\\/cardinal-tapes.com\\\/wp-content\\\/uploads\\\/tesa-04289.jpg\",\"contentUrl\":\"https:\\\/\\\/cardinal-tapes.com\\\/wp-content\\\/uploads\\\/tesa-04289.jpg\",\"width\":600,\"height\":600,\"caption\":\"cinta adhesiva tesa 4289\"},{\"@type\":\"BreadcrumbList\",\"@id\":\"https:\\\/\\\/cardinal-tapes.com\\\/es\\\/cintas-adhesivas\\\/cintas-adhesivas-de-una-cara\\\/cinta-de-flejado\\\/tesa-4289-strapping-tape\\\/#breadcrumb\",\"itemListElement\":[{\"@type\":\"ListItem\",\"position\":1,\"name\":\"Startseite\",\"item\":\"https:\\\/\\\/cardinal-tapes.com\\\/es\\\/\"},{\"@type\":\"ListItem\",\"position\":2,\"name\":\"Cintas adhesivas\",\"item\":\"https:\\\/\\\/cardinal-tapes.com\\\/es\\\/cintas-adhesivas-es\\\/\"},{\"@type\":\"ListItem\",\"position\":3,\"name\":\"\u00c1mbitos de aplicaci\u00f3n\",\"item\":\"https:\\\/\\\/cardinal-tapes.com\\\/es\\\/categora\\\/ambitos-de-aplicacion\\\/\"},{\"@type\":\"ListItem\",\"position\":4,\"name\":\"Acero y vidrio\",\"item\":\"https:\\\/\\\/cardinal-tapes.com\\\/es\\\/categora\\\/acero-y-vidrio\\\/\"},{\"@type\":\"ListItem\",\"position\":5,\"name\":\"cinta de flejado tesa\u00ae 4289\"}]},{\"@type\":\"WebSite\",\"@id\":\"https:\\\/\\\/cardinal-tapes.com\\\/#website\",\"url\":\"https:\\\/\\\/cardinal-tapes.com\\\/\",\"name\":\"cardinal TAPES\",\"description\":\"Klebetechnik aus Wuppertal\",\"potentialAction\":[{\"@type\":\"SearchAction\",\"target\":{\"@type\":\"EntryPoint\",\"urlTemplate\":\"https:\\\/\\\/cardinal-tapes.com\\\/?s={search_term_string}\"},\"query-input\":{\"@type\":\"PropertyValueSpecification\",\"valueRequired\":true,\"valueName\":\"search_term_string\"}}],\"inLanguage\":\"es\"}]}<\/script>\n<!-- \/ Yoast SEO plugin. -->","yoast_head_json":{"title":"Tesa 4289 Cinta de flejado | Cardinal TAPES","description":"Tesa 4289 es una cinta de flejado extremadamente resistente al desgarro basada en una pel\u00edcula de MOPP con un adhesivo de caucho natural. M\u00e1s informaci\u00f3n sobre tesa 4289.","robots":{"index":"index","follow":"follow","max-snippet":"max-snippet:-1","max-image-preview":"max-image-preview:large","max-video-preview":"max-video-preview:-1"},"canonical":"https:\/\/cardinal-tapes.com\/es\/cintas-adhesivas\/cintas-adhesivas-de-una-cara\/cinta-de-flejado\/tesa-4289-strapping-tape\/","og_locale":"es_ES","og_type":"article","og_title":"Tesa 4289 Cinta de flejado | Cardinal TAPES","og_description":"Tesa 4289 es una cinta de flejado extremadamente resistente al desgarro basada en una pel\u00edcula de MOPP con un adhesivo de caucho natural. M\u00e1s informaci\u00f3n sobre tesa 4289.","og_url":"https:\/\/cardinal-tapes.com\/es\/cintas-adhesivas\/cintas-adhesivas-de-una-cara\/cinta-de-flejado\/tesa-4289-strapping-tape\/","og_site_name":"cardinal TAPES","article_modified_time":"2025-07-03T13:56:29+00:00","og_image":[{"width":600,"height":600,"url":"https:\/\/cardinal-tapes.com\/wp-content\/uploads\/tesa-04289.jpg","type":"image\/jpeg"}],"twitter_card":"summary_large_image","twitter_misc":{"Tiempo de lectura":"1 minuto"},"schema":{"@context":"https:\/\/schema.org","@graph":[{"@type":"WebPage","@id":"https:\/\/cardinal-tapes.com\/es\/cintas-adhesivas\/cintas-adhesivas-de-una-cara\/cinta-de-flejado\/tesa-4289-strapping-tape\/","url":"https:\/\/cardinal-tapes.com\/es\/cintas-adhesivas\/cintas-adhesivas-de-una-cara\/cinta-de-flejado\/tesa-4289-strapping-tape\/","name":"Tesa 4289 Cinta de flejado | Cardinal TAPES","isPartOf":{"@id":"https:\/\/cardinal-tapes.com\/#website"},"primaryImageOfPage":{"@id":"https:\/\/cardinal-tapes.com\/es\/cintas-adhesivas\/cintas-adhesivas-de-una-cara\/cinta-de-flejado\/tesa-4289-strapping-tape\/#primaryimage"},"image":{"@id":"https:\/\/cardinal-tapes.com\/es\/cintas-adhesivas\/cintas-adhesivas-de-una-cara\/cinta-de-flejado\/tesa-4289-strapping-tape\/#primaryimage"},"thumbnailUrl":"https:\/\/cardinal-tapes.com\/wp-content\/uploads\/tesa-04289.jpg","datePublished":"2018-02-20T12:18:41+00:00","dateModified":"2025-07-03T13:56:29+00:00","description":"Tesa 4289 es una cinta de flejado extremadamente resistente al desgarro basada en una pel\u00edcula de MOPP con un adhesivo de caucho natural. M\u00e1s informaci\u00f3n sobre tesa 4289.","breadcrumb":{"@id":"https:\/\/cardinal-tapes.com\/es\/cintas-adhesivas\/cintas-adhesivas-de-una-cara\/cinta-de-flejado\/tesa-4289-strapping-tape\/#breadcrumb"},"inLanguage":"es","potentialAction":[{"@type":"ReadAction","target":["https:\/\/cardinal-tapes.com\/es\/cintas-adhesivas\/cintas-adhesivas-de-una-cara\/cinta-de-flejado\/tesa-4289-strapping-tape\/"]}]},{"@type":"ImageObject","inLanguage":"es","@id":"https:\/\/cardinal-tapes.com\/es\/cintas-adhesivas\/cintas-adhesivas-de-una-cara\/cinta-de-flejado\/tesa-4289-strapping-tape\/#primaryimage","url":"https:\/\/cardinal-tapes.com\/wp-content\/uploads\/tesa-04289.jpg","contentUrl":"https:\/\/cardinal-tapes.com\/wp-content\/uploads\/tesa-04289.jpg","width":600,"height":600,"caption":"cinta adhesiva tesa 4289"},{"@type":"BreadcrumbList","@id":"https:\/\/cardinal-tapes.com\/es\/cintas-adhesivas\/cintas-adhesivas-de-una-cara\/cinta-de-flejado\/tesa-4289-strapping-tape\/#breadcrumb","itemListElement":[{"@type":"ListItem","position":1,"name":"Startseite","item":"https:\/\/cardinal-tapes.com\/es\/"},{"@type":"ListItem","position":2,"name":"Cintas adhesivas","item":"https:\/\/cardinal-tapes.com\/es\/cintas-adhesivas-es\/"},{"@type":"ListItem","position":3,"name":"\u00c1mbitos de aplicaci\u00f3n","item":"https:\/\/cardinal-tapes.com\/es\/categora\/ambitos-de-aplicacion\/"},{"@type":"ListItem","position":4,"name":"Acero y vidrio","item":"https:\/\/cardinal-tapes.com\/es\/categora\/acero-y-vidrio\/"},{"@type":"ListItem","position":5,"name":"cinta de flejado tesa\u00ae 4289"}]},{"@type":"WebSite","@id":"https:\/\/cardinal-tapes.com\/#website","url":"https:\/\/cardinal-tapes.com\/","name":"cardinal TAPES","description":"Klebetechnik aus Wuppertal","potentialAction":[{"@type":"SearchAction","target":{"@type":"EntryPoint","urlTemplate":"https:\/\/cardinal-tapes.com\/?s={search_term_string}"},"query-input":{"@type":"PropertyValueSpecification","valueRequired":true,"valueName":"search_term_string"}}],"inLanguage":"es"}]}},"brands":[{"id":2163,"name":"tesa","slug":"tesa-es"}],"_links":{"self":[{"href":"https:\/\/cardinal-tapes.com\/es\/wp-json\/wp\/v2\/product\/58049","targetHints":{"allow":["GET"]}}],"collection":[{"href":"https:\/\/cardinal-tapes.com\/es\/wp-json\/wp\/v2\/product"}],"about":[{"href":"https:\/\/cardinal-tapes.com\/es\/wp-json\/wp\/v2\/types\/product"}],"wp:featuredmedia":[{"embeddable":true,"href":"https:\/\/cardinal-tapes.com\/es\/wp-json\/wp\/v2\/media\/26459"}],"wp:attachment":[{"href":"https:\/\/cardinal-tapes.com\/es\/wp-json\/wp\/v2\/media?parent=58049"}],"wp:term":[{"taxonomy":"pwb-brand","embeddable":true,"href":"https:\/\/cardinal-tapes.com\/es\/wp-json\/wp\/v2\/pwb-brand?post=58049"},{"taxonomy":"product_brand","embeddable":true,"href":"https:\/\/cardinal-tapes.com\/es\/wp-json\/wp\/v2\/product_brand?post=58049"},{"taxonomy":"product_cat","embeddable":true,"href":"https:\/\/cardinal-tapes.com\/es\/wp-json\/wp\/v2\/product_cat?post=58049"},{"taxonomy":"product_tag","embeddable":true,"href":"https:\/\/cardinal-tapes.com\/es\/wp-json\/wp\/v2\/product_tag?post=58049"}],"curies":[{"name":"wp","href":"https:\/\/api.w.org\/{rel}","templated":true}]}}