{"id":57543,"date":"2018-02-20T13:07:12","date_gmt":"2023-06-05T15:27:16","guid":{"rendered":"https:\/\/cardinal.pixel-tal.de\/klebebaender\/sin%20categor\u00eda\/tesafilm-4156-pv1-film-adhesivo-especial-para-litografia-enmascaramiento\/"},"modified":"2025-07-03T15:56:29","modified_gmt":"2025-07-03T13:56:29","slug":"tesa-4156-pelicula-adhesiva-especial-para-recubrimiento-litografico","status":"publish","type":"product","link":"https:\/\/cardinal-tapes.com\/es\/cintas-adhesivas\/cintas-adhesivas-de-una-cara\/tesa-4156-pelicula-adhesiva-especial-para-recubrimiento-litografico\/","title":{"rendered":"tesafilm\u00ae 4156 PV1 Film adhesivo especial para litograf\u00eda, enmascaramiento"},"content":{"rendered":"<section class=\"component js-toc-target\" data-style=\"components\/article-text\" data-toc-name=\"toc-pages-product-product-description\">\n<div class=\"row\">\n<div class=\"col-default-12 col-sm-9\">\n<p><sup>tesafilm\u00ae<\/sup> 4156 PV1 es una pel\u00edcula adhesiva especial resistente al desgarro para trabajos de enmascaramiento y m\u00e1scara en litograf\u00eda. El producto est\u00e1 disponible en rojo litogr\u00e1fico (57). Los dispensadores de litograf\u00eda <span class=\"lowercase\">tesa<\/span> 6082 y 6090 se recomiendan como aplicadores debido a sus cuchillas lisas.<\/p>\n<p><strong>Propiedades<\/strong><br \/>\n&#8211; <sup>tesafilm\u00ae<\/sup> 4156 PV1 es resistente a la luz y al envejecimiento y se puede retirar de forma r\u00e1pida y limpia.<br \/>\n&#8211; Gracias a su revestimiento posterior, es f\u00e1cil de desenrollar y no tiende a acumular bordes.<br \/>\n&#8211; Gracias a sus propiedades adhesivas especiales, tesa\u00ae 4156 PV1 es muy adecuada para pegar l\u00e1minas.<br \/>\n&#8211; Cobertura segura y con bordes definidos.<\/p>\n<p><strong>Aplicaciones<\/strong><br \/>\n&#8211; Trabajos de recubrimiento y enmascaramiento en litograf\u00eda<\/p>\n<p>&nbsp;<\/p>\n<\/div>\n<\/div>\n<\/section>\n","protected":false},"excerpt":{"rendered":"<p>tesafilm\u00ae 4156 PV1 es una pel\u00edcula adhesiva especial resistente al desgarro para trabajos de enmascaramiento y m\u00e1scara en litograf\u00eda. El producto est\u00e1 disponible en rojo litogr\u00e1fico (57). Los dispensadores de litograf\u00eda tesa 6082 y 6090 se recomiendan como aplicadores debido a sus cuchillas lisas. Propiedades &#8211; tesafilm\u00ae 4156 PV1 es resistente a la luz y [&hellip;]<\/p>\n","protected":false},"featured_media":26455,"template":"","meta":{"_acf_changed":false},"pwb-brand":[2163],"product_brand":[],"product_cat":[1806],"product_tag":[],"class_list":{"0":"post-57543","1":"product","2":"type-product","3":"status-publish","4":"has-post-thumbnail","6":"pwb-brand-tesa-es","7":"product_cat-cintas-adhesivas-de-una-cara","9":"first","10":"instock","11":"taxable","12":"shipping-taxable","13":"purchasable","14":"product-type-variable"},"acf":[],"yoast_head":"<!-- This site is optimized with the Yoast SEO plugin v27.3 - https:\/\/yoast.com\/product\/yoast-seo-wordpress\/ -->\n<title>Tesa 4156 Film adhesivo especial para litograf\u00eda | Cardinal TAPES<\/title>\n<meta name=\"description\" content=\"Tesa 4156 es una pel\u00edcula adhesiva especial resistente al desgarro para trabajos de enmascaramiento y m\u00e1scara en litograf\u00eda. Obtenga m\u00e1s informaci\u00f3n aqu\u00ed.\" \/>\n<meta name=\"robots\" content=\"index, follow, max-snippet:-1, max-image-preview:large, max-video-preview:-1\" \/>\n<link rel=\"canonical\" href=\"https:\/\/cardinal-tapes.com\/es\/cintas-adhesivas\/cintas-adhesivas-de-una-cara\/tesa-4156-pelicula-adhesiva-especial-para-recubrimiento-litografico\/\" \/>\n<meta property=\"og:locale\" content=\"es_ES\" \/>\n<meta property=\"og:type\" content=\"article\" \/>\n<meta property=\"og:title\" content=\"Tesa 4156 Film adhesivo especial para litograf\u00eda | Cardinal TAPES\" \/>\n<meta property=\"og:description\" content=\"Tesa 4156 es una pel\u00edcula adhesiva especial resistente al desgarro para trabajos de enmascaramiento y m\u00e1scara en litograf\u00eda. Obtenga m\u00e1s informaci\u00f3n aqu\u00ed.\" \/>\n<meta property=\"og:url\" content=\"https:\/\/cardinal-tapes.com\/es\/cintas-adhesivas\/cintas-adhesivas-de-una-cara\/tesa-4156-pelicula-adhesiva-especial-para-recubrimiento-litografico\/\" \/>\n<meta property=\"og:site_name\" content=\"cardinal TAPES\" \/>\n<meta property=\"article:modified_time\" content=\"2025-07-03T13:56:29+00:00\" \/>\n<meta property=\"og:image\" content=\"https:\/\/cardinal-tapes.com\/wp-content\/uploads\/tesa-04156.jpg\" \/>\n\t<meta property=\"og:image:width\" content=\"600\" \/>\n\t<meta property=\"og:image:height\" content=\"600\" \/>\n\t<meta property=\"og:image:type\" content=\"image\/jpeg\" \/>\n<meta name=\"twitter:card\" content=\"summary_large_image\" \/>\n<meta name=\"twitter:label1\" content=\"Tiempo de lectura\" \/>\n\t<meta name=\"twitter:data1\" content=\"1 minuto\" \/>\n<script type=\"application\/ld+json\" class=\"yoast-schema-graph\">{\"@context\":\"https:\\\/\\\/schema.org\",\"@graph\":[{\"@type\":\"WebPage\",\"@id\":\"https:\\\/\\\/cardinal-tapes.com\\\/es\\\/cintas-adhesivas\\\/cintas-adhesivas-de-una-cara\\\/tesa-4156-pelicula-adhesiva-especial-para-recubrimiento-litografico\\\/\",\"url\":\"https:\\\/\\\/cardinal-tapes.com\\\/es\\\/cintas-adhesivas\\\/cintas-adhesivas-de-una-cara\\\/tesa-4156-pelicula-adhesiva-especial-para-recubrimiento-litografico\\\/\",\"name\":\"Tesa 4156 Film adhesivo especial para litograf\u00eda | Cardinal TAPES\",\"isPartOf\":{\"@id\":\"https:\\\/\\\/cardinal-tapes.com\\\/#website\"},\"primaryImageOfPage\":{\"@id\":\"https:\\\/\\\/cardinal-tapes.com\\\/es\\\/cintas-adhesivas\\\/cintas-adhesivas-de-una-cara\\\/tesa-4156-pelicula-adhesiva-especial-para-recubrimiento-litografico\\\/#primaryimage\"},\"image\":{\"@id\":\"https:\\\/\\\/cardinal-tapes.com\\\/es\\\/cintas-adhesivas\\\/cintas-adhesivas-de-una-cara\\\/tesa-4156-pelicula-adhesiva-especial-para-recubrimiento-litografico\\\/#primaryimage\"},\"thumbnailUrl\":\"https:\\\/\\\/cardinal-tapes.com\\\/wp-content\\\/uploads\\\/tesa-04156.jpg\",\"datePublished\":\"2023-06-05T15:27:16+00:00\",\"dateModified\":\"2025-07-03T13:56:29+00:00\",\"description\":\"Tesa 4156 es una pel\u00edcula adhesiva especial resistente al desgarro para trabajos de enmascaramiento y m\u00e1scara en litograf\u00eda. Obtenga m\u00e1s informaci\u00f3n aqu\u00ed.\",\"breadcrumb\":{\"@id\":\"https:\\\/\\\/cardinal-tapes.com\\\/es\\\/cintas-adhesivas\\\/cintas-adhesivas-de-una-cara\\\/tesa-4156-pelicula-adhesiva-especial-para-recubrimiento-litografico\\\/#breadcrumb\"},\"inLanguage\":\"es\",\"potentialAction\":[{\"@type\":\"ReadAction\",\"target\":[\"https:\\\/\\\/cardinal-tapes.com\\\/es\\\/cintas-adhesivas\\\/cintas-adhesivas-de-una-cara\\\/tesa-4156-pelicula-adhesiva-especial-para-recubrimiento-litografico\\\/\"]}]},{\"@type\":\"ImageObject\",\"inLanguage\":\"es\",\"@id\":\"https:\\\/\\\/cardinal-tapes.com\\\/es\\\/cintas-adhesivas\\\/cintas-adhesivas-de-una-cara\\\/tesa-4156-pelicula-adhesiva-especial-para-recubrimiento-litografico\\\/#primaryimage\",\"url\":\"https:\\\/\\\/cardinal-tapes.com\\\/wp-content\\\/uploads\\\/tesa-04156.jpg\",\"contentUrl\":\"https:\\\/\\\/cardinal-tapes.com\\\/wp-content\\\/uploads\\\/tesa-04156.jpg\",\"width\":600,\"height\":600,\"caption\":\"cinta adhesiva tesa 4156\"},{\"@type\":\"BreadcrumbList\",\"@id\":\"https:\\\/\\\/cardinal-tapes.com\\\/es\\\/cintas-adhesivas\\\/cintas-adhesivas-de-una-cara\\\/tesa-4156-pelicula-adhesiva-especial-para-recubrimiento-litografico\\\/#breadcrumb\",\"itemListElement\":[{\"@type\":\"ListItem\",\"position\":1,\"name\":\"Startseite\",\"item\":\"https:\\\/\\\/cardinal-tapes.com\\\/es\\\/\"},{\"@type\":\"ListItem\",\"position\":2,\"name\":\"Cintas adhesivas\",\"item\":\"https:\\\/\\\/cardinal-tapes.com\\\/es\\\/cintas-adhesivas-es\\\/\"},{\"@type\":\"ListItem\",\"position\":3,\"name\":\"Cintas adhesivas de una cara\",\"item\":\"https:\\\/\\\/cardinal-tapes.com\\\/es\\\/categora\\\/cintas-adhesivas-de-una-cara\\\/\"},{\"@type\":\"ListItem\",\"position\":4,\"name\":\"tesafilm\u00ae 4156 PV1 Film adhesivo especial para litograf\u00eda, enmascaramiento\"}]},{\"@type\":\"WebSite\",\"@id\":\"https:\\\/\\\/cardinal-tapes.com\\\/#website\",\"url\":\"https:\\\/\\\/cardinal-tapes.com\\\/\",\"name\":\"cardinal TAPES\",\"description\":\"Klebetechnik aus Wuppertal\",\"potentialAction\":[{\"@type\":\"SearchAction\",\"target\":{\"@type\":\"EntryPoint\",\"urlTemplate\":\"https:\\\/\\\/cardinal-tapes.com\\\/?s={search_term_string}\"},\"query-input\":{\"@type\":\"PropertyValueSpecification\",\"valueRequired\":true,\"valueName\":\"search_term_string\"}}],\"inLanguage\":\"es\"}]}<\/script>\n<!-- \/ Yoast SEO plugin. -->","yoast_head_json":{"title":"Tesa 4156 Film adhesivo especial para litograf\u00eda | Cardinal TAPES","description":"Tesa 4156 es una pel\u00edcula adhesiva especial resistente al desgarro para trabajos de enmascaramiento y m\u00e1scara en litograf\u00eda. Obtenga m\u00e1s informaci\u00f3n aqu\u00ed.","robots":{"index":"index","follow":"follow","max-snippet":"max-snippet:-1","max-image-preview":"max-image-preview:large","max-video-preview":"max-video-preview:-1"},"canonical":"https:\/\/cardinal-tapes.com\/es\/cintas-adhesivas\/cintas-adhesivas-de-una-cara\/tesa-4156-pelicula-adhesiva-especial-para-recubrimiento-litografico\/","og_locale":"es_ES","og_type":"article","og_title":"Tesa 4156 Film adhesivo especial para litograf\u00eda | Cardinal TAPES","og_description":"Tesa 4156 es una pel\u00edcula adhesiva especial resistente al desgarro para trabajos de enmascaramiento y m\u00e1scara en litograf\u00eda. Obtenga m\u00e1s informaci\u00f3n aqu\u00ed.","og_url":"https:\/\/cardinal-tapes.com\/es\/cintas-adhesivas\/cintas-adhesivas-de-una-cara\/tesa-4156-pelicula-adhesiva-especial-para-recubrimiento-litografico\/","og_site_name":"cardinal TAPES","article_modified_time":"2025-07-03T13:56:29+00:00","og_image":[{"width":600,"height":600,"url":"https:\/\/cardinal-tapes.com\/wp-content\/uploads\/tesa-04156.jpg","type":"image\/jpeg"}],"twitter_card":"summary_large_image","twitter_misc":{"Tiempo de lectura":"1 minuto"},"schema":{"@context":"https:\/\/schema.org","@graph":[{"@type":"WebPage","@id":"https:\/\/cardinal-tapes.com\/es\/cintas-adhesivas\/cintas-adhesivas-de-una-cara\/tesa-4156-pelicula-adhesiva-especial-para-recubrimiento-litografico\/","url":"https:\/\/cardinal-tapes.com\/es\/cintas-adhesivas\/cintas-adhesivas-de-una-cara\/tesa-4156-pelicula-adhesiva-especial-para-recubrimiento-litografico\/","name":"Tesa 4156 Film adhesivo especial para litograf\u00eda | Cardinal TAPES","isPartOf":{"@id":"https:\/\/cardinal-tapes.com\/#website"},"primaryImageOfPage":{"@id":"https:\/\/cardinal-tapes.com\/es\/cintas-adhesivas\/cintas-adhesivas-de-una-cara\/tesa-4156-pelicula-adhesiva-especial-para-recubrimiento-litografico\/#primaryimage"},"image":{"@id":"https:\/\/cardinal-tapes.com\/es\/cintas-adhesivas\/cintas-adhesivas-de-una-cara\/tesa-4156-pelicula-adhesiva-especial-para-recubrimiento-litografico\/#primaryimage"},"thumbnailUrl":"https:\/\/cardinal-tapes.com\/wp-content\/uploads\/tesa-04156.jpg","datePublished":"2023-06-05T15:27:16+00:00","dateModified":"2025-07-03T13:56:29+00:00","description":"Tesa 4156 es una pel\u00edcula adhesiva especial resistente al desgarro para trabajos de enmascaramiento y m\u00e1scara en litograf\u00eda. Obtenga m\u00e1s informaci\u00f3n aqu\u00ed.","breadcrumb":{"@id":"https:\/\/cardinal-tapes.com\/es\/cintas-adhesivas\/cintas-adhesivas-de-una-cara\/tesa-4156-pelicula-adhesiva-especial-para-recubrimiento-litografico\/#breadcrumb"},"inLanguage":"es","potentialAction":[{"@type":"ReadAction","target":["https:\/\/cardinal-tapes.com\/es\/cintas-adhesivas\/cintas-adhesivas-de-una-cara\/tesa-4156-pelicula-adhesiva-especial-para-recubrimiento-litografico\/"]}]},{"@type":"ImageObject","inLanguage":"es","@id":"https:\/\/cardinal-tapes.com\/es\/cintas-adhesivas\/cintas-adhesivas-de-una-cara\/tesa-4156-pelicula-adhesiva-especial-para-recubrimiento-litografico\/#primaryimage","url":"https:\/\/cardinal-tapes.com\/wp-content\/uploads\/tesa-04156.jpg","contentUrl":"https:\/\/cardinal-tapes.com\/wp-content\/uploads\/tesa-04156.jpg","width":600,"height":600,"caption":"cinta adhesiva tesa 4156"},{"@type":"BreadcrumbList","@id":"https:\/\/cardinal-tapes.com\/es\/cintas-adhesivas\/cintas-adhesivas-de-una-cara\/tesa-4156-pelicula-adhesiva-especial-para-recubrimiento-litografico\/#breadcrumb","itemListElement":[{"@type":"ListItem","position":1,"name":"Startseite","item":"https:\/\/cardinal-tapes.com\/es\/"},{"@type":"ListItem","position":2,"name":"Cintas adhesivas","item":"https:\/\/cardinal-tapes.com\/es\/cintas-adhesivas-es\/"},{"@type":"ListItem","position":3,"name":"Cintas adhesivas de una cara","item":"https:\/\/cardinal-tapes.com\/es\/categora\/cintas-adhesivas-de-una-cara\/"},{"@type":"ListItem","position":4,"name":"tesafilm\u00ae 4156 PV1 Film adhesivo especial para litograf\u00eda, enmascaramiento"}]},{"@type":"WebSite","@id":"https:\/\/cardinal-tapes.com\/#website","url":"https:\/\/cardinal-tapes.com\/","name":"cardinal TAPES","description":"Klebetechnik aus Wuppertal","potentialAction":[{"@type":"SearchAction","target":{"@type":"EntryPoint","urlTemplate":"https:\/\/cardinal-tapes.com\/?s={search_term_string}"},"query-input":{"@type":"PropertyValueSpecification","valueRequired":true,"valueName":"search_term_string"}}],"inLanguage":"es"}]}},"brands":[{"id":2163,"name":"tesa","slug":"tesa-es"}],"_links":{"self":[{"href":"https:\/\/cardinal-tapes.com\/es\/wp-json\/wp\/v2\/product\/57543","targetHints":{"allow":["GET"]}}],"collection":[{"href":"https:\/\/cardinal-tapes.com\/es\/wp-json\/wp\/v2\/product"}],"about":[{"href":"https:\/\/cardinal-tapes.com\/es\/wp-json\/wp\/v2\/types\/product"}],"wp:featuredmedia":[{"embeddable":true,"href":"https:\/\/cardinal-tapes.com\/es\/wp-json\/wp\/v2\/media\/26455"}],"wp:attachment":[{"href":"https:\/\/cardinal-tapes.com\/es\/wp-json\/wp\/v2\/media?parent=57543"}],"wp:term":[{"taxonomy":"pwb-brand","embeddable":true,"href":"https:\/\/cardinal-tapes.com\/es\/wp-json\/wp\/v2\/pwb-brand?post=57543"},{"taxonomy":"product_brand","embeddable":true,"href":"https:\/\/cardinal-tapes.com\/es\/wp-json\/wp\/v2\/product_brand?post=57543"},{"taxonomy":"product_cat","embeddable":true,"href":"https:\/\/cardinal-tapes.com\/es\/wp-json\/wp\/v2\/product_cat?post=57543"},{"taxonomy":"product_tag","embeddable":true,"href":"https:\/\/cardinal-tapes.com\/es\/wp-json\/wp\/v2\/product_tag?post=57543"}],"curies":[{"name":"wp","href":"https:\/\/api.w.org\/{rel}","templated":true}]}}