{"id":57496,"date":"2018-02-20T11:11:59","date_gmt":"2023-06-05T15:27:16","guid":{"rendered":"https:\/\/cardinal.pixel-tal.de\/klebebaender\/sin%20categor\u00eda\/tesaband-53949-cinta-de-tejido-mate-no-reflectante\/"},"modified":"2025-07-03T15:50:37","modified_gmt":"2025-07-03T13:50:37","slug":"tesa-53949-matt-cinta-tejida-no-reflectante","status":"publish","type":"product","link":"https:\/\/cardinal-tapes.com\/es\/cintas-adhesivas\/ambitos-de-aplicacion\/industria-de-la-construccion\/tesa-53949-matt-cinta-tejida-no-reflectante\/","title":{"rendered":"tesaband\u00ae 53949 Cinta de tejido mate, no reflectante"},"content":{"rendered":"<p><sup>tesa\u00ae<\/sup> 53949 PV2 es una cinta textil mate recubierta de PE. Consiste en un tejido PET\/algod\u00f3n de malla 80 con un adhesivo de caucho natural. Ofrece la soluci\u00f3n ideal para todas las aplicaciones en las que deben evitarse las reflexiones. La cinta de tela tiene una buena fuerza adhesiva (incluso en superficies rugosas) y absorbe la luz, es decir, no es reflectante. Puede rasgarse f\u00e1cilmente con la mano y retirarse con rapidez. Adem\u00e1s, es repelente al agua y resistente a la intemperie.<\/p>\n<p><strong>Propiedades<\/strong><br \/>\n&#8211; Buena fuerza adhesiva, incluso en superficies rugosas<br \/>\n&#8211; Absorbe la luz \/ no reflectante<br \/>\n&#8211; F\u00e1cil de rasgar con la mano<br \/>\n&#8211; F\u00e1cil y r\u00e1pido de retirar<br \/>\n&#8211; Resistente a la abrasi\u00f3n y suave<br \/>\n&#8211; Repelente al agua y resistente a la intemperie<br \/>\n&#8211; Flexible y flexible<\/p>\n<p><strong>Aplicaciones<\/strong><br \/>\n&#8211; Aplicaciones en el escenario y entre bastidores en teatro, \u00f3pera, escenograf\u00eda y cine<br \/>\n&#8211; Para cubrir superficies brillantes y reflectantes<br \/>\n&#8211; Fijaci\u00f3n temporal de cables en suelos, moquetas o paredes, por ejemplo<br \/>\n&#8211; Encintado de juntas y huecos<br \/>\n&#8211; Se\u00f1alizaci\u00f3n de suelos, por ejemplo, marcas de posici\u00f3n.<\/p>\n<section class=\"component js-controller js-toc-target\" data-style=\"components\/article-slider\" data-controller=\"components\/ArticleSliderController\" data-tracking-disabled=\"\" data-toc-name=\"toc-media-gallery\">\n<div class=\"row\">\n<div class=\"col-default-12 col-sm-9 slider-column-wrapper\">\n<div class=\"main-slider-wrapper\">\n<div class=\"js-main-slider slick-initialized slick-slider\">\n<div class=\"slick-list draggable\" aria-live=\"polite\">\n<div class=\"slick-track\"><\/div>\n<\/div>\n<\/div>\n<\/div>\n<\/div>\n<\/div>\n<\/section>\n","protected":false},"excerpt":{"rendered":"<p>tesa\u00ae 53949 PV2 es una cinta textil mate recubierta de PE. Consiste en un tejido PET\/algod\u00f3n de malla 80 con un adhesivo de caucho natural. Ofrece la soluci\u00f3n ideal para todas las aplicaciones en las que deben evitarse las reflexiones. La cinta de tela tiene una buena fuerza adhesiva (incluso en superficies rugosas) y absorbe [&hellip;]<\/p>\n","protected":false},"featured_media":26035,"template":"","meta":{"_acf_changed":false},"pwb-brand":[2163],"product_brand":[],"product_cat":[1699,1705,1806],"product_tag":[],"class_list":{"0":"post-57496","1":"product","2":"type-product","3":"status-publish","4":"has-post-thumbnail","6":"pwb-brand-tesa-es","7":"product_cat-industria-de-la-construccion","8":"product_cat-cinta-de-tela","9":"product_cat-cintas-adhesivas-de-una-cara","11":"first","12":"instock","13":"taxable","14":"shipping-taxable","15":"purchasable","16":"product-type-variable"},"acf":[],"yoast_head":"<!-- This site is optimized with the Yoast SEO plugin v27.3 - https:\/\/yoast.com\/product\/yoast-seo-wordpress\/ -->\n<title>Tesa 53949 Cinta de tejido mate, no reflectante | Cardinal TAPES<\/title>\n<meta name=\"description\" content=\"Tesa 53949 es una cinta textil mate recubierta de PE. Consiste en un tejido PET\/algod\u00f3n de malla 80 con un adhesivo de caucho natural.\" \/>\n<meta name=\"robots\" content=\"index, follow, max-snippet:-1, max-image-preview:large, max-video-preview:-1\" \/>\n<link rel=\"canonical\" href=\"https:\/\/cardinal-tapes.com\/es\/cintas-adhesivas\/ambitos-de-aplicacion\/industria-de-la-construccion\/tesa-53949-matt-cinta-tejida-no-reflectante\/\" \/>\n<meta property=\"og:locale\" content=\"es_ES\" \/>\n<meta property=\"og:type\" content=\"article\" \/>\n<meta property=\"og:title\" content=\"Tesa 53949 Cinta de tejido mate, no reflectante | Cardinal TAPES\" \/>\n<meta property=\"og:description\" content=\"Tesa 53949 es una cinta textil mate recubierta de PE. Consiste en un tejido PET\/algod\u00f3n de malla 80 con un adhesivo de caucho natural.\" \/>\n<meta property=\"og:url\" content=\"https:\/\/cardinal-tapes.com\/es\/cintas-adhesivas\/ambitos-de-aplicacion\/industria-de-la-construccion\/tesa-53949-matt-cinta-tejida-no-reflectante\/\" \/>\n<meta property=\"og:site_name\" content=\"cardinal TAPES\" \/>\n<meta property=\"article:modified_time\" content=\"2025-07-03T13:50:37+00:00\" \/>\n<meta property=\"og:image\" content=\"https:\/\/cardinal-tapes.com\/wp-content\/uploads\/tesa-53949-as-001-fullsize173244_canvas1x1_6.jpg\" \/>\n\t<meta property=\"og:image:width\" content=\"640\" \/>\n\t<meta property=\"og:image:height\" content=\"453\" \/>\n\t<meta property=\"og:image:type\" content=\"image\/jpeg\" \/>\n<meta name=\"twitter:card\" content=\"summary_large_image\" \/>\n<meta name=\"twitter:label1\" content=\"Tiempo de lectura\" \/>\n\t<meta name=\"twitter:data1\" content=\"1 minuto\" \/>\n<script type=\"application\/ld+json\" class=\"yoast-schema-graph\">{\"@context\":\"https:\\\/\\\/schema.org\",\"@graph\":[{\"@type\":\"WebPage\",\"@id\":\"https:\\\/\\\/cardinal-tapes.com\\\/es\\\/cintas-adhesivas\\\/ambitos-de-aplicacion\\\/industria-de-la-construccion\\\/tesa-53949-matt-cinta-tejida-no-reflectante\\\/\",\"url\":\"https:\\\/\\\/cardinal-tapes.com\\\/es\\\/cintas-adhesivas\\\/ambitos-de-aplicacion\\\/industria-de-la-construccion\\\/tesa-53949-matt-cinta-tejida-no-reflectante\\\/\",\"name\":\"Tesa 53949 Cinta de tejido mate, no reflectante | Cardinal TAPES\",\"isPartOf\":{\"@id\":\"https:\\\/\\\/cardinal-tapes.com\\\/#website\"},\"primaryImageOfPage\":{\"@id\":\"https:\\\/\\\/cardinal-tapes.com\\\/es\\\/cintas-adhesivas\\\/ambitos-de-aplicacion\\\/industria-de-la-construccion\\\/tesa-53949-matt-cinta-tejida-no-reflectante\\\/#primaryimage\"},\"image\":{\"@id\":\"https:\\\/\\\/cardinal-tapes.com\\\/es\\\/cintas-adhesivas\\\/ambitos-de-aplicacion\\\/industria-de-la-construccion\\\/tesa-53949-matt-cinta-tejida-no-reflectante\\\/#primaryimage\"},\"thumbnailUrl\":\"https:\\\/\\\/cardinal-tapes.com\\\/wp-content\\\/uploads\\\/tesa-53949-as-001-fullsize173244_canvas1x1_6.jpg\",\"datePublished\":\"2023-06-05T15:27:16+00:00\",\"dateModified\":\"2025-07-03T13:50:37+00:00\",\"description\":\"Tesa 53949 es una cinta textil mate recubierta de PE. Consiste en un tejido PET\\\/algod\u00f3n de malla 80 con un adhesivo de caucho natural.\",\"breadcrumb\":{\"@id\":\"https:\\\/\\\/cardinal-tapes.com\\\/es\\\/cintas-adhesivas\\\/ambitos-de-aplicacion\\\/industria-de-la-construccion\\\/tesa-53949-matt-cinta-tejida-no-reflectante\\\/#breadcrumb\"},\"inLanguage\":\"es\",\"potentialAction\":[{\"@type\":\"ReadAction\",\"target\":[\"https:\\\/\\\/cardinal-tapes.com\\\/es\\\/cintas-adhesivas\\\/ambitos-de-aplicacion\\\/industria-de-la-construccion\\\/tesa-53949-matt-cinta-tejida-no-reflectante\\\/\"]}]},{\"@type\":\"ImageObject\",\"inLanguage\":\"es\",\"@id\":\"https:\\\/\\\/cardinal-tapes.com\\\/es\\\/cintas-adhesivas\\\/ambitos-de-aplicacion\\\/industria-de-la-construccion\\\/tesa-53949-matt-cinta-tejida-no-reflectante\\\/#primaryimage\",\"url\":\"https:\\\/\\\/cardinal-tapes.com\\\/wp-content\\\/uploads\\\/tesa-53949-as-001-fullsize173244_canvas1x1_6.jpg\",\"contentUrl\":\"https:\\\/\\\/cardinal-tapes.com\\\/wp-content\\\/uploads\\\/tesa-53949-as-001-fullsize173244_canvas1x1_6.jpg\",\"width\":640,\"height\":453,\"caption\":\"tesa 53949\"},{\"@type\":\"BreadcrumbList\",\"@id\":\"https:\\\/\\\/cardinal-tapes.com\\\/es\\\/cintas-adhesivas\\\/ambitos-de-aplicacion\\\/industria-de-la-construccion\\\/tesa-53949-matt-cinta-tejida-no-reflectante\\\/#breadcrumb\",\"itemListElement\":[{\"@type\":\"ListItem\",\"position\":1,\"name\":\"Startseite\",\"item\":\"https:\\\/\\\/cardinal-tapes.com\\\/es\\\/\"},{\"@type\":\"ListItem\",\"position\":2,\"name\":\"Cintas adhesivas\",\"item\":\"https:\\\/\\\/cardinal-tapes.com\\\/es\\\/cintas-adhesivas-es\\\/\"},{\"@type\":\"ListItem\",\"position\":3,\"name\":\"Einseitige Klebeb\u00e4nder\",\"item\":\"https:\\\/\\\/cardinal-tapes.com\\\/kategorie\\\/einseitige-klebebaender\\\/\"},{\"@type\":\"ListItem\",\"position\":4,\"name\":\"tesaband\u00ae 53949 Cinta de tejido mate, no reflectante\"}]},{\"@type\":\"WebSite\",\"@id\":\"https:\\\/\\\/cardinal-tapes.com\\\/#website\",\"url\":\"https:\\\/\\\/cardinal-tapes.com\\\/\",\"name\":\"cardinal TAPES\",\"description\":\"Klebetechnik aus Wuppertal\",\"potentialAction\":[{\"@type\":\"SearchAction\",\"target\":{\"@type\":\"EntryPoint\",\"urlTemplate\":\"https:\\\/\\\/cardinal-tapes.com\\\/?s={search_term_string}\"},\"query-input\":{\"@type\":\"PropertyValueSpecification\",\"valueRequired\":true,\"valueName\":\"search_term_string\"}}],\"inLanguage\":\"es\"}]}<\/script>\n<!-- \/ Yoast SEO plugin. -->","yoast_head_json":{"title":"Tesa 53949 Cinta de tejido mate, no reflectante | Cardinal TAPES","description":"Tesa 53949 es una cinta textil mate recubierta de PE. Consiste en un tejido PET\/algod\u00f3n de malla 80 con un adhesivo de caucho natural.","robots":{"index":"index","follow":"follow","max-snippet":"max-snippet:-1","max-image-preview":"max-image-preview:large","max-video-preview":"max-video-preview:-1"},"canonical":"https:\/\/cardinal-tapes.com\/es\/cintas-adhesivas\/ambitos-de-aplicacion\/industria-de-la-construccion\/tesa-53949-matt-cinta-tejida-no-reflectante\/","og_locale":"es_ES","og_type":"article","og_title":"Tesa 53949 Cinta de tejido mate, no reflectante | Cardinal TAPES","og_description":"Tesa 53949 es una cinta textil mate recubierta de PE. Consiste en un tejido PET\/algod\u00f3n de malla 80 con un adhesivo de caucho natural.","og_url":"https:\/\/cardinal-tapes.com\/es\/cintas-adhesivas\/ambitos-de-aplicacion\/industria-de-la-construccion\/tesa-53949-matt-cinta-tejida-no-reflectante\/","og_site_name":"cardinal TAPES","article_modified_time":"2025-07-03T13:50:37+00:00","og_image":[{"width":640,"height":453,"url":"https:\/\/cardinal-tapes.com\/wp-content\/uploads\/tesa-53949-as-001-fullsize173244_canvas1x1_6.jpg","type":"image\/jpeg"}],"twitter_card":"summary_large_image","twitter_misc":{"Tiempo de lectura":"1 minuto"},"schema":{"@context":"https:\/\/schema.org","@graph":[{"@type":"WebPage","@id":"https:\/\/cardinal-tapes.com\/es\/cintas-adhesivas\/ambitos-de-aplicacion\/industria-de-la-construccion\/tesa-53949-matt-cinta-tejida-no-reflectante\/","url":"https:\/\/cardinal-tapes.com\/es\/cintas-adhesivas\/ambitos-de-aplicacion\/industria-de-la-construccion\/tesa-53949-matt-cinta-tejida-no-reflectante\/","name":"Tesa 53949 Cinta de tejido mate, no reflectante | Cardinal TAPES","isPartOf":{"@id":"https:\/\/cardinal-tapes.com\/#website"},"primaryImageOfPage":{"@id":"https:\/\/cardinal-tapes.com\/es\/cintas-adhesivas\/ambitos-de-aplicacion\/industria-de-la-construccion\/tesa-53949-matt-cinta-tejida-no-reflectante\/#primaryimage"},"image":{"@id":"https:\/\/cardinal-tapes.com\/es\/cintas-adhesivas\/ambitos-de-aplicacion\/industria-de-la-construccion\/tesa-53949-matt-cinta-tejida-no-reflectante\/#primaryimage"},"thumbnailUrl":"https:\/\/cardinal-tapes.com\/wp-content\/uploads\/tesa-53949-as-001-fullsize173244_canvas1x1_6.jpg","datePublished":"2023-06-05T15:27:16+00:00","dateModified":"2025-07-03T13:50:37+00:00","description":"Tesa 53949 es una cinta textil mate recubierta de PE. Consiste en un tejido PET\/algod\u00f3n de malla 80 con un adhesivo de caucho natural.","breadcrumb":{"@id":"https:\/\/cardinal-tapes.com\/es\/cintas-adhesivas\/ambitos-de-aplicacion\/industria-de-la-construccion\/tesa-53949-matt-cinta-tejida-no-reflectante\/#breadcrumb"},"inLanguage":"es","potentialAction":[{"@type":"ReadAction","target":["https:\/\/cardinal-tapes.com\/es\/cintas-adhesivas\/ambitos-de-aplicacion\/industria-de-la-construccion\/tesa-53949-matt-cinta-tejida-no-reflectante\/"]}]},{"@type":"ImageObject","inLanguage":"es","@id":"https:\/\/cardinal-tapes.com\/es\/cintas-adhesivas\/ambitos-de-aplicacion\/industria-de-la-construccion\/tesa-53949-matt-cinta-tejida-no-reflectante\/#primaryimage","url":"https:\/\/cardinal-tapes.com\/wp-content\/uploads\/tesa-53949-as-001-fullsize173244_canvas1x1_6.jpg","contentUrl":"https:\/\/cardinal-tapes.com\/wp-content\/uploads\/tesa-53949-as-001-fullsize173244_canvas1x1_6.jpg","width":640,"height":453,"caption":"tesa 53949"},{"@type":"BreadcrumbList","@id":"https:\/\/cardinal-tapes.com\/es\/cintas-adhesivas\/ambitos-de-aplicacion\/industria-de-la-construccion\/tesa-53949-matt-cinta-tejida-no-reflectante\/#breadcrumb","itemListElement":[{"@type":"ListItem","position":1,"name":"Startseite","item":"https:\/\/cardinal-tapes.com\/es\/"},{"@type":"ListItem","position":2,"name":"Cintas adhesivas","item":"https:\/\/cardinal-tapes.com\/es\/cintas-adhesivas-es\/"},{"@type":"ListItem","position":3,"name":"Einseitige Klebeb\u00e4nder","item":"https:\/\/cardinal-tapes.com\/kategorie\/einseitige-klebebaender\/"},{"@type":"ListItem","position":4,"name":"tesaband\u00ae 53949 Cinta de tejido mate, no reflectante"}]},{"@type":"WebSite","@id":"https:\/\/cardinal-tapes.com\/#website","url":"https:\/\/cardinal-tapes.com\/","name":"cardinal TAPES","description":"Klebetechnik aus Wuppertal","potentialAction":[{"@type":"SearchAction","target":{"@type":"EntryPoint","urlTemplate":"https:\/\/cardinal-tapes.com\/?s={search_term_string}"},"query-input":{"@type":"PropertyValueSpecification","valueRequired":true,"valueName":"search_term_string"}}],"inLanguage":"es"}]}},"brands":[{"id":2163,"name":"tesa","slug":"tesa-es"}],"_links":{"self":[{"href":"https:\/\/cardinal-tapes.com\/es\/wp-json\/wp\/v2\/product\/57496","targetHints":{"allow":["GET"]}}],"collection":[{"href":"https:\/\/cardinal-tapes.com\/es\/wp-json\/wp\/v2\/product"}],"about":[{"href":"https:\/\/cardinal-tapes.com\/es\/wp-json\/wp\/v2\/types\/product"}],"wp:featuredmedia":[{"embeddable":true,"href":"https:\/\/cardinal-tapes.com\/es\/wp-json\/wp\/v2\/media\/26035"}],"wp:attachment":[{"href":"https:\/\/cardinal-tapes.com\/es\/wp-json\/wp\/v2\/media?parent=57496"}],"wp:term":[{"taxonomy":"pwb-brand","embeddable":true,"href":"https:\/\/cardinal-tapes.com\/es\/wp-json\/wp\/v2\/pwb-brand?post=57496"},{"taxonomy":"product_brand","embeddable":true,"href":"https:\/\/cardinal-tapes.com\/es\/wp-json\/wp\/v2\/product_brand?post=57496"},{"taxonomy":"product_cat","embeddable":true,"href":"https:\/\/cardinal-tapes.com\/es\/wp-json\/wp\/v2\/product_cat?post=57496"},{"taxonomy":"product_tag","embeddable":true,"href":"https:\/\/cardinal-tapes.com\/es\/wp-json\/wp\/v2\/product_tag?post=57496"}],"curies":[{"name":"wp","href":"https:\/\/api.w.org\/{rel}","templated":true}]}}