{"id":56474,"date":"2018-02-21T09:17:02","date_gmt":"2023-06-05T15:25:39","guid":{"rendered":"https:\/\/cardinal.pixel-tal.de\/klebebaender\/sin%20categor\u00eda\/ca-337-cinta-adhesiva-de-tejido-con-revestimiento-de-pe\/"},"modified":"2025-07-03T10:22:42","modified_gmt":"2025-07-03T08:22:42","slug":"ca-337-cinta-adhesiva-tejido-revestido-de-pe","status":"publish","type":"product","link":"https:\/\/cardinal-tapes.com\/es\/cintas-adhesivas\/ambitos-de-aplicacion\/industria-de-la-construccion\/ca-337-cinta-adhesiva-tejido-revestido-de-pe\/","title":{"rendered":"CA-337 Cinta adhesiva de tejido con revestimiento de PE"},"content":{"rendered":"<p>CA-337 es una cinta adhesiva de tejido con revestimiento de PE estabilizado recubierta por una cara con un adhesivo de caucho.<\/p>\n","protected":false},"excerpt":{"rendered":"<p>CA-337 es una cinta adhesiva de tejido con revestimiento de PE estabilizado recubierta por una cara con un adhesivo de caucho.<\/p>\n","protected":false},"featured_media":26895,"template":"","meta":{"_acf_changed":false},"pwb-brand":[2175],"product_brand":[],"product_cat":[1699,1703,1707,1806],"product_tag":[],"class_list":{"0":"post-56474","1":"product","2":"type-product","3":"status-publish","4":"has-post-thumbnail","6":"pwb-brand-cardinal-gmbh-es","7":"product_cat-industria-de-la-construccion","8":"product_cat-industria-electrica","9":"product_cat-cinta-plastificada","10":"product_cat-cintas-adhesivas-de-una-cara","12":"first","13":"instock","14":"taxable","15":"shipping-taxable","16":"purchasable","17":"product-type-variable"},"acf":[],"yoast_head":"<!-- This site is optimized with the Yoast SEO plugin v27.3 - https:\/\/yoast.com\/product\/yoast-seo-wordpress\/ -->\n<title>CA-337 Cinta de tejido recubierta de PE | Cardinal TAPES<\/title>\n<meta name=\"description\" content=\"CA-337 es una cinta de tejido recubierta de PE, para uso general. Obtenga m\u00e1s informaci\u00f3n sobre las \u00e1reas de aplicaci\u00f3n de la cinta adhesiva aqu\u00ed.\" \/>\n<meta name=\"robots\" content=\"index, follow, max-snippet:-1, max-image-preview:large, max-video-preview:-1\" \/>\n<link rel=\"canonical\" href=\"https:\/\/cardinal-tapes.com\/es\/cintas-adhesivas\/ambitos-de-aplicacion\/industria-de-la-construccion\/ca-337-cinta-adhesiva-tejido-revestido-de-pe\/\" \/>\n<meta property=\"og:locale\" content=\"es_ES\" \/>\n<meta property=\"og:type\" content=\"article\" \/>\n<meta property=\"og:title\" content=\"CA-337 Cinta de tejido recubierta de PE | Cardinal TAPES\" \/>\n<meta property=\"og:description\" content=\"CA-337 es una cinta de tejido recubierta de PE, para uso general. Obtenga m\u00e1s informaci\u00f3n sobre las \u00e1reas de aplicaci\u00f3n de la cinta adhesiva aqu\u00ed.\" \/>\n<meta property=\"og:url\" content=\"https:\/\/cardinal-tapes.com\/es\/cintas-adhesivas\/ambitos-de-aplicacion\/industria-de-la-construccion\/ca-337-cinta-adhesiva-tejido-revestido-de-pe\/\" \/>\n<meta property=\"og:site_name\" content=\"cardinal TAPES\" \/>\n<meta property=\"article:modified_time\" content=\"2025-07-03T08:22:42+00:00\" \/>\n<meta property=\"og:image\" content=\"https:\/\/cardinal-tapes.com\/wp-content\/uploads\/CA_337_1.jpg\" \/>\n\t<meta property=\"og:image:width\" content=\"1277\" \/>\n\t<meta property=\"og:image:height\" content=\"1400\" \/>\n\t<meta property=\"og:image:type\" content=\"image\/jpeg\" \/>\n<meta name=\"twitter:card\" content=\"summary_large_image\" \/>\n<script type=\"application\/ld+json\" class=\"yoast-schema-graph\">{\"@context\":\"https:\\\/\\\/schema.org\",\"@graph\":[{\"@type\":\"WebPage\",\"@id\":\"https:\\\/\\\/cardinal-tapes.com\\\/es\\\/cintas-adhesivas\\\/ambitos-de-aplicacion\\\/industria-de-la-construccion\\\/ca-337-cinta-adhesiva-tejido-revestido-de-pe\\\/\",\"url\":\"https:\\\/\\\/cardinal-tapes.com\\\/es\\\/cintas-adhesivas\\\/ambitos-de-aplicacion\\\/industria-de-la-construccion\\\/ca-337-cinta-adhesiva-tejido-revestido-de-pe\\\/\",\"name\":\"CA-337 Cinta de tejido recubierta de PE | Cardinal TAPES\",\"isPartOf\":{\"@id\":\"https:\\\/\\\/cardinal-tapes.com\\\/#website\"},\"primaryImageOfPage\":{\"@id\":\"https:\\\/\\\/cardinal-tapes.com\\\/es\\\/cintas-adhesivas\\\/ambitos-de-aplicacion\\\/industria-de-la-construccion\\\/ca-337-cinta-adhesiva-tejido-revestido-de-pe\\\/#primaryimage\"},\"image\":{\"@id\":\"https:\\\/\\\/cardinal-tapes.com\\\/es\\\/cintas-adhesivas\\\/ambitos-de-aplicacion\\\/industria-de-la-construccion\\\/ca-337-cinta-adhesiva-tejido-revestido-de-pe\\\/#primaryimage\"},\"thumbnailUrl\":\"https:\\\/\\\/cardinal-tapes.com\\\/wp-content\\\/uploads\\\/CA_337_1.jpg\",\"datePublished\":\"2023-06-05T15:25:39+00:00\",\"dateModified\":\"2025-07-03T08:22:42+00:00\",\"description\":\"CA-337 es una cinta de tejido recubierta de PE, para uso general. Obtenga m\u00e1s informaci\u00f3n sobre las \u00e1reas de aplicaci\u00f3n de la cinta adhesiva aqu\u00ed.\",\"breadcrumb\":{\"@id\":\"https:\\\/\\\/cardinal-tapes.com\\\/es\\\/cintas-adhesivas\\\/ambitos-de-aplicacion\\\/industria-de-la-construccion\\\/ca-337-cinta-adhesiva-tejido-revestido-de-pe\\\/#breadcrumb\"},\"inLanguage\":\"es\",\"potentialAction\":[{\"@type\":\"ReadAction\",\"target\":[\"https:\\\/\\\/cardinal-tapes.com\\\/es\\\/cintas-adhesivas\\\/ambitos-de-aplicacion\\\/industria-de-la-construccion\\\/ca-337-cinta-adhesiva-tejido-revestido-de-pe\\\/\"]}]},{\"@type\":\"ImageObject\",\"inLanguage\":\"es\",\"@id\":\"https:\\\/\\\/cardinal-tapes.com\\\/es\\\/cintas-adhesivas\\\/ambitos-de-aplicacion\\\/industria-de-la-construccion\\\/ca-337-cinta-adhesiva-tejido-revestido-de-pe\\\/#primaryimage\",\"url\":\"https:\\\/\\\/cardinal-tapes.com\\\/wp-content\\\/uploads\\\/CA_337_1.jpg\",\"contentUrl\":\"https:\\\/\\\/cardinal-tapes.com\\\/wp-content\\\/uploads\\\/CA_337_1.jpg\",\"width\":1277,\"height\":1400,\"caption\":\"CA_337\"},{\"@type\":\"BreadcrumbList\",\"@id\":\"https:\\\/\\\/cardinal-tapes.com\\\/es\\\/cintas-adhesivas\\\/ambitos-de-aplicacion\\\/industria-de-la-construccion\\\/ca-337-cinta-adhesiva-tejido-revestido-de-pe\\\/#breadcrumb\",\"itemListElement\":[{\"@type\":\"ListItem\",\"position\":1,\"name\":\"Startseite\",\"item\":\"https:\\\/\\\/cardinal-tapes.com\\\/es\\\/\"},{\"@type\":\"ListItem\",\"position\":2,\"name\":\"Cintas adhesivas\",\"item\":\"https:\\\/\\\/cardinal-tapes.com\\\/es\\\/cintas-adhesivas-es\\\/\"},{\"@type\":\"ListItem\",\"position\":3,\"name\":\"\u00c1mbitos de aplicaci\u00f3n\",\"item\":\"https:\\\/\\\/cardinal-tapes.com\\\/es\\\/categora\\\/ambitos-de-aplicacion\\\/\"},{\"@type\":\"ListItem\",\"position\":4,\"name\":\"Industria de la construcci\u00f3n\",\"item\":\"https:\\\/\\\/cardinal-tapes.com\\\/es\\\/categora\\\/industria-de-la-construccion\\\/\"},{\"@type\":\"ListItem\",\"position\":5,\"name\":\"CA-337 Cinta adhesiva de tejido con revestimiento de PE\"}]},{\"@type\":\"WebSite\",\"@id\":\"https:\\\/\\\/cardinal-tapes.com\\\/#website\",\"url\":\"https:\\\/\\\/cardinal-tapes.com\\\/\",\"name\":\"cardinal TAPES\",\"description\":\"Klebetechnik aus Wuppertal\",\"potentialAction\":[{\"@type\":\"SearchAction\",\"target\":{\"@type\":\"EntryPoint\",\"urlTemplate\":\"https:\\\/\\\/cardinal-tapes.com\\\/?s={search_term_string}\"},\"query-input\":{\"@type\":\"PropertyValueSpecification\",\"valueRequired\":true,\"valueName\":\"search_term_string\"}}],\"inLanguage\":\"es\"}]}<\/script>\n<!-- \/ Yoast SEO plugin. -->","yoast_head_json":{"title":"CA-337 Cinta de tejido recubierta de PE | Cardinal TAPES","description":"CA-337 es una cinta de tejido recubierta de PE, para uso general. Obtenga m\u00e1s informaci\u00f3n sobre las \u00e1reas de aplicaci\u00f3n de la cinta adhesiva aqu\u00ed.","robots":{"index":"index","follow":"follow","max-snippet":"max-snippet:-1","max-image-preview":"max-image-preview:large","max-video-preview":"max-video-preview:-1"},"canonical":"https:\/\/cardinal-tapes.com\/es\/cintas-adhesivas\/ambitos-de-aplicacion\/industria-de-la-construccion\/ca-337-cinta-adhesiva-tejido-revestido-de-pe\/","og_locale":"es_ES","og_type":"article","og_title":"CA-337 Cinta de tejido recubierta de PE | Cardinal TAPES","og_description":"CA-337 es una cinta de tejido recubierta de PE, para uso general. Obtenga m\u00e1s informaci\u00f3n sobre las \u00e1reas de aplicaci\u00f3n de la cinta adhesiva aqu\u00ed.","og_url":"https:\/\/cardinal-tapes.com\/es\/cintas-adhesivas\/ambitos-de-aplicacion\/industria-de-la-construccion\/ca-337-cinta-adhesiva-tejido-revestido-de-pe\/","og_site_name":"cardinal TAPES","article_modified_time":"2025-07-03T08:22:42+00:00","og_image":[{"width":1277,"height":1400,"url":"https:\/\/cardinal-tapes.com\/wp-content\/uploads\/CA_337_1.jpg","type":"image\/jpeg"}],"twitter_card":"summary_large_image","schema":{"@context":"https:\/\/schema.org","@graph":[{"@type":"WebPage","@id":"https:\/\/cardinal-tapes.com\/es\/cintas-adhesivas\/ambitos-de-aplicacion\/industria-de-la-construccion\/ca-337-cinta-adhesiva-tejido-revestido-de-pe\/","url":"https:\/\/cardinal-tapes.com\/es\/cintas-adhesivas\/ambitos-de-aplicacion\/industria-de-la-construccion\/ca-337-cinta-adhesiva-tejido-revestido-de-pe\/","name":"CA-337 Cinta de tejido recubierta de PE | Cardinal TAPES","isPartOf":{"@id":"https:\/\/cardinal-tapes.com\/#website"},"primaryImageOfPage":{"@id":"https:\/\/cardinal-tapes.com\/es\/cintas-adhesivas\/ambitos-de-aplicacion\/industria-de-la-construccion\/ca-337-cinta-adhesiva-tejido-revestido-de-pe\/#primaryimage"},"image":{"@id":"https:\/\/cardinal-tapes.com\/es\/cintas-adhesivas\/ambitos-de-aplicacion\/industria-de-la-construccion\/ca-337-cinta-adhesiva-tejido-revestido-de-pe\/#primaryimage"},"thumbnailUrl":"https:\/\/cardinal-tapes.com\/wp-content\/uploads\/CA_337_1.jpg","datePublished":"2023-06-05T15:25:39+00:00","dateModified":"2025-07-03T08:22:42+00:00","description":"CA-337 es una cinta de tejido recubierta de PE, para uso general. Obtenga m\u00e1s informaci\u00f3n sobre las \u00e1reas de aplicaci\u00f3n de la cinta adhesiva aqu\u00ed.","breadcrumb":{"@id":"https:\/\/cardinal-tapes.com\/es\/cintas-adhesivas\/ambitos-de-aplicacion\/industria-de-la-construccion\/ca-337-cinta-adhesiva-tejido-revestido-de-pe\/#breadcrumb"},"inLanguage":"es","potentialAction":[{"@type":"ReadAction","target":["https:\/\/cardinal-tapes.com\/es\/cintas-adhesivas\/ambitos-de-aplicacion\/industria-de-la-construccion\/ca-337-cinta-adhesiva-tejido-revestido-de-pe\/"]}]},{"@type":"ImageObject","inLanguage":"es","@id":"https:\/\/cardinal-tapes.com\/es\/cintas-adhesivas\/ambitos-de-aplicacion\/industria-de-la-construccion\/ca-337-cinta-adhesiva-tejido-revestido-de-pe\/#primaryimage","url":"https:\/\/cardinal-tapes.com\/wp-content\/uploads\/CA_337_1.jpg","contentUrl":"https:\/\/cardinal-tapes.com\/wp-content\/uploads\/CA_337_1.jpg","width":1277,"height":1400,"caption":"CA_337"},{"@type":"BreadcrumbList","@id":"https:\/\/cardinal-tapes.com\/es\/cintas-adhesivas\/ambitos-de-aplicacion\/industria-de-la-construccion\/ca-337-cinta-adhesiva-tejido-revestido-de-pe\/#breadcrumb","itemListElement":[{"@type":"ListItem","position":1,"name":"Startseite","item":"https:\/\/cardinal-tapes.com\/es\/"},{"@type":"ListItem","position":2,"name":"Cintas adhesivas","item":"https:\/\/cardinal-tapes.com\/es\/cintas-adhesivas-es\/"},{"@type":"ListItem","position":3,"name":"\u00c1mbitos de aplicaci\u00f3n","item":"https:\/\/cardinal-tapes.com\/es\/categora\/ambitos-de-aplicacion\/"},{"@type":"ListItem","position":4,"name":"Industria de la construcci\u00f3n","item":"https:\/\/cardinal-tapes.com\/es\/categora\/industria-de-la-construccion\/"},{"@type":"ListItem","position":5,"name":"CA-337 Cinta adhesiva de tejido con revestimiento de PE"}]},{"@type":"WebSite","@id":"https:\/\/cardinal-tapes.com\/#website","url":"https:\/\/cardinal-tapes.com\/","name":"cardinal TAPES","description":"Klebetechnik aus Wuppertal","potentialAction":[{"@type":"SearchAction","target":{"@type":"EntryPoint","urlTemplate":"https:\/\/cardinal-tapes.com\/?s={search_term_string}"},"query-input":{"@type":"PropertyValueSpecification","valueRequired":true,"valueName":"search_term_string"}}],"inLanguage":"es"}]}},"brands":[{"id":2175,"name":"cardinal GmbH","slug":"cardinal-gmbh-es"}],"_links":{"self":[{"href":"https:\/\/cardinal-tapes.com\/es\/wp-json\/wp\/v2\/product\/56474","targetHints":{"allow":["GET"]}}],"collection":[{"href":"https:\/\/cardinal-tapes.com\/es\/wp-json\/wp\/v2\/product"}],"about":[{"href":"https:\/\/cardinal-tapes.com\/es\/wp-json\/wp\/v2\/types\/product"}],"wp:featuredmedia":[{"embeddable":true,"href":"https:\/\/cardinal-tapes.com\/es\/wp-json\/wp\/v2\/media\/26895"}],"wp:attachment":[{"href":"https:\/\/cardinal-tapes.com\/es\/wp-json\/wp\/v2\/media?parent=56474"}],"wp:term":[{"taxonomy":"pwb-brand","embeddable":true,"href":"https:\/\/cardinal-tapes.com\/es\/wp-json\/wp\/v2\/pwb-brand?post=56474"},{"taxonomy":"product_brand","embeddable":true,"href":"https:\/\/cardinal-tapes.com\/es\/wp-json\/wp\/v2\/product_brand?post=56474"},{"taxonomy":"product_cat","embeddable":true,"href":"https:\/\/cardinal-tapes.com\/es\/wp-json\/wp\/v2\/product_cat?post=56474"},{"taxonomy":"product_tag","embeddable":true,"href":"https:\/\/cardinal-tapes.com\/es\/wp-json\/wp\/v2\/product_tag?post=56474"}],"curies":[{"name":"wp","href":"https:\/\/api.w.org\/{rel}","templated":true}]}}