{"id":55989,"date":"2018-02-21T09:29:50","date_gmt":"2018-02-21T08:29:50","guid":{"rendered":"https:\/\/cardinal.pixel-tal.de\/klebebaender\/sin%20categor\u00eda\/ca-221-cinta-de-filamentos-reforzada-longitudinal-y-transversalmente\/"},"modified":"2025-07-03T10:22:14","modified_gmt":"2025-07-03T08:22:14","slug":"ca-221-filamento-adhesivo-cinta-larga-transversal-reforzada-2","status":"publish","type":"product","link":"https:\/\/cardinal-tapes.com\/es\/cintas-adhesivas\/ambitos-de-aplicacion\/produccion-transformacion-del-aluminio\/ca-221-filamento-adhesivo-cinta-larga-transversal-reforzada-2\/","title":{"rendered":"CA-221 Cinta de filamentos, reforzada longitudinal y transversalmente"},"content":{"rendered":"<p>CA-221 es una cinta de filamentos reforzada longitudinal y transversalmente.<\/p>\n<p>Las cintas de filamentos son cintas adhesivas vers\u00e1tiles y robustas que ofrecen una gran resistencia a la tracci\u00f3n gracias a su refuerzo de fibra de vidrio. Son ideales para aplicaciones en las que se requieren uniones fuertes y seguras, como atar objetos pesados, flejar cajas de cart\u00f3n, asegurar pal\u00e9s y fijar y reforzar embalajes. Tambi\u00e9n se utilizan con frecuencia en log\u00edstica, construcci\u00f3n e industria para asegurar materiales durante su transporte o almacenamiento.  <\/p>\n","protected":false},"excerpt":{"rendered":"<p>CA-221 es una cinta de filamentos reforzada longitudinal y transversalmente. Las cintas de filamentos son cintas adhesivas vers\u00e1tiles y robustas que ofrecen una gran resistencia a la tracci\u00f3n gracias a su refuerzo de fibra de vidrio. Son ideales para aplicaciones en las que se requieren uniones fuertes y seguras, como atar objetos pesados, flejar cajas [&hellip;]<\/p>\n","protected":false},"featured_media":26891,"template":"","meta":{"_acf_changed":false},"pwb-brand":[2175],"product_brand":[],"product_cat":[1695,1700,1708,1798,1802,1806],"product_tag":[],"class_list":{"0":"post-55989","1":"product","2":"type-product","3":"status-publish","4":"has-post-thumbnail","6":"pwb-brand-cardinal-gmbh-es","7":"product_cat-produccion-transformacion-del-aluminio","8":"product_cat-industria-del-hormigon","9":"product_cat-industria-del-plastico","10":"product_cat-acero-y-vidrio","11":"product_cat-sector-del-transporte","12":"product_cat-cintas-adhesivas-de-una-cara","14":"first","15":"instock","16":"taxable","17":"shipping-taxable","18":"purchasable","19":"product-type-variable"},"acf":[],"yoast_head":"<!-- This site is optimized with the Yoast SEO plugin v27.3 - https:\/\/yoast.com\/product\/yoast-seo-wordpress\/ -->\n<title>CA-221 Cinta de filamentos, reforzada longitudinal y transversalmente | CINTAS Cardinales<\/title>\n<meta name=\"description\" content=\"CA-221 es una cinta de filamentos reforzada longitudinal y transversalmente. M\u00e1s informaci\u00f3n sobre la cinta adhesiva de alta calidad aqu\u00ed.\" \/>\n<meta name=\"robots\" content=\"index, follow, max-snippet:-1, max-image-preview:large, max-video-preview:-1\" \/>\n<link rel=\"canonical\" href=\"https:\/\/cardinal-tapes.com\/es\/cintas-adhesivas\/ambitos-de-aplicacion\/produccion-transformacion-del-aluminio\/ca-221-filamento-adhesivo-cinta-larga-transversal-reforzada-2\/\" \/>\n<meta property=\"og:locale\" content=\"es_ES\" \/>\n<meta property=\"og:type\" content=\"article\" \/>\n<meta property=\"og:title\" content=\"CA-221 Cinta de filamentos, reforzada longitudinal y transversalmente | CINTAS Cardinales\" \/>\n<meta property=\"og:description\" content=\"CA-221 es una cinta de filamentos reforzada longitudinal y transversalmente. M\u00e1s informaci\u00f3n sobre la cinta adhesiva de alta calidad aqu\u00ed.\" \/>\n<meta property=\"og:url\" content=\"https:\/\/cardinal-tapes.com\/es\/cintas-adhesivas\/ambitos-de-aplicacion\/produccion-transformacion-del-aluminio\/ca-221-filamento-adhesivo-cinta-larga-transversal-reforzada-2\/\" \/>\n<meta property=\"og:site_name\" content=\"cardinal TAPES\" \/>\n<meta property=\"article:modified_time\" content=\"2025-07-03T08:22:14+00:00\" \/>\n<meta property=\"og:image\" content=\"https:\/\/cardinal-tapes.com\/wp-content\/uploads\/CA_221.jpg\" \/>\n\t<meta property=\"og:image:width\" content=\"1400\" \/>\n\t<meta property=\"og:image:height\" content=\"1400\" \/>\n\t<meta property=\"og:image:type\" content=\"image\/jpeg\" \/>\n<meta name=\"twitter:card\" content=\"summary_large_image\" \/>\n<script type=\"application\/ld+json\" class=\"yoast-schema-graph\">{\"@context\":\"https:\\\/\\\/schema.org\",\"@graph\":[{\"@type\":\"WebPage\",\"@id\":\"https:\\\/\\\/cardinal-tapes.com\\\/es\\\/cintas-adhesivas\\\/ambitos-de-aplicacion\\\/produccion-transformacion-del-aluminio\\\/ca-221-filamento-adhesivo-cinta-larga-transversal-reforzada-2\\\/\",\"url\":\"https:\\\/\\\/cardinal-tapes.com\\\/es\\\/cintas-adhesivas\\\/ambitos-de-aplicacion\\\/produccion-transformacion-del-aluminio\\\/ca-221-filamento-adhesivo-cinta-larga-transversal-reforzada-2\\\/\",\"name\":\"CA-221 Cinta de filamentos, reforzada longitudinal y transversalmente | CINTAS Cardinales\",\"isPartOf\":{\"@id\":\"https:\\\/\\\/cardinal-tapes.com\\\/#website\"},\"primaryImageOfPage\":{\"@id\":\"https:\\\/\\\/cardinal-tapes.com\\\/es\\\/cintas-adhesivas\\\/ambitos-de-aplicacion\\\/produccion-transformacion-del-aluminio\\\/ca-221-filamento-adhesivo-cinta-larga-transversal-reforzada-2\\\/#primaryimage\"},\"image\":{\"@id\":\"https:\\\/\\\/cardinal-tapes.com\\\/es\\\/cintas-adhesivas\\\/ambitos-de-aplicacion\\\/produccion-transformacion-del-aluminio\\\/ca-221-filamento-adhesivo-cinta-larga-transversal-reforzada-2\\\/#primaryimage\"},\"thumbnailUrl\":\"https:\\\/\\\/cardinal-tapes.com\\\/wp-content\\\/uploads\\\/CA_221.jpg\",\"datePublished\":\"2018-02-21T08:29:50+00:00\",\"dateModified\":\"2025-07-03T08:22:14+00:00\",\"description\":\"CA-221 es una cinta de filamentos reforzada longitudinal y transversalmente. M\u00e1s informaci\u00f3n sobre la cinta adhesiva de alta calidad aqu\u00ed.\",\"breadcrumb\":{\"@id\":\"https:\\\/\\\/cardinal-tapes.com\\\/es\\\/cintas-adhesivas\\\/ambitos-de-aplicacion\\\/produccion-transformacion-del-aluminio\\\/ca-221-filamento-adhesivo-cinta-larga-transversal-reforzada-2\\\/#breadcrumb\"},\"inLanguage\":\"es\",\"potentialAction\":[{\"@type\":\"ReadAction\",\"target\":[\"https:\\\/\\\/cardinal-tapes.com\\\/es\\\/cintas-adhesivas\\\/ambitos-de-aplicacion\\\/produccion-transformacion-del-aluminio\\\/ca-221-filamento-adhesivo-cinta-larga-transversal-reforzada-2\\\/\"]}]},{\"@type\":\"ImageObject\",\"inLanguage\":\"es\",\"@id\":\"https:\\\/\\\/cardinal-tapes.com\\\/es\\\/cintas-adhesivas\\\/ambitos-de-aplicacion\\\/produccion-transformacion-del-aluminio\\\/ca-221-filamento-adhesivo-cinta-larga-transversal-reforzada-2\\\/#primaryimage\",\"url\":\"https:\\\/\\\/cardinal-tapes.com\\\/wp-content\\\/uploads\\\/CA_221.jpg\",\"contentUrl\":\"https:\\\/\\\/cardinal-tapes.com\\\/wp-content\\\/uploads\\\/CA_221.jpg\",\"width\":1400,\"height\":1400,\"caption\":\"CA_221\"},{\"@type\":\"BreadcrumbList\",\"@id\":\"https:\\\/\\\/cardinal-tapes.com\\\/es\\\/cintas-adhesivas\\\/ambitos-de-aplicacion\\\/produccion-transformacion-del-aluminio\\\/ca-221-filamento-adhesivo-cinta-larga-transversal-reforzada-2\\\/#breadcrumb\",\"itemListElement\":[{\"@type\":\"ListItem\",\"position\":1,\"name\":\"Startseite\",\"item\":\"https:\\\/\\\/cardinal-tapes.com\\\/es\\\/\"},{\"@type\":\"ListItem\",\"position\":2,\"name\":\"Cintas adhesivas\",\"item\":\"https:\\\/\\\/cardinal-tapes.com\\\/es\\\/cintas-adhesivas-es\\\/\"},{\"@type\":\"ListItem\",\"position\":3,\"name\":\"\u00c1mbitos de aplicaci\u00f3n\",\"item\":\"https:\\\/\\\/cardinal-tapes.com\\\/es\\\/categora\\\/ambitos-de-aplicacion\\\/\"},{\"@type\":\"ListItem\",\"position\":4,\"name\":\"Acero y vidrio\",\"item\":\"https:\\\/\\\/cardinal-tapes.com\\\/es\\\/categora\\\/acero-y-vidrio\\\/\"},{\"@type\":\"ListItem\",\"position\":5,\"name\":\"CA-221 Cinta de filamentos, reforzada longitudinal y transversalmente\"}]},{\"@type\":\"WebSite\",\"@id\":\"https:\\\/\\\/cardinal-tapes.com\\\/#website\",\"url\":\"https:\\\/\\\/cardinal-tapes.com\\\/\",\"name\":\"cardinal TAPES\",\"description\":\"Klebetechnik aus Wuppertal\",\"potentialAction\":[{\"@type\":\"SearchAction\",\"target\":{\"@type\":\"EntryPoint\",\"urlTemplate\":\"https:\\\/\\\/cardinal-tapes.com\\\/?s={search_term_string}\"},\"query-input\":{\"@type\":\"PropertyValueSpecification\",\"valueRequired\":true,\"valueName\":\"search_term_string\"}}],\"inLanguage\":\"es\"}]}<\/script>\n<!-- \/ Yoast SEO plugin. -->","yoast_head_json":{"title":"CA-221 Cinta de filamentos, reforzada longitudinal y transversalmente | CINTAS Cardinales","description":"CA-221 es una cinta de filamentos reforzada longitudinal y transversalmente. M\u00e1s informaci\u00f3n sobre la cinta adhesiva de alta calidad aqu\u00ed.","robots":{"index":"index","follow":"follow","max-snippet":"max-snippet:-1","max-image-preview":"max-image-preview:large","max-video-preview":"max-video-preview:-1"},"canonical":"https:\/\/cardinal-tapes.com\/es\/cintas-adhesivas\/ambitos-de-aplicacion\/produccion-transformacion-del-aluminio\/ca-221-filamento-adhesivo-cinta-larga-transversal-reforzada-2\/","og_locale":"es_ES","og_type":"article","og_title":"CA-221 Cinta de filamentos, reforzada longitudinal y transversalmente | CINTAS Cardinales","og_description":"CA-221 es una cinta de filamentos reforzada longitudinal y transversalmente. M\u00e1s informaci\u00f3n sobre la cinta adhesiva de alta calidad aqu\u00ed.","og_url":"https:\/\/cardinal-tapes.com\/es\/cintas-adhesivas\/ambitos-de-aplicacion\/produccion-transformacion-del-aluminio\/ca-221-filamento-adhesivo-cinta-larga-transversal-reforzada-2\/","og_site_name":"cardinal TAPES","article_modified_time":"2025-07-03T08:22:14+00:00","og_image":[{"width":1400,"height":1400,"url":"https:\/\/cardinal-tapes.com\/wp-content\/uploads\/CA_221.jpg","type":"image\/jpeg"}],"twitter_card":"summary_large_image","schema":{"@context":"https:\/\/schema.org","@graph":[{"@type":"WebPage","@id":"https:\/\/cardinal-tapes.com\/es\/cintas-adhesivas\/ambitos-de-aplicacion\/produccion-transformacion-del-aluminio\/ca-221-filamento-adhesivo-cinta-larga-transversal-reforzada-2\/","url":"https:\/\/cardinal-tapes.com\/es\/cintas-adhesivas\/ambitos-de-aplicacion\/produccion-transformacion-del-aluminio\/ca-221-filamento-adhesivo-cinta-larga-transversal-reforzada-2\/","name":"CA-221 Cinta de filamentos, reforzada longitudinal y transversalmente | CINTAS Cardinales","isPartOf":{"@id":"https:\/\/cardinal-tapes.com\/#website"},"primaryImageOfPage":{"@id":"https:\/\/cardinal-tapes.com\/es\/cintas-adhesivas\/ambitos-de-aplicacion\/produccion-transformacion-del-aluminio\/ca-221-filamento-adhesivo-cinta-larga-transversal-reforzada-2\/#primaryimage"},"image":{"@id":"https:\/\/cardinal-tapes.com\/es\/cintas-adhesivas\/ambitos-de-aplicacion\/produccion-transformacion-del-aluminio\/ca-221-filamento-adhesivo-cinta-larga-transversal-reforzada-2\/#primaryimage"},"thumbnailUrl":"https:\/\/cardinal-tapes.com\/wp-content\/uploads\/CA_221.jpg","datePublished":"2018-02-21T08:29:50+00:00","dateModified":"2025-07-03T08:22:14+00:00","description":"CA-221 es una cinta de filamentos reforzada longitudinal y transversalmente. M\u00e1s informaci\u00f3n sobre la cinta adhesiva de alta calidad aqu\u00ed.","breadcrumb":{"@id":"https:\/\/cardinal-tapes.com\/es\/cintas-adhesivas\/ambitos-de-aplicacion\/produccion-transformacion-del-aluminio\/ca-221-filamento-adhesivo-cinta-larga-transversal-reforzada-2\/#breadcrumb"},"inLanguage":"es","potentialAction":[{"@type":"ReadAction","target":["https:\/\/cardinal-tapes.com\/es\/cintas-adhesivas\/ambitos-de-aplicacion\/produccion-transformacion-del-aluminio\/ca-221-filamento-adhesivo-cinta-larga-transversal-reforzada-2\/"]}]},{"@type":"ImageObject","inLanguage":"es","@id":"https:\/\/cardinal-tapes.com\/es\/cintas-adhesivas\/ambitos-de-aplicacion\/produccion-transformacion-del-aluminio\/ca-221-filamento-adhesivo-cinta-larga-transversal-reforzada-2\/#primaryimage","url":"https:\/\/cardinal-tapes.com\/wp-content\/uploads\/CA_221.jpg","contentUrl":"https:\/\/cardinal-tapes.com\/wp-content\/uploads\/CA_221.jpg","width":1400,"height":1400,"caption":"CA_221"},{"@type":"BreadcrumbList","@id":"https:\/\/cardinal-tapes.com\/es\/cintas-adhesivas\/ambitos-de-aplicacion\/produccion-transformacion-del-aluminio\/ca-221-filamento-adhesivo-cinta-larga-transversal-reforzada-2\/#breadcrumb","itemListElement":[{"@type":"ListItem","position":1,"name":"Startseite","item":"https:\/\/cardinal-tapes.com\/es\/"},{"@type":"ListItem","position":2,"name":"Cintas adhesivas","item":"https:\/\/cardinal-tapes.com\/es\/cintas-adhesivas-es\/"},{"@type":"ListItem","position":3,"name":"\u00c1mbitos de aplicaci\u00f3n","item":"https:\/\/cardinal-tapes.com\/es\/categora\/ambitos-de-aplicacion\/"},{"@type":"ListItem","position":4,"name":"Acero y vidrio","item":"https:\/\/cardinal-tapes.com\/es\/categora\/acero-y-vidrio\/"},{"@type":"ListItem","position":5,"name":"CA-221 Cinta de filamentos, reforzada longitudinal y transversalmente"}]},{"@type":"WebSite","@id":"https:\/\/cardinal-tapes.com\/#website","url":"https:\/\/cardinal-tapes.com\/","name":"cardinal TAPES","description":"Klebetechnik aus Wuppertal","potentialAction":[{"@type":"SearchAction","target":{"@type":"EntryPoint","urlTemplate":"https:\/\/cardinal-tapes.com\/?s={search_term_string}"},"query-input":{"@type":"PropertyValueSpecification","valueRequired":true,"valueName":"search_term_string"}}],"inLanguage":"es"}]}},"brands":[{"id":2175,"name":"cardinal GmbH","slug":"cardinal-gmbh-es"}],"_links":{"self":[{"href":"https:\/\/cardinal-tapes.com\/es\/wp-json\/wp\/v2\/product\/55989","targetHints":{"allow":["GET"]}}],"collection":[{"href":"https:\/\/cardinal-tapes.com\/es\/wp-json\/wp\/v2\/product"}],"about":[{"href":"https:\/\/cardinal-tapes.com\/es\/wp-json\/wp\/v2\/types\/product"}],"wp:featuredmedia":[{"embeddable":true,"href":"https:\/\/cardinal-tapes.com\/es\/wp-json\/wp\/v2\/media\/26891"}],"wp:attachment":[{"href":"https:\/\/cardinal-tapes.com\/es\/wp-json\/wp\/v2\/media?parent=55989"}],"wp:term":[{"taxonomy":"pwb-brand","embeddable":true,"href":"https:\/\/cardinal-tapes.com\/es\/wp-json\/wp\/v2\/pwb-brand?post=55989"},{"taxonomy":"product_brand","embeddable":true,"href":"https:\/\/cardinal-tapes.com\/es\/wp-json\/wp\/v2\/product_brand?post=55989"},{"taxonomy":"product_cat","embeddable":true,"href":"https:\/\/cardinal-tapes.com\/es\/wp-json\/wp\/v2\/product_cat?post=55989"},{"taxonomy":"product_tag","embeddable":true,"href":"https:\/\/cardinal-tapes.com\/es\/wp-json\/wp\/v2\/product_tag?post=55989"}],"curies":[{"name":"wp","href":"https:\/\/api.w.org\/{rel}","templated":true}]}}