{"id":55925,"date":"2018-02-21T09:23:23","date_gmt":"2023-06-05T15:25:28","guid":{"rendered":"https:\/\/cardinal.pixel-tal.de\/klebebaender\/sin%20categor\u00eda\/ca-32-cinta-de-tejido-sin-recubrir\/"},"modified":"2023-06-05T17:29:02","modified_gmt":"2023-06-05T15:29:02","slug":"ca-32-cinta-adhesiva-de-tejido-sin-revestimiento","status":"publish","type":"product","link":"https:\/\/cardinal-tapes.com\/es\/cintas-adhesivas\/ambitos-de-aplicacion\/cinta-de-tela\/ca-32-cinta-adhesiva-de-tejido-sin-revestimiento\/","title":{"rendered":"CA-32 Cinta de tejido sin recubrir"},"content":{"rendered":"<p>CA-32 es un tejido de viscosa de alta calidad combinado con un adhesivo sensible a la presi\u00f3n a base de caucho sint\u00e9tico especialmente resistente. El tejido est\u00e1 especialmente pensado para vendar arneses de cables. Adem\u00e1s, tambi\u00e9n puede utilizarse en el \u00e1mbito de la tecnolog\u00eda de eventos, por ejemplo, para fijar cortinas y marcas generales en el decorado.<\/p>\n","protected":false},"excerpt":{"rendered":"<p>CA-32 es un tejido de viscosa de alta calidad combinado con un adhesivo sensible a la presi\u00f3n a base de caucho sint\u00e9tico especialmente resistente. El tejido est\u00e1 especialmente pensado para vendar arneses de cables. Adem\u00e1s, tambi\u00e9n puede utilizarse en el \u00e1mbito de la tecnolog\u00eda de eventos, por ejemplo, para fijar cortinas y marcas generales en [&hellip;]<\/p>\n","protected":false},"featured_media":26855,"template":"","meta":{"_acf_changed":false},"pwb-brand":[2175],"product_brand":[],"product_cat":[1705,1800,1806],"product_tag":[],"class_list":{"0":"post-55925","1":"product","2":"type-product","3":"status-publish","4":"has-post-thumbnail","6":"pwb-brand-cardinal-gmbh-es","7":"product_cat-cinta-de-tela","8":"product_cat-industria-textil","9":"product_cat-cintas-adhesivas-de-una-cara","11":"first","12":"instock","13":"taxable","14":"shipping-taxable","15":"purchasable","16":"product-type-variable"},"acf":[],"yoast_head":"<!-- This site is optimized with the Yoast SEO plugin v27.3 - https:\/\/yoast.com\/product\/yoast-seo-wordpress\/ -->\n<title>CA-32 Cinta de tejido sin recubrir | Cardinal TAPES<\/title>\n<meta name=\"description\" content=\"CA-32 es un tejido de viscosa de alta calidad combinado con un adhesivo sensible a la presi\u00f3n a base de caucho sint\u00e9tico especialmente resistente.\" \/>\n<meta name=\"robots\" content=\"index, follow, max-snippet:-1, max-image-preview:large, max-video-preview:-1\" \/>\n<link rel=\"canonical\" href=\"https:\/\/cardinal-tapes.com\/es\/cintas-adhesivas\/cinta-de-tela\/ca-32-cinta-adhesiva-de-tejido-sin-revestimiento\/\" \/>\n<meta property=\"og:locale\" content=\"es_ES\" \/>\n<meta property=\"og:type\" content=\"article\" \/>\n<meta property=\"og:title\" content=\"CA-32 Cinta de tejido sin recubrir | Cardinal TAPES\" \/>\n<meta property=\"og:description\" content=\"CA-32 es un tejido de viscosa de alta calidad combinado con un adhesivo sensible a la presi\u00f3n a base de caucho sint\u00e9tico especialmente resistente.\" \/>\n<meta property=\"og:url\" content=\"https:\/\/cardinal-tapes.com\/es\/cintas-adhesivas\/cinta-de-tela\/ca-32-cinta-adhesiva-de-tejido-sin-revestimiento\/\" \/>\n<meta property=\"og:site_name\" content=\"cardinal TAPES\" \/>\n<meta property=\"article:modified_time\" content=\"2023-06-05T15:29:02+00:00\" \/>\n<meta property=\"og:image\" content=\"https:\/\/cardinal-tapes.com\/wp-content\/uploads\/CA_32_02-2.jpg\" \/>\n\t<meta property=\"og:image:width\" content=\"1400\" \/>\n\t<meta property=\"og:image:height\" content=\"1400\" \/>\n\t<meta property=\"og:image:type\" content=\"image\/jpeg\" \/>\n<meta name=\"twitter:card\" content=\"summary_large_image\" \/>\n<script type=\"application\/ld+json\" class=\"yoast-schema-graph\">{\"@context\":\"https:\\\/\\\/schema.org\",\"@graph\":[{\"@type\":\"WebPage\",\"@id\":\"https:\\\/\\\/cardinal-tapes.com\\\/es\\\/cintas-adhesivas\\\/cinta-de-tela\\\/ca-32-cinta-adhesiva-de-tejido-sin-revestimiento\\\/\",\"url\":\"https:\\\/\\\/cardinal-tapes.com\\\/es\\\/cintas-adhesivas\\\/cinta-de-tela\\\/ca-32-cinta-adhesiva-de-tejido-sin-revestimiento\\\/\",\"name\":\"CA-32 Cinta de tejido sin recubrir | Cardinal TAPES\",\"isPartOf\":{\"@id\":\"https:\\\/\\\/cardinal-tapes.com\\\/#website\"},\"primaryImageOfPage\":{\"@id\":\"https:\\\/\\\/cardinal-tapes.com\\\/es\\\/cintas-adhesivas\\\/cinta-de-tela\\\/ca-32-cinta-adhesiva-de-tejido-sin-revestimiento\\\/#primaryimage\"},\"image\":{\"@id\":\"https:\\\/\\\/cardinal-tapes.com\\\/es\\\/cintas-adhesivas\\\/cinta-de-tela\\\/ca-32-cinta-adhesiva-de-tejido-sin-revestimiento\\\/#primaryimage\"},\"thumbnailUrl\":\"https:\\\/\\\/cardinal-tapes.com\\\/wp-content\\\/uploads\\\/CA_32_02-2.jpg\",\"datePublished\":\"2023-06-05T15:25:28+00:00\",\"dateModified\":\"2023-06-05T15:29:02+00:00\",\"description\":\"CA-32 es un tejido de viscosa de alta calidad combinado con un adhesivo sensible a la presi\u00f3n a base de caucho sint\u00e9tico especialmente resistente.\",\"breadcrumb\":{\"@id\":\"https:\\\/\\\/cardinal-tapes.com\\\/es\\\/cintas-adhesivas\\\/cinta-de-tela\\\/ca-32-cinta-adhesiva-de-tejido-sin-revestimiento\\\/#breadcrumb\"},\"inLanguage\":\"es\",\"potentialAction\":[{\"@type\":\"ReadAction\",\"target\":[\"https:\\\/\\\/cardinal-tapes.com\\\/es\\\/cintas-adhesivas\\\/cinta-de-tela\\\/ca-32-cinta-adhesiva-de-tejido-sin-revestimiento\\\/\"]}]},{\"@type\":\"ImageObject\",\"inLanguage\":\"es\",\"@id\":\"https:\\\/\\\/cardinal-tapes.com\\\/es\\\/cintas-adhesivas\\\/cinta-de-tela\\\/ca-32-cinta-adhesiva-de-tejido-sin-revestimiento\\\/#primaryimage\",\"url\":\"https:\\\/\\\/cardinal-tapes.com\\\/wp-content\\\/uploads\\\/CA_32_02-2.jpg\",\"contentUrl\":\"https:\\\/\\\/cardinal-tapes.com\\\/wp-content\\\/uploads\\\/CA_32_02-2.jpg\",\"width\":1400,\"height\":1400,\"caption\":\"CA_32\"},{\"@type\":\"BreadcrumbList\",\"@id\":\"https:\\\/\\\/cardinal-tapes.com\\\/es\\\/cintas-adhesivas\\\/cinta-de-tela\\\/ca-32-cinta-adhesiva-de-tejido-sin-revestimiento\\\/#breadcrumb\",\"itemListElement\":[{\"@type\":\"ListItem\",\"position\":1,\"name\":\"Startseite\",\"item\":\"https:\\\/\\\/cardinal-tapes.com\\\/es\\\/\"},{\"@type\":\"ListItem\",\"position\":2,\"name\":\"Cintas adhesivas\",\"item\":\"https:\\\/\\\/cardinal-tapes.com\\\/es\\\/cintas-adhesivas-es\\\/\"},{\"@type\":\"ListItem\",\"position\":3,\"name\":\"Cinta de tela\",\"item\":\"https:\\\/\\\/cardinal-tapes.com\\\/es\\\/categora\\\/cinta-de-tela\\\/\"},{\"@type\":\"ListItem\",\"position\":4,\"name\":\"CA-32 Cinta de tejido sin recubrir\"}]},{\"@type\":\"WebSite\",\"@id\":\"https:\\\/\\\/cardinal-tapes.com\\\/#website\",\"url\":\"https:\\\/\\\/cardinal-tapes.com\\\/\",\"name\":\"cardinal TAPES\",\"description\":\"Klebetechnik aus Wuppertal\",\"potentialAction\":[{\"@type\":\"SearchAction\",\"target\":{\"@type\":\"EntryPoint\",\"urlTemplate\":\"https:\\\/\\\/cardinal-tapes.com\\\/?s={search_term_string}\"},\"query-input\":{\"@type\":\"PropertyValueSpecification\",\"valueRequired\":true,\"valueName\":\"search_term_string\"}}],\"inLanguage\":\"es\"}]}<\/script>\n<!-- \/ Yoast SEO plugin. -->","yoast_head_json":{"title":"CA-32 Cinta de tejido sin recubrir | Cardinal TAPES","description":"CA-32 es un tejido de viscosa de alta calidad combinado con un adhesivo sensible a la presi\u00f3n a base de caucho sint\u00e9tico especialmente resistente.","robots":{"index":"index","follow":"follow","max-snippet":"max-snippet:-1","max-image-preview":"max-image-preview:large","max-video-preview":"max-video-preview:-1"},"canonical":"https:\/\/cardinal-tapes.com\/es\/cintas-adhesivas\/cinta-de-tela\/ca-32-cinta-adhesiva-de-tejido-sin-revestimiento\/","og_locale":"es_ES","og_type":"article","og_title":"CA-32 Cinta de tejido sin recubrir | Cardinal TAPES","og_description":"CA-32 es un tejido de viscosa de alta calidad combinado con un adhesivo sensible a la presi\u00f3n a base de caucho sint\u00e9tico especialmente resistente.","og_url":"https:\/\/cardinal-tapes.com\/es\/cintas-adhesivas\/cinta-de-tela\/ca-32-cinta-adhesiva-de-tejido-sin-revestimiento\/","og_site_name":"cardinal TAPES","article_modified_time":"2023-06-05T15:29:02+00:00","og_image":[{"width":1400,"height":1400,"url":"https:\/\/cardinal-tapes.com\/wp-content\/uploads\/CA_32_02-2.jpg","type":"image\/jpeg"}],"twitter_card":"summary_large_image","schema":{"@context":"https:\/\/schema.org","@graph":[{"@type":"WebPage","@id":"https:\/\/cardinal-tapes.com\/es\/cintas-adhesivas\/cinta-de-tela\/ca-32-cinta-adhesiva-de-tejido-sin-revestimiento\/","url":"https:\/\/cardinal-tapes.com\/es\/cintas-adhesivas\/cinta-de-tela\/ca-32-cinta-adhesiva-de-tejido-sin-revestimiento\/","name":"CA-32 Cinta de tejido sin recubrir | Cardinal TAPES","isPartOf":{"@id":"https:\/\/cardinal-tapes.com\/#website"},"primaryImageOfPage":{"@id":"https:\/\/cardinal-tapes.com\/es\/cintas-adhesivas\/cinta-de-tela\/ca-32-cinta-adhesiva-de-tejido-sin-revestimiento\/#primaryimage"},"image":{"@id":"https:\/\/cardinal-tapes.com\/es\/cintas-adhesivas\/cinta-de-tela\/ca-32-cinta-adhesiva-de-tejido-sin-revestimiento\/#primaryimage"},"thumbnailUrl":"https:\/\/cardinal-tapes.com\/wp-content\/uploads\/CA_32_02-2.jpg","datePublished":"2023-06-05T15:25:28+00:00","dateModified":"2023-06-05T15:29:02+00:00","description":"CA-32 es un tejido de viscosa de alta calidad combinado con un adhesivo sensible a la presi\u00f3n a base de caucho sint\u00e9tico especialmente resistente.","breadcrumb":{"@id":"https:\/\/cardinal-tapes.com\/es\/cintas-adhesivas\/cinta-de-tela\/ca-32-cinta-adhesiva-de-tejido-sin-revestimiento\/#breadcrumb"},"inLanguage":"es","potentialAction":[{"@type":"ReadAction","target":["https:\/\/cardinal-tapes.com\/es\/cintas-adhesivas\/cinta-de-tela\/ca-32-cinta-adhesiva-de-tejido-sin-revestimiento\/"]}]},{"@type":"ImageObject","inLanguage":"es","@id":"https:\/\/cardinal-tapes.com\/es\/cintas-adhesivas\/cinta-de-tela\/ca-32-cinta-adhesiva-de-tejido-sin-revestimiento\/#primaryimage","url":"https:\/\/cardinal-tapes.com\/wp-content\/uploads\/CA_32_02-2.jpg","contentUrl":"https:\/\/cardinal-tapes.com\/wp-content\/uploads\/CA_32_02-2.jpg","width":1400,"height":1400,"caption":"CA_32"},{"@type":"BreadcrumbList","@id":"https:\/\/cardinal-tapes.com\/es\/cintas-adhesivas\/cinta-de-tela\/ca-32-cinta-adhesiva-de-tejido-sin-revestimiento\/#breadcrumb","itemListElement":[{"@type":"ListItem","position":1,"name":"Startseite","item":"https:\/\/cardinal-tapes.com\/es\/"},{"@type":"ListItem","position":2,"name":"Cintas adhesivas","item":"https:\/\/cardinal-tapes.com\/es\/cintas-adhesivas-es\/"},{"@type":"ListItem","position":3,"name":"Cinta de tela","item":"https:\/\/cardinal-tapes.com\/es\/categora\/cinta-de-tela\/"},{"@type":"ListItem","position":4,"name":"CA-32 Cinta de tejido sin recubrir"}]},{"@type":"WebSite","@id":"https:\/\/cardinal-tapes.com\/#website","url":"https:\/\/cardinal-tapes.com\/","name":"cardinal TAPES","description":"Klebetechnik aus Wuppertal","potentialAction":[{"@type":"SearchAction","target":{"@type":"EntryPoint","urlTemplate":"https:\/\/cardinal-tapes.com\/?s={search_term_string}"},"query-input":{"@type":"PropertyValueSpecification","valueRequired":true,"valueName":"search_term_string"}}],"inLanguage":"es"}]}},"brands":[{"id":2175,"name":"cardinal GmbH","slug":"cardinal-gmbh-es"}],"_links":{"self":[{"href":"https:\/\/cardinal-tapes.com\/es\/wp-json\/wp\/v2\/product\/55925","targetHints":{"allow":["GET"]}}],"collection":[{"href":"https:\/\/cardinal-tapes.com\/es\/wp-json\/wp\/v2\/product"}],"about":[{"href":"https:\/\/cardinal-tapes.com\/es\/wp-json\/wp\/v2\/types\/product"}],"wp:featuredmedia":[{"embeddable":true,"href":"https:\/\/cardinal-tapes.com\/es\/wp-json\/wp\/v2\/media\/26855"}],"wp:attachment":[{"href":"https:\/\/cardinal-tapes.com\/es\/wp-json\/wp\/v2\/media?parent=55925"}],"wp:term":[{"taxonomy":"pwb-brand","embeddable":true,"href":"https:\/\/cardinal-tapes.com\/es\/wp-json\/wp\/v2\/pwb-brand?post=55925"},{"taxonomy":"product_brand","embeddable":true,"href":"https:\/\/cardinal-tapes.com\/es\/wp-json\/wp\/v2\/product_brand?post=55925"},{"taxonomy":"product_cat","embeddable":true,"href":"https:\/\/cardinal-tapes.com\/es\/wp-json\/wp\/v2\/product_cat?post=55925"},{"taxonomy":"product_tag","embeddable":true,"href":"https:\/\/cardinal-tapes.com\/es\/wp-json\/wp\/v2\/product_tag?post=55925"}],"curies":[{"name":"wp","href":"https:\/\/api.w.org\/{rel}","templated":true}]}}