{"id":55394,"date":"2018-02-21T10:28:37","date_gmt":"2018-02-21T09:28:37","guid":{"rendered":"https:\/\/cardinal.pixel-tal.de\/klebebaender\/sin%20categor\u00eda\/ca-537-cinta-de-pvc-para-marcar-el-suelo\/"},"modified":"2025-07-03T10:43:45","modified_gmt":"2025-07-03T08:43:45","slug":"ca-537-marcador-de-suelo-cinta-adhesiva-de-pvc","status":"publish","type":"product","link":"https:\/\/cardinal-tapes.com\/es\/cintas-adhesivas\/ambitos-de-aplicacion\/cinta-de-marcaje-de-suelos\/ca-537-marcador-de-suelo-cinta-adhesiva-de-pvc\/","title":{"rendered":"CA-537 Cinta de PVC para marcar el suelo"},"content":{"rendered":"<p>CA-537 es una cinta de PVC flexible con un agresivo adhesivo de caucho sensible a la presi\u00f3n. Combina una buena resistencia mec\u00e1nica, f\u00e1cil desgarro transversal y resistencia a la abrasi\u00f3n con una excelente conformabilidad para la se\u00f1alizaci\u00f3n de caminos y la pavimentaci\u00f3n.<\/p>\n","protected":false},"excerpt":{"rendered":"<p>CA-537 es una cinta de PVC flexible con un agresivo adhesivo de caucho sensible a la presi\u00f3n. Combina una buena resistencia mec\u00e1nica, f\u00e1cil desgarro transversal y resistencia a la abrasi\u00f3n con una excelente conformabilidad para la se\u00f1alizaci\u00f3n de caminos y la pavimentaci\u00f3n.<\/p>\n","protected":false},"featured_media":26939,"template":"","meta":{"_acf_changed":false},"pwb-brand":[2175],"product_brand":[],"product_cat":[1701,1806],"product_tag":[],"class_list":{"0":"post-55394","1":"product","2":"type-product","3":"status-publish","4":"has-post-thumbnail","6":"pwb-brand-cardinal-gmbh-es","7":"product_cat-cinta-de-marcaje-de-suelos","8":"product_cat-cintas-adhesivas-de-una-cara","10":"first","11":"instock","12":"taxable","13":"shipping-taxable","14":"purchasable","15":"product-type-variable"},"acf":[],"yoast_head":"<!-- This site is optimized with the Yoast SEO plugin v27.3 - https:\/\/yoast.com\/product\/yoast-seo-wordpress\/ -->\n<title>CA-537 Cinta de PVC para marcar suelos | Cardinal TAPES<\/title>\n<meta name=\"description\" content=\"CA-537 es una cinta de marcaje de suelos flexible, f\u00e1cil de desenrollar y que se adhiere bien a una gran variedad de superficies.\" \/>\n<meta name=\"robots\" content=\"index, follow, max-snippet:-1, max-image-preview:large, max-video-preview:-1\" \/>\n<link rel=\"canonical\" href=\"https:\/\/cardinal-tapes.com\/es\/cintas-adhesivas\/ambitos-de-aplicacion\/cinta-de-marcaje-de-suelos\/ca-537-marcador-de-suelo-cinta-adhesiva-de-pvc\/\" \/>\n<meta property=\"og:locale\" content=\"es_ES\" \/>\n<meta property=\"og:type\" content=\"article\" \/>\n<meta property=\"og:title\" content=\"CA-537 Cinta de PVC para marcar suelos | Cardinal TAPES\" \/>\n<meta property=\"og:description\" content=\"CA-537 es una cinta de marcaje de suelos flexible, f\u00e1cil de desenrollar y que se adhiere bien a una gran variedad de superficies.\" \/>\n<meta property=\"og:url\" content=\"https:\/\/cardinal-tapes.com\/es\/cintas-adhesivas\/ambitos-de-aplicacion\/cinta-de-marcaje-de-suelos\/ca-537-marcador-de-suelo-cinta-adhesiva-de-pvc\/\" \/>\n<meta property=\"og:site_name\" content=\"cardinal TAPES\" \/>\n<meta property=\"article:modified_time\" content=\"2025-07-03T08:43:45+00:00\" \/>\n<meta property=\"og:image\" content=\"https:\/\/cardinal-tapes.com\/wp-content\/uploads\/CA_Mix02_01.jpg\" \/>\n\t<meta property=\"og:image:width\" content=\"1400\" \/>\n\t<meta property=\"og:image:height\" content=\"1032\" \/>\n\t<meta property=\"og:image:type\" content=\"image\/jpeg\" \/>\n<meta name=\"twitter:card\" content=\"summary_large_image\" \/>\n<script type=\"application\/ld+json\" class=\"yoast-schema-graph\">{\"@context\":\"https:\\\/\\\/schema.org\",\"@graph\":[{\"@type\":\"WebPage\",\"@id\":\"https:\\\/\\\/cardinal-tapes.com\\\/es\\\/cintas-adhesivas\\\/ambitos-de-aplicacion\\\/cinta-de-marcaje-de-suelos\\\/ca-537-marcador-de-suelo-cinta-adhesiva-de-pvc\\\/\",\"url\":\"https:\\\/\\\/cardinal-tapes.com\\\/es\\\/cintas-adhesivas\\\/ambitos-de-aplicacion\\\/cinta-de-marcaje-de-suelos\\\/ca-537-marcador-de-suelo-cinta-adhesiva-de-pvc\\\/\",\"name\":\"CA-537 Cinta de PVC para marcar suelos | Cardinal TAPES\",\"isPartOf\":{\"@id\":\"https:\\\/\\\/cardinal-tapes.com\\\/#website\"},\"primaryImageOfPage\":{\"@id\":\"https:\\\/\\\/cardinal-tapes.com\\\/es\\\/cintas-adhesivas\\\/ambitos-de-aplicacion\\\/cinta-de-marcaje-de-suelos\\\/ca-537-marcador-de-suelo-cinta-adhesiva-de-pvc\\\/#primaryimage\"},\"image\":{\"@id\":\"https:\\\/\\\/cardinal-tapes.com\\\/es\\\/cintas-adhesivas\\\/ambitos-de-aplicacion\\\/cinta-de-marcaje-de-suelos\\\/ca-537-marcador-de-suelo-cinta-adhesiva-de-pvc\\\/#primaryimage\"},\"thumbnailUrl\":\"https:\\\/\\\/cardinal-tapes.com\\\/wp-content\\\/uploads\\\/CA_Mix02_01.jpg\",\"datePublished\":\"2018-02-21T09:28:37+00:00\",\"dateModified\":\"2025-07-03T08:43:45+00:00\",\"description\":\"CA-537 es una cinta de marcaje de suelos flexible, f\u00e1cil de desenrollar y que se adhiere bien a una gran variedad de superficies.\",\"breadcrumb\":{\"@id\":\"https:\\\/\\\/cardinal-tapes.com\\\/es\\\/cintas-adhesivas\\\/ambitos-de-aplicacion\\\/cinta-de-marcaje-de-suelos\\\/ca-537-marcador-de-suelo-cinta-adhesiva-de-pvc\\\/#breadcrumb\"},\"inLanguage\":\"es\",\"potentialAction\":[{\"@type\":\"ReadAction\",\"target\":[\"https:\\\/\\\/cardinal-tapes.com\\\/es\\\/cintas-adhesivas\\\/ambitos-de-aplicacion\\\/cinta-de-marcaje-de-suelos\\\/ca-537-marcador-de-suelo-cinta-adhesiva-de-pvc\\\/\"]}]},{\"@type\":\"ImageObject\",\"inLanguage\":\"es\",\"@id\":\"https:\\\/\\\/cardinal-tapes.com\\\/es\\\/cintas-adhesivas\\\/ambitos-de-aplicacion\\\/cinta-de-marcaje-de-suelos\\\/ca-537-marcador-de-suelo-cinta-adhesiva-de-pvc\\\/#primaryimage\",\"url\":\"https:\\\/\\\/cardinal-tapes.com\\\/wp-content\\\/uploads\\\/CA_Mix02_01.jpg\",\"contentUrl\":\"https:\\\/\\\/cardinal-tapes.com\\\/wp-content\\\/uploads\\\/CA_Mix02_01.jpg\",\"width\":1400,\"height\":1032,\"caption\":\"CA_Mix02_01\"},{\"@type\":\"BreadcrumbList\",\"@id\":\"https:\\\/\\\/cardinal-tapes.com\\\/es\\\/cintas-adhesivas\\\/ambitos-de-aplicacion\\\/cinta-de-marcaje-de-suelos\\\/ca-537-marcador-de-suelo-cinta-adhesiva-de-pvc\\\/#breadcrumb\",\"itemListElement\":[{\"@type\":\"ListItem\",\"position\":1,\"name\":\"Startseite\",\"item\":\"https:\\\/\\\/cardinal-tapes.com\\\/es\\\/\"},{\"@type\":\"ListItem\",\"position\":2,\"name\":\"Cintas adhesivas\",\"item\":\"https:\\\/\\\/cardinal-tapes.com\\\/es\\\/cintas-adhesivas-es\\\/\"},{\"@type\":\"ListItem\",\"position\":3,\"name\":\"\u00c1mbitos de aplicaci\u00f3n\",\"item\":\"https:\\\/\\\/cardinal-tapes.com\\\/es\\\/categora\\\/ambitos-de-aplicacion\\\/\"},{\"@type\":\"ListItem\",\"position\":4,\"name\":\"Cinta de marcaje de suelos\",\"item\":\"https:\\\/\\\/cardinal-tapes.com\\\/es\\\/categora\\\/cinta-de-marcaje-de-suelos\\\/\"},{\"@type\":\"ListItem\",\"position\":5,\"name\":\"CA-537 Cinta de PVC para marcar el suelo\"}]},{\"@type\":\"WebSite\",\"@id\":\"https:\\\/\\\/cardinal-tapes.com\\\/#website\",\"url\":\"https:\\\/\\\/cardinal-tapes.com\\\/\",\"name\":\"cardinal TAPES\",\"description\":\"Klebetechnik aus Wuppertal\",\"potentialAction\":[{\"@type\":\"SearchAction\",\"target\":{\"@type\":\"EntryPoint\",\"urlTemplate\":\"https:\\\/\\\/cardinal-tapes.com\\\/?s={search_term_string}\"},\"query-input\":{\"@type\":\"PropertyValueSpecification\",\"valueRequired\":true,\"valueName\":\"search_term_string\"}}],\"inLanguage\":\"es\"}]}<\/script>\n<!-- \/ Yoast SEO plugin. -->","yoast_head_json":{"title":"CA-537 Cinta de PVC para marcar suelos | Cardinal TAPES","description":"CA-537 es una cinta de marcaje de suelos flexible, f\u00e1cil de desenrollar y que se adhiere bien a una gran variedad de superficies.","robots":{"index":"index","follow":"follow","max-snippet":"max-snippet:-1","max-image-preview":"max-image-preview:large","max-video-preview":"max-video-preview:-1"},"canonical":"https:\/\/cardinal-tapes.com\/es\/cintas-adhesivas\/ambitos-de-aplicacion\/cinta-de-marcaje-de-suelos\/ca-537-marcador-de-suelo-cinta-adhesiva-de-pvc\/","og_locale":"es_ES","og_type":"article","og_title":"CA-537 Cinta de PVC para marcar suelos | Cardinal TAPES","og_description":"CA-537 es una cinta de marcaje de suelos flexible, f\u00e1cil de desenrollar y que se adhiere bien a una gran variedad de superficies.","og_url":"https:\/\/cardinal-tapes.com\/es\/cintas-adhesivas\/ambitos-de-aplicacion\/cinta-de-marcaje-de-suelos\/ca-537-marcador-de-suelo-cinta-adhesiva-de-pvc\/","og_site_name":"cardinal TAPES","article_modified_time":"2025-07-03T08:43:45+00:00","og_image":[{"width":1400,"height":1032,"url":"https:\/\/cardinal-tapes.com\/wp-content\/uploads\/CA_Mix02_01.jpg","type":"image\/jpeg"}],"twitter_card":"summary_large_image","schema":{"@context":"https:\/\/schema.org","@graph":[{"@type":"WebPage","@id":"https:\/\/cardinal-tapes.com\/es\/cintas-adhesivas\/ambitos-de-aplicacion\/cinta-de-marcaje-de-suelos\/ca-537-marcador-de-suelo-cinta-adhesiva-de-pvc\/","url":"https:\/\/cardinal-tapes.com\/es\/cintas-adhesivas\/ambitos-de-aplicacion\/cinta-de-marcaje-de-suelos\/ca-537-marcador-de-suelo-cinta-adhesiva-de-pvc\/","name":"CA-537 Cinta de PVC para marcar suelos | Cardinal TAPES","isPartOf":{"@id":"https:\/\/cardinal-tapes.com\/#website"},"primaryImageOfPage":{"@id":"https:\/\/cardinal-tapes.com\/es\/cintas-adhesivas\/ambitos-de-aplicacion\/cinta-de-marcaje-de-suelos\/ca-537-marcador-de-suelo-cinta-adhesiva-de-pvc\/#primaryimage"},"image":{"@id":"https:\/\/cardinal-tapes.com\/es\/cintas-adhesivas\/ambitos-de-aplicacion\/cinta-de-marcaje-de-suelos\/ca-537-marcador-de-suelo-cinta-adhesiva-de-pvc\/#primaryimage"},"thumbnailUrl":"https:\/\/cardinal-tapes.com\/wp-content\/uploads\/CA_Mix02_01.jpg","datePublished":"2018-02-21T09:28:37+00:00","dateModified":"2025-07-03T08:43:45+00:00","description":"CA-537 es una cinta de marcaje de suelos flexible, f\u00e1cil de desenrollar y que se adhiere bien a una gran variedad de superficies.","breadcrumb":{"@id":"https:\/\/cardinal-tapes.com\/es\/cintas-adhesivas\/ambitos-de-aplicacion\/cinta-de-marcaje-de-suelos\/ca-537-marcador-de-suelo-cinta-adhesiva-de-pvc\/#breadcrumb"},"inLanguage":"es","potentialAction":[{"@type":"ReadAction","target":["https:\/\/cardinal-tapes.com\/es\/cintas-adhesivas\/ambitos-de-aplicacion\/cinta-de-marcaje-de-suelos\/ca-537-marcador-de-suelo-cinta-adhesiva-de-pvc\/"]}]},{"@type":"ImageObject","inLanguage":"es","@id":"https:\/\/cardinal-tapes.com\/es\/cintas-adhesivas\/ambitos-de-aplicacion\/cinta-de-marcaje-de-suelos\/ca-537-marcador-de-suelo-cinta-adhesiva-de-pvc\/#primaryimage","url":"https:\/\/cardinal-tapes.com\/wp-content\/uploads\/CA_Mix02_01.jpg","contentUrl":"https:\/\/cardinal-tapes.com\/wp-content\/uploads\/CA_Mix02_01.jpg","width":1400,"height":1032,"caption":"CA_Mix02_01"},{"@type":"BreadcrumbList","@id":"https:\/\/cardinal-tapes.com\/es\/cintas-adhesivas\/ambitos-de-aplicacion\/cinta-de-marcaje-de-suelos\/ca-537-marcador-de-suelo-cinta-adhesiva-de-pvc\/#breadcrumb","itemListElement":[{"@type":"ListItem","position":1,"name":"Startseite","item":"https:\/\/cardinal-tapes.com\/es\/"},{"@type":"ListItem","position":2,"name":"Cintas adhesivas","item":"https:\/\/cardinal-tapes.com\/es\/cintas-adhesivas-es\/"},{"@type":"ListItem","position":3,"name":"\u00c1mbitos de aplicaci\u00f3n","item":"https:\/\/cardinal-tapes.com\/es\/categora\/ambitos-de-aplicacion\/"},{"@type":"ListItem","position":4,"name":"Cinta de marcaje de suelos","item":"https:\/\/cardinal-tapes.com\/es\/categora\/cinta-de-marcaje-de-suelos\/"},{"@type":"ListItem","position":5,"name":"CA-537 Cinta de PVC para marcar el suelo"}]},{"@type":"WebSite","@id":"https:\/\/cardinal-tapes.com\/#website","url":"https:\/\/cardinal-tapes.com\/","name":"cardinal TAPES","description":"Klebetechnik aus Wuppertal","potentialAction":[{"@type":"SearchAction","target":{"@type":"EntryPoint","urlTemplate":"https:\/\/cardinal-tapes.com\/?s={search_term_string}"},"query-input":{"@type":"PropertyValueSpecification","valueRequired":true,"valueName":"search_term_string"}}],"inLanguage":"es"}]}},"brands":[{"id":2175,"name":"cardinal GmbH","slug":"cardinal-gmbh-es"}],"_links":{"self":[{"href":"https:\/\/cardinal-tapes.com\/es\/wp-json\/wp\/v2\/product\/55394","targetHints":{"allow":["GET"]}}],"collection":[{"href":"https:\/\/cardinal-tapes.com\/es\/wp-json\/wp\/v2\/product"}],"about":[{"href":"https:\/\/cardinal-tapes.com\/es\/wp-json\/wp\/v2\/types\/product"}],"wp:featuredmedia":[{"embeddable":true,"href":"https:\/\/cardinal-tapes.com\/es\/wp-json\/wp\/v2\/media\/26939"}],"wp:attachment":[{"href":"https:\/\/cardinal-tapes.com\/es\/wp-json\/wp\/v2\/media?parent=55394"}],"wp:term":[{"taxonomy":"pwb-brand","embeddable":true,"href":"https:\/\/cardinal-tapes.com\/es\/wp-json\/wp\/v2\/pwb-brand?post=55394"},{"taxonomy":"product_brand","embeddable":true,"href":"https:\/\/cardinal-tapes.com\/es\/wp-json\/wp\/v2\/product_brand?post=55394"},{"taxonomy":"product_cat","embeddable":true,"href":"https:\/\/cardinal-tapes.com\/es\/wp-json\/wp\/v2\/product_cat?post=55394"},{"taxonomy":"product_tag","embeddable":true,"href":"https:\/\/cardinal-tapes.com\/es\/wp-json\/wp\/v2\/product_tag?post=55394"}],"curies":[{"name":"wp","href":"https:\/\/api.w.org\/{rel}","templated":true}]}}