{"id":55366,"date":"2018-02-23T09:54:25","date_gmt":"2018-02-23T08:54:25","guid":{"rendered":"https:\/\/cardinal.pixel-tal.de\/klebebaender\/sin categor\u00eda\/cinta-adhesiva-ca-418-pet\/"},"modified":"2023-06-05T17:24:34","modified_gmt":"2023-06-05T15:24:34","slug":"ca-418-pet-adhesive-tape","status":"publish","type":"product","link":"https:\/\/cardinal-tapes.com\/es\/cintas-adhesivas\/ambitos-de-aplicacion\/produccion-transformacion-del-aluminio\/ca-418-pet-adhesive-tape\/","title":{"rendered":"Cinta adhesiva CA-418 PET"},"content":{"rendered":"<p>CA-418 es una cinta adhesiva universal de rendimiento excepcionalmente alto que consiste en un soporte de pel\u00edcula de poli\u00e9ster con una resistencia muy alta a la temperatura. El producto se utiliza en el pegado de retrovisores exteriores de autom\u00f3viles y camiones en carcasas de pl\u00e1stico con protecci\u00f3n simult\u00e1nea contra astillas. Acabado autoadhesivo de molduras, embellecedores y conductos de cables. Corte a medida y empalme de papel, textiles, pl\u00e1sticos y l\u00e1minas met\u00e1licas cuando se requiere una gran resistencia al cizallamiento y a la adherencia.<\/p>\n","protected":false},"excerpt":{"rendered":"<p>CA-418 es una cinta adhesiva universal de rendimiento excepcionalmente alto que consiste en un soporte de pel\u00edcula de poli\u00e9ster con una resistencia muy alta a la temperatura. El producto se utiliza en el pegado de retrovisores exteriores de autom\u00f3viles y camiones en carcasas de pl\u00e1stico con protecci\u00f3n simult\u00e1nea contra astillas. Acabado autoadhesivo de molduras, embellecedores [&hellip;]<\/p>\n","protected":false},"featured_media":81358,"template":"","meta":{"_acf_changed":false},"pwb-brand":[2175],"product_brand":[],"product_cat":[1708,1711,1800,1804,1695,1703,1704],"product_tag":[],"class_list":{"0":"post-55366","1":"product","2":"type-product","3":"status-publish","4":"has-post-thumbnail","6":"pwb-brand-cardinal-gmbh-es","7":"product_cat-industria-del-plastico","8":"product_cat-ingenieria-mecanica","9":"product_cat-industria-textil","10":"product_cat-cintas-adhesivas-de-doble-cara","11":"product_cat-produccion-transformacion-del-aluminio","12":"product_cat-industria-electrica","13":"product_cat-produccion-de-peliculas","15":"first","16":"instock","17":"taxable","18":"shipping-taxable","19":"purchasable","20":"product-type-variable"},"acf":[],"yoast_head":"<!-- This site is optimized with the Yoast SEO plugin v27.3 - https:\/\/yoast.com\/product\/yoast-seo-wordpress\/ -->\n<title>La CA-418 es una potente cinta universal | Cardinal TAPES<\/title>\n<meta name=\"description\" content=\"Potente y resistente a la temperatura: nuestra cinta adhesiva universal CA-418. La CA-418 es adecuada para numerosas aplicaciones exigentes. Informa ahora.\" \/>\n<meta name=\"robots\" content=\"index, follow, max-snippet:-1, max-image-preview:large, max-video-preview:-1\" \/>\n<link rel=\"canonical\" href=\"https:\/\/cardinal-tapes.com\/es\/cintas-adhesivas\/ambitos-de-aplicacion\/produccion-transformacion-del-aluminio\/ca-418-pet-adhesive-tape\/\" \/>\n<meta property=\"og:locale\" content=\"es_ES\" \/>\n<meta property=\"og:type\" content=\"article\" \/>\n<meta property=\"og:title\" content=\"La CA-418 es una potente cinta universal | Cardinal TAPES\" \/>\n<meta property=\"og:description\" content=\"Potente y resistente a la temperatura: nuestra cinta adhesiva universal CA-418. La CA-418 es adecuada para numerosas aplicaciones exigentes. Informa ahora.\" \/>\n<meta property=\"og:url\" content=\"https:\/\/cardinal-tapes.com\/es\/cintas-adhesivas\/ambitos-de-aplicacion\/produccion-transformacion-del-aluminio\/ca-418-pet-adhesive-tape\/\" \/>\n<meta property=\"og:site_name\" content=\"cardinal TAPES\" \/>\n<meta property=\"article:modified_time\" content=\"2023-06-05T15:24:34+00:00\" \/>\n<meta property=\"og:image\" content=\"https:\/\/cardinal-tapes.com\/wp-content\/uploads\/ca_420_19x50mm.jpg\" \/>\n\t<meta property=\"og:image:width\" content=\"380\" \/>\n\t<meta property=\"og:image:height\" content=\"380\" \/>\n\t<meta property=\"og:image:type\" content=\"image\/jpeg\" \/>\n<meta name=\"twitter:card\" content=\"summary_large_image\" \/>\n<script type=\"application\/ld+json\" class=\"yoast-schema-graph\">{\"@context\":\"https:\\\/\\\/schema.org\",\"@graph\":[{\"@type\":\"WebPage\",\"@id\":\"https:\\\/\\\/cardinal-tapes.com\\\/es\\\/cintas-adhesivas\\\/ambitos-de-aplicacion\\\/produccion-transformacion-del-aluminio\\\/ca-418-pet-adhesive-tape\\\/\",\"url\":\"https:\\\/\\\/cardinal-tapes.com\\\/es\\\/cintas-adhesivas\\\/ambitos-de-aplicacion\\\/produccion-transformacion-del-aluminio\\\/ca-418-pet-adhesive-tape\\\/\",\"name\":\"La CA-418 es una potente cinta universal | Cardinal TAPES\",\"isPartOf\":{\"@id\":\"https:\\\/\\\/cardinal-tapes.com\\\/#website\"},\"primaryImageOfPage\":{\"@id\":\"https:\\\/\\\/cardinal-tapes.com\\\/es\\\/cintas-adhesivas\\\/ambitos-de-aplicacion\\\/produccion-transformacion-del-aluminio\\\/ca-418-pet-adhesive-tape\\\/#primaryimage\"},\"image\":{\"@id\":\"https:\\\/\\\/cardinal-tapes.com\\\/es\\\/cintas-adhesivas\\\/ambitos-de-aplicacion\\\/produccion-transformacion-del-aluminio\\\/ca-418-pet-adhesive-tape\\\/#primaryimage\"},\"thumbnailUrl\":\"https:\\\/\\\/cardinal-tapes.com\\\/wp-content\\\/uploads\\\/ca_420_19x50mm.jpg\",\"datePublished\":\"2018-02-23T08:54:25+00:00\",\"dateModified\":\"2023-06-05T15:24:34+00:00\",\"description\":\"Potente y resistente a la temperatura: nuestra cinta adhesiva universal CA-418. La CA-418 es adecuada para numerosas aplicaciones exigentes. Informa ahora.\",\"breadcrumb\":{\"@id\":\"https:\\\/\\\/cardinal-tapes.com\\\/es\\\/cintas-adhesivas\\\/ambitos-de-aplicacion\\\/produccion-transformacion-del-aluminio\\\/ca-418-pet-adhesive-tape\\\/#breadcrumb\"},\"inLanguage\":\"es\",\"potentialAction\":[{\"@type\":\"ReadAction\",\"target\":[\"https:\\\/\\\/cardinal-tapes.com\\\/es\\\/cintas-adhesivas\\\/ambitos-de-aplicacion\\\/produccion-transformacion-del-aluminio\\\/ca-418-pet-adhesive-tape\\\/\"]}]},{\"@type\":\"ImageObject\",\"inLanguage\":\"es\",\"@id\":\"https:\\\/\\\/cardinal-tapes.com\\\/es\\\/cintas-adhesivas\\\/ambitos-de-aplicacion\\\/produccion-transformacion-del-aluminio\\\/ca-418-pet-adhesive-tape\\\/#primaryimage\",\"url\":\"https:\\\/\\\/cardinal-tapes.com\\\/wp-content\\\/uploads\\\/ca_420_19x50mm.jpg\",\"contentUrl\":\"https:\\\/\\\/cardinal-tapes.com\\\/wp-content\\\/uploads\\\/ca_420_19x50mm.jpg\",\"width\":380,\"height\":380},{\"@type\":\"BreadcrumbList\",\"@id\":\"https:\\\/\\\/cardinal-tapes.com\\\/es\\\/cintas-adhesivas\\\/ambitos-de-aplicacion\\\/produccion-transformacion-del-aluminio\\\/ca-418-pet-adhesive-tape\\\/#breadcrumb\",\"itemListElement\":[{\"@type\":\"ListItem\",\"position\":1,\"name\":\"Startseite\",\"item\":\"https:\\\/\\\/cardinal-tapes.com\\\/es\\\/\"},{\"@type\":\"ListItem\",\"position\":2,\"name\":\"Cintas adhesivas\",\"item\":\"https:\\\/\\\/cardinal-tapes.com\\\/es\\\/cintas-adhesivas-es\\\/\"},{\"@type\":\"ListItem\",\"position\":3,\"name\":\"Doppelseitige Klebeb\u00e4nder\",\"item\":\"https:\\\/\\\/cardinal-tapes.com\\\/kategorie\\\/doppelseitige-klebebaender\\\/\"},{\"@type\":\"ListItem\",\"position\":4,\"name\":\"Cinta adhesiva CA-418 PET\"}]},{\"@type\":\"WebSite\",\"@id\":\"https:\\\/\\\/cardinal-tapes.com\\\/#website\",\"url\":\"https:\\\/\\\/cardinal-tapes.com\\\/\",\"name\":\"cardinal TAPES\",\"description\":\"Klebetechnik aus Wuppertal\",\"potentialAction\":[{\"@type\":\"SearchAction\",\"target\":{\"@type\":\"EntryPoint\",\"urlTemplate\":\"https:\\\/\\\/cardinal-tapes.com\\\/?s={search_term_string}\"},\"query-input\":{\"@type\":\"PropertyValueSpecification\",\"valueRequired\":true,\"valueName\":\"search_term_string\"}}],\"inLanguage\":\"es\"}]}<\/script>\n<!-- \/ Yoast SEO plugin. -->","yoast_head_json":{"title":"La CA-418 es una potente cinta universal | Cardinal TAPES","description":"Potente y resistente a la temperatura: nuestra cinta adhesiva universal CA-418. La CA-418 es adecuada para numerosas aplicaciones exigentes. Informa ahora.","robots":{"index":"index","follow":"follow","max-snippet":"max-snippet:-1","max-image-preview":"max-image-preview:large","max-video-preview":"max-video-preview:-1"},"canonical":"https:\/\/cardinal-tapes.com\/es\/cintas-adhesivas\/ambitos-de-aplicacion\/produccion-transformacion-del-aluminio\/ca-418-pet-adhesive-tape\/","og_locale":"es_ES","og_type":"article","og_title":"La CA-418 es una potente cinta universal | Cardinal TAPES","og_description":"Potente y resistente a la temperatura: nuestra cinta adhesiva universal CA-418. La CA-418 es adecuada para numerosas aplicaciones exigentes. Informa ahora.","og_url":"https:\/\/cardinal-tapes.com\/es\/cintas-adhesivas\/ambitos-de-aplicacion\/produccion-transformacion-del-aluminio\/ca-418-pet-adhesive-tape\/","og_site_name":"cardinal TAPES","article_modified_time":"2023-06-05T15:24:34+00:00","og_image":[{"width":380,"height":380,"url":"https:\/\/cardinal-tapes.com\/wp-content\/uploads\/ca_420_19x50mm.jpg","type":"image\/jpeg"}],"twitter_card":"summary_large_image","schema":{"@context":"https:\/\/schema.org","@graph":[{"@type":"WebPage","@id":"https:\/\/cardinal-tapes.com\/es\/cintas-adhesivas\/ambitos-de-aplicacion\/produccion-transformacion-del-aluminio\/ca-418-pet-adhesive-tape\/","url":"https:\/\/cardinal-tapes.com\/es\/cintas-adhesivas\/ambitos-de-aplicacion\/produccion-transformacion-del-aluminio\/ca-418-pet-adhesive-tape\/","name":"La CA-418 es una potente cinta universal | Cardinal TAPES","isPartOf":{"@id":"https:\/\/cardinal-tapes.com\/#website"},"primaryImageOfPage":{"@id":"https:\/\/cardinal-tapes.com\/es\/cintas-adhesivas\/ambitos-de-aplicacion\/produccion-transformacion-del-aluminio\/ca-418-pet-adhesive-tape\/#primaryimage"},"image":{"@id":"https:\/\/cardinal-tapes.com\/es\/cintas-adhesivas\/ambitos-de-aplicacion\/produccion-transformacion-del-aluminio\/ca-418-pet-adhesive-tape\/#primaryimage"},"thumbnailUrl":"https:\/\/cardinal-tapes.com\/wp-content\/uploads\/ca_420_19x50mm.jpg","datePublished":"2018-02-23T08:54:25+00:00","dateModified":"2023-06-05T15:24:34+00:00","description":"Potente y resistente a la temperatura: nuestra cinta adhesiva universal CA-418. La CA-418 es adecuada para numerosas aplicaciones exigentes. Informa ahora.","breadcrumb":{"@id":"https:\/\/cardinal-tapes.com\/es\/cintas-adhesivas\/ambitos-de-aplicacion\/produccion-transformacion-del-aluminio\/ca-418-pet-adhesive-tape\/#breadcrumb"},"inLanguage":"es","potentialAction":[{"@type":"ReadAction","target":["https:\/\/cardinal-tapes.com\/es\/cintas-adhesivas\/ambitos-de-aplicacion\/produccion-transformacion-del-aluminio\/ca-418-pet-adhesive-tape\/"]}]},{"@type":"ImageObject","inLanguage":"es","@id":"https:\/\/cardinal-tapes.com\/es\/cintas-adhesivas\/ambitos-de-aplicacion\/produccion-transformacion-del-aluminio\/ca-418-pet-adhesive-tape\/#primaryimage","url":"https:\/\/cardinal-tapes.com\/wp-content\/uploads\/ca_420_19x50mm.jpg","contentUrl":"https:\/\/cardinal-tapes.com\/wp-content\/uploads\/ca_420_19x50mm.jpg","width":380,"height":380},{"@type":"BreadcrumbList","@id":"https:\/\/cardinal-tapes.com\/es\/cintas-adhesivas\/ambitos-de-aplicacion\/produccion-transformacion-del-aluminio\/ca-418-pet-adhesive-tape\/#breadcrumb","itemListElement":[{"@type":"ListItem","position":1,"name":"Startseite","item":"https:\/\/cardinal-tapes.com\/es\/"},{"@type":"ListItem","position":2,"name":"Cintas adhesivas","item":"https:\/\/cardinal-tapes.com\/es\/cintas-adhesivas-es\/"},{"@type":"ListItem","position":3,"name":"Doppelseitige Klebeb\u00e4nder","item":"https:\/\/cardinal-tapes.com\/kategorie\/doppelseitige-klebebaender\/"},{"@type":"ListItem","position":4,"name":"Cinta adhesiva CA-418 PET"}]},{"@type":"WebSite","@id":"https:\/\/cardinal-tapes.com\/#website","url":"https:\/\/cardinal-tapes.com\/","name":"cardinal TAPES","description":"Klebetechnik aus Wuppertal","potentialAction":[{"@type":"SearchAction","target":{"@type":"EntryPoint","urlTemplate":"https:\/\/cardinal-tapes.com\/?s={search_term_string}"},"query-input":{"@type":"PropertyValueSpecification","valueRequired":true,"valueName":"search_term_string"}}],"inLanguage":"es"}]}},"brands":[{"id":2175,"name":"cardinal GmbH","slug":"cardinal-gmbh-es"}],"_links":{"self":[{"href":"https:\/\/cardinal-tapes.com\/es\/wp-json\/wp\/v2\/product\/55366","targetHints":{"allow":["GET"]}}],"collection":[{"href":"https:\/\/cardinal-tapes.com\/es\/wp-json\/wp\/v2\/product"}],"about":[{"href":"https:\/\/cardinal-tapes.com\/es\/wp-json\/wp\/v2\/types\/product"}],"wp:featuredmedia":[{"embeddable":true,"href":"https:\/\/cardinal-tapes.com\/es\/wp-json\/wp\/v2\/media\/81358"}],"wp:attachment":[{"href":"https:\/\/cardinal-tapes.com\/es\/wp-json\/wp\/v2\/media?parent=55366"}],"wp:term":[{"taxonomy":"pwb-brand","embeddable":true,"href":"https:\/\/cardinal-tapes.com\/es\/wp-json\/wp\/v2\/pwb-brand?post=55366"},{"taxonomy":"product_brand","embeddable":true,"href":"https:\/\/cardinal-tapes.com\/es\/wp-json\/wp\/v2\/product_brand?post=55366"},{"taxonomy":"product_cat","embeddable":true,"href":"https:\/\/cardinal-tapes.com\/es\/wp-json\/wp\/v2\/product_cat?post=55366"},{"taxonomy":"product_tag","embeddable":true,"href":"https:\/\/cardinal-tapes.com\/es\/wp-json\/wp\/v2\/product_tag?post=55366"}],"curies":[{"name":"wp","href":"https:\/\/api.w.org\/{rel}","templated":true}]}}