{"id":55315,"date":"2018-02-23T12:11:22","date_gmt":"2023-06-05T15:24:32","guid":{"rendered":"https:\/\/cardinal.pixel-tal.de\/klebebaender\/sin categor\u00eda\/ca-53-cinta-adhesiva-de-pvc-blando\/"},"modified":"2023-06-05T17:24:32","modified_gmt":"2023-06-05T15:24:32","slug":"ca-52-cinta-de-embalaje-con-lamina-ppp","status":"publish","type":"product","link":"https:\/\/cardinal-tapes.com\/es\/cintas-adhesivas\/ambitos-de-aplicacion\/industria-electrica\/ca-52-cinta-de-embalaje-con-lamina-ppp\/","title":{"rendered":"CA-53 Cinta adhesiva de PVC blando"},"content":{"rendered":"<p>CA-53 es una cinta adhesiva blanda de PVC. Este producto ign\u00edfugo y autoextinguible puede utilizarse para diversas aplicaciones en ingenier\u00eda el\u00e9ctrica.<\/p>\n<p>&nbsp;<\/p>\n","protected":false},"excerpt":{"rendered":"<p>CA-53 es una cinta adhesiva blanda de PVC. Este producto ign\u00edfugo y autoextinguible puede utilizarse para diversas aplicaciones en ingenier\u00eda el\u00e9ctrica. &nbsp;<\/p>\n","protected":false},"featured_media":27111,"template":"","meta":{"_acf_changed":false},"pwb-brand":[2175],"product_brand":[],"product_cat":[1703,1806],"product_tag":[],"class_list":{"0":"post-55315","1":"product","2":"type-product","3":"status-publish","4":"has-post-thumbnail","6":"pwb-brand-cardinal-gmbh-es","7":"product_cat-industria-electrica","8":"product_cat-cintas-adhesivas-de-una-cara","10":"first","11":"instock","12":"taxable","13":"shipping-taxable","14":"purchasable","15":"product-type-variable"},"acf":[],"yoast_head":"<!-- This site is optimized with the Yoast SEO plugin v27.3 - https:\/\/yoast.com\/product\/yoast-seo-wordpress\/ -->\n<title>CA-53 Cinta adhesiva de PVC blando | Cardinal TAPES<\/title>\n<meta name=\"description\" content=\"CA-53 es una cinta adhesiva blanda de PVC. Este producto ign\u00edfugo y autoextinguible puede utilizarse para diversas aplicaciones en ingenier\u00eda el\u00e9ctrica.\" \/>\n<meta name=\"robots\" content=\"index, follow, max-snippet:-1, max-image-preview:large, max-video-preview:-1\" \/>\n<link rel=\"canonical\" href=\"https:\/\/cardinal-tapes.com\/es\/cintas-adhesivas\/industria-electrica\/ca-52-cinta-de-embalaje-con-lamina-ppp\/\" \/>\n<meta property=\"og:locale\" content=\"es_ES\" \/>\n<meta property=\"og:type\" content=\"article\" \/>\n<meta property=\"og:title\" content=\"CA-53 Cinta adhesiva de PVC blando | Cardinal TAPES\" \/>\n<meta property=\"og:description\" content=\"CA-53 es una cinta adhesiva blanda de PVC. Este producto ign\u00edfugo y autoextinguible puede utilizarse para diversas aplicaciones en ingenier\u00eda el\u00e9ctrica.\" \/>\n<meta property=\"og:url\" content=\"https:\/\/cardinal-tapes.com\/es\/cintas-adhesivas\/industria-electrica\/ca-52-cinta-de-embalaje-con-lamina-ppp\/\" \/>\n<meta property=\"og:site_name\" content=\"cardinal TAPES\" \/>\n<meta property=\"og:image\" content=\"https:\/\/cardinal-tapes.com\/wp-content\/uploads\/CA_53_retouched.jpg\" \/>\n\t<meta property=\"og:image:width\" content=\"1301\" \/>\n\t<meta property=\"og:image:height\" content=\"1400\" \/>\n\t<meta property=\"og:image:type\" content=\"image\/jpeg\" \/>\n<meta name=\"twitter:card\" content=\"summary_large_image\" \/>\n<script type=\"application\/ld+json\" class=\"yoast-schema-graph\">{\"@context\":\"https:\\\/\\\/schema.org\",\"@graph\":[{\"@type\":\"WebPage\",\"@id\":\"https:\\\/\\\/cardinal-tapes.com\\\/es\\\/cintas-adhesivas\\\/industria-electrica\\\/ca-52-cinta-de-embalaje-con-lamina-ppp\\\/\",\"url\":\"https:\\\/\\\/cardinal-tapes.com\\\/es\\\/cintas-adhesivas\\\/industria-electrica\\\/ca-52-cinta-de-embalaje-con-lamina-ppp\\\/\",\"name\":\"CA-53 Cinta adhesiva de PVC blando | Cardinal TAPES\",\"isPartOf\":{\"@id\":\"https:\\\/\\\/cardinal-tapes.com\\\/#website\"},\"primaryImageOfPage\":{\"@id\":\"https:\\\/\\\/cardinal-tapes.com\\\/es\\\/cintas-adhesivas\\\/industria-electrica\\\/ca-52-cinta-de-embalaje-con-lamina-ppp\\\/#primaryimage\"},\"image\":{\"@id\":\"https:\\\/\\\/cardinal-tapes.com\\\/es\\\/cintas-adhesivas\\\/industria-electrica\\\/ca-52-cinta-de-embalaje-con-lamina-ppp\\\/#primaryimage\"},\"thumbnailUrl\":\"https:\\\/\\\/cardinal-tapes.com\\\/wp-content\\\/uploads\\\/CA_53_retouched.jpg\",\"datePublished\":\"2023-06-05T15:24:32+00:00\",\"description\":\"CA-53 es una cinta adhesiva blanda de PVC. Este producto ign\u00edfugo y autoextinguible puede utilizarse para diversas aplicaciones en ingenier\u00eda el\u00e9ctrica.\",\"breadcrumb\":{\"@id\":\"https:\\\/\\\/cardinal-tapes.com\\\/es\\\/cintas-adhesivas\\\/industria-electrica\\\/ca-52-cinta-de-embalaje-con-lamina-ppp\\\/#breadcrumb\"},\"inLanguage\":\"es\",\"potentialAction\":[{\"@type\":\"ReadAction\",\"target\":[\"https:\\\/\\\/cardinal-tapes.com\\\/es\\\/cintas-adhesivas\\\/industria-electrica\\\/ca-52-cinta-de-embalaje-con-lamina-ppp\\\/\"]}]},{\"@type\":\"ImageObject\",\"inLanguage\":\"es\",\"@id\":\"https:\\\/\\\/cardinal-tapes.com\\\/es\\\/cintas-adhesivas\\\/industria-electrica\\\/ca-52-cinta-de-embalaje-con-lamina-ppp\\\/#primaryimage\",\"url\":\"https:\\\/\\\/cardinal-tapes.com\\\/wp-content\\\/uploads\\\/CA_53_retouched.jpg\",\"contentUrl\":\"https:\\\/\\\/cardinal-tapes.com\\\/wp-content\\\/uploads\\\/CA_53_retouched.jpg\",\"width\":1301,\"height\":1400,\"caption\":\"Cinta adhesiva CA 53\"},{\"@type\":\"BreadcrumbList\",\"@id\":\"https:\\\/\\\/cardinal-tapes.com\\\/es\\\/cintas-adhesivas\\\/industria-electrica\\\/ca-52-cinta-de-embalaje-con-lamina-ppp\\\/#breadcrumb\",\"itemListElement\":[{\"@type\":\"ListItem\",\"position\":1,\"name\":\"Startseite\",\"item\":\"https:\\\/\\\/cardinal-tapes.com\\\/es\\\/\"},{\"@type\":\"ListItem\",\"position\":2,\"name\":\"Cintas adhesivas\",\"item\":\"https:\\\/\\\/cardinal-tapes.com\\\/es\\\/cintas-adhesivas-es\\\/\"},{\"@type\":\"ListItem\",\"position\":3,\"name\":\"Industria el\u00e9ctrica\",\"item\":\"https:\\\/\\\/cardinal-tapes.com\\\/es\\\/categora\\\/industria-electrica\\\/\"},{\"@type\":\"ListItem\",\"position\":4,\"name\":\"CA-53 Cinta adhesiva de PVC blando\"}]},{\"@type\":\"WebSite\",\"@id\":\"https:\\\/\\\/cardinal-tapes.com\\\/#website\",\"url\":\"https:\\\/\\\/cardinal-tapes.com\\\/\",\"name\":\"cardinal TAPES\",\"description\":\"Klebetechnik aus Wuppertal\",\"potentialAction\":[{\"@type\":\"SearchAction\",\"target\":{\"@type\":\"EntryPoint\",\"urlTemplate\":\"https:\\\/\\\/cardinal-tapes.com\\\/?s={search_term_string}\"},\"query-input\":{\"@type\":\"PropertyValueSpecification\",\"valueRequired\":true,\"valueName\":\"search_term_string\"}}],\"inLanguage\":\"es\"}]}<\/script>\n<!-- \/ Yoast SEO plugin. -->","yoast_head_json":{"title":"CA-53 Cinta adhesiva de PVC blando | Cardinal TAPES","description":"CA-53 es una cinta adhesiva blanda de PVC. Este producto ign\u00edfugo y autoextinguible puede utilizarse para diversas aplicaciones en ingenier\u00eda el\u00e9ctrica.","robots":{"index":"index","follow":"follow","max-snippet":"max-snippet:-1","max-image-preview":"max-image-preview:large","max-video-preview":"max-video-preview:-1"},"canonical":"https:\/\/cardinal-tapes.com\/es\/cintas-adhesivas\/industria-electrica\/ca-52-cinta-de-embalaje-con-lamina-ppp\/","og_locale":"es_ES","og_type":"article","og_title":"CA-53 Cinta adhesiva de PVC blando | Cardinal TAPES","og_description":"CA-53 es una cinta adhesiva blanda de PVC. Este producto ign\u00edfugo y autoextinguible puede utilizarse para diversas aplicaciones en ingenier\u00eda el\u00e9ctrica.","og_url":"https:\/\/cardinal-tapes.com\/es\/cintas-adhesivas\/industria-electrica\/ca-52-cinta-de-embalaje-con-lamina-ppp\/","og_site_name":"cardinal TAPES","og_image":[{"width":1301,"height":1400,"url":"https:\/\/cardinal-tapes.com\/wp-content\/uploads\/CA_53_retouched.jpg","type":"image\/jpeg"}],"twitter_card":"summary_large_image","schema":{"@context":"https:\/\/schema.org","@graph":[{"@type":"WebPage","@id":"https:\/\/cardinal-tapes.com\/es\/cintas-adhesivas\/industria-electrica\/ca-52-cinta-de-embalaje-con-lamina-ppp\/","url":"https:\/\/cardinal-tapes.com\/es\/cintas-adhesivas\/industria-electrica\/ca-52-cinta-de-embalaje-con-lamina-ppp\/","name":"CA-53 Cinta adhesiva de PVC blando | Cardinal TAPES","isPartOf":{"@id":"https:\/\/cardinal-tapes.com\/#website"},"primaryImageOfPage":{"@id":"https:\/\/cardinal-tapes.com\/es\/cintas-adhesivas\/industria-electrica\/ca-52-cinta-de-embalaje-con-lamina-ppp\/#primaryimage"},"image":{"@id":"https:\/\/cardinal-tapes.com\/es\/cintas-adhesivas\/industria-electrica\/ca-52-cinta-de-embalaje-con-lamina-ppp\/#primaryimage"},"thumbnailUrl":"https:\/\/cardinal-tapes.com\/wp-content\/uploads\/CA_53_retouched.jpg","datePublished":"2023-06-05T15:24:32+00:00","description":"CA-53 es una cinta adhesiva blanda de PVC. Este producto ign\u00edfugo y autoextinguible puede utilizarse para diversas aplicaciones en ingenier\u00eda el\u00e9ctrica.","breadcrumb":{"@id":"https:\/\/cardinal-tapes.com\/es\/cintas-adhesivas\/industria-electrica\/ca-52-cinta-de-embalaje-con-lamina-ppp\/#breadcrumb"},"inLanguage":"es","potentialAction":[{"@type":"ReadAction","target":["https:\/\/cardinal-tapes.com\/es\/cintas-adhesivas\/industria-electrica\/ca-52-cinta-de-embalaje-con-lamina-ppp\/"]}]},{"@type":"ImageObject","inLanguage":"es","@id":"https:\/\/cardinal-tapes.com\/es\/cintas-adhesivas\/industria-electrica\/ca-52-cinta-de-embalaje-con-lamina-ppp\/#primaryimage","url":"https:\/\/cardinal-tapes.com\/wp-content\/uploads\/CA_53_retouched.jpg","contentUrl":"https:\/\/cardinal-tapes.com\/wp-content\/uploads\/CA_53_retouched.jpg","width":1301,"height":1400,"caption":"Cinta adhesiva CA 53"},{"@type":"BreadcrumbList","@id":"https:\/\/cardinal-tapes.com\/es\/cintas-adhesivas\/industria-electrica\/ca-52-cinta-de-embalaje-con-lamina-ppp\/#breadcrumb","itemListElement":[{"@type":"ListItem","position":1,"name":"Startseite","item":"https:\/\/cardinal-tapes.com\/es\/"},{"@type":"ListItem","position":2,"name":"Cintas adhesivas","item":"https:\/\/cardinal-tapes.com\/es\/cintas-adhesivas-es\/"},{"@type":"ListItem","position":3,"name":"Industria el\u00e9ctrica","item":"https:\/\/cardinal-tapes.com\/es\/categora\/industria-electrica\/"},{"@type":"ListItem","position":4,"name":"CA-53 Cinta adhesiva de PVC blando"}]},{"@type":"WebSite","@id":"https:\/\/cardinal-tapes.com\/#website","url":"https:\/\/cardinal-tapes.com\/","name":"cardinal TAPES","description":"Klebetechnik aus Wuppertal","potentialAction":[{"@type":"SearchAction","target":{"@type":"EntryPoint","urlTemplate":"https:\/\/cardinal-tapes.com\/?s={search_term_string}"},"query-input":{"@type":"PropertyValueSpecification","valueRequired":true,"valueName":"search_term_string"}}],"inLanguage":"es"}]}},"brands":[{"id":2175,"name":"cardinal GmbH","slug":"cardinal-gmbh-es"}],"_links":{"self":[{"href":"https:\/\/cardinal-tapes.com\/es\/wp-json\/wp\/v2\/product\/55315","targetHints":{"allow":["GET"]}}],"collection":[{"href":"https:\/\/cardinal-tapes.com\/es\/wp-json\/wp\/v2\/product"}],"about":[{"href":"https:\/\/cardinal-tapes.com\/es\/wp-json\/wp\/v2\/types\/product"}],"wp:featuredmedia":[{"embeddable":true,"href":"https:\/\/cardinal-tapes.com\/es\/wp-json\/wp\/v2\/media\/27111"}],"wp:attachment":[{"href":"https:\/\/cardinal-tapes.com\/es\/wp-json\/wp\/v2\/media?parent=55315"}],"wp:term":[{"taxonomy":"pwb-brand","embeddable":true,"href":"https:\/\/cardinal-tapes.com\/es\/wp-json\/wp\/v2\/pwb-brand?post=55315"},{"taxonomy":"product_brand","embeddable":true,"href":"https:\/\/cardinal-tapes.com\/es\/wp-json\/wp\/v2\/product_brand?post=55315"},{"taxonomy":"product_cat","embeddable":true,"href":"https:\/\/cardinal-tapes.com\/es\/wp-json\/wp\/v2\/product_cat?post=55315"},{"taxonomy":"product_tag","embeddable":true,"href":"https:\/\/cardinal-tapes.com\/es\/wp-json\/wp\/v2\/product_tag?post=55315"}],"curies":[{"name":"wp","href":"https:\/\/api.w.org\/{rel}","templated":true}]}}