{"id":55050,"date":"2017-12-22T16:14:25","date_gmt":"2023-06-05T15:24:03","guid":{"rendered":"https:\/\/cardinal.pixel-tal.de\/klebebaender\/sin categor\u00eda\/3m-cinta-de-encuadernacion-scotch-3741\/"},"modified":"2023-06-05T17:24:03","modified_gmt":"2023-06-05T15:24:03","slug":"3m-3741-bindeklebeband","status":"publish","type":"product","link":"https:\/\/cardinal-tapes.com\/es\/cintas-adhesivas\/sistemas-de-envasado\/3m-3741-bindeklebeband\/","title":{"rendered":"3M\u2122 Cinta de encuadernaci\u00f3n Scotch\u00ae 3741"},"content":{"rendered":"<p>La cinta 3M\u2122 3741 est\u00e1 formada por una pel\u00edcula de polipropileno de orientaci\u00f3n monoaxial recubierta de un caucho sint\u00e9tico. Esto permite una alta resistencia al cizallamiento y una adherencia inicial. Los \u00e1mbitos de aplicaci\u00f3n son muy vers\u00e1tiles. Algunos ejemplos son la agrupaci\u00f3n de tubos cil\u00edndricos, tubos de pl\u00e1stico y varillas met\u00e1licas. Pero tambi\u00e9n los paquetes y los envases de alimentos se pueden atar muy bien con la cinta de atar 3M 3741. Tras el pegado, la funcionalidad del adhesivo se mantiene a todas las temperaturas habituales durante el transporte.<\/p>\n<p><strong>Propiedades<\/strong><br \/>\n&#8211; Alta resistencia al cizallamiento y adherencia inicial<\/p>\n<p><strong>Aplicaciones<\/strong><br \/>\n&#8211; Adecuado para sellar envases de espuma<br \/>\n&#8211; Eliminaci\u00f3n de fracturas o grietas<\/p>\n","protected":false},"excerpt":{"rendered":"<p>La cinta 3M\u2122 3741 est\u00e1 formada por una pel\u00edcula de polipropileno de orientaci\u00f3n monoaxial recubierta de un caucho sint\u00e9tico. Esto permite una alta resistencia al cizallamiento y una adherencia inicial. Los \u00e1mbitos de aplicaci\u00f3n son muy vers\u00e1tiles. Algunos ejemplos son la agrupaci\u00f3n de tubos cil\u00edndricos, tubos de pl\u00e1stico y varillas met\u00e1licas. Pero tambi\u00e9n los paquetes [&hellip;]<\/p>\n","protected":false},"featured_media":27019,"template":"","meta":{"_acf_changed":false},"pwb-brand":[2169],"product_brand":[],"product_cat":[1871],"product_tag":[],"class_list":{"0":"post-55050","1":"product","2":"type-product","3":"status-publish","4":"has-post-thumbnail","6":"pwb-brand-3m-es","7":"product_cat-sistemas-de-envasado","9":"first","10":"instock","11":"taxable","12":"shipping-taxable","13":"purchasable","14":"product-type-variable"},"acf":[],"yoast_head":"<!-- This site is optimized with the Yoast SEO plugin v27.3 - https:\/\/yoast.com\/product\/yoast-seo-wordpress\/ -->\n<title>3M\u2122 3741 Cinta de encuadernaci\u00f3n Scotch\u00ae | Cardinal TAPES<\/title>\n<meta name=\"description\" content=\"La cinta 3M\u2122 3741 est\u00e1 formada por una pel\u00edcula de polipropileno de orientaci\u00f3n monoaxial recubierta de un caucho sint\u00e9tico.\" \/>\n<meta name=\"robots\" content=\"index, follow, max-snippet:-1, max-image-preview:large, max-video-preview:-1\" \/>\n<link rel=\"canonical\" href=\"https:\/\/cardinal-tapes.com\/es\/cintas-adhesivas\/sistemas-de-envasado\/3m-3741-bindeklebeband\/\" \/>\n<meta property=\"og:locale\" content=\"es_ES\" \/>\n<meta property=\"og:type\" content=\"article\" \/>\n<meta property=\"og:title\" content=\"3M\u2122 3741 Cinta de encuadernaci\u00f3n Scotch\u00ae | Cardinal TAPES\" \/>\n<meta property=\"og:description\" content=\"La cinta 3M\u2122 3741 est\u00e1 formada por una pel\u00edcula de polipropileno de orientaci\u00f3n monoaxial recubierta de un caucho sint\u00e9tico.\" \/>\n<meta property=\"og:url\" content=\"https:\/\/cardinal-tapes.com\/es\/cintas-adhesivas\/sistemas-de-envasado\/3m-3741-bindeklebeband\/\" \/>\n<meta property=\"og:site_name\" content=\"cardinal TAPES\" \/>\n<meta property=\"og:image\" content=\"https:\/\/cardinal-tapes.com\/wp-content\/uploads\/3741-1.jpg\" \/>\n\t<meta property=\"og:image:width\" content=\"450\" \/>\n\t<meta property=\"og:image:height\" content=\"450\" \/>\n\t<meta property=\"og:image:type\" content=\"image\/jpeg\" \/>\n<meta name=\"twitter:card\" content=\"summary_large_image\" \/>\n<meta name=\"twitter:label1\" content=\"Tiempo de lectura\" \/>\n\t<meta name=\"twitter:data1\" content=\"1 minuto\" \/>\n<script type=\"application\/ld+json\" class=\"yoast-schema-graph\">{\"@context\":\"https:\\\/\\\/schema.org\",\"@graph\":[{\"@type\":\"WebPage\",\"@id\":\"https:\\\/\\\/cardinal-tapes.com\\\/es\\\/cintas-adhesivas\\\/sistemas-de-envasado\\\/3m-3741-bindeklebeband\\\/\",\"url\":\"https:\\\/\\\/cardinal-tapes.com\\\/es\\\/cintas-adhesivas\\\/sistemas-de-envasado\\\/3m-3741-bindeklebeband\\\/\",\"name\":\"3M\u2122 3741 Cinta de encuadernaci\u00f3n Scotch\u00ae | Cardinal TAPES\",\"isPartOf\":{\"@id\":\"https:\\\/\\\/cardinal-tapes.com\\\/#website\"},\"primaryImageOfPage\":{\"@id\":\"https:\\\/\\\/cardinal-tapes.com\\\/es\\\/cintas-adhesivas\\\/sistemas-de-envasado\\\/3m-3741-bindeklebeband\\\/#primaryimage\"},\"image\":{\"@id\":\"https:\\\/\\\/cardinal-tapes.com\\\/es\\\/cintas-adhesivas\\\/sistemas-de-envasado\\\/3m-3741-bindeklebeband\\\/#primaryimage\"},\"thumbnailUrl\":\"https:\\\/\\\/cardinal-tapes.com\\\/wp-content\\\/uploads\\\/3741-1.jpg\",\"datePublished\":\"2023-06-05T15:24:03+00:00\",\"description\":\"La cinta 3M\u2122 3741 est\u00e1 formada por una pel\u00edcula de polipropileno de orientaci\u00f3n monoaxial recubierta de un caucho sint\u00e9tico.\",\"breadcrumb\":{\"@id\":\"https:\\\/\\\/cardinal-tapes.com\\\/es\\\/cintas-adhesivas\\\/sistemas-de-envasado\\\/3m-3741-bindeklebeband\\\/#breadcrumb\"},\"inLanguage\":\"es\",\"potentialAction\":[{\"@type\":\"ReadAction\",\"target\":[\"https:\\\/\\\/cardinal-tapes.com\\\/es\\\/cintas-adhesivas\\\/sistemas-de-envasado\\\/3m-3741-bindeklebeband\\\/\"]}]},{\"@type\":\"ImageObject\",\"inLanguage\":\"es\",\"@id\":\"https:\\\/\\\/cardinal-tapes.com\\\/es\\\/cintas-adhesivas\\\/sistemas-de-envasado\\\/3m-3741-bindeklebeband\\\/#primaryimage\",\"url\":\"https:\\\/\\\/cardinal-tapes.com\\\/wp-content\\\/uploads\\\/3741-1.jpg\",\"contentUrl\":\"https:\\\/\\\/cardinal-tapes.com\\\/wp-content\\\/uploads\\\/3741-1.jpg\",\"width\":450,\"height\":450},{\"@type\":\"BreadcrumbList\",\"@id\":\"https:\\\/\\\/cardinal-tapes.com\\\/es\\\/cintas-adhesivas\\\/sistemas-de-envasado\\\/3m-3741-bindeklebeband\\\/#breadcrumb\",\"itemListElement\":[{\"@type\":\"ListItem\",\"position\":1,\"name\":\"Startseite\",\"item\":\"https:\\\/\\\/cardinal-tapes.com\\\/es\\\/\"},{\"@type\":\"ListItem\",\"position\":2,\"name\":\"Cintas adhesivas\",\"item\":\"https:\\\/\\\/cardinal-tapes.com\\\/es\\\/cintas-adhesivas-es\\\/\"},{\"@type\":\"ListItem\",\"position\":3,\"name\":\"Sistemas de envasado\",\"item\":\"https:\\\/\\\/cardinal-tapes.com\\\/es\\\/categora\\\/sistemas-de-envasado\\\/\"},{\"@type\":\"ListItem\",\"position\":4,\"name\":\"3M\u2122 Cinta de encuadernaci\u00f3n Scotch\u00ae 3741\"}]},{\"@type\":\"WebSite\",\"@id\":\"https:\\\/\\\/cardinal-tapes.com\\\/#website\",\"url\":\"https:\\\/\\\/cardinal-tapes.com\\\/\",\"name\":\"cardinal TAPES\",\"description\":\"Klebetechnik aus Wuppertal\",\"potentialAction\":[{\"@type\":\"SearchAction\",\"target\":{\"@type\":\"EntryPoint\",\"urlTemplate\":\"https:\\\/\\\/cardinal-tapes.com\\\/?s={search_term_string}\"},\"query-input\":{\"@type\":\"PropertyValueSpecification\",\"valueRequired\":true,\"valueName\":\"search_term_string\"}}],\"inLanguage\":\"es\"}]}<\/script>\n<!-- \/ Yoast SEO plugin. -->","yoast_head_json":{"title":"3M\u2122 3741 Cinta de encuadernaci\u00f3n Scotch\u00ae | Cardinal TAPES","description":"La cinta 3M\u2122 3741 est\u00e1 formada por una pel\u00edcula de polipropileno de orientaci\u00f3n monoaxial recubierta de un caucho sint\u00e9tico.","robots":{"index":"index","follow":"follow","max-snippet":"max-snippet:-1","max-image-preview":"max-image-preview:large","max-video-preview":"max-video-preview:-1"},"canonical":"https:\/\/cardinal-tapes.com\/es\/cintas-adhesivas\/sistemas-de-envasado\/3m-3741-bindeklebeband\/","og_locale":"es_ES","og_type":"article","og_title":"3M\u2122 3741 Cinta de encuadernaci\u00f3n Scotch\u00ae | Cardinal TAPES","og_description":"La cinta 3M\u2122 3741 est\u00e1 formada por una pel\u00edcula de polipropileno de orientaci\u00f3n monoaxial recubierta de un caucho sint\u00e9tico.","og_url":"https:\/\/cardinal-tapes.com\/es\/cintas-adhesivas\/sistemas-de-envasado\/3m-3741-bindeklebeband\/","og_site_name":"cardinal TAPES","og_image":[{"width":450,"height":450,"url":"https:\/\/cardinal-tapes.com\/wp-content\/uploads\/3741-1.jpg","type":"image\/jpeg"}],"twitter_card":"summary_large_image","twitter_misc":{"Tiempo de lectura":"1 minuto"},"schema":{"@context":"https:\/\/schema.org","@graph":[{"@type":"WebPage","@id":"https:\/\/cardinal-tapes.com\/es\/cintas-adhesivas\/sistemas-de-envasado\/3m-3741-bindeklebeband\/","url":"https:\/\/cardinal-tapes.com\/es\/cintas-adhesivas\/sistemas-de-envasado\/3m-3741-bindeklebeband\/","name":"3M\u2122 3741 Cinta de encuadernaci\u00f3n Scotch\u00ae | Cardinal TAPES","isPartOf":{"@id":"https:\/\/cardinal-tapes.com\/#website"},"primaryImageOfPage":{"@id":"https:\/\/cardinal-tapes.com\/es\/cintas-adhesivas\/sistemas-de-envasado\/3m-3741-bindeklebeband\/#primaryimage"},"image":{"@id":"https:\/\/cardinal-tapes.com\/es\/cintas-adhesivas\/sistemas-de-envasado\/3m-3741-bindeklebeband\/#primaryimage"},"thumbnailUrl":"https:\/\/cardinal-tapes.com\/wp-content\/uploads\/3741-1.jpg","datePublished":"2023-06-05T15:24:03+00:00","description":"La cinta 3M\u2122 3741 est\u00e1 formada por una pel\u00edcula de polipropileno de orientaci\u00f3n monoaxial recubierta de un caucho sint\u00e9tico.","breadcrumb":{"@id":"https:\/\/cardinal-tapes.com\/es\/cintas-adhesivas\/sistemas-de-envasado\/3m-3741-bindeklebeband\/#breadcrumb"},"inLanguage":"es","potentialAction":[{"@type":"ReadAction","target":["https:\/\/cardinal-tapes.com\/es\/cintas-adhesivas\/sistemas-de-envasado\/3m-3741-bindeklebeband\/"]}]},{"@type":"ImageObject","inLanguage":"es","@id":"https:\/\/cardinal-tapes.com\/es\/cintas-adhesivas\/sistemas-de-envasado\/3m-3741-bindeklebeband\/#primaryimage","url":"https:\/\/cardinal-tapes.com\/wp-content\/uploads\/3741-1.jpg","contentUrl":"https:\/\/cardinal-tapes.com\/wp-content\/uploads\/3741-1.jpg","width":450,"height":450},{"@type":"BreadcrumbList","@id":"https:\/\/cardinal-tapes.com\/es\/cintas-adhesivas\/sistemas-de-envasado\/3m-3741-bindeklebeband\/#breadcrumb","itemListElement":[{"@type":"ListItem","position":1,"name":"Startseite","item":"https:\/\/cardinal-tapes.com\/es\/"},{"@type":"ListItem","position":2,"name":"Cintas adhesivas","item":"https:\/\/cardinal-tapes.com\/es\/cintas-adhesivas-es\/"},{"@type":"ListItem","position":3,"name":"Sistemas de envasado","item":"https:\/\/cardinal-tapes.com\/es\/categora\/sistemas-de-envasado\/"},{"@type":"ListItem","position":4,"name":"3M\u2122 Cinta de encuadernaci\u00f3n Scotch\u00ae 3741"}]},{"@type":"WebSite","@id":"https:\/\/cardinal-tapes.com\/#website","url":"https:\/\/cardinal-tapes.com\/","name":"cardinal TAPES","description":"Klebetechnik aus Wuppertal","potentialAction":[{"@type":"SearchAction","target":{"@type":"EntryPoint","urlTemplate":"https:\/\/cardinal-tapes.com\/?s={search_term_string}"},"query-input":{"@type":"PropertyValueSpecification","valueRequired":true,"valueName":"search_term_string"}}],"inLanguage":"es"}]}},"brands":[{"id":2169,"name":"3M","slug":"3m-es"}],"_links":{"self":[{"href":"https:\/\/cardinal-tapes.com\/es\/wp-json\/wp\/v2\/product\/55050","targetHints":{"allow":["GET"]}}],"collection":[{"href":"https:\/\/cardinal-tapes.com\/es\/wp-json\/wp\/v2\/product"}],"about":[{"href":"https:\/\/cardinal-tapes.com\/es\/wp-json\/wp\/v2\/types\/product"}],"wp:featuredmedia":[{"embeddable":true,"href":"https:\/\/cardinal-tapes.com\/es\/wp-json\/wp\/v2\/media\/27019"}],"wp:attachment":[{"href":"https:\/\/cardinal-tapes.com\/es\/wp-json\/wp\/v2\/media?parent=55050"}],"wp:term":[{"taxonomy":"pwb-brand","embeddable":true,"href":"https:\/\/cardinal-tapes.com\/es\/wp-json\/wp\/v2\/pwb-brand?post=55050"},{"taxonomy":"product_brand","embeddable":true,"href":"https:\/\/cardinal-tapes.com\/es\/wp-json\/wp\/v2\/product_brand?post=55050"},{"taxonomy":"product_cat","embeddable":true,"href":"https:\/\/cardinal-tapes.com\/es\/wp-json\/wp\/v2\/product_cat?post=55050"},{"taxonomy":"product_tag","embeddable":true,"href":"https:\/\/cardinal-tapes.com\/es\/wp-json\/wp\/v2\/product_tag?post=55050"}],"curies":[{"name":"wp","href":"https:\/\/api.w.org\/{rel}","templated":true}]}}