{"id":55049,"date":"2017-12-22T16:15:52","date_gmt":"2017-12-22T15:15:52","guid":{"rendered":"https:\/\/cardinal.pixel-tal.de\/klebebaender\/sin%20categor\u00eda\/3m-cinta-elastica-8884\/"},"modified":"2024-03-15T12:28:25","modified_gmt":"2024-03-15T11:28:25","slug":"3m-8884-stretch-klebeband","status":"publish","type":"product","link":"https:\/\/cardinal-tapes.com\/es\/cintas-adhesivas\/sistemas-de-envasado\/3m-8884-stretch-klebeband\/","title":{"rendered":"3M\u2122 Cinta el\u00e1stica 8884"},"content":{"rendered":"<p>La cinta estirable 3M\u2122 8884 se utiliza principalmente para el transporte y env\u00edo de diversos productos para asegurar y agrupar. La ventaja especial de esta cinta es su capacidad de estiramiento. Esto permite que el material se expanda hasta seis veces su longitud. De este modo, se evitan da\u00f1os en las impresiones o los c\u00f3digos de barras. Estas funciones se mantienen a todas las temperaturas habituales que se alcanzan durante el transporte.<\/p>\n<p><strong>Propiedades<\/strong><br \/>\n&#8211; Permite el movimiento del aire en el palet y, por tanto, es adecuado para mercanc\u00edas con un tiempo cr\u00edtico, como frutas y verduras.<\/p>\n<p><strong>Aplicaciones<\/strong><br \/>\n&#8211; Para atar a mano y para flejar y sujetar.<\/p>\n","protected":false},"excerpt":{"rendered":"<p>La cinta estirable 3M\u2122 8884 se utiliza principalmente para el transporte y env\u00edo de diversos productos para asegurar y agrupar. La ventaja especial de esta cinta es su capacidad de estiramiento. Esto permite que el material se expanda hasta seis veces su longitud. De este modo, se evitan da\u00f1os en las impresiones o los c\u00f3digos [&hellip;]<\/p>\n","protected":false},"featured_media":25435,"template":"","meta":{"_acf_changed":false},"pwb-brand":[2169],"product_brand":[],"product_cat":[1871],"product_tag":[],"class_list":{"0":"post-55049","1":"product","2":"type-product","3":"status-publish","4":"has-post-thumbnail","6":"pwb-brand-3m-es","7":"product_cat-sistemas-de-envasado","9":"first","10":"instock","11":"taxable","12":"shipping-taxable","13":"purchasable","14":"product-type-simple"},"acf":[],"yoast_head":"<!-- This site is optimized with the Yoast SEO plugin v27.3 - https:\/\/yoast.com\/product\/yoast-seo-wordpress\/ -->\n<title>3M 8884 Cinta el\u00e1stica | Cardinal TAPES<\/title>\n<meta name=\"description\" content=\"La cinta adhesiva estirable 3M 8884 se utiliza principalmente para el transporte y env\u00edo de diversos productos para su sujeci\u00f3n y empaquetado. M\u00e1s informaci\u00f3n.\" \/>\n<meta name=\"robots\" content=\"index, follow, max-snippet:-1, max-image-preview:large, max-video-preview:-1\" \/>\n<link rel=\"canonical\" href=\"https:\/\/cardinal-tapes.com\/es\/cintas-adhesivas\/sistemas-de-envasado\/3m-8884-stretch-klebeband\/\" \/>\n<meta property=\"og:locale\" content=\"es_ES\" \/>\n<meta property=\"og:type\" content=\"article\" \/>\n<meta property=\"og:title\" content=\"3M 8884 Cinta el\u00e1stica | Cardinal TAPES\" \/>\n<meta property=\"og:description\" content=\"La cinta adhesiva estirable 3M 8884 se utiliza principalmente para el transporte y env\u00edo de diversos productos para su sujeci\u00f3n y empaquetado. M\u00e1s informaci\u00f3n.\" \/>\n<meta property=\"og:url\" content=\"https:\/\/cardinal-tapes.com\/es\/cintas-adhesivas\/sistemas-de-envasado\/3m-8884-stretch-klebeband\/\" \/>\n<meta property=\"og:site_name\" content=\"cardinal TAPES\" \/>\n<meta property=\"article:modified_time\" content=\"2024-03-15T11:28:25+00:00\" \/>\n<meta property=\"og:image\" content=\"https:\/\/cardinal-tapes.com\/wp-content\/uploads\/3m_stretch-klebeband_8884.jpg\" \/>\n\t<meta property=\"og:image:width\" content=\"600\" \/>\n\t<meta property=\"og:image:height\" content=\"600\" \/>\n\t<meta property=\"og:image:type\" content=\"image\/jpeg\" \/>\n<meta name=\"twitter:card\" content=\"summary_large_image\" \/>\n<meta name=\"twitter:label1\" content=\"Tiempo de lectura\" \/>\n\t<meta name=\"twitter:data1\" content=\"1 minuto\" \/>\n<script type=\"application\/ld+json\" class=\"yoast-schema-graph\">{\"@context\":\"https:\\\/\\\/schema.org\",\"@graph\":[{\"@type\":\"WebPage\",\"@id\":\"https:\\\/\\\/cardinal-tapes.com\\\/es\\\/cintas-adhesivas\\\/sistemas-de-envasado\\\/3m-8884-stretch-klebeband\\\/\",\"url\":\"https:\\\/\\\/cardinal-tapes.com\\\/es\\\/cintas-adhesivas\\\/sistemas-de-envasado\\\/3m-8884-stretch-klebeband\\\/\",\"name\":\"3M 8884 Cinta el\u00e1stica | Cardinal TAPES\",\"isPartOf\":{\"@id\":\"https:\\\/\\\/cardinal-tapes.com\\\/#website\"},\"primaryImageOfPage\":{\"@id\":\"https:\\\/\\\/cardinal-tapes.com\\\/es\\\/cintas-adhesivas\\\/sistemas-de-envasado\\\/3m-8884-stretch-klebeband\\\/#primaryimage\"},\"image\":{\"@id\":\"https:\\\/\\\/cardinal-tapes.com\\\/es\\\/cintas-adhesivas\\\/sistemas-de-envasado\\\/3m-8884-stretch-klebeband\\\/#primaryimage\"},\"thumbnailUrl\":\"https:\\\/\\\/cardinal-tapes.com\\\/wp-content\\\/uploads\\\/3m_stretch-klebeband_8884.jpg\",\"datePublished\":\"2017-12-22T15:15:52+00:00\",\"dateModified\":\"2024-03-15T11:28:25+00:00\",\"description\":\"La cinta adhesiva estirable 3M 8884 se utiliza principalmente para el transporte y env\u00edo de diversos productos para su sujeci\u00f3n y empaquetado. M\u00e1s informaci\u00f3n.\",\"breadcrumb\":{\"@id\":\"https:\\\/\\\/cardinal-tapes.com\\\/es\\\/cintas-adhesivas\\\/sistemas-de-envasado\\\/3m-8884-stretch-klebeband\\\/#breadcrumb\"},\"inLanguage\":\"es\",\"potentialAction\":[{\"@type\":\"ReadAction\",\"target\":[\"https:\\\/\\\/cardinal-tapes.com\\\/es\\\/cintas-adhesivas\\\/sistemas-de-envasado\\\/3m-8884-stretch-klebeband\\\/\"]}]},{\"@type\":\"ImageObject\",\"inLanguage\":\"es\",\"@id\":\"https:\\\/\\\/cardinal-tapes.com\\\/es\\\/cintas-adhesivas\\\/sistemas-de-envasado\\\/3m-8884-stretch-klebeband\\\/#primaryimage\",\"url\":\"https:\\\/\\\/cardinal-tapes.com\\\/wp-content\\\/uploads\\\/3m_stretch-klebeband_8884.jpg\",\"contentUrl\":\"https:\\\/\\\/cardinal-tapes.com\\\/wp-content\\\/uploads\\\/3m_stretch-klebeband_8884.jpg\",\"width\":600,\"height\":600,\"caption\":\"Cinta extensible 3M 8884\"},{\"@type\":\"BreadcrumbList\",\"@id\":\"https:\\\/\\\/cardinal-tapes.com\\\/es\\\/cintas-adhesivas\\\/sistemas-de-envasado\\\/3m-8884-stretch-klebeband\\\/#breadcrumb\",\"itemListElement\":[{\"@type\":\"ListItem\",\"position\":1,\"name\":\"Startseite\",\"item\":\"https:\\\/\\\/cardinal-tapes.com\\\/es\\\/\"},{\"@type\":\"ListItem\",\"position\":2,\"name\":\"Cintas adhesivas\",\"item\":\"https:\\\/\\\/cardinal-tapes.com\\\/es\\\/cintas-adhesivas-es\\\/\"},{\"@type\":\"ListItem\",\"position\":3,\"name\":\"Sistemas de envasado\",\"item\":\"https:\\\/\\\/cardinal-tapes.com\\\/es\\\/categora\\\/sistemas-de-envasado\\\/\"},{\"@type\":\"ListItem\",\"position\":4,\"name\":\"3M\u2122 Cinta el\u00e1stica 8884\"}]},{\"@type\":\"WebSite\",\"@id\":\"https:\\\/\\\/cardinal-tapes.com\\\/#website\",\"url\":\"https:\\\/\\\/cardinal-tapes.com\\\/\",\"name\":\"cardinal TAPES\",\"description\":\"Klebetechnik aus Wuppertal\",\"potentialAction\":[{\"@type\":\"SearchAction\",\"target\":{\"@type\":\"EntryPoint\",\"urlTemplate\":\"https:\\\/\\\/cardinal-tapes.com\\\/?s={search_term_string}\"},\"query-input\":{\"@type\":\"PropertyValueSpecification\",\"valueRequired\":true,\"valueName\":\"search_term_string\"}}],\"inLanguage\":\"es\"}]}<\/script>\n<!-- \/ Yoast SEO plugin. -->","yoast_head_json":{"title":"3M 8884 Cinta el\u00e1stica | Cardinal TAPES","description":"La cinta adhesiva estirable 3M 8884 se utiliza principalmente para el transporte y env\u00edo de diversos productos para su sujeci\u00f3n y empaquetado. M\u00e1s informaci\u00f3n.","robots":{"index":"index","follow":"follow","max-snippet":"max-snippet:-1","max-image-preview":"max-image-preview:large","max-video-preview":"max-video-preview:-1"},"canonical":"https:\/\/cardinal-tapes.com\/es\/cintas-adhesivas\/sistemas-de-envasado\/3m-8884-stretch-klebeband\/","og_locale":"es_ES","og_type":"article","og_title":"3M 8884 Cinta el\u00e1stica | Cardinal TAPES","og_description":"La cinta adhesiva estirable 3M 8884 se utiliza principalmente para el transporte y env\u00edo de diversos productos para su sujeci\u00f3n y empaquetado. M\u00e1s informaci\u00f3n.","og_url":"https:\/\/cardinal-tapes.com\/es\/cintas-adhesivas\/sistemas-de-envasado\/3m-8884-stretch-klebeband\/","og_site_name":"cardinal TAPES","article_modified_time":"2024-03-15T11:28:25+00:00","og_image":[{"width":600,"height":600,"url":"https:\/\/cardinal-tapes.com\/wp-content\/uploads\/3m_stretch-klebeband_8884.jpg","type":"image\/jpeg"}],"twitter_card":"summary_large_image","twitter_misc":{"Tiempo de lectura":"1 minuto"},"schema":{"@context":"https:\/\/schema.org","@graph":[{"@type":"WebPage","@id":"https:\/\/cardinal-tapes.com\/es\/cintas-adhesivas\/sistemas-de-envasado\/3m-8884-stretch-klebeband\/","url":"https:\/\/cardinal-tapes.com\/es\/cintas-adhesivas\/sistemas-de-envasado\/3m-8884-stretch-klebeband\/","name":"3M 8884 Cinta el\u00e1stica | Cardinal TAPES","isPartOf":{"@id":"https:\/\/cardinal-tapes.com\/#website"},"primaryImageOfPage":{"@id":"https:\/\/cardinal-tapes.com\/es\/cintas-adhesivas\/sistemas-de-envasado\/3m-8884-stretch-klebeband\/#primaryimage"},"image":{"@id":"https:\/\/cardinal-tapes.com\/es\/cintas-adhesivas\/sistemas-de-envasado\/3m-8884-stretch-klebeband\/#primaryimage"},"thumbnailUrl":"https:\/\/cardinal-tapes.com\/wp-content\/uploads\/3m_stretch-klebeband_8884.jpg","datePublished":"2017-12-22T15:15:52+00:00","dateModified":"2024-03-15T11:28:25+00:00","description":"La cinta adhesiva estirable 3M 8884 se utiliza principalmente para el transporte y env\u00edo de diversos productos para su sujeci\u00f3n y empaquetado. M\u00e1s informaci\u00f3n.","breadcrumb":{"@id":"https:\/\/cardinal-tapes.com\/es\/cintas-adhesivas\/sistemas-de-envasado\/3m-8884-stretch-klebeband\/#breadcrumb"},"inLanguage":"es","potentialAction":[{"@type":"ReadAction","target":["https:\/\/cardinal-tapes.com\/es\/cintas-adhesivas\/sistemas-de-envasado\/3m-8884-stretch-klebeband\/"]}]},{"@type":"ImageObject","inLanguage":"es","@id":"https:\/\/cardinal-tapes.com\/es\/cintas-adhesivas\/sistemas-de-envasado\/3m-8884-stretch-klebeband\/#primaryimage","url":"https:\/\/cardinal-tapes.com\/wp-content\/uploads\/3m_stretch-klebeband_8884.jpg","contentUrl":"https:\/\/cardinal-tapes.com\/wp-content\/uploads\/3m_stretch-klebeband_8884.jpg","width":600,"height":600,"caption":"Cinta extensible 3M 8884"},{"@type":"BreadcrumbList","@id":"https:\/\/cardinal-tapes.com\/es\/cintas-adhesivas\/sistemas-de-envasado\/3m-8884-stretch-klebeband\/#breadcrumb","itemListElement":[{"@type":"ListItem","position":1,"name":"Startseite","item":"https:\/\/cardinal-tapes.com\/es\/"},{"@type":"ListItem","position":2,"name":"Cintas adhesivas","item":"https:\/\/cardinal-tapes.com\/es\/cintas-adhesivas-es\/"},{"@type":"ListItem","position":3,"name":"Sistemas de envasado","item":"https:\/\/cardinal-tapes.com\/es\/categora\/sistemas-de-envasado\/"},{"@type":"ListItem","position":4,"name":"3M\u2122 Cinta el\u00e1stica 8884"}]},{"@type":"WebSite","@id":"https:\/\/cardinal-tapes.com\/#website","url":"https:\/\/cardinal-tapes.com\/","name":"cardinal TAPES","description":"Klebetechnik aus Wuppertal","potentialAction":[{"@type":"SearchAction","target":{"@type":"EntryPoint","urlTemplate":"https:\/\/cardinal-tapes.com\/?s={search_term_string}"},"query-input":{"@type":"PropertyValueSpecification","valueRequired":true,"valueName":"search_term_string"}}],"inLanguage":"es"}]}},"brands":[{"id":2169,"name":"3M","slug":"3m-es"}],"_links":{"self":[{"href":"https:\/\/cardinal-tapes.com\/es\/wp-json\/wp\/v2\/product\/55049","targetHints":{"allow":["GET"]}}],"collection":[{"href":"https:\/\/cardinal-tapes.com\/es\/wp-json\/wp\/v2\/product"}],"about":[{"href":"https:\/\/cardinal-tapes.com\/es\/wp-json\/wp\/v2\/types\/product"}],"wp:featuredmedia":[{"embeddable":true,"href":"https:\/\/cardinal-tapes.com\/es\/wp-json\/wp\/v2\/media\/25435"}],"wp:attachment":[{"href":"https:\/\/cardinal-tapes.com\/es\/wp-json\/wp\/v2\/media?parent=55049"}],"wp:term":[{"taxonomy":"pwb-brand","embeddable":true,"href":"https:\/\/cardinal-tapes.com\/es\/wp-json\/wp\/v2\/pwb-brand?post=55049"},{"taxonomy":"product_brand","embeddable":true,"href":"https:\/\/cardinal-tapes.com\/es\/wp-json\/wp\/v2\/product_brand?post=55049"},{"taxonomy":"product_cat","embeddable":true,"href":"https:\/\/cardinal-tapes.com\/es\/wp-json\/wp\/v2\/product_cat?post=55049"},{"taxonomy":"product_tag","embeddable":true,"href":"https:\/\/cardinal-tapes.com\/es\/wp-json\/wp\/v2\/product_tag?post=55049"}],"curies":[{"name":"wp","href":"https:\/\/api.w.org\/{rel}","templated":true}]}}