{"id":54978,"date":"2018-02-06T12:15:27","date_gmt":"2023-06-05T15:23:56","guid":{"rendered":"https:\/\/cardinal.pixel-tal.de\/klebebaender\/sin categor\u00eda\/tesa-4610-basic-cinta-aislante\/"},"modified":"2023-06-05T17:23:56","modified_gmt":"2023-06-05T15:23:56","slug":"tesa-4610-ducto-tabe","status":"publish","type":"product","link":"https:\/\/cardinal-tapes.com\/es\/cintas-adhesivas\/ambitos-de-aplicacion\/cinta-de-tela\/tesa-4610-ducto-tabe\/","title":{"rendered":"tesa\u00ae 4610 Basic cinta aislante"},"content":{"rendered":"<p><sup>tesa\u00ae<\/sup> 4610 Basic duct tape es una cinta de tejido sencilla con buenas propiedades adhesivas. La cinta tiene un soporte de PE reforzado con tejido PET de malla 18. El caucho sint\u00e9tico como masa adhesiva confiere a la cinta una buena adherencia inicial. La cinta aislante b\u00e1sica consigue buenas propiedades adhesivas en diversas superficies.<\/p>\n<p><strong>Propiedades<\/strong><br \/>\n&#8211; Alta adherencia inicial<br \/>\n&#8211; Buena resistencia al desgarro manual<br \/>\n&#8211; Buena adherencia a diversos materiales<br \/>\n&#8211; F\u00e1cil de desenrollar<\/p>\n<p><strong>Aplicaciones<\/strong><br \/>\n&#8211; Fijaci\u00f3n de los materiales de cubierta<br \/>\n&#8211; Enfardado, sellado, envasado y otras aplicaciones<br \/>\n&#8211; Uso universal en la industria y el comercio<\/p>\n<p>&nbsp;<\/p>\n","protected":false},"excerpt":{"rendered":"<p>tesa\u00ae 4610 Basic duct tape es una cinta de tejido sencilla con buenas propiedades adhesivas. La cinta tiene un soporte de PE reforzado con tejido PET de malla 18. El caucho sint\u00e9tico como masa adhesiva confiere a la cinta una buena adherencia inicial. La cinta aislante b\u00e1sica consigue buenas propiedades adhesivas en diversas superficies. Propiedades [&hellip;]<\/p>\n","protected":false},"featured_media":26079,"template":"","meta":{"_acf_changed":false},"pwb-brand":[2163],"product_brand":[],"product_cat":[1705,1806],"product_tag":[],"class_list":{"0":"post-54978","1":"product","2":"type-product","3":"status-publish","4":"has-post-thumbnail","6":"pwb-brand-tesa-es","7":"product_cat-cinta-de-tela","8":"product_cat-cintas-adhesivas-de-una-cara","10":"first","11":"instock","12":"taxable","13":"shipping-taxable","14":"purchasable","15":"product-type-variable"},"acf":[],"yoast_head":"<!-- This site is optimized with the Yoast SEO plugin v27.3 - https:\/\/yoast.com\/product\/yoast-seo-wordpress\/ -->\n<title>Tesa 4610 Duct Tape | Cardinal TAPES<\/title>\n<meta name=\"description\" content=\"La cinta aislante b\u00e1sica 4610 es una cinta de tela sencilla con buenas propiedades adhesivas de Tesa. M\u00e1s informaci\u00f3n sobre la cinta adhesiva aqu\u00ed.\" \/>\n<meta name=\"robots\" content=\"index, follow, max-snippet:-1, max-image-preview:large, max-video-preview:-1\" \/>\n<link rel=\"canonical\" href=\"https:\/\/cardinal-tapes.com\/es\/cintas-adhesivas\/cinta-de-tela\/tesa-4610-ducto-tabe\/\" \/>\n<meta property=\"og:locale\" content=\"es_ES\" \/>\n<meta property=\"og:type\" content=\"article\" \/>\n<meta property=\"og:title\" content=\"Tesa 4610 Duct Tape | Cardinal TAPES\" \/>\n<meta property=\"og:description\" content=\"La cinta aislante b\u00e1sica 4610 es una cinta de tela sencilla con buenas propiedades adhesivas de Tesa. M\u00e1s informaci\u00f3n sobre la cinta adhesiva aqu\u00ed.\" \/>\n<meta property=\"og:url\" content=\"https:\/\/cardinal-tapes.com\/es\/cintas-adhesivas\/cinta-de-tela\/tesa-4610-ducto-tabe\/\" \/>\n<meta property=\"og:site_name\" content=\"cardinal TAPES\" \/>\n<meta property=\"og:image\" content=\"https:\/\/cardinal-tapes.com\/wp-content\/uploads\/tesa-04610.jpg\" \/>\n\t<meta property=\"og:image:width\" content=\"600\" \/>\n\t<meta property=\"og:image:height\" content=\"600\" \/>\n\t<meta property=\"og:image:type\" content=\"image\/jpeg\" \/>\n<meta name=\"twitter:card\" content=\"summary_large_image\" \/>\n<meta name=\"twitter:label1\" content=\"Tiempo de lectura\" \/>\n\t<meta name=\"twitter:data1\" content=\"1 minuto\" \/>\n<script type=\"application\/ld+json\" class=\"yoast-schema-graph\">{\"@context\":\"https:\\\/\\\/schema.org\",\"@graph\":[{\"@type\":\"WebPage\",\"@id\":\"https:\\\/\\\/cardinal-tapes.com\\\/es\\\/cintas-adhesivas\\\/cinta-de-tela\\\/tesa-4610-ducto-tabe\\\/\",\"url\":\"https:\\\/\\\/cardinal-tapes.com\\\/es\\\/cintas-adhesivas\\\/cinta-de-tela\\\/tesa-4610-ducto-tabe\\\/\",\"name\":\"Tesa 4610 Duct Tape | Cardinal TAPES\",\"isPartOf\":{\"@id\":\"https:\\\/\\\/cardinal-tapes.com\\\/#website\"},\"primaryImageOfPage\":{\"@id\":\"https:\\\/\\\/cardinal-tapes.com\\\/es\\\/cintas-adhesivas\\\/cinta-de-tela\\\/tesa-4610-ducto-tabe\\\/#primaryimage\"},\"image\":{\"@id\":\"https:\\\/\\\/cardinal-tapes.com\\\/es\\\/cintas-adhesivas\\\/cinta-de-tela\\\/tesa-4610-ducto-tabe\\\/#primaryimage\"},\"thumbnailUrl\":\"https:\\\/\\\/cardinal-tapes.com\\\/wp-content\\\/uploads\\\/tesa-04610.jpg\",\"datePublished\":\"2023-06-05T15:23:56+00:00\",\"description\":\"La cinta aislante b\u00e1sica 4610 es una cinta de tela sencilla con buenas propiedades adhesivas de Tesa. M\u00e1s informaci\u00f3n sobre la cinta adhesiva aqu\u00ed.\",\"breadcrumb\":{\"@id\":\"https:\\\/\\\/cardinal-tapes.com\\\/es\\\/cintas-adhesivas\\\/cinta-de-tela\\\/tesa-4610-ducto-tabe\\\/#breadcrumb\"},\"inLanguage\":\"es\",\"potentialAction\":[{\"@type\":\"ReadAction\",\"target\":[\"https:\\\/\\\/cardinal-tapes.com\\\/es\\\/cintas-adhesivas\\\/cinta-de-tela\\\/tesa-4610-ducto-tabe\\\/\"]}]},{\"@type\":\"ImageObject\",\"inLanguage\":\"es\",\"@id\":\"https:\\\/\\\/cardinal-tapes.com\\\/es\\\/cintas-adhesivas\\\/cinta-de-tela\\\/tesa-4610-ducto-tabe\\\/#primaryimage\",\"url\":\"https:\\\/\\\/cardinal-tapes.com\\\/wp-content\\\/uploads\\\/tesa-04610.jpg\",\"contentUrl\":\"https:\\\/\\\/cardinal-tapes.com\\\/wp-content\\\/uploads\\\/tesa-04610.jpg\",\"width\":600,\"height\":600,\"caption\":\"tesa 4610\"},{\"@type\":\"BreadcrumbList\",\"@id\":\"https:\\\/\\\/cardinal-tapes.com\\\/es\\\/cintas-adhesivas\\\/cinta-de-tela\\\/tesa-4610-ducto-tabe\\\/#breadcrumb\",\"itemListElement\":[{\"@type\":\"ListItem\",\"position\":1,\"name\":\"Startseite\",\"item\":\"https:\\\/\\\/cardinal-tapes.com\\\/es\\\/\"},{\"@type\":\"ListItem\",\"position\":2,\"name\":\"Cintas adhesivas\",\"item\":\"https:\\\/\\\/cardinal-tapes.com\\\/es\\\/cintas-adhesivas-es\\\/\"},{\"@type\":\"ListItem\",\"position\":3,\"name\":\"Cinta de tela\",\"item\":\"https:\\\/\\\/cardinal-tapes.com\\\/es\\\/categora\\\/cinta-de-tela\\\/\"},{\"@type\":\"ListItem\",\"position\":4,\"name\":\"tesa\u00ae 4610 Basic cinta aislante\"}]},{\"@type\":\"WebSite\",\"@id\":\"https:\\\/\\\/cardinal-tapes.com\\\/#website\",\"url\":\"https:\\\/\\\/cardinal-tapes.com\\\/\",\"name\":\"cardinal TAPES\",\"description\":\"Klebetechnik aus Wuppertal\",\"potentialAction\":[{\"@type\":\"SearchAction\",\"target\":{\"@type\":\"EntryPoint\",\"urlTemplate\":\"https:\\\/\\\/cardinal-tapes.com\\\/?s={search_term_string}\"},\"query-input\":{\"@type\":\"PropertyValueSpecification\",\"valueRequired\":true,\"valueName\":\"search_term_string\"}}],\"inLanguage\":\"es\"}]}<\/script>\n<!-- \/ Yoast SEO plugin. -->","yoast_head_json":{"title":"Tesa 4610 Duct Tape | Cardinal TAPES","description":"La cinta aislante b\u00e1sica 4610 es una cinta de tela sencilla con buenas propiedades adhesivas de Tesa. M\u00e1s informaci\u00f3n sobre la cinta adhesiva aqu\u00ed.","robots":{"index":"index","follow":"follow","max-snippet":"max-snippet:-1","max-image-preview":"max-image-preview:large","max-video-preview":"max-video-preview:-1"},"canonical":"https:\/\/cardinal-tapes.com\/es\/cintas-adhesivas\/cinta-de-tela\/tesa-4610-ducto-tabe\/","og_locale":"es_ES","og_type":"article","og_title":"Tesa 4610 Duct Tape | Cardinal TAPES","og_description":"La cinta aislante b\u00e1sica 4610 es una cinta de tela sencilla con buenas propiedades adhesivas de Tesa. M\u00e1s informaci\u00f3n sobre la cinta adhesiva aqu\u00ed.","og_url":"https:\/\/cardinal-tapes.com\/es\/cintas-adhesivas\/cinta-de-tela\/tesa-4610-ducto-tabe\/","og_site_name":"cardinal TAPES","og_image":[{"width":600,"height":600,"url":"https:\/\/cardinal-tapes.com\/wp-content\/uploads\/tesa-04610.jpg","type":"image\/jpeg"}],"twitter_card":"summary_large_image","twitter_misc":{"Tiempo de lectura":"1 minuto"},"schema":{"@context":"https:\/\/schema.org","@graph":[{"@type":"WebPage","@id":"https:\/\/cardinal-tapes.com\/es\/cintas-adhesivas\/cinta-de-tela\/tesa-4610-ducto-tabe\/","url":"https:\/\/cardinal-tapes.com\/es\/cintas-adhesivas\/cinta-de-tela\/tesa-4610-ducto-tabe\/","name":"Tesa 4610 Duct Tape | Cardinal TAPES","isPartOf":{"@id":"https:\/\/cardinal-tapes.com\/#website"},"primaryImageOfPage":{"@id":"https:\/\/cardinal-tapes.com\/es\/cintas-adhesivas\/cinta-de-tela\/tesa-4610-ducto-tabe\/#primaryimage"},"image":{"@id":"https:\/\/cardinal-tapes.com\/es\/cintas-adhesivas\/cinta-de-tela\/tesa-4610-ducto-tabe\/#primaryimage"},"thumbnailUrl":"https:\/\/cardinal-tapes.com\/wp-content\/uploads\/tesa-04610.jpg","datePublished":"2023-06-05T15:23:56+00:00","description":"La cinta aislante b\u00e1sica 4610 es una cinta de tela sencilla con buenas propiedades adhesivas de Tesa. M\u00e1s informaci\u00f3n sobre la cinta adhesiva aqu\u00ed.","breadcrumb":{"@id":"https:\/\/cardinal-tapes.com\/es\/cintas-adhesivas\/cinta-de-tela\/tesa-4610-ducto-tabe\/#breadcrumb"},"inLanguage":"es","potentialAction":[{"@type":"ReadAction","target":["https:\/\/cardinal-tapes.com\/es\/cintas-adhesivas\/cinta-de-tela\/tesa-4610-ducto-tabe\/"]}]},{"@type":"ImageObject","inLanguage":"es","@id":"https:\/\/cardinal-tapes.com\/es\/cintas-adhesivas\/cinta-de-tela\/tesa-4610-ducto-tabe\/#primaryimage","url":"https:\/\/cardinal-tapes.com\/wp-content\/uploads\/tesa-04610.jpg","contentUrl":"https:\/\/cardinal-tapes.com\/wp-content\/uploads\/tesa-04610.jpg","width":600,"height":600,"caption":"tesa 4610"},{"@type":"BreadcrumbList","@id":"https:\/\/cardinal-tapes.com\/es\/cintas-adhesivas\/cinta-de-tela\/tesa-4610-ducto-tabe\/#breadcrumb","itemListElement":[{"@type":"ListItem","position":1,"name":"Startseite","item":"https:\/\/cardinal-tapes.com\/es\/"},{"@type":"ListItem","position":2,"name":"Cintas adhesivas","item":"https:\/\/cardinal-tapes.com\/es\/cintas-adhesivas-es\/"},{"@type":"ListItem","position":3,"name":"Cinta de tela","item":"https:\/\/cardinal-tapes.com\/es\/categora\/cinta-de-tela\/"},{"@type":"ListItem","position":4,"name":"tesa\u00ae 4610 Basic cinta aislante"}]},{"@type":"WebSite","@id":"https:\/\/cardinal-tapes.com\/#website","url":"https:\/\/cardinal-tapes.com\/","name":"cardinal TAPES","description":"Klebetechnik aus Wuppertal","potentialAction":[{"@type":"SearchAction","target":{"@type":"EntryPoint","urlTemplate":"https:\/\/cardinal-tapes.com\/?s={search_term_string}"},"query-input":{"@type":"PropertyValueSpecification","valueRequired":true,"valueName":"search_term_string"}}],"inLanguage":"es"}]}},"brands":[{"id":2163,"name":"tesa","slug":"tesa-es"}],"_links":{"self":[{"href":"https:\/\/cardinal-tapes.com\/es\/wp-json\/wp\/v2\/product\/54978","targetHints":{"allow":["GET"]}}],"collection":[{"href":"https:\/\/cardinal-tapes.com\/es\/wp-json\/wp\/v2\/product"}],"about":[{"href":"https:\/\/cardinal-tapes.com\/es\/wp-json\/wp\/v2\/types\/product"}],"wp:featuredmedia":[{"embeddable":true,"href":"https:\/\/cardinal-tapes.com\/es\/wp-json\/wp\/v2\/media\/26079"}],"wp:attachment":[{"href":"https:\/\/cardinal-tapes.com\/es\/wp-json\/wp\/v2\/media?parent=54978"}],"wp:term":[{"taxonomy":"pwb-brand","embeddable":true,"href":"https:\/\/cardinal-tapes.com\/es\/wp-json\/wp\/v2\/pwb-brand?post=54978"},{"taxonomy":"product_brand","embeddable":true,"href":"https:\/\/cardinal-tapes.com\/es\/wp-json\/wp\/v2\/product_brand?post=54978"},{"taxonomy":"product_cat","embeddable":true,"href":"https:\/\/cardinal-tapes.com\/es\/wp-json\/wp\/v2\/product_cat?post=54978"},{"taxonomy":"product_tag","embeddable":true,"href":"https:\/\/cardinal-tapes.com\/es\/wp-json\/wp\/v2\/product_tag?post=54978"}],"curies":[{"name":"wp","href":"https:\/\/api.w.org\/{rel}","templated":true}]}}