{"id":54886,"date":"2017-12-22T16:16:52","date_gmt":"2023-06-05T15:23:51","guid":{"rendered":"https:\/\/cardinal.pixel-tal.de\/klebebaender\/sin categor\u00eda\/3m-8886-cinta-elastica\/"},"modified":"2023-06-05T17:23:51","modified_gmt":"2023-06-05T15:23:51","slug":"3m-8886-stretch-klebeband","status":"publish","type":"product","link":"https:\/\/cardinal-tapes.com\/es\/cintas-adhesivas\/sistemas-de-envasado\/3m-8886-stretch-klebeband\/","title":{"rendered":"3M\u2122 8886 Cinta el\u00e1stica"},"content":{"rendered":"<p>La cinta adhesiva estirable 3M\u2122 8886 se caracteriza por su especial capacidad de estiramiento. El sustrato de polipropileno se expande hasta seis veces su longitud. Esto hace que la cinta sea especialmente adecuada para atar o asegurar durante el transporte o la expedici\u00f3n. De este modo se evita da\u00f1ar los c\u00f3digos de barras o las huellas en el producto.<\/p>\n<p><strong>Propiedades<\/strong><br \/>\nLa cinta adhesiva 8886 es una cinta adhesiva el\u00e1stica de alto rendimiento que puede utilizarse en muchos \u00e1mbitos diferentes gracias a su soporte transparente.<\/p>\n<p><strong>Aplicaciones<\/strong><br \/>\n&#8211; Para atar a mano y para flejar y sujetar.<\/p>\n","protected":false},"excerpt":{"rendered":"<p>La cinta adhesiva estirable 3M\u2122 8886 se caracteriza por su especial capacidad de estiramiento. El sustrato de polipropileno se expande hasta seis veces su longitud. Esto hace que la cinta sea especialmente adecuada para atar o asegurar durante el transporte o la expedici\u00f3n. De este modo se evita da\u00f1ar los c\u00f3digos de barras o las [&hellip;]<\/p>\n","protected":false},"featured_media":25431,"template":"","meta":{"_acf_changed":false},"pwb-brand":[2169],"product_brand":[],"product_cat":[1871],"product_tag":[],"class_list":{"0":"post-54886","1":"product","2":"type-product","3":"status-publish","4":"has-post-thumbnail","6":"pwb-brand-3m-es","7":"product_cat-sistemas-de-envasado","9":"first","10":"instock","11":"taxable","12":"shipping-taxable","13":"purchasable","14":"product-type-simple"},"acf":[],"yoast_head":"<!-- This site is optimized with the Yoast SEO plugin v27.3 - https:\/\/yoast.com\/product\/yoast-seo-wordpress\/ -->\n<title>3M 8886 Cinta el\u00e1stica | Cardinal TAPES<\/title>\n<meta name=\"description\" content=\"La cinta adhesiva estirable 3M 8886 se caracteriza por su especial capacidad de estiramiento. M\u00e1s informaci\u00f3n sobre la cinta aqu\u00ed.\" \/>\n<meta name=\"robots\" content=\"index, follow, max-snippet:-1, max-image-preview:large, max-video-preview:-1\" \/>\n<link rel=\"canonical\" href=\"https:\/\/cardinal-tapes.com\/es\/cintas-adhesivas\/sistemas-de-envasado\/3m-8886-stretch-klebeband\/\" \/>\n<meta property=\"og:locale\" content=\"es_ES\" \/>\n<meta property=\"og:type\" content=\"article\" \/>\n<meta property=\"og:title\" content=\"3M 8886 Cinta el\u00e1stica | Cardinal TAPES\" \/>\n<meta property=\"og:description\" content=\"La cinta adhesiva estirable 3M 8886 se caracteriza por su especial capacidad de estiramiento. M\u00e1s informaci\u00f3n sobre la cinta aqu\u00ed.\" \/>\n<meta property=\"og:url\" content=\"https:\/\/cardinal-tapes.com\/es\/cintas-adhesivas\/sistemas-de-envasado\/3m-8886-stretch-klebeband\/\" \/>\n<meta property=\"og:site_name\" content=\"cardinal TAPES\" \/>\n<meta property=\"og:image\" content=\"https:\/\/cardinal-tapes.com\/wp-content\/uploads\/3m_stretch-klebeband_8886.jpg\" \/>\n\t<meta property=\"og:image:width\" content=\"600\" \/>\n\t<meta property=\"og:image:height\" content=\"600\" \/>\n\t<meta property=\"og:image:type\" content=\"image\/jpeg\" \/>\n<meta name=\"twitter:card\" content=\"summary_large_image\" \/>\n<script type=\"application\/ld+json\" class=\"yoast-schema-graph\">{\"@context\":\"https:\\\/\\\/schema.org\",\"@graph\":[{\"@type\":\"WebPage\",\"@id\":\"https:\\\/\\\/cardinal-tapes.com\\\/es\\\/cintas-adhesivas\\\/sistemas-de-envasado\\\/3m-8886-stretch-klebeband\\\/\",\"url\":\"https:\\\/\\\/cardinal-tapes.com\\\/es\\\/cintas-adhesivas\\\/sistemas-de-envasado\\\/3m-8886-stretch-klebeband\\\/\",\"name\":\"3M 8886 Cinta el\u00e1stica | Cardinal TAPES\",\"isPartOf\":{\"@id\":\"https:\\\/\\\/cardinal-tapes.com\\\/#website\"},\"primaryImageOfPage\":{\"@id\":\"https:\\\/\\\/cardinal-tapes.com\\\/es\\\/cintas-adhesivas\\\/sistemas-de-envasado\\\/3m-8886-stretch-klebeband\\\/#primaryimage\"},\"image\":{\"@id\":\"https:\\\/\\\/cardinal-tapes.com\\\/es\\\/cintas-adhesivas\\\/sistemas-de-envasado\\\/3m-8886-stretch-klebeband\\\/#primaryimage\"},\"thumbnailUrl\":\"https:\\\/\\\/cardinal-tapes.com\\\/wp-content\\\/uploads\\\/3m_stretch-klebeband_8886.jpg\",\"datePublished\":\"2023-06-05T15:23:51+00:00\",\"description\":\"La cinta adhesiva estirable 3M 8886 se caracteriza por su especial capacidad de estiramiento. M\u00e1s informaci\u00f3n sobre la cinta aqu\u00ed.\",\"breadcrumb\":{\"@id\":\"https:\\\/\\\/cardinal-tapes.com\\\/es\\\/cintas-adhesivas\\\/sistemas-de-envasado\\\/3m-8886-stretch-klebeband\\\/#breadcrumb\"},\"inLanguage\":\"es\",\"potentialAction\":[{\"@type\":\"ReadAction\",\"target\":[\"https:\\\/\\\/cardinal-tapes.com\\\/es\\\/cintas-adhesivas\\\/sistemas-de-envasado\\\/3m-8886-stretch-klebeband\\\/\"]}]},{\"@type\":\"ImageObject\",\"inLanguage\":\"es\",\"@id\":\"https:\\\/\\\/cardinal-tapes.com\\\/es\\\/cintas-adhesivas\\\/sistemas-de-envasado\\\/3m-8886-stretch-klebeband\\\/#primaryimage\",\"url\":\"https:\\\/\\\/cardinal-tapes.com\\\/wp-content\\\/uploads\\\/3m_stretch-klebeband_8886.jpg\",\"contentUrl\":\"https:\\\/\\\/cardinal-tapes.com\\\/wp-content\\\/uploads\\\/3m_stretch-klebeband_8886.jpg\",\"width\":600,\"height\":600,\"caption\":\"Cinta estirable 3M 8886\"},{\"@type\":\"BreadcrumbList\",\"@id\":\"https:\\\/\\\/cardinal-tapes.com\\\/es\\\/cintas-adhesivas\\\/sistemas-de-envasado\\\/3m-8886-stretch-klebeband\\\/#breadcrumb\",\"itemListElement\":[{\"@type\":\"ListItem\",\"position\":1,\"name\":\"Startseite\",\"item\":\"https:\\\/\\\/cardinal-tapes.com\\\/es\\\/\"},{\"@type\":\"ListItem\",\"position\":2,\"name\":\"Cintas adhesivas\",\"item\":\"https:\\\/\\\/cardinal-tapes.com\\\/es\\\/cintas-adhesivas-es\\\/\"},{\"@type\":\"ListItem\",\"position\":3,\"name\":\"Sistemas de envasado\",\"item\":\"https:\\\/\\\/cardinal-tapes.com\\\/es\\\/categora\\\/sistemas-de-envasado\\\/\"},{\"@type\":\"ListItem\",\"position\":4,\"name\":\"3M\u2122 8886 Cinta el\u00e1stica\"}]},{\"@type\":\"WebSite\",\"@id\":\"https:\\\/\\\/cardinal-tapes.com\\\/#website\",\"url\":\"https:\\\/\\\/cardinal-tapes.com\\\/\",\"name\":\"cardinal TAPES\",\"description\":\"Klebetechnik aus Wuppertal\",\"potentialAction\":[{\"@type\":\"SearchAction\",\"target\":{\"@type\":\"EntryPoint\",\"urlTemplate\":\"https:\\\/\\\/cardinal-tapes.com\\\/?s={search_term_string}\"},\"query-input\":{\"@type\":\"PropertyValueSpecification\",\"valueRequired\":true,\"valueName\":\"search_term_string\"}}],\"inLanguage\":\"es\"}]}<\/script>\n<!-- \/ Yoast SEO plugin. -->","yoast_head_json":{"title":"3M 8886 Cinta el\u00e1stica | Cardinal TAPES","description":"La cinta adhesiva estirable 3M 8886 se caracteriza por su especial capacidad de estiramiento. M\u00e1s informaci\u00f3n sobre la cinta aqu\u00ed.","robots":{"index":"index","follow":"follow","max-snippet":"max-snippet:-1","max-image-preview":"max-image-preview:large","max-video-preview":"max-video-preview:-1"},"canonical":"https:\/\/cardinal-tapes.com\/es\/cintas-adhesivas\/sistemas-de-envasado\/3m-8886-stretch-klebeband\/","og_locale":"es_ES","og_type":"article","og_title":"3M 8886 Cinta el\u00e1stica | Cardinal TAPES","og_description":"La cinta adhesiva estirable 3M 8886 se caracteriza por su especial capacidad de estiramiento. M\u00e1s informaci\u00f3n sobre la cinta aqu\u00ed.","og_url":"https:\/\/cardinal-tapes.com\/es\/cintas-adhesivas\/sistemas-de-envasado\/3m-8886-stretch-klebeband\/","og_site_name":"cardinal TAPES","og_image":[{"width":600,"height":600,"url":"https:\/\/cardinal-tapes.com\/wp-content\/uploads\/3m_stretch-klebeband_8886.jpg","type":"image\/jpeg"}],"twitter_card":"summary_large_image","schema":{"@context":"https:\/\/schema.org","@graph":[{"@type":"WebPage","@id":"https:\/\/cardinal-tapes.com\/es\/cintas-adhesivas\/sistemas-de-envasado\/3m-8886-stretch-klebeband\/","url":"https:\/\/cardinal-tapes.com\/es\/cintas-adhesivas\/sistemas-de-envasado\/3m-8886-stretch-klebeband\/","name":"3M 8886 Cinta el\u00e1stica | Cardinal TAPES","isPartOf":{"@id":"https:\/\/cardinal-tapes.com\/#website"},"primaryImageOfPage":{"@id":"https:\/\/cardinal-tapes.com\/es\/cintas-adhesivas\/sistemas-de-envasado\/3m-8886-stretch-klebeband\/#primaryimage"},"image":{"@id":"https:\/\/cardinal-tapes.com\/es\/cintas-adhesivas\/sistemas-de-envasado\/3m-8886-stretch-klebeband\/#primaryimage"},"thumbnailUrl":"https:\/\/cardinal-tapes.com\/wp-content\/uploads\/3m_stretch-klebeband_8886.jpg","datePublished":"2023-06-05T15:23:51+00:00","description":"La cinta adhesiva estirable 3M 8886 se caracteriza por su especial capacidad de estiramiento. M\u00e1s informaci\u00f3n sobre la cinta aqu\u00ed.","breadcrumb":{"@id":"https:\/\/cardinal-tapes.com\/es\/cintas-adhesivas\/sistemas-de-envasado\/3m-8886-stretch-klebeband\/#breadcrumb"},"inLanguage":"es","potentialAction":[{"@type":"ReadAction","target":["https:\/\/cardinal-tapes.com\/es\/cintas-adhesivas\/sistemas-de-envasado\/3m-8886-stretch-klebeband\/"]}]},{"@type":"ImageObject","inLanguage":"es","@id":"https:\/\/cardinal-tapes.com\/es\/cintas-adhesivas\/sistemas-de-envasado\/3m-8886-stretch-klebeband\/#primaryimage","url":"https:\/\/cardinal-tapes.com\/wp-content\/uploads\/3m_stretch-klebeband_8886.jpg","contentUrl":"https:\/\/cardinal-tapes.com\/wp-content\/uploads\/3m_stretch-klebeband_8886.jpg","width":600,"height":600,"caption":"Cinta estirable 3M 8886"},{"@type":"BreadcrumbList","@id":"https:\/\/cardinal-tapes.com\/es\/cintas-adhesivas\/sistemas-de-envasado\/3m-8886-stretch-klebeband\/#breadcrumb","itemListElement":[{"@type":"ListItem","position":1,"name":"Startseite","item":"https:\/\/cardinal-tapes.com\/es\/"},{"@type":"ListItem","position":2,"name":"Cintas adhesivas","item":"https:\/\/cardinal-tapes.com\/es\/cintas-adhesivas-es\/"},{"@type":"ListItem","position":3,"name":"Sistemas de envasado","item":"https:\/\/cardinal-tapes.com\/es\/categora\/sistemas-de-envasado\/"},{"@type":"ListItem","position":4,"name":"3M\u2122 8886 Cinta el\u00e1stica"}]},{"@type":"WebSite","@id":"https:\/\/cardinal-tapes.com\/#website","url":"https:\/\/cardinal-tapes.com\/","name":"cardinal TAPES","description":"Klebetechnik aus Wuppertal","potentialAction":[{"@type":"SearchAction","target":{"@type":"EntryPoint","urlTemplate":"https:\/\/cardinal-tapes.com\/?s={search_term_string}"},"query-input":{"@type":"PropertyValueSpecification","valueRequired":true,"valueName":"search_term_string"}}],"inLanguage":"es"}]}},"brands":[{"id":2169,"name":"3M","slug":"3m-es"}],"_links":{"self":[{"href":"https:\/\/cardinal-tapes.com\/es\/wp-json\/wp\/v2\/product\/54886","targetHints":{"allow":["GET"]}}],"collection":[{"href":"https:\/\/cardinal-tapes.com\/es\/wp-json\/wp\/v2\/product"}],"about":[{"href":"https:\/\/cardinal-tapes.com\/es\/wp-json\/wp\/v2\/types\/product"}],"wp:featuredmedia":[{"embeddable":true,"href":"https:\/\/cardinal-tapes.com\/es\/wp-json\/wp\/v2\/media\/25431"}],"wp:attachment":[{"href":"https:\/\/cardinal-tapes.com\/es\/wp-json\/wp\/v2\/media?parent=54886"}],"wp:term":[{"taxonomy":"pwb-brand","embeddable":true,"href":"https:\/\/cardinal-tapes.com\/es\/wp-json\/wp\/v2\/pwb-brand?post=54886"},{"taxonomy":"product_brand","embeddable":true,"href":"https:\/\/cardinal-tapes.com\/es\/wp-json\/wp\/v2\/product_brand?post=54886"},{"taxonomy":"product_cat","embeddable":true,"href":"https:\/\/cardinal-tapes.com\/es\/wp-json\/wp\/v2\/product_cat?post=54886"},{"taxonomy":"product_tag","embeddable":true,"href":"https:\/\/cardinal-tapes.com\/es\/wp-json\/wp\/v2\/product_tag?post=54886"}],"curies":[{"name":"wp","href":"https:\/\/api.w.org\/{rel}","templated":true}]}}