{"id":54753,"date":"2018-03-20T14:14:23","date_gmt":"2023-06-05T15:22:32","guid":{"rendered":"https:\/\/cardinal.pixel-tal.de\/klebebaender\/sin categor\u00eda\/cinta-adhesiva-para-flejes-de-pp-ca-25\/"},"modified":"2023-06-05T17:22:32","modified_gmt":"2023-06-05T15:22:32","slug":"ca-25-pp-cinta-de-flejado","status":"publish","type":"product","link":"https:\/\/cardinal-tapes.com\/es\/cintas-adhesivas\/cintas-adhesivas-de-una-cara\/film-pp\/ca-25-pp-cinta-de-flejado\/","title":{"rendered":"Cinta adhesiva para flejes de PP CA-25"},"content":{"rendered":"<p>CA-25 es una cinta de flejado, con una resistencia a la tracci\u00f3n muy alta para atar mercanc\u00edas pesadas y para sujetar<br \/>\nComponentes para electrodom\u00e9sticos durante el transporte y el almacenamiento. El producto puede eliminarse de muchos sustratos<br \/>\nretirar sin dejar residuos.<\/p>\n<p>&nbsp;<\/p>\n","protected":false},"excerpt":{"rendered":"<p>CA-25 es una cinta de flejado, con una resistencia a la tracci\u00f3n muy alta para atar mercanc\u00edas pesadas y para sujetar Componentes para electrodom\u00e9sticos durante el transporte y el almacenamiento. El producto puede eliminarse de muchos sustratos retirar sin dejar residuos. &nbsp;<\/p>\n","protected":false},"featured_media":26843,"template":"","meta":{"_acf_changed":false},"pwb-brand":[2175],"product_brand":[],"product_cat":[1810,1812,1695,1697,1700,1708,1798,1806],"product_tag":[],"class_list":{"0":"post-54753","1":"product","2":"type-product","3":"status-publish","4":"has-post-thumbnail","6":"pwb-brand-cardinal-gmbh-es","7":"product_cat-film-pp","8":"product_cat-cinta-de-flejado","9":"product_cat-produccion-transformacion-del-aluminio","10":"product_cat-industria-del-automovil","11":"product_cat-industria-del-hormigon","12":"product_cat-industria-del-plastico","13":"product_cat-acero-y-vidrio","14":"product_cat-cintas-adhesivas-de-una-cara","16":"first","17":"instock","18":"taxable","19":"shipping-taxable","20":"purchasable","21":"product-type-variable"},"acf":[],"yoast_head":"<!-- This site is optimized with the Yoast SEO plugin v27.3 - https:\/\/yoast.com\/product\/yoast-seo-wordpress\/ -->\n<title>CA-25 PP Cinta de flejado | Cardinal TAPES<\/title>\n<meta name=\"description\" content=\"CA-25 es una cinta de flejado con una resistencia a la tracci\u00f3n muy alta para agrupar mercanc\u00edas pesadas y fijar componentes durante el transporte y el almacenamiento.\" \/>\n<meta name=\"robots\" content=\"index, follow, max-snippet:-1, max-image-preview:large, max-video-preview:-1\" \/>\n<link rel=\"canonical\" href=\"https:\/\/cardinal-tapes.com\/es\/cintas-adhesivas\/produccion-transformacion-del-aluminio\/ca-25-pp-cinta-de-flejado\/\" \/>\n<meta property=\"og:locale\" content=\"es_ES\" \/>\n<meta property=\"og:type\" content=\"article\" \/>\n<meta property=\"og:title\" content=\"CA-25 PP Cinta de flejado | Cardinal TAPES\" \/>\n<meta property=\"og:description\" content=\"CA-25 es una cinta de flejado con una resistencia a la tracci\u00f3n muy alta para agrupar mercanc\u00edas pesadas y fijar componentes durante el transporte y el almacenamiento.\" \/>\n<meta property=\"og:url\" content=\"https:\/\/cardinal-tapes.com\/es\/cintas-adhesivas\/produccion-transformacion-del-aluminio\/ca-25-pp-cinta-de-flejado\/\" \/>\n<meta property=\"og:site_name\" content=\"cardinal TAPES\" \/>\n<meta property=\"og:image\" content=\"https:\/\/cardinal-tapes.com\/wp-content\/uploads\/CA_25-1.jpg\" \/>\n\t<meta property=\"og:image:width\" content=\"1400\" \/>\n\t<meta property=\"og:image:height\" content=\"1400\" \/>\n\t<meta property=\"og:image:type\" content=\"image\/jpeg\" \/>\n<meta name=\"twitter:card\" content=\"summary_large_image\" \/>\n<script type=\"application\/ld+json\" class=\"yoast-schema-graph\">{\"@context\":\"https:\\\/\\\/schema.org\",\"@graph\":[{\"@type\":\"WebPage\",\"@id\":\"https:\\\/\\\/cardinal-tapes.com\\\/es\\\/cintas-adhesivas\\\/produccion-transformacion-del-aluminio\\\/ca-25-pp-cinta-de-flejado\\\/\",\"url\":\"https:\\\/\\\/cardinal-tapes.com\\\/es\\\/cintas-adhesivas\\\/produccion-transformacion-del-aluminio\\\/ca-25-pp-cinta-de-flejado\\\/\",\"name\":\"CA-25 PP Cinta de flejado | Cardinal TAPES\",\"isPartOf\":{\"@id\":\"https:\\\/\\\/cardinal-tapes.com\\\/#website\"},\"primaryImageOfPage\":{\"@id\":\"https:\\\/\\\/cardinal-tapes.com\\\/es\\\/cintas-adhesivas\\\/produccion-transformacion-del-aluminio\\\/ca-25-pp-cinta-de-flejado\\\/#primaryimage\"},\"image\":{\"@id\":\"https:\\\/\\\/cardinal-tapes.com\\\/es\\\/cintas-adhesivas\\\/produccion-transformacion-del-aluminio\\\/ca-25-pp-cinta-de-flejado\\\/#primaryimage\"},\"thumbnailUrl\":\"https:\\\/\\\/cardinal-tapes.com\\\/wp-content\\\/uploads\\\/CA_25-1.jpg\",\"datePublished\":\"2023-06-05T15:22:32+00:00\",\"description\":\"CA-25 es una cinta de flejado con una resistencia a la tracci\u00f3n muy alta para agrupar mercanc\u00edas pesadas y fijar componentes durante el transporte y el almacenamiento.\",\"breadcrumb\":{\"@id\":\"https:\\\/\\\/cardinal-tapes.com\\\/es\\\/cintas-adhesivas\\\/produccion-transformacion-del-aluminio\\\/ca-25-pp-cinta-de-flejado\\\/#breadcrumb\"},\"inLanguage\":\"es\",\"potentialAction\":[{\"@type\":\"ReadAction\",\"target\":[\"https:\\\/\\\/cardinal-tapes.com\\\/es\\\/cintas-adhesivas\\\/produccion-transformacion-del-aluminio\\\/ca-25-pp-cinta-de-flejado\\\/\"]}]},{\"@type\":\"ImageObject\",\"inLanguage\":\"es\",\"@id\":\"https:\\\/\\\/cardinal-tapes.com\\\/es\\\/cintas-adhesivas\\\/produccion-transformacion-del-aluminio\\\/ca-25-pp-cinta-de-flejado\\\/#primaryimage\",\"url\":\"https:\\\/\\\/cardinal-tapes.com\\\/wp-content\\\/uploads\\\/CA_25-1.jpg\",\"contentUrl\":\"https:\\\/\\\/cardinal-tapes.com\\\/wp-content\\\/uploads\\\/CA_25-1.jpg\",\"width\":1400,\"height\":1400,\"caption\":\"CA_25\"},{\"@type\":\"BreadcrumbList\",\"@id\":\"https:\\\/\\\/cardinal-tapes.com\\\/es\\\/cintas-adhesivas\\\/produccion-transformacion-del-aluminio\\\/ca-25-pp-cinta-de-flejado\\\/#breadcrumb\",\"itemListElement\":[{\"@type\":\"ListItem\",\"position\":1,\"name\":\"Startseite\",\"item\":\"https:\\\/\\\/cardinal-tapes.com\\\/es\\\/\"},{\"@type\":\"ListItem\",\"position\":2,\"name\":\"Cintas adhesivas\",\"item\":\"https:\\\/\\\/cardinal-tapes.com\\\/es\\\/cintas-adhesivas-es\\\/\"},{\"@type\":\"ListItem\",\"position\":3,\"name\":\"Producci\u00f3n \\\/ transformaci\u00f3n del aluminio\",\"item\":\"https:\\\/\\\/cardinal-tapes.com\\\/es\\\/categora\\\/produccion-transformacion-del-aluminio\\\/\"},{\"@type\":\"ListItem\",\"position\":4,\"name\":\"Cinta adhesiva para flejes de PP CA-25\"}]},{\"@type\":\"WebSite\",\"@id\":\"https:\\\/\\\/cardinal-tapes.com\\\/#website\",\"url\":\"https:\\\/\\\/cardinal-tapes.com\\\/\",\"name\":\"cardinal TAPES\",\"description\":\"Klebetechnik aus Wuppertal\",\"potentialAction\":[{\"@type\":\"SearchAction\",\"target\":{\"@type\":\"EntryPoint\",\"urlTemplate\":\"https:\\\/\\\/cardinal-tapes.com\\\/?s={search_term_string}\"},\"query-input\":{\"@type\":\"PropertyValueSpecification\",\"valueRequired\":true,\"valueName\":\"search_term_string\"}}],\"inLanguage\":\"es\"}]}<\/script>\n<!-- \/ Yoast SEO plugin. -->","yoast_head_json":{"title":"CA-25 PP Cinta de flejado | Cardinal TAPES","description":"CA-25 es una cinta de flejado con una resistencia a la tracci\u00f3n muy alta para agrupar mercanc\u00edas pesadas y fijar componentes durante el transporte y el almacenamiento.","robots":{"index":"index","follow":"follow","max-snippet":"max-snippet:-1","max-image-preview":"max-image-preview:large","max-video-preview":"max-video-preview:-1"},"canonical":"https:\/\/cardinal-tapes.com\/es\/cintas-adhesivas\/produccion-transformacion-del-aluminio\/ca-25-pp-cinta-de-flejado\/","og_locale":"es_ES","og_type":"article","og_title":"CA-25 PP Cinta de flejado | Cardinal TAPES","og_description":"CA-25 es una cinta de flejado con una resistencia a la tracci\u00f3n muy alta para agrupar mercanc\u00edas pesadas y fijar componentes durante el transporte y el almacenamiento.","og_url":"https:\/\/cardinal-tapes.com\/es\/cintas-adhesivas\/produccion-transformacion-del-aluminio\/ca-25-pp-cinta-de-flejado\/","og_site_name":"cardinal TAPES","og_image":[{"width":1400,"height":1400,"url":"https:\/\/cardinal-tapes.com\/wp-content\/uploads\/CA_25-1.jpg","type":"image\/jpeg"}],"twitter_card":"summary_large_image","schema":{"@context":"https:\/\/schema.org","@graph":[{"@type":"WebPage","@id":"https:\/\/cardinal-tapes.com\/es\/cintas-adhesivas\/produccion-transformacion-del-aluminio\/ca-25-pp-cinta-de-flejado\/","url":"https:\/\/cardinal-tapes.com\/es\/cintas-adhesivas\/produccion-transformacion-del-aluminio\/ca-25-pp-cinta-de-flejado\/","name":"CA-25 PP Cinta de flejado | Cardinal TAPES","isPartOf":{"@id":"https:\/\/cardinal-tapes.com\/#website"},"primaryImageOfPage":{"@id":"https:\/\/cardinal-tapes.com\/es\/cintas-adhesivas\/produccion-transformacion-del-aluminio\/ca-25-pp-cinta-de-flejado\/#primaryimage"},"image":{"@id":"https:\/\/cardinal-tapes.com\/es\/cintas-adhesivas\/produccion-transformacion-del-aluminio\/ca-25-pp-cinta-de-flejado\/#primaryimage"},"thumbnailUrl":"https:\/\/cardinal-tapes.com\/wp-content\/uploads\/CA_25-1.jpg","datePublished":"2023-06-05T15:22:32+00:00","description":"CA-25 es una cinta de flejado con una resistencia a la tracci\u00f3n muy alta para agrupar mercanc\u00edas pesadas y fijar componentes durante el transporte y el almacenamiento.","breadcrumb":{"@id":"https:\/\/cardinal-tapes.com\/es\/cintas-adhesivas\/produccion-transformacion-del-aluminio\/ca-25-pp-cinta-de-flejado\/#breadcrumb"},"inLanguage":"es","potentialAction":[{"@type":"ReadAction","target":["https:\/\/cardinal-tapes.com\/es\/cintas-adhesivas\/produccion-transformacion-del-aluminio\/ca-25-pp-cinta-de-flejado\/"]}]},{"@type":"ImageObject","inLanguage":"es","@id":"https:\/\/cardinal-tapes.com\/es\/cintas-adhesivas\/produccion-transformacion-del-aluminio\/ca-25-pp-cinta-de-flejado\/#primaryimage","url":"https:\/\/cardinal-tapes.com\/wp-content\/uploads\/CA_25-1.jpg","contentUrl":"https:\/\/cardinal-tapes.com\/wp-content\/uploads\/CA_25-1.jpg","width":1400,"height":1400,"caption":"CA_25"},{"@type":"BreadcrumbList","@id":"https:\/\/cardinal-tapes.com\/es\/cintas-adhesivas\/produccion-transformacion-del-aluminio\/ca-25-pp-cinta-de-flejado\/#breadcrumb","itemListElement":[{"@type":"ListItem","position":1,"name":"Startseite","item":"https:\/\/cardinal-tapes.com\/es\/"},{"@type":"ListItem","position":2,"name":"Cintas adhesivas","item":"https:\/\/cardinal-tapes.com\/es\/cintas-adhesivas-es\/"},{"@type":"ListItem","position":3,"name":"Producci\u00f3n \/ transformaci\u00f3n del aluminio","item":"https:\/\/cardinal-tapes.com\/es\/categora\/produccion-transformacion-del-aluminio\/"},{"@type":"ListItem","position":4,"name":"Cinta adhesiva para flejes de PP CA-25"}]},{"@type":"WebSite","@id":"https:\/\/cardinal-tapes.com\/#website","url":"https:\/\/cardinal-tapes.com\/","name":"cardinal TAPES","description":"Klebetechnik aus Wuppertal","potentialAction":[{"@type":"SearchAction","target":{"@type":"EntryPoint","urlTemplate":"https:\/\/cardinal-tapes.com\/?s={search_term_string}"},"query-input":{"@type":"PropertyValueSpecification","valueRequired":true,"valueName":"search_term_string"}}],"inLanguage":"es"}]}},"brands":[{"id":2175,"name":"cardinal GmbH","slug":"cardinal-gmbh-es"}],"_links":{"self":[{"href":"https:\/\/cardinal-tapes.com\/es\/wp-json\/wp\/v2\/product\/54753","targetHints":{"allow":["GET"]}}],"collection":[{"href":"https:\/\/cardinal-tapes.com\/es\/wp-json\/wp\/v2\/product"}],"about":[{"href":"https:\/\/cardinal-tapes.com\/es\/wp-json\/wp\/v2\/types\/product"}],"wp:featuredmedia":[{"embeddable":true,"href":"https:\/\/cardinal-tapes.com\/es\/wp-json\/wp\/v2\/media\/26843"}],"wp:attachment":[{"href":"https:\/\/cardinal-tapes.com\/es\/wp-json\/wp\/v2\/media?parent=54753"}],"wp:term":[{"taxonomy":"pwb-brand","embeddable":true,"href":"https:\/\/cardinal-tapes.com\/es\/wp-json\/wp\/v2\/pwb-brand?post=54753"},{"taxonomy":"product_brand","embeddable":true,"href":"https:\/\/cardinal-tapes.com\/es\/wp-json\/wp\/v2\/product_brand?post=54753"},{"taxonomy":"product_cat","embeddable":true,"href":"https:\/\/cardinal-tapes.com\/es\/wp-json\/wp\/v2\/product_cat?post=54753"},{"taxonomy":"product_tag","embeddable":true,"href":"https:\/\/cardinal-tapes.com\/es\/wp-json\/wp\/v2\/product_tag?post=54753"}],"curies":[{"name":"wp","href":"https:\/\/api.w.org\/{rel}","templated":true}]}}