{"id":54670,"date":"2018-03-15T09:50:55","date_gmt":"2023-06-05T15:22:30","guid":{"rendered":"https:\/\/cardinal.pixel-tal.de\/klebebaender\/sin%20categor\u00eda\/3m-dual-lock\/"},"modified":"2025-07-03T09:49:49","modified_gmt":"2025-07-03T07:49:49","slug":"3m-5909-f-vhb-klebeband","status":"publish","type":"product","link":"https:\/\/cardinal-tapes.com\/es\/cintas-adhesivas\/cintas-adhesivas-de-una-cara\/3m-5909-f-vhb-klebeband\/","title":{"rendered":"3M\u2122 Dual Lock"},"content":{"rendered":"<p>El 3M\u2122 Dual Lock es un cierre a presi\u00f3n autoadhesivo y flexible en forma de rollo. El sistema patentado consiste en tiras de poliolefina negra con cabezas semiesf\u00e9ricas sobre un v\u00e1stago corto. Al presionar entre s\u00ed, se crea una conexi\u00f3n firme pero desmontable. A diferencia de los sistemas de fijaci\u00f3n convencionales, como tornillos o remaches, el 3M\u2122 Dual Lock no requiere perforar ning\u00fan orificio, lo que puede afectar al aspecto visual de la superficie. Esto tambi\u00e9n hace que el producto sea adecuado para una amplia gama de aplicaciones.<\/p>\n<p><strong>Propiedades<\/strong><br \/>\n&#8211; Resistente a altas temperaturas y disolventes<br \/>\n&#8211; Se colapsa audiblemente<br \/>\n&#8211; Fuerte fuerza de sujeci\u00f3n<\/p>\n<p><strong>Aplicaciones<\/strong><br \/>\n&#8211; Alternativa a las opciones de fijaci\u00f3n convencionales, como atornillar, remachar, etc.<\/p>\n","protected":false},"excerpt":{"rendered":"<p>El 3M\u2122 Dual Lock es un cierre a presi\u00f3n autoadhesivo y flexible en forma de rollo. El sistema patentado consiste en tiras de poliolefina negra con cabezas semiesf\u00e9ricas sobre un v\u00e1stago corto. Al presionar entre s\u00ed, se crea una conexi\u00f3n firme pero desmontable. A diferencia de los sistemas de fijaci\u00f3n convencionales, como tornillos o remaches, [&hellip;]<\/p>\n","protected":false},"featured_media":26727,"template":"","meta":{"_acf_changed":false},"pwb-brand":[2169],"product_brand":[],"product_cat":[1806],"product_tag":[],"class_list":{"0":"post-54670","1":"product","2":"type-product","3":"status-publish","4":"has-post-thumbnail","6":"pwb-brand-3m-es","7":"product_cat-cintas-adhesivas-de-una-cara","9":"first","10":"instock","11":"taxable","12":"shipping-taxable","13":"purchasable","14":"product-type-variable"},"acf":[],"yoast_head":"<!-- This site is optimized with the Yoast SEO plugin v27.3 - https:\/\/yoast.com\/product\/yoast-seo-wordpress\/ -->\n<title>El sistema patentado 3M Dual Lock System | Cardinal TAPES<\/title>\n<meta name=\"description\" content=\"3M\u2122Dual Lock\u2122 es un cierre a presi\u00f3n autoadhesivo y flexible en forma de rollo. Obtenga m\u00e1s informaci\u00f3n sobre el sistema patentado 3M Dual Lock aqu\u00ed.\" \/>\n<meta name=\"robots\" content=\"index, follow, max-snippet:-1, max-image-preview:large, max-video-preview:-1\" \/>\n<link rel=\"canonical\" href=\"https:\/\/cardinal-tapes.com\/es\/cintas-adhesivas\/cintas-adhesivas-de-una-cara\/3m-5909-f-vhb-klebeband\/\" \/>\n<meta property=\"og:locale\" content=\"es_ES\" \/>\n<meta property=\"og:type\" content=\"article\" \/>\n<meta property=\"og:title\" content=\"El sistema patentado 3M Dual Lock System | Cardinal TAPES\" \/>\n<meta property=\"og:description\" content=\"3M\u2122Dual Lock\u2122 es un cierre a presi\u00f3n autoadhesivo y flexible en forma de rollo. Obtenga m\u00e1s informaci\u00f3n sobre el sistema patentado 3M Dual Lock aqu\u00ed.\" \/>\n<meta property=\"og:url\" content=\"https:\/\/cardinal-tapes.com\/es\/cintas-adhesivas\/cintas-adhesivas-de-una-cara\/3m-5909-f-vhb-klebeband\/\" \/>\n<meta property=\"og:site_name\" content=\"cardinal TAPES\" \/>\n<meta property=\"article:modified_time\" content=\"2025-07-03T07:49:49+00:00\" \/>\n<meta property=\"og:image\" content=\"https:\/\/cardinal-tapes.com\/wp-content\/uploads\/3m-sj-3871-scaled.jpg\" \/>\n\t<meta property=\"og:image:width\" content=\"2560\" \/>\n\t<meta property=\"og:image:height\" content=\"1843\" \/>\n\t<meta property=\"og:image:type\" content=\"image\/jpeg\" \/>\n<meta name=\"twitter:card\" content=\"summary_large_image\" \/>\n<meta name=\"twitter:label1\" content=\"Tiempo de lectura\" \/>\n\t<meta name=\"twitter:data1\" content=\"1 minuto\" \/>\n<script type=\"application\/ld+json\" class=\"yoast-schema-graph\">{\"@context\":\"https:\\\/\\\/schema.org\",\"@graph\":[{\"@type\":\"WebPage\",\"@id\":\"https:\\\/\\\/cardinal-tapes.com\\\/es\\\/cintas-adhesivas\\\/cintas-adhesivas-de-una-cara\\\/3m-5909-f-vhb-klebeband\\\/\",\"url\":\"https:\\\/\\\/cardinal-tapes.com\\\/es\\\/cintas-adhesivas\\\/cintas-adhesivas-de-una-cara\\\/3m-5909-f-vhb-klebeband\\\/\",\"name\":\"El sistema patentado 3M Dual Lock System | Cardinal TAPES\",\"isPartOf\":{\"@id\":\"https:\\\/\\\/cardinal-tapes.com\\\/#website\"},\"primaryImageOfPage\":{\"@id\":\"https:\\\/\\\/cardinal-tapes.com\\\/es\\\/cintas-adhesivas\\\/cintas-adhesivas-de-una-cara\\\/3m-5909-f-vhb-klebeband\\\/#primaryimage\"},\"image\":{\"@id\":\"https:\\\/\\\/cardinal-tapes.com\\\/es\\\/cintas-adhesivas\\\/cintas-adhesivas-de-una-cara\\\/3m-5909-f-vhb-klebeband\\\/#primaryimage\"},\"thumbnailUrl\":\"https:\\\/\\\/cardinal-tapes.com\\\/wp-content\\\/uploads\\\/3m-sj-3871-scaled.jpg\",\"datePublished\":\"2023-06-05T15:22:30+00:00\",\"dateModified\":\"2025-07-03T07:49:49+00:00\",\"description\":\"3M\u2122Dual Lock\u2122 es un cierre a presi\u00f3n autoadhesivo y flexible en forma de rollo. Obtenga m\u00e1s informaci\u00f3n sobre el sistema patentado 3M Dual Lock aqu\u00ed.\",\"breadcrumb\":{\"@id\":\"https:\\\/\\\/cardinal-tapes.com\\\/es\\\/cintas-adhesivas\\\/cintas-adhesivas-de-una-cara\\\/3m-5909-f-vhb-klebeband\\\/#breadcrumb\"},\"inLanguage\":\"es\",\"potentialAction\":[{\"@type\":\"ReadAction\",\"target\":[\"https:\\\/\\\/cardinal-tapes.com\\\/es\\\/cintas-adhesivas\\\/cintas-adhesivas-de-una-cara\\\/3m-5909-f-vhb-klebeband\\\/\"]}]},{\"@type\":\"ImageObject\",\"inLanguage\":\"es\",\"@id\":\"https:\\\/\\\/cardinal-tapes.com\\\/es\\\/cintas-adhesivas\\\/cintas-adhesivas-de-una-cara\\\/3m-5909-f-vhb-klebeband\\\/#primaryimage\",\"url\":\"https:\\\/\\\/cardinal-tapes.com\\\/wp-content\\\/uploads\\\/3m-sj-3871-scaled.jpg\",\"contentUrl\":\"https:\\\/\\\/cardinal-tapes.com\\\/wp-content\\\/uploads\\\/3m-sj-3871-scaled.jpg\",\"width\":2560,\"height\":1843,\"caption\":\"3m-sj-3871\"},{\"@type\":\"BreadcrumbList\",\"@id\":\"https:\\\/\\\/cardinal-tapes.com\\\/es\\\/cintas-adhesivas\\\/cintas-adhesivas-de-una-cara\\\/3m-5909-f-vhb-klebeband\\\/#breadcrumb\",\"itemListElement\":[{\"@type\":\"ListItem\",\"position\":1,\"name\":\"Startseite\",\"item\":\"https:\\\/\\\/cardinal-tapes.com\\\/es\\\/\"},{\"@type\":\"ListItem\",\"position\":2,\"name\":\"Cintas adhesivas\",\"item\":\"https:\\\/\\\/cardinal-tapes.com\\\/es\\\/cintas-adhesivas-es\\\/\"},{\"@type\":\"ListItem\",\"position\":3,\"name\":\"Einseitige Klebeb\u00e4nder\",\"item\":\"https:\\\/\\\/cardinal-tapes.com\\\/kategorie\\\/einseitige-klebebaender\\\/\"},{\"@type\":\"ListItem\",\"position\":4,\"name\":\"3M\u2122 Dual Lock\"}]},{\"@type\":\"WebSite\",\"@id\":\"https:\\\/\\\/cardinal-tapes.com\\\/#website\",\"url\":\"https:\\\/\\\/cardinal-tapes.com\\\/\",\"name\":\"cardinal TAPES\",\"description\":\"Klebetechnik aus Wuppertal\",\"potentialAction\":[{\"@type\":\"SearchAction\",\"target\":{\"@type\":\"EntryPoint\",\"urlTemplate\":\"https:\\\/\\\/cardinal-tapes.com\\\/?s={search_term_string}\"},\"query-input\":{\"@type\":\"PropertyValueSpecification\",\"valueRequired\":true,\"valueName\":\"search_term_string\"}}],\"inLanguage\":\"es\"}]}<\/script>\n<!-- \/ Yoast SEO plugin. -->","yoast_head_json":{"title":"El sistema patentado 3M Dual Lock System | Cardinal TAPES","description":"3M\u2122Dual Lock\u2122 es un cierre a presi\u00f3n autoadhesivo y flexible en forma de rollo. Obtenga m\u00e1s informaci\u00f3n sobre el sistema patentado 3M Dual Lock aqu\u00ed.","robots":{"index":"index","follow":"follow","max-snippet":"max-snippet:-1","max-image-preview":"max-image-preview:large","max-video-preview":"max-video-preview:-1"},"canonical":"https:\/\/cardinal-tapes.com\/es\/cintas-adhesivas\/cintas-adhesivas-de-una-cara\/3m-5909-f-vhb-klebeband\/","og_locale":"es_ES","og_type":"article","og_title":"El sistema patentado 3M Dual Lock System | Cardinal TAPES","og_description":"3M\u2122Dual Lock\u2122 es un cierre a presi\u00f3n autoadhesivo y flexible en forma de rollo. Obtenga m\u00e1s informaci\u00f3n sobre el sistema patentado 3M Dual Lock aqu\u00ed.","og_url":"https:\/\/cardinal-tapes.com\/es\/cintas-adhesivas\/cintas-adhesivas-de-una-cara\/3m-5909-f-vhb-klebeband\/","og_site_name":"cardinal TAPES","article_modified_time":"2025-07-03T07:49:49+00:00","og_image":[{"width":2560,"height":1843,"url":"https:\/\/cardinal-tapes.com\/wp-content\/uploads\/3m-sj-3871-scaled.jpg","type":"image\/jpeg"}],"twitter_card":"summary_large_image","twitter_misc":{"Tiempo de lectura":"1 minuto"},"schema":{"@context":"https:\/\/schema.org","@graph":[{"@type":"WebPage","@id":"https:\/\/cardinal-tapes.com\/es\/cintas-adhesivas\/cintas-adhesivas-de-una-cara\/3m-5909-f-vhb-klebeband\/","url":"https:\/\/cardinal-tapes.com\/es\/cintas-adhesivas\/cintas-adhesivas-de-una-cara\/3m-5909-f-vhb-klebeband\/","name":"El sistema patentado 3M Dual Lock System | Cardinal TAPES","isPartOf":{"@id":"https:\/\/cardinal-tapes.com\/#website"},"primaryImageOfPage":{"@id":"https:\/\/cardinal-tapes.com\/es\/cintas-adhesivas\/cintas-adhesivas-de-una-cara\/3m-5909-f-vhb-klebeband\/#primaryimage"},"image":{"@id":"https:\/\/cardinal-tapes.com\/es\/cintas-adhesivas\/cintas-adhesivas-de-una-cara\/3m-5909-f-vhb-klebeband\/#primaryimage"},"thumbnailUrl":"https:\/\/cardinal-tapes.com\/wp-content\/uploads\/3m-sj-3871-scaled.jpg","datePublished":"2023-06-05T15:22:30+00:00","dateModified":"2025-07-03T07:49:49+00:00","description":"3M\u2122Dual Lock\u2122 es un cierre a presi\u00f3n autoadhesivo y flexible en forma de rollo. Obtenga m\u00e1s informaci\u00f3n sobre el sistema patentado 3M Dual Lock aqu\u00ed.","breadcrumb":{"@id":"https:\/\/cardinal-tapes.com\/es\/cintas-adhesivas\/cintas-adhesivas-de-una-cara\/3m-5909-f-vhb-klebeband\/#breadcrumb"},"inLanguage":"es","potentialAction":[{"@type":"ReadAction","target":["https:\/\/cardinal-tapes.com\/es\/cintas-adhesivas\/cintas-adhesivas-de-una-cara\/3m-5909-f-vhb-klebeband\/"]}]},{"@type":"ImageObject","inLanguage":"es","@id":"https:\/\/cardinal-tapes.com\/es\/cintas-adhesivas\/cintas-adhesivas-de-una-cara\/3m-5909-f-vhb-klebeband\/#primaryimage","url":"https:\/\/cardinal-tapes.com\/wp-content\/uploads\/3m-sj-3871-scaled.jpg","contentUrl":"https:\/\/cardinal-tapes.com\/wp-content\/uploads\/3m-sj-3871-scaled.jpg","width":2560,"height":1843,"caption":"3m-sj-3871"},{"@type":"BreadcrumbList","@id":"https:\/\/cardinal-tapes.com\/es\/cintas-adhesivas\/cintas-adhesivas-de-una-cara\/3m-5909-f-vhb-klebeband\/#breadcrumb","itemListElement":[{"@type":"ListItem","position":1,"name":"Startseite","item":"https:\/\/cardinal-tapes.com\/es\/"},{"@type":"ListItem","position":2,"name":"Cintas adhesivas","item":"https:\/\/cardinal-tapes.com\/es\/cintas-adhesivas-es\/"},{"@type":"ListItem","position":3,"name":"Einseitige Klebeb\u00e4nder","item":"https:\/\/cardinal-tapes.com\/kategorie\/einseitige-klebebaender\/"},{"@type":"ListItem","position":4,"name":"3M\u2122 Dual Lock"}]},{"@type":"WebSite","@id":"https:\/\/cardinal-tapes.com\/#website","url":"https:\/\/cardinal-tapes.com\/","name":"cardinal TAPES","description":"Klebetechnik aus Wuppertal","potentialAction":[{"@type":"SearchAction","target":{"@type":"EntryPoint","urlTemplate":"https:\/\/cardinal-tapes.com\/?s={search_term_string}"},"query-input":{"@type":"PropertyValueSpecification","valueRequired":true,"valueName":"search_term_string"}}],"inLanguage":"es"}]}},"brands":[{"id":2169,"name":"3M","slug":"3m-es"}],"_links":{"self":[{"href":"https:\/\/cardinal-tapes.com\/es\/wp-json\/wp\/v2\/product\/54670","targetHints":{"allow":["GET"]}}],"collection":[{"href":"https:\/\/cardinal-tapes.com\/es\/wp-json\/wp\/v2\/product"}],"about":[{"href":"https:\/\/cardinal-tapes.com\/es\/wp-json\/wp\/v2\/types\/product"}],"wp:featuredmedia":[{"embeddable":true,"href":"https:\/\/cardinal-tapes.com\/es\/wp-json\/wp\/v2\/media\/26727"}],"wp:attachment":[{"href":"https:\/\/cardinal-tapes.com\/es\/wp-json\/wp\/v2\/media?parent=54670"}],"wp:term":[{"taxonomy":"pwb-brand","embeddable":true,"href":"https:\/\/cardinal-tapes.com\/es\/wp-json\/wp\/v2\/pwb-brand?post=54670"},{"taxonomy":"product_brand","embeddable":true,"href":"https:\/\/cardinal-tapes.com\/es\/wp-json\/wp\/v2\/product_brand?post=54670"},{"taxonomy":"product_cat","embeddable":true,"href":"https:\/\/cardinal-tapes.com\/es\/wp-json\/wp\/v2\/product_cat?post=54670"},{"taxonomy":"product_tag","embeddable":true,"href":"https:\/\/cardinal-tapes.com\/es\/wp-json\/wp\/v2\/product_tag?post=54670"}],"curies":[{"name":"wp","href":"https:\/\/api.w.org\/{rel}","templated":true}]}}