{"id":54575,"date":"2018-03-20T08:29:35","date_gmt":"2023-06-05T15:22:28","guid":{"rendered":"https:\/\/cardinal.pixel-tal.de\/klebebaender\/sin%20categor\u00eda\/tesa-haf-8402-pelicula-reactiva-activada-por-calor\/"},"modified":"2025-07-02T13:59:19","modified_gmt":"2025-07-02T11:59:19","slug":"tesa-8402-haf-pelicula-reactiva-activada-por-calor","status":"publish","type":"product","link":"https:\/\/cardinal-tapes.com\/es\/cintas-adhesivas\/ambitos-de-aplicacion\/industria-electrica\/tesa-8402-haf-pelicula-reactiva-activada-por-calor\/","title":{"rendered":"tesa HAF\u00ae 8402 pel\u00edcula reactiva activada por calor"},"content":{"rendered":"<p><span class=\"lowercase\">tesa<\/span> <sup>HAF\u00ae<\/sup> 8401 es una pel\u00edcula activada por calor a base de caucho nitr\u00edlico y resina fen\u00f3lica. El material, de color \u00e1mbar y sin tirantes, est\u00e1 recubierto de un forro de papel y es f\u00e1cil de cortar y perforar. A temperatura ambiente, <span class=\"lowercase\">tesa<\/span> <sup>HAF\u00ae<\/sup> 8401 no es adhesivo. La temperatura de activaci\u00f3n para la prefijaci\u00f3n es de aproximadamente 90\u00b0C. En una segunda fase de procesamiento, el producto se somete a presi\u00f3n y calor.<\/p>\n<p><strong>Propiedades<\/strong><br \/>\n&#8211; Fuerza de adherencia extremadamente alta<br \/>\n&#8211; Resistencia a temperaturas muy altas<br \/>\n&#8211; Excelente resistencia qu\u00edmica.<\/p>\n<p><strong>Aplicaciones<\/strong><br \/>\n&#8211; Pegado de imanes en motores el\u00e9ctricos<br \/>\n&#8211; Pegado de cojinetes lisos y forros de freno.<br \/>\n&#8211; Pegado estructural<\/p>\n","protected":false},"excerpt":{"rendered":"<p>tesa HAF\u00ae 8401 es una pel\u00edcula activada por calor a base de caucho nitr\u00edlico y resina fen\u00f3lica. El material, de color \u00e1mbar y sin tirantes, est\u00e1 recubierto de un forro de papel y es f\u00e1cil de cortar y perforar. A temperatura ambiente, tesa HAF\u00ae 8401 no es adhesivo. La temperatura de activaci\u00f3n para la prefijaci\u00f3n [&hellip;]<\/p>\n","protected":false},"featured_media":26815,"template":"","meta":{"_acf_changed":false},"pwb-brand":[2163],"product_brand":[],"product_cat":[1703,1804],"product_tag":[],"class_list":{"0":"post-54575","1":"product","2":"type-product","3":"status-publish","4":"has-post-thumbnail","6":"pwb-brand-tesa-es","7":"product_cat-industria-electrica","8":"product_cat-cintas-adhesivas-de-doble-cara","10":"first","11":"instock","12":"taxable","13":"shipping-taxable","14":"purchasable","15":"product-type-variable"},"acf":[],"yoast_head":"<!-- This site is optimized with the Yoast SEO plugin v27.3 - https:\/\/yoast.com\/product\/yoast-seo-wordpress\/ -->\n<title>tesa HAF\u00ae 8402 pel\u00edcula reactiva activada por calor | Cardinal TAPES<\/title>\n<meta name=\"description\" content=\"tesa HAF\u00ae 8402 es una pel\u00edcula termoactivada sin revestimiento a base de caucho nitr\u00edlico y resina fen\u00f3lica. Obtenga m\u00e1s informaci\u00f3n aqu\u00ed.\" \/>\n<meta name=\"robots\" content=\"index, follow, max-snippet:-1, max-image-preview:large, max-video-preview:-1\" \/>\n<link rel=\"canonical\" href=\"https:\/\/cardinal-tapes.com\/es\/cintas-adhesivas\/ambitos-de-aplicacion\/industria-electrica\/tesa-8402-haf-pelicula-reactiva-activada-por-calor\/\" \/>\n<meta property=\"og:locale\" content=\"es_ES\" \/>\n<meta property=\"og:type\" content=\"article\" \/>\n<meta property=\"og:title\" content=\"tesa HAF\u00ae 8402 pel\u00edcula reactiva activada por calor | Cardinal TAPES\" \/>\n<meta property=\"og:description\" content=\"tesa HAF\u00ae 8402 es una pel\u00edcula termoactivada sin revestimiento a base de caucho nitr\u00edlico y resina fen\u00f3lica. Obtenga m\u00e1s informaci\u00f3n aqu\u00ed.\" \/>\n<meta property=\"og:url\" content=\"https:\/\/cardinal-tapes.com\/es\/cintas-adhesivas\/ambitos-de-aplicacion\/industria-electrica\/tesa-8402-haf-pelicula-reactiva-activada-por-calor\/\" \/>\n<meta property=\"og:site_name\" content=\"cardinal TAPES\" \/>\n<meta property=\"article:modified_time\" content=\"2025-07-02T11:59:19+00:00\" \/>\n<meta property=\"og:image\" content=\"https:\/\/cardinal-tapes.com\/wp-content\/uploads\/08402_pr-scaled.jpg\" \/>\n\t<meta property=\"og:image:width\" content=\"1920\" \/>\n\t<meta property=\"og:image:height\" content=\"2560\" \/>\n\t<meta property=\"og:image:type\" content=\"image\/jpeg\" \/>\n<meta name=\"twitter:card\" content=\"summary_large_image\" \/>\n<meta name=\"twitter:label1\" content=\"Tiempo de lectura\" \/>\n\t<meta name=\"twitter:data1\" content=\"1 minuto\" \/>\n<script type=\"application\/ld+json\" class=\"yoast-schema-graph\">{\"@context\":\"https:\\\/\\\/schema.org\",\"@graph\":[{\"@type\":\"WebPage\",\"@id\":\"https:\\\/\\\/cardinal-tapes.com\\\/es\\\/cintas-adhesivas\\\/ambitos-de-aplicacion\\\/industria-electrica\\\/tesa-8402-haf-pelicula-reactiva-activada-por-calor\\\/\",\"url\":\"https:\\\/\\\/cardinal-tapes.com\\\/es\\\/cintas-adhesivas\\\/ambitos-de-aplicacion\\\/industria-electrica\\\/tesa-8402-haf-pelicula-reactiva-activada-por-calor\\\/\",\"name\":\"tesa HAF\u00ae 8402 pel\u00edcula reactiva activada por calor | Cardinal TAPES\",\"isPartOf\":{\"@id\":\"https:\\\/\\\/cardinal-tapes.com\\\/#website\"},\"primaryImageOfPage\":{\"@id\":\"https:\\\/\\\/cardinal-tapes.com\\\/es\\\/cintas-adhesivas\\\/ambitos-de-aplicacion\\\/industria-electrica\\\/tesa-8402-haf-pelicula-reactiva-activada-por-calor\\\/#primaryimage\"},\"image\":{\"@id\":\"https:\\\/\\\/cardinal-tapes.com\\\/es\\\/cintas-adhesivas\\\/ambitos-de-aplicacion\\\/industria-electrica\\\/tesa-8402-haf-pelicula-reactiva-activada-por-calor\\\/#primaryimage\"},\"thumbnailUrl\":\"https:\\\/\\\/cardinal-tapes.com\\\/wp-content\\\/uploads\\\/08402_pr-scaled.jpg\",\"datePublished\":\"2023-06-05T15:22:28+00:00\",\"dateModified\":\"2025-07-02T11:59:19+00:00\",\"description\":\"tesa HAF\u00ae 8402 es una pel\u00edcula termoactivada sin revestimiento a base de caucho nitr\u00edlico y resina fen\u00f3lica. Obtenga m\u00e1s informaci\u00f3n aqu\u00ed.\",\"breadcrumb\":{\"@id\":\"https:\\\/\\\/cardinal-tapes.com\\\/es\\\/cintas-adhesivas\\\/ambitos-de-aplicacion\\\/industria-electrica\\\/tesa-8402-haf-pelicula-reactiva-activada-por-calor\\\/#breadcrumb\"},\"inLanguage\":\"es\",\"potentialAction\":[{\"@type\":\"ReadAction\",\"target\":[\"https:\\\/\\\/cardinal-tapes.com\\\/es\\\/cintas-adhesivas\\\/ambitos-de-aplicacion\\\/industria-electrica\\\/tesa-8402-haf-pelicula-reactiva-activada-por-calor\\\/\"]}]},{\"@type\":\"ImageObject\",\"inLanguage\":\"es\",\"@id\":\"https:\\\/\\\/cardinal-tapes.com\\\/es\\\/cintas-adhesivas\\\/ambitos-de-aplicacion\\\/industria-electrica\\\/tesa-8402-haf-pelicula-reactiva-activada-por-calor\\\/#primaryimage\",\"url\":\"https:\\\/\\\/cardinal-tapes.com\\\/wp-content\\\/uploads\\\/08402_pr-scaled.jpg\",\"contentUrl\":\"https:\\\/\\\/cardinal-tapes.com\\\/wp-content\\\/uploads\\\/08402_pr-scaled.jpg\",\"width\":1920,\"height\":2560},{\"@type\":\"BreadcrumbList\",\"@id\":\"https:\\\/\\\/cardinal-tapes.com\\\/es\\\/cintas-adhesivas\\\/ambitos-de-aplicacion\\\/industria-electrica\\\/tesa-8402-haf-pelicula-reactiva-activada-por-calor\\\/#breadcrumb\",\"itemListElement\":[{\"@type\":\"ListItem\",\"position\":1,\"name\":\"Startseite\",\"item\":\"https:\\\/\\\/cardinal-tapes.com\\\/es\\\/\"},{\"@type\":\"ListItem\",\"position\":2,\"name\":\"Cintas adhesivas\",\"item\":\"https:\\\/\\\/cardinal-tapes.com\\\/es\\\/cintas-adhesivas-es\\\/\"},{\"@type\":\"ListItem\",\"position\":3,\"name\":\"\u00c1mbitos de aplicaci\u00f3n\",\"item\":\"https:\\\/\\\/cardinal-tapes.com\\\/es\\\/categora\\\/ambitos-de-aplicacion\\\/\"},{\"@type\":\"ListItem\",\"position\":4,\"name\":\"Industria el\u00e9ctrica\",\"item\":\"https:\\\/\\\/cardinal-tapes.com\\\/es\\\/categora\\\/industria-electrica\\\/\"},{\"@type\":\"ListItem\",\"position\":5,\"name\":\"tesa HAF\u00ae 8402 pel\u00edcula reactiva activada por calor\"}]},{\"@type\":\"WebSite\",\"@id\":\"https:\\\/\\\/cardinal-tapes.com\\\/#website\",\"url\":\"https:\\\/\\\/cardinal-tapes.com\\\/\",\"name\":\"cardinal TAPES\",\"description\":\"Klebetechnik aus Wuppertal\",\"potentialAction\":[{\"@type\":\"SearchAction\",\"target\":{\"@type\":\"EntryPoint\",\"urlTemplate\":\"https:\\\/\\\/cardinal-tapes.com\\\/?s={search_term_string}\"},\"query-input\":{\"@type\":\"PropertyValueSpecification\",\"valueRequired\":true,\"valueName\":\"search_term_string\"}}],\"inLanguage\":\"es\"}]}<\/script>\n<!-- \/ Yoast SEO plugin. -->","yoast_head_json":{"title":"tesa HAF\u00ae 8402 pel\u00edcula reactiva activada por calor | Cardinal TAPES","description":"tesa HAF\u00ae 8402 es una pel\u00edcula termoactivada sin revestimiento a base de caucho nitr\u00edlico y resina fen\u00f3lica. Obtenga m\u00e1s informaci\u00f3n aqu\u00ed.","robots":{"index":"index","follow":"follow","max-snippet":"max-snippet:-1","max-image-preview":"max-image-preview:large","max-video-preview":"max-video-preview:-1"},"canonical":"https:\/\/cardinal-tapes.com\/es\/cintas-adhesivas\/ambitos-de-aplicacion\/industria-electrica\/tesa-8402-haf-pelicula-reactiva-activada-por-calor\/","og_locale":"es_ES","og_type":"article","og_title":"tesa HAF\u00ae 8402 pel\u00edcula reactiva activada por calor | Cardinal TAPES","og_description":"tesa HAF\u00ae 8402 es una pel\u00edcula termoactivada sin revestimiento a base de caucho nitr\u00edlico y resina fen\u00f3lica. Obtenga m\u00e1s informaci\u00f3n aqu\u00ed.","og_url":"https:\/\/cardinal-tapes.com\/es\/cintas-adhesivas\/ambitos-de-aplicacion\/industria-electrica\/tesa-8402-haf-pelicula-reactiva-activada-por-calor\/","og_site_name":"cardinal TAPES","article_modified_time":"2025-07-02T11:59:19+00:00","og_image":[{"width":1920,"height":2560,"url":"https:\/\/cardinal-tapes.com\/wp-content\/uploads\/08402_pr-scaled.jpg","type":"image\/jpeg"}],"twitter_card":"summary_large_image","twitter_misc":{"Tiempo de lectura":"1 minuto"},"schema":{"@context":"https:\/\/schema.org","@graph":[{"@type":"WebPage","@id":"https:\/\/cardinal-tapes.com\/es\/cintas-adhesivas\/ambitos-de-aplicacion\/industria-electrica\/tesa-8402-haf-pelicula-reactiva-activada-por-calor\/","url":"https:\/\/cardinal-tapes.com\/es\/cintas-adhesivas\/ambitos-de-aplicacion\/industria-electrica\/tesa-8402-haf-pelicula-reactiva-activada-por-calor\/","name":"tesa HAF\u00ae 8402 pel\u00edcula reactiva activada por calor | Cardinal TAPES","isPartOf":{"@id":"https:\/\/cardinal-tapes.com\/#website"},"primaryImageOfPage":{"@id":"https:\/\/cardinal-tapes.com\/es\/cintas-adhesivas\/ambitos-de-aplicacion\/industria-electrica\/tesa-8402-haf-pelicula-reactiva-activada-por-calor\/#primaryimage"},"image":{"@id":"https:\/\/cardinal-tapes.com\/es\/cintas-adhesivas\/ambitos-de-aplicacion\/industria-electrica\/tesa-8402-haf-pelicula-reactiva-activada-por-calor\/#primaryimage"},"thumbnailUrl":"https:\/\/cardinal-tapes.com\/wp-content\/uploads\/08402_pr-scaled.jpg","datePublished":"2023-06-05T15:22:28+00:00","dateModified":"2025-07-02T11:59:19+00:00","description":"tesa HAF\u00ae 8402 es una pel\u00edcula termoactivada sin revestimiento a base de caucho nitr\u00edlico y resina fen\u00f3lica. Obtenga m\u00e1s informaci\u00f3n aqu\u00ed.","breadcrumb":{"@id":"https:\/\/cardinal-tapes.com\/es\/cintas-adhesivas\/ambitos-de-aplicacion\/industria-electrica\/tesa-8402-haf-pelicula-reactiva-activada-por-calor\/#breadcrumb"},"inLanguage":"es","potentialAction":[{"@type":"ReadAction","target":["https:\/\/cardinal-tapes.com\/es\/cintas-adhesivas\/ambitos-de-aplicacion\/industria-electrica\/tesa-8402-haf-pelicula-reactiva-activada-por-calor\/"]}]},{"@type":"ImageObject","inLanguage":"es","@id":"https:\/\/cardinal-tapes.com\/es\/cintas-adhesivas\/ambitos-de-aplicacion\/industria-electrica\/tesa-8402-haf-pelicula-reactiva-activada-por-calor\/#primaryimage","url":"https:\/\/cardinal-tapes.com\/wp-content\/uploads\/08402_pr-scaled.jpg","contentUrl":"https:\/\/cardinal-tapes.com\/wp-content\/uploads\/08402_pr-scaled.jpg","width":1920,"height":2560},{"@type":"BreadcrumbList","@id":"https:\/\/cardinal-tapes.com\/es\/cintas-adhesivas\/ambitos-de-aplicacion\/industria-electrica\/tesa-8402-haf-pelicula-reactiva-activada-por-calor\/#breadcrumb","itemListElement":[{"@type":"ListItem","position":1,"name":"Startseite","item":"https:\/\/cardinal-tapes.com\/es\/"},{"@type":"ListItem","position":2,"name":"Cintas adhesivas","item":"https:\/\/cardinal-tapes.com\/es\/cintas-adhesivas-es\/"},{"@type":"ListItem","position":3,"name":"\u00c1mbitos de aplicaci\u00f3n","item":"https:\/\/cardinal-tapes.com\/es\/categora\/ambitos-de-aplicacion\/"},{"@type":"ListItem","position":4,"name":"Industria el\u00e9ctrica","item":"https:\/\/cardinal-tapes.com\/es\/categora\/industria-electrica\/"},{"@type":"ListItem","position":5,"name":"tesa HAF\u00ae 8402 pel\u00edcula reactiva activada por calor"}]},{"@type":"WebSite","@id":"https:\/\/cardinal-tapes.com\/#website","url":"https:\/\/cardinal-tapes.com\/","name":"cardinal TAPES","description":"Klebetechnik aus Wuppertal","potentialAction":[{"@type":"SearchAction","target":{"@type":"EntryPoint","urlTemplate":"https:\/\/cardinal-tapes.com\/?s={search_term_string}"},"query-input":{"@type":"PropertyValueSpecification","valueRequired":true,"valueName":"search_term_string"}}],"inLanguage":"es"}]}},"brands":[{"id":2163,"name":"tesa","slug":"tesa-es"}],"_links":{"self":[{"href":"https:\/\/cardinal-tapes.com\/es\/wp-json\/wp\/v2\/product\/54575","targetHints":{"allow":["GET"]}}],"collection":[{"href":"https:\/\/cardinal-tapes.com\/es\/wp-json\/wp\/v2\/product"}],"about":[{"href":"https:\/\/cardinal-tapes.com\/es\/wp-json\/wp\/v2\/types\/product"}],"wp:featuredmedia":[{"embeddable":true,"href":"https:\/\/cardinal-tapes.com\/es\/wp-json\/wp\/v2\/media\/26815"}],"wp:attachment":[{"href":"https:\/\/cardinal-tapes.com\/es\/wp-json\/wp\/v2\/media?parent=54575"}],"wp:term":[{"taxonomy":"pwb-brand","embeddable":true,"href":"https:\/\/cardinal-tapes.com\/es\/wp-json\/wp\/v2\/pwb-brand?post=54575"},{"taxonomy":"product_brand","embeddable":true,"href":"https:\/\/cardinal-tapes.com\/es\/wp-json\/wp\/v2\/product_brand?post=54575"},{"taxonomy":"product_cat","embeddable":true,"href":"https:\/\/cardinal-tapes.com\/es\/wp-json\/wp\/v2\/product_cat?post=54575"},{"taxonomy":"product_tag","embeddable":true,"href":"https:\/\/cardinal-tapes.com\/es\/wp-json\/wp\/v2\/product_tag?post=54575"}],"curies":[{"name":"wp","href":"https:\/\/api.w.org\/{rel}","templated":true}]}}