{"id":54267,"date":"2018-03-27T14:37:21","date_gmt":"2023-06-05T15:22:17","guid":{"rendered":"https:\/\/cardinal.pixel-tal.de\/klebebaender\/sin%20categor\u00eda\/ca-984-cinta-de-espuma-de-pvc-mediana\/"},"modified":"2025-07-02T14:17:06","modified_gmt":"2025-07-02T12:17:06","slug":"ca-984-medium-pvc-espuma-cinta-adhesiva","status":"publish","type":"product","link":"https:\/\/cardinal-tapes.com\/es\/cintas-adhesivas\/cintas-adhesivas-de-una-cara\/ca-984-medium-pvc-espuma-cinta-adhesiva\/","title":{"rendered":"CA-984 Cinta de espuma de PVC mediana"},"content":{"rendered":"<p>CA-984 es una cinta de espuma, la cinta tiene una estructura predominantemente de c\u00e9lulas cerradas y est\u00e1 hecha de espuma de dureza media. En una de las caras hay un adhesivo acr\u00edlico y en la otra, sin adhesivo, un papel antiadherente extra\u00edble. Cuando se comprime, act\u00faa como un sello contra el agua, el aire y el polvo.<\/p>\n","protected":false},"excerpt":{"rendered":"<p>CA-984 es una cinta de espuma, la cinta tiene una estructura predominantemente de c\u00e9lulas cerradas y est\u00e1 hecha de espuma de dureza media. En una de las caras hay un adhesivo acr\u00edlico y en la otra, sin adhesivo, un papel antiadherente extra\u00edble. Cuando se comprime, act\u00faa como un sello contra el agua, el aire y [&hellip;]<\/p>\n","protected":false},"featured_media":26931,"template":"","meta":{"_acf_changed":false},"pwb-brand":[2175],"product_brand":[],"product_cat":[1806],"product_tag":[],"class_list":{"0":"post-54267","1":"product","2":"type-product","3":"status-publish","4":"has-post-thumbnail","6":"pwb-brand-cardinal-gmbh-es","7":"product_cat-cintas-adhesivas-de-una-cara","9":"first","10":"instock","11":"taxable","12":"shipping-taxable","13":"purchasable","14":"product-type-variable"},"acf":[],"yoast_head":"<!-- This site is optimized with the Yoast SEO plugin v27.3 - https:\/\/yoast.com\/product\/yoast-seo-wordpress\/ -->\n<title>CA-984 Cinta adhesiva de espuma de PVC mediana | Cardinal TAPES<\/title>\n<meta name=\"description\" content=\"CA-984 es una cinta adhesiva de espuma de PVC de c\u00e9lula cerrada y dureza media, y se utiliza como cinta de sellado contra la humedad, el polvo y mucho m\u00e1s.\" \/>\n<meta name=\"robots\" content=\"index, follow, max-snippet:-1, max-image-preview:large, max-video-preview:-1\" \/>\n<link rel=\"canonical\" href=\"https:\/\/cardinal-tapes.com\/es\/cintas-adhesivas\/cintas-adhesivas-de-una-cara\/ca-984-medium-pvc-espuma-cinta-adhesiva\/\" \/>\n<meta property=\"og:locale\" content=\"es_ES\" \/>\n<meta property=\"og:type\" content=\"article\" \/>\n<meta property=\"og:title\" content=\"CA-984 Cinta adhesiva de espuma de PVC mediana | Cardinal TAPES\" \/>\n<meta property=\"og:description\" content=\"CA-984 es una cinta adhesiva de espuma de PVC de c\u00e9lula cerrada y dureza media, y se utiliza como cinta de sellado contra la humedad, el polvo y mucho m\u00e1s.\" \/>\n<meta property=\"og:url\" content=\"https:\/\/cardinal-tapes.com\/es\/cintas-adhesivas\/cintas-adhesivas-de-una-cara\/ca-984-medium-pvc-espuma-cinta-adhesiva\/\" \/>\n<meta property=\"og:site_name\" content=\"cardinal TAPES\" \/>\n<meta property=\"article:modified_time\" content=\"2025-07-02T12:17:06+00:00\" \/>\n<meta property=\"og:image\" content=\"https:\/\/cardinal-tapes.com\/wp-content\/uploads\/CA_985_02_retouched.jpg\" \/>\n\t<meta property=\"og:image:width\" content=\"1109\" \/>\n\t<meta property=\"og:image:height\" content=\"1400\" \/>\n\t<meta property=\"og:image:type\" content=\"image\/jpeg\" \/>\n<meta name=\"twitter:card\" content=\"summary_large_image\" \/>\n<script type=\"application\/ld+json\" class=\"yoast-schema-graph\">{\"@context\":\"https:\\\/\\\/schema.org\",\"@graph\":[{\"@type\":\"WebPage\",\"@id\":\"https:\\\/\\\/cardinal-tapes.com\\\/es\\\/cintas-adhesivas\\\/cintas-adhesivas-de-una-cara\\\/ca-984-medium-pvc-espuma-cinta-adhesiva\\\/\",\"url\":\"https:\\\/\\\/cardinal-tapes.com\\\/es\\\/cintas-adhesivas\\\/cintas-adhesivas-de-una-cara\\\/ca-984-medium-pvc-espuma-cinta-adhesiva\\\/\",\"name\":\"CA-984 Cinta adhesiva de espuma de PVC mediana | Cardinal TAPES\",\"isPartOf\":{\"@id\":\"https:\\\/\\\/cardinal-tapes.com\\\/#website\"},\"primaryImageOfPage\":{\"@id\":\"https:\\\/\\\/cardinal-tapes.com\\\/es\\\/cintas-adhesivas\\\/cintas-adhesivas-de-una-cara\\\/ca-984-medium-pvc-espuma-cinta-adhesiva\\\/#primaryimage\"},\"image\":{\"@id\":\"https:\\\/\\\/cardinal-tapes.com\\\/es\\\/cintas-adhesivas\\\/cintas-adhesivas-de-una-cara\\\/ca-984-medium-pvc-espuma-cinta-adhesiva\\\/#primaryimage\"},\"thumbnailUrl\":\"https:\\\/\\\/cardinal-tapes.com\\\/wp-content\\\/uploads\\\/CA_985_02_retouched.jpg\",\"datePublished\":\"2023-06-05T15:22:17+00:00\",\"dateModified\":\"2025-07-02T12:17:06+00:00\",\"description\":\"CA-984 es una cinta adhesiva de espuma de PVC de c\u00e9lula cerrada y dureza media, y se utiliza como cinta de sellado contra la humedad, el polvo y mucho m\u00e1s.\",\"breadcrumb\":{\"@id\":\"https:\\\/\\\/cardinal-tapes.com\\\/es\\\/cintas-adhesivas\\\/cintas-adhesivas-de-una-cara\\\/ca-984-medium-pvc-espuma-cinta-adhesiva\\\/#breadcrumb\"},\"inLanguage\":\"es\",\"potentialAction\":[{\"@type\":\"ReadAction\",\"target\":[\"https:\\\/\\\/cardinal-tapes.com\\\/es\\\/cintas-adhesivas\\\/cintas-adhesivas-de-una-cara\\\/ca-984-medium-pvc-espuma-cinta-adhesiva\\\/\"]}]},{\"@type\":\"ImageObject\",\"inLanguage\":\"es\",\"@id\":\"https:\\\/\\\/cardinal-tapes.com\\\/es\\\/cintas-adhesivas\\\/cintas-adhesivas-de-una-cara\\\/ca-984-medium-pvc-espuma-cinta-adhesiva\\\/#primaryimage\",\"url\":\"https:\\\/\\\/cardinal-tapes.com\\\/wp-content\\\/uploads\\\/CA_985_02_retouched.jpg\",\"contentUrl\":\"https:\\\/\\\/cardinal-tapes.com\\\/wp-content\\\/uploads\\\/CA_985_02_retouched.jpg\",\"width\":1109,\"height\":1400,\"caption\":\"CA_985\"},{\"@type\":\"BreadcrumbList\",\"@id\":\"https:\\\/\\\/cardinal-tapes.com\\\/es\\\/cintas-adhesivas\\\/cintas-adhesivas-de-una-cara\\\/ca-984-medium-pvc-espuma-cinta-adhesiva\\\/#breadcrumb\",\"itemListElement\":[{\"@type\":\"ListItem\",\"position\":1,\"name\":\"Startseite\",\"item\":\"https:\\\/\\\/cardinal-tapes.com\\\/es\\\/\"},{\"@type\":\"ListItem\",\"position\":2,\"name\":\"Cintas adhesivas\",\"item\":\"https:\\\/\\\/cardinal-tapes.com\\\/es\\\/cintas-adhesivas-es\\\/\"},{\"@type\":\"ListItem\",\"position\":3,\"name\":\"Einseitige Klebeb\u00e4nder\",\"item\":\"https:\\\/\\\/cardinal-tapes.com\\\/kategorie\\\/einseitige-klebebaender\\\/\"},{\"@type\":\"ListItem\",\"position\":4,\"name\":\"CA-984 Cinta de espuma de PVC mediana\"}]},{\"@type\":\"WebSite\",\"@id\":\"https:\\\/\\\/cardinal-tapes.com\\\/#website\",\"url\":\"https:\\\/\\\/cardinal-tapes.com\\\/\",\"name\":\"cardinal TAPES\",\"description\":\"Klebetechnik aus Wuppertal\",\"potentialAction\":[{\"@type\":\"SearchAction\",\"target\":{\"@type\":\"EntryPoint\",\"urlTemplate\":\"https:\\\/\\\/cardinal-tapes.com\\\/?s={search_term_string}\"},\"query-input\":{\"@type\":\"PropertyValueSpecification\",\"valueRequired\":true,\"valueName\":\"search_term_string\"}}],\"inLanguage\":\"es\"}]}<\/script>\n<!-- \/ Yoast SEO plugin. -->","yoast_head_json":{"title":"CA-984 Cinta adhesiva de espuma de PVC mediana | Cardinal TAPES","description":"CA-984 es una cinta adhesiva de espuma de PVC de c\u00e9lula cerrada y dureza media, y se utiliza como cinta de sellado contra la humedad, el polvo y mucho m\u00e1s.","robots":{"index":"index","follow":"follow","max-snippet":"max-snippet:-1","max-image-preview":"max-image-preview:large","max-video-preview":"max-video-preview:-1"},"canonical":"https:\/\/cardinal-tapes.com\/es\/cintas-adhesivas\/cintas-adhesivas-de-una-cara\/ca-984-medium-pvc-espuma-cinta-adhesiva\/","og_locale":"es_ES","og_type":"article","og_title":"CA-984 Cinta adhesiva de espuma de PVC mediana | Cardinal TAPES","og_description":"CA-984 es una cinta adhesiva de espuma de PVC de c\u00e9lula cerrada y dureza media, y se utiliza como cinta de sellado contra la humedad, el polvo y mucho m\u00e1s.","og_url":"https:\/\/cardinal-tapes.com\/es\/cintas-adhesivas\/cintas-adhesivas-de-una-cara\/ca-984-medium-pvc-espuma-cinta-adhesiva\/","og_site_name":"cardinal TAPES","article_modified_time":"2025-07-02T12:17:06+00:00","og_image":[{"width":1109,"height":1400,"url":"https:\/\/cardinal-tapes.com\/wp-content\/uploads\/CA_985_02_retouched.jpg","type":"image\/jpeg"}],"twitter_card":"summary_large_image","schema":{"@context":"https:\/\/schema.org","@graph":[{"@type":"WebPage","@id":"https:\/\/cardinal-tapes.com\/es\/cintas-adhesivas\/cintas-adhesivas-de-una-cara\/ca-984-medium-pvc-espuma-cinta-adhesiva\/","url":"https:\/\/cardinal-tapes.com\/es\/cintas-adhesivas\/cintas-adhesivas-de-una-cara\/ca-984-medium-pvc-espuma-cinta-adhesiva\/","name":"CA-984 Cinta adhesiva de espuma de PVC mediana | Cardinal TAPES","isPartOf":{"@id":"https:\/\/cardinal-tapes.com\/#website"},"primaryImageOfPage":{"@id":"https:\/\/cardinal-tapes.com\/es\/cintas-adhesivas\/cintas-adhesivas-de-una-cara\/ca-984-medium-pvc-espuma-cinta-adhesiva\/#primaryimage"},"image":{"@id":"https:\/\/cardinal-tapes.com\/es\/cintas-adhesivas\/cintas-adhesivas-de-una-cara\/ca-984-medium-pvc-espuma-cinta-adhesiva\/#primaryimage"},"thumbnailUrl":"https:\/\/cardinal-tapes.com\/wp-content\/uploads\/CA_985_02_retouched.jpg","datePublished":"2023-06-05T15:22:17+00:00","dateModified":"2025-07-02T12:17:06+00:00","description":"CA-984 es una cinta adhesiva de espuma de PVC de c\u00e9lula cerrada y dureza media, y se utiliza como cinta de sellado contra la humedad, el polvo y mucho m\u00e1s.","breadcrumb":{"@id":"https:\/\/cardinal-tapes.com\/es\/cintas-adhesivas\/cintas-adhesivas-de-una-cara\/ca-984-medium-pvc-espuma-cinta-adhesiva\/#breadcrumb"},"inLanguage":"es","potentialAction":[{"@type":"ReadAction","target":["https:\/\/cardinal-tapes.com\/es\/cintas-adhesivas\/cintas-adhesivas-de-una-cara\/ca-984-medium-pvc-espuma-cinta-adhesiva\/"]}]},{"@type":"ImageObject","inLanguage":"es","@id":"https:\/\/cardinal-tapes.com\/es\/cintas-adhesivas\/cintas-adhesivas-de-una-cara\/ca-984-medium-pvc-espuma-cinta-adhesiva\/#primaryimage","url":"https:\/\/cardinal-tapes.com\/wp-content\/uploads\/CA_985_02_retouched.jpg","contentUrl":"https:\/\/cardinal-tapes.com\/wp-content\/uploads\/CA_985_02_retouched.jpg","width":1109,"height":1400,"caption":"CA_985"},{"@type":"BreadcrumbList","@id":"https:\/\/cardinal-tapes.com\/es\/cintas-adhesivas\/cintas-adhesivas-de-una-cara\/ca-984-medium-pvc-espuma-cinta-adhesiva\/#breadcrumb","itemListElement":[{"@type":"ListItem","position":1,"name":"Startseite","item":"https:\/\/cardinal-tapes.com\/es\/"},{"@type":"ListItem","position":2,"name":"Cintas adhesivas","item":"https:\/\/cardinal-tapes.com\/es\/cintas-adhesivas-es\/"},{"@type":"ListItem","position":3,"name":"Einseitige Klebeb\u00e4nder","item":"https:\/\/cardinal-tapes.com\/kategorie\/einseitige-klebebaender\/"},{"@type":"ListItem","position":4,"name":"CA-984 Cinta de espuma de PVC mediana"}]},{"@type":"WebSite","@id":"https:\/\/cardinal-tapes.com\/#website","url":"https:\/\/cardinal-tapes.com\/","name":"cardinal TAPES","description":"Klebetechnik aus Wuppertal","potentialAction":[{"@type":"SearchAction","target":{"@type":"EntryPoint","urlTemplate":"https:\/\/cardinal-tapes.com\/?s={search_term_string}"},"query-input":{"@type":"PropertyValueSpecification","valueRequired":true,"valueName":"search_term_string"}}],"inLanguage":"es"}]}},"brands":[{"id":2175,"name":"cardinal GmbH","slug":"cardinal-gmbh-es"}],"_links":{"self":[{"href":"https:\/\/cardinal-tapes.com\/es\/wp-json\/wp\/v2\/product\/54267","targetHints":{"allow":["GET"]}}],"collection":[{"href":"https:\/\/cardinal-tapes.com\/es\/wp-json\/wp\/v2\/product"}],"about":[{"href":"https:\/\/cardinal-tapes.com\/es\/wp-json\/wp\/v2\/types\/product"}],"wp:featuredmedia":[{"embeddable":true,"href":"https:\/\/cardinal-tapes.com\/es\/wp-json\/wp\/v2\/media\/26931"}],"wp:attachment":[{"href":"https:\/\/cardinal-tapes.com\/es\/wp-json\/wp\/v2\/media?parent=54267"}],"wp:term":[{"taxonomy":"pwb-brand","embeddable":true,"href":"https:\/\/cardinal-tapes.com\/es\/wp-json\/wp\/v2\/pwb-brand?post=54267"},{"taxonomy":"product_brand","embeddable":true,"href":"https:\/\/cardinal-tapes.com\/es\/wp-json\/wp\/v2\/product_brand?post=54267"},{"taxonomy":"product_cat","embeddable":true,"href":"https:\/\/cardinal-tapes.com\/es\/wp-json\/wp\/v2\/product_cat?post=54267"},{"taxonomy":"product_tag","embeddable":true,"href":"https:\/\/cardinal-tapes.com\/es\/wp-json\/wp\/v2\/product_tag?post=54267"}],"curies":[{"name":"wp","href":"https:\/\/api.w.org\/{rel}","templated":true}]}}