{"id":53432,"date":"2018-02-09T10:53:38","date_gmt":"2018-02-09T09:53:38","guid":{"rendered":"https:\/\/cardinal.pixel-tal.de\/klebebaender\/sin%20categor\u00eda\/tesa-4688-cinta-de-tejido-estandar\/"},"modified":"2025-07-03T15:16:52","modified_gmt":"2025-07-03T13:16:52","slug":"tesa-4688-standard-fabric-tape","status":"publish","type":"product","link":"https:\/\/cardinal-tapes.com\/es\/cintas-adhesivas\/ambitos-de-aplicacion\/industria-de-la-construccion\/tesa-4688-standard-fabric-tape\/","title":{"rendered":"tesa 4688 Cinta de tejido est\u00e1ndar"},"content":{"rendered":"<p><sup>tesaband\u00ae<\/sup> 4688 es una cinta de tejido est\u00e1ndar extruido con PE. Se compone de un tejido de 55 mallas de PET\/celulosa y un adhesivo de caucho natural. La cinta adhesiva 4688 es una cinta de reparaci\u00f3n t\u00edpica que puede utilizarse en una amplia gama de aplicaciones y tiene muy buenas propiedades de procesamiento.<\/p>\n<p><strong>Propiedades<\/strong><br \/>\n&#8211; Gran fuerza adhesiva, incluso en superficies rugosas<br \/>\n&#8211; Resistente al agua y al envejecimiento<br \/>\n&#8211; Firme, pero flexible<br \/>\n&#8211; F\u00e1cil de rasgar con la mano<br \/>\n&#8211; F\u00e1cil de desenrollar<\/p>\n<p><strong>Aplicaciones<\/strong><br \/>\n&#8211; Marcado, recubrimiento, embalaje, protecci\u00f3n, fijaci\u00f3n.<br \/>\n&#8211; Sellado de, por ejemplo, cajas de cart\u00f3n, latas.<br \/>\n&#8211; Pegado de l\u00e1minas de construcci\u00f3n.<br \/>\n&#8211; Agrupaci\u00f3n de cables.<br \/>\n&#8211; Empalme de l\u00e1minas.<\/p>\n","protected":false},"excerpt":{"rendered":"<p>tesaband\u00ae 4688 es una cinta de tejido est\u00e1ndar extruido con PE. Se compone de un tejido de 55 mallas de PET\/celulosa y un adhesivo de caucho natural. La cinta adhesiva 4688 es una cinta de reparaci\u00f3n t\u00edpica que puede utilizarse en una amplia gama de aplicaciones y tiene muy buenas propiedades de procesamiento. Propiedades &#8211; [&hellip;]<\/p>\n","protected":false},"featured_media":26099,"template":"","meta":{"_acf_changed":false},"pwb-brand":[2163],"product_brand":[],"product_cat":[1806,1699],"product_tag":[],"class_list":{"0":"post-53432","1":"product","2":"type-product","3":"status-publish","4":"has-post-thumbnail","6":"pwb-brand-tesa-es","7":"product_cat-cintas-adhesivas-de-una-cara","8":"product_cat-industria-de-la-construccion","10":"first","11":"instock","12":"taxable","13":"shipping-taxable","14":"purchasable","15":"product-type-variable"},"acf":[],"yoast_head":"<!-- This site is optimized with the Yoast SEO plugin v27.3 - https:\/\/yoast.com\/product\/yoast-seo-wordpress\/ -->\n<title>Tesa 4688 Standard Fabric Tape | Cardinal TAPES<\/title>\n<meta name=\"description\" content=\"Tesa 4939 es una cinta de tejido de PE. A menudo se utiliza como la t\u00edpica cinta de reparaci\u00f3n, que puede emplearse en diversas aplicaciones. M\u00e1s informaci\u00f3n.\" \/>\n<meta name=\"robots\" content=\"index, follow, max-snippet:-1, max-image-preview:large, max-video-preview:-1\" \/>\n<link rel=\"canonical\" href=\"https:\/\/cardinal-tapes.com\/es\/cintas-adhesivas\/ambitos-de-aplicacion\/industria-de-la-construccion\/tesa-4688-standard-fabric-tape\/\" \/>\n<meta property=\"og:locale\" content=\"es_ES\" \/>\n<meta property=\"og:type\" content=\"article\" \/>\n<meta property=\"og:title\" content=\"Tesa 4688 Standard Fabric Tape | Cardinal TAPES\" \/>\n<meta property=\"og:description\" content=\"Tesa 4939 es una cinta de tejido de PE. A menudo se utiliza como la t\u00edpica cinta de reparaci\u00f3n, que puede emplearse en diversas aplicaciones. M\u00e1s informaci\u00f3n.\" \/>\n<meta property=\"og:url\" content=\"https:\/\/cardinal-tapes.com\/es\/cintas-adhesivas\/ambitos-de-aplicacion\/industria-de-la-construccion\/tesa-4688-standard-fabric-tape\/\" \/>\n<meta property=\"og:site_name\" content=\"cardinal TAPES\" \/>\n<meta property=\"article:modified_time\" content=\"2025-07-03T13:16:52+00:00\" \/>\n<meta property=\"og:image\" content=\"https:\/\/cardinal-tapes.com\/wp-content\/uploads\/tesa-04688.jpg\" \/>\n\t<meta property=\"og:image:width\" content=\"600\" \/>\n\t<meta property=\"og:image:height\" content=\"600\" \/>\n\t<meta property=\"og:image:type\" content=\"image\/jpeg\" \/>\n<meta name=\"twitter:card\" content=\"summary_large_image\" \/>\n<meta name=\"twitter:label1\" content=\"Tiempo de lectura\" \/>\n\t<meta name=\"twitter:data1\" content=\"1 minuto\" \/>\n<script type=\"application\/ld+json\" class=\"yoast-schema-graph\">{\"@context\":\"https:\\\/\\\/schema.org\",\"@graph\":[{\"@type\":\"WebPage\",\"@id\":\"https:\\\/\\\/cardinal-tapes.com\\\/es\\\/cintas-adhesivas\\\/ambitos-de-aplicacion\\\/industria-de-la-construccion\\\/tesa-4688-standard-fabric-tape\\\/\",\"url\":\"https:\\\/\\\/cardinal-tapes.com\\\/es\\\/cintas-adhesivas\\\/ambitos-de-aplicacion\\\/industria-de-la-construccion\\\/tesa-4688-standard-fabric-tape\\\/\",\"name\":\"Tesa 4688 Standard Fabric Tape | Cardinal TAPES\",\"isPartOf\":{\"@id\":\"https:\\\/\\\/cardinal-tapes.com\\\/#website\"},\"primaryImageOfPage\":{\"@id\":\"https:\\\/\\\/cardinal-tapes.com\\\/es\\\/cintas-adhesivas\\\/ambitos-de-aplicacion\\\/industria-de-la-construccion\\\/tesa-4688-standard-fabric-tape\\\/#primaryimage\"},\"image\":{\"@id\":\"https:\\\/\\\/cardinal-tapes.com\\\/es\\\/cintas-adhesivas\\\/ambitos-de-aplicacion\\\/industria-de-la-construccion\\\/tesa-4688-standard-fabric-tape\\\/#primaryimage\"},\"thumbnailUrl\":\"https:\\\/\\\/cardinal-tapes.com\\\/wp-content\\\/uploads\\\/tesa-04688.jpg\",\"datePublished\":\"2018-02-09T09:53:38+00:00\",\"dateModified\":\"2025-07-03T13:16:52+00:00\",\"description\":\"Tesa 4939 es una cinta de tejido de PE. A menudo se utiliza como la t\u00edpica cinta de reparaci\u00f3n, que puede emplearse en diversas aplicaciones. M\u00e1s informaci\u00f3n.\",\"breadcrumb\":{\"@id\":\"https:\\\/\\\/cardinal-tapes.com\\\/es\\\/cintas-adhesivas\\\/ambitos-de-aplicacion\\\/industria-de-la-construccion\\\/tesa-4688-standard-fabric-tape\\\/#breadcrumb\"},\"inLanguage\":\"es\",\"potentialAction\":[{\"@type\":\"ReadAction\",\"target\":[\"https:\\\/\\\/cardinal-tapes.com\\\/es\\\/cintas-adhesivas\\\/ambitos-de-aplicacion\\\/industria-de-la-construccion\\\/tesa-4688-standard-fabric-tape\\\/\"]}]},{\"@type\":\"ImageObject\",\"inLanguage\":\"es\",\"@id\":\"https:\\\/\\\/cardinal-tapes.com\\\/es\\\/cintas-adhesivas\\\/ambitos-de-aplicacion\\\/industria-de-la-construccion\\\/tesa-4688-standard-fabric-tape\\\/#primaryimage\",\"url\":\"https:\\\/\\\/cardinal-tapes.com\\\/wp-content\\\/uploads\\\/tesa-04688.jpg\",\"contentUrl\":\"https:\\\/\\\/cardinal-tapes.com\\\/wp-content\\\/uploads\\\/tesa-04688.jpg\",\"width\":600,\"height\":600,\"caption\":\"tesa 4688\"},{\"@type\":\"BreadcrumbList\",\"@id\":\"https:\\\/\\\/cardinal-tapes.com\\\/es\\\/cintas-adhesivas\\\/ambitos-de-aplicacion\\\/industria-de-la-construccion\\\/tesa-4688-standard-fabric-tape\\\/#breadcrumb\",\"itemListElement\":[{\"@type\":\"ListItem\",\"position\":1,\"name\":\"Startseite\",\"item\":\"https:\\\/\\\/cardinal-tapes.com\\\/es\\\/\"},{\"@type\":\"ListItem\",\"position\":2,\"name\":\"Cintas adhesivas\",\"item\":\"https:\\\/\\\/cardinal-tapes.com\\\/es\\\/cintas-adhesivas-es\\\/\"},{\"@type\":\"ListItem\",\"position\":3,\"name\":\"Einseitige Klebeb\u00e4nder\",\"item\":\"https:\\\/\\\/cardinal-tapes.com\\\/kategorie\\\/einseitige-klebebaender\\\/\"},{\"@type\":\"ListItem\",\"position\":4,\"name\":\"tesa 4688 Cinta de tejido est\u00e1ndar\"}]},{\"@type\":\"WebSite\",\"@id\":\"https:\\\/\\\/cardinal-tapes.com\\\/#website\",\"url\":\"https:\\\/\\\/cardinal-tapes.com\\\/\",\"name\":\"cardinal TAPES\",\"description\":\"Klebetechnik aus Wuppertal\",\"potentialAction\":[{\"@type\":\"SearchAction\",\"target\":{\"@type\":\"EntryPoint\",\"urlTemplate\":\"https:\\\/\\\/cardinal-tapes.com\\\/?s={search_term_string}\"},\"query-input\":{\"@type\":\"PropertyValueSpecification\",\"valueRequired\":true,\"valueName\":\"search_term_string\"}}],\"inLanguage\":\"es\"}]}<\/script>\n<!-- \/ Yoast SEO plugin. -->","yoast_head_json":{"title":"Tesa 4688 Standard Fabric Tape | Cardinal TAPES","description":"Tesa 4939 es una cinta de tejido de PE. A menudo se utiliza como la t\u00edpica cinta de reparaci\u00f3n, que puede emplearse en diversas aplicaciones. M\u00e1s informaci\u00f3n.","robots":{"index":"index","follow":"follow","max-snippet":"max-snippet:-1","max-image-preview":"max-image-preview:large","max-video-preview":"max-video-preview:-1"},"canonical":"https:\/\/cardinal-tapes.com\/es\/cintas-adhesivas\/ambitos-de-aplicacion\/industria-de-la-construccion\/tesa-4688-standard-fabric-tape\/","og_locale":"es_ES","og_type":"article","og_title":"Tesa 4688 Standard Fabric Tape | Cardinal TAPES","og_description":"Tesa 4939 es una cinta de tejido de PE. A menudo se utiliza como la t\u00edpica cinta de reparaci\u00f3n, que puede emplearse en diversas aplicaciones. M\u00e1s informaci\u00f3n.","og_url":"https:\/\/cardinal-tapes.com\/es\/cintas-adhesivas\/ambitos-de-aplicacion\/industria-de-la-construccion\/tesa-4688-standard-fabric-tape\/","og_site_name":"cardinal TAPES","article_modified_time":"2025-07-03T13:16:52+00:00","og_image":[{"width":600,"height":600,"url":"https:\/\/cardinal-tapes.com\/wp-content\/uploads\/tesa-04688.jpg","type":"image\/jpeg"}],"twitter_card":"summary_large_image","twitter_misc":{"Tiempo de lectura":"1 minuto"},"schema":{"@context":"https:\/\/schema.org","@graph":[{"@type":"WebPage","@id":"https:\/\/cardinal-tapes.com\/es\/cintas-adhesivas\/ambitos-de-aplicacion\/industria-de-la-construccion\/tesa-4688-standard-fabric-tape\/","url":"https:\/\/cardinal-tapes.com\/es\/cintas-adhesivas\/ambitos-de-aplicacion\/industria-de-la-construccion\/tesa-4688-standard-fabric-tape\/","name":"Tesa 4688 Standard Fabric Tape | Cardinal TAPES","isPartOf":{"@id":"https:\/\/cardinal-tapes.com\/#website"},"primaryImageOfPage":{"@id":"https:\/\/cardinal-tapes.com\/es\/cintas-adhesivas\/ambitos-de-aplicacion\/industria-de-la-construccion\/tesa-4688-standard-fabric-tape\/#primaryimage"},"image":{"@id":"https:\/\/cardinal-tapes.com\/es\/cintas-adhesivas\/ambitos-de-aplicacion\/industria-de-la-construccion\/tesa-4688-standard-fabric-tape\/#primaryimage"},"thumbnailUrl":"https:\/\/cardinal-tapes.com\/wp-content\/uploads\/tesa-04688.jpg","datePublished":"2018-02-09T09:53:38+00:00","dateModified":"2025-07-03T13:16:52+00:00","description":"Tesa 4939 es una cinta de tejido de PE. A menudo se utiliza como la t\u00edpica cinta de reparaci\u00f3n, que puede emplearse en diversas aplicaciones. M\u00e1s informaci\u00f3n.","breadcrumb":{"@id":"https:\/\/cardinal-tapes.com\/es\/cintas-adhesivas\/ambitos-de-aplicacion\/industria-de-la-construccion\/tesa-4688-standard-fabric-tape\/#breadcrumb"},"inLanguage":"es","potentialAction":[{"@type":"ReadAction","target":["https:\/\/cardinal-tapes.com\/es\/cintas-adhesivas\/ambitos-de-aplicacion\/industria-de-la-construccion\/tesa-4688-standard-fabric-tape\/"]}]},{"@type":"ImageObject","inLanguage":"es","@id":"https:\/\/cardinal-tapes.com\/es\/cintas-adhesivas\/ambitos-de-aplicacion\/industria-de-la-construccion\/tesa-4688-standard-fabric-tape\/#primaryimage","url":"https:\/\/cardinal-tapes.com\/wp-content\/uploads\/tesa-04688.jpg","contentUrl":"https:\/\/cardinal-tapes.com\/wp-content\/uploads\/tesa-04688.jpg","width":600,"height":600,"caption":"tesa 4688"},{"@type":"BreadcrumbList","@id":"https:\/\/cardinal-tapes.com\/es\/cintas-adhesivas\/ambitos-de-aplicacion\/industria-de-la-construccion\/tesa-4688-standard-fabric-tape\/#breadcrumb","itemListElement":[{"@type":"ListItem","position":1,"name":"Startseite","item":"https:\/\/cardinal-tapes.com\/es\/"},{"@type":"ListItem","position":2,"name":"Cintas adhesivas","item":"https:\/\/cardinal-tapes.com\/es\/cintas-adhesivas-es\/"},{"@type":"ListItem","position":3,"name":"Einseitige Klebeb\u00e4nder","item":"https:\/\/cardinal-tapes.com\/kategorie\/einseitige-klebebaender\/"},{"@type":"ListItem","position":4,"name":"tesa 4688 Cinta de tejido est\u00e1ndar"}]},{"@type":"WebSite","@id":"https:\/\/cardinal-tapes.com\/#website","url":"https:\/\/cardinal-tapes.com\/","name":"cardinal TAPES","description":"Klebetechnik aus Wuppertal","potentialAction":[{"@type":"SearchAction","target":{"@type":"EntryPoint","urlTemplate":"https:\/\/cardinal-tapes.com\/?s={search_term_string}"},"query-input":{"@type":"PropertyValueSpecification","valueRequired":true,"valueName":"search_term_string"}}],"inLanguage":"es"}]}},"brands":[{"id":2163,"name":"tesa","slug":"tesa-es"}],"_links":{"self":[{"href":"https:\/\/cardinal-tapes.com\/es\/wp-json\/wp\/v2\/product\/53432","targetHints":{"allow":["GET"]}}],"collection":[{"href":"https:\/\/cardinal-tapes.com\/es\/wp-json\/wp\/v2\/product"}],"about":[{"href":"https:\/\/cardinal-tapes.com\/es\/wp-json\/wp\/v2\/types\/product"}],"wp:featuredmedia":[{"embeddable":true,"href":"https:\/\/cardinal-tapes.com\/es\/wp-json\/wp\/v2\/media\/26099"}],"wp:attachment":[{"href":"https:\/\/cardinal-tapes.com\/es\/wp-json\/wp\/v2\/media?parent=53432"}],"wp:term":[{"taxonomy":"pwb-brand","embeddable":true,"href":"https:\/\/cardinal-tapes.com\/es\/wp-json\/wp\/v2\/pwb-brand?post=53432"},{"taxonomy":"product_brand","embeddable":true,"href":"https:\/\/cardinal-tapes.com\/es\/wp-json\/wp\/v2\/product_brand?post=53432"},{"taxonomy":"product_cat","embeddable":true,"href":"https:\/\/cardinal-tapes.com\/es\/wp-json\/wp\/v2\/product_cat?post=53432"},{"taxonomy":"product_tag","embeddable":true,"href":"https:\/\/cardinal-tapes.com\/es\/wp-json\/wp\/v2\/product_tag?post=53432"}],"curies":[{"name":"wp","href":"https:\/\/api.w.org\/{rel}","templated":true}]}}