{"id":53120,"date":"2018-01-26T12:29:50","date_gmt":"2023-06-05T15:20:38","guid":{"rendered":"https:\/\/cardinal.pixel-tal.de\/klebebaender\/sin%20categor\u00eda\/3m-cinta-de-enmascarar-de-poliester-8905\/"},"modified":"2025-07-03T14:06:33","modified_gmt":"2025-07-03T12:06:33","slug":"3m-8905-polyester-cover-tapes","status":"publish","type":"product","link":"https:\/\/cardinal-tapes.com\/es\/cintas-adhesivas\/cintas-adhesivas-de-una-cara\/3m-8905-polyester-cover-tapes\/","title":{"rendered":"3M\u2122 Cinta de enmascarar de poli\u00e9ster 8905"},"content":{"rendered":"<p>3M\u2122 Polyester Tape 8905 es la cinta m\u00e1s gruesa de la serie 8900 y es una cinta de poli\u00e9ster de alta resistencia ideal para enmascarar a altas temperaturas. El portabeb\u00e9s es resistente al desgarro y de color azul transl\u00facido para facilitar su colocaci\u00f3n. Recubierta con un adhesivo de silicona, esta cinta es ideal para enmascarar para el recubrimiento en polvo y crear l\u00edneas de color n\u00edtidas.<\/p>\n<p><strong>Propiedades<\/strong><br \/>\nLa cinta adhesiva 8905 se caracteriza por una buena resistencia qu\u00edmica y funciona eficazmente en procesos qu\u00edmicos y en condiciones exigentes, como el anodizado. El adhesivo de silicona sensible a la presi\u00f3n funciona bien en una amplia gama de temperaturas, de 50\u00b0C a 204\u00b0C, y el reverso azul transl\u00facido tambi\u00e9n es resistente al desgarro. Adem\u00e1s, puede retirarse limpiamente y de una sola pieza de la mayor\u00eda de las superficies y evita resbalones y desgarros.<\/p>\n<p><strong>Aplicaciones<\/strong><br \/>\n&#8211; Para cubrir piezas de trabajo durante el recubrimiento en polvo<br \/>\n&#8211; Para empalmar revestimientos, pel\u00edculas y papeles de silicona<br \/>\n&#8211; Adecuado como barrera para separar metales distintos<\/p>\n","protected":false},"excerpt":{"rendered":"<p>3M\u2122 Polyester Tape 8905 es la cinta m\u00e1s gruesa de la serie 8900 y es una cinta de poli\u00e9ster de alta resistencia ideal para enmascarar a altas temperaturas. El portabeb\u00e9s es resistente al desgarro y de color azul transl\u00facido para facilitar su colocaci\u00f3n. Recubierta con un adhesivo de silicona, esta cinta es ideal para enmascarar [&hellip;]<\/p>\n","protected":false},"featured_media":24435,"template":"","meta":{"_acf_changed":false},"pwb-brand":[2169],"product_brand":[],"product_cat":[1806],"product_tag":[],"class_list":{"0":"post-53120","1":"product","2":"type-product","3":"status-publish","4":"has-post-thumbnail","6":"pwb-brand-3m-es","7":"product_cat-cintas-adhesivas-de-una-cara","9":"first","10":"instock","11":"taxable","12":"shipping-taxable","13":"purchasable","14":"product-type-variable"},"acf":[],"yoast_head":"<!-- This site is optimized with the Yoast SEO plugin v27.3 - https:\/\/yoast.com\/product\/yoast-seo-wordpress\/ -->\n<title>3M\u2122 8905 Cinta de enmascarar de poli\u00e9ster | Cardinal TAPES<\/title>\n<meta name=\"description\" content=\"Nuestra cinta m\u00e1s gruesa de la serie 8900, 3M\u2122 Polyester Tape 8905 es una cinta de poli\u00e9ster de alta resistencia ideal para enmascarar a altas temperaturas.\" \/>\n<meta name=\"robots\" content=\"index, follow, max-snippet:-1, max-image-preview:large, max-video-preview:-1\" \/>\n<link rel=\"canonical\" href=\"https:\/\/cardinal-tapes.com\/es\/cintas-adhesivas\/cintas-adhesivas-de-una-cara\/3m-8905-polyester-cover-tapes\/\" \/>\n<meta property=\"og:locale\" content=\"es_ES\" \/>\n<meta property=\"og:type\" content=\"article\" \/>\n<meta property=\"og:title\" content=\"3M\u2122 8905 Cinta de enmascarar de poli\u00e9ster | Cardinal TAPES\" \/>\n<meta property=\"og:description\" content=\"Nuestra cinta m\u00e1s gruesa de la serie 8900, 3M\u2122 Polyester Tape 8905 es una cinta de poli\u00e9ster de alta resistencia ideal para enmascarar a altas temperaturas.\" \/>\n<meta property=\"og:url\" content=\"https:\/\/cardinal-tapes.com\/es\/cintas-adhesivas\/cintas-adhesivas-de-una-cara\/3m-8905-polyester-cover-tapes\/\" \/>\n<meta property=\"og:site_name\" content=\"cardinal TAPES\" \/>\n<meta property=\"article:modified_time\" content=\"2025-07-03T12:06:33+00:00\" \/>\n<meta property=\"og:image\" content=\"https:\/\/cardinal-tapes.com\/wp-content\/uploads\/3m_polyester_abdeck_pulverlackierung_8901.jpg\" \/>\n\t<meta property=\"og:image:width\" content=\"600\" \/>\n\t<meta property=\"og:image:height\" content=\"600\" \/>\n\t<meta property=\"og:image:type\" content=\"image\/jpeg\" \/>\n<meta name=\"twitter:card\" content=\"summary_large_image\" \/>\n<meta name=\"twitter:label1\" content=\"Tiempo de lectura\" \/>\n\t<meta name=\"twitter:data1\" content=\"1 minuto\" \/>\n<script type=\"application\/ld+json\" class=\"yoast-schema-graph\">{\"@context\":\"https:\\\/\\\/schema.org\",\"@graph\":[{\"@type\":\"WebPage\",\"@id\":\"https:\\\/\\\/cardinal-tapes.com\\\/es\\\/cintas-adhesivas\\\/cintas-adhesivas-de-una-cara\\\/3m-8905-polyester-cover-tapes\\\/\",\"url\":\"https:\\\/\\\/cardinal-tapes.com\\\/es\\\/cintas-adhesivas\\\/cintas-adhesivas-de-una-cara\\\/3m-8905-polyester-cover-tapes\\\/\",\"name\":\"3M\u2122 8905 Cinta de enmascarar de poli\u00e9ster | Cardinal TAPES\",\"isPartOf\":{\"@id\":\"https:\\\/\\\/cardinal-tapes.com\\\/#website\"},\"primaryImageOfPage\":{\"@id\":\"https:\\\/\\\/cardinal-tapes.com\\\/es\\\/cintas-adhesivas\\\/cintas-adhesivas-de-una-cara\\\/3m-8905-polyester-cover-tapes\\\/#primaryimage\"},\"image\":{\"@id\":\"https:\\\/\\\/cardinal-tapes.com\\\/es\\\/cintas-adhesivas\\\/cintas-adhesivas-de-una-cara\\\/3m-8905-polyester-cover-tapes\\\/#primaryimage\"},\"thumbnailUrl\":\"https:\\\/\\\/cardinal-tapes.com\\\/wp-content\\\/uploads\\\/3m_polyester_abdeck_pulverlackierung_8901.jpg\",\"datePublished\":\"2023-06-05T15:20:38+00:00\",\"dateModified\":\"2025-07-03T12:06:33+00:00\",\"description\":\"Nuestra cinta m\u00e1s gruesa de la serie 8900, 3M\u2122 Polyester Tape 8905 es una cinta de poli\u00e9ster de alta resistencia ideal para enmascarar a altas temperaturas.\",\"breadcrumb\":{\"@id\":\"https:\\\/\\\/cardinal-tapes.com\\\/es\\\/cintas-adhesivas\\\/cintas-adhesivas-de-una-cara\\\/3m-8905-polyester-cover-tapes\\\/#breadcrumb\"},\"inLanguage\":\"es\",\"potentialAction\":[{\"@type\":\"ReadAction\",\"target\":[\"https:\\\/\\\/cardinal-tapes.com\\\/es\\\/cintas-adhesivas\\\/cintas-adhesivas-de-una-cara\\\/3m-8905-polyester-cover-tapes\\\/\"]}]},{\"@type\":\"ImageObject\",\"inLanguage\":\"es\",\"@id\":\"https:\\\/\\\/cardinal-tapes.com\\\/es\\\/cintas-adhesivas\\\/cintas-adhesivas-de-una-cara\\\/3m-8905-polyester-cover-tapes\\\/#primaryimage\",\"url\":\"https:\\\/\\\/cardinal-tapes.com\\\/wp-content\\\/uploads\\\/3m_polyester_abdeck_pulverlackierung_8901.jpg\",\"contentUrl\":\"https:\\\/\\\/cardinal-tapes.com\\\/wp-content\\\/uploads\\\/3m_polyester_abdeck_pulverlackierung_8901.jpg\",\"width\":600,\"height\":600,\"caption\":\"3M Cinta de enmascarar de poli\u00e9ster 8901\"},{\"@type\":\"BreadcrumbList\",\"@id\":\"https:\\\/\\\/cardinal-tapes.com\\\/es\\\/cintas-adhesivas\\\/cintas-adhesivas-de-una-cara\\\/3m-8905-polyester-cover-tapes\\\/#breadcrumb\",\"itemListElement\":[{\"@type\":\"ListItem\",\"position\":1,\"name\":\"Startseite\",\"item\":\"https:\\\/\\\/cardinal-tapes.com\\\/es\\\/\"},{\"@type\":\"ListItem\",\"position\":2,\"name\":\"Cintas adhesivas\",\"item\":\"https:\\\/\\\/cardinal-tapes.com\\\/es\\\/cintas-adhesivas-es\\\/\"},{\"@type\":\"ListItem\",\"position\":3,\"name\":\"Cintas adhesivas de una cara\",\"item\":\"https:\\\/\\\/cardinal-tapes.com\\\/es\\\/categora\\\/cintas-adhesivas-de-una-cara\\\/\"},{\"@type\":\"ListItem\",\"position\":4,\"name\":\"3M\u2122 Cinta de enmascarar de poli\u00e9ster 8905\"}]},{\"@type\":\"WebSite\",\"@id\":\"https:\\\/\\\/cardinal-tapes.com\\\/#website\",\"url\":\"https:\\\/\\\/cardinal-tapes.com\\\/\",\"name\":\"cardinal TAPES\",\"description\":\"Klebetechnik aus Wuppertal\",\"potentialAction\":[{\"@type\":\"SearchAction\",\"target\":{\"@type\":\"EntryPoint\",\"urlTemplate\":\"https:\\\/\\\/cardinal-tapes.com\\\/?s={search_term_string}\"},\"query-input\":{\"@type\":\"PropertyValueSpecification\",\"valueRequired\":true,\"valueName\":\"search_term_string\"}}],\"inLanguage\":\"es\"}]}<\/script>\n<!-- \/ Yoast SEO plugin. -->","yoast_head_json":{"title":"3M\u2122 8905 Cinta de enmascarar de poli\u00e9ster | Cardinal TAPES","description":"Nuestra cinta m\u00e1s gruesa de la serie 8900, 3M\u2122 Polyester Tape 8905 es una cinta de poli\u00e9ster de alta resistencia ideal para enmascarar a altas temperaturas.","robots":{"index":"index","follow":"follow","max-snippet":"max-snippet:-1","max-image-preview":"max-image-preview:large","max-video-preview":"max-video-preview:-1"},"canonical":"https:\/\/cardinal-tapes.com\/es\/cintas-adhesivas\/cintas-adhesivas-de-una-cara\/3m-8905-polyester-cover-tapes\/","og_locale":"es_ES","og_type":"article","og_title":"3M\u2122 8905 Cinta de enmascarar de poli\u00e9ster | Cardinal TAPES","og_description":"Nuestra cinta m\u00e1s gruesa de la serie 8900, 3M\u2122 Polyester Tape 8905 es una cinta de poli\u00e9ster de alta resistencia ideal para enmascarar a altas temperaturas.","og_url":"https:\/\/cardinal-tapes.com\/es\/cintas-adhesivas\/cintas-adhesivas-de-una-cara\/3m-8905-polyester-cover-tapes\/","og_site_name":"cardinal TAPES","article_modified_time":"2025-07-03T12:06:33+00:00","og_image":[{"width":600,"height":600,"url":"https:\/\/cardinal-tapes.com\/wp-content\/uploads\/3m_polyester_abdeck_pulverlackierung_8901.jpg","type":"image\/jpeg"}],"twitter_card":"summary_large_image","twitter_misc":{"Tiempo de lectura":"1 minuto"},"schema":{"@context":"https:\/\/schema.org","@graph":[{"@type":"WebPage","@id":"https:\/\/cardinal-tapes.com\/es\/cintas-adhesivas\/cintas-adhesivas-de-una-cara\/3m-8905-polyester-cover-tapes\/","url":"https:\/\/cardinal-tapes.com\/es\/cintas-adhesivas\/cintas-adhesivas-de-una-cara\/3m-8905-polyester-cover-tapes\/","name":"3M\u2122 8905 Cinta de enmascarar de poli\u00e9ster | Cardinal TAPES","isPartOf":{"@id":"https:\/\/cardinal-tapes.com\/#website"},"primaryImageOfPage":{"@id":"https:\/\/cardinal-tapes.com\/es\/cintas-adhesivas\/cintas-adhesivas-de-una-cara\/3m-8905-polyester-cover-tapes\/#primaryimage"},"image":{"@id":"https:\/\/cardinal-tapes.com\/es\/cintas-adhesivas\/cintas-adhesivas-de-una-cara\/3m-8905-polyester-cover-tapes\/#primaryimage"},"thumbnailUrl":"https:\/\/cardinal-tapes.com\/wp-content\/uploads\/3m_polyester_abdeck_pulverlackierung_8901.jpg","datePublished":"2023-06-05T15:20:38+00:00","dateModified":"2025-07-03T12:06:33+00:00","description":"Nuestra cinta m\u00e1s gruesa de la serie 8900, 3M\u2122 Polyester Tape 8905 es una cinta de poli\u00e9ster de alta resistencia ideal para enmascarar a altas temperaturas.","breadcrumb":{"@id":"https:\/\/cardinal-tapes.com\/es\/cintas-adhesivas\/cintas-adhesivas-de-una-cara\/3m-8905-polyester-cover-tapes\/#breadcrumb"},"inLanguage":"es","potentialAction":[{"@type":"ReadAction","target":["https:\/\/cardinal-tapes.com\/es\/cintas-adhesivas\/cintas-adhesivas-de-una-cara\/3m-8905-polyester-cover-tapes\/"]}]},{"@type":"ImageObject","inLanguage":"es","@id":"https:\/\/cardinal-tapes.com\/es\/cintas-adhesivas\/cintas-adhesivas-de-una-cara\/3m-8905-polyester-cover-tapes\/#primaryimage","url":"https:\/\/cardinal-tapes.com\/wp-content\/uploads\/3m_polyester_abdeck_pulverlackierung_8901.jpg","contentUrl":"https:\/\/cardinal-tapes.com\/wp-content\/uploads\/3m_polyester_abdeck_pulverlackierung_8901.jpg","width":600,"height":600,"caption":"3M Cinta de enmascarar de poli\u00e9ster 8901"},{"@type":"BreadcrumbList","@id":"https:\/\/cardinal-tapes.com\/es\/cintas-adhesivas\/cintas-adhesivas-de-una-cara\/3m-8905-polyester-cover-tapes\/#breadcrumb","itemListElement":[{"@type":"ListItem","position":1,"name":"Startseite","item":"https:\/\/cardinal-tapes.com\/es\/"},{"@type":"ListItem","position":2,"name":"Cintas adhesivas","item":"https:\/\/cardinal-tapes.com\/es\/cintas-adhesivas-es\/"},{"@type":"ListItem","position":3,"name":"Cintas adhesivas de una cara","item":"https:\/\/cardinal-tapes.com\/es\/categora\/cintas-adhesivas-de-una-cara\/"},{"@type":"ListItem","position":4,"name":"3M\u2122 Cinta de enmascarar de poli\u00e9ster 8905"}]},{"@type":"WebSite","@id":"https:\/\/cardinal-tapes.com\/#website","url":"https:\/\/cardinal-tapes.com\/","name":"cardinal TAPES","description":"Klebetechnik aus Wuppertal","potentialAction":[{"@type":"SearchAction","target":{"@type":"EntryPoint","urlTemplate":"https:\/\/cardinal-tapes.com\/?s={search_term_string}"},"query-input":{"@type":"PropertyValueSpecification","valueRequired":true,"valueName":"search_term_string"}}],"inLanguage":"es"}]}},"brands":[{"id":2169,"name":"3M","slug":"3m-es"}],"_links":{"self":[{"href":"https:\/\/cardinal-tapes.com\/es\/wp-json\/wp\/v2\/product\/53120","targetHints":{"allow":["GET"]}}],"collection":[{"href":"https:\/\/cardinal-tapes.com\/es\/wp-json\/wp\/v2\/product"}],"about":[{"href":"https:\/\/cardinal-tapes.com\/es\/wp-json\/wp\/v2\/types\/product"}],"wp:featuredmedia":[{"embeddable":true,"href":"https:\/\/cardinal-tapes.com\/es\/wp-json\/wp\/v2\/media\/24435"}],"wp:attachment":[{"href":"https:\/\/cardinal-tapes.com\/es\/wp-json\/wp\/v2\/media?parent=53120"}],"wp:term":[{"taxonomy":"pwb-brand","embeddable":true,"href":"https:\/\/cardinal-tapes.com\/es\/wp-json\/wp\/v2\/pwb-brand?post=53120"},{"taxonomy":"product_brand","embeddable":true,"href":"https:\/\/cardinal-tapes.com\/es\/wp-json\/wp\/v2\/product_brand?post=53120"},{"taxonomy":"product_cat","embeddable":true,"href":"https:\/\/cardinal-tapes.com\/es\/wp-json\/wp\/v2\/product_cat?post=53120"},{"taxonomy":"product_tag","embeddable":true,"href":"https:\/\/cardinal-tapes.com\/es\/wp-json\/wp\/v2\/product_tag?post=53120"}],"curies":[{"name":"wp","href":"https:\/\/api.w.org\/{rel}","templated":true}]}}