{"id":53047,"date":"2018-01-26T15:05:10","date_gmt":"2023-06-05T15:20:37","guid":{"rendered":"https:\/\/cardinal.pixel-tal.de\/klebebaender\/sin%20categor\u00eda\/3m-cinta-de-poliester-8422\/"},"modified":"2025-07-03T14:06:33","modified_gmt":"2025-07-03T12:06:33","slug":"3m-8422-polyester-klebeband","status":"publish","type":"product","link":"https:\/\/cardinal-tapes.com\/es\/cintas-adhesivas\/cintas-adhesivas-de-una-cara\/3m-8422-polyester-klebeband\/","title":{"rendered":"3M\u2122 Cinta de poli\u00e9ster 8422"},"content":{"rendered":"<p>La 3M\u2122 8422 es ideal para empalmar la mayor\u00eda de las pel\u00edculas fotogr\u00e1ficas para su procesamiento mediante productos qu\u00edmicos reveladores. El material de soporte duradero de la cinta de poli\u00e9ster 8422 de 3M\u2122 tiene un reverso negro opaco y permite la detecci\u00f3n de empalmes con sensores y dispositivos autom\u00e1ticos. Tambi\u00e9n proporciona una protecci\u00f3n adicional contra la abrasi\u00f3n para el precinto, el borde y el c\u00f3digo de colores.<\/p>\n<p><strong>Propiedades<br \/>\n<\/strong>El adhesivo de resina de caucho se adhiere bien a una amplia gama de pel\u00edculas fotogr\u00e1ficas, ofrece una excelente resistencia qu\u00edmica y a los disolventes y presenta una elevada resistencia al cizallamiento. Adem\u00e1s, la cinta sigue siendo flexible a 50\u00b0C y es dimensionalmente estable hasta una temperatura de 150\u00b0C.<\/p>\n<p><b>Aplicaciones<br \/>\n<\/b>&#8211; Enmascaramiento durante el recubrimiento electrost\u00e1tico en polvo<br \/>\n&#8211; Enmascaramiento durante procesos de grabado y anodizado<br \/>\n&#8211; Fijaci\u00f3n de piezas durante procesos de autoclave<br \/>\n&#8211; Empalme de papeles protectores siliconados<\/p>\n","protected":false},"excerpt":{"rendered":"<p>La 3M\u2122 8422 es ideal para empalmar la mayor\u00eda de las pel\u00edculas fotogr\u00e1ficas para su procesamiento mediante productos qu\u00edmicos reveladores. El material de soporte duradero de la cinta de poli\u00e9ster 8422 de 3M\u2122 tiene un reverso negro opaco y permite la detecci\u00f3n de empalmes con sensores y dispositivos autom\u00e1ticos. Tambi\u00e9n proporciona una protecci\u00f3n adicional contra [&hellip;]<\/p>\n","protected":false},"featured_media":27231,"template":"","meta":{"_acf_changed":false},"pwb-brand":[2169],"product_brand":[],"product_cat":[1806],"product_tag":[],"class_list":{"0":"post-53047","1":"product","2":"type-product","3":"status-publish","4":"has-post-thumbnail","6":"pwb-brand-3m-es","7":"product_cat-cintas-adhesivas-de-una-cara","9":"first","10":"outofstock","11":"taxable","12":"shipping-taxable","13":"product-type-variable"},"acf":[],"yoast_head":"<!-- This site is optimized with the Yoast SEO plugin v27.3 - https:\/\/yoast.com\/product\/yoast-seo-wordpress\/ -->\n<title>3M\u2122 8422 Cinta de poli\u00e9ster | Cardinal TAPES<\/title>\n<meta name=\"description\" content=\"3M\u2122 8422 es ideal para empalmar la mayor\u00eda de las pel\u00edculas fotogr\u00e1ficas para su procesamiento mediante productos qu\u00edmicos reveladores.\" \/>\n<meta name=\"robots\" content=\"index, follow, max-snippet:-1, max-image-preview:large, max-video-preview:-1\" \/>\n<link rel=\"canonical\" href=\"https:\/\/cardinal-tapes.com\/es\/cintas-adhesivas\/cintas-adhesivas-de-una-cara\/3m-8422-polyester-klebeband\/\" \/>\n<meta property=\"og:locale\" content=\"es_ES\" \/>\n<meta property=\"og:type\" content=\"article\" \/>\n<meta property=\"og:title\" content=\"3M\u2122 8422 Cinta de poli\u00e9ster | Cardinal TAPES\" \/>\n<meta property=\"og:description\" content=\"3M\u2122 8422 es ideal para empalmar la mayor\u00eda de las pel\u00edculas fotogr\u00e1ficas para su procesamiento mediante productos qu\u00edmicos reveladores.\" \/>\n<meta property=\"og:url\" content=\"https:\/\/cardinal-tapes.com\/es\/cintas-adhesivas\/cintas-adhesivas-de-una-cara\/3m-8422-polyester-klebeband\/\" \/>\n<meta property=\"og:site_name\" content=\"cardinal TAPES\" \/>\n<meta property=\"article:modified_time\" content=\"2025-07-03T12:06:33+00:00\" \/>\n<meta property=\"og:image\" content=\"https:\/\/cardinal-tapes.com\/wp-content\/uploads\/3m_8422_Z-scaled.jpg\" \/>\n\t<meta property=\"og:image:width\" content=\"2535\" \/>\n\t<meta property=\"og:image:height\" content=\"2560\" \/>\n\t<meta property=\"og:image:type\" content=\"image\/jpeg\" \/>\n<meta name=\"twitter:card\" content=\"summary_large_image\" \/>\n<meta name=\"twitter:label1\" content=\"Tiempo de lectura\" \/>\n\t<meta name=\"twitter:data1\" content=\"1 minuto\" \/>\n<script type=\"application\/ld+json\" class=\"yoast-schema-graph\">{\"@context\":\"https:\\\/\\\/schema.org\",\"@graph\":[{\"@type\":\"WebPage\",\"@id\":\"https:\\\/\\\/cardinal-tapes.com\\\/es\\\/cintas-adhesivas\\\/cintas-adhesivas-de-una-cara\\\/3m-8422-polyester-klebeband\\\/\",\"url\":\"https:\\\/\\\/cardinal-tapes.com\\\/es\\\/cintas-adhesivas\\\/cintas-adhesivas-de-una-cara\\\/3m-8422-polyester-klebeband\\\/\",\"name\":\"3M\u2122 8422 Cinta de poli\u00e9ster | Cardinal TAPES\",\"isPartOf\":{\"@id\":\"https:\\\/\\\/cardinal-tapes.com\\\/#website\"},\"primaryImageOfPage\":{\"@id\":\"https:\\\/\\\/cardinal-tapes.com\\\/es\\\/cintas-adhesivas\\\/cintas-adhesivas-de-una-cara\\\/3m-8422-polyester-klebeband\\\/#primaryimage\"},\"image\":{\"@id\":\"https:\\\/\\\/cardinal-tapes.com\\\/es\\\/cintas-adhesivas\\\/cintas-adhesivas-de-una-cara\\\/3m-8422-polyester-klebeband\\\/#primaryimage\"},\"thumbnailUrl\":\"https:\\\/\\\/cardinal-tapes.com\\\/wp-content\\\/uploads\\\/3m_8422_Z-scaled.jpg\",\"datePublished\":\"2023-06-05T15:20:37+00:00\",\"dateModified\":\"2025-07-03T12:06:33+00:00\",\"description\":\"3M\u2122 8422 es ideal para empalmar la mayor\u00eda de las pel\u00edculas fotogr\u00e1ficas para su procesamiento mediante productos qu\u00edmicos reveladores.\",\"breadcrumb\":{\"@id\":\"https:\\\/\\\/cardinal-tapes.com\\\/es\\\/cintas-adhesivas\\\/cintas-adhesivas-de-una-cara\\\/3m-8422-polyester-klebeband\\\/#breadcrumb\"},\"inLanguage\":\"es\",\"potentialAction\":[{\"@type\":\"ReadAction\",\"target\":[\"https:\\\/\\\/cardinal-tapes.com\\\/es\\\/cintas-adhesivas\\\/cintas-adhesivas-de-una-cara\\\/3m-8422-polyester-klebeband\\\/\"]}]},{\"@type\":\"ImageObject\",\"inLanguage\":\"es\",\"@id\":\"https:\\\/\\\/cardinal-tapes.com\\\/es\\\/cintas-adhesivas\\\/cintas-adhesivas-de-una-cara\\\/3m-8422-polyester-klebeband\\\/#primaryimage\",\"url\":\"https:\\\/\\\/cardinal-tapes.com\\\/wp-content\\\/uploads\\\/3m_8422_Z-scaled.jpg\",\"contentUrl\":\"https:\\\/\\\/cardinal-tapes.com\\\/wp-content\\\/uploads\\\/3m_8422_Z-scaled.jpg\",\"width\":2535,\"height\":2560,\"caption\":\"3M 8422 Z Cintas Cardinales\"},{\"@type\":\"BreadcrumbList\",\"@id\":\"https:\\\/\\\/cardinal-tapes.com\\\/es\\\/cintas-adhesivas\\\/cintas-adhesivas-de-una-cara\\\/3m-8422-polyester-klebeband\\\/#breadcrumb\",\"itemListElement\":[{\"@type\":\"ListItem\",\"position\":1,\"name\":\"Startseite\",\"item\":\"https:\\\/\\\/cardinal-tapes.com\\\/es\\\/\"},{\"@type\":\"ListItem\",\"position\":2,\"name\":\"Cintas adhesivas\",\"item\":\"https:\\\/\\\/cardinal-tapes.com\\\/es\\\/cintas-adhesivas-es\\\/\"},{\"@type\":\"ListItem\",\"position\":3,\"name\":\"Cintas adhesivas de una cara\",\"item\":\"https:\\\/\\\/cardinal-tapes.com\\\/es\\\/categora\\\/cintas-adhesivas-de-una-cara\\\/\"},{\"@type\":\"ListItem\",\"position\":4,\"name\":\"3M\u2122 Cinta de poli\u00e9ster 8422\"}]},{\"@type\":\"WebSite\",\"@id\":\"https:\\\/\\\/cardinal-tapes.com\\\/#website\",\"url\":\"https:\\\/\\\/cardinal-tapes.com\\\/\",\"name\":\"cardinal TAPES\",\"description\":\"Klebetechnik aus Wuppertal\",\"potentialAction\":[{\"@type\":\"SearchAction\",\"target\":{\"@type\":\"EntryPoint\",\"urlTemplate\":\"https:\\\/\\\/cardinal-tapes.com\\\/?s={search_term_string}\"},\"query-input\":{\"@type\":\"PropertyValueSpecification\",\"valueRequired\":true,\"valueName\":\"search_term_string\"}}],\"inLanguage\":\"es\"}]}<\/script>\n<!-- \/ Yoast SEO plugin. -->","yoast_head_json":{"title":"3M\u2122 8422 Cinta de poli\u00e9ster | Cardinal TAPES","description":"3M\u2122 8422 es ideal para empalmar la mayor\u00eda de las pel\u00edculas fotogr\u00e1ficas para su procesamiento mediante productos qu\u00edmicos reveladores.","robots":{"index":"index","follow":"follow","max-snippet":"max-snippet:-1","max-image-preview":"max-image-preview:large","max-video-preview":"max-video-preview:-1"},"canonical":"https:\/\/cardinal-tapes.com\/es\/cintas-adhesivas\/cintas-adhesivas-de-una-cara\/3m-8422-polyester-klebeband\/","og_locale":"es_ES","og_type":"article","og_title":"3M\u2122 8422 Cinta de poli\u00e9ster | Cardinal TAPES","og_description":"3M\u2122 8422 es ideal para empalmar la mayor\u00eda de las pel\u00edculas fotogr\u00e1ficas para su procesamiento mediante productos qu\u00edmicos reveladores.","og_url":"https:\/\/cardinal-tapes.com\/es\/cintas-adhesivas\/cintas-adhesivas-de-una-cara\/3m-8422-polyester-klebeband\/","og_site_name":"cardinal TAPES","article_modified_time":"2025-07-03T12:06:33+00:00","og_image":[{"width":2535,"height":2560,"url":"https:\/\/cardinal-tapes.com\/wp-content\/uploads\/3m_8422_Z-scaled.jpg","type":"image\/jpeg"}],"twitter_card":"summary_large_image","twitter_misc":{"Tiempo de lectura":"1 minuto"},"schema":{"@context":"https:\/\/schema.org","@graph":[{"@type":"WebPage","@id":"https:\/\/cardinal-tapes.com\/es\/cintas-adhesivas\/cintas-adhesivas-de-una-cara\/3m-8422-polyester-klebeband\/","url":"https:\/\/cardinal-tapes.com\/es\/cintas-adhesivas\/cintas-adhesivas-de-una-cara\/3m-8422-polyester-klebeband\/","name":"3M\u2122 8422 Cinta de poli\u00e9ster | Cardinal TAPES","isPartOf":{"@id":"https:\/\/cardinal-tapes.com\/#website"},"primaryImageOfPage":{"@id":"https:\/\/cardinal-tapes.com\/es\/cintas-adhesivas\/cintas-adhesivas-de-una-cara\/3m-8422-polyester-klebeband\/#primaryimage"},"image":{"@id":"https:\/\/cardinal-tapes.com\/es\/cintas-adhesivas\/cintas-adhesivas-de-una-cara\/3m-8422-polyester-klebeband\/#primaryimage"},"thumbnailUrl":"https:\/\/cardinal-tapes.com\/wp-content\/uploads\/3m_8422_Z-scaled.jpg","datePublished":"2023-06-05T15:20:37+00:00","dateModified":"2025-07-03T12:06:33+00:00","description":"3M\u2122 8422 es ideal para empalmar la mayor\u00eda de las pel\u00edculas fotogr\u00e1ficas para su procesamiento mediante productos qu\u00edmicos reveladores.","breadcrumb":{"@id":"https:\/\/cardinal-tapes.com\/es\/cintas-adhesivas\/cintas-adhesivas-de-una-cara\/3m-8422-polyester-klebeband\/#breadcrumb"},"inLanguage":"es","potentialAction":[{"@type":"ReadAction","target":["https:\/\/cardinal-tapes.com\/es\/cintas-adhesivas\/cintas-adhesivas-de-una-cara\/3m-8422-polyester-klebeband\/"]}]},{"@type":"ImageObject","inLanguage":"es","@id":"https:\/\/cardinal-tapes.com\/es\/cintas-adhesivas\/cintas-adhesivas-de-una-cara\/3m-8422-polyester-klebeband\/#primaryimage","url":"https:\/\/cardinal-tapes.com\/wp-content\/uploads\/3m_8422_Z-scaled.jpg","contentUrl":"https:\/\/cardinal-tapes.com\/wp-content\/uploads\/3m_8422_Z-scaled.jpg","width":2535,"height":2560,"caption":"3M 8422 Z Cintas Cardinales"},{"@type":"BreadcrumbList","@id":"https:\/\/cardinal-tapes.com\/es\/cintas-adhesivas\/cintas-adhesivas-de-una-cara\/3m-8422-polyester-klebeband\/#breadcrumb","itemListElement":[{"@type":"ListItem","position":1,"name":"Startseite","item":"https:\/\/cardinal-tapes.com\/es\/"},{"@type":"ListItem","position":2,"name":"Cintas adhesivas","item":"https:\/\/cardinal-tapes.com\/es\/cintas-adhesivas-es\/"},{"@type":"ListItem","position":3,"name":"Cintas adhesivas de una cara","item":"https:\/\/cardinal-tapes.com\/es\/categora\/cintas-adhesivas-de-una-cara\/"},{"@type":"ListItem","position":4,"name":"3M\u2122 Cinta de poli\u00e9ster 8422"}]},{"@type":"WebSite","@id":"https:\/\/cardinal-tapes.com\/#website","url":"https:\/\/cardinal-tapes.com\/","name":"cardinal TAPES","description":"Klebetechnik aus Wuppertal","potentialAction":[{"@type":"SearchAction","target":{"@type":"EntryPoint","urlTemplate":"https:\/\/cardinal-tapes.com\/?s={search_term_string}"},"query-input":{"@type":"PropertyValueSpecification","valueRequired":true,"valueName":"search_term_string"}}],"inLanguage":"es"}]}},"brands":[{"id":2169,"name":"3M","slug":"3m-es"}],"_links":{"self":[{"href":"https:\/\/cardinal-tapes.com\/es\/wp-json\/wp\/v2\/product\/53047","targetHints":{"allow":["GET"]}}],"collection":[{"href":"https:\/\/cardinal-tapes.com\/es\/wp-json\/wp\/v2\/product"}],"about":[{"href":"https:\/\/cardinal-tapes.com\/es\/wp-json\/wp\/v2\/types\/product"}],"wp:featuredmedia":[{"embeddable":true,"href":"https:\/\/cardinal-tapes.com\/es\/wp-json\/wp\/v2\/media\/27231"}],"wp:attachment":[{"href":"https:\/\/cardinal-tapes.com\/es\/wp-json\/wp\/v2\/media?parent=53047"}],"wp:term":[{"taxonomy":"pwb-brand","embeddable":true,"href":"https:\/\/cardinal-tapes.com\/es\/wp-json\/wp\/v2\/pwb-brand?post=53047"},{"taxonomy":"product_brand","embeddable":true,"href":"https:\/\/cardinal-tapes.com\/es\/wp-json\/wp\/v2\/product_brand?post=53047"},{"taxonomy":"product_cat","embeddable":true,"href":"https:\/\/cardinal-tapes.com\/es\/wp-json\/wp\/v2\/product_cat?post=53047"},{"taxonomy":"product_tag","embeddable":true,"href":"https:\/\/cardinal-tapes.com\/es\/wp-json\/wp\/v2\/product_tag?post=53047"}],"curies":[{"name":"wp","href":"https:\/\/api.w.org\/{rel}","templated":true}]}}