{"id":52595,"date":"2018-02-06T11:49:04","date_gmt":"2018-02-06T10:49:04","guid":{"rendered":"https:\/\/cardinal.pixel-tal.de\/klebebaender\/sin%20categor\u00eda\/tesa-4590-cinta-adhesiva-monofilamento-universal\/"},"modified":"2025-07-03T14:46:43","modified_gmt":"2025-07-03T12:46:43","slug":"tesa-4590-cinta-adhesiva-de-monofilamento-universal","status":"publish","type":"product","link":"https:\/\/cardinal-tapes.com\/es\/cintas-adhesivas\/cintas-adhesivas-de-una-cara\/cinta-de-flejado\/tesa-4590-cinta-adhesiva-de-monofilamento-universal\/","title":{"rendered":"tesa\u00ae 4590 Cinta adhesiva monofilamento universal"},"content":{"rendered":"<p><sup>tesa\u00ae<\/sup> 4590 es una cinta adhesiva universal de filamento monodireccional. Consiste en una pel\u00edcula de poli\u00e9ster recubierta de fibras de vidrio y un sistema de masa adhesiva de caucho sint\u00e9tico. Adem\u00e1s, se caracteriza por una elevada resistencia a la tracci\u00f3n y una gran fuerza adhesiva sobre diversas superficies. La cinta es resistente a peque\u00f1os da\u00f1os (por ejemplo, cortes), por lo que ofrece una gran resistencia al desgarro.<\/p>\n<p><strong>Propiedades<\/strong><br \/>\n&#8211; Gran resistencia al desgarro<\/p>\n<p><strong>Aplicaciones<\/strong><br \/>\n&#8211; Sujeci\u00f3n en el transporte<br \/>\n&#8211; Paletizaci\u00f3n<br \/>\n&#8211; Sellado de cajas pesadas<br \/>\n&#8211; Fijaci\u00f3n de componentes<br \/>\n&#8211; Bloqueo de posici\u00f3n final de flejes met\u00e1licos y carretes<\/p>\n<p>&nbsp;<\/p>\n","protected":false},"excerpt":{"rendered":"<p>tesa\u00ae 4590 es una cinta adhesiva universal de filamento monodireccional. Consiste en una pel\u00edcula de poli\u00e9ster recubierta de fibras de vidrio y un sistema de masa adhesiva de caucho sint\u00e9tico. Adem\u00e1s, se caracteriza por una elevada resistencia a la tracci\u00f3n y una gran fuerza adhesiva sobre diversas superficies. La cinta es resistente a peque\u00f1os da\u00f1os [&hellip;]<\/p>\n","protected":false},"featured_media":26075,"template":"","meta":{"_acf_changed":false},"pwb-brand":[2163],"product_brand":[],"product_cat":[1806,1812,1871],"product_tag":[],"class_list":{"0":"post-52595","1":"product","2":"type-product","3":"status-publish","4":"has-post-thumbnail","6":"pwb-brand-tesa-es","7":"product_cat-cintas-adhesivas-de-una-cara","8":"product_cat-cinta-de-flejado","9":"product_cat-sistemas-de-envasado","11":"first","12":"instock","13":"taxable","14":"shipping-taxable","15":"purchasable","16":"product-type-variable"},"acf":[],"yoast_head":"<!-- This site is optimized with the Yoast SEO plugin v27.3 - https:\/\/yoast.com\/product\/yoast-seo-wordpress\/ -->\n<title>Tesa 4590 Cinta Adhesiva Monofilamento Universal | Cardinal TAPES<\/title>\n<meta name=\"description\" content=\"Tesa 4590 es una cinta adhesiva universal de filamento monodireccional. M\u00e1s informaci\u00f3n sobre la cinta adhesiva fuerte aqu\u00ed.\" \/>\n<meta name=\"robots\" content=\"index, follow, max-snippet:-1, max-image-preview:large, max-video-preview:-1\" \/>\n<link rel=\"canonical\" href=\"https:\/\/cardinal-tapes.com\/es\/cintas-adhesivas\/cintas-adhesivas-de-una-cara\/cinta-de-flejado\/tesa-4590-cinta-adhesiva-de-monofilamento-universal\/\" \/>\n<meta property=\"og:locale\" content=\"es_ES\" \/>\n<meta property=\"og:type\" content=\"article\" \/>\n<meta property=\"og:title\" content=\"Tesa 4590 Cinta Adhesiva Monofilamento Universal | Cardinal TAPES\" \/>\n<meta property=\"og:description\" content=\"Tesa 4590 es una cinta adhesiva universal de filamento monodireccional. M\u00e1s informaci\u00f3n sobre la cinta adhesiva fuerte aqu\u00ed.\" \/>\n<meta property=\"og:url\" content=\"https:\/\/cardinal-tapes.com\/es\/cintas-adhesivas\/cintas-adhesivas-de-una-cara\/cinta-de-flejado\/tesa-4590-cinta-adhesiva-de-monofilamento-universal\/\" \/>\n<meta property=\"og:site_name\" content=\"cardinal TAPES\" \/>\n<meta property=\"article:modified_time\" content=\"2025-07-03T12:46:43+00:00\" \/>\n<meta property=\"og:image\" content=\"https:\/\/cardinal-tapes.com\/wp-content\/uploads\/tesa-04590.jpg\" \/>\n\t<meta property=\"og:image:width\" content=\"600\" \/>\n\t<meta property=\"og:image:height\" content=\"600\" \/>\n\t<meta property=\"og:image:type\" content=\"image\/jpeg\" \/>\n<meta name=\"twitter:card\" content=\"summary_large_image\" \/>\n<meta name=\"twitter:label1\" content=\"Tiempo de lectura\" \/>\n\t<meta name=\"twitter:data1\" content=\"1 minuto\" \/>\n<script type=\"application\/ld+json\" class=\"yoast-schema-graph\">{\"@context\":\"https:\\\/\\\/schema.org\",\"@graph\":[{\"@type\":\"WebPage\",\"@id\":\"https:\\\/\\\/cardinal-tapes.com\\\/es\\\/cintas-adhesivas\\\/cintas-adhesivas-de-una-cara\\\/cinta-de-flejado\\\/tesa-4590-cinta-adhesiva-de-monofilamento-universal\\\/\",\"url\":\"https:\\\/\\\/cardinal-tapes.com\\\/es\\\/cintas-adhesivas\\\/cintas-adhesivas-de-una-cara\\\/cinta-de-flejado\\\/tesa-4590-cinta-adhesiva-de-monofilamento-universal\\\/\",\"name\":\"Tesa 4590 Cinta Adhesiva Monofilamento Universal | Cardinal TAPES\",\"isPartOf\":{\"@id\":\"https:\\\/\\\/cardinal-tapes.com\\\/#website\"},\"primaryImageOfPage\":{\"@id\":\"https:\\\/\\\/cardinal-tapes.com\\\/es\\\/cintas-adhesivas\\\/cintas-adhesivas-de-una-cara\\\/cinta-de-flejado\\\/tesa-4590-cinta-adhesiva-de-monofilamento-universal\\\/#primaryimage\"},\"image\":{\"@id\":\"https:\\\/\\\/cardinal-tapes.com\\\/es\\\/cintas-adhesivas\\\/cintas-adhesivas-de-una-cara\\\/cinta-de-flejado\\\/tesa-4590-cinta-adhesiva-de-monofilamento-universal\\\/#primaryimage\"},\"thumbnailUrl\":\"https:\\\/\\\/cardinal-tapes.com\\\/wp-content\\\/uploads\\\/tesa-04590.jpg\",\"datePublished\":\"2018-02-06T10:49:04+00:00\",\"dateModified\":\"2025-07-03T12:46:43+00:00\",\"description\":\"Tesa 4590 es una cinta adhesiva universal de filamento monodireccional. M\u00e1s informaci\u00f3n sobre la cinta adhesiva fuerte aqu\u00ed.\",\"breadcrumb\":{\"@id\":\"https:\\\/\\\/cardinal-tapes.com\\\/es\\\/cintas-adhesivas\\\/cintas-adhesivas-de-una-cara\\\/cinta-de-flejado\\\/tesa-4590-cinta-adhesiva-de-monofilamento-universal\\\/#breadcrumb\"},\"inLanguage\":\"es\",\"potentialAction\":[{\"@type\":\"ReadAction\",\"target\":[\"https:\\\/\\\/cardinal-tapes.com\\\/es\\\/cintas-adhesivas\\\/cintas-adhesivas-de-una-cara\\\/cinta-de-flejado\\\/tesa-4590-cinta-adhesiva-de-monofilamento-universal\\\/\"]}]},{\"@type\":\"ImageObject\",\"inLanguage\":\"es\",\"@id\":\"https:\\\/\\\/cardinal-tapes.com\\\/es\\\/cintas-adhesivas\\\/cintas-adhesivas-de-una-cara\\\/cinta-de-flejado\\\/tesa-4590-cinta-adhesiva-de-monofilamento-universal\\\/#primaryimage\",\"url\":\"https:\\\/\\\/cardinal-tapes.com\\\/wp-content\\\/uploads\\\/tesa-04590.jpg\",\"contentUrl\":\"https:\\\/\\\/cardinal-tapes.com\\\/wp-content\\\/uploads\\\/tesa-04590.jpg\",\"width\":600,\"height\":600,\"caption\":\"tesa 4590\"},{\"@type\":\"BreadcrumbList\",\"@id\":\"https:\\\/\\\/cardinal-tapes.com\\\/es\\\/cintas-adhesivas\\\/cintas-adhesivas-de-una-cara\\\/cinta-de-flejado\\\/tesa-4590-cinta-adhesiva-de-monofilamento-universal\\\/#breadcrumb\",\"itemListElement\":[{\"@type\":\"ListItem\",\"position\":1,\"name\":\"Startseite\",\"item\":\"https:\\\/\\\/cardinal-tapes.com\\\/es\\\/\"},{\"@type\":\"ListItem\",\"position\":2,\"name\":\"Cintas adhesivas\",\"item\":\"https:\\\/\\\/cardinal-tapes.com\\\/es\\\/cintas-adhesivas-es\\\/\"},{\"@type\":\"ListItem\",\"position\":3,\"name\":\"Einseitige Klebeb\u00e4nder\",\"item\":\"https:\\\/\\\/cardinal-tapes.com\\\/kategorie\\\/einseitige-klebebaender\\\/\"},{\"@type\":\"ListItem\",\"position\":4,\"name\":\"tesa\u00ae 4590 Cinta adhesiva monofilamento universal\"}]},{\"@type\":\"WebSite\",\"@id\":\"https:\\\/\\\/cardinal-tapes.com\\\/#website\",\"url\":\"https:\\\/\\\/cardinal-tapes.com\\\/\",\"name\":\"cardinal TAPES\",\"description\":\"Klebetechnik aus Wuppertal\",\"potentialAction\":[{\"@type\":\"SearchAction\",\"target\":{\"@type\":\"EntryPoint\",\"urlTemplate\":\"https:\\\/\\\/cardinal-tapes.com\\\/?s={search_term_string}\"},\"query-input\":{\"@type\":\"PropertyValueSpecification\",\"valueRequired\":true,\"valueName\":\"search_term_string\"}}],\"inLanguage\":\"es\"}]}<\/script>\n<!-- \/ Yoast SEO plugin. -->","yoast_head_json":{"title":"Tesa 4590 Cinta Adhesiva Monofilamento Universal | Cardinal TAPES","description":"Tesa 4590 es una cinta adhesiva universal de filamento monodireccional. M\u00e1s informaci\u00f3n sobre la cinta adhesiva fuerte aqu\u00ed.","robots":{"index":"index","follow":"follow","max-snippet":"max-snippet:-1","max-image-preview":"max-image-preview:large","max-video-preview":"max-video-preview:-1"},"canonical":"https:\/\/cardinal-tapes.com\/es\/cintas-adhesivas\/cintas-adhesivas-de-una-cara\/cinta-de-flejado\/tesa-4590-cinta-adhesiva-de-monofilamento-universal\/","og_locale":"es_ES","og_type":"article","og_title":"Tesa 4590 Cinta Adhesiva Monofilamento Universal | Cardinal TAPES","og_description":"Tesa 4590 es una cinta adhesiva universal de filamento monodireccional. M\u00e1s informaci\u00f3n sobre la cinta adhesiva fuerte aqu\u00ed.","og_url":"https:\/\/cardinal-tapes.com\/es\/cintas-adhesivas\/cintas-adhesivas-de-una-cara\/cinta-de-flejado\/tesa-4590-cinta-adhesiva-de-monofilamento-universal\/","og_site_name":"cardinal TAPES","article_modified_time":"2025-07-03T12:46:43+00:00","og_image":[{"width":600,"height":600,"url":"https:\/\/cardinal-tapes.com\/wp-content\/uploads\/tesa-04590.jpg","type":"image\/jpeg"}],"twitter_card":"summary_large_image","twitter_misc":{"Tiempo de lectura":"1 minuto"},"schema":{"@context":"https:\/\/schema.org","@graph":[{"@type":"WebPage","@id":"https:\/\/cardinal-tapes.com\/es\/cintas-adhesivas\/cintas-adhesivas-de-una-cara\/cinta-de-flejado\/tesa-4590-cinta-adhesiva-de-monofilamento-universal\/","url":"https:\/\/cardinal-tapes.com\/es\/cintas-adhesivas\/cintas-adhesivas-de-una-cara\/cinta-de-flejado\/tesa-4590-cinta-adhesiva-de-monofilamento-universal\/","name":"Tesa 4590 Cinta Adhesiva Monofilamento Universal | Cardinal TAPES","isPartOf":{"@id":"https:\/\/cardinal-tapes.com\/#website"},"primaryImageOfPage":{"@id":"https:\/\/cardinal-tapes.com\/es\/cintas-adhesivas\/cintas-adhesivas-de-una-cara\/cinta-de-flejado\/tesa-4590-cinta-adhesiva-de-monofilamento-universal\/#primaryimage"},"image":{"@id":"https:\/\/cardinal-tapes.com\/es\/cintas-adhesivas\/cintas-adhesivas-de-una-cara\/cinta-de-flejado\/tesa-4590-cinta-adhesiva-de-monofilamento-universal\/#primaryimage"},"thumbnailUrl":"https:\/\/cardinal-tapes.com\/wp-content\/uploads\/tesa-04590.jpg","datePublished":"2018-02-06T10:49:04+00:00","dateModified":"2025-07-03T12:46:43+00:00","description":"Tesa 4590 es una cinta adhesiva universal de filamento monodireccional. M\u00e1s informaci\u00f3n sobre la cinta adhesiva fuerte aqu\u00ed.","breadcrumb":{"@id":"https:\/\/cardinal-tapes.com\/es\/cintas-adhesivas\/cintas-adhesivas-de-una-cara\/cinta-de-flejado\/tesa-4590-cinta-adhesiva-de-monofilamento-universal\/#breadcrumb"},"inLanguage":"es","potentialAction":[{"@type":"ReadAction","target":["https:\/\/cardinal-tapes.com\/es\/cintas-adhesivas\/cintas-adhesivas-de-una-cara\/cinta-de-flejado\/tesa-4590-cinta-adhesiva-de-monofilamento-universal\/"]}]},{"@type":"ImageObject","inLanguage":"es","@id":"https:\/\/cardinal-tapes.com\/es\/cintas-adhesivas\/cintas-adhesivas-de-una-cara\/cinta-de-flejado\/tesa-4590-cinta-adhesiva-de-monofilamento-universal\/#primaryimage","url":"https:\/\/cardinal-tapes.com\/wp-content\/uploads\/tesa-04590.jpg","contentUrl":"https:\/\/cardinal-tapes.com\/wp-content\/uploads\/tesa-04590.jpg","width":600,"height":600,"caption":"tesa 4590"},{"@type":"BreadcrumbList","@id":"https:\/\/cardinal-tapes.com\/es\/cintas-adhesivas\/cintas-adhesivas-de-una-cara\/cinta-de-flejado\/tesa-4590-cinta-adhesiva-de-monofilamento-universal\/#breadcrumb","itemListElement":[{"@type":"ListItem","position":1,"name":"Startseite","item":"https:\/\/cardinal-tapes.com\/es\/"},{"@type":"ListItem","position":2,"name":"Cintas adhesivas","item":"https:\/\/cardinal-tapes.com\/es\/cintas-adhesivas-es\/"},{"@type":"ListItem","position":3,"name":"Einseitige Klebeb\u00e4nder","item":"https:\/\/cardinal-tapes.com\/kategorie\/einseitige-klebebaender\/"},{"@type":"ListItem","position":4,"name":"tesa\u00ae 4590 Cinta adhesiva monofilamento universal"}]},{"@type":"WebSite","@id":"https:\/\/cardinal-tapes.com\/#website","url":"https:\/\/cardinal-tapes.com\/","name":"cardinal TAPES","description":"Klebetechnik aus Wuppertal","potentialAction":[{"@type":"SearchAction","target":{"@type":"EntryPoint","urlTemplate":"https:\/\/cardinal-tapes.com\/?s={search_term_string}"},"query-input":{"@type":"PropertyValueSpecification","valueRequired":true,"valueName":"search_term_string"}}],"inLanguage":"es"}]}},"brands":[{"id":2163,"name":"tesa","slug":"tesa-es"}],"_links":{"self":[{"href":"https:\/\/cardinal-tapes.com\/es\/wp-json\/wp\/v2\/product\/52595","targetHints":{"allow":["GET"]}}],"collection":[{"href":"https:\/\/cardinal-tapes.com\/es\/wp-json\/wp\/v2\/product"}],"about":[{"href":"https:\/\/cardinal-tapes.com\/es\/wp-json\/wp\/v2\/types\/product"}],"wp:featuredmedia":[{"embeddable":true,"href":"https:\/\/cardinal-tapes.com\/es\/wp-json\/wp\/v2\/media\/26075"}],"wp:attachment":[{"href":"https:\/\/cardinal-tapes.com\/es\/wp-json\/wp\/v2\/media?parent=52595"}],"wp:term":[{"taxonomy":"pwb-brand","embeddable":true,"href":"https:\/\/cardinal-tapes.com\/es\/wp-json\/wp\/v2\/pwb-brand?post=52595"},{"taxonomy":"product_brand","embeddable":true,"href":"https:\/\/cardinal-tapes.com\/es\/wp-json\/wp\/v2\/product_brand?post=52595"},{"taxonomy":"product_cat","embeddable":true,"href":"https:\/\/cardinal-tapes.com\/es\/wp-json\/wp\/v2\/product_cat?post=52595"},{"taxonomy":"product_tag","embeddable":true,"href":"https:\/\/cardinal-tapes.com\/es\/wp-json\/wp\/v2\/product_tag?post=52595"}],"curies":[{"name":"wp","href":"https:\/\/api.w.org\/{rel}","templated":true}]}}