{"id":52548,"date":"2018-02-06T11:29:41","date_gmt":"2023-06-05T15:20:26","guid":{"rendered":"https:\/\/cardinal.pixel-tal.de\/klebebaender\/sin%20categor\u00eda\/tesakrepp-4341-cinta-crepe-adhesiva\/"},"modified":"2025-07-03T14:31:07","modified_gmt":"2025-07-03T12:31:07","slug":"tesa-4341-cinta-adhesiva-crepe","status":"publish","type":"product","link":"https:\/\/cardinal-tapes.com\/es\/cintas-adhesivas\/ambitos-de-aplicacion\/industria-del-automovil\/tesa-4341-cinta-adhesiva-crepe\/","title":{"rendered":"tesakrepp\u00ae 4341 cinta crep\u00e9 adhesiva"},"content":{"rendered":"<p><sup>tesakrepp\u00ae<\/sup> 4341 es una cinta de enmascarar de papel ligeramente crepada, especialmente el\u00e1stica y flexible. El producto sin disolventes est\u00e1 equipado con un adhesivo de caucho natural, que garantiza una gran fuerza adhesiva y, por tanto, tambi\u00e9n la adhesi\u00f3n de papel soporte pesado.<\/p>\n<p><strong>Propiedades<\/strong><br \/>\n&#8211; Resistente a altas temperaturas<br \/>\n&#8211; Buena adherencia de pinturas y masillas<\/p>\n<p><strong>Aplicaciones<\/strong><br \/>\n&#8211; Enmascaramiento para trabajos de pintura<\/p>\n","protected":false},"excerpt":{"rendered":"<p>tesakrepp\u00ae 4341 es una cinta de enmascarar de papel ligeramente crepada, especialmente el\u00e1stica y flexible. El producto sin disolventes est\u00e1 equipado con un adhesivo de caucho natural, que garantiza una gran fuerza adhesiva y, por tanto, tambi\u00e9n la adhesi\u00f3n de papel soporte pesado. Propiedades &#8211; Resistente a altas temperaturas &#8211; Buena adherencia de pinturas y [&hellip;]<\/p>\n","protected":false},"featured_media":26223,"template":"","meta":{"_acf_changed":false},"pwb-brand":[2163],"product_brand":[],"product_cat":[1697,1806],"product_tag":[],"class_list":{"0":"post-52548","1":"product","2":"type-product","3":"status-publish","4":"has-post-thumbnail","6":"pwb-brand-tesa-es","7":"product_cat-industria-del-automovil","8":"product_cat-cintas-adhesivas-de-una-cara","10":"first","11":"instock","12":"taxable","13":"shipping-taxable","14":"purchasable","15":"product-type-variable"},"acf":[],"yoast_head":"<!-- This site is optimized with the Yoast SEO plugin v27.3 - https:\/\/yoast.com\/product\/yoast-seo-wordpress\/ -->\n<title>Tesa 4341 Cinta Crep\u00e9 Adhesiva | CINTAS Cardinal<\/title>\n<meta name=\"description\" content=\"Tesa 4341 es una cinta de enmascarar poco crepada pero especialmente el\u00e1stica y flexible. M\u00e1s informaci\u00f3n sobre la cinta adhesiva aqu\u00ed.\" \/>\n<meta name=\"robots\" content=\"index, follow, max-snippet:-1, max-image-preview:large, max-video-preview:-1\" \/>\n<link rel=\"canonical\" href=\"https:\/\/cardinal-tapes.com\/es\/cintas-adhesivas\/ambitos-de-aplicacion\/industria-del-automovil\/tesa-4341-cinta-adhesiva-crepe\/\" \/>\n<meta property=\"og:locale\" content=\"es_ES\" \/>\n<meta property=\"og:type\" content=\"article\" \/>\n<meta property=\"og:title\" content=\"Tesa 4341 Cinta Crep\u00e9 Adhesiva | CINTAS Cardinal\" \/>\n<meta property=\"og:description\" content=\"Tesa 4341 es una cinta de enmascarar poco crepada pero especialmente el\u00e1stica y flexible. M\u00e1s informaci\u00f3n sobre la cinta adhesiva aqu\u00ed.\" \/>\n<meta property=\"og:url\" content=\"https:\/\/cardinal-tapes.com\/es\/cintas-adhesivas\/ambitos-de-aplicacion\/industria-del-automovil\/tesa-4341-cinta-adhesiva-crepe\/\" \/>\n<meta property=\"og:site_name\" content=\"cardinal TAPES\" \/>\n<meta property=\"article:modified_time\" content=\"2025-07-03T12:31:07+00:00\" \/>\n<meta property=\"og:image\" content=\"https:\/\/cardinal-tapes.com\/wp-content\/uploads\/tesa-04341.jpg\" \/>\n\t<meta property=\"og:image:width\" content=\"600\" \/>\n\t<meta property=\"og:image:height\" content=\"600\" \/>\n\t<meta property=\"og:image:type\" content=\"image\/jpeg\" \/>\n<meta name=\"twitter:card\" content=\"summary_large_image\" \/>\n<script type=\"application\/ld+json\" class=\"yoast-schema-graph\">{\"@context\":\"https:\\\/\\\/schema.org\",\"@graph\":[{\"@type\":\"WebPage\",\"@id\":\"https:\\\/\\\/cardinal-tapes.com\\\/es\\\/cintas-adhesivas\\\/ambitos-de-aplicacion\\\/industria-del-automovil\\\/tesa-4341-cinta-adhesiva-crepe\\\/\",\"url\":\"https:\\\/\\\/cardinal-tapes.com\\\/es\\\/cintas-adhesivas\\\/ambitos-de-aplicacion\\\/industria-del-automovil\\\/tesa-4341-cinta-adhesiva-crepe\\\/\",\"name\":\"Tesa 4341 Cinta Crep\u00e9 Adhesiva | CINTAS Cardinal\",\"isPartOf\":{\"@id\":\"https:\\\/\\\/cardinal-tapes.com\\\/#website\"},\"primaryImageOfPage\":{\"@id\":\"https:\\\/\\\/cardinal-tapes.com\\\/es\\\/cintas-adhesivas\\\/ambitos-de-aplicacion\\\/industria-del-automovil\\\/tesa-4341-cinta-adhesiva-crepe\\\/#primaryimage\"},\"image\":{\"@id\":\"https:\\\/\\\/cardinal-tapes.com\\\/es\\\/cintas-adhesivas\\\/ambitos-de-aplicacion\\\/industria-del-automovil\\\/tesa-4341-cinta-adhesiva-crepe\\\/#primaryimage\"},\"thumbnailUrl\":\"https:\\\/\\\/cardinal-tapes.com\\\/wp-content\\\/uploads\\\/tesa-04341.jpg\",\"datePublished\":\"2023-06-05T15:20:26+00:00\",\"dateModified\":\"2025-07-03T12:31:07+00:00\",\"description\":\"Tesa 4341 es una cinta de enmascarar poco crepada pero especialmente el\u00e1stica y flexible. M\u00e1s informaci\u00f3n sobre la cinta adhesiva aqu\u00ed.\",\"breadcrumb\":{\"@id\":\"https:\\\/\\\/cardinal-tapes.com\\\/es\\\/cintas-adhesivas\\\/ambitos-de-aplicacion\\\/industria-del-automovil\\\/tesa-4341-cinta-adhesiva-crepe\\\/#breadcrumb\"},\"inLanguage\":\"es\",\"potentialAction\":[{\"@type\":\"ReadAction\",\"target\":[\"https:\\\/\\\/cardinal-tapes.com\\\/es\\\/cintas-adhesivas\\\/ambitos-de-aplicacion\\\/industria-del-automovil\\\/tesa-4341-cinta-adhesiva-crepe\\\/\"]}]},{\"@type\":\"ImageObject\",\"inLanguage\":\"es\",\"@id\":\"https:\\\/\\\/cardinal-tapes.com\\\/es\\\/cintas-adhesivas\\\/ambitos-de-aplicacion\\\/industria-del-automovil\\\/tesa-4341-cinta-adhesiva-crepe\\\/#primaryimage\",\"url\":\"https:\\\/\\\/cardinal-tapes.com\\\/wp-content\\\/uploads\\\/tesa-04341.jpg\",\"contentUrl\":\"https:\\\/\\\/cardinal-tapes.com\\\/wp-content\\\/uploads\\\/tesa-04341.jpg\",\"width\":600,\"height\":600,\"caption\":\"tesa 4341\"},{\"@type\":\"BreadcrumbList\",\"@id\":\"https:\\\/\\\/cardinal-tapes.com\\\/es\\\/cintas-adhesivas\\\/ambitos-de-aplicacion\\\/industria-del-automovil\\\/tesa-4341-cinta-adhesiva-crepe\\\/#breadcrumb\",\"itemListElement\":[{\"@type\":\"ListItem\",\"position\":1,\"name\":\"Startseite\",\"item\":\"https:\\\/\\\/cardinal-tapes.com\\\/es\\\/\"},{\"@type\":\"ListItem\",\"position\":2,\"name\":\"Cintas adhesivas\",\"item\":\"https:\\\/\\\/cardinal-tapes.com\\\/es\\\/cintas-adhesivas-es\\\/\"},{\"@type\":\"ListItem\",\"position\":3,\"name\":\"Einseitige Klebeb\u00e4nder\",\"item\":\"https:\\\/\\\/cardinal-tapes.com\\\/kategorie\\\/einseitige-klebebaender\\\/\"},{\"@type\":\"ListItem\",\"position\":4,\"name\":\"tesakrepp\u00ae 4341 cinta crep\u00e9 adhesiva\"}]},{\"@type\":\"WebSite\",\"@id\":\"https:\\\/\\\/cardinal-tapes.com\\\/#website\",\"url\":\"https:\\\/\\\/cardinal-tapes.com\\\/\",\"name\":\"cardinal TAPES\",\"description\":\"Klebetechnik aus Wuppertal\",\"potentialAction\":[{\"@type\":\"SearchAction\",\"target\":{\"@type\":\"EntryPoint\",\"urlTemplate\":\"https:\\\/\\\/cardinal-tapes.com\\\/?s={search_term_string}\"},\"query-input\":{\"@type\":\"PropertyValueSpecification\",\"valueRequired\":true,\"valueName\":\"search_term_string\"}}],\"inLanguage\":\"es\"}]}<\/script>\n<!-- \/ Yoast SEO plugin. -->","yoast_head_json":{"title":"Tesa 4341 Cinta Crep\u00e9 Adhesiva | CINTAS Cardinal","description":"Tesa 4341 es una cinta de enmascarar poco crepada pero especialmente el\u00e1stica y flexible. M\u00e1s informaci\u00f3n sobre la cinta adhesiva aqu\u00ed.","robots":{"index":"index","follow":"follow","max-snippet":"max-snippet:-1","max-image-preview":"max-image-preview:large","max-video-preview":"max-video-preview:-1"},"canonical":"https:\/\/cardinal-tapes.com\/es\/cintas-adhesivas\/ambitos-de-aplicacion\/industria-del-automovil\/tesa-4341-cinta-adhesiva-crepe\/","og_locale":"es_ES","og_type":"article","og_title":"Tesa 4341 Cinta Crep\u00e9 Adhesiva | CINTAS Cardinal","og_description":"Tesa 4341 es una cinta de enmascarar poco crepada pero especialmente el\u00e1stica y flexible. M\u00e1s informaci\u00f3n sobre la cinta adhesiva aqu\u00ed.","og_url":"https:\/\/cardinal-tapes.com\/es\/cintas-adhesivas\/ambitos-de-aplicacion\/industria-del-automovil\/tesa-4341-cinta-adhesiva-crepe\/","og_site_name":"cardinal TAPES","article_modified_time":"2025-07-03T12:31:07+00:00","og_image":[{"width":600,"height":600,"url":"https:\/\/cardinal-tapes.com\/wp-content\/uploads\/tesa-04341.jpg","type":"image\/jpeg"}],"twitter_card":"summary_large_image","schema":{"@context":"https:\/\/schema.org","@graph":[{"@type":"WebPage","@id":"https:\/\/cardinal-tapes.com\/es\/cintas-adhesivas\/ambitos-de-aplicacion\/industria-del-automovil\/tesa-4341-cinta-adhesiva-crepe\/","url":"https:\/\/cardinal-tapes.com\/es\/cintas-adhesivas\/ambitos-de-aplicacion\/industria-del-automovil\/tesa-4341-cinta-adhesiva-crepe\/","name":"Tesa 4341 Cinta Crep\u00e9 Adhesiva | CINTAS Cardinal","isPartOf":{"@id":"https:\/\/cardinal-tapes.com\/#website"},"primaryImageOfPage":{"@id":"https:\/\/cardinal-tapes.com\/es\/cintas-adhesivas\/ambitos-de-aplicacion\/industria-del-automovil\/tesa-4341-cinta-adhesiva-crepe\/#primaryimage"},"image":{"@id":"https:\/\/cardinal-tapes.com\/es\/cintas-adhesivas\/ambitos-de-aplicacion\/industria-del-automovil\/tesa-4341-cinta-adhesiva-crepe\/#primaryimage"},"thumbnailUrl":"https:\/\/cardinal-tapes.com\/wp-content\/uploads\/tesa-04341.jpg","datePublished":"2023-06-05T15:20:26+00:00","dateModified":"2025-07-03T12:31:07+00:00","description":"Tesa 4341 es una cinta de enmascarar poco crepada pero especialmente el\u00e1stica y flexible. M\u00e1s informaci\u00f3n sobre la cinta adhesiva aqu\u00ed.","breadcrumb":{"@id":"https:\/\/cardinal-tapes.com\/es\/cintas-adhesivas\/ambitos-de-aplicacion\/industria-del-automovil\/tesa-4341-cinta-adhesiva-crepe\/#breadcrumb"},"inLanguage":"es","potentialAction":[{"@type":"ReadAction","target":["https:\/\/cardinal-tapes.com\/es\/cintas-adhesivas\/ambitos-de-aplicacion\/industria-del-automovil\/tesa-4341-cinta-adhesiva-crepe\/"]}]},{"@type":"ImageObject","inLanguage":"es","@id":"https:\/\/cardinal-tapes.com\/es\/cintas-adhesivas\/ambitos-de-aplicacion\/industria-del-automovil\/tesa-4341-cinta-adhesiva-crepe\/#primaryimage","url":"https:\/\/cardinal-tapes.com\/wp-content\/uploads\/tesa-04341.jpg","contentUrl":"https:\/\/cardinal-tapes.com\/wp-content\/uploads\/tesa-04341.jpg","width":600,"height":600,"caption":"tesa 4341"},{"@type":"BreadcrumbList","@id":"https:\/\/cardinal-tapes.com\/es\/cintas-adhesivas\/ambitos-de-aplicacion\/industria-del-automovil\/tesa-4341-cinta-adhesiva-crepe\/#breadcrumb","itemListElement":[{"@type":"ListItem","position":1,"name":"Startseite","item":"https:\/\/cardinal-tapes.com\/es\/"},{"@type":"ListItem","position":2,"name":"Cintas adhesivas","item":"https:\/\/cardinal-tapes.com\/es\/cintas-adhesivas-es\/"},{"@type":"ListItem","position":3,"name":"Einseitige Klebeb\u00e4nder","item":"https:\/\/cardinal-tapes.com\/kategorie\/einseitige-klebebaender\/"},{"@type":"ListItem","position":4,"name":"tesakrepp\u00ae 4341 cinta crep\u00e9 adhesiva"}]},{"@type":"WebSite","@id":"https:\/\/cardinal-tapes.com\/#website","url":"https:\/\/cardinal-tapes.com\/","name":"cardinal TAPES","description":"Klebetechnik aus Wuppertal","potentialAction":[{"@type":"SearchAction","target":{"@type":"EntryPoint","urlTemplate":"https:\/\/cardinal-tapes.com\/?s={search_term_string}"},"query-input":{"@type":"PropertyValueSpecification","valueRequired":true,"valueName":"search_term_string"}}],"inLanguage":"es"}]}},"brands":[{"id":2163,"name":"tesa","slug":"tesa-es"}],"_links":{"self":[{"href":"https:\/\/cardinal-tapes.com\/es\/wp-json\/wp\/v2\/product\/52548","targetHints":{"allow":["GET"]}}],"collection":[{"href":"https:\/\/cardinal-tapes.com\/es\/wp-json\/wp\/v2\/product"}],"about":[{"href":"https:\/\/cardinal-tapes.com\/es\/wp-json\/wp\/v2\/types\/product"}],"wp:featuredmedia":[{"embeddable":true,"href":"https:\/\/cardinal-tapes.com\/es\/wp-json\/wp\/v2\/media\/26223"}],"wp:attachment":[{"href":"https:\/\/cardinal-tapes.com\/es\/wp-json\/wp\/v2\/media?parent=52548"}],"wp:term":[{"taxonomy":"pwb-brand","embeddable":true,"href":"https:\/\/cardinal-tapes.com\/es\/wp-json\/wp\/v2\/pwb-brand?post=52548"},{"taxonomy":"product_brand","embeddable":true,"href":"https:\/\/cardinal-tapes.com\/es\/wp-json\/wp\/v2\/product_brand?post=52548"},{"taxonomy":"product_cat","embeddable":true,"href":"https:\/\/cardinal-tapes.com\/es\/wp-json\/wp\/v2\/product_cat?post=52548"},{"taxonomy":"product_tag","embeddable":true,"href":"https:\/\/cardinal-tapes.com\/es\/wp-json\/wp\/v2\/product_tag?post=52548"}],"curies":[{"name":"wp","href":"https:\/\/api.w.org\/{rel}","templated":true}]}}