{"id":52210,"date":"2018-02-06T11:13:21","date_gmt":"2023-06-05T15:20:20","guid":{"rendered":"https:\/\/cardinal.pixel-tal.de\/klebebaender\/sin categor\u00eda\/tesakrepp-4348-cinta-crepe-adhesiva\/"},"modified":"2023-06-05T17:20:20","modified_gmt":"2023-06-05T15:20:20","slug":"tesa-4348-cinta-adhesiva-crepe","status":"publish","type":"product","link":"https:\/\/cardinal-tapes.com\/es\/cintas-adhesivas\/ambitos-de-aplicacion\/cinta-de-papel\/tesa-4348-cinta-adhesiva-crepe\/","title":{"rendered":"tesakrepp\u00ae 4348 cinta crep\u00e9 adhesiva"},"content":{"rendered":"<p><sup>tesakrepp\u00ae<\/sup> 4348 es una cinta de pintor est\u00e1ndar ligeramente arrugada, resistente al desgarro y con adhesivo de caucho natural, adecuada para trabajos sencillos de pintura de interiores. La cinta de pintor flexible y ligeramente el\u00e1stica puede rasgarse con la mano, utilizarse hasta 7 d\u00edas y retirarse f\u00e1cilmente despu\u00e9s de su uso. Gracias a sus buenas propiedades adhesivas, permite bordes de pintura limpios y es una base fiable para trabajos de pintura profesionales.<\/p>\n<p><strong>Propiedades<\/strong><br \/>\n&#8211; Superficies lisas<br \/>\n&#8211; Rompible a mano<br \/>\n&#8211; Buena adherencia de la tinta<\/p>\n<p><strong>Aplicaciones<br \/>\n<\/strong>&#8211; Para la producci\u00f3n de m\u00e1scaras de cobertura de luz<\/p>\n","protected":false},"excerpt":{"rendered":"<p>tesakrepp\u00ae 4348 es una cinta de pintor est\u00e1ndar ligeramente arrugada, resistente al desgarro y con adhesivo de caucho natural, adecuada para trabajos sencillos de pintura de interiores. La cinta de pintor flexible y ligeramente el\u00e1stica puede rasgarse con la mano, utilizarse hasta 7 d\u00edas y retirarse f\u00e1cilmente despu\u00e9s de su uso. Gracias a sus buenas [&hellip;]<\/p>\n","protected":false},"featured_media":26171,"template":"","meta":{"_acf_changed":false},"pwb-brand":[2163],"product_brand":[],"product_cat":[1806,1796],"product_tag":[],"class_list":{"0":"post-52210","1":"product","2":"type-product","3":"status-publish","4":"has-post-thumbnail","6":"pwb-brand-tesa-es","7":"product_cat-cintas-adhesivas-de-una-cara","8":"product_cat-cinta-de-papel","10":"first","11":"instock","12":"taxable","13":"shipping-taxable","14":"purchasable","15":"product-type-variable"},"acf":[],"yoast_head":"<!-- This site is optimized with the Yoast SEO plugin v27.3 - https:\/\/yoast.com\/product\/yoast-seo-wordpress\/ -->\n<title>tesa 4348 Cinta crep\u00e9 de caucho natural | CINTAS Cardinal<\/title>\n<meta name=\"description\" content=\"La cinta tesa 4348 Painter Masking Tape es una cinta de crep\u00e9 ligeramente crepada especialmente desarrollada para aplicaciones de pintura. M\u00e1s informaci\u00f3n.\" \/>\n<meta name=\"robots\" content=\"index, follow, max-snippet:-1, max-image-preview:large, max-video-preview:-1\" \/>\n<link rel=\"canonical\" href=\"https:\/\/cardinal-tapes.com\/es\/cintas-adhesivas\/cinta-de-papel\/tesa-4348-cinta-adhesiva-crepe\/\" \/>\n<meta property=\"og:locale\" content=\"es_ES\" \/>\n<meta property=\"og:type\" content=\"article\" \/>\n<meta property=\"og:title\" content=\"tesa 4348 Cinta crep\u00e9 de caucho natural | CINTAS Cardinal\" \/>\n<meta property=\"og:description\" content=\"La cinta tesa 4348 Painter Masking Tape es una cinta de crep\u00e9 ligeramente crepada especialmente desarrollada para aplicaciones de pintura. M\u00e1s informaci\u00f3n.\" \/>\n<meta property=\"og:url\" content=\"https:\/\/cardinal-tapes.com\/es\/cintas-adhesivas\/cinta-de-papel\/tesa-4348-cinta-adhesiva-crepe\/\" \/>\n<meta property=\"og:site_name\" content=\"cardinal TAPES\" \/>\n<meta property=\"og:image\" content=\"https:\/\/cardinal-tapes.com\/wp-content\/uploads\/tesa_04348.jpg\" \/>\n\t<meta property=\"og:image:width\" content=\"600\" \/>\n\t<meta property=\"og:image:height\" content=\"600\" \/>\n\t<meta property=\"og:image:type\" content=\"image\/jpeg\" \/>\n<meta name=\"twitter:card\" content=\"summary_large_image\" \/>\n<meta name=\"twitter:label1\" content=\"Tiempo de lectura\" \/>\n\t<meta name=\"twitter:data1\" content=\"1 minuto\" \/>\n<script type=\"application\/ld+json\" class=\"yoast-schema-graph\">{\"@context\":\"https:\\\/\\\/schema.org\",\"@graph\":[{\"@type\":\"WebPage\",\"@id\":\"https:\\\/\\\/cardinal-tapes.com\\\/es\\\/cintas-adhesivas\\\/cinta-de-papel\\\/tesa-4348-cinta-adhesiva-crepe\\\/\",\"url\":\"https:\\\/\\\/cardinal-tapes.com\\\/es\\\/cintas-adhesivas\\\/cinta-de-papel\\\/tesa-4348-cinta-adhesiva-crepe\\\/\",\"name\":\"tesa 4348 Cinta crep\u00e9 de caucho natural | CINTAS Cardinal\",\"isPartOf\":{\"@id\":\"https:\\\/\\\/cardinal-tapes.com\\\/#website\"},\"primaryImageOfPage\":{\"@id\":\"https:\\\/\\\/cardinal-tapes.com\\\/es\\\/cintas-adhesivas\\\/cinta-de-papel\\\/tesa-4348-cinta-adhesiva-crepe\\\/#primaryimage\"},\"image\":{\"@id\":\"https:\\\/\\\/cardinal-tapes.com\\\/es\\\/cintas-adhesivas\\\/cinta-de-papel\\\/tesa-4348-cinta-adhesiva-crepe\\\/#primaryimage\"},\"thumbnailUrl\":\"https:\\\/\\\/cardinal-tapes.com\\\/wp-content\\\/uploads\\\/tesa_04348.jpg\",\"datePublished\":\"2023-06-05T15:20:20+00:00\",\"description\":\"La cinta tesa 4348 Painter Masking Tape es una cinta de crep\u00e9 ligeramente crepada especialmente desarrollada para aplicaciones de pintura. M\u00e1s informaci\u00f3n.\",\"breadcrumb\":{\"@id\":\"https:\\\/\\\/cardinal-tapes.com\\\/es\\\/cintas-adhesivas\\\/cinta-de-papel\\\/tesa-4348-cinta-adhesiva-crepe\\\/#breadcrumb\"},\"inLanguage\":\"es\",\"potentialAction\":[{\"@type\":\"ReadAction\",\"target\":[\"https:\\\/\\\/cardinal-tapes.com\\\/es\\\/cintas-adhesivas\\\/cinta-de-papel\\\/tesa-4348-cinta-adhesiva-crepe\\\/\"]}]},{\"@type\":\"ImageObject\",\"inLanguage\":\"es\",\"@id\":\"https:\\\/\\\/cardinal-tapes.com\\\/es\\\/cintas-adhesivas\\\/cinta-de-papel\\\/tesa-4348-cinta-adhesiva-crepe\\\/#primaryimage\",\"url\":\"https:\\\/\\\/cardinal-tapes.com\\\/wp-content\\\/uploads\\\/tesa_04348.jpg\",\"contentUrl\":\"https:\\\/\\\/cardinal-tapes.com\\\/wp-content\\\/uploads\\\/tesa_04348.jpg\",\"width\":600,\"height\":600,\"caption\":\"tesa 4348\"},{\"@type\":\"BreadcrumbList\",\"@id\":\"https:\\\/\\\/cardinal-tapes.com\\\/es\\\/cintas-adhesivas\\\/cinta-de-papel\\\/tesa-4348-cinta-adhesiva-crepe\\\/#breadcrumb\",\"itemListElement\":[{\"@type\":\"ListItem\",\"position\":1,\"name\":\"Startseite\",\"item\":\"https:\\\/\\\/cardinal-tapes.com\\\/es\\\/\"},{\"@type\":\"ListItem\",\"position\":2,\"name\":\"Cintas adhesivas\",\"item\":\"https:\\\/\\\/cardinal-tapes.com\\\/es\\\/cintas-adhesivas-es\\\/\"},{\"@type\":\"ListItem\",\"position\":3,\"name\":\"Cintas adhesivas de una cara\",\"item\":\"https:\\\/\\\/cardinal-tapes.com\\\/es\\\/categora\\\/cintas-adhesivas-de-una-cara\\\/\"},{\"@type\":\"ListItem\",\"position\":4,\"name\":\"tesakrepp\u00ae 4348 cinta crep\u00e9 adhesiva\"}]},{\"@type\":\"WebSite\",\"@id\":\"https:\\\/\\\/cardinal-tapes.com\\\/#website\",\"url\":\"https:\\\/\\\/cardinal-tapes.com\\\/\",\"name\":\"cardinal TAPES\",\"description\":\"Klebetechnik aus Wuppertal\",\"potentialAction\":[{\"@type\":\"SearchAction\",\"target\":{\"@type\":\"EntryPoint\",\"urlTemplate\":\"https:\\\/\\\/cardinal-tapes.com\\\/?s={search_term_string}\"},\"query-input\":{\"@type\":\"PropertyValueSpecification\",\"valueRequired\":true,\"valueName\":\"search_term_string\"}}],\"inLanguage\":\"es\"}]}<\/script>\n<!-- \/ Yoast SEO plugin. -->","yoast_head_json":{"title":"tesa 4348 Cinta crep\u00e9 de caucho natural | CINTAS Cardinal","description":"La cinta tesa 4348 Painter Masking Tape es una cinta de crep\u00e9 ligeramente crepada especialmente desarrollada para aplicaciones de pintura. M\u00e1s informaci\u00f3n.","robots":{"index":"index","follow":"follow","max-snippet":"max-snippet:-1","max-image-preview":"max-image-preview:large","max-video-preview":"max-video-preview:-1"},"canonical":"https:\/\/cardinal-tapes.com\/es\/cintas-adhesivas\/cinta-de-papel\/tesa-4348-cinta-adhesiva-crepe\/","og_locale":"es_ES","og_type":"article","og_title":"tesa 4348 Cinta crep\u00e9 de caucho natural | CINTAS Cardinal","og_description":"La cinta tesa 4348 Painter Masking Tape es una cinta de crep\u00e9 ligeramente crepada especialmente desarrollada para aplicaciones de pintura. M\u00e1s informaci\u00f3n.","og_url":"https:\/\/cardinal-tapes.com\/es\/cintas-adhesivas\/cinta-de-papel\/tesa-4348-cinta-adhesiva-crepe\/","og_site_name":"cardinal TAPES","og_image":[{"width":600,"height":600,"url":"https:\/\/cardinal-tapes.com\/wp-content\/uploads\/tesa_04348.jpg","type":"image\/jpeg"}],"twitter_card":"summary_large_image","twitter_misc":{"Tiempo de lectura":"1 minuto"},"schema":{"@context":"https:\/\/schema.org","@graph":[{"@type":"WebPage","@id":"https:\/\/cardinal-tapes.com\/es\/cintas-adhesivas\/cinta-de-papel\/tesa-4348-cinta-adhesiva-crepe\/","url":"https:\/\/cardinal-tapes.com\/es\/cintas-adhesivas\/cinta-de-papel\/tesa-4348-cinta-adhesiva-crepe\/","name":"tesa 4348 Cinta crep\u00e9 de caucho natural | CINTAS Cardinal","isPartOf":{"@id":"https:\/\/cardinal-tapes.com\/#website"},"primaryImageOfPage":{"@id":"https:\/\/cardinal-tapes.com\/es\/cintas-adhesivas\/cinta-de-papel\/tesa-4348-cinta-adhesiva-crepe\/#primaryimage"},"image":{"@id":"https:\/\/cardinal-tapes.com\/es\/cintas-adhesivas\/cinta-de-papel\/tesa-4348-cinta-adhesiva-crepe\/#primaryimage"},"thumbnailUrl":"https:\/\/cardinal-tapes.com\/wp-content\/uploads\/tesa_04348.jpg","datePublished":"2023-06-05T15:20:20+00:00","description":"La cinta tesa 4348 Painter Masking Tape es una cinta de crep\u00e9 ligeramente crepada especialmente desarrollada para aplicaciones de pintura. M\u00e1s informaci\u00f3n.","breadcrumb":{"@id":"https:\/\/cardinal-tapes.com\/es\/cintas-adhesivas\/cinta-de-papel\/tesa-4348-cinta-adhesiva-crepe\/#breadcrumb"},"inLanguage":"es","potentialAction":[{"@type":"ReadAction","target":["https:\/\/cardinal-tapes.com\/es\/cintas-adhesivas\/cinta-de-papel\/tesa-4348-cinta-adhesiva-crepe\/"]}]},{"@type":"ImageObject","inLanguage":"es","@id":"https:\/\/cardinal-tapes.com\/es\/cintas-adhesivas\/cinta-de-papel\/tesa-4348-cinta-adhesiva-crepe\/#primaryimage","url":"https:\/\/cardinal-tapes.com\/wp-content\/uploads\/tesa_04348.jpg","contentUrl":"https:\/\/cardinal-tapes.com\/wp-content\/uploads\/tesa_04348.jpg","width":600,"height":600,"caption":"tesa 4348"},{"@type":"BreadcrumbList","@id":"https:\/\/cardinal-tapes.com\/es\/cintas-adhesivas\/cinta-de-papel\/tesa-4348-cinta-adhesiva-crepe\/#breadcrumb","itemListElement":[{"@type":"ListItem","position":1,"name":"Startseite","item":"https:\/\/cardinal-tapes.com\/es\/"},{"@type":"ListItem","position":2,"name":"Cintas adhesivas","item":"https:\/\/cardinal-tapes.com\/es\/cintas-adhesivas-es\/"},{"@type":"ListItem","position":3,"name":"Cintas adhesivas de una cara","item":"https:\/\/cardinal-tapes.com\/es\/categora\/cintas-adhesivas-de-una-cara\/"},{"@type":"ListItem","position":4,"name":"tesakrepp\u00ae 4348 cinta crep\u00e9 adhesiva"}]},{"@type":"WebSite","@id":"https:\/\/cardinal-tapes.com\/#website","url":"https:\/\/cardinal-tapes.com\/","name":"cardinal TAPES","description":"Klebetechnik aus Wuppertal","potentialAction":[{"@type":"SearchAction","target":{"@type":"EntryPoint","urlTemplate":"https:\/\/cardinal-tapes.com\/?s={search_term_string}"},"query-input":{"@type":"PropertyValueSpecification","valueRequired":true,"valueName":"search_term_string"}}],"inLanguage":"es"}]}},"brands":[{"id":2163,"name":"tesa","slug":"tesa-es"}],"_links":{"self":[{"href":"https:\/\/cardinal-tapes.com\/es\/wp-json\/wp\/v2\/product\/52210","targetHints":{"allow":["GET"]}}],"collection":[{"href":"https:\/\/cardinal-tapes.com\/es\/wp-json\/wp\/v2\/product"}],"about":[{"href":"https:\/\/cardinal-tapes.com\/es\/wp-json\/wp\/v2\/types\/product"}],"wp:featuredmedia":[{"embeddable":true,"href":"https:\/\/cardinal-tapes.com\/es\/wp-json\/wp\/v2\/media\/26171"}],"wp:attachment":[{"href":"https:\/\/cardinal-tapes.com\/es\/wp-json\/wp\/v2\/media?parent=52210"}],"wp:term":[{"taxonomy":"pwb-brand","embeddable":true,"href":"https:\/\/cardinal-tapes.com\/es\/wp-json\/wp\/v2\/pwb-brand?post=52210"},{"taxonomy":"product_brand","embeddable":true,"href":"https:\/\/cardinal-tapes.com\/es\/wp-json\/wp\/v2\/product_brand?post=52210"},{"taxonomy":"product_cat","embeddable":true,"href":"https:\/\/cardinal-tapes.com\/es\/wp-json\/wp\/v2\/product_cat?post=52210"},{"taxonomy":"product_tag","embeddable":true,"href":"https:\/\/cardinal-tapes.com\/es\/wp-json\/wp\/v2\/product_tag?post=52210"}],"curies":[{"name":"wp","href":"https:\/\/api.w.org\/{rel}","templated":true}]}}