{"id":52106,"date":"2018-02-09T09:46:22","date_gmt":"2018-02-09T08:46:22","guid":{"rendered":"https:\/\/cardinal.pixel-tal.de\/klebebaender\/sin categor\u00eda\/tesafix-4970-cinta-adhesiva-de-doble-cara\/"},"modified":"2023-06-05T17:20:18","modified_gmt":"2023-06-05T15:20:18","slug":"tesa-4970-cinta-adhesiva-doble-cara","status":"publish","type":"product","link":"https:\/\/cardinal-tapes.com\/es\/cintas-adhesivas\/ambitos-de-aplicacion\/produccion-de-peliculas\/tesa-4970-cinta-adhesiva-doble-cara\/","title":{"rendered":"tesafix\u00ae 4970 cinta adhesiva de doble cara"},"content":{"rendered":"<p><sup>tesafix\u00ae<\/sup> 4970 es una cinta adhesiva de PVC de doble cara con masa adhesiva acr\u00edlica. <sup>tesafix\u00ae<\/sup> 4970 se caracteriza por una gran fuerza adhesiva. Ofrece una uni\u00f3n segura incluso en superficies adhesivas rugosas y es muy resistente a los plastificantes.<\/p>\n<p><strong>Propiedades<\/strong><br \/>\n&#8211; Gran fuerza adhesiva<br \/>\n&#8211; Resistencia a los plastificantes<\/p>\n<p><strong>Aplicaciones<\/strong><br \/>\n&#8211; Acabado autoadhesivo de perfiles de pl\u00e1stico y madera, as\u00ed como de conductos para cables.<br \/>\n&#8211; Para pegar piezas decorativas pesadas y expositores.<br \/>\n&#8211; Pegado de escamas, fajas y r\u00f3tulos.<br \/>\n&#8211; Fijaci\u00f3n y uni\u00f3n en continuo de bandas de pl\u00e1stico, metal, papel y film.<br \/>\n&#8211; Pegado de espuma y fieltro.<\/p>\n","protected":false},"excerpt":{"rendered":"<p>tesafix\u00ae 4970 es una cinta adhesiva de PVC de doble cara con masa adhesiva acr\u00edlica. tesafix\u00ae 4970 se caracteriza por una gran fuerza adhesiva. Ofrece una uni\u00f3n segura incluso en superficies adhesivas rugosas y es muy resistente a los plastificantes. Propiedades &#8211; Gran fuerza adhesiva &#8211; Resistencia a los plastificantes Aplicaciones &#8211; Acabado autoadhesivo de [&hellip;]<\/p>\n","protected":false},"featured_media":26107,"template":"","meta":{"_acf_changed":false},"pwb-brand":[2163],"product_brand":[],"product_cat":[1704,1708,1804],"product_tag":[],"class_list":{"0":"post-52106","1":"product","2":"type-product","3":"status-publish","4":"has-post-thumbnail","6":"pwb-brand-tesa-es","7":"product_cat-produccion-de-peliculas","8":"product_cat-industria-del-plastico","9":"product_cat-cintas-adhesivas-de-doble-cara","11":"first","12":"instock","13":"taxable","14":"shipping-taxable","15":"purchasable","16":"product-type-variable"},"acf":[],"yoast_head":"<!-- This site is optimized with the Yoast SEO plugin v27.3 - https:\/\/yoast.com\/product\/yoast-seo-wordpress\/ -->\n<title>tesa 4970 Cinta Adhesiva Doble Cara | Cardinal TAPES<\/title>\n<meta name=\"description\" content=\"La tesa 4970 de doble cara se caracteriza por sus elevadas fuerzas adhesivas y ofrece un pegado seguro incluso en superficies adhesivas rugosas.\" \/>\n<meta name=\"robots\" content=\"index, follow, max-snippet:-1, max-image-preview:large, max-video-preview:-1\" \/>\n<link rel=\"canonical\" href=\"https:\/\/cardinal-tapes.com\/es\/cintas-adhesivas\/ambitos-de-aplicacion\/produccion-de-peliculas\/tesa-4970-cinta-adhesiva-doble-cara\/\" \/>\n<meta property=\"og:locale\" content=\"es_ES\" \/>\n<meta property=\"og:type\" content=\"article\" \/>\n<meta property=\"og:title\" content=\"tesa 4970 Cinta Adhesiva Doble Cara | Cardinal TAPES\" \/>\n<meta property=\"og:description\" content=\"La tesa 4970 de doble cara se caracteriza por sus elevadas fuerzas adhesivas y ofrece un pegado seguro incluso en superficies adhesivas rugosas.\" \/>\n<meta property=\"og:url\" content=\"https:\/\/cardinal-tapes.com\/es\/cintas-adhesivas\/ambitos-de-aplicacion\/produccion-de-peliculas\/tesa-4970-cinta-adhesiva-doble-cara\/\" \/>\n<meta property=\"og:site_name\" content=\"cardinal TAPES\" \/>\n<meta property=\"article:modified_time\" content=\"2023-06-05T15:20:18+00:00\" \/>\n<meta property=\"og:image\" content=\"https:\/\/cardinal-tapes.com\/wp-content\/uploads\/tesa-04970.jpg\" \/>\n\t<meta property=\"og:image:width\" content=\"600\" \/>\n\t<meta property=\"og:image:height\" content=\"600\" \/>\n\t<meta property=\"og:image:type\" content=\"image\/jpeg\" \/>\n<meta name=\"twitter:card\" content=\"summary_large_image\" \/>\n<meta name=\"twitter:label1\" content=\"Tiempo de lectura\" \/>\n\t<meta name=\"twitter:data1\" content=\"1 minuto\" \/>\n<script type=\"application\/ld+json\" class=\"yoast-schema-graph\">{\"@context\":\"https:\\\/\\\/schema.org\",\"@graph\":[{\"@type\":\"WebPage\",\"@id\":\"https:\\\/\\\/cardinal-tapes.com\\\/es\\\/cintas-adhesivas\\\/ambitos-de-aplicacion\\\/produccion-de-peliculas\\\/tesa-4970-cinta-adhesiva-doble-cara\\\/\",\"url\":\"https:\\\/\\\/cardinal-tapes.com\\\/es\\\/cintas-adhesivas\\\/ambitos-de-aplicacion\\\/produccion-de-peliculas\\\/tesa-4970-cinta-adhesiva-doble-cara\\\/\",\"name\":\"tesa 4970 Cinta Adhesiva Doble Cara | Cardinal TAPES\",\"isPartOf\":{\"@id\":\"https:\\\/\\\/cardinal-tapes.com\\\/#website\"},\"primaryImageOfPage\":{\"@id\":\"https:\\\/\\\/cardinal-tapes.com\\\/es\\\/cintas-adhesivas\\\/ambitos-de-aplicacion\\\/produccion-de-peliculas\\\/tesa-4970-cinta-adhesiva-doble-cara\\\/#primaryimage\"},\"image\":{\"@id\":\"https:\\\/\\\/cardinal-tapes.com\\\/es\\\/cintas-adhesivas\\\/ambitos-de-aplicacion\\\/produccion-de-peliculas\\\/tesa-4970-cinta-adhesiva-doble-cara\\\/#primaryimage\"},\"thumbnailUrl\":\"https:\\\/\\\/cardinal-tapes.com\\\/wp-content\\\/uploads\\\/tesa-04970.jpg\",\"datePublished\":\"2018-02-09T08:46:22+00:00\",\"dateModified\":\"2023-06-05T15:20:18+00:00\",\"description\":\"La tesa 4970 de doble cara se caracteriza por sus elevadas fuerzas adhesivas y ofrece un pegado seguro incluso en superficies adhesivas rugosas.\",\"breadcrumb\":{\"@id\":\"https:\\\/\\\/cardinal-tapes.com\\\/es\\\/cintas-adhesivas\\\/ambitos-de-aplicacion\\\/produccion-de-peliculas\\\/tesa-4970-cinta-adhesiva-doble-cara\\\/#breadcrumb\"},\"inLanguage\":\"es\",\"potentialAction\":[{\"@type\":\"ReadAction\",\"target\":[\"https:\\\/\\\/cardinal-tapes.com\\\/es\\\/cintas-adhesivas\\\/ambitos-de-aplicacion\\\/produccion-de-peliculas\\\/tesa-4970-cinta-adhesiva-doble-cara\\\/\"]}]},{\"@type\":\"ImageObject\",\"inLanguage\":\"es\",\"@id\":\"https:\\\/\\\/cardinal-tapes.com\\\/es\\\/cintas-adhesivas\\\/ambitos-de-aplicacion\\\/produccion-de-peliculas\\\/tesa-4970-cinta-adhesiva-doble-cara\\\/#primaryimage\",\"url\":\"https:\\\/\\\/cardinal-tapes.com\\\/wp-content\\\/uploads\\\/tesa-04970.jpg\",\"contentUrl\":\"https:\\\/\\\/cardinal-tapes.com\\\/wp-content\\\/uploads\\\/tesa-04970.jpg\",\"width\":600,\"height\":600,\"caption\":\"tesa 4970\"},{\"@type\":\"BreadcrumbList\",\"@id\":\"https:\\\/\\\/cardinal-tapes.com\\\/es\\\/cintas-adhesivas\\\/ambitos-de-aplicacion\\\/produccion-de-peliculas\\\/tesa-4970-cinta-adhesiva-doble-cara\\\/#breadcrumb\",\"itemListElement\":[{\"@type\":\"ListItem\",\"position\":1,\"name\":\"Startseite\",\"item\":\"https:\\\/\\\/cardinal-tapes.com\\\/es\\\/\"},{\"@type\":\"ListItem\",\"position\":2,\"name\":\"Cintas adhesivas\",\"item\":\"https:\\\/\\\/cardinal-tapes.com\\\/es\\\/cintas-adhesivas-es\\\/\"},{\"@type\":\"ListItem\",\"position\":3,\"name\":\"Doppelseitige Klebeb\u00e4nder\",\"item\":\"https:\\\/\\\/cardinal-tapes.com\\\/kategorie\\\/doppelseitige-klebebaender\\\/\"},{\"@type\":\"ListItem\",\"position\":4,\"name\":\"tesafix\u00ae 4970 cinta adhesiva de doble cara\"}]},{\"@type\":\"WebSite\",\"@id\":\"https:\\\/\\\/cardinal-tapes.com\\\/#website\",\"url\":\"https:\\\/\\\/cardinal-tapes.com\\\/\",\"name\":\"cardinal TAPES\",\"description\":\"Klebetechnik aus Wuppertal\",\"potentialAction\":[{\"@type\":\"SearchAction\",\"target\":{\"@type\":\"EntryPoint\",\"urlTemplate\":\"https:\\\/\\\/cardinal-tapes.com\\\/?s={search_term_string}\"},\"query-input\":{\"@type\":\"PropertyValueSpecification\",\"valueRequired\":true,\"valueName\":\"search_term_string\"}}],\"inLanguage\":\"es\"}]}<\/script>\n<!-- \/ Yoast SEO plugin. -->","yoast_head_json":{"title":"tesa 4970 Cinta Adhesiva Doble Cara | Cardinal TAPES","description":"La tesa 4970 de doble cara se caracteriza por sus elevadas fuerzas adhesivas y ofrece un pegado seguro incluso en superficies adhesivas rugosas.","robots":{"index":"index","follow":"follow","max-snippet":"max-snippet:-1","max-image-preview":"max-image-preview:large","max-video-preview":"max-video-preview:-1"},"canonical":"https:\/\/cardinal-tapes.com\/es\/cintas-adhesivas\/ambitos-de-aplicacion\/produccion-de-peliculas\/tesa-4970-cinta-adhesiva-doble-cara\/","og_locale":"es_ES","og_type":"article","og_title":"tesa 4970 Cinta Adhesiva Doble Cara | Cardinal TAPES","og_description":"La tesa 4970 de doble cara se caracteriza por sus elevadas fuerzas adhesivas y ofrece un pegado seguro incluso en superficies adhesivas rugosas.","og_url":"https:\/\/cardinal-tapes.com\/es\/cintas-adhesivas\/ambitos-de-aplicacion\/produccion-de-peliculas\/tesa-4970-cinta-adhesiva-doble-cara\/","og_site_name":"cardinal TAPES","article_modified_time":"2023-06-05T15:20:18+00:00","og_image":[{"width":600,"height":600,"url":"https:\/\/cardinal-tapes.com\/wp-content\/uploads\/tesa-04970.jpg","type":"image\/jpeg"}],"twitter_card":"summary_large_image","twitter_misc":{"Tiempo de lectura":"1 minuto"},"schema":{"@context":"https:\/\/schema.org","@graph":[{"@type":"WebPage","@id":"https:\/\/cardinal-tapes.com\/es\/cintas-adhesivas\/ambitos-de-aplicacion\/produccion-de-peliculas\/tesa-4970-cinta-adhesiva-doble-cara\/","url":"https:\/\/cardinal-tapes.com\/es\/cintas-adhesivas\/ambitos-de-aplicacion\/produccion-de-peliculas\/tesa-4970-cinta-adhesiva-doble-cara\/","name":"tesa 4970 Cinta Adhesiva Doble Cara | Cardinal TAPES","isPartOf":{"@id":"https:\/\/cardinal-tapes.com\/#website"},"primaryImageOfPage":{"@id":"https:\/\/cardinal-tapes.com\/es\/cintas-adhesivas\/ambitos-de-aplicacion\/produccion-de-peliculas\/tesa-4970-cinta-adhesiva-doble-cara\/#primaryimage"},"image":{"@id":"https:\/\/cardinal-tapes.com\/es\/cintas-adhesivas\/ambitos-de-aplicacion\/produccion-de-peliculas\/tesa-4970-cinta-adhesiva-doble-cara\/#primaryimage"},"thumbnailUrl":"https:\/\/cardinal-tapes.com\/wp-content\/uploads\/tesa-04970.jpg","datePublished":"2018-02-09T08:46:22+00:00","dateModified":"2023-06-05T15:20:18+00:00","description":"La tesa 4970 de doble cara se caracteriza por sus elevadas fuerzas adhesivas y ofrece un pegado seguro incluso en superficies adhesivas rugosas.","breadcrumb":{"@id":"https:\/\/cardinal-tapes.com\/es\/cintas-adhesivas\/ambitos-de-aplicacion\/produccion-de-peliculas\/tesa-4970-cinta-adhesiva-doble-cara\/#breadcrumb"},"inLanguage":"es","potentialAction":[{"@type":"ReadAction","target":["https:\/\/cardinal-tapes.com\/es\/cintas-adhesivas\/ambitos-de-aplicacion\/produccion-de-peliculas\/tesa-4970-cinta-adhesiva-doble-cara\/"]}]},{"@type":"ImageObject","inLanguage":"es","@id":"https:\/\/cardinal-tapes.com\/es\/cintas-adhesivas\/ambitos-de-aplicacion\/produccion-de-peliculas\/tesa-4970-cinta-adhesiva-doble-cara\/#primaryimage","url":"https:\/\/cardinal-tapes.com\/wp-content\/uploads\/tesa-04970.jpg","contentUrl":"https:\/\/cardinal-tapes.com\/wp-content\/uploads\/tesa-04970.jpg","width":600,"height":600,"caption":"tesa 4970"},{"@type":"BreadcrumbList","@id":"https:\/\/cardinal-tapes.com\/es\/cintas-adhesivas\/ambitos-de-aplicacion\/produccion-de-peliculas\/tesa-4970-cinta-adhesiva-doble-cara\/#breadcrumb","itemListElement":[{"@type":"ListItem","position":1,"name":"Startseite","item":"https:\/\/cardinal-tapes.com\/es\/"},{"@type":"ListItem","position":2,"name":"Cintas adhesivas","item":"https:\/\/cardinal-tapes.com\/es\/cintas-adhesivas-es\/"},{"@type":"ListItem","position":3,"name":"Doppelseitige Klebeb\u00e4nder","item":"https:\/\/cardinal-tapes.com\/kategorie\/doppelseitige-klebebaender\/"},{"@type":"ListItem","position":4,"name":"tesafix\u00ae 4970 cinta adhesiva de doble cara"}]},{"@type":"WebSite","@id":"https:\/\/cardinal-tapes.com\/#website","url":"https:\/\/cardinal-tapes.com\/","name":"cardinal TAPES","description":"Klebetechnik aus Wuppertal","potentialAction":[{"@type":"SearchAction","target":{"@type":"EntryPoint","urlTemplate":"https:\/\/cardinal-tapes.com\/?s={search_term_string}"},"query-input":{"@type":"PropertyValueSpecification","valueRequired":true,"valueName":"search_term_string"}}],"inLanguage":"es"}]}},"brands":[{"id":2163,"name":"tesa","slug":"tesa-es"}],"_links":{"self":[{"href":"https:\/\/cardinal-tapes.com\/es\/wp-json\/wp\/v2\/product\/52106","targetHints":{"allow":["GET"]}}],"collection":[{"href":"https:\/\/cardinal-tapes.com\/es\/wp-json\/wp\/v2\/product"}],"about":[{"href":"https:\/\/cardinal-tapes.com\/es\/wp-json\/wp\/v2\/types\/product"}],"wp:featuredmedia":[{"embeddable":true,"href":"https:\/\/cardinal-tapes.com\/es\/wp-json\/wp\/v2\/media\/26107"}],"wp:attachment":[{"href":"https:\/\/cardinal-tapes.com\/es\/wp-json\/wp\/v2\/media?parent=52106"}],"wp:term":[{"taxonomy":"pwb-brand","embeddable":true,"href":"https:\/\/cardinal-tapes.com\/es\/wp-json\/wp\/v2\/pwb-brand?post=52106"},{"taxonomy":"product_brand","embeddable":true,"href":"https:\/\/cardinal-tapes.com\/es\/wp-json\/wp\/v2\/product_brand?post=52106"},{"taxonomy":"product_cat","embeddable":true,"href":"https:\/\/cardinal-tapes.com\/es\/wp-json\/wp\/v2\/product_cat?post=52106"},{"taxonomy":"product_tag","embeddable":true,"href":"https:\/\/cardinal-tapes.com\/es\/wp-json\/wp\/v2\/product_tag?post=52106"}],"curies":[{"name":"wp","href":"https:\/\/api.w.org\/{rel}","templated":true}]}}