{"id":51717,"date":"2018-10-02T14:38:05","date_gmt":"2023-06-05T15:10:07","guid":{"rendered":"https:\/\/cardinal.pixel-tal.de\/klebebaender\/sin%20categor\u00eda\/3m-cinta-de-transferencia-scotch-atg-926\/"},"modified":"2025-07-02T12:53:05","modified_gmt":"2025-07-02T10:53:05","slug":"3m-926-peliculas-adhesivas-sin-soportes","status":"publish","type":"product","link":"https:\/\/cardinal-tapes.com\/es\/cintas-adhesivas\/cintas-adhesivas-de-doble-cara\/3m-926-peliculas-adhesivas-sin-soportes\/","title":{"rendered":"3M\u2122 Cinta de transferencia Scotch\u00ae ATG 926"},"content":{"rendered":"<p>Scotch\u00ae ATG Transfer Tape 926 es una cinta flexible, pr\u00e1ctica, r\u00e1pida y f\u00e1cil de aplicar, adecuada para una amplia gama de sustratos y materiales. Nuestra cinta es ideal para aplicaciones que requieren una gran adherencia y resistencia al cizallamiento, as\u00ed como resistencia a altas temperaturas.<\/p>\n<p><strong>Propiedades<\/strong><br \/>\nLa cinta adhesiva de transferencia 926 est\u00e1 compuesta por un adhesivo de acrilato modificado que se caracteriza por una buena resistencia al cizallamiento, una resistencia extremadamente alta a la temperatura y a los rayos UV, as\u00ed como una muy buena resistencia a los disolventes. Esta pel\u00edcula adhesiva tiene una fuerza adhesiva muy alta en la mayor\u00eda de las superficies de materiales, incluidas las de baja energ\u00eda (por ejemplo, PP, PE).<\/p>\n<p><strong>Aplicaciones<\/strong><br \/>\n&#8211; Unir, fijar, sujetar, laminar y hacer interminables una gran variedad de materiales como metal, pintura, vidrio y pl\u00e1sticos<br \/>\n&#8211; Debido a su grosor, el 9485 es especialmente adecuado para su uso en superficies ligeramente irregulares o rugosas<br \/>\n&#8211; Empalmar l\u00e1minas de PE, PP, etc.<\/p>\n","protected":false},"excerpt":{"rendered":"<p>Scotch\u00ae ATG Transfer Tape 926 es una cinta flexible, pr\u00e1ctica, r\u00e1pida y f\u00e1cil de aplicar, adecuada para una amplia gama de sustratos y materiales. Nuestra cinta es ideal para aplicaciones que requieren una gran adherencia y resistencia al cizallamiento, as\u00ed como resistencia a altas temperaturas. Propiedades La cinta adhesiva de transferencia 926 est\u00e1 compuesta por [&hellip;]<\/p>\n","protected":false},"featured_media":27323,"template":"","meta":{"_acf_changed":false},"pwb-brand":[2169],"product_brand":[],"product_cat":[1804],"product_tag":[],"class_list":{"0":"post-51717","1":"product","2":"type-product","3":"status-publish","4":"has-post-thumbnail","6":"pwb-brand-3m-es","7":"product_cat-cintas-adhesivas-de-doble-cara","9":"first","10":"instock","11":"taxable","12":"shipping-taxable","13":"purchasable","14":"product-type-variable"},"acf":[],"yoast_head":"<!-- This site is optimized with the Yoast SEO plugin v27.3 - https:\/\/yoast.com\/product\/yoast-seo-wordpress\/ -->\n<title>3M\u2122 Scotch\u00ae ATG Cinta de transferencia 926 | Cardinal TAPES<\/title>\n<meta name=\"description\" content=\"Las l\u00e1minas adhesivas 3M 926 tienen una gran fuerza adhesiva y se caracterizan por su resistencia a la temperatura. Desc\u00fabralo ahora.\" \/>\n<meta name=\"robots\" content=\"index, follow, max-snippet:-1, max-image-preview:large, max-video-preview:-1\" \/>\n<link rel=\"canonical\" href=\"https:\/\/cardinal-tapes.com\/es\/cintas-adhesivas\/cintas-adhesivas-de-doble-cara\/3m-926-peliculas-adhesivas-sin-soportes\/\" \/>\n<meta property=\"og:locale\" content=\"es_ES\" \/>\n<meta property=\"og:type\" content=\"article\" \/>\n<meta property=\"og:title\" content=\"3M\u2122 Scotch\u00ae ATG Cinta de transferencia 926 | Cardinal TAPES\" \/>\n<meta property=\"og:description\" content=\"Las l\u00e1minas adhesivas 3M 926 tienen una gran fuerza adhesiva y se caracterizan por su resistencia a la temperatura. Desc\u00fabralo ahora.\" \/>\n<meta property=\"og:url\" content=\"https:\/\/cardinal-tapes.com\/es\/cintas-adhesivas\/cintas-adhesivas-de-doble-cara\/3m-926-peliculas-adhesivas-sin-soportes\/\" \/>\n<meta property=\"og:site_name\" content=\"cardinal TAPES\" \/>\n<meta property=\"article:modified_time\" content=\"2025-07-02T10:53:05+00:00\" \/>\n<meta property=\"og:image\" content=\"https:\/\/cardinal-tapes.com\/wp-content\/uploads\/3m_atg_klebstoff-film_926.jpg\" \/>\n\t<meta property=\"og:image:width\" content=\"2263\" \/>\n\t<meta property=\"og:image:height\" content=\"2392\" \/>\n\t<meta property=\"og:image:type\" content=\"image\/jpeg\" \/>\n<meta name=\"twitter:card\" content=\"summary_large_image\" \/>\n<meta name=\"twitter:label1\" content=\"Tiempo de lectura\" \/>\n\t<meta name=\"twitter:data1\" content=\"1 minuto\" \/>\n<script type=\"application\/ld+json\" class=\"yoast-schema-graph\">{\"@context\":\"https:\\\/\\\/schema.org\",\"@graph\":[{\"@type\":\"WebPage\",\"@id\":\"https:\\\/\\\/cardinal-tapes.com\\\/es\\\/cintas-adhesivas\\\/cintas-adhesivas-de-doble-cara\\\/3m-926-peliculas-adhesivas-sin-soportes\\\/\",\"url\":\"https:\\\/\\\/cardinal-tapes.com\\\/es\\\/cintas-adhesivas\\\/cintas-adhesivas-de-doble-cara\\\/3m-926-peliculas-adhesivas-sin-soportes\\\/\",\"name\":\"3M\u2122 Scotch\u00ae ATG Cinta de transferencia 926 | Cardinal TAPES\",\"isPartOf\":{\"@id\":\"https:\\\/\\\/cardinal-tapes.com\\\/#website\"},\"primaryImageOfPage\":{\"@id\":\"https:\\\/\\\/cardinal-tapes.com\\\/es\\\/cintas-adhesivas\\\/cintas-adhesivas-de-doble-cara\\\/3m-926-peliculas-adhesivas-sin-soportes\\\/#primaryimage\"},\"image\":{\"@id\":\"https:\\\/\\\/cardinal-tapes.com\\\/es\\\/cintas-adhesivas\\\/cintas-adhesivas-de-doble-cara\\\/3m-926-peliculas-adhesivas-sin-soportes\\\/#primaryimage\"},\"thumbnailUrl\":\"https:\\\/\\\/cardinal-tapes.com\\\/wp-content\\\/uploads\\\/3m_atg_klebstoff-film_926.jpg\",\"datePublished\":\"2023-06-05T15:10:07+00:00\",\"dateModified\":\"2025-07-02T10:53:05+00:00\",\"description\":\"Las l\u00e1minas adhesivas 3M 926 tienen una gran fuerza adhesiva y se caracterizan por su resistencia a la temperatura. Desc\u00fabralo ahora.\",\"breadcrumb\":{\"@id\":\"https:\\\/\\\/cardinal-tapes.com\\\/es\\\/cintas-adhesivas\\\/cintas-adhesivas-de-doble-cara\\\/3m-926-peliculas-adhesivas-sin-soportes\\\/#breadcrumb\"},\"inLanguage\":\"es\",\"potentialAction\":[{\"@type\":\"ReadAction\",\"target\":[\"https:\\\/\\\/cardinal-tapes.com\\\/es\\\/cintas-adhesivas\\\/cintas-adhesivas-de-doble-cara\\\/3m-926-peliculas-adhesivas-sin-soportes\\\/\"]}]},{\"@type\":\"ImageObject\",\"inLanguage\":\"es\",\"@id\":\"https:\\\/\\\/cardinal-tapes.com\\\/es\\\/cintas-adhesivas\\\/cintas-adhesivas-de-doble-cara\\\/3m-926-peliculas-adhesivas-sin-soportes\\\/#primaryimage\",\"url\":\"https:\\\/\\\/cardinal-tapes.com\\\/wp-content\\\/uploads\\\/3m_atg_klebstoff-film_926.jpg\",\"contentUrl\":\"https:\\\/\\\/cardinal-tapes.com\\\/wp-content\\\/uploads\\\/3m_atg_klebstoff-film_926.jpg\",\"width\":2263,\"height\":2392,\"caption\":\"Pel\u00edcula adhesiva 3M ATG 926\"},{\"@type\":\"BreadcrumbList\",\"@id\":\"https:\\\/\\\/cardinal-tapes.com\\\/es\\\/cintas-adhesivas\\\/cintas-adhesivas-de-doble-cara\\\/3m-926-peliculas-adhesivas-sin-soportes\\\/#breadcrumb\",\"itemListElement\":[{\"@type\":\"ListItem\",\"position\":1,\"name\":\"Startseite\",\"item\":\"https:\\\/\\\/cardinal-tapes.com\\\/es\\\/\"},{\"@type\":\"ListItem\",\"position\":2,\"name\":\"Cintas adhesivas\",\"item\":\"https:\\\/\\\/cardinal-tapes.com\\\/es\\\/cintas-adhesivas-es\\\/\"},{\"@type\":\"ListItem\",\"position\":3,\"name\":\"Cintas adhesivas de doble cara\",\"item\":\"https:\\\/\\\/cardinal-tapes.com\\\/es\\\/categora\\\/cintas-adhesivas-de-doble-cara\\\/\"},{\"@type\":\"ListItem\",\"position\":4,\"name\":\"3M\u2122 Cinta de transferencia Scotch\u00ae ATG 926\"}]},{\"@type\":\"WebSite\",\"@id\":\"https:\\\/\\\/cardinal-tapes.com\\\/#website\",\"url\":\"https:\\\/\\\/cardinal-tapes.com\\\/\",\"name\":\"cardinal TAPES\",\"description\":\"Klebetechnik aus Wuppertal\",\"potentialAction\":[{\"@type\":\"SearchAction\",\"target\":{\"@type\":\"EntryPoint\",\"urlTemplate\":\"https:\\\/\\\/cardinal-tapes.com\\\/?s={search_term_string}\"},\"query-input\":{\"@type\":\"PropertyValueSpecification\",\"valueRequired\":true,\"valueName\":\"search_term_string\"}}],\"inLanguage\":\"es\"}]}<\/script>\n<!-- \/ Yoast SEO plugin. -->","yoast_head_json":{"title":"3M\u2122 Scotch\u00ae ATG Cinta de transferencia 926 | Cardinal TAPES","description":"Las l\u00e1minas adhesivas 3M 926 tienen una gran fuerza adhesiva y se caracterizan por su resistencia a la temperatura. Desc\u00fabralo ahora.","robots":{"index":"index","follow":"follow","max-snippet":"max-snippet:-1","max-image-preview":"max-image-preview:large","max-video-preview":"max-video-preview:-1"},"canonical":"https:\/\/cardinal-tapes.com\/es\/cintas-adhesivas\/cintas-adhesivas-de-doble-cara\/3m-926-peliculas-adhesivas-sin-soportes\/","og_locale":"es_ES","og_type":"article","og_title":"3M\u2122 Scotch\u00ae ATG Cinta de transferencia 926 | Cardinal TAPES","og_description":"Las l\u00e1minas adhesivas 3M 926 tienen una gran fuerza adhesiva y se caracterizan por su resistencia a la temperatura. Desc\u00fabralo ahora.","og_url":"https:\/\/cardinal-tapes.com\/es\/cintas-adhesivas\/cintas-adhesivas-de-doble-cara\/3m-926-peliculas-adhesivas-sin-soportes\/","og_site_name":"cardinal TAPES","article_modified_time":"2025-07-02T10:53:05+00:00","og_image":[{"width":2263,"height":2392,"url":"https:\/\/cardinal-tapes.com\/wp-content\/uploads\/3m_atg_klebstoff-film_926.jpg","type":"image\/jpeg"}],"twitter_card":"summary_large_image","twitter_misc":{"Tiempo de lectura":"1 minuto"},"schema":{"@context":"https:\/\/schema.org","@graph":[{"@type":"WebPage","@id":"https:\/\/cardinal-tapes.com\/es\/cintas-adhesivas\/cintas-adhesivas-de-doble-cara\/3m-926-peliculas-adhesivas-sin-soportes\/","url":"https:\/\/cardinal-tapes.com\/es\/cintas-adhesivas\/cintas-adhesivas-de-doble-cara\/3m-926-peliculas-adhesivas-sin-soportes\/","name":"3M\u2122 Scotch\u00ae ATG Cinta de transferencia 926 | Cardinal TAPES","isPartOf":{"@id":"https:\/\/cardinal-tapes.com\/#website"},"primaryImageOfPage":{"@id":"https:\/\/cardinal-tapes.com\/es\/cintas-adhesivas\/cintas-adhesivas-de-doble-cara\/3m-926-peliculas-adhesivas-sin-soportes\/#primaryimage"},"image":{"@id":"https:\/\/cardinal-tapes.com\/es\/cintas-adhesivas\/cintas-adhesivas-de-doble-cara\/3m-926-peliculas-adhesivas-sin-soportes\/#primaryimage"},"thumbnailUrl":"https:\/\/cardinal-tapes.com\/wp-content\/uploads\/3m_atg_klebstoff-film_926.jpg","datePublished":"2023-06-05T15:10:07+00:00","dateModified":"2025-07-02T10:53:05+00:00","description":"Las l\u00e1minas adhesivas 3M 926 tienen una gran fuerza adhesiva y se caracterizan por su resistencia a la temperatura. Desc\u00fabralo ahora.","breadcrumb":{"@id":"https:\/\/cardinal-tapes.com\/es\/cintas-adhesivas\/cintas-adhesivas-de-doble-cara\/3m-926-peliculas-adhesivas-sin-soportes\/#breadcrumb"},"inLanguage":"es","potentialAction":[{"@type":"ReadAction","target":["https:\/\/cardinal-tapes.com\/es\/cintas-adhesivas\/cintas-adhesivas-de-doble-cara\/3m-926-peliculas-adhesivas-sin-soportes\/"]}]},{"@type":"ImageObject","inLanguage":"es","@id":"https:\/\/cardinal-tapes.com\/es\/cintas-adhesivas\/cintas-adhesivas-de-doble-cara\/3m-926-peliculas-adhesivas-sin-soportes\/#primaryimage","url":"https:\/\/cardinal-tapes.com\/wp-content\/uploads\/3m_atg_klebstoff-film_926.jpg","contentUrl":"https:\/\/cardinal-tapes.com\/wp-content\/uploads\/3m_atg_klebstoff-film_926.jpg","width":2263,"height":2392,"caption":"Pel\u00edcula adhesiva 3M ATG 926"},{"@type":"BreadcrumbList","@id":"https:\/\/cardinal-tapes.com\/es\/cintas-adhesivas\/cintas-adhesivas-de-doble-cara\/3m-926-peliculas-adhesivas-sin-soportes\/#breadcrumb","itemListElement":[{"@type":"ListItem","position":1,"name":"Startseite","item":"https:\/\/cardinal-tapes.com\/es\/"},{"@type":"ListItem","position":2,"name":"Cintas adhesivas","item":"https:\/\/cardinal-tapes.com\/es\/cintas-adhesivas-es\/"},{"@type":"ListItem","position":3,"name":"Cintas adhesivas de doble cara","item":"https:\/\/cardinal-tapes.com\/es\/categora\/cintas-adhesivas-de-doble-cara\/"},{"@type":"ListItem","position":4,"name":"3M\u2122 Cinta de transferencia Scotch\u00ae ATG 926"}]},{"@type":"WebSite","@id":"https:\/\/cardinal-tapes.com\/#website","url":"https:\/\/cardinal-tapes.com\/","name":"cardinal TAPES","description":"Klebetechnik aus Wuppertal","potentialAction":[{"@type":"SearchAction","target":{"@type":"EntryPoint","urlTemplate":"https:\/\/cardinal-tapes.com\/?s={search_term_string}"},"query-input":{"@type":"PropertyValueSpecification","valueRequired":true,"valueName":"search_term_string"}}],"inLanguage":"es"}]}},"brands":[{"id":2169,"name":"3M","slug":"3m-es"}],"_links":{"self":[{"href":"https:\/\/cardinal-tapes.com\/es\/wp-json\/wp\/v2\/product\/51717","targetHints":{"allow":["GET"]}}],"collection":[{"href":"https:\/\/cardinal-tapes.com\/es\/wp-json\/wp\/v2\/product"}],"about":[{"href":"https:\/\/cardinal-tapes.com\/es\/wp-json\/wp\/v2\/types\/product"}],"wp:featuredmedia":[{"embeddable":true,"href":"https:\/\/cardinal-tapes.com\/es\/wp-json\/wp\/v2\/media\/27323"}],"wp:attachment":[{"href":"https:\/\/cardinal-tapes.com\/es\/wp-json\/wp\/v2\/media?parent=51717"}],"wp:term":[{"taxonomy":"pwb-brand","embeddable":true,"href":"https:\/\/cardinal-tapes.com\/es\/wp-json\/wp\/v2\/pwb-brand?post=51717"},{"taxonomy":"product_brand","embeddable":true,"href":"https:\/\/cardinal-tapes.com\/es\/wp-json\/wp\/v2\/product_brand?post=51717"},{"taxonomy":"product_cat","embeddable":true,"href":"https:\/\/cardinal-tapes.com\/es\/wp-json\/wp\/v2\/product_cat?post=51717"},{"taxonomy":"product_tag","embeddable":true,"href":"https:\/\/cardinal-tapes.com\/es\/wp-json\/wp\/v2\/product_tag?post=51717"}],"curies":[{"name":"wp","href":"https:\/\/api.w.org\/{rel}","templated":true}]}}