{"id":51716,"date":"2018-10-02T13:31:22","date_gmt":"2018-10-02T11:31:22","guid":{"rendered":"https:\/\/cardinal.pixel-tal.de\/klebebaender\/sin%20categor\u00eda\/3m-cinta-de-transferencia-scotch-atg-904\/"},"modified":"2025-07-02T12:50:57","modified_gmt":"2025-07-02T10:50:57","slug":"3m-904-peliculas-adhesivas-sin-soportes","status":"publish","type":"product","link":"https:\/\/cardinal-tapes.com\/es\/cintas-adhesivas\/ambitos-de-aplicacion\/impresion-y-artes-graficas\/3m-904-peliculas-adhesivas-sin-soportes\/","title":{"rendered":"3M\u2122 Cinta de transferencia Scotch\u00ae ATG 904"},"content":{"rendered":"<p>3M\u2122 ATG Transfer Tape 904 se adhiere instant\u00e1neamente, proporciona uniones resistentes al envejecimiento y tiene una alta resistencia al cizallamiento. Nuestra cinta adhesiva es ideal para pasatiempos y manualidades y se aplica de forma r\u00e1pida y limpia. Por lo tanto, es adecuado para hacer tarjetas, \u00e1lbumes de recortes y para su uso en art\u00edculos de papeler\u00eda. La cinta adhesiva 904 es una cinta adhesiva de transferencia transparente y vers\u00e1til compuesta por un adhesivo acr\u00edlico sobre papel protector blanco recubierto de PE, que presenta una buena resistencia a la temperatura.<\/p>\n<p><strong>Propiedades<\/strong><br \/>\nLa pel\u00edcula adhesiva transferible en seco 9605 de la cinta adhesiva 904 est\u00e1 formada por un adhesivo de acrilato resistente al envejecimiento que se caracteriza por una elevada adhesi\u00f3n instant\u00e1nea y resistencia al cizallamiento, as\u00ed como una buena resistencia a los rayos UV y a los disolventes.<\/p>\n<p><strong>Aplicaciones<\/strong><br \/>\n&#8211; Uni\u00f3n, fijaci\u00f3n y laminado de diversos materiales como metales, superficies pintadas, papel, vidrio, cer\u00e1mica y la mayor\u00eda de los pl\u00e1sticos<br \/>\n&#8211; Empalme de alta velocidad en la industria papelera y en imprentas (9605)<br \/>\n&#8211; Empalme sin fin de bandas de papel, metal, tela y pl\u00e1stico<br \/>\n&#8211; Acabado o montaje autoadhesivo de emblemas, se\u00f1ales, fotos, expositores y carteles<\/p>\n","protected":false},"excerpt":{"rendered":"<p>3M\u2122 ATG Transfer Tape 904 se adhiere instant\u00e1neamente, proporciona uniones resistentes al envejecimiento y tiene una alta resistencia al cizallamiento. Nuestra cinta adhesiva es ideal para pasatiempos y manualidades y se aplica de forma r\u00e1pida y limpia. Por lo tanto, es adecuado para hacer tarjetas, \u00e1lbumes de recortes y para su uso en art\u00edculos de [&hellip;]<\/p>\n","protected":false},"featured_media":27311,"template":"","meta":{"_acf_changed":false},"pwb-brand":[2169],"product_brand":[],"product_cat":[1702,1804],"product_tag":[],"class_list":{"0":"post-51716","1":"product","2":"type-product","3":"status-publish","4":"has-post-thumbnail","6":"pwb-brand-3m-es","7":"product_cat-impresion-y-artes-graficas","8":"product_cat-cintas-adhesivas-de-doble-cara","10":"first","11":"instock","12":"taxable","13":"shipping-taxable","14":"purchasable","15":"product-type-variable"},"acf":[],"yoast_head":"<!-- This site is optimized with the Yoast SEO plugin v27.3 - https:\/\/yoast.com\/product\/yoast-seo-wordpress\/ -->\n<title>3M 904 L\u00e1minas adhesivas sin soporte | cardinal TAPES<\/title>\n<meta name=\"description\" content=\"Las l\u00e1minas adhesivas de 3M se caracterizan por una gran adherencia instant\u00e1nea, una buena fuerza de cizallamiento y una elevada resistencia adhesiva. Compru\u00e9belo usted mismo.\" \/>\n<meta name=\"robots\" content=\"index, follow, max-snippet:-1, max-image-preview:large, max-video-preview:-1\" \/>\n<link rel=\"canonical\" href=\"https:\/\/cardinal-tapes.com\/es\/cintas-adhesivas\/ambitos-de-aplicacion\/impresion-y-artes-graficas\/3m-904-peliculas-adhesivas-sin-soportes\/\" \/>\n<meta property=\"og:locale\" content=\"es_ES\" \/>\n<meta property=\"og:type\" content=\"article\" \/>\n<meta property=\"og:title\" content=\"3M 904 L\u00e1minas adhesivas sin soporte | cardinal TAPES\" \/>\n<meta property=\"og:description\" content=\"Las l\u00e1minas adhesivas de 3M se caracterizan por una gran adherencia instant\u00e1nea, una buena fuerza de cizallamiento y una elevada resistencia adhesiva. Compru\u00e9belo usted mismo.\" \/>\n<meta property=\"og:url\" content=\"https:\/\/cardinal-tapes.com\/es\/cintas-adhesivas\/ambitos-de-aplicacion\/impresion-y-artes-graficas\/3m-904-peliculas-adhesivas-sin-soportes\/\" \/>\n<meta property=\"og:site_name\" content=\"cardinal TAPES\" \/>\n<meta property=\"article:modified_time\" content=\"2025-07-02T10:50:57+00:00\" \/>\n<meta property=\"og:image\" content=\"https:\/\/cardinal-tapes.com\/wp-content\/uploads\/3M-atg-904-scaled.jpg\" \/>\n\t<meta property=\"og:image:width\" content=\"2271\" \/>\n\t<meta property=\"og:image:height\" content=\"2560\" \/>\n\t<meta property=\"og:image:type\" content=\"image\/jpeg\" \/>\n<meta name=\"twitter:card\" content=\"summary_large_image\" \/>\n<meta name=\"twitter:label1\" content=\"Tiempo de lectura\" \/>\n\t<meta name=\"twitter:data1\" content=\"1 minuto\" \/>\n<script type=\"application\/ld+json\" class=\"yoast-schema-graph\">{\"@context\":\"https:\\\/\\\/schema.org\",\"@graph\":[{\"@type\":\"WebPage\",\"@id\":\"https:\\\/\\\/cardinal-tapes.com\\\/es\\\/cintas-adhesivas\\\/ambitos-de-aplicacion\\\/impresion-y-artes-graficas\\\/3m-904-peliculas-adhesivas-sin-soportes\\\/\",\"url\":\"https:\\\/\\\/cardinal-tapes.com\\\/es\\\/cintas-adhesivas\\\/ambitos-de-aplicacion\\\/impresion-y-artes-graficas\\\/3m-904-peliculas-adhesivas-sin-soportes\\\/\",\"name\":\"3M 904 L\u00e1minas adhesivas sin soporte | cardinal TAPES\",\"isPartOf\":{\"@id\":\"https:\\\/\\\/cardinal-tapes.com\\\/#website\"},\"primaryImageOfPage\":{\"@id\":\"https:\\\/\\\/cardinal-tapes.com\\\/es\\\/cintas-adhesivas\\\/ambitos-de-aplicacion\\\/impresion-y-artes-graficas\\\/3m-904-peliculas-adhesivas-sin-soportes\\\/#primaryimage\"},\"image\":{\"@id\":\"https:\\\/\\\/cardinal-tapes.com\\\/es\\\/cintas-adhesivas\\\/ambitos-de-aplicacion\\\/impresion-y-artes-graficas\\\/3m-904-peliculas-adhesivas-sin-soportes\\\/#primaryimage\"},\"thumbnailUrl\":\"https:\\\/\\\/cardinal-tapes.com\\\/wp-content\\\/uploads\\\/3M-atg-904-scaled.jpg\",\"datePublished\":\"2018-10-02T11:31:22+00:00\",\"dateModified\":\"2025-07-02T10:50:57+00:00\",\"description\":\"Las l\u00e1minas adhesivas de 3M se caracterizan por una gran adherencia instant\u00e1nea, una buena fuerza de cizallamiento y una elevada resistencia adhesiva. Compru\u00e9belo usted mismo.\",\"breadcrumb\":{\"@id\":\"https:\\\/\\\/cardinal-tapes.com\\\/es\\\/cintas-adhesivas\\\/ambitos-de-aplicacion\\\/impresion-y-artes-graficas\\\/3m-904-peliculas-adhesivas-sin-soportes\\\/#breadcrumb\"},\"inLanguage\":\"es\",\"potentialAction\":[{\"@type\":\"ReadAction\",\"target\":[\"https:\\\/\\\/cardinal-tapes.com\\\/es\\\/cintas-adhesivas\\\/ambitos-de-aplicacion\\\/impresion-y-artes-graficas\\\/3m-904-peliculas-adhesivas-sin-soportes\\\/\"]}]},{\"@type\":\"ImageObject\",\"inLanguage\":\"es\",\"@id\":\"https:\\\/\\\/cardinal-tapes.com\\\/es\\\/cintas-adhesivas\\\/ambitos-de-aplicacion\\\/impresion-y-artes-graficas\\\/3m-904-peliculas-adhesivas-sin-soportes\\\/#primaryimage\",\"url\":\"https:\\\/\\\/cardinal-tapes.com\\\/wp-content\\\/uploads\\\/3M-atg-904-scaled.jpg\",\"contentUrl\":\"https:\\\/\\\/cardinal-tapes.com\\\/wp-content\\\/uploads\\\/3M-atg-904-scaled.jpg\",\"width\":2271,\"height\":2560,\"caption\":\"3M ATG 904\"},{\"@type\":\"BreadcrumbList\",\"@id\":\"https:\\\/\\\/cardinal-tapes.com\\\/es\\\/cintas-adhesivas\\\/ambitos-de-aplicacion\\\/impresion-y-artes-graficas\\\/3m-904-peliculas-adhesivas-sin-soportes\\\/#breadcrumb\",\"itemListElement\":[{\"@type\":\"ListItem\",\"position\":1,\"name\":\"Startseite\",\"item\":\"https:\\\/\\\/cardinal-tapes.com\\\/es\\\/\"},{\"@type\":\"ListItem\",\"position\":2,\"name\":\"Cintas adhesivas\",\"item\":\"https:\\\/\\\/cardinal-tapes.com\\\/es\\\/cintas-adhesivas-es\\\/\"},{\"@type\":\"ListItem\",\"position\":3,\"name\":\"\u00c1mbitos de aplicaci\u00f3n\",\"item\":\"https:\\\/\\\/cardinal-tapes.com\\\/es\\\/categora\\\/ambitos-de-aplicacion\\\/\"},{\"@type\":\"ListItem\",\"position\":4,\"name\":\"Impresi\u00f3n y artes gr\u00e1ficas\",\"item\":\"https:\\\/\\\/cardinal-tapes.com\\\/es\\\/categora\\\/impresion-y-artes-graficas\\\/\"},{\"@type\":\"ListItem\",\"position\":5,\"name\":\"3M\u2122 Cinta de transferencia Scotch\u00ae ATG 904\"}]},{\"@type\":\"WebSite\",\"@id\":\"https:\\\/\\\/cardinal-tapes.com\\\/#website\",\"url\":\"https:\\\/\\\/cardinal-tapes.com\\\/\",\"name\":\"cardinal TAPES\",\"description\":\"Klebetechnik aus Wuppertal\",\"potentialAction\":[{\"@type\":\"SearchAction\",\"target\":{\"@type\":\"EntryPoint\",\"urlTemplate\":\"https:\\\/\\\/cardinal-tapes.com\\\/?s={search_term_string}\"},\"query-input\":{\"@type\":\"PropertyValueSpecification\",\"valueRequired\":true,\"valueName\":\"search_term_string\"}}],\"inLanguage\":\"es\"}]}<\/script>\n<!-- \/ Yoast SEO plugin. -->","yoast_head_json":{"title":"3M 904 L\u00e1minas adhesivas sin soporte | cardinal TAPES","description":"Las l\u00e1minas adhesivas de 3M se caracterizan por una gran adherencia instant\u00e1nea, una buena fuerza de cizallamiento y una elevada resistencia adhesiva. Compru\u00e9belo usted mismo.","robots":{"index":"index","follow":"follow","max-snippet":"max-snippet:-1","max-image-preview":"max-image-preview:large","max-video-preview":"max-video-preview:-1"},"canonical":"https:\/\/cardinal-tapes.com\/es\/cintas-adhesivas\/ambitos-de-aplicacion\/impresion-y-artes-graficas\/3m-904-peliculas-adhesivas-sin-soportes\/","og_locale":"es_ES","og_type":"article","og_title":"3M 904 L\u00e1minas adhesivas sin soporte | cardinal TAPES","og_description":"Las l\u00e1minas adhesivas de 3M se caracterizan por una gran adherencia instant\u00e1nea, una buena fuerza de cizallamiento y una elevada resistencia adhesiva. Compru\u00e9belo usted mismo.","og_url":"https:\/\/cardinal-tapes.com\/es\/cintas-adhesivas\/ambitos-de-aplicacion\/impresion-y-artes-graficas\/3m-904-peliculas-adhesivas-sin-soportes\/","og_site_name":"cardinal TAPES","article_modified_time":"2025-07-02T10:50:57+00:00","og_image":[{"width":2271,"height":2560,"url":"https:\/\/cardinal-tapes.com\/wp-content\/uploads\/3M-atg-904-scaled.jpg","type":"image\/jpeg"}],"twitter_card":"summary_large_image","twitter_misc":{"Tiempo de lectura":"1 minuto"},"schema":{"@context":"https:\/\/schema.org","@graph":[{"@type":"WebPage","@id":"https:\/\/cardinal-tapes.com\/es\/cintas-adhesivas\/ambitos-de-aplicacion\/impresion-y-artes-graficas\/3m-904-peliculas-adhesivas-sin-soportes\/","url":"https:\/\/cardinal-tapes.com\/es\/cintas-adhesivas\/ambitos-de-aplicacion\/impresion-y-artes-graficas\/3m-904-peliculas-adhesivas-sin-soportes\/","name":"3M 904 L\u00e1minas adhesivas sin soporte | cardinal TAPES","isPartOf":{"@id":"https:\/\/cardinal-tapes.com\/#website"},"primaryImageOfPage":{"@id":"https:\/\/cardinal-tapes.com\/es\/cintas-adhesivas\/ambitos-de-aplicacion\/impresion-y-artes-graficas\/3m-904-peliculas-adhesivas-sin-soportes\/#primaryimage"},"image":{"@id":"https:\/\/cardinal-tapes.com\/es\/cintas-adhesivas\/ambitos-de-aplicacion\/impresion-y-artes-graficas\/3m-904-peliculas-adhesivas-sin-soportes\/#primaryimage"},"thumbnailUrl":"https:\/\/cardinal-tapes.com\/wp-content\/uploads\/3M-atg-904-scaled.jpg","datePublished":"2018-10-02T11:31:22+00:00","dateModified":"2025-07-02T10:50:57+00:00","description":"Las l\u00e1minas adhesivas de 3M se caracterizan por una gran adherencia instant\u00e1nea, una buena fuerza de cizallamiento y una elevada resistencia adhesiva. Compru\u00e9belo usted mismo.","breadcrumb":{"@id":"https:\/\/cardinal-tapes.com\/es\/cintas-adhesivas\/ambitos-de-aplicacion\/impresion-y-artes-graficas\/3m-904-peliculas-adhesivas-sin-soportes\/#breadcrumb"},"inLanguage":"es","potentialAction":[{"@type":"ReadAction","target":["https:\/\/cardinal-tapes.com\/es\/cintas-adhesivas\/ambitos-de-aplicacion\/impresion-y-artes-graficas\/3m-904-peliculas-adhesivas-sin-soportes\/"]}]},{"@type":"ImageObject","inLanguage":"es","@id":"https:\/\/cardinal-tapes.com\/es\/cintas-adhesivas\/ambitos-de-aplicacion\/impresion-y-artes-graficas\/3m-904-peliculas-adhesivas-sin-soportes\/#primaryimage","url":"https:\/\/cardinal-tapes.com\/wp-content\/uploads\/3M-atg-904-scaled.jpg","contentUrl":"https:\/\/cardinal-tapes.com\/wp-content\/uploads\/3M-atg-904-scaled.jpg","width":2271,"height":2560,"caption":"3M ATG 904"},{"@type":"BreadcrumbList","@id":"https:\/\/cardinal-tapes.com\/es\/cintas-adhesivas\/ambitos-de-aplicacion\/impresion-y-artes-graficas\/3m-904-peliculas-adhesivas-sin-soportes\/#breadcrumb","itemListElement":[{"@type":"ListItem","position":1,"name":"Startseite","item":"https:\/\/cardinal-tapes.com\/es\/"},{"@type":"ListItem","position":2,"name":"Cintas adhesivas","item":"https:\/\/cardinal-tapes.com\/es\/cintas-adhesivas-es\/"},{"@type":"ListItem","position":3,"name":"\u00c1mbitos de aplicaci\u00f3n","item":"https:\/\/cardinal-tapes.com\/es\/categora\/ambitos-de-aplicacion\/"},{"@type":"ListItem","position":4,"name":"Impresi\u00f3n y artes gr\u00e1ficas","item":"https:\/\/cardinal-tapes.com\/es\/categora\/impresion-y-artes-graficas\/"},{"@type":"ListItem","position":5,"name":"3M\u2122 Cinta de transferencia Scotch\u00ae ATG 904"}]},{"@type":"WebSite","@id":"https:\/\/cardinal-tapes.com\/#website","url":"https:\/\/cardinal-tapes.com\/","name":"cardinal TAPES","description":"Klebetechnik aus Wuppertal","potentialAction":[{"@type":"SearchAction","target":{"@type":"EntryPoint","urlTemplate":"https:\/\/cardinal-tapes.com\/?s={search_term_string}"},"query-input":{"@type":"PropertyValueSpecification","valueRequired":true,"valueName":"search_term_string"}}],"inLanguage":"es"}]}},"brands":[{"id":2169,"name":"3M","slug":"3m-es"}],"_links":{"self":[{"href":"https:\/\/cardinal-tapes.com\/es\/wp-json\/wp\/v2\/product\/51716","targetHints":{"allow":["GET"]}}],"collection":[{"href":"https:\/\/cardinal-tapes.com\/es\/wp-json\/wp\/v2\/product"}],"about":[{"href":"https:\/\/cardinal-tapes.com\/es\/wp-json\/wp\/v2\/types\/product"}],"wp:featuredmedia":[{"embeddable":true,"href":"https:\/\/cardinal-tapes.com\/es\/wp-json\/wp\/v2\/media\/27311"}],"wp:attachment":[{"href":"https:\/\/cardinal-tapes.com\/es\/wp-json\/wp\/v2\/media?parent=51716"}],"wp:term":[{"taxonomy":"pwb-brand","embeddable":true,"href":"https:\/\/cardinal-tapes.com\/es\/wp-json\/wp\/v2\/pwb-brand?post=51716"},{"taxonomy":"product_brand","embeddable":true,"href":"https:\/\/cardinal-tapes.com\/es\/wp-json\/wp\/v2\/product_brand?post=51716"},{"taxonomy":"product_cat","embeddable":true,"href":"https:\/\/cardinal-tapes.com\/es\/wp-json\/wp\/v2\/product_cat?post=51716"},{"taxonomy":"product_tag","embeddable":true,"href":"https:\/\/cardinal-tapes.com\/es\/wp-json\/wp\/v2\/product_tag?post=51716"}],"curies":[{"name":"wp","href":"https:\/\/api.w.org\/{rel}","templated":true}]}}