{"id":51715,"date":"2018-10-02T14:03:02","date_gmt":"2023-06-05T15:10:07","guid":{"rendered":"https:\/\/cardinal.pixel-tal.de\/klebebaender\/sin%20categor\u00eda\/3m-cinta-de-transferencia-scotch-atg-924\/"},"modified":"2025-07-02T12:55:55","modified_gmt":"2025-07-02T10:55:55","slug":"3m-924-peliculas-adhesivas-sin-soportes","status":"publish","type":"product","link":"https:\/\/cardinal-tapes.com\/es\/cintas-adhesivas\/cintas-adhesivas-de-doble-cara\/3m-924-peliculas-adhesivas-sin-soportes\/","title":{"rendered":"3M\u2122 Cinta de transferencia Scotch\u00ae ATG 924"},"content":{"rendered":"<div id=\"detail-holder\">\n<div class=\"left\">\n<div id=\"detail-image-holder\">\n<div align=\"center\">\n<p style=\"text-align: left;\">La pel\u00edcula adhesiva transparente 3M\u2122 ATG 924 de la serie de adhesivos 400 garantiza una gran fuerza adhesiva en la mayor\u00eda de superficies de materiales, como metal, pintura, la mayor\u00eda de superficies de pl\u00e1stico, papel, cart\u00f3n, madera o vidrio. La cinta adhesiva de 0,05 mm de grosor es resistente a temperaturas de hasta +85 \u00b0C (+120 \u00b0C durante breves periodos) y se caracteriza sobre todo por su elevada adherencia inmediata. Adem\u00e1s, la cinta adhesiva 924 es especialmente adecuada para fijar, ensamblar y montar materiales publicitarios.<\/p>\n<p style=\"text-align: left;\"><strong>Propiedades<\/strong><br \/>\nLa pel\u00edcula adhesiva transferible en seco 465 de la cinta adhesiva transferible 924 est\u00e1 formada por un adhesivo de acrilato resistente al envejecimiento que se caracteriza por una gran adherencia instant\u00e1nea, una buena resistencia al cizallamiento, una excelente resistencia a los rayos UV y una buena resistencia a los disolventes.<\/p>\n<p style=\"text-align: left;\"><strong>Aplicaciones<\/strong><br \/>\n&#8211; Pegado de paspart\u00fas a marcos de cuadros y cubiertas de libros<br \/>\n&#8211; Fijaci\u00f3n en la industria gr\u00e1fica<br \/>\n&#8211; Para PLV, expositores publicitarios y encartes<br \/>\n&#8211; Pegado de invitaciones, expositores de mesa y tarjetas<\/p>\n<p>&nbsp;<\/p>\n<\/div>\n<\/div>\n<\/div>\n<\/div>\n","protected":false},"excerpt":{"rendered":"<p>La pel\u00edcula adhesiva transparente 3M\u2122 ATG 924 de la serie de adhesivos 400 garantiza una gran fuerza adhesiva en la mayor\u00eda de superficies de materiales, como metal, pintura, la mayor\u00eda de superficies de pl\u00e1stico, papel, cart\u00f3n, madera o vidrio. La cinta adhesiva de 0,05 mm de grosor es resistente a temperaturas de hasta +85 \u00b0C [&hellip;]<\/p>\n","protected":false},"featured_media":27319,"template":"","meta":{"_acf_changed":false},"pwb-brand":[2169],"product_brand":[],"product_cat":[1804],"product_tag":[],"class_list":{"0":"post-51715","1":"product","2":"type-product","3":"status-publish","4":"has-post-thumbnail","6":"pwb-brand-3m-es","7":"product_cat-cintas-adhesivas-de-doble-cara","9":"first","10":"instock","11":"taxable","12":"shipping-taxable","13":"purchasable","14":"product-type-variable"},"acf":[],"yoast_head":"<!-- This site is optimized with the Yoast SEO plugin v27.3 - https:\/\/yoast.com\/product\/yoast-seo-wordpress\/ -->\n<title>3M 924 L\u00e1minas adhesivas sin soporte | Cintas cardinales<\/title>\n<meta name=\"description\" content=\"Las l\u00e1minas adhesivas 3M 924 de adhesivo de acrilato de doble cara fuertemente adherente se caracterizan por su \u00f3ptima adherencia inmediata. Compru\u00e9belo usted mismo.\" \/>\n<meta name=\"robots\" content=\"index, follow, max-snippet:-1, max-image-preview:large, max-video-preview:-1\" \/>\n<link rel=\"canonical\" href=\"https:\/\/cardinal-tapes.com\/es\/cintas-adhesivas\/cintas-adhesivas-de-doble-cara\/3m-924-peliculas-adhesivas-sin-soportes\/\" \/>\n<meta property=\"og:locale\" content=\"es_ES\" \/>\n<meta property=\"og:type\" content=\"article\" \/>\n<meta property=\"og:title\" content=\"3M 924 L\u00e1minas adhesivas sin soporte | Cintas cardinales\" \/>\n<meta property=\"og:description\" content=\"Las l\u00e1minas adhesivas 3M 924 de adhesivo de acrilato de doble cara fuertemente adherente se caracterizan por su \u00f3ptima adherencia inmediata. Compru\u00e9belo usted mismo.\" \/>\n<meta property=\"og:url\" content=\"https:\/\/cardinal-tapes.com\/es\/cintas-adhesivas\/cintas-adhesivas-de-doble-cara\/3m-924-peliculas-adhesivas-sin-soportes\/\" \/>\n<meta property=\"og:site_name\" content=\"cardinal TAPES\" \/>\n<meta property=\"article:modified_time\" content=\"2025-07-02T10:55:55+00:00\" \/>\n<meta property=\"og:image\" content=\"https:\/\/cardinal-tapes.com\/wp-content\/uploads\/3m_atg_klebstoff-film_924-scaled.jpg\" \/>\n\t<meta property=\"og:image:width\" content=\"2560\" \/>\n\t<meta property=\"og:image:height\" content=\"2550\" \/>\n\t<meta property=\"og:image:type\" content=\"image\/jpeg\" \/>\n<meta name=\"twitter:card\" content=\"summary_large_image\" \/>\n<meta name=\"twitter:label1\" content=\"Tiempo de lectura\" \/>\n\t<meta name=\"twitter:data1\" content=\"1 minuto\" \/>\n<script type=\"application\/ld+json\" class=\"yoast-schema-graph\">{\"@context\":\"https:\\\/\\\/schema.org\",\"@graph\":[{\"@type\":\"WebPage\",\"@id\":\"https:\\\/\\\/cardinal-tapes.com\\\/es\\\/cintas-adhesivas\\\/cintas-adhesivas-de-doble-cara\\\/3m-924-peliculas-adhesivas-sin-soportes\\\/\",\"url\":\"https:\\\/\\\/cardinal-tapes.com\\\/es\\\/cintas-adhesivas\\\/cintas-adhesivas-de-doble-cara\\\/3m-924-peliculas-adhesivas-sin-soportes\\\/\",\"name\":\"3M 924 L\u00e1minas adhesivas sin soporte | Cintas cardinales\",\"isPartOf\":{\"@id\":\"https:\\\/\\\/cardinal-tapes.com\\\/#website\"},\"primaryImageOfPage\":{\"@id\":\"https:\\\/\\\/cardinal-tapes.com\\\/es\\\/cintas-adhesivas\\\/cintas-adhesivas-de-doble-cara\\\/3m-924-peliculas-adhesivas-sin-soportes\\\/#primaryimage\"},\"image\":{\"@id\":\"https:\\\/\\\/cardinal-tapes.com\\\/es\\\/cintas-adhesivas\\\/cintas-adhesivas-de-doble-cara\\\/3m-924-peliculas-adhesivas-sin-soportes\\\/#primaryimage\"},\"thumbnailUrl\":\"https:\\\/\\\/cardinal-tapes.com\\\/wp-content\\\/uploads\\\/3m_atg_klebstoff-film_924-scaled.jpg\",\"datePublished\":\"2023-06-05T15:10:07+00:00\",\"dateModified\":\"2025-07-02T10:55:55+00:00\",\"description\":\"Las l\u00e1minas adhesivas 3M 924 de adhesivo de acrilato de doble cara fuertemente adherente se caracterizan por su \u00f3ptima adherencia inmediata. Compru\u00e9belo usted mismo.\",\"breadcrumb\":{\"@id\":\"https:\\\/\\\/cardinal-tapes.com\\\/es\\\/cintas-adhesivas\\\/cintas-adhesivas-de-doble-cara\\\/3m-924-peliculas-adhesivas-sin-soportes\\\/#breadcrumb\"},\"inLanguage\":\"es\",\"potentialAction\":[{\"@type\":\"ReadAction\",\"target\":[\"https:\\\/\\\/cardinal-tapes.com\\\/es\\\/cintas-adhesivas\\\/cintas-adhesivas-de-doble-cara\\\/3m-924-peliculas-adhesivas-sin-soportes\\\/\"]}]},{\"@type\":\"ImageObject\",\"inLanguage\":\"es\",\"@id\":\"https:\\\/\\\/cardinal-tapes.com\\\/es\\\/cintas-adhesivas\\\/cintas-adhesivas-de-doble-cara\\\/3m-924-peliculas-adhesivas-sin-soportes\\\/#primaryimage\",\"url\":\"https:\\\/\\\/cardinal-tapes.com\\\/wp-content\\\/uploads\\\/3m_atg_klebstoff-film_924-scaled.jpg\",\"contentUrl\":\"https:\\\/\\\/cardinal-tapes.com\\\/wp-content\\\/uploads\\\/3m_atg_klebstoff-film_924-scaled.jpg\",\"width\":2560,\"height\":2550,\"caption\":\"Pel\u00edcula adhesiva 3M ATG 924\"},{\"@type\":\"BreadcrumbList\",\"@id\":\"https:\\\/\\\/cardinal-tapes.com\\\/es\\\/cintas-adhesivas\\\/cintas-adhesivas-de-doble-cara\\\/3m-924-peliculas-adhesivas-sin-soportes\\\/#breadcrumb\",\"itemListElement\":[{\"@type\":\"ListItem\",\"position\":1,\"name\":\"Startseite\",\"item\":\"https:\\\/\\\/cardinal-tapes.com\\\/es\\\/\"},{\"@type\":\"ListItem\",\"position\":2,\"name\":\"Cintas adhesivas\",\"item\":\"https:\\\/\\\/cardinal-tapes.com\\\/es\\\/cintas-adhesivas-es\\\/\"},{\"@type\":\"ListItem\",\"position\":3,\"name\":\"Cintas adhesivas de doble cara\",\"item\":\"https:\\\/\\\/cardinal-tapes.com\\\/es\\\/categora\\\/cintas-adhesivas-de-doble-cara\\\/\"},{\"@type\":\"ListItem\",\"position\":4,\"name\":\"3M\u2122 Cinta de transferencia Scotch\u00ae ATG 924\"}]},{\"@type\":\"WebSite\",\"@id\":\"https:\\\/\\\/cardinal-tapes.com\\\/#website\",\"url\":\"https:\\\/\\\/cardinal-tapes.com\\\/\",\"name\":\"cardinal TAPES\",\"description\":\"Klebetechnik aus Wuppertal\",\"potentialAction\":[{\"@type\":\"SearchAction\",\"target\":{\"@type\":\"EntryPoint\",\"urlTemplate\":\"https:\\\/\\\/cardinal-tapes.com\\\/?s={search_term_string}\"},\"query-input\":{\"@type\":\"PropertyValueSpecification\",\"valueRequired\":true,\"valueName\":\"search_term_string\"}}],\"inLanguage\":\"es\"}]}<\/script>\n<!-- \/ Yoast SEO plugin. -->","yoast_head_json":{"title":"3M 924 L\u00e1minas adhesivas sin soporte | Cintas cardinales","description":"Las l\u00e1minas adhesivas 3M 924 de adhesivo de acrilato de doble cara fuertemente adherente se caracterizan por su \u00f3ptima adherencia inmediata. Compru\u00e9belo usted mismo.","robots":{"index":"index","follow":"follow","max-snippet":"max-snippet:-1","max-image-preview":"max-image-preview:large","max-video-preview":"max-video-preview:-1"},"canonical":"https:\/\/cardinal-tapes.com\/es\/cintas-adhesivas\/cintas-adhesivas-de-doble-cara\/3m-924-peliculas-adhesivas-sin-soportes\/","og_locale":"es_ES","og_type":"article","og_title":"3M 924 L\u00e1minas adhesivas sin soporte | Cintas cardinales","og_description":"Las l\u00e1minas adhesivas 3M 924 de adhesivo de acrilato de doble cara fuertemente adherente se caracterizan por su \u00f3ptima adherencia inmediata. Compru\u00e9belo usted mismo.","og_url":"https:\/\/cardinal-tapes.com\/es\/cintas-adhesivas\/cintas-adhesivas-de-doble-cara\/3m-924-peliculas-adhesivas-sin-soportes\/","og_site_name":"cardinal TAPES","article_modified_time":"2025-07-02T10:55:55+00:00","og_image":[{"width":2560,"height":2550,"url":"https:\/\/cardinal-tapes.com\/wp-content\/uploads\/3m_atg_klebstoff-film_924-scaled.jpg","type":"image\/jpeg"}],"twitter_card":"summary_large_image","twitter_misc":{"Tiempo de lectura":"1 minuto"},"schema":{"@context":"https:\/\/schema.org","@graph":[{"@type":"WebPage","@id":"https:\/\/cardinal-tapes.com\/es\/cintas-adhesivas\/cintas-adhesivas-de-doble-cara\/3m-924-peliculas-adhesivas-sin-soportes\/","url":"https:\/\/cardinal-tapes.com\/es\/cintas-adhesivas\/cintas-adhesivas-de-doble-cara\/3m-924-peliculas-adhesivas-sin-soportes\/","name":"3M 924 L\u00e1minas adhesivas sin soporte | Cintas cardinales","isPartOf":{"@id":"https:\/\/cardinal-tapes.com\/#website"},"primaryImageOfPage":{"@id":"https:\/\/cardinal-tapes.com\/es\/cintas-adhesivas\/cintas-adhesivas-de-doble-cara\/3m-924-peliculas-adhesivas-sin-soportes\/#primaryimage"},"image":{"@id":"https:\/\/cardinal-tapes.com\/es\/cintas-adhesivas\/cintas-adhesivas-de-doble-cara\/3m-924-peliculas-adhesivas-sin-soportes\/#primaryimage"},"thumbnailUrl":"https:\/\/cardinal-tapes.com\/wp-content\/uploads\/3m_atg_klebstoff-film_924-scaled.jpg","datePublished":"2023-06-05T15:10:07+00:00","dateModified":"2025-07-02T10:55:55+00:00","description":"Las l\u00e1minas adhesivas 3M 924 de adhesivo de acrilato de doble cara fuertemente adherente se caracterizan por su \u00f3ptima adherencia inmediata. Compru\u00e9belo usted mismo.","breadcrumb":{"@id":"https:\/\/cardinal-tapes.com\/es\/cintas-adhesivas\/cintas-adhesivas-de-doble-cara\/3m-924-peliculas-adhesivas-sin-soportes\/#breadcrumb"},"inLanguage":"es","potentialAction":[{"@type":"ReadAction","target":["https:\/\/cardinal-tapes.com\/es\/cintas-adhesivas\/cintas-adhesivas-de-doble-cara\/3m-924-peliculas-adhesivas-sin-soportes\/"]}]},{"@type":"ImageObject","inLanguage":"es","@id":"https:\/\/cardinal-tapes.com\/es\/cintas-adhesivas\/cintas-adhesivas-de-doble-cara\/3m-924-peliculas-adhesivas-sin-soportes\/#primaryimage","url":"https:\/\/cardinal-tapes.com\/wp-content\/uploads\/3m_atg_klebstoff-film_924-scaled.jpg","contentUrl":"https:\/\/cardinal-tapes.com\/wp-content\/uploads\/3m_atg_klebstoff-film_924-scaled.jpg","width":2560,"height":2550,"caption":"Pel\u00edcula adhesiva 3M ATG 924"},{"@type":"BreadcrumbList","@id":"https:\/\/cardinal-tapes.com\/es\/cintas-adhesivas\/cintas-adhesivas-de-doble-cara\/3m-924-peliculas-adhesivas-sin-soportes\/#breadcrumb","itemListElement":[{"@type":"ListItem","position":1,"name":"Startseite","item":"https:\/\/cardinal-tapes.com\/es\/"},{"@type":"ListItem","position":2,"name":"Cintas adhesivas","item":"https:\/\/cardinal-tapes.com\/es\/cintas-adhesivas-es\/"},{"@type":"ListItem","position":3,"name":"Cintas adhesivas de doble cara","item":"https:\/\/cardinal-tapes.com\/es\/categora\/cintas-adhesivas-de-doble-cara\/"},{"@type":"ListItem","position":4,"name":"3M\u2122 Cinta de transferencia Scotch\u00ae ATG 924"}]},{"@type":"WebSite","@id":"https:\/\/cardinal-tapes.com\/#website","url":"https:\/\/cardinal-tapes.com\/","name":"cardinal TAPES","description":"Klebetechnik aus Wuppertal","potentialAction":[{"@type":"SearchAction","target":{"@type":"EntryPoint","urlTemplate":"https:\/\/cardinal-tapes.com\/?s={search_term_string}"},"query-input":{"@type":"PropertyValueSpecification","valueRequired":true,"valueName":"search_term_string"}}],"inLanguage":"es"}]}},"brands":[{"id":2169,"name":"3M","slug":"3m-es"}],"_links":{"self":[{"href":"https:\/\/cardinal-tapes.com\/es\/wp-json\/wp\/v2\/product\/51715","targetHints":{"allow":["GET"]}}],"collection":[{"href":"https:\/\/cardinal-tapes.com\/es\/wp-json\/wp\/v2\/product"}],"about":[{"href":"https:\/\/cardinal-tapes.com\/es\/wp-json\/wp\/v2\/types\/product"}],"wp:featuredmedia":[{"embeddable":true,"href":"https:\/\/cardinal-tapes.com\/es\/wp-json\/wp\/v2\/media\/27319"}],"wp:attachment":[{"href":"https:\/\/cardinal-tapes.com\/es\/wp-json\/wp\/v2\/media?parent=51715"}],"wp:term":[{"taxonomy":"pwb-brand","embeddable":true,"href":"https:\/\/cardinal-tapes.com\/es\/wp-json\/wp\/v2\/pwb-brand?post=51715"},{"taxonomy":"product_brand","embeddable":true,"href":"https:\/\/cardinal-tapes.com\/es\/wp-json\/wp\/v2\/product_brand?post=51715"},{"taxonomy":"product_cat","embeddable":true,"href":"https:\/\/cardinal-tapes.com\/es\/wp-json\/wp\/v2\/product_cat?post=51715"},{"taxonomy":"product_tag","embeddable":true,"href":"https:\/\/cardinal-tapes.com\/es\/wp-json\/wp\/v2\/product_tag?post=51715"}],"curies":[{"name":"wp","href":"https:\/\/api.w.org\/{rel}","templated":true}]}}